
{"id":21189,"date":"2025-02-25T10:06:15","date_gmt":"2025-02-25T09:06:15","guid":{"rendered":"https:\/\/aquacityhotel.sk\/promocje\/first-minute-leto-zlava\/"},"modified":"2026-04-14T08:54:13","modified_gmt":"2026-04-14T06:54:13","slug":"first-minute-lato-znizka","status":"publish","type":"page","link":"https:\/\/aquacityhotel.sk\/pl\/promocje\/first-minute-lato-znizka\/","title":{"rendered":"Letni pobyt"},"content":{"rendered":"<p>[vc_row row_content_width=&#8221;grid&#8221; css=&#8221;.vc_custom_1494578109812{padding-top: 110px !important;padding-bottom: 75px !important;}&#8221;][vc_column]<div class=\"mkdf-section-title-holder  mkdf-st-elegant  mkdf-st-title-left mkdf-st-normal-space \" >\n\t<div class=\"mkdf-st-inner\">\n\t\t\t\t\t<h6 class=\"mkdf-st-subtitle\" >\n\t\t\t\tZni\u017cka 15 %\t\t\t<\/h6>\n\t\t\t\t\t\t\t<h2 class=\"mkdf-st-title\" style=\"font-weight: 500\">\n\t\t\t\tFIRST MINUTE LETNI POBYT\t\t\t\t\t\t\t\t\t<span class=\"mkdf-st-e-separator\" ><\/span>\n\t\t\t\t\t\t\t<\/h2>\n\t\t\t\t\t\t\t\t\t<span class=\"mkdf-st-text\" style=\"line-height:30px;margin-top:15px\">\n\t\t\t\tFirst Minute pobyt letni \u2013 zarezerwuj pobyt do 30.04.2026 i skorzystaj z promocji 15% z kodem LETO15. Prze\u017cyj niezapomniane lato w hotelach AquaCity Poprad z wy\u017cywieniem w formie p\u00f3\u0142pensji, nielimitowanym dost\u0119pem do aquaparku i centrum wellness. Wej\u015bcie do aquaparku jest wliczone w cen\u0119 pobytu \u2014 r\u00f3wnie\u017c w dniu wyjazdu. Czekaj\u0105 na Was ca\u0142odzienne animacje i bogaty program weekendowy dla ca\u0142ej rodziny. Sprawd\u017a wi\u0119cej informacji i zarezerwuj pobyt. Podczas pobytu czeka na Ciebie nielimitowany dost\u0119p do aquaparku z 13 basenami termalnymi, zje\u017cd\u017calniami i wieloma atrakcjami rodzinnymi. Codziennie mo\u017cesz korzysta\u0107 z bogatego letniego programu animacyjnego, weekendowych koncert\u00f3w i atrakcji dla dzieci, relaksowa\u0107 si\u0119 w centrum wellness i cieszy\u0107 si\u0119 pe\u0142nym wypoczynkiem u st\u00f3p Tatr. Niezale\u017cnie od tego, czy szukasz rodzinnej zabawy czy relaksu we dwoje, lato w AquaCity Poprad b\u0119dzie pe\u0142ne niezapomnianych wra\u017ce\u0144. Nie przegap tej wyj\u0105tkowej oferty \u2013 zarezerwuj sw\u00f3j pobyt ju\u017c dzi\u015b!\t\t\t<\/span>\n\t\t\t<\/div>\n<\/div>[vc_separator][vc_empty_space height=&#8221;20px&#8221;]<div class=\"mkdf-image-gallery  mkdf-ig-grid-type  mkdf-image-behavior-lightbox \">\n\t<div class=\"mkdf-ig-inner mkdf-ig-grid mkdf-ig-four-columns mkdf-ig-small-space\">\n\t\t\t\t\t<div class=\"mkdf-ig-image\">\n\t\t\t\t<div class=\"mkdf-ig-image-inner\">\n\t\t\t\t\t\t\t\t\t\t\t<a itemprop=\"image\" class=\"mkdf-ig-lightbox\" href=\"https:\/\/aquacityhotel.sk\/wp-content\/uploads\/2024\/03\/AquaCity_Poprad_Leto_MH_web_108.jpg\" data-rel=\"prettyPhoto[image_gallery_pretty_photo-340]\" title=\"AquaCity_Poprad_Leto_MH_web_108\">\n\t\t\t\t\t\t\t\t\t\t\t<img loading=\"lazy\" decoding=\"async\" src=\"https:\/\/aquacityhotel.sk\/wp-content\/uploads\/2024\/03\/AquaCity_Poprad_Leto_MH_web_108-1920x1080.jpg\" alt=\"\" width=\"1920\" height=\"1080\" \/>\t\t\t\t\t\t\t\t\t\t\t<\/a>\n\t\t\t\t\t\t\t\t\t<\/div>\n\t\t\t<\/div>\n\t\t\t\t\t<div class=\"mkdf-ig-image\">\n\t\t\t\t<div class=\"mkdf-ig-image-inner\">\n\t\t\t\t\t\t\t\t\t\t\t<a itemprop=\"image\" class=\"mkdf-ig-lightbox\" href=\"https:\/\/aquacityhotel.sk\/wp-content\/uploads\/2024\/03\/AquaCity_Poprad_Leto_MH_web_096.jpg\" data-rel=\"prettyPhoto[image_gallery_pretty_photo-340]\" title=\"AquaCity_Poprad_Leto_MH_web_096\">\n\t\t\t\t\t\t\t\t\t\t\t<img loading=\"lazy\" decoding=\"async\" src=\"https:\/\/aquacityhotel.sk\/wp-content\/uploads\/2024\/03\/AquaCity_Poprad_Leto_MH_web_096-1920x1080.jpg\" alt=\"\" width=\"1920\" height=\"1080\" \/>\t\t\t\t\t\t\t\t\t\t\t<\/a>\n\t\t\t\t\t\t\t\t\t<\/div>\n\t\t\t<\/div>\n\t\t\t\t\t<div class=\"mkdf-ig-image\">\n\t\t\t\t<div class=\"mkdf-ig-image-inner\">\n\t\t\t\t\t\t\t\t\t\t\t<a itemprop=\"image\" class=\"mkdf-ig-lightbox\" href=\"https:\/\/aquacityhotel.sk\/wp-content\/uploads\/2024\/03\/AquaCity_Poprad_Leto_MH_web_054.jpg\" data-rel=\"prettyPhoto[image_gallery_pretty_photo-340]\" title=\"AquaCity_Poprad_Leto_MH_web_054\">\n\t\t\t\t\t\t\t\t\t\t\t<img loading=\"lazy\" decoding=\"async\" src=\"https:\/\/aquacityhotel.sk\/wp-content\/uploads\/2024\/03\/AquaCity_Poprad_Leto_MH_web_054-1920x1080.jpg\" alt=\"\" width=\"1920\" height=\"1080\" \/>\t\t\t\t\t\t\t\t\t\t\t<\/a>\n\t\t\t\t\t\t\t\t\t<\/div>\n\t\t\t<\/div>\n\t\t\t\t\t<div class=\"mkdf-ig-image\">\n\t\t\t\t<div class=\"mkdf-ig-image-inner\">\n\t\t\t\t\t\t\t\t\t\t\t<a itemprop=\"image\" class=\"mkdf-ig-lightbox\" href=\"https:\/\/aquacityhotel.sk\/wp-content\/uploads\/2024\/03\/AquaCity_Poprad_Leto_MH_web_032.jpg\" data-rel=\"prettyPhoto[image_gallery_pretty_photo-340]\" title=\"AquaCity_Poprad_Leto_MH_web_032\">\n\t\t\t\t\t\t\t\t\t\t\t<img loading=\"lazy\" decoding=\"async\" src=\"https:\/\/aquacityhotel.sk\/wp-content\/uploads\/2024\/03\/AquaCity_Poprad_Leto_MH_web_032-1920x1080.jpg\" alt=\"\" width=\"1920\" height=\"1080\" \/>\t\t\t\t\t\t\t\t\t\t\t<\/a>\n\t\t\t\t\t\t\t\t\t<\/div>\n\t\t\t<\/div>\n\t\t\t<\/div>\n<\/div><div class=\"mkdf-section-title-holder  mkdf-st-elegant  mkdf-st-title-left mkdf-st-normal-space \" >\n\t<div class=\"mkdf-st-inner\">\n\t\t\t\t\t<h6 class=\"mkdf-st-subtitle\" style=\"margin-bottom:2px\">\n\t\t\t\tPobyt obejmuje:\t\t\t<\/h6>\n\t\t\t\t\t\t\t\t\t\t\t<span class=\"mkdf-st-text\" style=\"line-height:30px;margin-top:15px\">\n\t\t\t\t\u2022 Zakwaterowanie (Hotel Mountain View****, Hotel Seasons****, Hotel Riverside ***)<br \/>\n\u2022 Pobyt dla dzieci do 6 lat za darmo bez prawa do \u0142\u00f3\u017cka<br \/>\n\u2022 Wy\u017cywienie \u2013 \u015bniadania i kolacje w formie bufetu (kolacje bez napoj\u00f3w)<br \/>\n\u2022 Nielimitowany dost\u0119p do Aquaparku (Hotel Mountain View****, Hotel Seasons****, Hotel Riverside ***) (Dost\u0119p do basen\u00f3w: zewn\u0119trzne baseny termalne, kryte baseny termalne Blue Diamond z barami, wewn\u0119trzny dzieci\u0119cy \u015bwiat Treasure Island \u2013 Wyspa Skarb\u00f3w, baseny Blue Sapphire, 50-metrowy basen p\u0142ywacki, Piramida Maj\u00f3w z 3 basenami i zje\u017cd\u017calniami, dmuchany Fun Park dla dzieci)<br \/>\n\u2022 Nielimitowany dost\u0119p do Fire &amp; Water Wellness &amp; Spa  (Hotel Mountain View****, Hotel Seasons****)(8 saun i inhalacji: ceremonia, solna, mentolowa, sucha, parowa i infrared sauna), basen relaksacyjny z jacuzzi i Zatok\u0105 Mi\u0142o\u015bci, jacuzzi, pokoje relaksacyjne, lodowa grota<br \/>\n\u2022 W dniu wyjazdu ca\u0142odniowy wst\u0119p do aquaparku i centrum wellness.<br \/>\n\u2022 Ca\u0142odzienne programy animacyjne dla dzieci i doros\u0142ych ka\u017cdego dnia od 27.06 do 31.08.2026<br \/>\n\u2022 Letnie programy w aquaparku w ka\u017cdy weekend od 1.07 do 31.08.2026 \u2013 bajkowe programy dla dzieci, koncerty, wyst\u0119py taneczne oraz wyst\u0119py dla dzieci<br \/>\n\u2022 Strze\u017cony parking<br \/>\n\u2022 Darmowe Wi-Fi<br \/>\n\u2022 Kawa i herbata w pokoju\t\t\t<\/span>\n\t\t\t<\/div>\n<\/div>[vc_empty_space height=&#8221;20px&#8221;][vc_separator]<div class=\"mkdf-section-title-holder  mkdf-st-elegant  mkdf-st-title-left mkdf-st-normal-space \" >\n\t<div class=\"mkdf-st-inner\">\n\t\t\t\t\t<h6 class=\"mkdf-st-subtitle\" style=\"margin-bottom:2px\">\n\t\t\t\tKalkulacja cenowa pobytu\t\t\t<\/h6>\n\t\t\t\t\t\t\t\t\t\t\t<span class=\"mkdf-st-text\" style=\"line-height:30px;margin-top:15px\">\n\t\t\t\t\u2022 First Minute pobyt letni \u2013 zarezerwuj pobyt do 30.04.2026 i skorzystaj z promocji 15% z kodem LETO15 na pobyty w terminie od 29.06 do 31.08.2026.<br \/>\n\u2022 Pobyt mo\u017cna zarezerwowa\u0107 wy\u0142\u0105cznie online, wpisuj\u0105c kod promocyjny LETO15.<br \/>\n\u2022 W ramach pakietu pobytowego otrzymasz dodatkowo ca\u0142odniowy dost\u0119p do Aquaparku i Centrum Wellness w dniu wyjazdu.\t\t\t<\/span>\n\t\t\t<\/div>\n<\/div>[vc_separator][\/vc_column][\/vc_row][vc_row row_content_width=&#8221;grid&#8221; css=&#8221;.vc_custom_1494246094601{padding-top: 20px !important;padding-bottom: 50px !important;}&#8221;][vc_column offset=&#8221;vc_col-lg-4 vc_col-md-12&#8243;]<div class=\"mkdf-iwt clearfix  mkdf-iwt-icon-left mkdf-iwt-icon-tiny mkdf-iwt-has-separator\">\n\t<div class=\"mkdf-iwt-icon\">\n\t\t\t\t\t<a itemprop=\"url\" href=\"https:\/\/aquacityhotel.sk\/pl\/przydatne-informacje\/\" target=\"_blank\">\n\t\t\t\t\t\t\t\t\t    <span class=\"mkdf-icon-shortcode mkdf-circle   mkdf-icon-tiny\" style=\"background-color: #333132\" data-hover-background-color=\"#c59d5f\">\n                    <i class=\"mkdf-icon-font-awesome fa fa-info mkdf-icon-element\" style=\"\" ><\/i>            <\/span>\n\t\t\t\t\t\t\t\t<\/a>\n\t\t\t<\/div>\n\t<div class=\"mkdf-iwt-content\" style=\"padding: 0px 50px 0 16px\">\n\t\t\t\t\t<h5 class=\"mkdf-iwt-title\" style=\"margin-top:12px\">\n\t\t\t\t\t\t\t\t\t<a itemprop=\"url\" href=\"https:\/\/aquacityhotel.sk\/pl\/przydatne-informacje\/\" target=\"_blank\">\n\t\t\t\t\t\t\t\t<span class=\"mkdf-iwt-title-text\">INFORMACJE O POBYCIE<\/span>\n\t\t\t\t\t\t\t\t\t<\/a>\n\t\t\t\t\t\t\t\t\t\t\t\t\t<span class=\"mkdf-iwt-small-separator\" ><\/span>\n\t\t\t\t\t\t\t<\/h5>\n\t\t\t\t\t\t\t\t\t<p class=\"mkdf-iwt-text\" >Najwa\u017cniejsze informacje dotycz\u0105ce pobytu w naszym hotelu.<\/p>\n\t\t\t\t\t\t\t<a itemprop=\"url\" href=\"https:\/\/aquacityhotel.sk\/pl\/przydatne-informacje\/\" target=\"_blank\" class=\"mkdf-iwt-link-text mkdf-btn mkdf-btn-simple\">\n\t\t\t\t<span class=\"mkdf-btn-text\">Wi\u0119cej informacji<\/span>\n\t\t\t<\/a>\n\t\t\t<\/div>\n<\/div>[vc_empty_space height=&#8221;66px&#8221;]<div class=\"mkdf-iwt clearfix  mkdf-iwt-icon-left mkdf-iwt-icon-tiny mkdf-iwt-has-separator\">\n\t<div class=\"mkdf-iwt-icon\">\n\t\t\t\t\t\t\t\t\t    <span class=\"mkdf-icon-shortcode mkdf-circle   mkdf-icon-tiny\" style=\"background-color: #333132\" data-hover-background-color=\"#c59d5f\">\n                    <i class=\"mkdf-icon-font-awesome fa fa-clock-o mkdf-icon-element\" style=\"\" ><\/i>            <\/span>\n\t\t\t\t\t\t<\/div>\n\t<div class=\"mkdf-iwt-content\" style=\"padding: 0px 50px 0 16px\">\n\t\t\t\t\t<h5 class=\"mkdf-iwt-title\" style=\"margin-top:12px\">\n\t\t\t\t\t\t\t\t<span class=\"mkdf-iwt-title-text\">LATE CHECK OUT<\/span>\n\t\t\t\t\t\t\t\t\t\t\t\t\t<span class=\"mkdf-iwt-small-separator\" ><\/span>\n\t\t\t\t\t\t\t<\/h5>\n\t\t\t\t\t\t\t\t\t<p class=\"mkdf-iwt-text\" >W przypadku zainteresowania wczesnym zameldowaniem (check \u2013 in) lub p\u00f3\u017anym wymeldowaniem (check \u2013 out) prosimy o kontakt z recepcj\u0105 hotelu. \u015awiadczenie takich dodatkowych us\u0142ug zale\u017cy od aktualnych mo\u017cliwo\u015bci operacyjnych i ob\u0142o\u017cenia hotelu.<\/p>\n\t\t\t\t\t<\/div>\n<\/div>[vc_empty_space height=&#8221;66px&#8221;][\/vc_column][vc_column offset=&#8221;vc_col-lg-4 vc_col-md-12&#8243;]<div class=\"mkdf-iwt clearfix  mkdf-iwt-icon-left mkdf-iwt-icon-tiny mkdf-iwt-has-separator\">\n\t<div class=\"mkdf-iwt-icon\">\n\t\t\t\t\t<a itemprop=\"url\" href=\"https:\/\/www.secure-hotel-booking.com\/aquapark-poprad-s-r-o\/2C4Z\/cs\/dateselection?sid=e2a1b910-4108-4ec2-ad64-83fe65d8e6d8\" target=\"_blank\">\n\t\t\t\t\t\t\t\t\t    <span class=\"mkdf-icon-shortcode mkdf-circle   mkdf-icon-tiny\" style=\"background-color: #333132\" data-hover-background-color=\"#c59d5f\">\n                    <i class=\"mkdf-icon-linear-icon lnr lnr-phone mkdf-icon-element\" style=\"\" ><\/i>            <\/span>\n\t\t\t\t\t\t\t\t<\/a>\n\t\t\t<\/div>\n\t<div class=\"mkdf-iwt-content\" style=\"padding: 0px 50px 0 16px\">\n\t\t\t\t\t<h5 class=\"mkdf-iwt-title\" style=\"margin-top:12px\">\n\t\t\t\t\t\t\t\t\t<a itemprop=\"url\" href=\"https:\/\/www.secure-hotel-booking.com\/aquapark-poprad-s-r-o\/2C4Z\/cs\/dateselection?sid=e2a1b910-4108-4ec2-ad64-83fe65d8e6d8\" target=\"_blank\">\n\t\t\t\t\t\t\t\t<span class=\"mkdf-iwt-title-text\">REZERWACJA POBYTU<\/span>\n\t\t\t\t\t\t\t\t\t<\/a>\n\t\t\t\t\t\t\t\t\t\t\t\t\t<span class=\"mkdf-iwt-small-separator\" ><\/span>\n\t\t\t\t\t\t\t<\/h5>\n\t\t\t\t\t\t\t\t\t<p class=\"mkdf-iwt-text\" >Email : recepcia@aquacity.sk Rezerwacje : + 421 910 802 309<\/p>\n\t\t\t\t\t\t\t<a itemprop=\"url\" href=\"https:\/\/www.secure-hotel-booking.com\/aquapark-poprad-s-r-o\/2C4Z\/cs\/dateselection?sid=e2a1b910-4108-4ec2-ad64-83fe65d8e6d8\" target=\"_blank\" class=\"mkdf-iwt-link-text mkdf-btn mkdf-btn-simple\">\n\t\t\t\t<span class=\"mkdf-btn-text\">Rezerwacja online tutaj<\/span>\n\t\t\t<\/a>\n\t\t\t<\/div>\n<\/div>[vc_empty_space height=&#8221;66px&#8221;]<div class=\"mkdf-iwt clearfix  mkdf-iwt-icon-left mkdf-iwt-icon-tiny mkdf-iwt-has-separator\">\n\t<div class=\"mkdf-iwt-icon\">\n\t\t\t\t\t<a itemprop=\"url\" href=\"https:\/\/aquacityhotel.sk\/pl\/program-lojalnosciowy\/\" target=\"_blank\">\n\t\t\t\t\t\t\t\t\t    <span class=\"mkdf-icon-shortcode mkdf-circle   mkdf-icon-tiny\" style=\"background-color: #333132\" data-hover-background-color=\"#c59d5f\">\n                    <span aria-hidden=\"true\" class=\"mkdf-icon-font-elegant icon_check mkdf-icon-element\" style=\"\" ><\/span>            <\/span>\n\t\t\t\t\t\t\t\t<\/a>\n\t\t\t<\/div>\n\t<div class=\"mkdf-iwt-content\" style=\"padding: 0px 50px 0 16px\">\n\t\t\t\t\t<h5 class=\"mkdf-iwt-title\" style=\"margin-top:12px\">\n\t\t\t\t\t\t\t\t\t<a itemprop=\"url\" href=\"https:\/\/aquacityhotel.sk\/pl\/program-lojalnosciowy\/\" target=\"_blank\">\n\t\t\t\t\t\t\t\t<span class=\"mkdf-iwt-title-text\">PROGRAM LOJALNO\u015aCIOWY<\/span>\n\t\t\t\t\t\t\t\t\t<\/a>\n\t\t\t\t\t\t\t\t\t\t\t\t\t<span class=\"mkdf-iwt-small-separator\" ><\/span>\n\t\t\t\t\t\t\t<\/h5>\n\t\t\t\t\t\t\t\t\t<p class=\"mkdf-iwt-text\" >Korzystny program lojalno\u015bciowy z natychmiastow\u0105 zni\u017ck\u0105 8 \u2013 20%. Ekskluzywne oferty, ciekawe promocje w Aquaparku, promocje na pakiety hotelowe, zni\u017cki urodzinowe, zni\u017cki w lokalach gastronomicznych, gabinetach masa\u017cu itp.<\/p>\n\t\t\t\t\t\t\t<a itemprop=\"url\" href=\"https:\/\/aquacityhotel.sk\/pl\/program-lojalnosciowy\/\" target=\"_blank\" class=\"mkdf-iwt-link-text mkdf-btn mkdf-btn-simple\">\n\t\t\t\t<span class=\"mkdf-btn-text\">Wi\u0119cej informacji<\/span>\n\t\t\t<\/a>\n\t\t\t<\/div>\n<\/div>[vc_empty_space height=&#8221;66px&#8221;][\/vc_column][vc_column offset=&#8221;vc_col-lg-4 vc_col-md-12&#8243;]<div class=\"mkdf-iwt clearfix  mkdf-iwt-icon-left mkdf-iwt-icon-tiny mkdf-iwt-has-separator\">\n\t<div class=\"mkdf-iwt-icon\">\n\t\t\t\t\t\t\t\t\t    <span class=\"mkdf-icon-shortcode mkdf-circle   mkdf-icon-tiny\" style=\"background-color: #333132\" data-hover-background-color=\"#c59d5f\">\n                    <i class=\"mkdf-icon-font-awesome fa fa-calendar mkdf-icon-element\" style=\"\" ><\/i>            <\/span>\n\t\t\t\t\t\t<\/div>\n\t<div class=\"mkdf-iwt-content\" style=\"padding: 0 50px 0 16px\">\n\t\t\t\t\t<h5 class=\"mkdf-iwt-title\" style=\"margin-top:12px\">\n\t\t\t\t\t\t\t\t<span class=\"mkdf-iwt-title-text\">CZAS OBOWI\u0104ZYWANIA OFERTY<\/span>\n\t\t\t\t\t\t\t\t\t\t\t\t\t<span class=\"mkdf-iwt-small-separator\" ><\/span>\n\t\t\t\t\t\t\t<\/h5>\n\t\t\t\t\t\t\t\t\t<p class=\"mkdf-iwt-text\" >Pobyt mo\u017cna zarezerwowa\u0107 wy\u0142\u0105cznie online, wpisuj\u0105c kod promocyjny LETO15. W pakiecie pobytowym dodatkowo otrzymujesz mo\u017cliwo\u015b\u0107 korzystania z Aquaparku i centrum Wellness przez ca\u0142y dzie\u0144 w dniu wyjazdu.<\/p>\n\t\t\t\t\t<\/div>\n<\/div>[vc_empty_space height=&#8221;66px&#8221;]<div class=\"mkdf-iwt clearfix  mkdf-iwt-icon-left mkdf-iwt-icon-tiny mkdf-iwt-has-separator\">\n\t<div class=\"mkdf-iwt-icon\">\n\t\t\t\t\t\t\t\t\t    <span class=\"mkdf-icon-shortcode mkdf-circle   mkdf-icon-tiny\" style=\"background-color: #333132\" data-hover-background-color=\"#c59d5f\">\n                    <i class=\"mkdf-icon-linear-icon lnr lnr-home mkdf-icon-element\" style=\"\" ><\/i>            <\/span>\n\t\t\t\t\t\t<\/div>\n\t<div class=\"mkdf-iwt-content\" style=\"padding: 0px 50px 0 16px\">\n\t\t\t\t\t<h5 class=\"mkdf-iwt-title\" style=\"margin-top:12px\">\n\t\t\t\t\t\t\t\t<span class=\"mkdf-iwt-title-text\">POZOSTA\u0141E KATEGORIE POKOJ\u00d3W<\/span>\n\t\t\t\t\t\t\t\t\t\t\t\t\t<span class=\"mkdf-iwt-small-separator\" ><\/span>\n\t\t\t\t\t\t\t<\/h5>\n\t\t\t\t\t\t\t\t\t<p class=\"mkdf-iwt-text\" >\u0141\u00f3\u017ceczko dzieci\u0119ce - bezp\u0142atnie, a dzieci do lat 6 bez dodatkowego \u0142\u00f3\u017cka bezp\u0142atnie.<\/p>\n\t\t\t\t\t<\/div>\n<\/div>[vc_empty_space height=&#8221;66px&#8221;][\/vc_column][\/vc_row][vc_row row_content_width=&#8221;grid&#8221; simple_background_color=&#8221;#c59d5f&#8221; css=&#8221;.vc_custom_1513334573397{padding-top: 70px !important;padding-bottom: 70px !important;}&#8221;][vc_column]<div class=\"mkdf-call-to-action-holder  mkdf-normal-layout  mkdf-three-quarters-columns\">\n\t<div class=\"mkdf-cta-inner \">\n\t\t<div class=\"mkdf-cta-text-holder\">\n\t\t\t<div class=\"mkdf-cta-text\"><em><span style=\"color: #ffffff;\">Najlepsza cena i oferta na pobyt tylko u nas<\/span><\/em><\/p>\n<h3><span style=\"color: #ffffff;\">REZERWACJA ONLINE <\/span><\/h3>\n<\/div>\n\t\t<\/div>\n\t\t<div class=\"mkdf-cta-button-holder\" >\n\t\t\t<div class=\"mkdf-cta-button\"><a itemprop=\"url\" href=\"https:\/\/www.secure-hotel-booking.com\/aquapark-poprad-s-r-o\/2C4Z\/sk-SK\/dateselection?sid=b5d91b89-d435-462c-bb19-dc5b24c1fb3f\" target=\"_blank\"  class=\"mkdf-btn mkdf-btn-medium mkdf-btn-solid mkdf-btn-custom-hover-bg mkdf-btn-custom-hover-color mkdf-btn-icon\" data-hover-color=\"#333132\" data-hover-bg-color=\"#ffffff\" >    <span class=\"mkdf-btn-text\">Rezerwacja online tutaj<\/span>    <i class=\"mkdf-icon-linear-icon lnr lnr-arrow-right \" ><\/i><\/a><\/div>\n\t\t<\/div>\n\t<\/div>\n<\/div>[\/vc_column][\/vc_row]<\/p>\n","protected":false},"excerpt":{"rendered":"<p>[vc_row row_content_width=&#8221;grid&#8221; css=&#8221;.vc_custom_1494578109812{padding-top: 110px !important;padding-bottom: 75px !important;}&#8221;][vc_column][vc_separator][vc_empty_space height=&#8221;20px&#8221;][vc_empty_space height=&#8221;20px&#8221;][vc_separator][vc_separator][\/vc_column][\/vc_row][vc_row row_content_width=&#8221;grid&#8221; css=&#8221;.vc_custom_1494246094601{padding-top: 20px !important;padding-bottom: 50px !important;}&#8221;][vc_column offset=&#8221;vc_col-lg-4 vc_col-md-12&#8243;][vc_empty_space height=&#8221;66px&#8221;][vc_empty_space height=&#8221;66px&#8221;][\/vc_column][vc_column offset=&#8221;vc_col-lg-4 vc_col-md-12&#8243;][vc_empty_space height=&#8221;66px&#8221;][vc_empty_space height=&#8221;66px&#8221;][\/vc_column][vc_column offset=&#8221;vc_col-lg-4 vc_col-md-12&#8243;][vc_empty_space height=&#8221;66px&#8221;][vc_empty_space height=&#8221;66px&#8221;][\/vc_column][\/vc_row][vc_row row_content_width=&#8221;grid&#8221; simple_background_color=&#8221;#c59d5f&#8221; css=&#8221;.vc_custom_1513334573397{padding-top: 70px !important;padding-bottom: 70px !important;}&#8221;][vc_column][\/vc_column][\/vc_row]<\/p>\n","protected":false},"author":2,"featured_media":0,"parent":15409,"menu_order":0,"comment_status":"closed","ping_status":"closed","template":"full-width.php","meta":{"inline_featured_image":false,"footnotes":"","_wp_rev_ctl_limit":""},"class_list":["post-21189","page","type-page","status-publish","hentry"],"yoast_head":"<!-- This site is optimized with the Yoast SEO plugin v26.4 - https:\/\/yoast.com\/wordpress\/plugins\/seo\/ -->\n<title>Letni pobyt - Aquacity Hotel<\/title>\n<meta name=\"robots\" content=\"index, follow, max-snippet:-1, max-image-preview:large, max-video-preview:-1\" \/>\n<link rel=\"canonical\" href=\"https:\/\/aquacityhotel.sk\/pobytove-baliky\/first-minute-leto-zlava\/\" \/>\n<meta property=\"og:locale\" content=\"pl_PL\" \/>\n<meta property=\"og:type\" content=\"article\" \/>\n<meta property=\"og:title\" content=\"Letni pobyt - Aquacity Hotel\" \/>\n<meta property=\"og:description\" content=\"[vc_row row_content_width=&#8221;grid&#8221; css=&#8221;.vc_custom_1494578109812{padding-top: 110px !important;padding-bottom: 75px !important;}&#8221;][vc_column][vc_separator][vc_empty_space height=&#8221;20px&#8221;][vc_empty_space height=&#8221;20px&#8221;][vc_separator][vc_separator][\/vc_column][\/vc_row][vc_row row_content_width=&#8221;grid&#8221; css=&#8221;.vc_custom_1494246094601{padding-top: 20px !important;padding-bottom: 50px !important;}&#8221;][vc_column offset=&#8221;vc_col-lg-4 vc_col-md-12&#8243;][vc_empty_space height=&#8221;66px&#8221;][vc_empty_space height=&#8221;66px&#8221;][\/vc_column][vc_column offset=&#8221;vc_col-lg-4 vc_col-md-12&#8243;][vc_empty_space height=&#8221;66px&#8221;][vc_empty_space height=&#8221;66px&#8221;][\/vc_column][vc_column offset=&#8221;vc_col-lg-4 vc_col-md-12&#8243;][vc_empty_space height=&#8221;66px&#8221;][vc_empty_space height=&#8221;66px&#8221;][\/vc_column][\/vc_row][vc_row row_content_width=&#8221;grid&#8221; simple_background_color=&#8221;#c59d5f&#8221; css=&#8221;.vc_custom_1513334573397{padding-top: 70px !important;padding-bottom: 70px !important;}&#8221;][vc_column][\/vc_column][\/vc_row]\" \/>\n<meta property=\"og:url\" content=\"https:\/\/aquacityhotel.sk\/pobytove-baliky\/first-minute-leto-zlava\/\" \/>\n<meta property=\"og:site_name\" content=\"Aquacity Hotel\" \/>\n<meta property=\"article:modified_time\" content=\"2026-04-14T06:54:13+00:00\" \/>\n<meta name=\"twitter:card\" content=\"summary_large_image\" \/>\n<meta name=\"twitter:label1\" content=\"Szacowany czas czytania\" \/>\n\t<meta name=\"twitter:data1\" content=\"4 minuty\" \/>\n<script type=\"application\/ld+json\" class=\"yoast-schema-graph\">{\"@context\":\"https:\/\/schema.org\",\"@graph\":[{\"@type\":\"WebPage\",\"@id\":\"https:\/\/aquacityhotel.sk\/pobytove-baliky\/first-minute-leto-zlava\/\",\"url\":\"https:\/\/aquacityhotel.sk\/pobytove-baliky\/first-minute-leto-zlava\/\",\"name\":\"Letni pobyt - Aquacity Hotel\",\"isPartOf\":{\"@id\":\"https:\/\/aquacityhotel.sk\/#website\"},\"datePublished\":\"2025-02-25T09:06:15+00:00\",\"dateModified\":\"2026-04-14T06:54:13+00:00\",\"breadcrumb\":{\"@id\":\"https:\/\/aquacityhotel.sk\/pobytove-baliky\/first-minute-leto-zlava\/#breadcrumb\"},\"inLanguage\":\"pl-PL\",\"potentialAction\":[{\"@type\":\"ReadAction\",\"target\":[\"https:\/\/aquacityhotel.sk\/pobytove-baliky\/first-minute-leto-zlava\/\"]}]},{\"@type\":\"BreadcrumbList\",\"@id\":\"https:\/\/aquacityhotel.sk\/pobytove-baliky\/first-minute-leto-zlava\/#breadcrumb\",\"itemListElement\":[{\"@type\":\"ListItem\",\"position\":1,\"name\":\"Domovsk\u00e1 str\u00e1nka\",\"item\":\"https:\/\/aquacityhotel.sk\/\"},{\"@type\":\"ListItem\",\"position\":2,\"name\":\"Promocje\",\"item\":\"https:\/\/aquacityhotel.sk\/pl\/promocje\/\"},{\"@type\":\"ListItem\",\"position\":3,\"name\":\"Letni pobyt\"}]},{\"@type\":\"WebSite\",\"@id\":\"https:\/\/aquacityhotel.sk\/#website\",\"url\":\"https:\/\/aquacityhotel.sk\/\",\"name\":\"Aquacity Hotel\",\"description\":\"Ubytovanie Vysok\u00e9 Tatry Slovensko\",\"potentialAction\":[{\"@type\":\"SearchAction\",\"target\":{\"@type\":\"EntryPoint\",\"urlTemplate\":\"https:\/\/aquacityhotel.sk\/?s={search_term_string}\"},\"query-input\":{\"@type\":\"PropertyValueSpecification\",\"valueRequired\":true,\"valueName\":\"search_term_string\"}}],\"inLanguage\":\"pl-PL\"}]}<\/script>\n<!-- \/ Yoast SEO plugin. -->","yoast_head_json":{"title":"Letni pobyt - Aquacity Hotel","robots":{"index":"index","follow":"follow","max-snippet":"max-snippet:-1","max-image-preview":"max-image-preview:large","max-video-preview":"max-video-preview:-1"},"canonical":"https:\/\/aquacityhotel.sk\/pobytove-baliky\/first-minute-leto-zlava\/","og_locale":"pl_PL","og_type":"article","og_title":"Letni pobyt - Aquacity Hotel","og_description":"[vc_row row_content_width=&#8221;grid&#8221; css=&#8221;.vc_custom_1494578109812{padding-top: 110px !important;padding-bottom: 75px !important;}&#8221;][vc_column][vc_separator][vc_empty_space height=&#8221;20px&#8221;][vc_empty_space height=&#8221;20px&#8221;][vc_separator][vc_separator][\/vc_column][\/vc_row][vc_row row_content_width=&#8221;grid&#8221; css=&#8221;.vc_custom_1494246094601{padding-top: 20px !important;padding-bottom: 50px !important;}&#8221;][vc_column offset=&#8221;vc_col-lg-4 vc_col-md-12&#8243;][vc_empty_space height=&#8221;66px&#8221;][vc_empty_space height=&#8221;66px&#8221;][\/vc_column][vc_column offset=&#8221;vc_col-lg-4 vc_col-md-12&#8243;][vc_empty_space height=&#8221;66px&#8221;][vc_empty_space height=&#8221;66px&#8221;][\/vc_column][vc_column offset=&#8221;vc_col-lg-4 vc_col-md-12&#8243;][vc_empty_space height=&#8221;66px&#8221;][vc_empty_space height=&#8221;66px&#8221;][\/vc_column][\/vc_row][vc_row row_content_width=&#8221;grid&#8221; simple_background_color=&#8221;#c59d5f&#8221; css=&#8221;.vc_custom_1513334573397{padding-top: 70px !important;padding-bottom: 70px !important;}&#8221;][vc_column][\/vc_column][\/vc_row]","og_url":"https:\/\/aquacityhotel.sk\/pobytove-baliky\/first-minute-leto-zlava\/","og_site_name":"Aquacity Hotel","article_modified_time":"2026-04-14T06:54:13+00:00","twitter_card":"summary_large_image","twitter_misc":{"Szacowany czas czytania":"4 minuty"},"schema":{"@context":"https:\/\/schema.org","@graph":[{"@type":"WebPage","@id":"https:\/\/aquacityhotel.sk\/pobytove-baliky\/first-minute-leto-zlava\/","url":"https:\/\/aquacityhotel.sk\/pobytove-baliky\/first-minute-leto-zlava\/","name":"Letni pobyt - Aquacity Hotel","isPartOf":{"@id":"https:\/\/aquacityhotel.sk\/#website"},"datePublished":"2025-02-25T09:06:15+00:00","dateModified":"2026-04-14T06:54:13+00:00","breadcrumb":{"@id":"https:\/\/aquacityhotel.sk\/pobytove-baliky\/first-minute-leto-zlava\/#breadcrumb"},"inLanguage":"pl-PL","potentialAction":[{"@type":"ReadAction","target":["https:\/\/aquacityhotel.sk\/pobytove-baliky\/first-minute-leto-zlava\/"]}]},{"@type":"BreadcrumbList","@id":"https:\/\/aquacityhotel.sk\/pobytove-baliky\/first-minute-leto-zlava\/#breadcrumb","itemListElement":[{"@type":"ListItem","position":1,"name":"Domovsk\u00e1 str\u00e1nka","item":"https:\/\/aquacityhotel.sk\/"},{"@type":"ListItem","position":2,"name":"Promocje","item":"https:\/\/aquacityhotel.sk\/pl\/promocje\/"},{"@type":"ListItem","position":3,"name":"Letni pobyt"}]},{"@type":"WebSite","@id":"https:\/\/aquacityhotel.sk\/#website","url":"https:\/\/aquacityhotel.sk\/","name":"Aquacity Hotel","description":"Ubytovanie Vysok\u00e9 Tatry Slovensko","potentialAction":[{"@type":"SearchAction","target":{"@type":"EntryPoint","urlTemplate":"https:\/\/aquacityhotel.sk\/?s={search_term_string}"},"query-input":{"@type":"PropertyValueSpecification","valueRequired":true,"valueName":"search_term_string"}}],"inLanguage":"pl-PL"}]}},"_links":{"self":[{"href":"https:\/\/aquacityhotel.sk\/pl\/wp-json\/wp\/v2\/pages\/21189","targetHints":{"allow":["GET"]}}],"collection":[{"href":"https:\/\/aquacityhotel.sk\/pl\/wp-json\/wp\/v2\/pages"}],"about":[{"href":"https:\/\/aquacityhotel.sk\/pl\/wp-json\/wp\/v2\/types\/page"}],"author":[{"embeddable":true,"href":"https:\/\/aquacityhotel.sk\/pl\/wp-json\/wp\/v2\/users\/2"}],"replies":[{"embeddable":true,"href":"https:\/\/aquacityhotel.sk\/pl\/wp-json\/wp\/v2\/comments?post=21189"}],"version-history":[{"count":22,"href":"https:\/\/aquacityhotel.sk\/pl\/wp-json\/wp\/v2\/pages\/21189\/revisions"}],"predecessor-version":[{"id":22198,"href":"https:\/\/aquacityhotel.sk\/pl\/wp-json\/wp\/v2\/pages\/21189\/revisions\/22198"}],"up":[{"embeddable":true,"href":"https:\/\/aquacityhotel.sk\/pl\/wp-json\/wp\/v2\/pages\/15409"}],"wp:attachment":[{"href":"https:\/\/aquacityhotel.sk\/pl\/wp-json\/wp\/v2\/media?parent=21189"}],"curies":[{"name":"wp","href":"https:\/\/api.w.org\/{rel}","templated":true}]}}