
{"id":18022,"date":"2021-10-16T20:11:15","date_gmt":"2021-10-16T18:11:15","guid":{"rendered":"https:\/\/aquacityhotel.sk\/promocje\/first-minute-januarova-lyzovacka\/"},"modified":"2026-03-04T12:33:08","modified_gmt":"2026-03-04T11:33:08","slug":"first-minute","status":"publish","type":"page","link":"https:\/\/aquacityhotel.sk\/pl\/promocje\/first-minute\/","title":{"rendered":"POBYT WELLNESS"},"content":{"rendered":"<p>[vc_row row_content_width=&#8221;grid&#8221; css=&#8221;.vc_custom_1494578109812{padding-top: 110px !important;padding-bottom: 75px !important;}&#8221;][vc_column]<div class=\"mkdf-section-title-holder  mkdf-st-elegant  mkdf-st-title-left mkdf-st-normal-space \" >\n\t<div class=\"mkdf-st-inner\">\n\t\t\t\t\t<h6 class=\"mkdf-st-subtitle\" >\n\t\t\t\tUrlop w Tatrach w najlepszej cenie - trzeci nocleg otrzymasz gratis.\t\t\t<\/h6>\n\t\t\t\t\t\t\t<h2 class=\"mkdf-st-title\" style=\"font-weight: 500\">\n\t\t\t\tPOBYT WELLNESS\t\t\t\t\t\t\t\t\t<span class=\"mkdf-st-e-separator\" ><\/span>\n\t\t\t\t\t\t\t<\/h2>\n\t\t\t\t\t\t\t\t\t<span class=\"mkdf-st-text\" style=\"line-height:30px;margin-top:15px\">\n\t\t\t\tZarezerwuj sw\u00f3j pobyt w Tatrach i otrzymaj 3. noc gratis. Zaoszcz\u0119d\u017a i pozw\u00f3l sobie na wi\u0119cej relaksu w korzystnej cenie. Promocja obowi\u0105zuje przy rezerwacji na pobyty od 8 marca do 26 czerwca 2026 (z wyj\u0105tkiem terminu od 3 do 6 kwietnia 2026). Nie przegap idealnej okazji, aby przed\u0142u\u017cy\u0107 sw\u00f3j relaks w AquaCity Poprad.\t\t\t<\/span>\n\t\t\t<\/div>\n<\/div>[vc_separator][vc_empty_space height=&#8221;20px&#8221;]<div class=\"mkdf-image-gallery  mkdf-ig-grid-type  mkdf-image-behavior-lightbox \">\n\t<div class=\"mkdf-ig-inner mkdf-ig-grid mkdf-ig-four-columns mkdf-ig-small-space\">\n\t\t\t\t\t<div class=\"mkdf-ig-image\">\n\t\t\t\t<div class=\"mkdf-ig-image-inner\">\n\t\t\t\t\t\t\t\t\t\t\t<a itemprop=\"image\" class=\"mkdf-ig-lightbox\" href=\"https:\/\/aquacityhotel.sk\/wp-content\/uploads\/2023\/03\/c-Marek-Hajkovsky-foto-AQUACITY-2022_136.jpg\" data-rel=\"prettyPhoto[image_gallery_pretty_photo-406]\" title=\"c Marek Hajkovsky foto AQUACITY 2022_136\">\n\t\t\t\t\t\t\t\t\t\t\t<img loading=\"lazy\" decoding=\"async\" src=\"https:\/\/aquacityhotel.sk\/wp-content\/uploads\/2023\/03\/c-Marek-Hajkovsky-foto-AQUACITY-2022_136-1920x1080.jpg\" alt=\"\" width=\"1920\" height=\"1080\" \/>\t\t\t\t\t\t\t\t\t\t\t<\/a>\n\t\t\t\t\t\t\t\t\t<\/div>\n\t\t\t<\/div>\n\t\t\t\t\t<div class=\"mkdf-ig-image\">\n\t\t\t\t<div class=\"mkdf-ig-image-inner\">\n\t\t\t\t\t\t\t\t\t\t\t<a itemprop=\"image\" class=\"mkdf-ig-lightbox\" href=\"https:\/\/aquacityhotel.sk\/wp-content\/uploads\/2023\/03\/c-Marek-Hajkovsky-foto-AQUACITY-2022_133-1.jpg\" data-rel=\"prettyPhoto[image_gallery_pretty_photo-406]\" title=\"c Marek Hajkovsky foto AQUACITY 2022_133\">\n\t\t\t\t\t\t\t\t\t\t\t<img loading=\"lazy\" decoding=\"async\" src=\"https:\/\/aquacityhotel.sk\/wp-content\/uploads\/2023\/03\/c-Marek-Hajkovsky-foto-AQUACITY-2022_133-1-1920x1080.jpg\" alt=\"\" width=\"1920\" height=\"1080\" \/>\t\t\t\t\t\t\t\t\t\t\t<\/a>\n\t\t\t\t\t\t\t\t\t<\/div>\n\t\t\t<\/div>\n\t\t\t\t\t<div class=\"mkdf-ig-image\">\n\t\t\t\t<div class=\"mkdf-ig-image-inner\">\n\t\t\t\t\t\t\t\t\t\t\t<a itemprop=\"image\" class=\"mkdf-ig-lightbox\" href=\"https:\/\/aquacityhotel.sk\/wp-content\/uploads\/2023\/03\/c-Marek-Hajkovsky-foto-AQUACITY-2022_217.jpg\" data-rel=\"prettyPhoto[image_gallery_pretty_photo-406]\" title=\"c Marek Hajkovsky foto AQUACITY 2022_217\">\n\t\t\t\t\t\t\t\t\t\t\t<img loading=\"lazy\" decoding=\"async\" src=\"https:\/\/aquacityhotel.sk\/wp-content\/uploads\/2023\/03\/c-Marek-Hajkovsky-foto-AQUACITY-2022_217-1920x1080.jpg\" alt=\"\" width=\"1920\" height=\"1080\" \/>\t\t\t\t\t\t\t\t\t\t\t<\/a>\n\t\t\t\t\t\t\t\t\t<\/div>\n\t\t\t<\/div>\n\t\t\t\t\t<div class=\"mkdf-ig-image\">\n\t\t\t\t<div class=\"mkdf-ig-image-inner\">\n\t\t\t\t\t\t\t\t\t\t\t<a itemprop=\"image\" class=\"mkdf-ig-lightbox\" href=\"https:\/\/aquacityhotel.sk\/wp-content\/uploads\/2023\/03\/c-Marek-Hajkovsky-foto-AQUACITY-2022_185.jpg\" data-rel=\"prettyPhoto[image_gallery_pretty_photo-406]\" title=\"c Marek Hajkovsky foto AQUACITY 2022_185\">\n\t\t\t\t\t\t\t\t\t\t\t<img loading=\"lazy\" decoding=\"async\" src=\"https:\/\/aquacityhotel.sk\/wp-content\/uploads\/2023\/03\/c-Marek-Hajkovsky-foto-AQUACITY-2022_185-1920x1080.jpg\" alt=\"\" width=\"1920\" height=\"1080\" \/>\t\t\t\t\t\t\t\t\t\t\t<\/a>\n\t\t\t\t\t\t\t\t\t<\/div>\n\t\t\t<\/div>\n\t\t\t<\/div>\n<\/div><div class=\"mkdf-section-title-holder  mkdf-st-elegant  mkdf-st-title-left mkdf-st-normal-space \" >\n\t<div class=\"mkdf-st-inner\">\n\t\t\t\t\t<h6 class=\"mkdf-st-subtitle\" style=\"margin-bottom:2px\">\n\t\t\t\tPobyt w hotelu MOUNTAIN VIEW **** albo SEASONS **** obejmuje:\t\t\t<\/h6>\n\t\t\t\t\t\t\t\t\t\t\t<span class=\"mkdf-st-text\" style=\"line-height:30px;margin-top:15px\">\n\t\t\t\t\u2022 zakwaterowanie<br \/>\n\u2022 WY\u017bYWIENIE HB - \u015bniadania i obiadokolacje w formie szwedzkich sto\u0142\u00f3w (obiadokolacje bez napoj\u00f3w)<br \/>\n\u2022 Go\u015bcie hotelu Seasons i Mountain View maj\u0105 nielimitowany wst\u0119p do aquaparku i strefy wellness przez ca\u0142y pobyt oraz w dniu wyjazdu.<br \/>\n\u2022 HOTEL SEASONS ****, HOTEL MOUNTAIN VIEW ****, HOTEL RIVERSIDE *** - bezp\u0142atny wst\u0119p do Aquaparku z krytymi i zewn\u0119trznymi basenami termalnymi i zje\u017cd\u017calniami, basenem dla dzieci Treasure Island \u2013 Wyspa skarb\u00f3w, basenami termalnymi Blue Diamond, basenami relaksacyjnymi Blue Sapphire z chromoterapi\u0105, centrum fitness, 50m basen i sauna parowa<br \/>\n\u2022 HOTEL SEASONS ****, HOTEL MOUNTAIN VIEW **** - bezp\u0142atny wst\u0119p do Fire &amp; Water Wellness &amp; Spa centrum : 8 saun i inhalacji (ceremonialna, solna, mentolowa, parowam sucha, infra sauna), prywatny basen relaksacyjny z jacuzzi, dyszami do masa\u017cu i zatok\u0105 mi\u0142o\u015bci, jacuzzi, pomieszczenia relaksacyjne, jaskinia \u015bnie\u017cna.<br \/>\n\u2022 centrum fitness<br \/>\n\u2022 weekendowe programy animacyjne<br \/>\n\u2022 parking strze\u017cony<br \/>\n\u2022 bezp\u0142atne Wi-Fi\t\t\t<\/span>\n\t\t\t<\/div>\n<\/div>[vc_empty_space height=&#8221;20px&#8221;][vc_separator]<div class=\"mkdf-section-title-holder  mkdf-st-elegant  mkdf-st-title-left mkdf-st-normal-space \" >\n\t<div class=\"mkdf-st-inner\">\n\t\t\t\t\t<h6 class=\"mkdf-st-subtitle\" style=\"margin-bottom:2px\">\n\t\t\t\tKalkulacja cenowa :\t\t\t<\/h6>\n\t\t\t\t\t\t\t\t\t\t\t<span class=\"mkdf-st-text\" style=\"line-height:30px;margin-top:15px\">\n\t\t\t\t\u2022 Promocja obowi\u0105zuje przy rezerwacji poprzez nasz system rezerwacji on-line \u2013 rezerwacja. W hotelach stosujemy elastyczne ceny<br \/>\n\u2022 Promocja obowi\u0105zuje przy rezerwacji na pobyty od 8 marca do 26 czerwca 2026 (z wyj\u0105tkiem terminu od 3 do 6 kwietnia 2026)<br \/>\n\u2022 Dzieci do lat 6 bez prawa do \u0142\u00f3\u017cka bezp\u0142atnie. W sprawie innych kategorii pokoi prosimy o kontakt<br \/>\n\u2022 Pobyty promocyjne mo\u017cna wykupi\u0107 z kart\u0105 klubow\u0105 AquaCity Poprad. Kart\u0119 mo\u017cesz wyda\u0107 wcze\u015bniej online w naszym sklepie internetowym shop.aquacity.sk lub po przyje\u017adzie na miejsce pobytu\t\t\t<\/span>\n\t\t\t<\/div>\n<\/div>[\/vc_column][\/vc_row][vc_row row_content_width=&#8221;grid&#8221; css=&#8221;.vc_custom_1494246094601{padding-top: 20px !important;padding-bottom: 50px !important;}&#8221;][vc_column offset=&#8221;vc_col-lg-4 vc_col-md-12&#8243;]<div class=\"mkdf-iwt clearfix  mkdf-iwt-icon-left mkdf-iwt-icon-tiny mkdf-iwt-has-separator\">\n\t<div class=\"mkdf-iwt-icon\">\n\t\t\t\t\t<a itemprop=\"url\" href=\"https:\/\/aquacityhotel.sk\/pl\/przydatne-informacje\/\" target=\"_blank\">\n\t\t\t\t\t\t\t\t\t    <span class=\"mkdf-icon-shortcode mkdf-circle   mkdf-icon-tiny\" style=\"background-color: #333132\" data-hover-background-color=\"#c59d5f\">\n                    <i class=\"mkdf-icon-font-awesome fa fa-info mkdf-icon-element\" style=\"\" ><\/i>            <\/span>\n\t\t\t\t\t\t\t\t<\/a>\n\t\t\t<\/div>\n\t<div class=\"mkdf-iwt-content\" style=\"padding: 0px 50px 0 16px\">\n\t\t\t\t\t<h5 class=\"mkdf-iwt-title\" style=\"margin-top:12px\">\n\t\t\t\t\t\t\t\t\t<a itemprop=\"url\" href=\"https:\/\/aquacityhotel.sk\/pl\/przydatne-informacje\/\" target=\"_blank\">\n\t\t\t\t\t\t\t\t<span class=\"mkdf-iwt-title-text\">INFORMACJE O POBYCIE<\/span>\n\t\t\t\t\t\t\t\t\t<\/a>\n\t\t\t\t\t\t\t\t\t\t\t\t\t<span class=\"mkdf-iwt-small-separator\" ><\/span>\n\t\t\t\t\t\t\t<\/h5>\n\t\t\t\t\t\t\t\t\t<p class=\"mkdf-iwt-text\" >Najwa\u017cniejsze informacje dotycz\u0105ce pobytu w naszym hotelu.<\/p>\n\t\t\t\t\t\t\t<a itemprop=\"url\" href=\"https:\/\/aquacityhotel.sk\/pl\/przydatne-informacje\/\" target=\"_blank\" class=\"mkdf-iwt-link-text mkdf-btn mkdf-btn-simple\">\n\t\t\t\t<span class=\"mkdf-btn-text\">Wi\u0119cej informacji<\/span>\n\t\t\t<\/a>\n\t\t\t<\/div>\n<\/div>[vc_empty_space height=&#8221;66px&#8221;]<div class=\"mkdf-iwt clearfix  mkdf-iwt-icon-left mkdf-iwt-icon-tiny mkdf-iwt-has-separator\">\n\t<div class=\"mkdf-iwt-icon\">\n\t\t\t\t\t\t\t\t\t    <span class=\"mkdf-icon-shortcode mkdf-circle   mkdf-icon-tiny\" style=\"background-color: #333132\" data-hover-background-color=\"#c59d5f\">\n                    <i class=\"mkdf-icon-font-awesome fa fa-clock-o mkdf-icon-element\" style=\"\" ><\/i>            <\/span>\n\t\t\t\t\t\t<\/div>\n\t<div class=\"mkdf-iwt-content\" style=\"padding: 0px 50px 0 16px\">\n\t\t\t\t\t<h5 class=\"mkdf-iwt-title\" style=\"margin-top:12px\">\n\t\t\t\t\t\t\t\t<span class=\"mkdf-iwt-title-text\">LATE CHECK OUT<\/span>\n\t\t\t\t\t\t\t\t\t\t\t\t\t<span class=\"mkdf-iwt-small-separator\" ><\/span>\n\t\t\t\t\t\t\t<\/h5>\n\t\t\t\t\t\t\t\t\t<p class=\"mkdf-iwt-text\" >W przypadku zainteresowania wczesnym zameldowaniem (check \u2013 in) lub p\u00f3\u017anym wymeldowaniem (check \u2013 out) prosimy o kontakt z recepcj\u0105 hotelu. \u015awiadczenie takich dodatkowych us\u0142ug zale\u017cy od aktualnych mo\u017cliwo\u015bci operacyjnych i ob\u0142o\u017cenia hotelu.<\/p>\n\t\t\t\t\t<\/div>\n<\/div>[vc_empty_space height=&#8221;66px&#8221;][\/vc_column][vc_column offset=&#8221;vc_col-lg-4 vc_col-md-12&#8243;]<div class=\"mkdf-iwt clearfix  mkdf-iwt-icon-left mkdf-iwt-icon-tiny mkdf-iwt-has-separator\">\n\t<div class=\"mkdf-iwt-icon\">\n\t\t\t\t\t<a itemprop=\"url\" href=\"https:\/\/www.secure-hotel-booking.com\/aquapark-poprad-s-r-o\/2C4Z\/sk-SK\/hotelselection?arrivalDate=2024-11-04&#038;departureDate=2024-11-05&#038;sid=8890ce56-41c5-48e3-8198-bdc487b2605a\" target=\"_blank\">\n\t\t\t\t\t\t\t\t\t    <span class=\"mkdf-icon-shortcode mkdf-circle   mkdf-icon-tiny\" style=\"background-color: #333132\" data-hover-background-color=\"#c59d5f\">\n                    <i class=\"mkdf-icon-linear-icon lnr lnr-phone mkdf-icon-element\" style=\"\" ><\/i>            <\/span>\n\t\t\t\t\t\t\t\t<\/a>\n\t\t\t<\/div>\n\t<div class=\"mkdf-iwt-content\" style=\"padding: 0px 50px 0 16px\">\n\t\t\t\t\t<h5 class=\"mkdf-iwt-title\" style=\"margin-top:12px\">\n\t\t\t\t\t\t\t\t\t<a itemprop=\"url\" href=\"https:\/\/www.secure-hotel-booking.com\/aquapark-poprad-s-r-o\/2C4Z\/sk-SK\/hotelselection?arrivalDate=2024-11-04&#038;departureDate=2024-11-05&#038;sid=8890ce56-41c5-48e3-8198-bdc487b2605a\" target=\"_blank\">\n\t\t\t\t\t\t\t\t<span class=\"mkdf-iwt-title-text\">REZERWACJA POBYTU<\/span>\n\t\t\t\t\t\t\t\t\t<\/a>\n\t\t\t\t\t\t\t\t\t\t\t\t\t<span class=\"mkdf-iwt-small-separator\" ><\/span>\n\t\t\t\t\t\t\t<\/h5>\n\t\t\t\t\t\t\t\t\t<p class=\"mkdf-iwt-text\" >Email : recepcia@aquacity.sk Rezerwacje : + 421 910 802 309<\/p>\n\t\t\t\t\t\t\t<a itemprop=\"url\" href=\"https:\/\/www.secure-hotel-booking.com\/aquapark-poprad-s-r-o\/2C4Z\/sk-SK\/hotelselection?arrivalDate=2024-11-04&#038;departureDate=2024-11-05&#038;sid=8890ce56-41c5-48e3-8198-bdc487b2605a\" target=\"_blank\" class=\"mkdf-iwt-link-text mkdf-btn mkdf-btn-simple\">\n\t\t\t\t<span class=\"mkdf-btn-text\">Rezerwacja online tutaj<\/span>\n\t\t\t<\/a>\n\t\t\t<\/div>\n<\/div>[vc_empty_space height=&#8221;66px&#8221;]<div class=\"mkdf-iwt clearfix  mkdf-iwt-icon-left mkdf-iwt-icon-tiny mkdf-iwt-has-separator\">\n\t<div class=\"mkdf-iwt-icon\">\n\t\t\t\t\t<a itemprop=\"url\" href=\"https:\/\/aquacityhotel.sk\/pl\/program-lojalnosciowy\/\" target=\"_blank\">\n\t\t\t\t\t\t\t\t\t    <span class=\"mkdf-icon-shortcode mkdf-circle   mkdf-icon-tiny\" style=\"background-color: #333132\" data-hover-background-color=\"#c59d5f\">\n                    <span aria-hidden=\"true\" class=\"mkdf-icon-font-elegant icon_check mkdf-icon-element\" style=\"\" ><\/span>            <\/span>\n\t\t\t\t\t\t\t\t<\/a>\n\t\t\t<\/div>\n\t<div class=\"mkdf-iwt-content\" style=\"padding: 0px 50px 0 16px\">\n\t\t\t\t\t<h5 class=\"mkdf-iwt-title\" style=\"margin-top:12px\">\n\t\t\t\t\t\t\t\t\t<a itemprop=\"url\" href=\"https:\/\/aquacityhotel.sk\/pl\/program-lojalnosciowy\/\" target=\"_blank\">\n\t\t\t\t\t\t\t\t<span class=\"mkdf-iwt-title-text\">PROGRAM LOJALNO\u015aCIOWY<\/span>\n\t\t\t\t\t\t\t\t\t<\/a>\n\t\t\t\t\t\t\t\t\t\t\t\t\t<span class=\"mkdf-iwt-small-separator\" ><\/span>\n\t\t\t\t\t\t\t<\/h5>\n\t\t\t\t\t\t\t\t\t<p class=\"mkdf-iwt-text\" >Korzystny program lojalno\u015bciowy z natychmiastow\u0105 zni\u017ck\u0105 8 \u2013 20%. Ekskluzywne oferty, ciekawe promocje w Aquaparku, promocje na pakiety hotelowe, zni\u017cki urodzinowe, zni\u017cki w lokalach gastronomicznych, gabinetach masa\u017cu itp.<\/p>\n\t\t\t\t\t\t\t<a itemprop=\"url\" href=\"https:\/\/aquacityhotel.sk\/pl\/program-lojalnosciowy\/\" target=\"_blank\" class=\"mkdf-iwt-link-text mkdf-btn mkdf-btn-simple\">\n\t\t\t\t<span class=\"mkdf-btn-text\">Wi\u0119cej informacji<\/span>\n\t\t\t<\/a>\n\t\t\t<\/div>\n<\/div>[vc_empty_space height=&#8221;66px&#8221;][\/vc_column][vc_column offset=&#8221;vc_col-lg-4 vc_col-md-12&#8243;]<div class=\"mkdf-iwt clearfix  mkdf-iwt-icon-left mkdf-iwt-icon-tiny mkdf-iwt-has-separator\">\n\t<div class=\"mkdf-iwt-icon\">\n\t\t\t\t\t\t\t\t\t    <span class=\"mkdf-icon-shortcode mkdf-circle   mkdf-icon-tiny\" style=\"background-color: #333132\" data-hover-background-color=\"#c59d5f\">\n                    <i class=\"mkdf-icon-font-awesome fa fa-calendar mkdf-icon-element\" style=\"\" ><\/i>            <\/span>\n\t\t\t\t\t\t<\/div>\n\t<div class=\"mkdf-iwt-content\" style=\"padding: 0 50px 0 16px\">\n\t\t\t\t\t<h5 class=\"mkdf-iwt-title\" style=\"margin-top:12px\">\n\t\t\t\t\t\t\t\t<span class=\"mkdf-iwt-title-text\">CZAS OBOWI\u0104ZYWANIA OFERTY<\/span>\n\t\t\t\t\t\t\t\t\t\t\t\t\t<span class=\"mkdf-iwt-small-separator\" ><\/span>\n\t\t\t\t\t\t\t<\/h5>\n\t\t\t\t\t\t\t\t\t<p class=\"mkdf-iwt-text\" >Promocja obowi\u0105zuje przy rezerwacji na pobyty od 8 marca do 26 czerwca 2026 (z wyj\u0105tkiem terminu od 3 do 6 kwietnia 2026)<\/p>\n\t\t\t\t\t<\/div>\n<\/div>[vc_empty_space height=&#8221;66px&#8221;]<div class=\"mkdf-iwt clearfix  mkdf-iwt-icon-left mkdf-iwt-icon-tiny mkdf-iwt-has-separator\">\n\t<div class=\"mkdf-iwt-icon\">\n\t\t\t\t\t\t\t\t\t    <span class=\"mkdf-icon-shortcode mkdf-circle   mkdf-icon-tiny\" style=\"background-color: #333132\" data-hover-background-color=\"#c59d5f\">\n                    <i class=\"mkdf-icon-linear-icon lnr lnr-home mkdf-icon-element\" style=\"\" ><\/i>            <\/span>\n\t\t\t\t\t\t<\/div>\n\t<div class=\"mkdf-iwt-content\" style=\"padding: 0px 50px 0 16px\">\n\t\t\t\t\t<h5 class=\"mkdf-iwt-title\" style=\"margin-top:12px\">\n\t\t\t\t\t\t\t\t<span class=\"mkdf-iwt-title-text\">POZOSTA\u0141E KATEGORIE POKOJ\u00d3W<\/span>\n\t\t\t\t\t\t\t\t\t\t\t\t\t<span class=\"mkdf-iwt-small-separator\" ><\/span>\n\t\t\t\t\t\t\t<\/h5>\n\t\t\t\t\t\t\t\t\t<p class=\"mkdf-iwt-text\" >\u0141\u00f3\u017ceczko dzieci\u0119ce - bezp\u0142atnie, a dzieci do lat 6 bez dodatkowego \u0142\u00f3\u017cka bezp\u0142atnie.<\/p>\n\t\t\t\t\t<\/div>\n<\/div>[vc_empty_space height=&#8221;66px&#8221;][\/vc_column][\/vc_row][vc_row row_content_width=&#8221;grid&#8221; simple_background_color=&#8221;#c59d5f&#8221; css=&#8221;.vc_custom_1513334573397{padding-top: 70px !important;padding-bottom: 70px !important;}&#8221;][vc_column]<div class=\"mkdf-call-to-action-holder  mkdf-normal-layout  mkdf-three-quarters-columns\">\n\t<div class=\"mkdf-cta-inner \">\n\t\t<div class=\"mkdf-cta-text-holder\">\n\t\t\t<div class=\"mkdf-cta-text\"><em><span style=\"color: #ffffff;\">Najlepsza cena i oferta na pobyt tylko u nas<\/span><\/em><\/p>\n<h3><span style=\"color: #ffffff;\">REZERWACJA ONLINE <\/span><\/h3>\n<\/div>\n\t\t<\/div>\n\t\t<div class=\"mkdf-cta-button-holder\" >\n\t\t\t<div class=\"mkdf-cta-button\"><a itemprop=\"url\" href=\"https:\/\/www.secure-hotel-booking.com\/aquapark-poprad-s-r-o\/2C4Z\/sk-SK\/hotelselection?arrivalDate=2024-11-04&#038;departureDate=2024-11-05&#038;sid=8890ce56-41c5-48e3-8198-bdc487b2605a\" target=\"_blank\"  class=\"mkdf-btn mkdf-btn-medium mkdf-btn-solid mkdf-btn-custom-hover-bg mkdf-btn-custom-hover-color mkdf-btn-icon\" data-hover-color=\"#333132\" data-hover-bg-color=\"#ffffff\" >    <span class=\"mkdf-btn-text\">Rezerwacja online tutaj<\/span>    <i class=\"mkdf-icon-linear-icon lnr lnr-arrow-right \" ><\/i><\/a><\/div>\n\t\t<\/div>\n\t<\/div>\n<\/div>[\/vc_column][\/vc_row]<\/p>\n","protected":false},"excerpt":{"rendered":"<p>[vc_row row_content_width=&#8221;grid&#8221; css=&#8221;.vc_custom_1494578109812{padding-top: 110px !important;padding-bottom: 75px !important;}&#8221;][vc_column][vc_separator][vc_empty_space height=&#8221;20px&#8221;][vc_empty_space height=&#8221;20px&#8221;][vc_separator][\/vc_column][\/vc_row][vc_row row_content_width=&#8221;grid&#8221; css=&#8221;.vc_custom_1494246094601{padding-top: 20px !important;padding-bottom: 50px !important;}&#8221;][vc_column offset=&#8221;vc_col-lg-4 vc_col-md-12&#8243;][vc_empty_space height=&#8221;66px&#8221;][vc_empty_space height=&#8221;66px&#8221;][\/vc_column][vc_column offset=&#8221;vc_col-lg-4 vc_col-md-12&#8243;][vc_empty_space height=&#8221;66px&#8221;][vc_empty_space height=&#8221;66px&#8221;][\/vc_column][vc_column offset=&#8221;vc_col-lg-4 vc_col-md-12&#8243;][vc_empty_space height=&#8221;66px&#8221;][vc_empty_space height=&#8221;66px&#8221;][\/vc_column][\/vc_row][vc_row row_content_width=&#8221;grid&#8221; simple_background_color=&#8221;#c59d5f&#8221; css=&#8221;.vc_custom_1513334573397{padding-top: 70px !important;padding-bottom: 70px !important;}&#8221;][vc_column][\/vc_column][\/vc_row]<\/p>\n","protected":false},"author":2,"featured_media":0,"parent":15409,"menu_order":0,"comment_status":"closed","ping_status":"closed","template":"full-width.php","meta":{"inline_featured_image":false,"footnotes":"","_wp_rev_ctl_limit":""},"class_list":["post-18022","page","type-page","status-publish","hentry"],"yoast_head":"<!-- This site is optimized with the Yoast SEO plugin v26.4 - https:\/\/yoast.com\/wordpress\/plugins\/seo\/ -->\n<title>POBYT WELLNESS - Aquacity Hotel<\/title>\n<meta name=\"robots\" content=\"index, follow, max-snippet:-1, max-image-preview:large, max-video-preview:-1\" \/>\n<link rel=\"canonical\" href=\"https:\/\/aquacityhotel.sk\/pl\/promocje\/first-minute\/\" \/>\n<meta property=\"og:locale\" content=\"pl_PL\" \/>\n<meta property=\"og:type\" content=\"article\" \/>\n<meta property=\"og:title\" content=\"POBYT WELLNESS - Aquacity Hotel\" \/>\n<meta property=\"og:description\" content=\"[vc_row row_content_width=&#8221;grid&#8221; css=&#8221;.vc_custom_1494578109812{padding-top: 110px !important;padding-bottom: 75px !important;}&#8221;][vc_column][vc_separator][vc_empty_space height=&#8221;20px&#8221;][vc_empty_space height=&#8221;20px&#8221;][vc_separator][\/vc_column][\/vc_row][vc_row row_content_width=&#8221;grid&#8221; css=&#8221;.vc_custom_1494246094601{padding-top: 20px !important;padding-bottom: 50px !important;}&#8221;][vc_column offset=&#8221;vc_col-lg-4 vc_col-md-12&#8243;][vc_empty_space height=&#8221;66px&#8221;][vc_empty_space height=&#8221;66px&#8221;][\/vc_column][vc_column offset=&#8221;vc_col-lg-4 vc_col-md-12&#8243;][vc_empty_space height=&#8221;66px&#8221;][vc_empty_space height=&#8221;66px&#8221;][\/vc_column][vc_column offset=&#8221;vc_col-lg-4 vc_col-md-12&#8243;][vc_empty_space height=&#8221;66px&#8221;][vc_empty_space height=&#8221;66px&#8221;][\/vc_column][\/vc_row][vc_row row_content_width=&#8221;grid&#8221; simple_background_color=&#8221;#c59d5f&#8221; css=&#8221;.vc_custom_1513334573397{padding-top: 70px !important;padding-bottom: 70px !important;}&#8221;][vc_column][\/vc_column][\/vc_row]\" \/>\n<meta property=\"og:url\" content=\"https:\/\/aquacityhotel.sk\/pl\/promocje\/first-minute\/\" \/>\n<meta property=\"og:site_name\" content=\"Aquacity Hotel\" \/>\n<meta property=\"article:modified_time\" content=\"2026-03-04T11:33:08+00:00\" \/>\n<meta name=\"twitter:card\" content=\"summary_large_image\" \/>\n<meta name=\"twitter:label1\" content=\"Szacowany czas czytania\" \/>\n\t<meta name=\"twitter:data1\" content=\"3 minuty\" \/>\n<script type=\"application\/ld+json\" class=\"yoast-schema-graph\">{\"@context\":\"https:\/\/schema.org\",\"@graph\":[{\"@type\":\"WebPage\",\"@id\":\"https:\/\/aquacityhotel.sk\/pl\/promocje\/first-minute\/\",\"url\":\"https:\/\/aquacityhotel.sk\/pl\/promocje\/first-minute\/\",\"name\":\"POBYT WELLNESS - Aquacity Hotel\",\"isPartOf\":{\"@id\":\"https:\/\/aquacityhotel.sk\/#website\"},\"datePublished\":\"2021-10-16T18:11:15+00:00\",\"dateModified\":\"2026-03-04T11:33:08+00:00\",\"breadcrumb\":{\"@id\":\"https:\/\/aquacityhotel.sk\/pl\/promocje\/first-minute\/#breadcrumb\"},\"inLanguage\":\"pl-PL\",\"potentialAction\":[{\"@type\":\"ReadAction\",\"target\":[\"https:\/\/aquacityhotel.sk\/pl\/promocje\/first-minute\/\"]}]},{\"@type\":\"BreadcrumbList\",\"@id\":\"https:\/\/aquacityhotel.sk\/pl\/promocje\/first-minute\/#breadcrumb\",\"itemListElement\":[{\"@type\":\"ListItem\",\"position\":1,\"name\":\"Domovsk\u00e1 str\u00e1nka\",\"item\":\"https:\/\/aquacityhotel.sk\/\"},{\"@type\":\"ListItem\",\"position\":2,\"name\":\"Promocje\",\"item\":\"https:\/\/aquacityhotel.sk\/pl\/promocje\/\"},{\"@type\":\"ListItem\",\"position\":3,\"name\":\"POBYT WELLNESS\"}]},{\"@type\":\"WebSite\",\"@id\":\"https:\/\/aquacityhotel.sk\/#website\",\"url\":\"https:\/\/aquacityhotel.sk\/\",\"name\":\"Aquacity Hotel\",\"description\":\"Ubytovanie Vysok\u00e9 Tatry Slovensko\",\"potentialAction\":[{\"@type\":\"SearchAction\",\"target\":{\"@type\":\"EntryPoint\",\"urlTemplate\":\"https:\/\/aquacityhotel.sk\/?s={search_term_string}\"},\"query-input\":{\"@type\":\"PropertyValueSpecification\",\"valueRequired\":true,\"valueName\":\"search_term_string\"}}],\"inLanguage\":\"pl-PL\"}]}<\/script>\n<!-- \/ Yoast SEO plugin. -->","yoast_head_json":{"title":"POBYT WELLNESS - Aquacity Hotel","robots":{"index":"index","follow":"follow","max-snippet":"max-snippet:-1","max-image-preview":"max-image-preview:large","max-video-preview":"max-video-preview:-1"},"canonical":"https:\/\/aquacityhotel.sk\/pl\/promocje\/first-minute\/","og_locale":"pl_PL","og_type":"article","og_title":"POBYT WELLNESS - Aquacity Hotel","og_description":"[vc_row row_content_width=&#8221;grid&#8221; css=&#8221;.vc_custom_1494578109812{padding-top: 110px !important;padding-bottom: 75px !important;}&#8221;][vc_column][vc_separator][vc_empty_space height=&#8221;20px&#8221;][vc_empty_space height=&#8221;20px&#8221;][vc_separator][\/vc_column][\/vc_row][vc_row row_content_width=&#8221;grid&#8221; css=&#8221;.vc_custom_1494246094601{padding-top: 20px !important;padding-bottom: 50px !important;}&#8221;][vc_column offset=&#8221;vc_col-lg-4 vc_col-md-12&#8243;][vc_empty_space height=&#8221;66px&#8221;][vc_empty_space height=&#8221;66px&#8221;][\/vc_column][vc_column offset=&#8221;vc_col-lg-4 vc_col-md-12&#8243;][vc_empty_space height=&#8221;66px&#8221;][vc_empty_space height=&#8221;66px&#8221;][\/vc_column][vc_column offset=&#8221;vc_col-lg-4 vc_col-md-12&#8243;][vc_empty_space height=&#8221;66px&#8221;][vc_empty_space height=&#8221;66px&#8221;][\/vc_column][\/vc_row][vc_row row_content_width=&#8221;grid&#8221; simple_background_color=&#8221;#c59d5f&#8221; css=&#8221;.vc_custom_1513334573397{padding-top: 70px !important;padding-bottom: 70px !important;}&#8221;][vc_column][\/vc_column][\/vc_row]","og_url":"https:\/\/aquacityhotel.sk\/pl\/promocje\/first-minute\/","og_site_name":"Aquacity Hotel","article_modified_time":"2026-03-04T11:33:08+00:00","twitter_card":"summary_large_image","twitter_misc":{"Szacowany czas czytania":"3 minuty"},"schema":{"@context":"https:\/\/schema.org","@graph":[{"@type":"WebPage","@id":"https:\/\/aquacityhotel.sk\/pl\/promocje\/first-minute\/","url":"https:\/\/aquacityhotel.sk\/pl\/promocje\/first-minute\/","name":"POBYT WELLNESS - Aquacity Hotel","isPartOf":{"@id":"https:\/\/aquacityhotel.sk\/#website"},"datePublished":"2021-10-16T18:11:15+00:00","dateModified":"2026-03-04T11:33:08+00:00","breadcrumb":{"@id":"https:\/\/aquacityhotel.sk\/pl\/promocje\/first-minute\/#breadcrumb"},"inLanguage":"pl-PL","potentialAction":[{"@type":"ReadAction","target":["https:\/\/aquacityhotel.sk\/pl\/promocje\/first-minute\/"]}]},{"@type":"BreadcrumbList","@id":"https:\/\/aquacityhotel.sk\/pl\/promocje\/first-minute\/#breadcrumb","itemListElement":[{"@type":"ListItem","position":1,"name":"Domovsk\u00e1 str\u00e1nka","item":"https:\/\/aquacityhotel.sk\/"},{"@type":"ListItem","position":2,"name":"Promocje","item":"https:\/\/aquacityhotel.sk\/pl\/promocje\/"},{"@type":"ListItem","position":3,"name":"POBYT WELLNESS"}]},{"@type":"WebSite","@id":"https:\/\/aquacityhotel.sk\/#website","url":"https:\/\/aquacityhotel.sk\/","name":"Aquacity Hotel","description":"Ubytovanie Vysok\u00e9 Tatry Slovensko","potentialAction":[{"@type":"SearchAction","target":{"@type":"EntryPoint","urlTemplate":"https:\/\/aquacityhotel.sk\/?s={search_term_string}"},"query-input":{"@type":"PropertyValueSpecification","valueRequired":true,"valueName":"search_term_string"}}],"inLanguage":"pl-PL"}]}},"_links":{"self":[{"href":"https:\/\/aquacityhotel.sk\/pl\/wp-json\/wp\/v2\/pages\/18022","targetHints":{"allow":["GET"]}}],"collection":[{"href":"https:\/\/aquacityhotel.sk\/pl\/wp-json\/wp\/v2\/pages"}],"about":[{"href":"https:\/\/aquacityhotel.sk\/pl\/wp-json\/wp\/v2\/types\/page"}],"author":[{"embeddable":true,"href":"https:\/\/aquacityhotel.sk\/pl\/wp-json\/wp\/v2\/users\/2"}],"replies":[{"embeddable":true,"href":"https:\/\/aquacityhotel.sk\/pl\/wp-json\/wp\/v2\/comments?post=18022"}],"version-history":[{"count":62,"href":"https:\/\/aquacityhotel.sk\/pl\/wp-json\/wp\/v2\/pages\/18022\/revisions"}],"predecessor-version":[{"id":22150,"href":"https:\/\/aquacityhotel.sk\/pl\/wp-json\/wp\/v2\/pages\/18022\/revisions\/22150"}],"up":[{"embeddable":true,"href":"https:\/\/aquacityhotel.sk\/pl\/wp-json\/wp\/v2\/pages\/15409"}],"wp:attachment":[{"href":"https:\/\/aquacityhotel.sk\/pl\/wp-json\/wp\/v2\/media?parent=18022"}],"curies":[{"name":"wp","href":"https:\/\/api.w.org\/{rel}","templated":true}]}}