
{"id":17932,"date":"2021-09-01T20:23:52","date_gmt":"2021-09-01T18:23:52","guid":{"rendered":"https:\/\/aquacityhotel.sk\/fish-therapy\/"},"modified":"2021-10-18T06:34:19","modified_gmt":"2021-10-18T04:34:19","slug":"fish-therapy","status":"publish","type":"page","link":"https:\/\/aquacityhotel.sk\/pl\/fish-therapy\/","title":{"rendered":"Fish Therapy"},"content":{"rendered":"<p>[vc_row][vc_column][vc_column_text]Wypr\u00f3buj naszych najlepszych pedicurzyst\u00f3w\u00a0<strong>\u2013 rybki Garra Rufa w Fire &amp; Water Wellness &amp; Spa. <\/strong>Oferujemy BIO pedicure z\u00a0pomoc\u0105 rybek Garra Rufa pochodz\u0105cych z\u00a0tureckich rzek. Rybki Garra Rufa bezbole\u015bnie usuwaj\u0105 nask\u00f3rek za pomoc\u0105 bezz\u0119bnych szcz\u0119k. W ich jamie g\u0119bowej produkowany jest ditranol \u2013 enzym, kt\u00f3ry natychmiast dezynfekuje wszelkie ranki i\u00a0ma w\u0142a\u015bciwo\u015bci goj\u0105ce.\u00a0<strong>Zabieg dzia\u0142a \u0142agodz\u0105co, leczy choroby sk\u00f3ry, takie jak atopowe zapalenie sk\u00f3ry, tr\u0105dzik, grzybica, \u0142uszczyca, a\u00a0jednocze\u015bnie zapewnia delikatny peeling i\u00a0doskona\u0142y pedicure.<\/strong>[\/vc_column_text][\/vc_column][\/vc_row][vc_row content_text_aligment=&#8221;center&#8221; css=&#8221;.vc_custom_1494232305593{padding-top: 80px !important;padding-bottom: 30px !important;}&#8221;][vc_column width=&#8221;1\/2&#8243; offset=&#8221;vc_col-md-6&#8243;]<div class=\"mkdf-image-with-text-holder   \">\n    <div class=\"mkdf-iwt-image\">\n                                    <img loading=\"lazy\" decoding=\"async\" width=\"1000\" height=\"650\" src=\"https:\/\/aquacityhotel.sk\/wp-content\/uploads\/2021\/10\/AquaCity_1000x650_13.jpg\" class=\"attachment-full size-full\" alt=\"\" srcset=\"https:\/\/aquacityhotel.sk\/wp-content\/uploads\/2021\/10\/AquaCity_1000x650_13.jpg 1000w, https:\/\/aquacityhotel.sk\/wp-content\/uploads\/2021\/10\/AquaCity_1000x650_13-300x195.jpg 300w, https:\/\/aquacityhotel.sk\/wp-content\/uploads\/2021\/10\/AquaCity_1000x650_13-768x499.jpg 768w, https:\/\/aquacityhotel.sk\/wp-content\/uploads\/2021\/10\/AquaCity_1000x650_13-600x390.jpg 600w\" sizes=\"auto, (max-width: 1000px) 100vw, 1000px\" \/>                        <\/div>\n    <div class=\"mkdf-iwt-text-holder\">\n        \n                    <h5 class=\"mkdf-iwt-title\" >EFEKTY PROCEDURY GARRA RUFA<\/h5>\n        \n        \n\t\t    <\/div>\n<\/div>[vc_empty_space height=&#8221;40px&#8221;][vc_tta_accordion style=&#8221;flat&#8221; shape=&#8221;square&#8221; active_section=&#8221;&#8221; collapsible_all=&#8221;true&#8221;][vc_tta_section title=&#8221;MEDYCZNE DZIA\u0141ANIE&#8221; tab_id=&#8221;1613482204191-fa2a0950-5549&#8243;][vc_column_text]<\/p>\n<ul>\n<li>eczy defekty sk\u00f3ry, regeneruje i\u00a0dzia\u0142a profilaktycznie (\u0142uszczyca, egzem, rybia \u0142uska itd.)<br \/>\ndog\u0142\u0119bnie oczyszcza i\u00a0poprawia ukrwienie sk\u00f3ry (\u017cylaki)<\/li>\n<li>poprawia kr\u0105\u017cenie (\u0142agodzi b\u00f3le g\u0142owy, reguluje ci\u015bnienie krwi)<\/li>\n<li>zapobiega infekcjom sk\u00f3ry i\u00a0eliminuje bakterie (usuwa nieprzyjemny zapach)<\/li>\n<\/ul>\n<p>[\/vc_column_text][\/vc_tta_section][vc_tta_section title=&#8221;PSYCHICZNE DZIA\u0141ANIE&#8221; tab_id=&#8221;1630520746870-8646e15a-a9f5&#8243;][vc_column_text]<\/p>\n<ul>\n<li>mikromasa\u017c dzia\u0142a stymuluj\u0105co na zako\u0144czenia nerwowe i\u00a0punkty akupunkturowe<\/li>\n<li>rozlu\u017ania i\u00a0eliminuje zm\u0119czenie<\/li>\n<li>dzia\u0142a relaksacyjnie (odpoczynek dla cia\u0142a i umys\u0142u)<\/li>\n<\/ul>\n<p>[\/vc_column_text][\/vc_tta_section][vc_tta_section title=&#8221;FIZYCZNE DZIA\u0141ANIE&#8221; tab_id=&#8221;1630520790827-76dbb928-8299&#8243;][vc_column_text]<\/p>\n<ul>\n<li>naturalny pedicure, dog\u0142\u0119bnie oczyszcza sk\u00f3r\u0119 (usuwa \u0142uszcz\u0105cy si\u0119, suchy nask\u00f3rek i odciski)<\/li>\n<li>dzia\u0142a peelinguj\u0105co\u00a0(usuwa obumar\u0142e kom\u00f3rki sk\u00f3ry)<\/li>\n<li>regeneruje sk\u00f3r\u0119 (g\u0142adsza, zdrowsza i\u00a0pi\u0119kniejsza sk\u00f3ra) Rybki Garra Rufa delikatnie usuwaj\u0105 chor\u0105, obumar\u0142\u0105 sk\u00f3r\u0119 i\u00a0stwardnia\u0142y nask\u00f3rek. Dodatkowo wydzielaj\u0105 enzym znany jako ditranol, kt\u00f3ry jest cz\u0119stym sk\u0142adnikiem krem\u00f3w leczniczych stosowanych w \u0142uszczycy. Enzym ma dzia\u0142anie koj\u0105ce i regeneruj\u0105ce.<\/li>\n<\/ul>\n<p>[\/vc_column_text][\/vc_tta_section][\/vc_tta_accordion][\/vc_column][vc_column width=&#8221;1\/2&#8243; offset=&#8221;vc_col-md-6&#8243;]<div class=\"mkdf-image-with-text-holder   \">\n    <div class=\"mkdf-iwt-image\">\n                                    <img loading=\"lazy\" decoding=\"async\" width=\"1000\" height=\"650\" src=\"https:\/\/aquacityhotel.sk\/wp-content\/uploads\/2021\/10\/AquaCity_1000x650_14.jpg\" class=\"attachment-full size-full\" alt=\"\" srcset=\"https:\/\/aquacityhotel.sk\/wp-content\/uploads\/2021\/10\/AquaCity_1000x650_14.jpg 1000w, https:\/\/aquacityhotel.sk\/wp-content\/uploads\/2021\/10\/AquaCity_1000x650_14-300x195.jpg 300w, https:\/\/aquacityhotel.sk\/wp-content\/uploads\/2021\/10\/AquaCity_1000x650_14-768x499.jpg 768w, https:\/\/aquacityhotel.sk\/wp-content\/uploads\/2021\/10\/AquaCity_1000x650_14-600x390.jpg 600w\" sizes=\"auto, (max-width: 1000px) 100vw, 1000px\" \/>                        <\/div>\n    <div class=\"mkdf-iwt-text-holder\">\n        \n                    <h5 class=\"mkdf-iwt-title\" >JAK PRZEPROWADZANA JEST PROCEDURA<\/h5>\n        \n        \n\t\t    <\/div>\n<\/div>[vc_empty_space height=&#8221;40px&#8221;][vc_tta_accordion style=&#8221;flat&#8221; shape=&#8221;square&#8221; active_section=&#8221;&#8221; collapsible_all=&#8221;true&#8221;][vc_tta_section title=&#8221;PRZEBIEG TERAPII&#8221; tab_id=&#8221;1613483327197-8b29b555-131c&#8221;][vc_message]<\/p>\n<ul>\n<li>podczas zabiegu na ko\u0144czynach\u00a0<strong>nie mog\u0105 znajdowa\u0107 si\u0119 otwarte rany<\/strong>\u00a0lub inne uszkodzenia sk\u00f3ry<\/li>\n<li>w czasie zabiegu n<strong>ie wolno stosowa\u0107 ma\u015bci kortykosteroidowych<\/strong>\u00a0(na bazie kortykosteroid\u00f3w, np. Imazol, Licoid, Lipocream, Dermovate, Diprosone, Advantan\u2026), a\u00a0od zako\u0144czenia leczenia ma\u015bciami musi up\u0142yn\u0105\u0107 co najmniej 7 dni (ryzyko wygini\u0119cia rybek)<\/li>\n<li>przed zabiegiem nale\u017cy obowi\u0105zkowo umy\u0107 stopy<br \/>\nnast\u0119pnie zanurza si\u0119 stopy\u00a0<strong>w ciep\u0142ej k\u0105pieli (30 \u2013 34oC),<\/strong><\/li>\n<li>w kt\u00f3rej p\u0142ywaj\u0105 rybki<br \/>\npocz\u0105tkowo mo\u017cna czu\u0107 \u0142askotanie, lecz po chwili odczucia staj\u0105 si\u0119 przyjemne, przypominaj\u0105 delikatny masa\u017c<\/li>\n<li><strong>czas zanurzenia w wodzie wynosi 20 minut<\/strong><\/li>\n<li><\/li>\n<\/ul>\n<p>[\/vc_message][\/vc_tta_section][\/vc_tta_accordion][\/vc_column][\/vc_row]<\/p>\n","protected":false},"excerpt":{"rendered":"<p>[vc_row][vc_column][vc_column_text]Wypr\u00f3buj naszych najlepszych pedicurzyst\u00f3w\u00a0\u2013 rybki Garra Rufa w Fire &amp; Water Wellness &amp; Spa. Oferujemy BIO pedicure z\u00a0pomoc\u0105 rybek Garra Rufa pochodz\u0105cych z\u00a0tureckich rzek. Rybki Garra Rufa bezbole\u015bnie usuwaj\u0105 nask\u00f3rek za pomoc\u0105 bezz\u0119bnych szcz\u0119k. W ich jamie g\u0119bowej produkowany jest [&hellip;]<\/p>\n","protected":false},"author":2,"featured_media":0,"parent":0,"menu_order":0,"comment_status":"closed","ping_status":"closed","template":"","meta":{"inline_featured_image":false,"footnotes":"","_wp_rev_ctl_limit":""},"class_list":["post-17932","page","type-page","status-publish","hentry"],"yoast_head":"<!-- This site is optimized with the Yoast SEO plugin v26.4 - https:\/\/yoast.com\/wordpress\/plugins\/seo\/ -->\n<title>Fish Therapy - Aquacity Hotel<\/title>\n<meta name=\"robots\" content=\"index, follow, max-snippet:-1, max-image-preview:large, max-video-preview:-1\" \/>\n<link rel=\"canonical\" href=\"https:\/\/aquacityhotel.sk\/pl\/fish-therapy\/\" \/>\n<meta property=\"og:locale\" content=\"pl_PL\" \/>\n<meta property=\"og:type\" content=\"article\" \/>\n<meta property=\"og:title\" content=\"Fish Therapy - Aquacity Hotel\" \/>\n<meta property=\"og:description\" content=\"[vc_row][vc_column][vc_column_text]Wypr\u00f3buj naszych najlepszych pedicurzyst\u00f3w\u00a0\u2013 rybki Garra Rufa w Fire &amp; Water Wellness &amp; Spa. Oferujemy BIO pedicure z\u00a0pomoc\u0105 rybek Garra Rufa pochodz\u0105cych z\u00a0tureckich rzek. Rybki Garra Rufa bezbole\u015bnie usuwaj\u0105 nask\u00f3rek za pomoc\u0105 bezz\u0119bnych szcz\u0119k. W ich jamie g\u0119bowej produkowany jest [&hellip;]\" \/>\n<meta property=\"og:url\" content=\"https:\/\/aquacityhotel.sk\/pl\/fish-therapy\/\" \/>\n<meta property=\"og:site_name\" content=\"Aquacity Hotel\" \/>\n<meta property=\"article:modified_time\" content=\"2021-10-18T04:34:19+00:00\" \/>\n<meta name=\"twitter:card\" content=\"summary_large_image\" \/>\n<meta name=\"twitter:label1\" content=\"Szacowany czas czytania\" \/>\n\t<meta name=\"twitter:data1\" content=\"3 minuty\" \/>\n<script type=\"application\/ld+json\" class=\"yoast-schema-graph\">{\"@context\":\"https:\/\/schema.org\",\"@graph\":[{\"@type\":\"WebPage\",\"@id\":\"https:\/\/aquacityhotel.sk\/pl\/fish-therapy\/\",\"url\":\"https:\/\/aquacityhotel.sk\/pl\/fish-therapy\/\",\"name\":\"Fish Therapy - Aquacity Hotel\",\"isPartOf\":{\"@id\":\"https:\/\/aquacityhotel.sk\/#website\"},\"datePublished\":\"2021-09-01T18:23:52+00:00\",\"dateModified\":\"2021-10-18T04:34:19+00:00\",\"breadcrumb\":{\"@id\":\"https:\/\/aquacityhotel.sk\/pl\/fish-therapy\/#breadcrumb\"},\"inLanguage\":\"pl-PL\",\"potentialAction\":[{\"@type\":\"ReadAction\",\"target\":[\"https:\/\/aquacityhotel.sk\/pl\/fish-therapy\/\"]}]},{\"@type\":\"BreadcrumbList\",\"@id\":\"https:\/\/aquacityhotel.sk\/pl\/fish-therapy\/#breadcrumb\",\"itemListElement\":[{\"@type\":\"ListItem\",\"position\":1,\"name\":\"Domovsk\u00e1 str\u00e1nka\",\"item\":\"https:\/\/aquacityhotel.sk\/\"},{\"@type\":\"ListItem\",\"position\":2,\"name\":\"Fish Therapy\"}]},{\"@type\":\"WebSite\",\"@id\":\"https:\/\/aquacityhotel.sk\/#website\",\"url\":\"https:\/\/aquacityhotel.sk\/\",\"name\":\"Aquacity Hotel\",\"description\":\"Ubytovanie Vysok\u00e9 Tatry Slovensko\",\"potentialAction\":[{\"@type\":\"SearchAction\",\"target\":{\"@type\":\"EntryPoint\",\"urlTemplate\":\"https:\/\/aquacityhotel.sk\/?s={search_term_string}\"},\"query-input\":{\"@type\":\"PropertyValueSpecification\",\"valueRequired\":true,\"valueName\":\"search_term_string\"}}],\"inLanguage\":\"pl-PL\"}]}<\/script>\n<!-- \/ Yoast SEO plugin. -->","yoast_head_json":{"title":"Fish Therapy - Aquacity Hotel","robots":{"index":"index","follow":"follow","max-snippet":"max-snippet:-1","max-image-preview":"max-image-preview:large","max-video-preview":"max-video-preview:-1"},"canonical":"https:\/\/aquacityhotel.sk\/pl\/fish-therapy\/","og_locale":"pl_PL","og_type":"article","og_title":"Fish Therapy - Aquacity Hotel","og_description":"[vc_row][vc_column][vc_column_text]Wypr\u00f3buj naszych najlepszych pedicurzyst\u00f3w\u00a0\u2013 rybki Garra Rufa w Fire &amp; Water Wellness &amp; Spa. Oferujemy BIO pedicure z\u00a0pomoc\u0105 rybek Garra Rufa pochodz\u0105cych z\u00a0tureckich rzek. Rybki Garra Rufa bezbole\u015bnie usuwaj\u0105 nask\u00f3rek za pomoc\u0105 bezz\u0119bnych szcz\u0119k. W ich jamie g\u0119bowej produkowany jest [&hellip;]","og_url":"https:\/\/aquacityhotel.sk\/pl\/fish-therapy\/","og_site_name":"Aquacity Hotel","article_modified_time":"2021-10-18T04:34:19+00:00","twitter_card":"summary_large_image","twitter_misc":{"Szacowany czas czytania":"3 minuty"},"schema":{"@context":"https:\/\/schema.org","@graph":[{"@type":"WebPage","@id":"https:\/\/aquacityhotel.sk\/pl\/fish-therapy\/","url":"https:\/\/aquacityhotel.sk\/pl\/fish-therapy\/","name":"Fish Therapy - Aquacity Hotel","isPartOf":{"@id":"https:\/\/aquacityhotel.sk\/#website"},"datePublished":"2021-09-01T18:23:52+00:00","dateModified":"2021-10-18T04:34:19+00:00","breadcrumb":{"@id":"https:\/\/aquacityhotel.sk\/pl\/fish-therapy\/#breadcrumb"},"inLanguage":"pl-PL","potentialAction":[{"@type":"ReadAction","target":["https:\/\/aquacityhotel.sk\/pl\/fish-therapy\/"]}]},{"@type":"BreadcrumbList","@id":"https:\/\/aquacityhotel.sk\/pl\/fish-therapy\/#breadcrumb","itemListElement":[{"@type":"ListItem","position":1,"name":"Domovsk\u00e1 str\u00e1nka","item":"https:\/\/aquacityhotel.sk\/"},{"@type":"ListItem","position":2,"name":"Fish Therapy"}]},{"@type":"WebSite","@id":"https:\/\/aquacityhotel.sk\/#website","url":"https:\/\/aquacityhotel.sk\/","name":"Aquacity Hotel","description":"Ubytovanie Vysok\u00e9 Tatry Slovensko","potentialAction":[{"@type":"SearchAction","target":{"@type":"EntryPoint","urlTemplate":"https:\/\/aquacityhotel.sk\/?s={search_term_string}"},"query-input":{"@type":"PropertyValueSpecification","valueRequired":true,"valueName":"search_term_string"}}],"inLanguage":"pl-PL"}]}},"_links":{"self":[{"href":"https:\/\/aquacityhotel.sk\/pl\/wp-json\/wp\/v2\/pages\/17932","targetHints":{"allow":["GET"]}}],"collection":[{"href":"https:\/\/aquacityhotel.sk\/pl\/wp-json\/wp\/v2\/pages"}],"about":[{"href":"https:\/\/aquacityhotel.sk\/pl\/wp-json\/wp\/v2\/types\/page"}],"author":[{"embeddable":true,"href":"https:\/\/aquacityhotel.sk\/pl\/wp-json\/wp\/v2\/users\/2"}],"replies":[{"embeddable":true,"href":"https:\/\/aquacityhotel.sk\/pl\/wp-json\/wp\/v2\/comments?post=17932"}],"version-history":[{"count":2,"href":"https:\/\/aquacityhotel.sk\/pl\/wp-json\/wp\/v2\/pages\/17932\/revisions"}],"predecessor-version":[{"id":17934,"href":"https:\/\/aquacityhotel.sk\/pl\/wp-json\/wp\/v2\/pages\/17932\/revisions\/17934"}],"wp:attachment":[{"href":"https:\/\/aquacityhotel.sk\/pl\/wp-json\/wp\/v2\/media?parent=17932"}],"curies":[{"name":"wp","href":"https:\/\/api.w.org\/{rel}","templated":true}]}}