
{"id":17602,"date":"2021-09-17T14:28:16","date_gmt":"2021-09-17T12:28:16","guid":{"rendered":"https:\/\/new.aquacityhotel.sk\/hotel-mountain-view\/"},"modified":"2021-10-13T23:22:20","modified_gmt":"2021-10-13T21:22:20","slug":"hotel-mountain-view","status":"publish","type":"page","link":"https:\/\/aquacityhotel.sk\/pl\/hotel-mountain-view\/","title":{"rendered":"Hotel Mountain View ****"},"content":{"rendered":"<p>[vc_row css=&#8221;.vc_custom_1612963086244{padding-bottom: 55px !important;}&#8221;][vc_column]<div class=\"mkdf-hrl-holder mkdf-hrl-divided mkdf-normal-space     mkdf-hrl-one-column mkdf-hrl-pag-infinite-scroll\"  data-type=\"divided\" data-number-of-columns=\"1\" data-space-between-items=\"normal\" data-number-of-items=\"5\" data-image-proportions=\"full\" data-selected-rooms=\"15810, 15813\" data-enable-filter=\"no\" data-order-by=\"date\" data-order=\"ASC\" data-title-tag=\"h3\" data-enable-excerpt=\"yes\" data-excerpt-length=\"200\" data-pagination-type=\"infinite-scroll\" data-enable-sort=\"no\" data-max-num-pages=\"1\" data-next-page=\"2\">\n\t\t<div class=\"mkdf-grid-row\">\n\t\t<div class=\"mkdf-hrl-items-part\n                        mkdf-grid-col-12\n            \">\n\t\t\t<div class=\"mkdf-hrl-inner mkdf-outer-space clearfix\">\n\t\t\t\t    <article class=\"mkdf-hrl-item mkdf-item-space  post-15810 hotel-room type-hotel-room status-publish has-post-thumbnail hentry extra-service-tag-pristelka-60-eur-noc-pl extra-service-tag-late-check-out-do-1300-pl extra-service-tag-detska-postielka-bezplatne-pl amenity-tag-tv-pl amenity-tag-balkon-pl amenity-tag-vana-alebo-sprcha-pl amenity-tag-paplony-pl amenity-tag-ortopedicke-matrace-pl amenity-tag-minibar-pl amenity-tag-parking-pl amenity-tag-pet-friendly-pl amenity-tag-safe-deposit-box-pl amenity-tag-zupan-pl amenity-tag-telefon-pl amenity-tag-wc-susic-na-vlasy-pl amenity-tag-wi-fi-pl amenity-tag-set-kavy-a-caju-pl amenity-tag-kozmeticky-set-pl\">\n        <div class=\"mkdf-hrl-item-inner\">\n\t\t\t<div class=\"mkdf-item-holder\">\n    <div class=\"mkdf-hrl-item-image\">\n\t    <span class=\"mkdf-hrl-price-holder\">\n\t    <span class=\"mkdf-html-price-top\">Starting from<\/span>\n\t\t<span class=\"mkdf-hrl-price\">\n\t        <span class=\"mkdf-hrl-price-currency\">&euro;<\/span><span>100<\/span>\n\t    <\/span>\n\t    <span class=\"mkdf-html-price-night\">night<\/span>\n    <\/span>\n\t<img loading=\"lazy\" decoding=\"async\" width=\"1000\" height=\"650\" src=\"https:\/\/aquacityhotel.sk\/wp-content\/uploads\/2021\/09\/AquaCity_1000x650_75.jpg\" class=\"attachment-full size-full wp-post-image\" alt=\"\" srcset=\"https:\/\/aquacityhotel.sk\/wp-content\/uploads\/2021\/09\/AquaCity_1000x650_75.jpg 1000w, https:\/\/aquacityhotel.sk\/wp-content\/uploads\/2021\/09\/AquaCity_1000x650_75-300x195.jpg 300w, https:\/\/aquacityhotel.sk\/wp-content\/uploads\/2021\/09\/AquaCity_1000x650_75-768x499.jpg 768w, https:\/\/aquacityhotel.sk\/wp-content\/uploads\/2021\/09\/AquaCity_1000x650_75-600x390.jpg 600w\" sizes=\"auto, (max-width: 1000px) 100vw, 1000px\" \/>    <a itemprop=\"url\" class=\"mkdf-hrl-link mkdf-block-drag-link\" href=\"https:\/\/aquacityhotel.sk\/pl\/hotel-room\/pokoje-standard-mountain-view\/\" target=\"_self\"><\/a>\n\t<\/div>    <div class=\"mkdf-hrl-item-content\">\n        <div class=\"mkdf-hrl-item-content-holder\">\n            <div class=\"mkdf-hrl-item-content-inner\">\n\t\t\t\t<h3 itemprop=\"name\" class=\"mkdf-hrl-item-title entry-title\">\n<a itemprop=\"url\" href=\"https:\/\/aquacityhotel.sk\/pl\/hotel-room\/pokoje-standard-mountain-view\/\" target=\"_self\">\n\tHotel Mountain View &#8211; Pokoje Standard<\/a>\n<\/h3>\t\t\t\t\t<p itemprop=\"description\" class=\"mkdf-pli-excerpt\">Pokoje Standard o powierzchni 30,02 m2 s\u0105 idealne dla 2 os\u00f3b. Wszystkie pokoje posiadaj\u0105 balkony z widokiem na Tatry Wysokie i mo\u017cna w nich umie\u015bci\u0107 dodatkowe \u0142\u00f3\u017cko.<\/p>\n\t\t\t\t\t<div class=\"mkdf-post-read-more-button\">\n\t\t<a itemprop=\"url\" href=\"https:\/\/aquacityhotel.sk\/pl\/hotel-room\/pokoje-standard-mountain-view\/\" target=\"_self\"  class=\"mkdf-btn mkdf-btn-medium mkdf-btn-simple\"  >    <span class=\"mkdf-btn-text\">Zobacz Wi\u0119cej<\/span>    <\/a>\t<\/div>\n            <\/div>\n        <\/div>\n    <\/div>\n<\/div>\n        <\/div>\n    <\/article>\n    <article class=\"mkdf-hrl-item mkdf-item-space  post-15813 hotel-room type-hotel-room status-publish has-post-thumbnail hentry extra-service-tag-late-check-out-do-1300-pl extra-service-tag-detska-postielka-bezplatne-pl amenity-tag-tv-pl amenity-tag-papucky-pl amenity-tag-paplony-pl amenity-tag-ortopedicke-matrace-pl amenity-tag-minibar-pl amenity-tag-parking-pl amenity-tag-sprcha-pl amenity-tag-pet-friendly-pl amenity-tag-safe-deposit-box-pl amenity-tag-zupan-pl amenity-tag-terasa-pl amenity-tag-telefon-pl amenity-tag-wi-fi-pl amenity-tag-set-kavy-a-caju-pl amenity-tag-kozmeticky-set-pl\">\n        <div class=\"mkdf-hrl-item-inner\">\n\t\t\t<div class=\"mkdf-item-holder\">\n    <div class=\"mkdf-hrl-item-image\">\n\t    <span class=\"mkdf-hrl-price-holder\">\n\t    <span class=\"mkdf-html-price-top\">Starting from<\/span>\n\t\t<span class=\"mkdf-hrl-price\">\n\t        <span class=\"mkdf-hrl-price-currency\">&euro;<\/span><span>256<\/span>\n\t    <\/span>\n\t    <span class=\"mkdf-html-price-night\">night<\/span>\n    <\/span>\n\t<img loading=\"lazy\" decoding=\"async\" width=\"1000\" height=\"650\" src=\"https:\/\/aquacityhotel.sk\/wp-content\/uploads\/2021\/09\/AquaCity_1000x650_81.jpg\" class=\"attachment-full size-full wp-post-image\" alt=\"\" srcset=\"https:\/\/aquacityhotel.sk\/wp-content\/uploads\/2021\/09\/AquaCity_1000x650_81.jpg 1000w, https:\/\/aquacityhotel.sk\/wp-content\/uploads\/2021\/09\/AquaCity_1000x650_81-300x195.jpg 300w, https:\/\/aquacityhotel.sk\/wp-content\/uploads\/2021\/09\/AquaCity_1000x650_81-768x499.jpg 768w, https:\/\/aquacityhotel.sk\/wp-content\/uploads\/2021\/09\/AquaCity_1000x650_81-600x390.jpg 600w\" sizes=\"auto, (max-width: 1000px) 100vw, 1000px\" \/>    <a itemprop=\"url\" class=\"mkdf-hrl-link mkdf-block-drag-link\" href=\"https:\/\/aquacityhotel.sk\/pl\/hotel-room\/apartament-de-luxe-mountain-view\/\" target=\"_self\"><\/a>\n\t<\/div>    <div class=\"mkdf-hrl-item-content\">\n        <div class=\"mkdf-hrl-item-content-holder\">\n            <div class=\"mkdf-hrl-item-content-inner\">\n\t\t\t\t<h3 itemprop=\"name\" class=\"mkdf-hrl-item-title entry-title\">\n<a itemprop=\"url\" href=\"https:\/\/aquacityhotel.sk\/pl\/hotel-room\/apartament-de-luxe-mountain-view\/\" target=\"_self\">\n\tHotel Mountain View &#8211; Apartament De Luxe<\/a>\n<\/h3>\t\t\t\t\t<p itemprop=\"description\" class=\"mkdf-pli-excerpt\">4 luksusowe apartamenty dla 2 do 4 os\u00f3b podzielonych jest na cz\u0119\u015b\u0107 dzienn\u0105 i sypialn\u0105. Powierzchnia pokoi wynosi 60,2 m2. Wyposa\u017cone s\u0105 w dwie oddzielne \u0142azienki i dwa balkony z widokiem na T<\/p>\n\t\t\t\t\t<div class=\"mkdf-post-read-more-button\">\n\t\t<a itemprop=\"url\" href=\"https:\/\/aquacityhotel.sk\/pl\/hotel-room\/apartament-de-luxe-mountain-view\/\" target=\"_self\"  class=\"mkdf-btn mkdf-btn-medium mkdf-btn-simple\"  >    <span class=\"mkdf-btn-text\">Zobacz Wi\u0119cej<\/span>    <\/a>\t<\/div>\n            <\/div>\n        <\/div>\n    <\/div>\n<\/div>\n        <\/div>\n    <\/article>\n\t\t\t<\/div>\n\t\t\t\t\t<\/div>\n\t\t\t<\/div>\n<\/div>[\/vc_column][\/vc_row]<\/p>\n","protected":false},"excerpt":{"rendered":"<p>[vc_row css=&#8221;.vc_custom_1612963086244{padding-bottom: 55px !important;}&#8221;][vc_column][\/vc_column][\/vc_row]<\/p>\n","protected":false},"author":7,"featured_media":0,"parent":0,"menu_order":0,"comment_status":"closed","ping_status":"closed","template":"","meta":{"inline_featured_image":false,"footnotes":"","_wp_rev_ctl_limit":""},"class_list":["post-17602","page","type-page","status-publish","hentry"],"yoast_head":"<!-- This site is optimized with the Yoast SEO plugin v26.4 - https:\/\/yoast.com\/wordpress\/plugins\/seo\/ -->\n<title>Hotel Mountain View **** - Aquacity Hotel<\/title>\n<meta name=\"robots\" content=\"index, follow, max-snippet:-1, max-image-preview:large, max-video-preview:-1\" \/>\n<link rel=\"canonical\" href=\"https:\/\/aquacityhotel.sk\/pl\/hotel-mountain-view\/\" \/>\n<meta property=\"og:locale\" content=\"pl_PL\" \/>\n<meta property=\"og:type\" content=\"article\" \/>\n<meta property=\"og:title\" content=\"Hotel Mountain View **** - Aquacity Hotel\" \/>\n<meta property=\"og:description\" content=\"[vc_row css=&#8221;.vc_custom_1612963086244{padding-bottom: 55px !important;}&#8221;][vc_column][\/vc_column][\/vc_row]\" \/>\n<meta property=\"og:url\" content=\"https:\/\/aquacityhotel.sk\/pl\/hotel-mountain-view\/\" \/>\n<meta property=\"og:site_name\" content=\"Aquacity Hotel\" \/>\n<meta property=\"article:modified_time\" content=\"2021-10-13T21:22:20+00:00\" \/>\n<meta name=\"twitter:card\" content=\"summary_large_image\" \/>\n<script type=\"application\/ld+json\" class=\"yoast-schema-graph\">{\"@context\":\"https:\/\/schema.org\",\"@graph\":[{\"@type\":\"WebPage\",\"@id\":\"https:\/\/aquacityhotel.sk\/pl\/hotel-mountain-view\/\",\"url\":\"https:\/\/aquacityhotel.sk\/pl\/hotel-mountain-view\/\",\"name\":\"Hotel Mountain View **** - Aquacity Hotel\",\"isPartOf\":{\"@id\":\"https:\/\/aquacityhotel.sk\/#website\"},\"datePublished\":\"2021-09-17T12:28:16+00:00\",\"dateModified\":\"2021-10-13T21:22:20+00:00\",\"breadcrumb\":{\"@id\":\"https:\/\/aquacityhotel.sk\/pl\/hotel-mountain-view\/#breadcrumb\"},\"inLanguage\":\"pl-PL\",\"potentialAction\":[{\"@type\":\"ReadAction\",\"target\":[\"https:\/\/aquacityhotel.sk\/pl\/hotel-mountain-view\/\"]}]},{\"@type\":\"BreadcrumbList\",\"@id\":\"https:\/\/aquacityhotel.sk\/pl\/hotel-mountain-view\/#breadcrumb\",\"itemListElement\":[{\"@type\":\"ListItem\",\"position\":1,\"name\":\"Domovsk\u00e1 str\u00e1nka\",\"item\":\"https:\/\/aquacityhotel.sk\/\"},{\"@type\":\"ListItem\",\"position\":2,\"name\":\"Hotel Mountain View ****\"}]},{\"@type\":\"WebSite\",\"@id\":\"https:\/\/aquacityhotel.sk\/#website\",\"url\":\"https:\/\/aquacityhotel.sk\/\",\"name\":\"Aquacity Hotel\",\"description\":\"Ubytovanie Vysok\u00e9 Tatry Slovensko\",\"potentialAction\":[{\"@type\":\"SearchAction\",\"target\":{\"@type\":\"EntryPoint\",\"urlTemplate\":\"https:\/\/aquacityhotel.sk\/?s={search_term_string}\"},\"query-input\":{\"@type\":\"PropertyValueSpecification\",\"valueRequired\":true,\"valueName\":\"search_term_string\"}}],\"inLanguage\":\"pl-PL\"}]}<\/script>\n<!-- \/ Yoast SEO plugin. -->","yoast_head_json":{"title":"Hotel Mountain View **** - Aquacity Hotel","robots":{"index":"index","follow":"follow","max-snippet":"max-snippet:-1","max-image-preview":"max-image-preview:large","max-video-preview":"max-video-preview:-1"},"canonical":"https:\/\/aquacityhotel.sk\/pl\/hotel-mountain-view\/","og_locale":"pl_PL","og_type":"article","og_title":"Hotel Mountain View **** - Aquacity Hotel","og_description":"[vc_row css=&#8221;.vc_custom_1612963086244{padding-bottom: 55px !important;}&#8221;][vc_column][\/vc_column][\/vc_row]","og_url":"https:\/\/aquacityhotel.sk\/pl\/hotel-mountain-view\/","og_site_name":"Aquacity Hotel","article_modified_time":"2021-10-13T21:22:20+00:00","twitter_card":"summary_large_image","schema":{"@context":"https:\/\/schema.org","@graph":[{"@type":"WebPage","@id":"https:\/\/aquacityhotel.sk\/pl\/hotel-mountain-view\/","url":"https:\/\/aquacityhotel.sk\/pl\/hotel-mountain-view\/","name":"Hotel Mountain View **** - Aquacity Hotel","isPartOf":{"@id":"https:\/\/aquacityhotel.sk\/#website"},"datePublished":"2021-09-17T12:28:16+00:00","dateModified":"2021-10-13T21:22:20+00:00","breadcrumb":{"@id":"https:\/\/aquacityhotel.sk\/pl\/hotel-mountain-view\/#breadcrumb"},"inLanguage":"pl-PL","potentialAction":[{"@type":"ReadAction","target":["https:\/\/aquacityhotel.sk\/pl\/hotel-mountain-view\/"]}]},{"@type":"BreadcrumbList","@id":"https:\/\/aquacityhotel.sk\/pl\/hotel-mountain-view\/#breadcrumb","itemListElement":[{"@type":"ListItem","position":1,"name":"Domovsk\u00e1 str\u00e1nka","item":"https:\/\/aquacityhotel.sk\/"},{"@type":"ListItem","position":2,"name":"Hotel Mountain View ****"}]},{"@type":"WebSite","@id":"https:\/\/aquacityhotel.sk\/#website","url":"https:\/\/aquacityhotel.sk\/","name":"Aquacity Hotel","description":"Ubytovanie Vysok\u00e9 Tatry Slovensko","potentialAction":[{"@type":"SearchAction","target":{"@type":"EntryPoint","urlTemplate":"https:\/\/aquacityhotel.sk\/?s={search_term_string}"},"query-input":{"@type":"PropertyValueSpecification","valueRequired":true,"valueName":"search_term_string"}}],"inLanguage":"pl-PL"}]}},"_links":{"self":[{"href":"https:\/\/aquacityhotel.sk\/pl\/wp-json\/wp\/v2\/pages\/17602","targetHints":{"allow":["GET"]}}],"collection":[{"href":"https:\/\/aquacityhotel.sk\/pl\/wp-json\/wp\/v2\/pages"}],"about":[{"href":"https:\/\/aquacityhotel.sk\/pl\/wp-json\/wp\/v2\/types\/page"}],"author":[{"embeddable":true,"href":"https:\/\/aquacityhotel.sk\/pl\/wp-json\/wp\/v2\/users\/7"}],"replies":[{"embeddable":true,"href":"https:\/\/aquacityhotel.sk\/pl\/wp-json\/wp\/v2\/comments?post=17602"}],"version-history":[{"count":2,"href":"https:\/\/aquacityhotel.sk\/pl\/wp-json\/wp\/v2\/pages\/17602\/revisions"}],"predecessor-version":[{"id":17609,"href":"https:\/\/aquacityhotel.sk\/pl\/wp-json\/wp\/v2\/pages\/17602\/revisions\/17609"}],"wp:attachment":[{"href":"https:\/\/aquacityhotel.sk\/pl\/wp-json\/wp\/v2\/media?parent=17602"}],"curies":[{"name":"wp","href":"https:\/\/api.w.org\/{rel}","templated":true}]}}