
{"id":16080,"date":"2021-02-09T10:25:49","date_gmt":"2021-02-09T09:25:49","guid":{"rendered":"https:\/\/horizontresort.sk\/informacie\/"},"modified":"2025-10-16T09:30:54","modified_gmt":"2025-10-16T07:30:54","slug":"przydatne-informacje","status":"publish","type":"page","link":"https:\/\/aquacityhotel.sk\/pl\/przydatne-informacje\/","title":{"rendered":"Przydatne informacje"},"content":{"rendered":"<p>[vc_row css=&#8221;.vc_custom_1621018293704{padding-top: 00px !important;padding-bottom: 00px !important;}&#8221;][vc_column][vc_column_text]<\/p>\n<h4><strong>Szanowni Go\u015bcie, zebrali\u015bmy dla Was najwa\u017cniejsze informacje dotycz\u0105ce pobytu w naszym hotelu. W przypadku pyta\u0144 prosimy o kontakt z nasz\u0105 recepcj\u0105 lub dzia\u0142em rezerwacji. \u017byczymy mi\u0142ego pobytu.<\/strong><\/h4>\n<p>[\/vc_column_text][vc_column_text][\/vc_column_text][\/vc_column][\/vc_row][vc_row css=&#8221;.vc_custom_1493989002803{padding-top: 80px !important;padding-bottom: 70px !important;}&#8221;][vc_column]<div class=\"mkdf-elements-holder   mkdf-one-column  mkdf-responsive-mode-768 \" ><div class=\"mkdf-eh-item    \"  data-item-class=\"mkdf-eh-custom-4900\">\n\t<div class=\"mkdf-eh-item-inner\">\n\t\t<div class=\"mkdf-eh-item-content mkdf-eh-custom-4900\" style=\"padding: 0px 5% 0px 0%\">\n\t\t\t<div class=\"mkdf-tabs  mkdf-tabs-boxed\">\n\t<ul class=\"mkdf-tabs-nav clearfix\">\n\t\t\t\t\t<li>\n\t\t\t\t\t\t\t\t\t<a href=\"#tab-recepcja-i-online-check-in\">RECEPCJA I ONLINE CHECK-IN<\/a>\n\t\t\t\t\t\t\t<\/li>\n\t\t\t\t\t<li>\n\t\t\t\t\t\t\t\t\t<a href=\"#tab-internet\">INTERNET<\/a>\n\t\t\t\t\t\t\t<\/li>\n\t\t\t\t\t<li>\n\t\t\t\t\t\t\t\t\t<a href=\"#tab-parking\">PARKING<\/a>\n\t\t\t\t\t\t\t<\/li>\n\t\t\t\t\t<li>\n\t\t\t\t\t\t\t\t\t<a href=\"#tab-wyzywienie\">WY\u017bYWIENIE<\/a>\n\t\t\t\t\t\t\t<\/li>\n\t\t\t\t\t<li>\n\t\t\t\t\t\t\t\t\t<a href=\"#tab-uslugi\">US\u0141UGI<\/a>\n\t\t\t\t\t\t\t<\/li>\n\t\t\t\t\t<li>\n\t\t\t\t\t\t\t\t\t<a href=\"#tab-uslugi-dla-rodzin-z-dziecmi\">US\u0141UGI DLA RODZIN Z DZIE\u0106MI<\/a>\n\t\t\t\t\t\t\t<\/li>\n\t\t\t\t\t<li>\n\t\t\t\t\t\t\t\t\t<a href=\"#tab-program-animacji\">PROGRAM ANIMACJI<\/a>\n\t\t\t\t\t\t\t<\/li>\n\t\t\t\t\t<li>\n\t\t\t\t\t\t\t\t\t<a href=\"#tab-karty-platnicze\">KARTY P\u0141ATNICZE<\/a>\n\t\t\t\t\t\t\t<\/li>\n\t\t\t\t\t<li>\n\t\t\t\t\t\t\t\t\t<a href=\"#tab-osoby-niepelnosprawne\">OSOBY NIEPE\u0141NOSPRAWNE<\/a>\n\t\t\t\t\t\t\t<\/li>\n\t\t\t\t\t<li>\n\t\t\t\t\t\t\t\t\t<a href=\"#tab-przechowalnia-nart\">PRZECHOWALNIA NART<\/a>\n\t\t\t\t\t\t\t<\/li>\n\t\t\t\t\t<li>\n\t\t\t\t\t\t\t\t\t<a href=\"#tab-zwierzeta\">ZWIERZ\u0118TA<\/a>\n\t\t\t\t\t\t\t<\/li>\n\t\t\t\t\t<li>\n\t\t\t\t\t\t\t\t\t<a href=\"#tab-palenie\">PALENIE<\/a>\n\t\t\t\t\t\t\t<\/li>\n\t\t\t\t\t<li>\n\t\t\t\t\t\t\t\t\t<a href=\"#tab-uslugi-wellness\">US\u0141UGI WELLNESS<\/a>\n\t\t\t\t\t\t\t<\/li>\n\t\t\t\t\t<li>\n\t\t\t\t\t\t\t\t\t<a href=\"#tab-godziny-otwarcia\">Godziny otwarcia<\/a>\n\t\t\t\t\t\t\t<\/li>\n\t\t\t<\/ul>\n\t<div class=\"mkdf-tab-container\" id=\"tab-recepcja-i-online-check-in-513\">[vc_column_text]<\/p>\n<p style=\"font-weight: 400;\"><strong>ONLINE CHECK-IN FORMULARZ REJESTRACYJNY\u00a0<\/strong><\/p>\n<p style=\"font-weight: 400;\">Aby zaoszcz\u0119dzi\u0107 Pa\u0144stwu czas i uprzyjemni\u0107 pobyt, wprowadzili\u015bmy szybki online check-in. Narz\u0119dzie to umo\u017cliwi szybkie i \u0142atwe zameldowanie bez zb\u0119dnego czekania w recepcji.<\/p>\n<p style=\"font-weight: 400;\"><strong>Na 3 dni przed przyjazdem automatycznie wy\u015blemy Pa\u0144stwu wiadomo\u015b\u0107 e-mail z pro\u015bb\u0105 o wype\u0142nienie karty meldunkowej.Je\u015bli zapomn\u0105 j\u0105 Pa\u0144stwo wype\u0142ni\u0107, system powiadomi o tym na 1 dzie\u0144 przed przyjazdem.<\/strong><\/p>\n<p style=\"font-weight: 400;\">Karta meldunkowa online jest bardzo prosta i wymaga podania podstawowych danych osobowych, takich jak imi\u0119, nazwisko, adres i numer dokumentu to\u017csamo\u015bci. Mo\u017cna j\u0105 wygodnie wype\u0142ni\u0107 z domu lub z dowolnego miejsca, na przyk\u0142ad podczas podr\u00f3\u017cy do nas. Potrzebujemy tych informacji do sfinalizowania rezerwacji, a wype\u0142nienie formularza pomo\u017ce nam przyspieszy\u0107 proces zameldowania i unikn\u0105\u0107 czekania w recepcji.<\/p>\n<p style=\"font-weight: 400;\"><strong>Prosimy, aby zawsze wype\u0142nia\u0107 kart\u0119 meldunkow\u0105 online. E-mail z formularzem otrzyma ka\u017cdy go\u015b\u0107 podczas rezerwacji pobytu.<\/strong><\/p>\n<p>&nbsp;<br \/>\n<a itemprop=\"url\" href=\"https:\/\/checkin.aquacity.sk\/appv2\/sk\/find\/ce59665b-2ea8-4d7f-a734-fbe1700227c1\" target=\"_self\" style=\"background-color: #be9252\" class=\"mkdf-btn mkdf-btn-medium mkdf-btn-solid\"  >\n    <span class=\"mkdf-btn-text\">ONLINE CHECK-IN<\/span>\n    <i class=\"mkdf-icon-font-awesome fa  \" ><\/i><\/a><br \/>\n&nbsp;<\/p>\n<ul>\n<li><strong>CHECK-IN<\/strong>\u00a0od godz. 14:00<\/li>\n<li><strong>CHECK-OUT<\/strong>\u00a0do godz. 10:00<\/li>\n<li><strong>LATE CHECK OUT &#8211; <\/strong>W przypadku zainteresowania wczesnym zameldowaniem (check \u2013 in) lub p\u00f3\u017anym wymeldowaniem (check \u2013 out) prosimy o kontakt z recepcj\u0105 hotelu. \u015awiadczenie takich dodatkowych us\u0142ug zale\u017cy od aktualnych mo\u017cliwo\u015bci operacyjnych i ob\u0142o\u017cenia hotelu.<br \/>\nOp\u0142ata za p\u00f3\u017ane wymeldowanie do godziny 13:00 wynosi 30 \u20ac, a do godziny 16:00 &#8211; 50% ceny pokoju\/1 noc.<br \/>\nWczesne zameldowanie &#8211; do godziny 10:00 &#8211; 50% z ceny pokoju\/1 noc, od godziny 10:00 do 14:00 &#8211; 30 \u20ac.<\/li>\n<\/ul>\n<p>Rejestracja go\u015bci hotelu Riverside odbywa si\u0119 w budynku g\u0142\u00f3wnym AquaCity Poprad, przy ulicy: \u0160portov\u00e1 1, na 3 pi\u0119trze. Podczas zameldowania otrzymaj\u0105 Pa\u0144stwo klucze do pokoju oraz instrukcje dotycz\u0105ce pobytu w hotelu Riverside.[\/vc_column_text]<\/div><div class=\"mkdf-tab-container\" id=\"tab-internet-657\">[vc_column_text]W ca\u0142ym hotelu maj\u0105 go\u015bcie <strong>bezp\u0142atny dost\u0119p do internetu<\/strong> za pomoc\u0105 WI-FI. Aby uzyska\u0107 dost\u0119p nale\u017cy zarejestrowa\u0107 si\u0119 w naszej aplikacji.[\/vc_column_text]<\/div><div class=\"mkdf-tab-container\" id=\"tab-parking-826\">[vc_column_text]W trakcie pobytu bezp\u0142atny parking jest dost\u0119pny na hotelowym parkingu strze\u017conym. Pojemno\u015b\u0107 parkingu hotelowego wynosi 32 + 60 miejsc.[\/vc_column_text]<\/div><div class=\"mkdf-tab-container\" id=\"tab-wyzywienie-419\">[vc_column_text]W naszej wyj\u0105tkowej restauracji hotelowej szef kuchni przygotowa\u0142 dla Pa\u0144stwa menu odpowiadaj\u0105ce najnowszym trendom kulinarnym. W cen\u0119 pobytu wliczone jest \u015bniadanie i obiadokolacja bez napoj\u00f3w.<\/p>\n<p><strong>Dress code<\/strong> <strong>w restauracji <\/strong>\u2013 zalecamy ubranie nieformalne. Wej\u015bcie do restauracji hotelowej w kostiumie k\u0105pielowym, szlafroku, kr\u00f3tkich spodniach lub klapkach jest niedozwolone.<\/p>\n<ul>\n<li><strong>\u015bniadania<\/strong> s\u0105 podawane w restauracji hotelowej obok recepcji na 1. pi\u0119trze w godzinach od 7:00 do 10:00<\/li>\n<li><strong>kolacje <\/strong>s\u0105 podawane w godzinach od 18:00 \u2013 21:00 (w okresie od 1.4. \u2013 28.9.) oraz od 17:00 \u2013 20:00 (w okresie od 29.9. \u2013 31.3.)<\/li>\n<li><strong data-start=\"425\" data-end=\"435\">obiady<\/strong> \u2013 Chef\u2019s menu serwowane jest w dni robocze, od poniedzia\u0142ku do pi\u0105tku, w godzinach 11:30\u201314:30. Menu weekendowe dost\u0119pne jest w pi\u0105tek 14:30\u201317:00, w sobot\u0119 i niedziel\u0119 11:30\u201317:00.<\/li>\n<li><strong data-start=\"633\" data-end=\"647\">snack menu<\/strong> \u2013 serwowane jest w Caf\u00e9 barze od poniedzia\u0142ku do niedzieli, w godzinach 11:30\u201317:00 oraz 18:00\u201321:00.<\/li>\n<li>w pokojach hotelowych maj\u0105 Pa\u0144stwo do dyspozycji bezp\u0142atny zestaw do parzenia kawy i herbaty<\/li>\n<\/ul>\n<p>[\/vc_column_text]<\/div><div class=\"mkdf-tab-container\" id=\"tab-uslugi-628\">[vc_column_text]<strong>Us\u0142ugi dost\u0119pne dla naszych go\u015bci <\/strong>&#8211; pralnia chemiczna i pralnia, \u017celazko i deska do prasowania na \u017cyczenie, sklep z pami\u0105tkami, us\u0142ugi informacji turystycznej, sejf w pokojach, przechowalnia baga\u017cu, transfer go\u015bci, kantor, wypo\u017cyczanie sprz\u0119tu audiowizualnego do organizacji konferencji (flipchart, rzutnik multimedialny, telewizor plazmowy, w zale\u017cno\u015bci od potrzeb\u2026) kopiowanie, us\u0142ugi sekretarskie, t\u0142umaczenia ustne, us\u0142ugi asystenckie.[\/vc_column_text]<\/div><div class=\"mkdf-tab-container\" id=\"tab-uslugi-dla-rodzin-z-dziecmi-962\">[vc_column_text]<strong>Podczas dokonywania rezerwacji prosimy o podanie wymaga\u0144 dotycz\u0105cych wyposa\u017cenia dla dzieci.<\/strong> Na \u017cyczenie <strong>bezp\u0142atnie <\/strong>\u0142\u00f3\u017ceczko dzieci\u0119ce, krzese\u0142ka do karmienia, schodki dla dzieci, wanienka, nocnik, podgrzewacz do butelek, blokady na gniazdka, szlafrok dzieci\u0119cy, menu dla dzieci w restauracji.<br \/>\nPieluszki dzieci\u0119ce, pieluszki do wody, r\u0119kawki, ko\u0142a nadmuchiwane i inne upominki dla dzieci mo\u017cna naby\u0107 w recepcji hotelu. Restauracja oferuje tak\u017ce menu dla dzieci.[\/vc_column_text]<\/div><div class=\"mkdf-tab-container\" id=\"tab-program-animacji-681\">[vc_column_text]W ka\u017cdy pi\u0105tek, sobot\u0119 i niedziel\u0119 odbywa si\u0119 w hotelu program rozrywkowy dla dzieci i doros\u0142ych, \u0107wiczenia w basenie, konkursy, imprezy dzieci\u0119ce, dyskoteki z maskotk\u0105. Podczas pobytu mo\u017cna skorzysta\u0107 z k\u0105cika dla dzieci obok Lobby baru.[\/vc_column_text]<\/div><div class=\"mkdf-tab-container\" id=\"tab-karty-platnicze-879\">[vc_column_text]W naszym hotelu akceptujemy nast\u0119puj\u0105ce rodzaje kart p\u0142atniczych: Master Card, VISA, VISA Electron, International Maestro, American Express. Hotel zastrzega sobie prawo do autoryzacji karty p\u0142atniczej po przyje\u017adzie do hotelu.[\/vc_column_text]<\/div><div class=\"mkdf-tab-container\" id=\"tab-osoby-niepelnosprawne-407\">[vc_column_text]Hotel Seasons a Riverside dysponuje pokojami przystosowanymi dla os\u00f3b niepe\u0142nosprawnych[\/vc_column_text]<\/div><div class=\"mkdf-tab-container\" id=\"tab-przechowalnia-nart-625\">[vc_column_text]Przechowalnia sprz\u0119tu narciarskiego przy wej\u015bciu do hotelu jest dost\u0119pna dla go\u015bci hotelowych. W sezonie zimowym spod hotelu kursuje w regularnych odst\u0119pach czasu SKI BUS, kt\u00f3ry odwiezie go\u015bci prosto do o\u015brodk\u00f3w narciarskich.[\/vc_column_text]<\/div><div class=\"mkdf-tab-container\" id=\"tab-zwierzeta-433\">[vc_column_text]Hotel przyjmuje tak\u017ce go\u015bci ze zwierz\u0119tami domowymi (psy i koty). Nie wolno jednak przebywa\u0107 ze zwierz\u0119tami w restauracji, barze, centrum wellness, ani k\u0105ciku dla dzieci. Z przyjemno\u015bci\u0105 bezp\u0142atnie wypo\u017cyczymy Pa\u0144stwu pos\u0142anie, misk\u0119 na jedzenie i wod\u0119. Op\u0142ata za pobyt wynosi 15 EUR\/ noc.<br \/>\nWe wszystkich pomieszczeniach publicznych pies musi znajdowa\u0107 si\u0119 na smyczy w towarzystwie w\u0142a\u015bciciela. Zwierz\u0105t nie wolno pozostawia\u0107 bez opieki. W przypadku zniszczenia mienia, go\u015b\u0107 zobowi\u0105zany jest do zap\u0142aty w ca\u0142o\u015bci za wyrz\u0105dzone szkody.[\/vc_column_text]<\/div><div class=\"mkdf-tab-container\" id=\"tab-palenie-839\">[vc_column_text]W AquaCity Porad obowi\u0105zuje zakaz palenia. Go\u015bcie maj\u0105 do dyspozycji Hollywood Suite &amp; Cocktail bar, kt\u00f3ry znajduje si\u0119 obok Caf\u00e9 baru, a palenie jest mo\u017cliwe tylko na tarasach zewn\u0119trznych. W pokojach obowi\u0105zuje ca\u0142kowity zakaz palenia, a w przypadku naruszenia zakazu naliczana b\u0119dzie op\u0142ata w wysoko\u015bci 50 EUR za sprz\u0105tanie i neutralizacj\u0119 zapach\u00f3w.[\/vc_column_text]<\/div><div class=\"mkdf-tab-container\" id=\"tab-uslugi-wellness-382\">[vc_column_text]<strong>HOTEL SEASONS **** i HOTEL MOUNTAIN VIEW ****<\/strong><\/p>\n<p>Go\u015bcie hotelu Seasons i Mountain View maj\u0105 nielimitowany wst\u0119p do aquaparku i strefy wellness przez ca\u0142y pobyt oraz w dniu wyjazdu.<\/p>\n<ul>\n<li>Wej\u015bcie do strefy wellness:\u00a0FIRE &amp; WATER WELLNESS &amp; SPA\u00a0\u2013 wst\u0119p do \u015bwiata saun oraz wszystkich krytych i zewn\u0119trznych basen\u00f3w w aquaparku: 8 saun i inhalacji (ceremonialna, solna, mentolowa, parowa, sucha, infra sauna), basen relaksacyjny z jacuzzi, dyszami do masa\u017cu i zatok\u0105 mi\u0142o\u015bci, jacuzzi, pomieszczenia relaksacyjne z bio kominkami, jaskinia \u015bnie\u017cna<\/li>\n<li>Wej\u015bcie do parku wodnego: STREFA RELAKSACYJNA \u2013 3 odkryte baseny termalne z atrakcjami wodnymi, 2 kryte baseny termalne Blue Diamond z barami wodnymi, 50 m basen p\u0142ywacki, sauna parowa. STREFA ROZRYWKI \u2013 kryte baseny relaksacyjne Blue Sapphire, kryty basen dla dzieci Treasure Island \u2013 Wyspa Skarb\u00f3w, place zabaw i boiska dla dzieci<br \/>\nKompleks letni \u2013 Piramida Maj\u00f3w, zewn\u0119trzny basen dla dzieci, strefa zabawy \u2013 nadmuchiwany park wodny pirat\u00f3w<\/li>\n<li>fitness centrum<\/li>\n<\/ul>\n<p><strong>HOTEL RIVERSIDE ***<\/strong><\/p>\n<p>Go\u015bcie hotelu Riverside maj\u0105 nielimitowany wst\u0119p do aquaparku przez ca\u0142y pobyt oraz w dniu wyjazdu.<\/p>\n<ul>\n<li>Wej\u015bcie do parku wodnego: STREFA RELAKSACYJNA \u2013 3 odkryte baseny termalne z atrakcjami wodnymi, 2 kryte baseny termalne Blue Diamond z barami wodnymi, 50 m basen p\u0142ywacki, sauna parowa. STREFA ROZRYWKI \u2013 kryte baseny relaksacyjne Blue Sapphire, kryty basen dla dzieci Treasure Island \u2013 Wyspa Skarb\u00f3w, place zabaw i boiska dla dzieci<br \/>\nKompleks letni \u2013 Piramida Maj\u00f3w, zewn\u0119trzny basen dla dzieci, strefa zabawy \u2013 nadmuchiwany park wodny pirat\u00f3w<\/li>\n<li><strong>OFERTA DODATKOWICH PAKIET\u00d3W WELLNESS:<br \/>\n<\/strong><strong>Pakiet WELLNESS za 15\u20ac \/ osoba<br \/>\n<\/strong>Pakiet obejmuje jednorazowe wej\u015bcie do centrum Fire &amp; Water Wellness &amp; Spa w trakcie pobytu.<\/li>\n<\/ul>\n<p>[\/vc_column_text]<\/div><div class=\"mkdf-tab-container\" id=\"tab-godziny-otwarcia-375\">[vc_row_inner][vc_column_inner offset=&#8221;vc_col-lg-6&#8243;]<div class=\"mkdf-section-title-holder  mkdf-st-standard mkdf-st-ha-center mkdf-st-title-left mkdf-st-normal-space \" style=\"text-align: center\">\n\t<div class=\"mkdf-st-inner\">\n\t\t\t\t\t\t\t<h3 class=\"mkdf-st-title\" >\n\t\t\t\tGodziny otwarcia\t\t\t\t\t\t\t<\/h3>\n\t\t\t\t\t\t\t<div class=\"mkdf-st-separator\" style=\"background-color: #c59d5f\"><\/div>\n\t\t\t\t\t<\/div>\n<\/div>[vc_empty_space height=&#8221;50px&#8221;]<div class=\"mkdf-section-title-holder  mkdf-st-two-columns  mkdf-st-title-left mkdf-st-normal-space \" >\n\t<div class=\"mkdf-st-inner\">\n\t\t\t\t\t\t\t<h4 class=\"mkdf-st-title\" style=\"color: #c59d5f\">\n\t\t\t\tRestauracja\t\t\t\t\t\t\t<\/h4>\n\t\t\t\t\t\t\t\t\t<h4 class=\"mkdf-st-text\" >\n\t\t\t\t7:00 - 21:00\t\t\t<\/h4>\n\t\t\t<\/div>\n<\/div><div class=\"mkdf-section-title-holder  mkdf-st-two-columns  mkdf-st-title-left mkdf-st-normal-space \" >\n\t<div class=\"mkdf-st-inner\">\n\t\t\t\t\t\t\t<h4 class=\"mkdf-st-title\" style=\"color: #c59d5f\">\n\t\t\t\tCaf\u00e9 bar\t\t\t\t\t\t\t<\/h4>\n\t\t\t\t\t\t\t\t\t<h4 class=\"mkdf-st-text\" >\n\t\t\t\t9:00 - 22:00\t\t\t<\/h4>\n\t\t\t<\/div>\n<\/div>[\/vc_column_inner][\/vc_row_inner][vc_empty_space height=&#8221;50px&#8221;]<\/div><\/div>\t\t<\/div>\n\t<\/div>\n<\/div><\/div>[\/vc_column][\/vc_row][vc_row][vc_column][vc_btn title=&#8221;Informacje o godzinach otwarcia Aquaparku i Centrum Wellness AquaCity Poprad znajdziesz tutaj&#8221; color=&#8221;primary&#8221; size=&#8221;lg&#8221; link=&#8221;url:https%3A%2F%2Faquacity.sk%2Fpl%2Fgodziny-otwarcia%2F|target:_blank&#8221;][\/vc_column][\/vc_row]<\/p>\n","protected":false},"excerpt":{"rendered":"<p>[vc_row css=&#8221;.vc_custom_1621018293704{padding-top: 00px !important;padding-bottom: 00px !important;}&#8221;][vc_column][vc_column_text] Szanowni Go\u015bcie, zebrali\u015bmy dla Was najwa\u017cniejsze informacje dotycz\u0105ce pobytu w naszym hotelu. W przypadku pyta\u0144 prosimy o kontakt z nasz\u0105 recepcj\u0105 lub dzia\u0142em rezerwacji. \u017byczymy mi\u0142ego pobytu. [\/vc_column_text][vc_column_text][\/vc_column_text][\/vc_column][\/vc_row][vc_row css=&#8221;.vc_custom_1493989002803{padding-top: 80px !important;padding-bottom: 70px !important;}&#8221;][vc_column][\/vc_column][\/vc_row][vc_row][vc_column][vc_btn title=&#8221;Informacje [&hellip;]<\/p>\n","protected":false},"author":7,"featured_media":0,"parent":0,"menu_order":0,"comment_status":"closed","ping_status":"closed","template":"","meta":{"inline_featured_image":false,"footnotes":"","_wp_rev_ctl_limit":""},"class_list":["post-16080","page","type-page","status-publish","hentry"],"yoast_head":"<!-- This site is optimized with the Yoast SEO plugin v26.4 - https:\/\/yoast.com\/wordpress\/plugins\/seo\/ -->\n<title>Przydatne informacje - Aquacity Hotel<\/title>\n<meta name=\"robots\" content=\"index, follow, max-snippet:-1, max-image-preview:large, max-video-preview:-1\" \/>\n<link rel=\"canonical\" href=\"https:\/\/aquacityhotel.sk\/informacie\/\" \/>\n<meta property=\"og:locale\" content=\"pl_PL\" \/>\n<meta property=\"og:type\" content=\"article\" \/>\n<meta property=\"og:title\" content=\"Przydatne informacje - Aquacity Hotel\" \/>\n<meta property=\"og:description\" content=\"[vc_row css=&#8221;.vc_custom_1621018293704{padding-top: 00px !important;padding-bottom: 00px !important;}&#8221;][vc_column][vc_column_text] Szanowni Go\u015bcie, zebrali\u015bmy dla Was najwa\u017cniejsze informacje dotycz\u0105ce pobytu w naszym hotelu. W przypadku pyta\u0144 prosimy o kontakt z nasz\u0105 recepcj\u0105 lub dzia\u0142em rezerwacji. \u017byczymy mi\u0142ego pobytu. [\/vc_column_text][vc_column_text][\/vc_column_text][\/vc_column][\/vc_row][vc_row css=&#8221;.vc_custom_1493989002803{padding-top: 80px !important;padding-bottom: 70px !important;}&#8221;][vc_column][\/vc_column][\/vc_row][vc_row][vc_column][vc_btn title=&#8221;Informacje [&hellip;]\" \/>\n<meta property=\"og:url\" content=\"https:\/\/aquacityhotel.sk\/informacie\/\" \/>\n<meta property=\"og:site_name\" content=\"Aquacity Hotel\" \/>\n<meta property=\"article:modified_time\" content=\"2025-10-16T07:30:54+00:00\" \/>\n<meta name=\"twitter:card\" content=\"summary_large_image\" \/>\n<meta name=\"twitter:label1\" content=\"Szacowany czas czytania\" \/>\n\t<meta name=\"twitter:data1\" content=\"6 minut\" \/>\n<script type=\"application\/ld+json\" class=\"yoast-schema-graph\">{\"@context\":\"https:\/\/schema.org\",\"@graph\":[{\"@type\":\"WebPage\",\"@id\":\"https:\/\/aquacityhotel.sk\/informacie\/\",\"url\":\"https:\/\/aquacityhotel.sk\/informacie\/\",\"name\":\"Przydatne informacje - Aquacity Hotel\",\"isPartOf\":{\"@id\":\"https:\/\/aquacityhotel.sk\/#website\"},\"datePublished\":\"2021-02-09T09:25:49+00:00\",\"dateModified\":\"2025-10-16T07:30:54+00:00\",\"breadcrumb\":{\"@id\":\"https:\/\/aquacityhotel.sk\/informacie\/#breadcrumb\"},\"inLanguage\":\"pl-PL\",\"potentialAction\":[{\"@type\":\"ReadAction\",\"target\":[\"https:\/\/aquacityhotel.sk\/informacie\/\"]}]},{\"@type\":\"BreadcrumbList\",\"@id\":\"https:\/\/aquacityhotel.sk\/informacie\/#breadcrumb\",\"itemListElement\":[{\"@type\":\"ListItem\",\"position\":1,\"name\":\"Domovsk\u00e1 str\u00e1nka\",\"item\":\"https:\/\/aquacityhotel.sk\/\"},{\"@type\":\"ListItem\",\"position\":2,\"name\":\"Przydatne informacje\"}]},{\"@type\":\"WebSite\",\"@id\":\"https:\/\/aquacityhotel.sk\/#website\",\"url\":\"https:\/\/aquacityhotel.sk\/\",\"name\":\"Aquacity Hotel\",\"description\":\"Ubytovanie Vysok\u00e9 Tatry Slovensko\",\"potentialAction\":[{\"@type\":\"SearchAction\",\"target\":{\"@type\":\"EntryPoint\",\"urlTemplate\":\"https:\/\/aquacityhotel.sk\/?s={search_term_string}\"},\"query-input\":{\"@type\":\"PropertyValueSpecification\",\"valueRequired\":true,\"valueName\":\"search_term_string\"}}],\"inLanguage\":\"pl-PL\"}]}<\/script>\n<!-- \/ Yoast SEO plugin. -->","yoast_head_json":{"title":"Przydatne informacje - Aquacity Hotel","robots":{"index":"index","follow":"follow","max-snippet":"max-snippet:-1","max-image-preview":"max-image-preview:large","max-video-preview":"max-video-preview:-1"},"canonical":"https:\/\/aquacityhotel.sk\/informacie\/","og_locale":"pl_PL","og_type":"article","og_title":"Przydatne informacje - Aquacity Hotel","og_description":"[vc_row css=&#8221;.vc_custom_1621018293704{padding-top: 00px !important;padding-bottom: 00px !important;}&#8221;][vc_column][vc_column_text] Szanowni Go\u015bcie, zebrali\u015bmy dla Was najwa\u017cniejsze informacje dotycz\u0105ce pobytu w naszym hotelu. W przypadku pyta\u0144 prosimy o kontakt z nasz\u0105 recepcj\u0105 lub dzia\u0142em rezerwacji. \u017byczymy mi\u0142ego pobytu. [\/vc_column_text][vc_column_text][\/vc_column_text][\/vc_column][\/vc_row][vc_row css=&#8221;.vc_custom_1493989002803{padding-top: 80px !important;padding-bottom: 70px !important;}&#8221;][vc_column][\/vc_column][\/vc_row][vc_row][vc_column][vc_btn title=&#8221;Informacje [&hellip;]","og_url":"https:\/\/aquacityhotel.sk\/informacie\/","og_site_name":"Aquacity Hotel","article_modified_time":"2025-10-16T07:30:54+00:00","twitter_card":"summary_large_image","twitter_misc":{"Szacowany czas czytania":"6 minut"},"schema":{"@context":"https:\/\/schema.org","@graph":[{"@type":"WebPage","@id":"https:\/\/aquacityhotel.sk\/informacie\/","url":"https:\/\/aquacityhotel.sk\/informacie\/","name":"Przydatne informacje - Aquacity Hotel","isPartOf":{"@id":"https:\/\/aquacityhotel.sk\/#website"},"datePublished":"2021-02-09T09:25:49+00:00","dateModified":"2025-10-16T07:30:54+00:00","breadcrumb":{"@id":"https:\/\/aquacityhotel.sk\/informacie\/#breadcrumb"},"inLanguage":"pl-PL","potentialAction":[{"@type":"ReadAction","target":["https:\/\/aquacityhotel.sk\/informacie\/"]}]},{"@type":"BreadcrumbList","@id":"https:\/\/aquacityhotel.sk\/informacie\/#breadcrumb","itemListElement":[{"@type":"ListItem","position":1,"name":"Domovsk\u00e1 str\u00e1nka","item":"https:\/\/aquacityhotel.sk\/"},{"@type":"ListItem","position":2,"name":"Przydatne informacje"}]},{"@type":"WebSite","@id":"https:\/\/aquacityhotel.sk\/#website","url":"https:\/\/aquacityhotel.sk\/","name":"Aquacity Hotel","description":"Ubytovanie Vysok\u00e9 Tatry Slovensko","potentialAction":[{"@type":"SearchAction","target":{"@type":"EntryPoint","urlTemplate":"https:\/\/aquacityhotel.sk\/?s={search_term_string}"},"query-input":{"@type":"PropertyValueSpecification","valueRequired":true,"valueName":"search_term_string"}}],"inLanguage":"pl-PL"}]}},"_links":{"self":[{"href":"https:\/\/aquacityhotel.sk\/pl\/wp-json\/wp\/v2\/pages\/16080","targetHints":{"allow":["GET"]}}],"collection":[{"href":"https:\/\/aquacityhotel.sk\/pl\/wp-json\/wp\/v2\/pages"}],"about":[{"href":"https:\/\/aquacityhotel.sk\/pl\/wp-json\/wp\/v2\/types\/page"}],"author":[{"embeddable":true,"href":"https:\/\/aquacityhotel.sk\/pl\/wp-json\/wp\/v2\/users\/7"}],"replies":[{"embeddable":true,"href":"https:\/\/aquacityhotel.sk\/pl\/wp-json\/wp\/v2\/comments?post=16080"}],"version-history":[{"count":32,"href":"https:\/\/aquacityhotel.sk\/pl\/wp-json\/wp\/v2\/pages\/16080\/revisions"}],"predecessor-version":[{"id":21765,"href":"https:\/\/aquacityhotel.sk\/pl\/wp-json\/wp\/v2\/pages\/16080\/revisions\/21765"}],"wp:attachment":[{"href":"https:\/\/aquacityhotel.sk\/pl\/wp-json\/wp\/v2\/media?parent=16080"}],"curies":[{"name":"wp","href":"https:\/\/api.w.org\/{rel}","templated":true}]}}