
{"id":16058,"date":"2021-02-19T14:00:42","date_gmt":"2021-02-19T13:00:42","guid":{"rendered":"https:\/\/horizontresort.sk\/ubytovaci-poriadok\/"},"modified":"2024-05-22T10:11:07","modified_gmt":"2024-05-22T08:11:07","slug":"regulamin-zakwaterowania","status":"publish","type":"page","link":"https:\/\/aquacityhotel.sk\/pl\/regulamin-zakwaterowania\/","title":{"rendered":"REGULAMIN ZAKWATEROWANIA"},"content":{"rendered":"<p>[vc_row row_content_width=&#8221;grid&#8221; css=&#8221;.vc_custom_1494240440152{padding-bottom: 40px !important;}&#8221;][vc_column][vc_column_text]<\/p>\n<h5>\n<span class=\"mkdf-highlight\" style=\"color: #ffffff;background-color: #c59d5f\">\n\t REGULAMIN ZAKWATEROWANIA <\/span><\/h5>\n<p>[\/vc_column_text][vc_column_text]Regulamin zakwaterowania wydany przez sp\u00f3\u0142k\u0119 <strong>Aquapark Poprad s.r.o. <\/strong>\u0160portov\u00e1 1397\/1, 058 01 Poprad, REGON: 36482609, NIP EU: SK2020020486, IBAN : SK 47 0900 0000 0004 9205 6683, SWIFT:GIBASKBX, sp\u00f3\u0142ka wpisana do Rejestru handlowego S\u0105du Okr\u0119gowego w Preszowie, oddzia\u0142: Sro, nr: 13805\/P (zwan\u0105 dalej \u201eus\u0142ugodawca\u201c) odnosi si\u0119 do \u015bwiadczenia us\u0142ug noclegowych i us\u0142ug z nimi zwi\u0105zanych (dalej jako \u201eus\u0142ugi\u201c) w obiekcie noclegowym (zwany dalej \u201ehotel\u201c) i reguluje prawa i obowi\u0105zki us\u0142ugodawcy oraz go\u015bci przebywaj\u0105cych w hotelu (zwany dalej \u201eklient\u201c lub \u201eklienci\u201c) od momentu przybycia klienta do obiektu a\u017c do uko\u0144czenia pobytu.<\/p>\n<ol>\n<li>W hotelu mo\u017ce by\u0107 zakwaterowana tylko osoba, kt\u00f3ra prawid\u0142owo si\u0119 zamelduje. W tym celu po przyje\u017adzie do obiektu go\u015b\u0107 przed\u0142o\u017cy pracownikowi recepcji hotelu wa\u017cny dow\u00f3d osobisty, paszport lub inny dokument to\u017csamo\u015bci.\u00a0 Pracownik recepcji wyda go\u015bciowi kart\u0119 zakwaterowania, na kt\u00f3rej b\u0119dzie znajdowa\u0142o si\u0119 jego imi\u0119 i nazwisko, numer pokoju, d\u0142ugo\u015b\u0107 pobytu oraz wyda kart\u0119 do pokoju. Klient jest zobowi\u0105zany zap\u0142aci\u0107 za zakwaterowanie i inne us\u0142ugi cen\u0119 ustalon\u0105 z g\u00f3ry przy rozpocz\u0119ciu pobytu. Rachunek jest wa\u017cny po jego przed\u0142o\u017ceniu.<\/li>\n<li>Niniejszy regulamin stanowi integraln\u0105 cz\u0119\u015b\u0107 umowy o zakwaterowaniu w rozumieniu \u00a7 754 i nast. Ustawy Rep. S\u0142owackiej nr 40\/1964 Kodeksu Cywilnego (zwanego dalej &#8220;Kodeksem cywilnym&#8221;), kt\u00f3ra zostaje zawarta mi\u0119dzy klientem a us\u0142ugodawc\u0105. Regulamin opublikowany jest na stronie internetowej hotelu www.aquacityhotel.sk a tak\u017ce umieszczony jest w recepcji. Poprzez przybycie do hotelu oraz korzystanie z us\u0142ug hotelu, klient potwierdza, \u017ce zapozna\u0142 si\u0119 z regulaminem i zobowi\u0105zuje si\u0119 do jego przestrzegania.<\/li>\n<li>Recepcja hotelu dzia\u0142a w trybie ci\u0105g\u0142ym \u2013 24 godzin dziennie. Pracownik recepcji w trakcie zameldowania wyja\u015bni klientowi warunki zakwaterowania i \u015bwiadczenia us\u0142ug, poinformuje na temat wyposa\u017cenia pokoju, przeka\u017ce podstawowe informacje na temat orientacji w hotelu i\u00a0zasad bezpiecze\u0144stwa, warunk\u00f3w parkowania pojazd\u00f3w, przechowywania sprz\u0119tu sportowego itp.<\/li>\n<li>W hotelu mog\u0105 zosta\u0107 zakwaterowane tylko osoby, kt\u00f3re nie cierpi\u0105 na \u017cadne choroby zaka\u017ane. Hotel ma prawo odm\u00f3wi\u0107 zameldowania klienta z chorob\u0105 zaka\u017an\u0105, infekcj\u0105 paso\u017cytnicz\u0105 lub inn\u0105 chorob\u0105, kt\u00f3ra mo\u017ce stanowi\u0107 zagro\u017cenie dla zdrowia pracownik\u00f3w us\u0142ugodawcy lub innych klient\u00f3w hotelu.<\/li>\n<li>Zakwaterowanie go\u015bci w hotelu odbywa si\u0119 w dniu rozpocz\u0119cia pobytu zgodnie z\u00a0rezerwacj\u0105 w godzinach od 14:00 (<em>check-in<\/em>), je\u017celi w potwierdzeniu rezerwacji us\u0142ugodawca nie okre\u015bli\u0142 innej mo\u017cliwej godziny rozpocz\u0119cia pobytu i\u00a0warunk\u00f3w (w tym ceny) wczesnego zameldowania (przed 14:00 w dniu rozpocz\u0119cia pobytu) (<em>early check-in<\/em>). W przypadku, gdy klient nie przyb\u0119dzie do hotelu najp\u00f3\u017aniej do godz. 24.00 bez wcze\u015bniejszego poinformowania us\u0142ugodawcy o p\u00f3\u017aniejszym przyje\u017adzie, us\u0142ugodawca ma prawo odst\u0105pi\u0107 zarezerwowany przez klienta pok\u00f3j \/ pokoje innym klientom. W takim przypadku klient nie ma prawa do zwrotu poniesionych koszt\u00f3w pobytu ani do jakiegokolwiek innego odszkodowania finansowego lub niefinansowego, ani do \u017cadnej innej rekompensaty.<\/li>\n<li>W wyj\u0105tkowych przypadkach hotel mo\u017ce zaoferowa\u0107 klientowi inne zakwaterowanie ni\u017c pierwotnie uzgodniono, je\u015bli zasadniczo nie r\u00f3\u017cni si\u0119 od pierwotnego zam\u00f3wienia.<\/li>\n<li>Obiekt oferuj\u0105cy zakwaterowanie na podstawie przepis\u00f3w pkt. 18.6 Regulaminu pocztowego \u2013 Cz\u0119\u015b\u0107 og\u00f3lna (komunikacja krajowa) oraz punktu 15.5 Regulaminu pocztowego \u2013 Cz\u0119\u015b\u0107 og\u00f3lna (komunikacja mi\u0119dzynarodowa) Poczty S\u0142owackiej) przyjmuje przesy\u0142ki adresowane do zakwaterowanych go\u015bci lub go\u015bci, kt\u00f3rzy maj\u0105 zam\u00f3wione us\u0142ugi hotelowe. Przesy\u0142ki te ma obowi\u0105zek dor\u0119czy\u0107 adresatom, a gdy nie jest to mo\u017cliwe, zwr\u00f3ci\u0107 je z powrotem.<\/li>\n<li>W przypadku choroby go\u015bcia lub wypadku, hotel zapewni go\u015bciowi pomoc medyczn\u0105 lub przewiezienie do szpitala.<\/li>\n<li>Hotel oferuje zakwaterowanym go\u015bciom us\u0142ugi w zakresie okre\u015blonym w Regulaminie zakwaterowania, Warunkach Handlowych oraz specyfikacji danej us\u0142ugi \u015bwiadczonej go\u015bciom przed zawarciem umowy o zakwaterowaniu.<\/li>\n<li>Wchodz\u0105c do pokoju hotelowego, klient we w\u0142asnym interesie skontroluje stan pokoju i\u00a0poszczeg\u00f3lne urz\u0105dzenia oraz ich funkcjonalno\u015b\u0107, a ewentualne usterki lub wady przeka\u017ce niezw\u0142ocznie recepcji hotelu. Go\u015b\u0107 korzysta z pokoju przez okres, kt\u00f3ry zosta\u0142 uzgodniony z\u00a0hotelem podczas zameldowania.<\/li>\n<li>Hol hotelowy oraz pomieszczenia lobby baru s\u0142u\u017c\u0105 do przyjmowania go\u015bci przez osoby zakwaterowane w hotelu. W pokoju hotelowym klient mo\u017ce przyjmowa\u0107 go\u015bci tylko za zgod\u0105 pracownika recepcji oraz po dokonaniu wpisu do ksi\u0119gi odwiedzin tylko w godzinach od 8.00 do 22.00.<\/li>\n<li>Go\u015b\u0107 ureguluje koszty pobytu po przyj\u015bciu na recepcj\u0119 hotelu. Go\u015b\u0107 wymelduje si\u0119 z hotelu najp\u00f3\u017aniej do godz. 10.00 w dniu wyjazdu i w tym samym czasie opu\u015bci pok\u00f3j. Je\u015bli go\u015b\u0107 nie zrobi tego w uzgodnionym czasie, hotel ma prawo obci\u0105\u017cy\u0107 klienta kosztami przed\u0142u\u017cenia pobytu za nast\u0119pny dzie\u0144. W przypadku zainteresowania wcze\u015bniejszym zameldowaniem lub p\u00f3\u017anym wymeldowaniem prosimy o kontakt z recepcj\u0105 hotelu. \u015awiadczenie tych dodatkowych us\u0142ug zale\u017cy od aktualnych mo\u017cliwo\u015bci operacyjnych i mo\u017cliwo\u015bci hotelu. Op\u0142ata za p\u00f3\u017ane wymeldowanie do godziny 13:00 \/ 30\u20ac, do godziny 16:00 \/ 50% ceny pokoju\/1 noc. Wcze\u015bniejsze zameldowanie do godziny 10:00 \/ 50% ceny pokoju\/1 noc, od 10:00 do 14:00 \/ 30\u20ac.<\/li>\n<li>W pokoju hotelowym bez zgody personelu nie mo\u017cna przenosi\u0107 sprz\u0119t\u00f3w, dokonywa\u0107 napraw, w jakikolwiek spos\u00f3b ingerowa\u0107 do sieci elektrycznej lub innej instalacji.<\/li>\n<li>Personel hotelu mo\u017ce wej\u015b\u0107 do pokoju w celu posprz\u0105tania, uzupe\u0142nienia wyposa\u017cenia minibaru itp., w razie potrzeby usuni\u0119cia awarii lub udzielenia pomocy medycznej, lub je\u015bli istnieje podejrzenie naruszenia niniejszego regulaminu lub powa\u017cnego zagro\u017cenia dla maj\u0105tku obiektu lub innych klient\u00f3w, lub istnieje zagro\u017cenie zdrowia i \u017cycia klient\u00f3w lub pracownik\u00f3w.<\/li>\n<li>W pokoju hotelowym nie mo\u017cna u\u017cywa\u0107 w\u0142asnych sprz\u0119t\u00f3w elektrycznych, z wyj\u0105tkiem sprz\u0119t\u00f3w przeznaczonych do higieny osobistej (maszynka do golenia, depilator, itp.) oraz \u0142adowarek do telefon\u00f3w kom\u00f3rkowych, tablet\u00f3w i notebook\u00f3w.<\/li>\n<li>Go\u015b\u0107 wychodz\u0105c z pokoju ma obowi\u0105zek zamkn\u0105\u0107 wszystkie kurki z wod\u0105, w pokoju i pomieszczeniach s\u0105siednich wy\u0142\u0105czy\u0107 \u015bwiat\u0142o i inne odbiorniki (radio, telewizor itd.) oraz zamkn\u0105\u0107 drzwi. Go\u015b\u0107 po zako\u0144czeniu pobytu, w dzie\u0144 wyjazdu podczas wymeldowania si\u0119 z hotelu odda w recepcji kart\u0119 chipow\u0105. Go\u015b\u0107 jest zobowi\u0105zany do pozostawienia pokoju w pierwotnym stanie. W przypadku wyrz\u0105dzenia szkody lub zmiany stanu pokoju hotelowego, klient ma obowi\u0105zek przed zako\u0144czeniem pobytu na w\u0142asny koszt doprowadzi\u0107 pok\u00f3j do pierwotnego stanu, w przeciwnym razie ma obowi\u0105zek uregulowania us\u0142ugodawcy wszelkich koszt\u00f3w zwi\u0105zanych z\u00a0doprowadzeniem pokoju do pierwotnego stanu.<\/li>\n<li>Ze wzgl\u0119d\u00f3w bezpiecze\u0144stwa w pokoju i wsp\u00f3lnych pomieszczeniach hotelowych nie mo\u017cna pozostawia\u0107 dzieci, kt\u00f3re nie uko\u0144czy\u0142y 10 lat, bez opieki os\u00f3b doros\u0142ych.<\/li>\n<li>Go\u015b\u0107 nie mo\u017ce przechowywa\u0107 w pokoju hotelowym przedmiot\u00f3w sportowych, do kt\u00f3rych przechowywania przeznaczone jest specjalne pomieszczenie. Zakwaterowanie ze zwierz\u0119ciem dozwolone jest tylko na podstawie zgody oraz uregulowania op\u0142aty za pobyt ze zwierz\u0119ciem.<br \/>\nPsy i inne zwierz\u0119ta mog\u0105 zosta\u0107 zakwaterowane zgodnie z odr\u0119bnymi przepisami. Cena za zakwaterowanie zwierz\u0105t jest naliczana na podstawie uzgodnionej ceny. Z zakwaterowaniem zwierz\u0105t wi\u0105\u017c\u0105 si\u0119 nast\u0119puj\u0105ce \u015brodki bezpiecze\u0144stwa:<br \/>\n\u2013 zabronione jest, aby zwierz\u0119ta przebywa\u0142y w pomieszczeniach hotelowych, w tym tak\u017ce w pokoju hotelowym, bez nadzoru zakwaterowanego go\u015bcia (w\u0142a\u015bciciela lub osoby towarzysz\u0105cej),<br \/>\n\u2013 zabronione jest, aby zwierz\u0119ta le\u017ca\u0142y lub siedzia\u0142y na \u0142\u00f3\u017ckach, krzes\u0142ach lub innym wyposa\u017ceniu, kt\u00f3re s\u0142u\u017cy do odpoczynku klient\u00f3w. Zabronione jest u\u017cywanie wanien, prysznic\u00f3w, umywalek lub innych urz\u0105dze\u0144 sanitarnych do k\u0105pieli lub mycia zwierz\u0105t,<br \/>\n\u2013 do karmienia zwierz\u0105t nie mo\u017cna u\u017cywa\u0107 inwentarza, kt\u00f3ry przeznaczony jest do podawania posi\u0142k\u00f3w i napoj\u00f3w go\u015bciom,<br \/>\n\u2013 odpowiedzialno\u015b\u0107 za szkody maj\u0105tkowe wyrz\u0105dzone hotelowi przez zwierz\u0119 ponosi go\u015b\u0107 lub w\u0142a\u015bciciel psa.<\/li>\n<li>Go\u015bcie mog\u0105 przechowywa\u0107 warto\u015bciowe rzeczy w sejfach, kt\u00f3re znajduj\u0105 si\u0119 w ka\u017cdym pokoju.<\/li>\n<li>W hotelu obowi\u0105zuje cisza nocna od godz. 22:00 do 06:00. Podczas ciszy nocnej klient nie mo\u017ce swoim zachowaniem zak\u0142\u00f3ca\u0107 spokoju innym klientom. Nie jest stosowne g\u0142o\u015bne ogl\u0105danie telewizji, g\u0142o\u015bne rozmowy, \u015bpiewanie, g\u0142o\u015bne rozmowy na korytarzach, na tarasie itp.<\/li>\n<li>W\u00a0hotelu w widocznym miejscu wywieszone s\u0105 przepisy przeciwpo\u017carowe \u2013 go\u015bcie podczas pobytu s\u0105 zobowi\u0105zani do ich przestrzegania.<\/li>\n<li>Palenie jest dozwolone tylko w specjalnych wyznaczonych do tego celu pomieszczeniach hotelowych. W pomieszczeniach hotelowych i pomieszczeniach wsp\u00f3lnych obowi\u0105zuje \u015bcis\u0142y zakaz palenia. Hotel za naruszenie tego zakazu mo\u017ce na\u0142o\u017cy\u0107 na go\u015bcia grzywn\u0119 w wysoko\u015bci 50,- EUR. Zakaz palenia dotyczy r\u00f3wnie\u017c tzw. papieros\u00f3w elektronicznych i innych podobnych produkt\u00f3w u\u017cywanych do palenia, nawet je\u015bli nie zawieraj\u0105 tytoniu. Osoby pal\u0105ce mog\u0105 skorzysta\u0107 z przeznaczonych do tego celu pomieszcze\u0144 \u2013 Hollywood Suite &amp; Cocktail bar, teren przed hotelem z popielniczk\u0105, taras hotelowy w Lobby Barze.<\/li>\n<li>Regulamin Reklamacji \u2013 5.1 Informacje na temat warunk\u00f3w i sposobie sk\u0142adania roszcze\u0144 z tytu\u0142u odpowiedzialno\u015bci us\u0142ugodawcy za wady (zwane dalej &#8220;reklamacj\u0105&#8221;), w tym danych dotycz\u0105cych miejsca sk\u0142adania reklamacji oraz procedury reklamacji us\u0142ug \u015bwiadczonych w obiekcie, reguluje Regulamin Reklamacji obiektu, opublikowany na stronie internetowej hotelu www.aquacityhotel.sk a tak\u017ce dost\u0119pny w recepcji hotelu.<\/li>\n<li>Us\u0142ugodawca ponosi odpowiedzialno\u015b\u0107 za szkody poniesione przez klienta w czasie pobytu w obiekcie na podstawie odpowiednich przepis\u00f3w Kodeksu Cywilnego oraz innych powszechnie obowi\u0105zuj\u0105cych przepis\u00f3w prawa obowi\u0105zuj\u0105cych w Republice S\u0142owackiej.<\/li>\n<li>W przypadku bi\u017cuterii, pieni\u0119dzy i innych kosztowno\u015bci us\u0142ugodawca odpowiada tylko do wysoko\u015bci 332,- EUR (\u0142\u0105czna suma wszystkich przyniesionych lub udokumentowanych kosztowno\u015bci w ci\u0105gu jednego pobytu w hotelu), chyba \u017ce zosta\u0142y przej\u0119te przez us\u0142ugodawc\u0119 do przechowania. Hotel oferuje mo\u017cliwo\u015b\u0107 przechowania bi\u017cuterii, pieni\u0119dzy i innych kosztowno\u015bci i umieszczenia ich w sejfie znajduj\u0105cym si\u0119 w recepcji hotelu, je\u015bli pozwalaj\u0105 na to mo\u017cliwo\u015bci operacyjne us\u0142ugodawcy. Klient jest zobowi\u0105zany do zapytania o\u00a0mo\u017cliwo\u015b\u0107 przechowania kosztowno\u015bci recepcj\u0119 hotelu podczas zameldowania lub kiedykolwiek w trakcie pobytu. Przechowaniem w my\u015bl rozumienia tego regulaminu nie jest przechowanie bi\u017cuterii, pieni\u0119dzy i innych kosztowno\u015bci w sejfie lub szafie w pokoju hotelowym.<\/li>\n<li>Klient ma obowi\u0105zek zg\u0142oszenia roszcze\u0144 z\u00a0tytu\u0142u odpowiedzialno\u015bci us\u0142ugodawcy za szkody, w terminie oraz w spos\u00f3b okre\u015blony przez odpowiednie przepisy Kodeksu Cywilnego, a tak\u017ce inne powszechnie obowi\u0105zuj\u0105ce przepisy prawa obowi\u0105zuj\u0105ce w Republice S\u0142owackiej.<\/li>\n<li>Rzeczy zapomniane przez go\u015bci w hotelu s\u0105 rejestrowane i przechowywane przez okres 6 miesi\u0119cy. Hotel dor\u0119czy zapomniane rzeczy klientowi wy\u0142\u0105cznie na jego wniosek dostarczony do hotelu w okre\u015blonym terminie podanym w pierwszym zdaniu niniejszego punktu, wy\u0142\u0105cznie na koszt klienta.<\/li>\n<li>Klient ponosi odpowiedzialno\u015b\u0107 za wyrz\u0105dzone przez niego lub osoby, za kt\u00f3re ponosi odpowiedzialno\u015b\u0107 szkody maj\u0105tkowe us\u0142ugodawcy i \/ lub hotelu, jak r\u00f3wnie\u017c na \u017cyciu, maj\u0105tku lub zdrowiu pracownik\u00f3w us\u0142ugodawcy lub innych klient\u00f3w. Klient jest zobowi\u0105zany zrekompensowa\u0107 szkody poszkodowanemu (us\u0142ugodawcy, klientowi lub pracownikowi) zgodnie z powszechnie obowi\u0105zuj\u0105cymi przepisami prawa.<\/li>\n<li>Go\u015b\u0107 jest zobowi\u0105zany zg\u0142osi\u0107 w recepcji hotelu informacj\u0119 na temat planowanej wycieczki oraz wpisa\u0107 to do ksi\u0119gi wyj\u015b\u0107 i wycieczek.<\/li>\n<li>Do hotelu mo\u017cna dojecha\u0107 samochodem tylko po drogach dojazdowych, a pojazd nale\u017cy zaparkowa\u0107 w miejscu przeznaczonym do parkowania dla zakwaterowanych go\u015bci. Parkingi hotelu nie s\u0105 strze\u017cone, a cena noclegu nie obejmuje pilnowania pojazdu na parkingu hotelowym ani \u017cadnego innego sposobu jego zabezpieczenia.<\/li>\n<li>Skargi go\u015bcia i ewentualne propozycje zwi\u0105zane z ulepszeniem funkcjonowania hotelu mo\u017cna zg\u0142asza\u0107 w recepcji.<\/li>\n<li>Go\u015b\u0107 ma obowi\u0105zek przestrzegania postanowie\u0144 niniejszego regulaminu zakwaterowania. W przypadku, gdy naruszy go w ra\u017c\u0105cy spos\u00f3b, hotel zgodnie z \u00a7 759 ust. 2 kodeksu cywilnego mo\u017ce odst\u0105pi\u0107 od umowy na \u015bwiadczenie us\u0142ug zakwaterowania jeszcze przed up\u0142yni\u0119ciem uzgodnionego terminu.<\/li>\n<\/ol>\n<p>Niniejszy regulamin wchodzi w \u017cycie i obowi\u0105zuje z dniem 1.4.2021.<\/p>\n<p>&nbsp;<\/p>\n<p>[\/vc_column_text][\/vc_column][\/vc_row]<\/p>\n","protected":false},"excerpt":{"rendered":"<p>[vc_row row_content_width=&#8221;grid&#8221; css=&#8221;.vc_custom_1494240440152{padding-bottom: 40px !important;}&#8221;][vc_column][vc_column_text] [\/vc_column_text][vc_column_text]Regulamin zakwaterowania wydany przez sp\u00f3\u0142k\u0119 Aquapark Poprad s.r.o. \u0160portov\u00e1 1397\/1, 058 01 Poprad, REGON: 36482609, NIP EU: SK2020020486, IBAN : SK 47 0900 0000 0004 9205 6683, SWIFT:GIBASKBX, sp\u00f3\u0142ka wpisana do Rejestru handlowego S\u0105du Okr\u0119gowego [&hellip;]<\/p>\n","protected":false},"author":7,"featured_media":0,"parent":0,"menu_order":0,"comment_status":"closed","ping_status":"closed","template":"full-width.php","meta":{"inline_featured_image":false,"footnotes":"","_wp_rev_ctl_limit":""},"class_list":["post-16058","page","type-page","status-publish","hentry"],"yoast_head":"<!-- This site is optimized with the Yoast SEO plugin v26.4 - https:\/\/yoast.com\/wordpress\/plugins\/seo\/ -->\n<title>REGULAMIN ZAKWATEROWANIA - Aquacity Hotel<\/title>\n<meta name=\"robots\" content=\"index, follow, max-snippet:-1, max-image-preview:large, max-video-preview:-1\" \/>\n<link rel=\"canonical\" href=\"https:\/\/aquacityhotel.sk\/pl\/regulamin-zakwaterowania\/\" \/>\n<meta property=\"og:locale\" content=\"pl_PL\" \/>\n<meta property=\"og:type\" content=\"article\" \/>\n<meta property=\"og:title\" content=\"REGULAMIN ZAKWATEROWANIA - Aquacity Hotel\" \/>\n<meta property=\"og:description\" content=\"[vc_row row_content_width=&#8221;grid&#8221; css=&#8221;.vc_custom_1494240440152{padding-bottom: 40px !important;}&#8221;][vc_column][vc_column_text] [\/vc_column_text][vc_column_text]Regulamin zakwaterowania wydany przez sp\u00f3\u0142k\u0119 Aquapark Poprad s.r.o. \u0160portov\u00e1 1397\/1, 058 01 Poprad, REGON: 36482609, NIP EU: SK2020020486, IBAN : SK 47 0900 0000 0004 9205 6683, SWIFT:GIBASKBX, sp\u00f3\u0142ka wpisana do Rejestru handlowego S\u0105du Okr\u0119gowego [&hellip;]\" \/>\n<meta property=\"og:url\" content=\"https:\/\/aquacityhotel.sk\/pl\/regulamin-zakwaterowania\/\" \/>\n<meta property=\"og:site_name\" content=\"Aquacity Hotel\" \/>\n<meta property=\"article:modified_time\" content=\"2024-05-22T08:11:07+00:00\" \/>\n<meta name=\"twitter:card\" content=\"summary_large_image\" \/>\n<meta name=\"twitter:label1\" content=\"Szacowany czas czytania\" \/>\n\t<meta name=\"twitter:data1\" content=\"10 minut\" \/>\n<script type=\"application\/ld+json\" class=\"yoast-schema-graph\">{\"@context\":\"https:\/\/schema.org\",\"@graph\":[{\"@type\":\"WebPage\",\"@id\":\"https:\/\/aquacityhotel.sk\/pl\/regulamin-zakwaterowania\/\",\"url\":\"https:\/\/aquacityhotel.sk\/pl\/regulamin-zakwaterowania\/\",\"name\":\"REGULAMIN ZAKWATEROWANIA - Aquacity Hotel\",\"isPartOf\":{\"@id\":\"https:\/\/aquacityhotel.sk\/#website\"},\"datePublished\":\"2021-02-19T13:00:42+00:00\",\"dateModified\":\"2024-05-22T08:11:07+00:00\",\"breadcrumb\":{\"@id\":\"https:\/\/aquacityhotel.sk\/pl\/regulamin-zakwaterowania\/#breadcrumb\"},\"inLanguage\":\"pl-PL\",\"potentialAction\":[{\"@type\":\"ReadAction\",\"target\":[\"https:\/\/aquacityhotel.sk\/pl\/regulamin-zakwaterowania\/\"]}]},{\"@type\":\"BreadcrumbList\",\"@id\":\"https:\/\/aquacityhotel.sk\/pl\/regulamin-zakwaterowania\/#breadcrumb\",\"itemListElement\":[{\"@type\":\"ListItem\",\"position\":1,\"name\":\"Domovsk\u00e1 str\u00e1nka\",\"item\":\"https:\/\/aquacityhotel.sk\/\"},{\"@type\":\"ListItem\",\"position\":2,\"name\":\"REGULAMIN ZAKWATEROWANIA\"}]},{\"@type\":\"WebSite\",\"@id\":\"https:\/\/aquacityhotel.sk\/#website\",\"url\":\"https:\/\/aquacityhotel.sk\/\",\"name\":\"Aquacity Hotel\",\"description\":\"Ubytovanie Vysok\u00e9 Tatry Slovensko\",\"potentialAction\":[{\"@type\":\"SearchAction\",\"target\":{\"@type\":\"EntryPoint\",\"urlTemplate\":\"https:\/\/aquacityhotel.sk\/?s={search_term_string}\"},\"query-input\":{\"@type\":\"PropertyValueSpecification\",\"valueRequired\":true,\"valueName\":\"search_term_string\"}}],\"inLanguage\":\"pl-PL\"}]}<\/script>\n<!-- \/ Yoast SEO plugin. -->","yoast_head_json":{"title":"REGULAMIN ZAKWATEROWANIA - Aquacity Hotel","robots":{"index":"index","follow":"follow","max-snippet":"max-snippet:-1","max-image-preview":"max-image-preview:large","max-video-preview":"max-video-preview:-1"},"canonical":"https:\/\/aquacityhotel.sk\/pl\/regulamin-zakwaterowania\/","og_locale":"pl_PL","og_type":"article","og_title":"REGULAMIN ZAKWATEROWANIA - Aquacity Hotel","og_description":"[vc_row row_content_width=&#8221;grid&#8221; css=&#8221;.vc_custom_1494240440152{padding-bottom: 40px !important;}&#8221;][vc_column][vc_column_text] [\/vc_column_text][vc_column_text]Regulamin zakwaterowania wydany przez sp\u00f3\u0142k\u0119 Aquapark Poprad s.r.o. \u0160portov\u00e1 1397\/1, 058 01 Poprad, REGON: 36482609, NIP EU: SK2020020486, IBAN : SK 47 0900 0000 0004 9205 6683, SWIFT:GIBASKBX, sp\u00f3\u0142ka wpisana do Rejestru handlowego S\u0105du Okr\u0119gowego [&hellip;]","og_url":"https:\/\/aquacityhotel.sk\/pl\/regulamin-zakwaterowania\/","og_site_name":"Aquacity Hotel","article_modified_time":"2024-05-22T08:11:07+00:00","twitter_card":"summary_large_image","twitter_misc":{"Szacowany czas czytania":"10 minut"},"schema":{"@context":"https:\/\/schema.org","@graph":[{"@type":"WebPage","@id":"https:\/\/aquacityhotel.sk\/pl\/regulamin-zakwaterowania\/","url":"https:\/\/aquacityhotel.sk\/pl\/regulamin-zakwaterowania\/","name":"REGULAMIN ZAKWATEROWANIA - Aquacity Hotel","isPartOf":{"@id":"https:\/\/aquacityhotel.sk\/#website"},"datePublished":"2021-02-19T13:00:42+00:00","dateModified":"2024-05-22T08:11:07+00:00","breadcrumb":{"@id":"https:\/\/aquacityhotel.sk\/pl\/regulamin-zakwaterowania\/#breadcrumb"},"inLanguage":"pl-PL","potentialAction":[{"@type":"ReadAction","target":["https:\/\/aquacityhotel.sk\/pl\/regulamin-zakwaterowania\/"]}]},{"@type":"BreadcrumbList","@id":"https:\/\/aquacityhotel.sk\/pl\/regulamin-zakwaterowania\/#breadcrumb","itemListElement":[{"@type":"ListItem","position":1,"name":"Domovsk\u00e1 str\u00e1nka","item":"https:\/\/aquacityhotel.sk\/"},{"@type":"ListItem","position":2,"name":"REGULAMIN ZAKWATEROWANIA"}]},{"@type":"WebSite","@id":"https:\/\/aquacityhotel.sk\/#website","url":"https:\/\/aquacityhotel.sk\/","name":"Aquacity Hotel","description":"Ubytovanie Vysok\u00e9 Tatry Slovensko","potentialAction":[{"@type":"SearchAction","target":{"@type":"EntryPoint","urlTemplate":"https:\/\/aquacityhotel.sk\/?s={search_term_string}"},"query-input":{"@type":"PropertyValueSpecification","valueRequired":true,"valueName":"search_term_string"}}],"inLanguage":"pl-PL"}]}},"_links":{"self":[{"href":"https:\/\/aquacityhotel.sk\/pl\/wp-json\/wp\/v2\/pages\/16058","targetHints":{"allow":["GET"]}}],"collection":[{"href":"https:\/\/aquacityhotel.sk\/pl\/wp-json\/wp\/v2\/pages"}],"about":[{"href":"https:\/\/aquacityhotel.sk\/pl\/wp-json\/wp\/v2\/types\/page"}],"author":[{"embeddable":true,"href":"https:\/\/aquacityhotel.sk\/pl\/wp-json\/wp\/v2\/users\/7"}],"replies":[{"embeddable":true,"href":"https:\/\/aquacityhotel.sk\/pl\/wp-json\/wp\/v2\/comments?post=16058"}],"version-history":[{"count":6,"href":"https:\/\/aquacityhotel.sk\/pl\/wp-json\/wp\/v2\/pages\/16058\/revisions"}],"predecessor-version":[{"id":20592,"href":"https:\/\/aquacityhotel.sk\/pl\/wp-json\/wp\/v2\/pages\/16058\/revisions\/20592"}],"wp:attachment":[{"href":"https:\/\/aquacityhotel.sk\/pl\/wp-json\/wp\/v2\/media?parent=16058"}],"curies":[{"name":"wp","href":"https:\/\/api.w.org\/{rel}","templated":true}]}}