
{"id":15882,"date":"2021-04-23T06:36:03","date_gmt":"2021-04-23T04:36:03","guid":{"rendered":"https:\/\/horizontresort.sk\/sportove-aktivity\/"},"modified":"2024-08-04T07:29:55","modified_gmt":"2024-08-04T05:29:55","slug":"uslugi-sportowe","status":"publish","type":"page","link":"https:\/\/aquacityhotel.sk\/pl\/uslugi-sportowe\/","title":{"rendered":"Uslugi sportowe"},"content":{"rendered":"<p>[vc_row][vc_column][vc_column_text]W hotelach AquaCity Poprad opr\u00f3cz licznych atrakcji wellness mo\u017cna zafundowa\u0107 sobie szerok\u0105 gam\u0119 us\u0142ug sportowych.[\/vc_column_text][\/vc_column][\/vc_row][vc_row content_text_aligment=&#8221;center&#8221; css=&#8221;.vc_custom_1494232305593{padding-top: 80px !important;padding-bottom: 30px !important;}&#8221;][vc_column width=&#8221;1\/2&#8243; offset=&#8221;vc_col-md-6&#8243;]<div class=\"mkdf-image-with-text-holder   \">\n    <div class=\"mkdf-iwt-image\">\n                                    <img loading=\"lazy\" decoding=\"async\" width=\"1920\" height=\"1080\" src=\"https:\/\/aquacityhotel.sk\/wp-content\/uploads\/2022\/07\/AquaCity_web_2022_00.jpg\" class=\"attachment-full size-full\" alt=\"\" srcset=\"https:\/\/aquacityhotel.sk\/wp-content\/uploads\/2022\/07\/AquaCity_web_2022_00.jpg 1920w, https:\/\/aquacityhotel.sk\/wp-content\/uploads\/2022\/07\/AquaCity_web_2022_00-300x169.jpg 300w, https:\/\/aquacityhotel.sk\/wp-content\/uploads\/2022\/07\/AquaCity_web_2022_00-1024x576.jpg 1024w, https:\/\/aquacityhotel.sk\/wp-content\/uploads\/2022\/07\/AquaCity_web_2022_00-768x432.jpg 768w, https:\/\/aquacityhotel.sk\/wp-content\/uploads\/2022\/07\/AquaCity_web_2022_00-1536x864.jpg 1536w, https:\/\/aquacityhotel.sk\/wp-content\/uploads\/2022\/07\/AquaCity_web_2022_00-1320x743.jpg 1320w, https:\/\/aquacityhotel.sk\/wp-content\/uploads\/2022\/07\/AquaCity_web_2022_00-600x338.jpg 600w\" sizes=\"auto, (max-width: 1920px) 100vw, 1920px\" \/>                        <\/div>\n    <div class=\"mkdf-iwt-text-holder\">\n        \n                    <h5 class=\"mkdf-iwt-title\" >CENTRUM FITNESS<\/h5>\n        \n        \n\t\t            <p class=\"mkdf-iwt-text\" >W naszym centrum fitness dost\u0119pne s\u0105 urz\u0105dzenia si\u0142owe, maszyny cardio, bie\u017cnie, symulator wio\u015blarski, na kt\u00f3rym mo\u017cna \u0107wiczy\u0107 wszystkie partie mi\u0119\u015bni. Zestawy \u0142aweczek, sztangi oraz \u0142atwy w u\u017cyciu i nowoczesny sprz\u0119t, kt\u00f3ry spe\u0142ni oczekiwania ka\u017cdego klienta. Do dyspozycji s\u0105 tak\u017ce nasi do\u015bwiadczeni instruktorzy, kt\u00f3rzy ch\u0119tnie pomog\u0105 i doradz\u0105 odno\u015bnie treningu. W AquaCity mo\u017cna \u0142atwo po\u0142\u0105czy\u0107 \u0107wiczenie z zabaw\u0105. Dzi\u0119ki zainwestowaniu w sprz\u0119t, przeszkolony personel, przestronne pomieszczenia centrum fitness, oraz komfortowe warunki w szatni gwarantujemy, \u017ce \u0107wiczenie b\u0119dzie przyjemne i korzystne. W przytulnym i mi\u0142ym otoczeniu na sprz\u0119cie do treningu kardiologicznego zbudujecie, utrzymacie i wzmocnicie swoj\u0105 kondycj\u0119, zdrowie i poczucie w\u0142asnej warto\u015bci. \u0106wiczenia cardio poprawiaj\u0105 uk\u0142ad kr\u0105\u017cenia, uk\u0142ad odporno\u015bciowy, pomagaj\u0105 w spalaniu t\u0142uszczu, zwi\u0119kszaj\u0105 sprawno\u015b\u0107 fizyczn\u0105 i redukuj\u0105 stres.<\/p>\n            <\/div>\n<\/div>[vc_empty_space height=&#8221;40px&#8221;][\/vc_column][vc_column width=&#8221;1\/2&#8243; offset=&#8221;vc_col-md-6&#8243;]<div class=\"mkdf-image-with-text-holder   \">\n    <div class=\"mkdf-iwt-image\">\n                                    <img loading=\"lazy\" decoding=\"async\" src=\"https:\/\/aquacityhotel.sk\/wp-content\/uploads\/2021\/09\/citybeach02-1920x1080.jpg\" alt=\"\" width=\"1920\" height=\"1080\" \/>                        <\/div>\n    <div class=\"mkdf-iwt-text-holder\">\n        \n                    <h5 class=\"mkdf-iwt-title\" >KOMPLEKS SPORTOWY<\/h5>\n        \n        \n\t\t            <p class=\"mkdf-iwt-text\" >Letni kompleks sportowy jest idealnym miejscem na zabaw\u0119 z przyjaci\u00f3\u0142mi, zorganizowanie imprez, festiwali, imprez teambuldingowych lub firemnych turniej\u00f3w sportowych. Znajduje si\u0119 tam piaszczysta pla\u017ca z piaskiem morskim, le\u017cakami, parasolami i barem na pla\u017cy z egzotyczn\u0105 muzyk\u0105 dla tych, kt\u00f3rzy chc\u0105 mie\u0107 prawdziwy wypoczynek pod Tatrami Wysokimi. Do dyspozycji s\u0105 r\u00f3\u017cne boiska i place sportowe: dwa boiska do gry w siatk\u00f3wk\u0119 pla\u017cow\u0105, boisko do gry w pla\u017cow\u0105 pi\u0142k\u0119 no\u017cn\u0105 z bramkami, nadmuchiwane zamki, basen piracki, zje\u017cd\u017calnie, trampoliny i inne atrakcje<\/p>\n            <\/div>\n<\/div>[vc_empty_space height=&#8221;40px&#8221;][\/vc_column][\/vc_row][vc_row equal_height=&#8221;yes&#8221; content_placement=&#8221;top&#8221; enable_arrows_animation=&#8221;no&#8221; css=&#8221;.vc_custom_1614164314443{padding-top: 0px !important;padding-right: 0px !important;padding-bottom: 0px !important;padding-left: 0px !important;}&#8221;][vc_column css=&#8221;.vc_custom_1614164333616{padding-top: 0px !important;padding-bottom: 0px !important;}&#8221; offset=&#8221;vc_col-lg-3 vc_col-md-12&#8243;]<div class=\"mkdf-elements-holder   mkdf-one-column  mkdf-responsive-mode-768 \" ><div class=\"mkdf-eh-item    \"  data-item-class=\"mkdf-eh-custom-9507\" data-1280-1600=\"35px 16px 0 50px\" data-1024-1280=\"28px 14px 0 51px\" data-768-1024=\"30px 89px 42px 134px\" data-680-768=\"20px 90px 40px 87px\" data-680=\"15px 45px 25px 61px\">\n\t<div class=\"mkdf-eh-item-inner\">\n\t\t<div class=\"mkdf-eh-item-content mkdf-eh-custom-9507\" style=\"padding: 122px 70px 0 88px\">\n\t\t\t[vc_column_text]<\/p>\n<h3 style=\"font-size: 24px; font-weight: 600;\">Galeria<\/h3>\n<p>[\/vc_column_text]<div class=\"mkdf-separator-holder clearfix  mkdf-separator-left \">\n\t<div class=\"mkdf-separator\" style=\"border-color: #333132;width: 60px;border-bottom-width: 1px;margin-top: 10px\"><\/div>\n<\/div>\n[vc_column_text]<\/p>\n<p style=\"margin-top: 0px;\">Us\u0142ugi sportowe w AquaCity Poprad<\/p>\n<p>[\/vc_column_text][vc_empty_space height=&#8221;8px&#8221;]<a itemprop=\"url\" href=\"https:\/\/aquacityhotel.sk\/pl\/galeria\/\" target=\"_blank\"  class=\"mkdf-btn mkdf-btn-medium mkdf-btn-simple\"  >\n    <span class=\"mkdf-btn-text\">Zobacz wi\u0119cej<\/span>\n    <\/a>\t\t<\/div>\n\t<\/div>\n<\/div><\/div>[\/vc_column][vc_column css=&#8221;.vc_custom_1493370933032{padding-top: 0px !important;padding-right: 0px !important;padding-bottom: 0px !important;padding-left: 12px !important;}&#8221; offset=&#8221;vc_col-lg-9 vc_col-md-12&#8243;]<div class=\"mkdf-image-gallery  mkdf-ig-carousel-type  mkdf-image-behavior-lightbox \">\n\t<div class=\"mkdf-ig-slider mkdf-owl-slider\" data-number-of-items=\"3\" data-enable-loop=\"yes\" data-enable-autoplay=\"yes\" data-slider-speed=\"5000\" data-slider-speed-animation=\"600\" data-slider-padding=\"no\" data-enable-navigation=\"no\" data-enable-pagination=\"no\">\n\t\t\t\t\t<div class=\"mkdf-ig-image\">\n\t\t\t\t\t\t\t\t\t<a itemprop=\"image\" class=\"mkdf-ig-lightbox mkdf-block-drag-link\" href=\"https:\/\/aquacityhotel.sk\/wp-content\/uploads\/2022\/07\/AquaCity_web_2022_00-1.jpg\" data-rel=\"prettyPhoto[image_gallery_pretty_photo-304]\" title=\"AquaCity_web_2022_00\">\n\t\t\t\t\t\t\t\t\t<img loading=\"lazy\" decoding=\"async\" width=\"1920\" height=\"1080\" src=\"https:\/\/aquacityhotel.sk\/wp-content\/uploads\/2022\/07\/AquaCity_web_2022_00-1.jpg\" class=\"attachment-full size-full\" alt=\"\" srcset=\"https:\/\/aquacityhotel.sk\/wp-content\/uploads\/2022\/07\/AquaCity_web_2022_00-1.jpg 1920w, https:\/\/aquacityhotel.sk\/wp-content\/uploads\/2022\/07\/AquaCity_web_2022_00-1-300x169.jpg 300w, https:\/\/aquacityhotel.sk\/wp-content\/uploads\/2022\/07\/AquaCity_web_2022_00-1-1024x576.jpg 1024w, https:\/\/aquacityhotel.sk\/wp-content\/uploads\/2022\/07\/AquaCity_web_2022_00-1-768x432.jpg 768w, https:\/\/aquacityhotel.sk\/wp-content\/uploads\/2022\/07\/AquaCity_web_2022_00-1-1536x864.jpg 1536w, https:\/\/aquacityhotel.sk\/wp-content\/uploads\/2022\/07\/AquaCity_web_2022_00-1-1320x743.jpg 1320w, https:\/\/aquacityhotel.sk\/wp-content\/uploads\/2022\/07\/AquaCity_web_2022_00-1-600x338.jpg 600w\" sizes=\"auto, (max-width: 1920px) 100vw, 1920px\" \/>\t\t\t\t\t\t\t\t\t<\/a>\n\t\t\t\t\t\t\t<\/div>\n\t\t\t\t\t<div class=\"mkdf-ig-image\">\n\t\t\t\t\t\t\t\t\t<a itemprop=\"image\" class=\"mkdf-ig-lightbox mkdf-block-drag-link\" href=\"https:\/\/aquacityhotel.sk\/wp-content\/uploads\/2022\/07\/AquaCity_web_2022_01.jpg\" data-rel=\"prettyPhoto[image_gallery_pretty_photo-304]\" title=\"AquaCity_web_2022_01\">\n\t\t\t\t\t\t\t\t\t<img loading=\"lazy\" decoding=\"async\" width=\"1920\" height=\"1080\" src=\"https:\/\/aquacityhotel.sk\/wp-content\/uploads\/2022\/07\/AquaCity_web_2022_01.jpg\" class=\"attachment-full size-full\" alt=\"\" srcset=\"https:\/\/aquacityhotel.sk\/wp-content\/uploads\/2022\/07\/AquaCity_web_2022_01.jpg 1920w, https:\/\/aquacityhotel.sk\/wp-content\/uploads\/2022\/07\/AquaCity_web_2022_01-300x169.jpg 300w, https:\/\/aquacityhotel.sk\/wp-content\/uploads\/2022\/07\/AquaCity_web_2022_01-1024x576.jpg 1024w, https:\/\/aquacityhotel.sk\/wp-content\/uploads\/2022\/07\/AquaCity_web_2022_01-768x432.jpg 768w, https:\/\/aquacityhotel.sk\/wp-content\/uploads\/2022\/07\/AquaCity_web_2022_01-1536x864.jpg 1536w, https:\/\/aquacityhotel.sk\/wp-content\/uploads\/2022\/07\/AquaCity_web_2022_01-1320x743.jpg 1320w, https:\/\/aquacityhotel.sk\/wp-content\/uploads\/2022\/07\/AquaCity_web_2022_01-600x338.jpg 600w\" sizes=\"auto, (max-width: 1920px) 100vw, 1920px\" \/>\t\t\t\t\t\t\t\t\t<\/a>\n\t\t\t\t\t\t\t<\/div>\n\t\t\t\t\t<div class=\"mkdf-ig-image\">\n\t\t\t\t\t\t\t\t\t<a itemprop=\"image\" class=\"mkdf-ig-lightbox mkdf-block-drag-link\" href=\"https:\/\/aquacityhotel.sk\/wp-content\/uploads\/2022\/07\/AquaCity_web_2022_02.jpg\" data-rel=\"prettyPhoto[image_gallery_pretty_photo-304]\" title=\"AquaCity_web_2022_02\">\n\t\t\t\t\t\t\t\t\t<img loading=\"lazy\" decoding=\"async\" width=\"1920\" height=\"1080\" src=\"https:\/\/aquacityhotel.sk\/wp-content\/uploads\/2022\/07\/AquaCity_web_2022_02.jpg\" class=\"attachment-full size-full\" alt=\"\" srcset=\"https:\/\/aquacityhotel.sk\/wp-content\/uploads\/2022\/07\/AquaCity_web_2022_02.jpg 1920w, https:\/\/aquacityhotel.sk\/wp-content\/uploads\/2022\/07\/AquaCity_web_2022_02-300x169.jpg 300w, https:\/\/aquacityhotel.sk\/wp-content\/uploads\/2022\/07\/AquaCity_web_2022_02-1024x576.jpg 1024w, https:\/\/aquacityhotel.sk\/wp-content\/uploads\/2022\/07\/AquaCity_web_2022_02-768x432.jpg 768w, https:\/\/aquacityhotel.sk\/wp-content\/uploads\/2022\/07\/AquaCity_web_2022_02-1536x864.jpg 1536w, https:\/\/aquacityhotel.sk\/wp-content\/uploads\/2022\/07\/AquaCity_web_2022_02-1320x743.jpg 1320w, https:\/\/aquacityhotel.sk\/wp-content\/uploads\/2022\/07\/AquaCity_web_2022_02-600x338.jpg 600w\" sizes=\"auto, (max-width: 1920px) 100vw, 1920px\" \/>\t\t\t\t\t\t\t\t\t<\/a>\n\t\t\t\t\t\t\t<\/div>\n\t\t\t\t\t<div class=\"mkdf-ig-image\">\n\t\t\t\t\t\t\t\t\t<a itemprop=\"image\" class=\"mkdf-ig-lightbox mkdf-block-drag-link\" href=\"https:\/\/aquacityhotel.sk\/wp-content\/uploads\/2022\/07\/AquaCity_web_2022_03.jpg\" data-rel=\"prettyPhoto[image_gallery_pretty_photo-304]\" title=\"AquaCity_web_2022_03\">\n\t\t\t\t\t\t\t\t\t<img loading=\"lazy\" decoding=\"async\" width=\"1920\" height=\"1080\" src=\"https:\/\/aquacityhotel.sk\/wp-content\/uploads\/2022\/07\/AquaCity_web_2022_03.jpg\" class=\"attachment-full size-full\" alt=\"\" srcset=\"https:\/\/aquacityhotel.sk\/wp-content\/uploads\/2022\/07\/AquaCity_web_2022_03.jpg 1920w, https:\/\/aquacityhotel.sk\/wp-content\/uploads\/2022\/07\/AquaCity_web_2022_03-300x169.jpg 300w, https:\/\/aquacityhotel.sk\/wp-content\/uploads\/2022\/07\/AquaCity_web_2022_03-1024x576.jpg 1024w, https:\/\/aquacityhotel.sk\/wp-content\/uploads\/2022\/07\/AquaCity_web_2022_03-768x432.jpg 768w, https:\/\/aquacityhotel.sk\/wp-content\/uploads\/2022\/07\/AquaCity_web_2022_03-1536x864.jpg 1536w, https:\/\/aquacityhotel.sk\/wp-content\/uploads\/2022\/07\/AquaCity_web_2022_03-1320x743.jpg 1320w, https:\/\/aquacityhotel.sk\/wp-content\/uploads\/2022\/07\/AquaCity_web_2022_03-600x338.jpg 600w\" sizes=\"auto, (max-width: 1920px) 100vw, 1920px\" \/>\t\t\t\t\t\t\t\t\t<\/a>\n\t\t\t\t\t\t\t<\/div>\n\t\t\t\t\t<div class=\"mkdf-ig-image\">\n\t\t\t\t\t\t\t\t\t<a itemprop=\"image\" class=\"mkdf-ig-lightbox mkdf-block-drag-link\" href=\"https:\/\/aquacityhotel.sk\/wp-content\/uploads\/2022\/07\/AquaCity_web_2022_04.jpg\" data-rel=\"prettyPhoto[image_gallery_pretty_photo-304]\" title=\"AquaCity_web_2022_04\">\n\t\t\t\t\t\t\t\t\t<img loading=\"lazy\" decoding=\"async\" width=\"1920\" height=\"1080\" src=\"https:\/\/aquacityhotel.sk\/wp-content\/uploads\/2022\/07\/AquaCity_web_2022_04.jpg\" class=\"attachment-full size-full\" alt=\"\" srcset=\"https:\/\/aquacityhotel.sk\/wp-content\/uploads\/2022\/07\/AquaCity_web_2022_04.jpg 1920w, https:\/\/aquacityhotel.sk\/wp-content\/uploads\/2022\/07\/AquaCity_web_2022_04-300x169.jpg 300w, https:\/\/aquacityhotel.sk\/wp-content\/uploads\/2022\/07\/AquaCity_web_2022_04-1024x576.jpg 1024w, https:\/\/aquacityhotel.sk\/wp-content\/uploads\/2022\/07\/AquaCity_web_2022_04-768x432.jpg 768w, https:\/\/aquacityhotel.sk\/wp-content\/uploads\/2022\/07\/AquaCity_web_2022_04-1536x864.jpg 1536w, https:\/\/aquacityhotel.sk\/wp-content\/uploads\/2022\/07\/AquaCity_web_2022_04-1320x743.jpg 1320w, https:\/\/aquacityhotel.sk\/wp-content\/uploads\/2022\/07\/AquaCity_web_2022_04-600x338.jpg 600w\" sizes=\"auto, (max-width: 1920px) 100vw, 1920px\" \/>\t\t\t\t\t\t\t\t\t<\/a>\n\t\t\t\t\t\t\t<\/div>\n\t\t\t\t\t<div class=\"mkdf-ig-image\">\n\t\t\t\t\t\t\t\t\t<a itemprop=\"image\" class=\"mkdf-ig-lightbox mkdf-block-drag-link\" href=\"https:\/\/aquacityhotel.sk\/wp-content\/uploads\/2022\/07\/AquaCity_web_2022_05.jpg\" data-rel=\"prettyPhoto[image_gallery_pretty_photo-304]\" title=\"AquaCity_web_2022_05\">\n\t\t\t\t\t\t\t\t\t<img loading=\"lazy\" decoding=\"async\" width=\"1920\" height=\"1080\" src=\"https:\/\/aquacityhotel.sk\/wp-content\/uploads\/2022\/07\/AquaCity_web_2022_05.jpg\" class=\"attachment-full size-full\" alt=\"\" srcset=\"https:\/\/aquacityhotel.sk\/wp-content\/uploads\/2022\/07\/AquaCity_web_2022_05.jpg 1920w, https:\/\/aquacityhotel.sk\/wp-content\/uploads\/2022\/07\/AquaCity_web_2022_05-300x169.jpg 300w, https:\/\/aquacityhotel.sk\/wp-content\/uploads\/2022\/07\/AquaCity_web_2022_05-1024x576.jpg 1024w, https:\/\/aquacityhotel.sk\/wp-content\/uploads\/2022\/07\/AquaCity_web_2022_05-768x432.jpg 768w, https:\/\/aquacityhotel.sk\/wp-content\/uploads\/2022\/07\/AquaCity_web_2022_05-1536x864.jpg 1536w, https:\/\/aquacityhotel.sk\/wp-content\/uploads\/2022\/07\/AquaCity_web_2022_05-1320x743.jpg 1320w, https:\/\/aquacityhotel.sk\/wp-content\/uploads\/2022\/07\/AquaCity_web_2022_05-600x338.jpg 600w\" sizes=\"auto, (max-width: 1920px) 100vw, 1920px\" \/>\t\t\t\t\t\t\t\t\t<\/a>\n\t\t\t\t\t\t\t<\/div>\n\t\t\t\t\t<div class=\"mkdf-ig-image\">\n\t\t\t\t\t\t\t\t\t<a itemprop=\"image\" class=\"mkdf-ig-lightbox mkdf-block-drag-link\" href=\"https:\/\/aquacityhotel.sk\/wp-content\/uploads\/2022\/07\/AquaCity_web_2022_06-1.jpg\" data-rel=\"prettyPhoto[image_gallery_pretty_photo-304]\" title=\"AquaCity_web_2022_06\">\n\t\t\t\t\t\t\t\t\t<img loading=\"lazy\" decoding=\"async\" width=\"1920\" height=\"1080\" src=\"https:\/\/aquacityhotel.sk\/wp-content\/uploads\/2022\/07\/AquaCity_web_2022_06-1.jpg\" class=\"attachment-full size-full\" alt=\"\" srcset=\"https:\/\/aquacityhotel.sk\/wp-content\/uploads\/2022\/07\/AquaCity_web_2022_06-1.jpg 1920w, https:\/\/aquacityhotel.sk\/wp-content\/uploads\/2022\/07\/AquaCity_web_2022_06-1-300x169.jpg 300w, https:\/\/aquacityhotel.sk\/wp-content\/uploads\/2022\/07\/AquaCity_web_2022_06-1-1024x576.jpg 1024w, https:\/\/aquacityhotel.sk\/wp-content\/uploads\/2022\/07\/AquaCity_web_2022_06-1-768x432.jpg 768w, https:\/\/aquacityhotel.sk\/wp-content\/uploads\/2022\/07\/AquaCity_web_2022_06-1-1536x864.jpg 1536w, https:\/\/aquacityhotel.sk\/wp-content\/uploads\/2022\/07\/AquaCity_web_2022_06-1-1320x743.jpg 1320w, https:\/\/aquacityhotel.sk\/wp-content\/uploads\/2022\/07\/AquaCity_web_2022_06-1-600x338.jpg 600w\" sizes=\"auto, (max-width: 1920px) 100vw, 1920px\" \/>\t\t\t\t\t\t\t\t\t<\/a>\n\t\t\t\t\t\t\t<\/div>\n\t\t\t\t\t<div class=\"mkdf-ig-image\">\n\t\t\t\t\t\t\t\t\t<a itemprop=\"image\" class=\"mkdf-ig-lightbox mkdf-block-drag-link\" href=\"https:\/\/aquacityhotel.sk\/wp-content\/uploads\/2022\/07\/AquaCity_web_2022_07.jpg\" data-rel=\"prettyPhoto[image_gallery_pretty_photo-304]\" title=\"AquaCity_web_2022_07\">\n\t\t\t\t\t\t\t\t\t<img loading=\"lazy\" decoding=\"async\" width=\"1920\" height=\"1080\" src=\"https:\/\/aquacityhotel.sk\/wp-content\/uploads\/2022\/07\/AquaCity_web_2022_07.jpg\" class=\"attachment-full size-full\" alt=\"\" srcset=\"https:\/\/aquacityhotel.sk\/wp-content\/uploads\/2022\/07\/AquaCity_web_2022_07.jpg 1920w, https:\/\/aquacityhotel.sk\/wp-content\/uploads\/2022\/07\/AquaCity_web_2022_07-300x169.jpg 300w, https:\/\/aquacityhotel.sk\/wp-content\/uploads\/2022\/07\/AquaCity_web_2022_07-1024x576.jpg 1024w, https:\/\/aquacityhotel.sk\/wp-content\/uploads\/2022\/07\/AquaCity_web_2022_07-768x432.jpg 768w, https:\/\/aquacityhotel.sk\/wp-content\/uploads\/2022\/07\/AquaCity_web_2022_07-1536x864.jpg 1536w, https:\/\/aquacityhotel.sk\/wp-content\/uploads\/2022\/07\/AquaCity_web_2022_07-1320x743.jpg 1320w, https:\/\/aquacityhotel.sk\/wp-content\/uploads\/2022\/07\/AquaCity_web_2022_07-600x338.jpg 600w\" sizes=\"auto, (max-width: 1920px) 100vw, 1920px\" \/>\t\t\t\t\t\t\t\t\t<\/a>\n\t\t\t\t\t\t\t<\/div>\n\t\t\t<\/div>\n<\/div>[\/vc_column][\/vc_row][vc_row][vc_column][vc_separator][\/vc_column][\/vc_row][vc_row][vc_column][vc_separator][vc_separator][\/vc_column][\/vc_row][vc_row][vc_column][vc_empty_space][\/vc_column][\/vc_row]<\/p>\n","protected":false},"excerpt":{"rendered":"<p>[vc_row][vc_column][vc_column_text]W hotelach AquaCity Poprad opr\u00f3cz licznych atrakcji wellness mo\u017cna zafundowa\u0107 sobie szerok\u0105 gam\u0119 us\u0142ug sportowych.[\/vc_column_text][\/vc_column][\/vc_row][vc_row content_text_aligment=&#8221;center&#8221; css=&#8221;.vc_custom_1494232305593{padding-top: 80px !important;padding-bottom: 30px !important;}&#8221;][vc_column width=&#8221;1\/2&#8243; offset=&#8221;vc_col-md-6&#8243;][vc_empty_space height=&#8221;40px&#8221;][\/vc_column][vc_column width=&#8221;1\/2&#8243; offset=&#8221;vc_col-md-6&#8243;][vc_empty_space height=&#8221;40px&#8221;][\/vc_column][\/vc_row][vc_row equal_height=&#8221;yes&#8221; content_placement=&#8221;top&#8221; enable_arrows_animation=&#8221;no&#8221; css=&#8221;.vc_custom_1614164314443{padding-top: 0px !important;padding-right: 0px !important;padding-bottom: 0px !important;padding-left: 0px !important;}&#8221;][vc_column css=&#8221;.vc_custom_1614164333616{padding-top: [&hellip;]<\/p>\n","protected":false},"author":2,"featured_media":0,"parent":0,"menu_order":0,"comment_status":"closed","ping_status":"closed","template":"","meta":{"inline_featured_image":false,"footnotes":"","_wp_rev_ctl_limit":""},"class_list":["post-15882","page","type-page","status-publish","hentry"],"yoast_head":"<!-- This site is optimized with the Yoast SEO plugin v26.4 - https:\/\/yoast.com\/wordpress\/plugins\/seo\/ -->\n<title>Uslugi sportowe - Aquacity Hotel<\/title>\n<meta name=\"robots\" content=\"index, follow, max-snippet:-1, max-image-preview:large, max-video-preview:-1\" \/>\n<link rel=\"canonical\" href=\"https:\/\/aquacityhotel.sk\/sportove-aktivity\/\" \/>\n<meta property=\"og:locale\" content=\"pl_PL\" \/>\n<meta property=\"og:type\" content=\"article\" \/>\n<meta property=\"og:title\" content=\"Uslugi sportowe - Aquacity Hotel\" \/>\n<meta property=\"og:description\" content=\"[vc_row][vc_column][vc_column_text]W hotelach AquaCity Poprad opr\u00f3cz licznych atrakcji wellness mo\u017cna zafundowa\u0107 sobie szerok\u0105 gam\u0119 us\u0142ug sportowych.[\/vc_column_text][\/vc_column][\/vc_row][vc_row content_text_aligment=&#8221;center&#8221; css=&#8221;.vc_custom_1494232305593{padding-top: 80px !important;padding-bottom: 30px !important;}&#8221;][vc_column width=&#8221;1\/2&#8243; offset=&#8221;vc_col-md-6&#8243;][vc_empty_space height=&#8221;40px&#8221;][\/vc_column][vc_column width=&#8221;1\/2&#8243; offset=&#8221;vc_col-md-6&#8243;][vc_empty_space height=&#8221;40px&#8221;][\/vc_column][\/vc_row][vc_row equal_height=&#8221;yes&#8221; content_placement=&#8221;top&#8221; enable_arrows_animation=&#8221;no&#8221; css=&#8221;.vc_custom_1614164314443{padding-top: 0px !important;padding-right: 0px !important;padding-bottom: 0px !important;padding-left: 0px !important;}&#8221;][vc_column css=&#8221;.vc_custom_1614164333616{padding-top: [&hellip;]\" \/>\n<meta property=\"og:url\" content=\"https:\/\/aquacityhotel.sk\/sportove-aktivity\/\" \/>\n<meta property=\"og:site_name\" content=\"Aquacity Hotel\" \/>\n<meta property=\"article:modified_time\" content=\"2024-08-04T05:29:55+00:00\" \/>\n<meta name=\"twitter:card\" content=\"summary_large_image\" \/>\n<meta name=\"twitter:label1\" content=\"Szacowany czas czytania\" \/>\n\t<meta name=\"twitter:data1\" content=\"3 minuty\" \/>\n<script type=\"application\/ld+json\" class=\"yoast-schema-graph\">{\"@context\":\"https:\/\/schema.org\",\"@graph\":[{\"@type\":\"WebPage\",\"@id\":\"https:\/\/aquacityhotel.sk\/sportove-aktivity\/\",\"url\":\"https:\/\/aquacityhotel.sk\/sportove-aktivity\/\",\"name\":\"Uslugi sportowe - Aquacity Hotel\",\"isPartOf\":{\"@id\":\"https:\/\/aquacityhotel.sk\/#website\"},\"datePublished\":\"2021-04-23T04:36:03+00:00\",\"dateModified\":\"2024-08-04T05:29:55+00:00\",\"breadcrumb\":{\"@id\":\"https:\/\/aquacityhotel.sk\/sportove-aktivity\/#breadcrumb\"},\"inLanguage\":\"pl-PL\",\"potentialAction\":[{\"@type\":\"ReadAction\",\"target\":[\"https:\/\/aquacityhotel.sk\/sportove-aktivity\/\"]}]},{\"@type\":\"BreadcrumbList\",\"@id\":\"https:\/\/aquacityhotel.sk\/sportove-aktivity\/#breadcrumb\",\"itemListElement\":[{\"@type\":\"ListItem\",\"position\":1,\"name\":\"Domovsk\u00e1 str\u00e1nka\",\"item\":\"https:\/\/aquacityhotel.sk\/\"},{\"@type\":\"ListItem\",\"position\":2,\"name\":\"Uslugi sportowe\"}]},{\"@type\":\"WebSite\",\"@id\":\"https:\/\/aquacityhotel.sk\/#website\",\"url\":\"https:\/\/aquacityhotel.sk\/\",\"name\":\"Aquacity Hotel\",\"description\":\"Ubytovanie Vysok\u00e9 Tatry Slovensko\",\"potentialAction\":[{\"@type\":\"SearchAction\",\"target\":{\"@type\":\"EntryPoint\",\"urlTemplate\":\"https:\/\/aquacityhotel.sk\/?s={search_term_string}\"},\"query-input\":{\"@type\":\"PropertyValueSpecification\",\"valueRequired\":true,\"valueName\":\"search_term_string\"}}],\"inLanguage\":\"pl-PL\"}]}<\/script>\n<!-- \/ Yoast SEO plugin. -->","yoast_head_json":{"title":"Uslugi sportowe - Aquacity Hotel","robots":{"index":"index","follow":"follow","max-snippet":"max-snippet:-1","max-image-preview":"max-image-preview:large","max-video-preview":"max-video-preview:-1"},"canonical":"https:\/\/aquacityhotel.sk\/sportove-aktivity\/","og_locale":"pl_PL","og_type":"article","og_title":"Uslugi sportowe - Aquacity Hotel","og_description":"[vc_row][vc_column][vc_column_text]W hotelach AquaCity Poprad opr\u00f3cz licznych atrakcji wellness mo\u017cna zafundowa\u0107 sobie szerok\u0105 gam\u0119 us\u0142ug sportowych.[\/vc_column_text][\/vc_column][\/vc_row][vc_row content_text_aligment=&#8221;center&#8221; css=&#8221;.vc_custom_1494232305593{padding-top: 80px !important;padding-bottom: 30px !important;}&#8221;][vc_column width=&#8221;1\/2&#8243; offset=&#8221;vc_col-md-6&#8243;][vc_empty_space height=&#8221;40px&#8221;][\/vc_column][vc_column width=&#8221;1\/2&#8243; offset=&#8221;vc_col-md-6&#8243;][vc_empty_space height=&#8221;40px&#8221;][\/vc_column][\/vc_row][vc_row equal_height=&#8221;yes&#8221; content_placement=&#8221;top&#8221; enable_arrows_animation=&#8221;no&#8221; css=&#8221;.vc_custom_1614164314443{padding-top: 0px !important;padding-right: 0px !important;padding-bottom: 0px !important;padding-left: 0px !important;}&#8221;][vc_column css=&#8221;.vc_custom_1614164333616{padding-top: [&hellip;]","og_url":"https:\/\/aquacityhotel.sk\/sportove-aktivity\/","og_site_name":"Aquacity Hotel","article_modified_time":"2024-08-04T05:29:55+00:00","twitter_card":"summary_large_image","twitter_misc":{"Szacowany czas czytania":"3 minuty"},"schema":{"@context":"https:\/\/schema.org","@graph":[{"@type":"WebPage","@id":"https:\/\/aquacityhotel.sk\/sportove-aktivity\/","url":"https:\/\/aquacityhotel.sk\/sportove-aktivity\/","name":"Uslugi sportowe - Aquacity Hotel","isPartOf":{"@id":"https:\/\/aquacityhotel.sk\/#website"},"datePublished":"2021-04-23T04:36:03+00:00","dateModified":"2024-08-04T05:29:55+00:00","breadcrumb":{"@id":"https:\/\/aquacityhotel.sk\/sportove-aktivity\/#breadcrumb"},"inLanguage":"pl-PL","potentialAction":[{"@type":"ReadAction","target":["https:\/\/aquacityhotel.sk\/sportove-aktivity\/"]}]},{"@type":"BreadcrumbList","@id":"https:\/\/aquacityhotel.sk\/sportove-aktivity\/#breadcrumb","itemListElement":[{"@type":"ListItem","position":1,"name":"Domovsk\u00e1 str\u00e1nka","item":"https:\/\/aquacityhotel.sk\/"},{"@type":"ListItem","position":2,"name":"Uslugi sportowe"}]},{"@type":"WebSite","@id":"https:\/\/aquacityhotel.sk\/#website","url":"https:\/\/aquacityhotel.sk\/","name":"Aquacity Hotel","description":"Ubytovanie Vysok\u00e9 Tatry Slovensko","potentialAction":[{"@type":"SearchAction","target":{"@type":"EntryPoint","urlTemplate":"https:\/\/aquacityhotel.sk\/?s={search_term_string}"},"query-input":{"@type":"PropertyValueSpecification","valueRequired":true,"valueName":"search_term_string"}}],"inLanguage":"pl-PL"}]}},"_links":{"self":[{"href":"https:\/\/aquacityhotel.sk\/pl\/wp-json\/wp\/v2\/pages\/15882","targetHints":{"allow":["GET"]}}],"collection":[{"href":"https:\/\/aquacityhotel.sk\/pl\/wp-json\/wp\/v2\/pages"}],"about":[{"href":"https:\/\/aquacityhotel.sk\/pl\/wp-json\/wp\/v2\/types\/page"}],"author":[{"embeddable":true,"href":"https:\/\/aquacityhotel.sk\/pl\/wp-json\/wp\/v2\/users\/2"}],"replies":[{"embeddable":true,"href":"https:\/\/aquacityhotel.sk\/pl\/wp-json\/wp\/v2\/comments?post=15882"}],"version-history":[{"count":13,"href":"https:\/\/aquacityhotel.sk\/pl\/wp-json\/wp\/v2\/pages\/15882\/revisions"}],"predecessor-version":[{"id":20800,"href":"https:\/\/aquacityhotel.sk\/pl\/wp-json\/wp\/v2\/pages\/15882\/revisions\/20800"}],"wp:attachment":[{"href":"https:\/\/aquacityhotel.sk\/pl\/wp-json\/wp\/v2\/media?parent=15882"}],"curies":[{"name":"wp","href":"https:\/\/api.w.org\/{rel}","templated":true}]}}