
{"id":15861,"date":"2021-02-11T18:09:36","date_gmt":"2021-02-11T17:09:36","guid":{"rendered":"https:\/\/horizontresort.sk\/aktivity\/"},"modified":"2025-03-06T09:37:00","modified_gmt":"2025-03-06T08:37:00","slug":"atrakcje-w-okolici","status":"publish","type":"page","link":"https:\/\/aquacityhotel.sk\/pl\/atrakcje-w-okolici\/","title":{"rendered":"Atrakcje w okolici"},"content":{"rendered":"<p>[vc_row css=&#8221;.vc_custom_1493985307534{padding-top: 40px !important;padding-bottom: 42px !important;}&#8221;][vc_column css=&#8221;.vc_custom_1613065139053{padding-top: 0px !important;}&#8221; offset=&#8221;vc_col-lg-6&#8243;]<div class=\"mkdf-elements-holder   mkdf-one-column  mkdf-responsive-mode-768 \" ><div class=\"mkdf-eh-item    \"  data-item-class=\"mkdf-eh-custom-2744\" data-1280-1600=\"37px 0% 0% 0%\" data-1024-1280=\"36px 0% 0% 0%\" data-768-1024=\"34px 0% 0% 0%\">\n\t<div class=\"mkdf-eh-item-inner\">\n\t\t<div class=\"mkdf-eh-item-content mkdf-eh-custom-2744\" style=\"padding: 35px 0% 0% 0%\">\n\t\t\t<div class=\"mkdf-section-title-holder  mkdf-st-standard  mkdf-st-title-left mkdf-st-normal-space \" >\n\t<div class=\"mkdf-st-inner\">\n\t\t\t\t\t<h6 class=\"mkdf-st-subtitle\" >\n\t\t\t\tAQUAPARK, TURYSTYKA, KOLARSTWO, ATRAKCJE\t\t\t<\/h6>\n\t\t\t\t\t\t\t<h2 class=\"mkdf-st-title\" >\n\t\t\t\tATRAKCJE LETNIE\t\t\t\t\t\t\t<\/h2>\n\t\t\t\t\t\t\t<div class=\"mkdf-st-separator\" style=\"background-color: #c59d5f\"><\/div>\n\t\t\t\t\t<\/div>\n<\/div>[vc_empty_space height=&#8221;50px&#8221;]<div class=\"mkdf-accordion-holder mkdf-ac-default  mkdf-accordion mkdf-ac-boxed  clearfix\">\n\t<h3 class=\"mkdf-accordion-title\">\n    <span class=\"mkdf-accordion-mark\">\n\t\t<span class=\"mkdf_icon_plus icon_plus\"><\/span>\n\t\t<span class=\"mkdf_icon_minus icon_minus-06\"><\/span>\n\t<\/span>\n\t<span class=\"mkdf-tab-title\">AquaCity Poprad \u2013 Wodny raj pod Tatrami<\/span>\n<\/h3>\n<div class=\"mkdf-accordion-content\">\n\t[vc_column_text]<\/p>\n<p class=\"p1\">Przez ca\u0142y rok mo\u017cna cieszy\u0107 si\u0119 doskona\u0142ym relaksem i odpocz\u0105\u0107 w najpi\u0119kniejszym parku termalnym Aquacity Poprad. Woda termalna jest pompowana z odwiertu o g\u0142\u0119boko\u015bci 1300 m i zawiera 20 r\u00f3\u017cnych minera\u0142\u00f3w prozdrowotnych. Ciesz si\u0119 wspania\u0142\u0105 rozrywk\u0105 w 13 zewn\u0119trznych i wewn\u0119trznych basenach termalnych z wod\u0105 o temperaturze 30-38\u00b0C. \u0141\u0105czna powierzchnia wody w aquaparku wynosi 3500 metr\u00f3w kwadratowych, a ca\u0142y kompleks jest w stanie pomie\u015bci\u0107 nawet siedem tysi\u0119cy turyst\u00f3w. O\u015brodek Aquacity Poprad jest wyj\u0105tkowy przede wszystkim dzi\u0119ki wodzie, kt\u00f3ra pochodzi ze \u017ar\u00f3d\u0142a geotermalnego zlokalizowanego pod parkiem wodnym. Krystalicznie czysta woda w ca\u0142ym kompleksie basen\u00f3w utrzymuje swoj\u0105 jako\u015b\u0107 dzi\u0119ki czyszczeniu 6 razy dziennie i filtrowaniu 2 razy dziennie. Do czyszczenia wody stosuje si\u0119 technik\u0119 ultrafioletow\u0105, co z kolei pozwala na stosowanie mniejszej ilo\u015bci chloru, a to jest lepsze dla Twojej sk\u00f3ry oraz \u015brodowiska. O jako\u015bci wody i podej\u015bciu do ochrony \u015brodowiska naturalnego \u015bwiadczy wyr\u00f3\u017cnienie dla AquaCity Poprad \u2013 najbardziej ekologiczny o\u015brodek na \u015bwiecie.<br \/>\nNa zewn\u0105trz mo\u017cna odpocz\u0105\u0107 w ca\u0142orocznym basenie do siedzenia lub basenie relaksacyjnym z k\u0105piel\u0105 pere\u0142kow\u0105, relaksowa\u0107 si\u0119 przy dyszach do masa\u017cu, grzybku wodnym lub ruchomym dzwonie, mo\u017cna te\u017c pop\u0142ywa\u0107 w zewn\u0119trznym basenie kondycyjnym dla aktywnych sportowc\u00f3w o d\u0142ugo\u015bci 33 metr\u00f3w. Luksusowe baseny termalne Blue Diamond z barami i wieloma atrakcjami wodnymi, jacuzzi, hydromasa\u017cami i biczami wodnymi s\u0105 idealnym miejscem na relaks. Baseny relaksacyjne Blue Sapphire s\u0105 wyj\u0105tkowe nie tylko dzi\u0119ki zakresowi oferowanych us\u0142ug, a tak\u017ce wk\u0142adowi w ochron\u0119 \u015brodowiska. Baseny relaksacyjne z wod\u0105 o temperaturze 30-35\u00b0C, kt\u00f3re oferuj\u0105 r\u00f3\u017cnorodne masa\u017ce wodne i powietrzne, le\u017caki wodne i fotele z b\u0105belkami, bicze i kurtyny wodne, specjalne \u015bwiat\u0142a do chromoterapii \u2013 leczenia \u015bwiat\u0142em, urz\u0105dzenia do sztucznej fali i inne atrakcje. Doskona\u0142y pobyt w AquaCity Poprad co wiecz\u00f3r ko\u0144czy si\u0119 wyj\u0105tkowym pokazem laserowym 3D w basenach Blue Sapphire, kt\u00f3ry nie ma sobie r\u00f3wnych w ca\u0142ej Europie. Laser show w AquaCity jest przyk\u0142adem wykorzystania mo\u017cliwo\u015bci najbardziej zaawansowanych technologii projektor\u00f3w laserowych. \u017bywe obrazy animowane 3D unosz\u0105ce si\u0119 w powietrzu tworz\u0105 tajemniczy teatr i niezapomniane prze\u017cycie.<br \/>\nNa terenie obiektu znajduj\u0105 si\u0119 2 kryte zje\u017cd\u017calnie i wodny raj piramida Maj\u00f3w, otwarty w okresie letnim ze zje\u017cd\u017calni\u0105 o charakterze raftingu, 2 szybkie zje\u017cd\u017calnie Kamikadze oraz szeroka zje\u017cd\u017calnia Family slide. Najmniejsi go\u015bcie mog\u0105 bawi\u0107 si\u0119 a\u017c na siedmiu r\u00f3\u017cnych placach zabaw i w k\u0105cikach dla dzieci. Na zewn\u0105trz budynku znajduj\u0105 si\u0119 miejsca dla bardziej aktywnych go\u015bci, trzy piaszczyste korty s\u0105 idealne do siatk\u00f3wki pla\u017cowej i pi\u0142ki no\u017cnej z rodzin\u0105 czy przyjaci\u00f3\u0142mi, a w bezpo\u015brednim s\u0105siedztwie boisk jest tak\u017ce piaszczysta pla\u017ca z le\u017cakami i parasolami oraz bar beach z szerok\u0105 ofert\u0105 napoj\u00f3w orze\u017awiaj\u0105cych i drink\u00f3w mieszanych. W morzu zabawy pod Tatrami mo\u017cna odkry\u0107 basen dla dzieci Treasure Island \u2013 Wyspa skarb\u00f3w. W duchu jednego z najpopularniejszych dzie\u0142 historii zbudowano basen w egzotycznej zatoce, w kt\u00f3rej znajduje si\u0119 r\u00f3wnie\u017c wrak ze zje\u017cd\u017calniami i \u015blizgawkami.<br \/>\nPobyt w\u00a0AquaCity Poprad mo\u017cna wykorzysta\u0107 tak\u017ce na relaks i wypoczynek z zabiegami wellness w Witalnym \u015awiecie Fire &amp; Water Wellness &amp; Spa centre. Na powierzchni ponad 1590 m kw. znajdziesz witalny \u015bwiat pe\u0142en kontrast\u00f3w \u017cywio\u0142\u00f3w ognia i wody. \u017bywio\u0142y s\u0105 nowym symbolem centrum odnowy biologicznej podzielonym na stref\u0119 prywatn\u0105 i stref\u0119 party, w kt\u00f3rym mo\u017cna znale\u017a\u0107 r\u00f3\u017cne rodzaje saun i pomieszcze\u0144 inhalacyjnych, saun\u0119 ceremonialn\u0105, strefy prywatne, pokoje do odpoczynku z \u0142\u00f3\u017ckami wodnymi i unikalny 14 m Vital Bar z ciekaw\u0105 ofert\u0105 koktajli i lekkich da\u0144.[\/vc_column_text]<\/div><h3 class=\"mkdf-accordion-title\">\n    <span class=\"mkdf-accordion-mark\">\n\t\t<span class=\"mkdf_icon_plus icon_plus\"><\/span>\n\t\t<span class=\"mkdf_icon_minus icon_minus-06\"><\/span>\n\t<\/span>\n\t<span class=\"mkdf-tab-title\">TURYSTYKA<\/span>\n<\/h3>\n<div class=\"mkdf-accordion-content\">\n\t[vc_column_text]<\/p>\n<p class=\"p1\">W miesi\u0105cach letnich s\u0142owacki region Tatry Wysokie odwiedza ponad 1,3 mln go\u015bci, kt\u00f3rzy odpoczywaj\u0105 i zbieraj\u0105 si\u0142y we wspania\u0142ym regionie przez jeden lub kilka dni. Tatry Wysokie oferuj\u0105 turystom mn\u00f3stwo mo\u017cliwo\u015bci aktywnego wypoczynku w postaci \u0142atwiejszych i trudniejszych w\u0119dr\u00f3wek g\u00f3rskich.<br \/>\nUnikalne doznanie to wycieczka kolejk\u0105 linow\u0105 na sam szczyt. Turysta w ka\u017cdym wieku zachwyci si\u0119 tu przepi\u0119knym widokiem na panoram\u0119 Tatr. Na terenie Tatrza\u0144skiego Parku Narodowego (Tatransk\u00fd n\u00e1rodn\u00fd park, TANAP) znajduje si\u0119 oko\u0142o 600 km oznakowanych szlak\u00f3w, kt\u00f3re prowadz\u0105 do najbardziej interesuj\u0105cych miejsc w Tatrach Wysokich. Szlaki turystyczne prowadz\u0105ce przez doliny umo\u017cliwiaj\u0105 dotarcie do schronisk g\u00f3rskich, mniej lub bardziej trudnych do zdobycia tatrza\u0144skich szczyt\u00f3w oraz przej\u015bcie przez prze\u0142\u0119cze tatrza\u0144skie. Wszystkie szlaki turystyczne, przeznaczone dla ruchu turystycznego w Tatrza\u0144skim Parku Narodowym, s\u0105 oznakowane kolorami (czerwonym, niebieskim, zielonym, \u017c\u00f3\u0142tym).[\/vc_column_text]<\/div><h3 class=\"mkdf-accordion-title\">\n    <span class=\"mkdf-accordion-mark\">\n\t\t<span class=\"mkdf_icon_plus icon_plus\"><\/span>\n\t\t<span class=\"mkdf_icon_minus icon_minus-06\"><\/span>\n\t<\/span>\n\t<span class=\"mkdf-tab-title\">Turystyka rowerowa<\/span>\n<\/h3>\n<div class=\"mkdf-accordion-content\">\n\t[vc_column_text]Poznaj region Tatr Wysokich na rowerze.\u00a0Ponad 300 km oznakowanych tras rowerowych o r\u00f3\u017cnym stopniu trudno\u015bci,\u00a0przeznaczonych dla wszystkich \u2013\u00a0rodzin z dzie\u0107mi, mi\u0142o\u015bnik\u00f3w kolarstwa g\u00f3rskiego i szosowego, sportowc\u00f3w i pocz\u0105tkuj\u0105cych rowerzyst\u00f3w.\u00a0Trasy prowadz\u0105ce po r\u00f3wninach, trasy dla rower\u00f3w g\u00f3rskich, cyklomagistrala prowadz\u0105ca niemal wok\u00f3\u0142 ca\u0142ych Tatrach Wysokich.\u00a0Jazda na rowerze to doskona\u0142a okazja do po\u0142\u0105czenia\u00a0aktywnego wypoczynku i\u00a0ruchu z\u00a0podziwianiem okolicznej przyrody.[\/vc_column_text]<\/div><h3 class=\"mkdf-accordion-title\">\n    <span class=\"mkdf-accordion-mark\">\n\t\t<span class=\"mkdf_icon_plus icon_plus\"><\/span>\n\t\t<span class=\"mkdf_icon_minus icon_minus-06\"><\/span>\n\t<\/span>\n\t<span class=\"mkdf-tab-title\">ATRAKCJE<\/span>\n<\/h3>\n<div class=\"mkdf-accordion-content\">\n\t[vc_column_text]<strong>P\u0142ywanie \u0142\u00f3dk\u0105<\/strong><\/p>\n<p>Tradycja p\u0142ywania \u0142\u00f3dk\u0105 po Jeziorze Szczyrbskim (\u0160trbsk\u00e9 pleso i\u00a0 Nov\u00e9 \u0160trbsk\u00e9 pleso) ma ponad 130\u2013letni\u0105 histori\u0119. 5 lipca 2008 r. p\u0142ywanie \u0142\u00f3dk\u0105 po Jeziorze Szczyrbskim zosta\u0142o wznowione po 25 latach przerwy. Jezioro zosta\u0142o \u201eotwarte\u201d i mog\u0105 Pa\u0144stwo podziwia\u0107 z jego powierzchni przepi\u0119kne widoki na Solisko oraz wczu\u0107 si\u0119 w spokojn\u0105 tafl\u0119 tego wyj\u0105tkowego rarytasu, kt\u00f3ry walczy\u0142 r\u00f3wnie\u017c o tytu\u0142 jednego z siedmiu cud\u00f3w \u015bwiata. Do dyspozycji jest 22 drewnianych stylowych \u0142\u00f3dek oraz 1 \u0142\u00f3dka sportowa, kt\u00f3re cumuj\u0105 przy nowo zbudowanym molo z przepi\u0119knym widokiem na wzg\u00f3rza Tatr. Wyj\u0105tkowym prze\u017cyciem mo\u017ce by\u0107 r\u00f3wnie\u017c skorzystanie z us\u0142ug prywatnego wio\u015blarza.<\/p>\n<p>&nbsp;[\/vc_column_text]<\/div><\/div>\t\t<\/div>\n\t<\/div>\n<\/div><\/div>[\/vc_column][vc_column offset=&#8221;vc_col-lg-6&#8243;]<div class=\"mkdf-elements-holder   mkdf-one-column  mkdf-responsive-mode-768 \" ><div class=\"mkdf-eh-item    \"  data-item-class=\"mkdf-eh-custom-9946\" data-1280-1600=\"37px 0% 0% 0%\" data-1024-1280=\"36px 0% 0% 0%\" data-768-1024=\"34px 0% 0% 0%\">\n\t<div class=\"mkdf-eh-item-inner\">\n\t\t<div class=\"mkdf-eh-item-content mkdf-eh-custom-9946\" style=\"padding: 35px 0% 0% 0%\">\n\t\t\t<div class=\"mkdf-section-title-holder  mkdf-st-standard  mkdf-st-title-left mkdf-st-normal-space \" >\n\t<div class=\"mkdf-st-inner\">\n\t\t\t\t\t<h6 class=\"mkdf-st-subtitle\" >\n\t\t\t\tNARCIARSTWO, NARCIARSTWO BIEGOWE, Jazda na sankach, LODOWISKO\t\t\t<\/h6>\n\t\t\t\t\t\t\t<h2 class=\"mkdf-st-title\" >\n\t\t\t\tATRAKCJE ZIMOWE\t\t\t\t\t\t\t<\/h2>\n\t\t\t\t\t\t\t<div class=\"mkdf-st-separator\" style=\"background-color: #c59d5f\"><\/div>\n\t\t\t\t\t<\/div>\n<\/div>[vc_empty_space height=&#8221;50px&#8221;]<div class=\"mkdf-accordion-holder mkdf-ac-default  mkdf-accordion mkdf-ac-boxed  clearfix\">\n\t<h3 class=\"mkdf-accordion-title\">\n    <span class=\"mkdf-accordion-mark\">\n\t\t<span class=\"mkdf_icon_plus icon_plus\"><\/span>\n\t\t<span class=\"mkdf_icon_minus icon_minus-06\"><\/span>\n\t<\/span>\n\t<span class=\"mkdf-tab-title\">Tatransk\u00e1 Lomnica<\/span>\n<\/h3>\n<div class=\"mkdf-accordion-content\">\n\t[vc_column_text]Korzystaj ze s\u0142o\u0144ca w \u0141omnickiej Prze\u0142\u0119czy, na kt\u00f3r\u0105 dostaniesz si\u0119 z o\u015brodka Tatry Wysokie \u2013 Tatrza\u0144ska \u0141omnica. Najwy\u017cej po\u0142o\u017cona i najbardziej stroma nartostrada z \u0141omnickiej Prze\u0142\u0119czy 2 190 m n.p.m. zadowoli nawet najbardziej wymagaj\u0105cych narciarzy. 1\u00a0300-metrowa r\u00f3\u017cnica wysoko\u015bci, 5-miesi\u0119czna gwarancja \u015bniegu, najnowocze\u015bniejsze gondolowe i krzese\u0142kowe koleje linowe oraz poszerzone nartostrady gwarantuj\u0105 wspania\u0142e prze\u017cycia na pierwszej, najlepszej jako\u015bci 6,5-kilometrowej trasie typu carving o szeroko\u015bci do 60 m. O\u015brodek oferuje tak\u017ce prawie 6 km \u0142atwiejszych tras, co z pewno\u015bci\u0105 doceni\u0105 szczeg\u00f3lnie rodziny z dzie\u0107mi. \u0141omnicka Prze\u0142\u0119cz swoj\u0105 atrakcyjno\u015bci\u0105 przyci\u0105ga te\u017c poza narciarzami biegowymi i freeriderami mi\u0142o\u015bnik\u00f3w adrenaliny i indywidualist\u00f3w.[\/vc_column_text]<\/div><h3 class=\"mkdf-accordion-title\">\n    <span class=\"mkdf-accordion-mark\">\n\t\t<span class=\"mkdf_icon_plus icon_plus\"><\/span>\n\t\t<span class=\"mkdf_icon_minus icon_minus-06\"><\/span>\n\t<\/span>\n\t<span class=\"mkdf-tab-title\">Star\u00fd Smokovec<\/span>\n<\/h3>\n<div class=\"mkdf-accordion-content\">\n\t[vc_column_text]<\/p>\n<p class=\"p1\">Stary Smokowiec \u2013 wygodna kolejka na Smokowieckie Siode\u0142ko (s\u0142ow. Hrebienok), oraz jazda na sankach w dzie\u0144 i w nocy nale\u017c\u0105 do najlepszych atrakcji zimowych. Jakubkowa \u0141\u0105ka (s\u0142ow. Jakubkova l\u00faka) z \u0142atw\u0105 nartostrad\u0105 to o\u015brodek optymalny dla pocz\u0105tkuj\u0105cych narciarzy. Hrebienok to najpopularniejsze miejsce wypadowe zimowych tras turystycznych do Wodospad\u00f3w Zimnej Wody czy schronisk wysokog\u00f3rskich. Mniej zaawansowani narciarze znajd\u0105 co\u015b dla siebie w\u0142a\u015bnie w o\u015brodku Stary Smokowiec \u2013 Hrebienok lub Jakubkova l\u00faka. Do popularnych atrakcji nale\u017c\u0105 zjazdy na sankach po 2,5-kilometrowej o\u015bwietlonej trasie z Hrebienka do Starego Smokowca. Je\u015bli chcesz nauczy\u0107 si\u0119 je\u017adzi\u0107 na nartach lub zach\u0119ci\u0107 do tego swoje dzieci, profesjonalny zesp\u00f3\u0142 instruktor\u00f3w szko\u0142y narciarskiej oferuje lekcje nawet dla zupe\u0142nie pocz\u0105tkuj\u0105cych. O\u015brodek Tatry Wysokie, Stary Smokowiec to idealne miejsce na uprawianie turystyki zimowej i wycieczki piesze do wodospad\u00f3w lub schronisk g\u00f3rskich.<\/p>\n<p>[\/vc_column_text]<\/div><h3 class=\"mkdf-accordion-title\">\n    <span class=\"mkdf-accordion-mark\">\n\t\t<span class=\"mkdf_icon_plus icon_plus\"><\/span>\n\t\t<span class=\"mkdf_icon_minus icon_minus-06\"><\/span>\n\t<\/span>\n\t<span class=\"mkdf-tab-title\">\u0160trbsk\u00e9 Pleso<\/span>\n<\/h3>\n<div class=\"mkdf-accordion-content\">\n\t[vc_column_text]<\/p>\n<p class=\"p1\">Najwy\u017cej po\u0142o\u017cona tatrza\u0144ska miejscowo\u015b\u0107 Jezioro Szczyrbskie oferuje na po\u0142udniowych stokach Skrajnego Soliska\u00a09 kilometr\u00f3w \u0142atwych i umiarkowanie trudnych nartostrad, z kt\u00f3rych ch\u0119tnie korzystaj\u0105 rodziny z dzie\u0107mi oraz zaawansowani narciarze. Tatry Wysokie \u2013Jezioro Szczyrbskie umo\u017cliwia swoim go\u015bciom korzystanie z us\u0142ug wypo\u017cyczalni nart, snowboard\u00f3w, serwis\u00f3w narciarskich i szk\u00f3\u0142ek dla pocz\u0105tkuj\u0105cych. Jezioro Szczyrbskie przyci\u0105ga wyj\u0105tkowymi warunkami narciarskimi z doskona\u0142ymi trasami do slalomu, zjazdu czy nart biegowych i us\u0142ugami o najwy\u017cszym standardzie. W tym sezonie zimowym narciarze przetestuj\u0105 9 km nasnie\u017conych nartostrad, dla narciarzy biegowych dost\u0119pne s\u0105 z kolei trasy o \u0142\u0105cznej d\u0142ugo\u015bci 26,5 km. Z pewno\u015bci\u0105 warto skorzysta\u0107 tak\u017ce z wieczornej oferty jazdy na nartach. Mi\u0142o\u015bnicy snowboardu i adrenaliny mog\u0105 odwiedzi\u0107 atrakcyjny snowpark. Jezioro Szczyrbskie jest najwy\u017cej po\u0142o\u017conym o\u015brodkiem narciarskim na S\u0142owacji, a jego magiczn\u0105 atmosfer\u0119 tworzy r\u00f3wnie\u017c bogata historia.<\/p>\n<p>[\/vc_column_text]<\/div><h3 class=\"mkdf-accordion-title\">\n    <span class=\"mkdf-accordion-mark\">\n\t\t<span class=\"mkdf_icon_plus icon_plus\"><\/span>\n\t\t<span class=\"mkdf_icon_minus icon_minus-06\"><\/span>\n\t<\/span>\n\t<span class=\"mkdf-tab-title\">Narciarstwo biegowe<\/span>\n<\/h3>\n<div class=\"mkdf-accordion-content\">\n\t[vc_column_text]Narciarstwo biegowe kojarzy si\u0119 zim\u0105 z Tatrami Wysokimi tak samo jak narciarstwo zjazdowe czy skialpinizm. W ka\u017cdym o\u015brodku sport\u00f3w zimowych znajduj\u0105 si\u0119 doskonale przygotowane\u00a0trasy do uprawiania narciarstwa biegowego o \u0142\u0105cznej d\u0142ugo\u015bci ponad 60 km.\u00a0Najwi\u0119kszym kompleksem do uprawiania narciarstwa biegowego w Tatrach jest\u00a0Jezioro Szczyrbskie. W o\u015brodku znajduje si\u0119\u00a08 profesjonalnie przygotowanych tras o d\u0142ugo\u015bci od 0,5 do 5 km. Organizowane s\u0105 tu liczne zawody dla profesjonalist\u00f3w i\u00a0amator\u00f3w.\u00a0 Dzi\u0119ki sztucznemu na\u015bnie\u017caniu, mi\u0142o\u015bnicy bieg\u00f3wek mog\u0105 korzysta\u0107 z kompleksu SNOW przez ca\u0142y sezon zimowy.\u00a0O\u015brodki\u00a0Tatrza\u0144ska \u0141omnica i Stary Smokowiec\u00a0oferuj\u0105 \u0142\u0105cznie 30 km tras narciarskich o niskim i \u015brednim stopniu trudno\u015bci. Co\u015b dla siebie znajd\u0105 tu zar\u00f3wno amatorzy tego pi\u0119knego sportu, jak i pocz\u0105tkuj\u0105cy.\u00a0O\u015brodek golfowy Black Stork w Wielkiej \u0141omnicy (Ve\u013ek\u00e1 Lomnica)\u00a0zim\u0105 zamienia si\u0119 w idealny teren do uprawiania narciarstwa biegowego, kt\u00f3ry oferuje ponad 10 km tras, natomiast\u00a0\u015bcie\u017cka rowerowa mi\u0119dzy Bia\u0142\u0105 Spisk\u0105 (Spi\u0161sk\u00e1 Bel\u00e1) a Tatrza\u0144sk\u0105 Kotlin\u0105\u00a0w sezonie zimowym zamienia si\u0119 w 9 km \u0142atw\u0105 tras\u0119 biegow\u0105.[\/vc_column_text]<\/div><h3 class=\"mkdf-accordion-title\">\n    <span class=\"mkdf-accordion-mark\">\n\t\t<span class=\"mkdf_icon_plus icon_plus\"><\/span>\n\t\t<span class=\"mkdf_icon_minus icon_minus-06\"><\/span>\n\t<\/span>\n\t<span class=\"mkdf-tab-title\">Jazda na sankach<\/span>\n<\/h3>\n<div class=\"mkdf-accordion-content\">\n\t[vc_column_text]Zimowe szale\u0144stwo w Tatrach nigdy si\u0119 nie ko\u0144czy. Wr\u00f3\u0107 do lat dzieci\u0144stwa i\u00a0wkocz na sanki.<br \/>\nWyszalej si\u0119 na przygotowanej i\u00a0o\u015bwietlonej trasie saneczkowej o\u00a0d\u0142. 2,5 km z Siode\u0142ka (Hrebienok) do Starego Smokowca. Na g\u00f3r\u0119 mo\u017cesz wygodnie wjecha\u0107 kolej\u0105 linowo-terenow\u0105, a posiadaj\u0105c wa\u017cny karnet narciarski do godz. 16:30 wjedziesz zupe\u0142nie gratis.[\/vc_column_text]<\/div><\/div>\t\t<\/div>\n\t<\/div>\n<\/div><\/div>[\/vc_column][\/vc_row][vc_row][vc_column][vc_empty_space height=&#8221;100px&#8221;][\/vc_column][\/vc_row]<\/p>\n","protected":false},"excerpt":{"rendered":"<p>[vc_row css=&#8221;.vc_custom_1493985307534{padding-top: 40px !important;padding-bottom: 42px !important;}&#8221;][vc_column css=&#8221;.vc_custom_1613065139053{padding-top: 0px !important;}&#8221; offset=&#8221;vc_col-lg-6&#8243;][\/vc_column][vc_column offset=&#8221;vc_col-lg-6&#8243;][\/vc_column][\/vc_row][vc_row][vc_column][vc_empty_space height=&#8221;100px&#8221;][\/vc_column][\/vc_row]<\/p>\n","protected":false},"author":7,"featured_media":0,"parent":0,"menu_order":0,"comment_status":"closed","ping_status":"closed","template":"","meta":{"inline_featured_image":false,"footnotes":"","_wp_rev_ctl_limit":""},"class_list":["post-15861","page","type-page","status-publish","hentry"],"yoast_head":"<!-- This site is optimized with the Yoast SEO plugin v26.4 - https:\/\/yoast.com\/wordpress\/plugins\/seo\/ -->\n<title>Atrakcje w okolici - Aquacity Hotel<\/title>\n<meta name=\"robots\" content=\"index, follow, max-snippet:-1, max-image-preview:large, max-video-preview:-1\" \/>\n<link rel=\"canonical\" href=\"https:\/\/aquacityhotel.sk\/aktivity\/\" \/>\n<meta property=\"og:locale\" content=\"pl_PL\" \/>\n<meta property=\"og:type\" content=\"article\" \/>\n<meta property=\"og:title\" content=\"Atrakcje w okolici - Aquacity Hotel\" \/>\n<meta property=\"og:description\" content=\"[vc_row css=&#8221;.vc_custom_1493985307534{padding-top: 40px !important;padding-bottom: 42px !important;}&#8221;][vc_column css=&#8221;.vc_custom_1613065139053{padding-top: 0px !important;}&#8221; offset=&#8221;vc_col-lg-6&#8243;][\/vc_column][vc_column offset=&#8221;vc_col-lg-6&#8243;][\/vc_column][\/vc_row][vc_row][vc_column][vc_empty_space height=&#8221;100px&#8221;][\/vc_column][\/vc_row]\" \/>\n<meta property=\"og:url\" content=\"https:\/\/aquacityhotel.sk\/aktivity\/\" \/>\n<meta property=\"og:site_name\" content=\"Aquacity Hotel\" \/>\n<meta property=\"article:modified_time\" content=\"2025-03-06T08:37:00+00:00\" \/>\n<meta name=\"twitter:card\" content=\"summary_large_image\" \/>\n<meta name=\"twitter:label1\" content=\"Szacowany czas czytania\" \/>\n\t<meta name=\"twitter:data1\" content=\"10 minut\" \/>\n<script type=\"application\/ld+json\" class=\"yoast-schema-graph\">{\"@context\":\"https:\/\/schema.org\",\"@graph\":[{\"@type\":\"WebPage\",\"@id\":\"https:\/\/aquacityhotel.sk\/aktivity\/\",\"url\":\"https:\/\/aquacityhotel.sk\/aktivity\/\",\"name\":\"Atrakcje w okolici - Aquacity Hotel\",\"isPartOf\":{\"@id\":\"https:\/\/aquacityhotel.sk\/#website\"},\"datePublished\":\"2021-02-11T17:09:36+00:00\",\"dateModified\":\"2025-03-06T08:37:00+00:00\",\"breadcrumb\":{\"@id\":\"https:\/\/aquacityhotel.sk\/aktivity\/#breadcrumb\"},\"inLanguage\":\"pl-PL\",\"potentialAction\":[{\"@type\":\"ReadAction\",\"target\":[\"https:\/\/aquacityhotel.sk\/aktivity\/\"]}]},{\"@type\":\"BreadcrumbList\",\"@id\":\"https:\/\/aquacityhotel.sk\/aktivity\/#breadcrumb\",\"itemListElement\":[{\"@type\":\"ListItem\",\"position\":1,\"name\":\"Domovsk\u00e1 str\u00e1nka\",\"item\":\"https:\/\/aquacityhotel.sk\/\"},{\"@type\":\"ListItem\",\"position\":2,\"name\":\"Atrakcje w okolici\"}]},{\"@type\":\"WebSite\",\"@id\":\"https:\/\/aquacityhotel.sk\/#website\",\"url\":\"https:\/\/aquacityhotel.sk\/\",\"name\":\"Aquacity Hotel\",\"description\":\"Ubytovanie Vysok\u00e9 Tatry Slovensko\",\"potentialAction\":[{\"@type\":\"SearchAction\",\"target\":{\"@type\":\"EntryPoint\",\"urlTemplate\":\"https:\/\/aquacityhotel.sk\/?s={search_term_string}\"},\"query-input\":{\"@type\":\"PropertyValueSpecification\",\"valueRequired\":true,\"valueName\":\"search_term_string\"}}],\"inLanguage\":\"pl-PL\"}]}<\/script>\n<!-- \/ Yoast SEO plugin. -->","yoast_head_json":{"title":"Atrakcje w okolici - Aquacity Hotel","robots":{"index":"index","follow":"follow","max-snippet":"max-snippet:-1","max-image-preview":"max-image-preview:large","max-video-preview":"max-video-preview:-1"},"canonical":"https:\/\/aquacityhotel.sk\/aktivity\/","og_locale":"pl_PL","og_type":"article","og_title":"Atrakcje w okolici - Aquacity Hotel","og_description":"[vc_row css=&#8221;.vc_custom_1493985307534{padding-top: 40px !important;padding-bottom: 42px !important;}&#8221;][vc_column css=&#8221;.vc_custom_1613065139053{padding-top: 0px !important;}&#8221; offset=&#8221;vc_col-lg-6&#8243;][\/vc_column][vc_column offset=&#8221;vc_col-lg-6&#8243;][\/vc_column][\/vc_row][vc_row][vc_column][vc_empty_space height=&#8221;100px&#8221;][\/vc_column][\/vc_row]","og_url":"https:\/\/aquacityhotel.sk\/aktivity\/","og_site_name":"Aquacity Hotel","article_modified_time":"2025-03-06T08:37:00+00:00","twitter_card":"summary_large_image","twitter_misc":{"Szacowany czas czytania":"10 minut"},"schema":{"@context":"https:\/\/schema.org","@graph":[{"@type":"WebPage","@id":"https:\/\/aquacityhotel.sk\/aktivity\/","url":"https:\/\/aquacityhotel.sk\/aktivity\/","name":"Atrakcje w okolici - Aquacity Hotel","isPartOf":{"@id":"https:\/\/aquacityhotel.sk\/#website"},"datePublished":"2021-02-11T17:09:36+00:00","dateModified":"2025-03-06T08:37:00+00:00","breadcrumb":{"@id":"https:\/\/aquacityhotel.sk\/aktivity\/#breadcrumb"},"inLanguage":"pl-PL","potentialAction":[{"@type":"ReadAction","target":["https:\/\/aquacityhotel.sk\/aktivity\/"]}]},{"@type":"BreadcrumbList","@id":"https:\/\/aquacityhotel.sk\/aktivity\/#breadcrumb","itemListElement":[{"@type":"ListItem","position":1,"name":"Domovsk\u00e1 str\u00e1nka","item":"https:\/\/aquacityhotel.sk\/"},{"@type":"ListItem","position":2,"name":"Atrakcje w okolici"}]},{"@type":"WebSite","@id":"https:\/\/aquacityhotel.sk\/#website","url":"https:\/\/aquacityhotel.sk\/","name":"Aquacity Hotel","description":"Ubytovanie Vysok\u00e9 Tatry Slovensko","potentialAction":[{"@type":"SearchAction","target":{"@type":"EntryPoint","urlTemplate":"https:\/\/aquacityhotel.sk\/?s={search_term_string}"},"query-input":{"@type":"PropertyValueSpecification","valueRequired":true,"valueName":"search_term_string"}}],"inLanguage":"pl-PL"}]}},"_links":{"self":[{"href":"https:\/\/aquacityhotel.sk\/pl\/wp-json\/wp\/v2\/pages\/15861","targetHints":{"allow":["GET"]}}],"collection":[{"href":"https:\/\/aquacityhotel.sk\/pl\/wp-json\/wp\/v2\/pages"}],"about":[{"href":"https:\/\/aquacityhotel.sk\/pl\/wp-json\/wp\/v2\/types\/page"}],"author":[{"embeddable":true,"href":"https:\/\/aquacityhotel.sk\/pl\/wp-json\/wp\/v2\/users\/7"}],"replies":[{"embeddable":true,"href":"https:\/\/aquacityhotel.sk\/pl\/wp-json\/wp\/v2\/comments?post=15861"}],"version-history":[{"count":4,"href":"https:\/\/aquacityhotel.sk\/pl\/wp-json\/wp\/v2\/pages\/15861\/revisions"}],"predecessor-version":[{"id":21242,"href":"https:\/\/aquacityhotel.sk\/pl\/wp-json\/wp\/v2\/pages\/15861\/revisions\/21242"}],"wp:attachment":[{"href":"https:\/\/aquacityhotel.sk\/pl\/wp-json\/wp\/v2\/media?parent=15861"}],"curies":[{"name":"wp","href":"https:\/\/api.w.org\/{rel}","templated":true}]}}