
{"id":15464,"date":"2021-02-09T10:17:59","date_gmt":"2021-02-09T09:17:59","guid":{"rendered":"https:\/\/horizontresort.sk\/vernostny-program\/"},"modified":"2026-02-20T10:54:22","modified_gmt":"2026-02-20T09:54:22","slug":"program-lojalnosciowy","status":"publish","type":"page","link":"https:\/\/aquacityhotel.sk\/pl\/program-lojalnosciowy\/","title":{"rendered":"Program lojalno\u015bciowy"},"content":{"rendered":"<p>[vc_row row_content_width=&#8221;grid&#8221; css=&#8221;.vc_custom_1619449480050{padding-top: 110px !important;padding-bottom: 75px !important;}&#8221;][vc_column]<div class=\"mkdf-section-title-holder  mkdf-st-elegant  mkdf-st-title-left mkdf-st-normal-space \" >\n\t<div class=\"mkdf-st-inner\">\n\t\t\t\t\t<h6 class=\"mkdf-st-subtitle\" style=\"margin-bottom:2px\">\n\t\t\t\tProgram lojalno\u015bciowy\t\t\t<\/h6>\n\t\t\t\t\t\t\t<h2 class=\"mkdf-st-title\" style=\"font-weight: 500\">\n\t\t\t\tAquaCity Club\t\t\t\t\t\t\t\t\t<span class=\"mkdf-st-e-separator\" ><\/span>\n\t\t\t\t\t\t\t<\/h2>\n\t\t\t\t\t\t\t\t\t<span class=\"mkdf-st-text\" style=\"line-height:30px;margin-top:15px\">\n\t\t\t\tKupuj po cenach klubowych, skorzystaj z ekskluzywnych promocji i rabat\u00f3w oraz pozw\u00f3l si\u0119 zaskoczy\u0107 atrakcyjnymi ofertami. Korzystny program lojalno\u015bciowy z natychmiastowym rabatem w wysoko\u015bci 8 \u2013 20%. Ekskluzywne oferty, ciekawe promocje w Aquaparku, korzystne promocje hotelowe, rabaty urodzinowe itd. Kart\u0119 klubow\u0105 wystawimy na miejscu w naszej recepcji za op\u0142at\u0105 jednorazow\u0105 w wysoko\u015bci 5 EUR.\t\t\t<\/span>\n\t\t\t<\/div>\n<\/div>[vc_separator][vc_empty_space height=&#8221;10px&#8221;]<div class=\"mkdf-section-title-holder  mkdf-st-elegant  mkdf-st-title-left mkdf-st-normal-space \" >\n\t<div class=\"mkdf-st-inner\">\n\t\t\t\t\t<h6 class=\"mkdf-st-subtitle\" style=\"margin-bottom:2px\">\n\t\t\t\tJak otrzyma\u0107 kart\u0119 ?\t\t\t<\/h6>\n\t\t\t\t\t\t\t\t\t\t\t<span class=\"mkdf-st-text\" style=\"line-height:30px;margin-top:15px\">\n\t\t\t\tZarejestruj si\u0119 w AquaCity Club:<br \/>\n\u2013 osobi\u015bcie w kasach biletowych w AquaCity Poprad lub online na shop.aquacity.sk.<br \/>\nPo op\u0142aceniu op\u0142aty rejestracyjnej w wysoko\u015bci 5 \u20ac otrzymasz w\u0142asn\u0105 elektroniczn\u0105 kart\u0119 klubow\u0105 (kod QR) i mo\u017cesz od razu zacz\u0105\u0107 korzysta\u0107 z korzy\u015bci programu.\t\t\t<\/span>\n\t\t\t<\/div>\n<\/div>[vc_btn title=&#8221;Rejestracja online AquaCity Club&#8221; size=&#8221;lg&#8221; link=&#8221;url:https%3A%2F%2Fshop.aquacity.sk%2Fpl%2Fprodukt%2Fkarta-klubowa%2F&#8221;][vc_separator][vc_empty_space height=&#8221;10px&#8221;]<div class=\"mkdf-section-title-holder  mkdf-st-elegant  mkdf-st-title-left mkdf-st-normal-space \" >\n\t<div class=\"mkdf-st-inner\">\n\t\t\t\t\t<h6 class=\"mkdf-st-subtitle\" style=\"margin-bottom:2px\">\n\t\t\t\tKorzy\u015bci z karty klubowej\t\t\t<\/h6>\n\t\t\t\t\t\t\t\t\t\t\t<span class=\"mkdf-st-text\" style=\"line-height:30px;margin-top:15px\">\n\t\t\t\tZakupy w o\u015brodku AquaCity Poprad \u2013 przy p\u0142atno\u015bci nale\u017cy okaza\u0107 kod QR w telefonie w kasach lub w recepcji hotelowej przy rezerwacji przez recepcj\u0119 \u2013 nie ma potrzeby drukowania karty.<br \/>\nZakup online: Przy zakupach online nale\u017cy zarejestrowa\u0107 si\u0119 lub zalogowa\u0107 do e-sklepu za pomoc\u0105 adresu e-mail, na kt\u00f3ry zosta\u0142a wydana karta klubowa. Zni\u017ck\u0119 mo\u017cna wykorzysta\u0107 wy\u0142\u0105cznie po zalogowaniu si\u0119 przy u\u017cyciu tego adresu e-mail.<br \/>\nBilety do Aquaparku mo\u017cna kupi\u0107 ze zni\u017ck\u0105 zar\u00f3wno online, jak i w kasach.<br \/>\nPobyty hotelowe \u2013 zni\u017cka nie obowi\u0105zuje online; jest wa\u017cna wy\u0142\u0105cznie przy rezerwacji przez recepcj\u0119.<br \/>\nKarta klubowa jest imienna i nie podlega przekazaniu, z wyj\u0105tkiem najbli\u017cszych cz\u0142onk\u00f3w rodziny. Ze zni\u017cki mo\u017ce skorzysta\u0107 posiadacz karty oraz jego ma\u0142\u017conek\/ma\u0142\u017conka lub dzieci do 18. roku \u017cycia.\t\t\t<\/span>\n\t\t\t<\/div>\n<\/div>[vc_separator][vc_empty_space height=&#8221;10px&#8221;][vc_empty_space height=&#8221;10px&#8221;]<div class=\"mkdf-section-title-holder  mkdf-st-elegant  mkdf-st-title-left mkdf-st-normal-space \" >\n\t<div class=\"mkdf-st-inner\">\n\t\t\t\t\t<h6 class=\"mkdf-st-subtitle\" style=\"margin-bottom:2px\">\n\t\t\t\tRabaty \t\t\t<\/h6>\n\t\t\t\t\t\t\t\t\t\t\t<span class=\"mkdf-st-text\" style=\"line-height:30px;margin-top:15px\">\n\t\t\t\tZ karty klubowej mo\u017cesz korzysta\u0107 zar\u00f3wno podczas zakup\u00f3w bezpo\u015brednio w o\u015brodku AquaCity Poprad, jak i przy zakupach online w e-sklepie shop.aquacity.sk, w zale\u017cno\u015bci od rodzaju us\u0142ugi.\t\t\t<\/span>\n\t\t\t<\/div>\n<\/div>[vc_column_text]<\/p>\n<ul>\n<li data-start=\"1670\" data-end=\"1902\"><strong data-start=\"1686\" data-end=\"1698\">AQUAPARK<\/strong><br data-start=\"1698\" data-end=\"1701\" \/>Zni\u017cka 2 \u20ac na wej\u015bcia: Aquapark Packet, Wellness Packet (ca\u0142odzienny \/ 3-godzinny) oraz Family Packet. Obowi\u0105zuje r\u00f3wnie\u017c dla kategorii: dziecko, student, emeryt oraz osoba z niepe\u0142nosprawno\u015bci\u0105 (Z\u0164P).<\/li>\n<li data-start=\"1670\" data-end=\"1902\"><strong data-start=\"1904\" data-end=\"1928\">NOCLEGI \u2013 zni\u017cka 8 %<\/strong><br data-start=\"1928\" data-end=\"1931\" \/>Hotel Seasons ****, Mountain View ****, Riverside *** (zni\u017cka obowi\u0105zuje wy\u0142\u0105cznie od cen katalogowych nocleg\u00f3w)<\/li>\n<li data-start=\"1670\" data-end=\"1902\"><strong data-start=\"2045\" data-end=\"2069\">GASTRO \u2013 zni\u017cka 10 %<\/strong><br data-start=\"2069\" data-end=\"2072\" \/>Dania i napoje z aktualnego menu (nie dotyczy wyrob\u00f3w tytoniowych, menu dnia oraz ofert specjalnych). Obowi\u0105zuje w lokalach: Restauracja High Tatras, Lobby Bar, Caf\u00e9 Bar.<\/li>\n<li data-start=\"1670\" data-end=\"1902\"><strong data-start=\"2244\" data-end=\"2278\">US\u0141UGI DODATKOWE \u2013 zni\u017cka 10 %<\/strong><br data-start=\"2278\" data-end=\"2281\" \/>Masa\u017ce i zabiegi w Centrum Relaksu i Masa\u017cu (zni\u017ck\u0119 mo\u017cna uzyska\u0107 w kasach AquaCity Poprad lub w recepcji hoteli).<\/li>\n<li data-start=\"1670\" data-end=\"1902\"><strong data-start=\"2397\" data-end=\"2412\">KRYOCENTRUM<\/strong><br data-start=\"2412\" data-end=\"2415\" \/>Zni\u017cki na wej\u015bcia na krioterapi\u0119 og\u00f3lnoustrojow\u0105 i miejscow\u0105 zgodnie z aktualnie obowi\u0105zuj\u0105cym cennikiem us\u0142ug.<\/li>\n<\/ul>\n<p>[\/vc_column_text][\/vc_column][\/vc_row][vc_row row_content_width=&#8221;grid&#8221; css=&#8221;.vc_custom_1494578016018{padding-top: 95px !important;padding-bottom: 120px !important;}&#8221;][vc_column offset=&#8221;vc_col-lg-6 vc_col-md-12&#8243;][vc_column_text]<\/p>\n<h3>AquaCity Club<\/h3>\n<p>[\/vc_column_text]<div class=\"mkdf-elements-holder   mkdf-one-column  mkdf-responsive-mode-768 \" ><div class=\"mkdf-eh-item    \"  data-item-class=\"mkdf-eh-custom-2137\" data-1024-1280=\"0 8% 0 0\">\n\t<div class=\"mkdf-eh-item-inner\">\n\t\t<div class=\"mkdf-eh-item-content mkdf-eh-custom-2137\" style=\"padding: 0 22% 0 0\">\n\t\t\t<div class=\"mkdf-section-title-holder  mkdf-st-standard  mkdf-st-title-left mkdf-st-normal-space \" >\n\t<div class=\"mkdf-st-inner\">\n\t\t\t\t\t\t\t\t\t\t\t<span class=\"mkdf-st-text\" style=\"margin-top:0px\">\n\t\t\t\tEkskluzywne oferty, ciekawe promocje w Aquaparku, korzystne promocje hotelowe, rabaty urodzinowe itd.\t\t\t<\/span>\n\t\t\t<\/div>\n<\/div>\t\t<\/div>\n\t<\/div>\n<\/div><\/div>[vc_empty_space height=&#8221;20px&#8221;]<div class=\"mkdf-elements-holder   mkdf-two-columns  mkdf-responsive-mode-768 \" ><div class=\"mkdf-eh-item    \"  data-item-class=\"mkdf-eh-custom-5380\" data-1024-1280=\"0 12% 0 0\">\n\t<div class=\"mkdf-eh-item-inner\">\n\t\t<div class=\"mkdf-eh-item-content mkdf-eh-custom-5380\" style=\"padding: 0 17% 0 0\">\n\t\t\t[vc_column_text]<\/p>\n<h5>AquaCity Poprad<\/h5>\n<p>[\/vc_column_text][vc_column_text]Aquapark Poprad s.r.o., \u0160portov\u00e1 1397\/1, Poprad 058 01[\/vc_column_text][vc_empty_space height=&#8221;23px&#8221;][vc_column_text]Email: club@aquacity.sk Nr.tel. +421 52 7851 111[\/vc_column_text]\t\t<\/div>\n\t<\/div>\n<\/div><div class=\"mkdf-eh-item    \"  data-item-class=\"mkdf-eh-custom-1393\" data-1024-1280=\"0 12% 0 0\">\n\t<div class=\"mkdf-eh-item-inner\">\n\t\t<div class=\"mkdf-eh-item-content mkdf-eh-custom-1393\" style=\"padding: 0 25% 0 0\">\n\t\t\t\t\t<\/div>\n\t<\/div>\n<\/div><\/div>[vc_empty_space height=&#8221;18px&#8221;][vc_empty_space height=&#8221;4px&#8221;][\/vc_column][vc_column offset=&#8221;vc_col-lg-6 vc_col-md-12&#8243;]<div class=\"mkdf-elements-holder   mkdf-one-column  mkdf-responsive-mode-768 \" ><div class=\"mkdf-eh-item    \"  data-item-class=\"mkdf-eh-custom-7936\" data-768-1024=\"10% 0 0 0\" data-680-768=\"10% 0 0 0\" data-680=\"5% 0 0 0\">\n\t<div class=\"mkdf-eh-item-inner\">\n\t\t<div class=\"mkdf-eh-item-content mkdf-eh-custom-7936\" style=\"padding: 5% 0% 0 4%\">\n\t\t\t\n<div class=\"wpcf7 no-js\" id=\"wpcf7-f16293-o1\" lang=\"en-US\" dir=\"ltr\" data-wpcf7-id=\"16293\">\n<div class=\"screen-reader-response\"><p role=\"status\" aria-live=\"polite\" aria-atomic=\"true\"><\/p> <ul><\/ul><\/div>\n<form action=\"\/pl\/wp-json\/wp\/v2\/pages\/15464#wpcf7-f16293-o1\" method=\"post\" class=\"wpcf7-form init cf7_custom_style_2\" aria-label=\"Contact form\" novalidate=\"novalidate\" data-status=\"init\">\n<fieldset class=\"hidden-fields-container\"><input type=\"hidden\" name=\"_wpcf7\" value=\"16293\" \/><input type=\"hidden\" name=\"_wpcf7_version\" value=\"6.1.3\" \/><input type=\"hidden\" name=\"_wpcf7_locale\" value=\"en_US\" \/><input type=\"hidden\" name=\"_wpcf7_unit_tag\" value=\"wpcf7-f16293-o1\" \/><input type=\"hidden\" name=\"_wpcf7_container_post\" value=\"0\" \/><input type=\"hidden\" name=\"_wpcf7_posted_data_hash\" value=\"\" \/><input type=\"hidden\" name=\"_wpcf7_recaptcha_response\" value=\"\" \/>\n<\/fieldset>\n<div>\n\t<p><span class=\"wpcf7-form-control-wrap\" data-name=\"your-name\"><input size=\"40\" maxlength=\"400\" class=\"wpcf7-form-control wpcf7-text\" aria-invalid=\"false\" placeholder=\"Twoje imi\u0119\" value=\"\" type=\"text\" name=\"your-name\" \/><\/span>\n\t<\/p>\n<\/div>\n<div>\n\t<p><span class=\"wpcf7-form-control-wrap\" data-name=\"email\"><input size=\"40\" maxlength=\"400\" class=\"wpcf7-form-control wpcf7-email wpcf7-validates-as-required wpcf7-text wpcf7-validates-as-email\" aria-required=\"true\" aria-invalid=\"false\" placeholder=\"Tw\u00f3j email\" value=\"\" type=\"email\" name=\"email\" \/><\/span>\n\t<\/p>\n<\/div>\n<div>\n\t<p><span class=\"wpcf7-form-control-wrap\" data-name=\"message\"><textarea cols=\"40\" rows=\"7\" maxlength=\"2000\" class=\"wpcf7-form-control wpcf7-textarea wpcf7-validates-as-required\" aria-required=\"true\" aria-invalid=\"false\" placeholder=\"Twoja wiadomo\u015b\u0107\" name=\"message\"><\/textarea><\/span>\n\t<\/p>\n<\/div>\n<div>\n\t<p><input class=\"wpcf7-form-control wpcf7-submit has-spinner\" type=\"submit\" value=\"Wysy\u0142a\u0107\" \/>\n\t<\/p>\n<\/div><div class=\"wpcf7-response-output\" aria-hidden=\"true\"><\/div>\n<\/form>\n<\/div>\n\t\t<\/div>\n\t<\/div>\n<\/div><\/div>[\/vc_column][\/vc_row][vc_row disable_element=&#8221;yes&#8221; row_content_width=&#8221;grid&#8221; css=&#8221;.vc_custom_1619608092850{padding-top: 100px !important;}&#8221; parallax_background_image=&#8221;11926&#8243; parallax_bg_speed=&#8221;0.3&#8243; parallax_bg_height=&#8221;450&#8243;][vc_column]<div class=\"mkdf-elements-holder   mkdf-one-column  mkdf-responsive-mode-768 \" ><div class=\"mkdf-eh-item    \"  data-item-class=\"mkdf-eh-custom-3253\" data-1024-1280=\"0 22%\" data-768-1024=\"0 9%\" data-680-768=\"0 6%\" data-680=\"0 4%\">\n\t<div class=\"mkdf-eh-item-inner\">\n\t\t<div class=\"mkdf-eh-item-content mkdf-eh-custom-3253\" style=\"padding: 0 25%\">\n\t\t\t<div class=\"mkdf-section-title-holder  mkdf-st-standard mkdf-st-ha-center mkdf-st-title-left mkdf-st-normal-space \" style=\"text-align: center\">\n\t<div class=\"mkdf-st-inner\">\n\t\t\t\t\t<h6 class=\"mkdf-st-subtitle\" style=\"color: #ffffff;margin-bottom:2px\">\n\t\t\t\tGet all information\t\t\t<\/h6>\n\t\t\t\t\t\t\t<h2 class=\"mkdf-st-title\" style=\"font-weight: 500;color: #ffffff\">\n\t\t\t\tNewsletter\t\t\t\t\t\t\t<\/h2>\n\t\t\t\t\t\t\t\t\t<span class=\"mkdf-st-text\" style=\"color: #ffffff;margin-top:15px\">\n\t\t\t\tLorem Ipsum is simply dummy text of the printing and typesetting industry. Lorem Ipsum has been the industry's\t\t\t<\/span>\n\t\t\t<\/div>\n<\/div>[vc_empty_space height=&#8221;35px&#8221;]\t\t<\/div>\n\t<\/div>\n<\/div><\/div><div class=\"mkdf-elements-holder   mkdf-one-column  mkdf-responsive-mode-768 \" ><div class=\"mkdf-eh-item    \"  data-item-class=\"mkdf-eh-custom-4987\" data-1024-1280=\"0 22%\" data-768-1024=\"0 9%\" data-680-768=\"0 6%\" data-680=\"0 4%\">\n\t<div class=\"mkdf-eh-item-inner\">\n\t\t<div class=\"mkdf-eh-item-content mkdf-eh-custom-4987\" style=\"padding: 0 22%\">\n\t\t\t\n<div class=\"wpcf7 no-js\" id=\"wpcf7-f3873-o2\" lang=\"en-US\" dir=\"ltr\" data-wpcf7-id=\"3873\">\n<div class=\"screen-reader-response\"><p role=\"status\" aria-live=\"polite\" aria-atomic=\"true\"><\/p> <ul><\/ul><\/div>\n<form action=\"\/pl\/wp-json\/wp\/v2\/pages\/15464#wpcf7-f3873-o2\" method=\"post\" class=\"wpcf7-form init cf7_custom_style_2\" aria-label=\"Contact form\" novalidate=\"novalidate\" data-status=\"init\">\n<fieldset class=\"hidden-fields-container\"><input type=\"hidden\" name=\"_wpcf7\" value=\"3873\" \/><input type=\"hidden\" name=\"_wpcf7_version\" value=\"6.1.3\" \/><input type=\"hidden\" name=\"_wpcf7_locale\" value=\"en_US\" \/><input type=\"hidden\" name=\"_wpcf7_unit_tag\" value=\"wpcf7-f3873-o2\" \/><input type=\"hidden\" name=\"_wpcf7_container_post\" value=\"0\" \/><input type=\"hidden\" name=\"_wpcf7_posted_data_hash\" value=\"\" \/><input type=\"hidden\" name=\"_wpcf7_recaptcha_response\" value=\"\" \/>\n<\/fieldset>\n<div class=\"mkdf-two-columns-form-without-space mkdf-newsletter-form mkdf-custom-width clearfix\">\n\t<div class=\"hidden\">\n\t\t<p>[mailpoetsignup* mailpoetsignup-523 list:3 default:on]\n\t\t<\/p>\n\t<\/div>\n\t<div class=\"mkdf-column-left\">\n\t\t<p><span class=\"wpcf7-form-control-wrap\" data-name=\"your-email\"><input size=\"40\" maxlength=\"100\" class=\"wpcf7-form-control wpcf7-email wpcf7-validates-as-required wpcf7-text wpcf7-validates-as-email\" aria-required=\"true\" aria-invalid=\"false\" placeholder=\"E-Mail\" value=\"\" type=\"email\" name=\"your-email\" \/><\/span>\n\t\t<\/p>\n\t<\/div>\n\t<div class=\"mkdf-column-right\">\n\t\t<p><input class=\"wpcf7-form-control wpcf7-submit has-spinner\" type=\"submit\" value=\"Po\u0161li\" \/>\n\t\t<\/p>\n\t<\/div>\n<\/div><div class=\"wpcf7-response-output\" aria-hidden=\"true\"><\/div>\n<\/form>\n<\/div>\n\t\t<\/div>\n\t<\/div>\n<\/div><\/div>[\/vc_column][\/vc_row]<\/p>\n","protected":false},"excerpt":{"rendered":"<p>[vc_row row_content_width=&#8221;grid&#8221; css=&#8221;.vc_custom_1619449480050{padding-top: 110px !important;padding-bottom: 75px !important;}&#8221;][vc_column][vc_separator][vc_empty_space height=&#8221;10px&#8221;][vc_btn title=&#8221;Rejestracja online AquaCity Club&#8221; size=&#8221;lg&#8221; link=&#8221;url:https%3A%2F%2Fshop.aquacity.sk%2Fpl%2Fprodukt%2Fkarta-klubowa%2F&#8221;][vc_separator][vc_empty_space height=&#8221;10px&#8221;][vc_separator][vc_empty_space height=&#8221;10px&#8221;][vc_empty_space height=&#8221;10px&#8221;][vc_column_text] AQUAPARKZni\u017cka 2 \u20ac na wej\u015bcia: Aquapark Packet, Wellness Packet (ca\u0142odzienny \/ 3-godzinny) oraz Family Packet. Obowi\u0105zuje r\u00f3wnie\u017c dla kategorii: dziecko, student, emeryt oraz [&hellip;]<\/p>\n","protected":false},"author":7,"featured_media":0,"parent":0,"menu_order":0,"comment_status":"closed","ping_status":"closed","template":"full-width.php","meta":{"inline_featured_image":false,"footnotes":"","_wp_rev_ctl_limit":""},"class_list":["post-15464","page","type-page","status-publish","hentry"],"yoast_head":"<!-- This site is optimized with the Yoast SEO plugin v26.4 - https:\/\/yoast.com\/wordpress\/plugins\/seo\/ -->\n<title>Program lojalno\u015bciowy - Aquacity Hotel<\/title>\n<meta name=\"robots\" content=\"index, follow, max-snippet:-1, max-image-preview:large, max-video-preview:-1\" \/>\n<link rel=\"canonical\" href=\"https:\/\/aquacityhotel.sk\/pl\/program-lojalnosciowy\/\" \/>\n<meta property=\"og:locale\" content=\"pl_PL\" \/>\n<meta property=\"og:type\" content=\"article\" \/>\n<meta property=\"og:title\" content=\"Program lojalno\u015bciowy - Aquacity Hotel\" \/>\n<meta property=\"og:description\" content=\"[vc_row row_content_width=&#8221;grid&#8221; css=&#8221;.vc_custom_1619449480050{padding-top: 110px !important;padding-bottom: 75px !important;}&#8221;][vc_column][vc_separator][vc_empty_space height=&#8221;10px&#8221;][vc_btn title=&#8221;Rejestracja online AquaCity Club&#8221; size=&#8221;lg&#8221; link=&#8221;url:https%3A%2F%2Fshop.aquacity.sk%2Fpl%2Fprodukt%2Fkarta-klubowa%2F&#8221;][vc_separator][vc_empty_space height=&#8221;10px&#8221;][vc_separator][vc_empty_space height=&#8221;10px&#8221;][vc_empty_space height=&#8221;10px&#8221;][vc_column_text] AQUAPARKZni\u017cka 2 \u20ac na wej\u015bcia: Aquapark Packet, Wellness Packet (ca\u0142odzienny \/ 3-godzinny) oraz Family Packet. Obowi\u0105zuje r\u00f3wnie\u017c dla kategorii: dziecko, student, emeryt oraz [&hellip;]\" \/>\n<meta property=\"og:url\" content=\"https:\/\/aquacityhotel.sk\/pl\/program-lojalnosciowy\/\" \/>\n<meta property=\"og:site_name\" content=\"Aquacity Hotel\" \/>\n<meta property=\"article:modified_time\" content=\"2026-02-20T09:54:22+00:00\" \/>\n<meta name=\"twitter:card\" content=\"summary_large_image\" \/>\n<meta name=\"twitter:label1\" content=\"Szacowany czas czytania\" \/>\n\t<meta name=\"twitter:data1\" content=\"4 minuty\" \/>\n<script type=\"application\/ld+json\" class=\"yoast-schema-graph\">{\"@context\":\"https:\/\/schema.org\",\"@graph\":[{\"@type\":\"WebPage\",\"@id\":\"https:\/\/aquacityhotel.sk\/pl\/program-lojalnosciowy\/\",\"url\":\"https:\/\/aquacityhotel.sk\/pl\/program-lojalnosciowy\/\",\"name\":\"Program lojalno\u015bciowy - Aquacity Hotel\",\"isPartOf\":{\"@id\":\"https:\/\/aquacityhotel.sk\/#website\"},\"datePublished\":\"2021-02-09T09:17:59+00:00\",\"dateModified\":\"2026-02-20T09:54:22+00:00\",\"breadcrumb\":{\"@id\":\"https:\/\/aquacityhotel.sk\/pl\/program-lojalnosciowy\/#breadcrumb\"},\"inLanguage\":\"pl-PL\",\"potentialAction\":[{\"@type\":\"ReadAction\",\"target\":[\"https:\/\/aquacityhotel.sk\/pl\/program-lojalnosciowy\/\"]}]},{\"@type\":\"BreadcrumbList\",\"@id\":\"https:\/\/aquacityhotel.sk\/pl\/program-lojalnosciowy\/#breadcrumb\",\"itemListElement\":[{\"@type\":\"ListItem\",\"position\":1,\"name\":\"Domovsk\u00e1 str\u00e1nka\",\"item\":\"https:\/\/aquacityhotel.sk\/\"},{\"@type\":\"ListItem\",\"position\":2,\"name\":\"Program lojalno\u015bciowy\"}]},{\"@type\":\"WebSite\",\"@id\":\"https:\/\/aquacityhotel.sk\/#website\",\"url\":\"https:\/\/aquacityhotel.sk\/\",\"name\":\"Aquacity Hotel\",\"description\":\"Ubytovanie Vysok\u00e9 Tatry Slovensko\",\"potentialAction\":[{\"@type\":\"SearchAction\",\"target\":{\"@type\":\"EntryPoint\",\"urlTemplate\":\"https:\/\/aquacityhotel.sk\/?s={search_term_string}\"},\"query-input\":{\"@type\":\"PropertyValueSpecification\",\"valueRequired\":true,\"valueName\":\"search_term_string\"}}],\"inLanguage\":\"pl-PL\"}]}<\/script>\n<!-- \/ Yoast SEO plugin. -->","yoast_head_json":{"title":"Program lojalno\u015bciowy - Aquacity Hotel","robots":{"index":"index","follow":"follow","max-snippet":"max-snippet:-1","max-image-preview":"max-image-preview:large","max-video-preview":"max-video-preview:-1"},"canonical":"https:\/\/aquacityhotel.sk\/pl\/program-lojalnosciowy\/","og_locale":"pl_PL","og_type":"article","og_title":"Program lojalno\u015bciowy - Aquacity Hotel","og_description":"[vc_row row_content_width=&#8221;grid&#8221; css=&#8221;.vc_custom_1619449480050{padding-top: 110px !important;padding-bottom: 75px !important;}&#8221;][vc_column][vc_separator][vc_empty_space height=&#8221;10px&#8221;][vc_btn title=&#8221;Rejestracja online AquaCity Club&#8221; size=&#8221;lg&#8221; link=&#8221;url:https%3A%2F%2Fshop.aquacity.sk%2Fpl%2Fprodukt%2Fkarta-klubowa%2F&#8221;][vc_separator][vc_empty_space height=&#8221;10px&#8221;][vc_separator][vc_empty_space height=&#8221;10px&#8221;][vc_empty_space height=&#8221;10px&#8221;][vc_column_text] AQUAPARKZni\u017cka 2 \u20ac na wej\u015bcia: Aquapark Packet, Wellness Packet (ca\u0142odzienny \/ 3-godzinny) oraz Family Packet. Obowi\u0105zuje r\u00f3wnie\u017c dla kategorii: dziecko, student, emeryt oraz [&hellip;]","og_url":"https:\/\/aquacityhotel.sk\/pl\/program-lojalnosciowy\/","og_site_name":"Aquacity Hotel","article_modified_time":"2026-02-20T09:54:22+00:00","twitter_card":"summary_large_image","twitter_misc":{"Szacowany czas czytania":"4 minuty"},"schema":{"@context":"https:\/\/schema.org","@graph":[{"@type":"WebPage","@id":"https:\/\/aquacityhotel.sk\/pl\/program-lojalnosciowy\/","url":"https:\/\/aquacityhotel.sk\/pl\/program-lojalnosciowy\/","name":"Program lojalno\u015bciowy - Aquacity Hotel","isPartOf":{"@id":"https:\/\/aquacityhotel.sk\/#website"},"datePublished":"2021-02-09T09:17:59+00:00","dateModified":"2026-02-20T09:54:22+00:00","breadcrumb":{"@id":"https:\/\/aquacityhotel.sk\/pl\/program-lojalnosciowy\/#breadcrumb"},"inLanguage":"pl-PL","potentialAction":[{"@type":"ReadAction","target":["https:\/\/aquacityhotel.sk\/pl\/program-lojalnosciowy\/"]}]},{"@type":"BreadcrumbList","@id":"https:\/\/aquacityhotel.sk\/pl\/program-lojalnosciowy\/#breadcrumb","itemListElement":[{"@type":"ListItem","position":1,"name":"Domovsk\u00e1 str\u00e1nka","item":"https:\/\/aquacityhotel.sk\/"},{"@type":"ListItem","position":2,"name":"Program lojalno\u015bciowy"}]},{"@type":"WebSite","@id":"https:\/\/aquacityhotel.sk\/#website","url":"https:\/\/aquacityhotel.sk\/","name":"Aquacity Hotel","description":"Ubytovanie Vysok\u00e9 Tatry Slovensko","potentialAction":[{"@type":"SearchAction","target":{"@type":"EntryPoint","urlTemplate":"https:\/\/aquacityhotel.sk\/?s={search_term_string}"},"query-input":{"@type":"PropertyValueSpecification","valueRequired":true,"valueName":"search_term_string"}}],"inLanguage":"pl-PL"}]}},"_links":{"self":[{"href":"https:\/\/aquacityhotel.sk\/pl\/wp-json\/wp\/v2\/pages\/15464","targetHints":{"allow":["GET"]}}],"collection":[{"href":"https:\/\/aquacityhotel.sk\/pl\/wp-json\/wp\/v2\/pages"}],"about":[{"href":"https:\/\/aquacityhotel.sk\/pl\/wp-json\/wp\/v2\/types\/page"}],"author":[{"embeddable":true,"href":"https:\/\/aquacityhotel.sk\/pl\/wp-json\/wp\/v2\/users\/7"}],"replies":[{"embeddable":true,"href":"https:\/\/aquacityhotel.sk\/pl\/wp-json\/wp\/v2\/comments?post=15464"}],"version-history":[{"count":16,"href":"https:\/\/aquacityhotel.sk\/pl\/wp-json\/wp\/v2\/pages\/15464\/revisions"}],"predecessor-version":[{"id":22077,"href":"https:\/\/aquacityhotel.sk\/pl\/wp-json\/wp\/v2\/pages\/15464\/revisions\/22077"}],"wp:attachment":[{"href":"https:\/\/aquacityhotel.sk\/pl\/wp-json\/wp\/v2\/media?parent=15464"}],"curies":[{"name":"wp","href":"https:\/\/api.w.org\/{rel}","templated":true}]}}