
{"id":15439,"date":"2021-02-17T10:22:03","date_gmt":"2021-02-17T09:22:03","guid":{"rendered":"https:\/\/horizontresort.sk\/spa-bary\/"},"modified":"2025-12-23T06:22:46","modified_gmt":"2025-12-23T05:22:46","slug":"blue-diamond-bary","status":"publish","type":"page","link":"https:\/\/aquacityhotel.sk\/pl\/blue-diamond-bary\/","title":{"rendered":"Blue Diamond bary"},"content":{"rendered":"<p>[vc_row css=&#8221;.vc_custom_1514288437790{padding-top: 50px !important;padding-bottom: 50px !important;}&#8221;][vc_column][vc_empty_space]<div class=\"mkdf-section-title-holder  mkdf-st-standard mkdf-st-ha-center mkdf-st-title-left mkdf-st-normal-space \" style=\"text-align: center\">\n\t<div class=\"mkdf-st-inner\">\n\t\t\t\t\t<h6 class=\"mkdf-st-subtitle\" style=\"margin-bottom:0px\">\n\t\t\t\tBary wodne w basenach Blue Diamond\t\t\t<\/h6>\n\t\t\t\t\t\t\t<h1 class=\"mkdf-st-title\" >\n\t\t\t\tBLUE DIAMOND BARY\t\t\t\t\t\t\t<\/h1>\n\t\t\t\t\t\t\t<div class=\"mkdf-st-separator\" style=\"background-color: #c59d5f\"><\/div>\n\t\t\t\t\t<\/div>\n<\/div>[\/vc_column][\/vc_row][vc_row equal_height=&#8221;yes&#8221; css=&#8221;.vc_custom_1493379978370{background-color: #fbf9f9 !important;}&#8221;][vc_column css=&#8221;.vc_custom_1634101397138{padding-top: 28% !important;padding-bottom: 28% !important;background-image: url(https:\/\/aquacityhotel.sk\/wp-content\/uploads\/2021\/10\/1000713_AquaCity_Blue_Diamond_800x800.jpg?id=17439) !important;background-position: center !important;background-repeat: no-repeat !important;background-size: cover !important;}&#8221; offset=&#8221;vc_col-lg-offset-0 vc_col-lg-6 vc_col-md-12 vc_col-sm-offset-0&#8243;][\/vc_column][vc_column offset=&#8221;vc_col-lg-offset-0 vc_col-lg-6 vc_col-md-12 vc_col-sm-offset-0&#8243;]<div class=\"mkdf-elements-holder   mkdf-one-column  mkdf-responsive-mode-768 \" ><div class=\"mkdf-eh-item    \"  data-item-class=\"mkdf-eh-custom-3961\" data-1024-1280=\"13% 13% 20% 13%\" data-768-1024=\"5% 15% 0% 12%\" data-680-768=\"5% 16% 0% 9%\" data-680=\"5% 5% 0% 6%\">\n\t<div class=\"mkdf-eh-item-inner\">\n\t\t<div class=\"mkdf-eh-item-content mkdf-eh-custom-3961\" style=\"padding: 15% 17% 19% 18%\">\n\t\t\t<div class=\"mkdf-section-title-holder  mkdf-st-elegant  mkdf-st-title-left mkdf-st-normal-space \" >\n\t<div class=\"mkdf-st-inner\">\n\t\t\t\t\t<h6 class=\"mkdf-st-subtitle\" style=\"margin-bottom:2px\">\n\t\t\t\tBary wodne w basenach Blue Diamond\t\t\t<\/h6>\n\t\t\t\t\t\t\t<h2 class=\"mkdf-st-title\" >\n\t\t\t\tBLUE DIAMOND BARY\t\t\t\t\t\t\t\t\t<span class=\"mkdf-st-e-separator\" ><\/span>\n\t\t\t\t\t\t\t<\/h2>\n\t\t\t\t\t\t\t\t\t<span class=\"mkdf-st-text\" style=\"line-height:30px;margin-top:15px\">\n\t\t\t\tRelaksuj si\u0119 w basenach termalnych na wodnych sto\u0142kach barowych i prosto z wody zamawiaj i popijaj wyj\u0105tkowe napoje egzotyczne. Wyj\u0105tkowe wodne Blue Diamond bary z now\u0105 ofert\u0105 drink\u00f3w alkoholowych i bezalkoholowych, kaw i innych \u015bwie\u017cych napoj\u00f3w uprzyjemni\u0105 Tw\u00f3j dzie\u0144.\t\t\t<\/span>\n\t\t\t<\/div>\n<\/div>[vc_empty_space]<a itemprop=\"url\" href=\"https:\/\/aquacityhotel.sk\/wp-content\/uploads\/2025\/12\/Blue_Diamond_2__2026_zadny.pdf\" target=\"_blank\" style=\"color: #ffffff;background-color: #c59d5f;border-color: #c59d5f\" class=\"mkdf-btn mkdf-btn-medium mkdf-btn-solid mkdf-btn-custom-hover-bg mkdf-btn-custom-border-hover mkdf-btn-custom-hover-color mkdf-btn-icon\" data-hover-color=\"#ffffff\" data-hover-bg-color=\"#333132\" data-hover-border-color=\"#333132\" >\n    <span class=\"mkdf-btn-text\">Zapraszamy do zapoznania si\u0119 z nasz\u0105 ofert\u0105<\/span>\n    <i class=\"mkdf-icon-linear-icon lnr lnr-arrow-right \" ><\/i><\/a>\t\t<\/div>\n\t<\/div>\n<\/div><\/div>[\/vc_column][\/vc_row][vc_row equal_height=&#8221;yes&#8221; content_placement=&#8221;top&#8221; enable_arrows_animation=&#8221;no&#8221; css=&#8221;.vc_custom_1493370672472{padding-top: 0px !important;padding-right: 0px !important;padding-bottom: 0px !important;padding-left: 0px !important;background-color: #f9f9f9 !important;}&#8221;][vc_column css=&#8221;.vc_custom_1493370704793{padding-top: 0px !important;padding-bottom: 0px !important;background-color: #f9f9f9 !important;}&#8221; offset=&#8221;vc_col-lg-3 vc_col-md-12&#8243;]<div class=\"mkdf-elements-holder   mkdf-one-column  mkdf-responsive-mode-768 \" ><div class=\"mkdf-eh-item    \"  data-item-class=\"mkdf-eh-custom-6632\" data-1280-1600=\"35px 16px 0 50px\" data-1024-1280=\"28px 14px 0 51px\" data-768-1024=\"30px 89px 42px 134px\" data-680-768=\"20px 90px 40px 87px\" data-680=\"15px 45px 25px 61px\">\n\t<div class=\"mkdf-eh-item-inner\">\n\t\t<div class=\"mkdf-eh-item-content mkdf-eh-custom-6632\" style=\"padding: 122px 70px 0 88px\">\n\t\t\t[vc_column_text]<\/p>\n<h3 style=\"font-size: 24px; font-weight: 600;\">Galeria<\/h3>\n<p>[\/vc_column_text]<div class=\"mkdf-separator-holder clearfix  mkdf-separator-left \">\n\t<div class=\"mkdf-separator\" style=\"border-color: #333132;width: 60px;border-bottom-width: 1px;margin-top: 10px\"><\/div>\n<\/div>\n[vc_column_text]<\/p>\n<p style=\"margin-top: 0px;\">Podaruj sobie wyj\u0105tkowe drinki podczas relaksu w basenach<\/p>\n<p>[\/vc_column_text][vc_empty_space height=&#8221;8px&#8221;]<a itemprop=\"url\" href=\"https:\/\/aquacityhotel.sk\/pl\/galeria\/\" target=\"_blank\"  class=\"mkdf-btn mkdf-btn-medium mkdf-btn-simple\"  >\n    <span class=\"mkdf-btn-text\">Zobacz wi\u0119cej<\/span>\n    <\/a>\t\t<\/div>\n\t<\/div>\n<\/div><\/div>[\/vc_column][vc_column css=&#8221;.vc_custom_1493370933032{padding-top: 0px !important;padding-right: 0px !important;padding-bottom: 0px !important;padding-left: 12px !important;}&#8221; offset=&#8221;vc_col-lg-9 vc_col-md-12&#8243;]<div class=\"mkdf-image-gallery  mkdf-ig-carousel-type  mkdf-image-behavior-lightbox \">\n\t<div class=\"mkdf-ig-slider mkdf-owl-slider\" data-number-of-items=\"3\" data-enable-loop=\"yes\" data-enable-autoplay=\"yes\" data-slider-speed=\"5000\" data-slider-speed-animation=\"600\" data-slider-padding=\"no\" data-enable-navigation=\"no\" data-enable-pagination=\"no\">\n\t\t\t\t\t<div class=\"mkdf-ig-image\">\n\t\t\t\t\t\t\t\t\t<a itemprop=\"image\" class=\"mkdf-ig-lightbox mkdf-block-drag-link\" href=\"https:\/\/aquacityhotel.sk\/wp-content\/uploads\/2021\/10\/AquaCity_1000x650_167.jpg\" data-rel=\"prettyPhoto[image_gallery_pretty_photo-801]\" title=\"AquaCity_1000x650_167\">\n\t\t\t\t\t\t\t\t\t<img loading=\"lazy\" decoding=\"async\" width=\"1000\" height=\"650\" src=\"https:\/\/aquacityhotel.sk\/wp-content\/uploads\/2021\/10\/AquaCity_1000x650_167.jpg\" class=\"attachment-full size-full\" alt=\"\" srcset=\"https:\/\/aquacityhotel.sk\/wp-content\/uploads\/2021\/10\/AquaCity_1000x650_167.jpg 1000w, https:\/\/aquacityhotel.sk\/wp-content\/uploads\/2021\/10\/AquaCity_1000x650_167-300x195.jpg 300w, https:\/\/aquacityhotel.sk\/wp-content\/uploads\/2021\/10\/AquaCity_1000x650_167-768x499.jpg 768w, https:\/\/aquacityhotel.sk\/wp-content\/uploads\/2021\/10\/AquaCity_1000x650_167-600x390.jpg 600w\" sizes=\"auto, (max-width: 1000px) 100vw, 1000px\" \/>\t\t\t\t\t\t\t\t\t<\/a>\n\t\t\t\t\t\t\t<\/div>\n\t\t\t\t\t<div class=\"mkdf-ig-image\">\n\t\t\t\t\t\t\t\t\t<a itemprop=\"image\" class=\"mkdf-ig-lightbox mkdf-block-drag-link\" href=\"https:\/\/aquacityhotel.sk\/wp-content\/uploads\/2021\/10\/AquaCity_1000x650_170.jpg\" data-rel=\"prettyPhoto[image_gallery_pretty_photo-801]\" title=\"AquaCity_1000x650_170\">\n\t\t\t\t\t\t\t\t\t<img loading=\"lazy\" decoding=\"async\" width=\"1000\" height=\"650\" src=\"https:\/\/aquacityhotel.sk\/wp-content\/uploads\/2021\/10\/AquaCity_1000x650_170.jpg\" class=\"attachment-full size-full\" alt=\"\" srcset=\"https:\/\/aquacityhotel.sk\/wp-content\/uploads\/2021\/10\/AquaCity_1000x650_170.jpg 1000w, https:\/\/aquacityhotel.sk\/wp-content\/uploads\/2021\/10\/AquaCity_1000x650_170-300x195.jpg 300w, https:\/\/aquacityhotel.sk\/wp-content\/uploads\/2021\/10\/AquaCity_1000x650_170-768x499.jpg 768w, https:\/\/aquacityhotel.sk\/wp-content\/uploads\/2021\/10\/AquaCity_1000x650_170-600x390.jpg 600w\" sizes=\"auto, (max-width: 1000px) 100vw, 1000px\" \/>\t\t\t\t\t\t\t\t\t<\/a>\n\t\t\t\t\t\t\t<\/div>\n\t\t\t\t\t<div class=\"mkdf-ig-image\">\n\t\t\t\t\t\t\t\t\t<a itemprop=\"image\" class=\"mkdf-ig-lightbox mkdf-block-drag-link\" href=\"https:\/\/aquacityhotel.sk\/wp-content\/uploads\/2021\/10\/AquaCity_1000x650_171.jpg\" data-rel=\"prettyPhoto[image_gallery_pretty_photo-801]\" title=\"AquaCity_1000x650_171\">\n\t\t\t\t\t\t\t\t\t<img loading=\"lazy\" decoding=\"async\" width=\"1000\" height=\"650\" src=\"https:\/\/aquacityhotel.sk\/wp-content\/uploads\/2021\/10\/AquaCity_1000x650_171.jpg\" class=\"attachment-full size-full\" alt=\"\" srcset=\"https:\/\/aquacityhotel.sk\/wp-content\/uploads\/2021\/10\/AquaCity_1000x650_171.jpg 1000w, https:\/\/aquacityhotel.sk\/wp-content\/uploads\/2021\/10\/AquaCity_1000x650_171-300x195.jpg 300w, https:\/\/aquacityhotel.sk\/wp-content\/uploads\/2021\/10\/AquaCity_1000x650_171-768x499.jpg 768w, https:\/\/aquacityhotel.sk\/wp-content\/uploads\/2021\/10\/AquaCity_1000x650_171-600x390.jpg 600w\" sizes=\"auto, (max-width: 1000px) 100vw, 1000px\" \/>\t\t\t\t\t\t\t\t\t<\/a>\n\t\t\t\t\t\t\t<\/div>\n\t\t\t\t\t<div class=\"mkdf-ig-image\">\n\t\t\t\t\t\t\t\t\t<a itemprop=\"image\" class=\"mkdf-ig-lightbox mkdf-block-drag-link\" href=\"https:\/\/aquacityhotel.sk\/wp-content\/uploads\/2021\/10\/AquaCity_1000x650_176-2.jpg\" data-rel=\"prettyPhoto[image_gallery_pretty_photo-801]\" title=\"AquaCity_1000x650_176\">\n\t\t\t\t\t\t\t\t\t<img loading=\"lazy\" decoding=\"async\" width=\"1000\" height=\"650\" src=\"https:\/\/aquacityhotel.sk\/wp-content\/uploads\/2021\/10\/AquaCity_1000x650_176-2.jpg\" class=\"attachment-full size-full\" alt=\"\" srcset=\"https:\/\/aquacityhotel.sk\/wp-content\/uploads\/2021\/10\/AquaCity_1000x650_176-2.jpg 1000w, https:\/\/aquacityhotel.sk\/wp-content\/uploads\/2021\/10\/AquaCity_1000x650_176-2-300x195.jpg 300w, https:\/\/aquacityhotel.sk\/wp-content\/uploads\/2021\/10\/AquaCity_1000x650_176-2-768x499.jpg 768w, https:\/\/aquacityhotel.sk\/wp-content\/uploads\/2021\/10\/AquaCity_1000x650_176-2-600x390.jpg 600w\" sizes=\"auto, (max-width: 1000px) 100vw, 1000px\" \/>\t\t\t\t\t\t\t\t\t<\/a>\n\t\t\t\t\t\t\t<\/div>\n\t\t\t\t\t<div class=\"mkdf-ig-image\">\n\t\t\t\t\t\t\t\t\t<a itemprop=\"image\" class=\"mkdf-ig-lightbox mkdf-block-drag-link\" href=\"https:\/\/aquacityhotel.sk\/wp-content\/uploads\/2021\/10\/AquaCity_1000x650_177.jpg\" data-rel=\"prettyPhoto[image_gallery_pretty_photo-801]\" title=\"AquaCity_1000x650_177\">\n\t\t\t\t\t\t\t\t\t<img loading=\"lazy\" decoding=\"async\" width=\"1000\" height=\"650\" src=\"https:\/\/aquacityhotel.sk\/wp-content\/uploads\/2021\/10\/AquaCity_1000x650_177.jpg\" class=\"attachment-full size-full\" alt=\"\" srcset=\"https:\/\/aquacityhotel.sk\/wp-content\/uploads\/2021\/10\/AquaCity_1000x650_177.jpg 1000w, https:\/\/aquacityhotel.sk\/wp-content\/uploads\/2021\/10\/AquaCity_1000x650_177-300x195.jpg 300w, https:\/\/aquacityhotel.sk\/wp-content\/uploads\/2021\/10\/AquaCity_1000x650_177-768x499.jpg 768w, https:\/\/aquacityhotel.sk\/wp-content\/uploads\/2021\/10\/AquaCity_1000x650_177-600x390.jpg 600w\" sizes=\"auto, (max-width: 1000px) 100vw, 1000px\" \/>\t\t\t\t\t\t\t\t\t<\/a>\n\t\t\t\t\t\t\t<\/div>\n\t\t\t<\/div>\n<\/div>[\/vc_column][\/vc_row][vc_row][vc_column][vc_widget_sidebar sidebar_id=&#8221;content-bottom&#8221;][\/vc_column][\/vc_row]<\/p>\n","protected":false},"excerpt":{"rendered":"<p>[vc_row css=&#8221;.vc_custom_1514288437790{padding-top: 50px !important;padding-bottom: 50px !important;}&#8221;][vc_column][vc_empty_space][\/vc_column][\/vc_row][vc_row equal_height=&#8221;yes&#8221; css=&#8221;.vc_custom_1493379978370{background-color: #fbf9f9 !important;}&#8221;][vc_column css=&#8221;.vc_custom_1634101397138{padding-top: 28% !important;padding-bottom: 28% !important;background-image: url(https:\/\/aquacityhotel.sk\/wp-content\/uploads\/2021\/10\/1000713_AquaCity_Blue_Diamond_800x800.jpg?id=17439) !important;background-position: center !important;background-repeat: no-repeat !important;background-size: cover !important;}&#8221; offset=&#8221;vc_col-lg-offset-0 vc_col-lg-6 vc_col-md-12 vc_col-sm-offset-0&#8243;][\/vc_column][vc_column offset=&#8221;vc_col-lg-offset-0 vc_col-lg-6 vc_col-md-12 vc_col-sm-offset-0&#8243;][\/vc_column][\/vc_row][vc_row equal_height=&#8221;yes&#8221; content_placement=&#8221;top&#8221; enable_arrows_animation=&#8221;no&#8221; css=&#8221;.vc_custom_1493370672472{padding-top: 0px !important;padding-right: 0px !important;padding-bottom: 0px [&hellip;]<\/p>\n","protected":false},"author":2,"featured_media":0,"parent":0,"menu_order":0,"comment_status":"closed","ping_status":"closed","template":"full-width.php","meta":{"inline_featured_image":false,"footnotes":"","_wp_rev_ctl_limit":""},"class_list":["post-15439","page","type-page","status-publish","hentry"],"yoast_head":"<!-- This site is optimized with the Yoast SEO plugin v26.4 - https:\/\/yoast.com\/wordpress\/plugins\/seo\/ -->\n<title>Blue Diamond bary - Aquacity Hotel<\/title>\n<meta name=\"robots\" content=\"index, follow, max-snippet:-1, max-image-preview:large, max-video-preview:-1\" \/>\n<link rel=\"canonical\" href=\"https:\/\/aquacityhotel.sk\/blue-diamond-bary\/\" \/>\n<meta property=\"og:locale\" content=\"pl_PL\" \/>\n<meta property=\"og:type\" content=\"article\" \/>\n<meta property=\"og:title\" content=\"Blue Diamond bary - Aquacity Hotel\" \/>\n<meta property=\"og:description\" content=\"[vc_row css=&#8221;.vc_custom_1514288437790{padding-top: 50px !important;padding-bottom: 50px !important;}&#8221;][vc_column][vc_empty_space][\/vc_column][\/vc_row][vc_row equal_height=&#8221;yes&#8221; css=&#8221;.vc_custom_1493379978370{background-color: #fbf9f9 !important;}&#8221;][vc_column css=&#8221;.vc_custom_1634101397138{padding-top: 28% !important;padding-bottom: 28% !important;background-image: url(https:\/\/aquacityhotel.sk\/wp-content\/uploads\/2021\/10\/1000713_AquaCity_Blue_Diamond_800x800.jpg?id=17439) !important;background-position: center !important;background-repeat: no-repeat !important;background-size: cover !important;}&#8221; offset=&#8221;vc_col-lg-offset-0 vc_col-lg-6 vc_col-md-12 vc_col-sm-offset-0&#8243;][\/vc_column][vc_column offset=&#8221;vc_col-lg-offset-0 vc_col-lg-6 vc_col-md-12 vc_col-sm-offset-0&#8243;][\/vc_column][\/vc_row][vc_row equal_height=&#8221;yes&#8221; content_placement=&#8221;top&#8221; enable_arrows_animation=&#8221;no&#8221; css=&#8221;.vc_custom_1493370672472{padding-top: 0px !important;padding-right: 0px !important;padding-bottom: 0px [&hellip;]\" \/>\n<meta property=\"og:url\" content=\"https:\/\/aquacityhotel.sk\/blue-diamond-bary\/\" \/>\n<meta property=\"og:site_name\" content=\"Aquacity Hotel\" \/>\n<meta property=\"article:modified_time\" content=\"2025-12-23T05:22:46+00:00\" \/>\n<meta name=\"twitter:card\" content=\"summary_large_image\" \/>\n<meta name=\"twitter:label1\" content=\"Szacowany czas czytania\" \/>\n\t<meta name=\"twitter:data1\" content=\"3 minuty\" \/>\n<script type=\"application\/ld+json\" class=\"yoast-schema-graph\">{\"@context\":\"https:\/\/schema.org\",\"@graph\":[{\"@type\":\"WebPage\",\"@id\":\"https:\/\/aquacityhotel.sk\/blue-diamond-bary\/\",\"url\":\"https:\/\/aquacityhotel.sk\/blue-diamond-bary\/\",\"name\":\"Blue Diamond bary - Aquacity Hotel\",\"isPartOf\":{\"@id\":\"https:\/\/aquacityhotel.sk\/#website\"},\"datePublished\":\"2021-02-17T09:22:03+00:00\",\"dateModified\":\"2025-12-23T05:22:46+00:00\",\"breadcrumb\":{\"@id\":\"https:\/\/aquacityhotel.sk\/blue-diamond-bary\/#breadcrumb\"},\"inLanguage\":\"pl-PL\",\"potentialAction\":[{\"@type\":\"ReadAction\",\"target\":[\"https:\/\/aquacityhotel.sk\/blue-diamond-bary\/\"]}]},{\"@type\":\"BreadcrumbList\",\"@id\":\"https:\/\/aquacityhotel.sk\/blue-diamond-bary\/#breadcrumb\",\"itemListElement\":[{\"@type\":\"ListItem\",\"position\":1,\"name\":\"Domovsk\u00e1 str\u00e1nka\",\"item\":\"https:\/\/aquacityhotel.sk\/\"},{\"@type\":\"ListItem\",\"position\":2,\"name\":\"Blue Diamond bary\"}]},{\"@type\":\"WebSite\",\"@id\":\"https:\/\/aquacityhotel.sk\/#website\",\"url\":\"https:\/\/aquacityhotel.sk\/\",\"name\":\"Aquacity Hotel\",\"description\":\"Ubytovanie Vysok\u00e9 Tatry Slovensko\",\"potentialAction\":[{\"@type\":\"SearchAction\",\"target\":{\"@type\":\"EntryPoint\",\"urlTemplate\":\"https:\/\/aquacityhotel.sk\/?s={search_term_string}\"},\"query-input\":{\"@type\":\"PropertyValueSpecification\",\"valueRequired\":true,\"valueName\":\"search_term_string\"}}],\"inLanguage\":\"pl-PL\"}]}<\/script>\n<!-- \/ Yoast SEO plugin. -->","yoast_head_json":{"title":"Blue Diamond bary - Aquacity Hotel","robots":{"index":"index","follow":"follow","max-snippet":"max-snippet:-1","max-image-preview":"max-image-preview:large","max-video-preview":"max-video-preview:-1"},"canonical":"https:\/\/aquacityhotel.sk\/blue-diamond-bary\/","og_locale":"pl_PL","og_type":"article","og_title":"Blue Diamond bary - Aquacity Hotel","og_description":"[vc_row css=&#8221;.vc_custom_1514288437790{padding-top: 50px !important;padding-bottom: 50px !important;}&#8221;][vc_column][vc_empty_space][\/vc_column][\/vc_row][vc_row equal_height=&#8221;yes&#8221; css=&#8221;.vc_custom_1493379978370{background-color: #fbf9f9 !important;}&#8221;][vc_column css=&#8221;.vc_custom_1634101397138{padding-top: 28% !important;padding-bottom: 28% !important;background-image: url(https:\/\/aquacityhotel.sk\/wp-content\/uploads\/2021\/10\/1000713_AquaCity_Blue_Diamond_800x800.jpg?id=17439) !important;background-position: center !important;background-repeat: no-repeat !important;background-size: cover !important;}&#8221; offset=&#8221;vc_col-lg-offset-0 vc_col-lg-6 vc_col-md-12 vc_col-sm-offset-0&#8243;][\/vc_column][vc_column offset=&#8221;vc_col-lg-offset-0 vc_col-lg-6 vc_col-md-12 vc_col-sm-offset-0&#8243;][\/vc_column][\/vc_row][vc_row equal_height=&#8221;yes&#8221; content_placement=&#8221;top&#8221; enable_arrows_animation=&#8221;no&#8221; css=&#8221;.vc_custom_1493370672472{padding-top: 0px !important;padding-right: 0px !important;padding-bottom: 0px [&hellip;]","og_url":"https:\/\/aquacityhotel.sk\/blue-diamond-bary\/","og_site_name":"Aquacity Hotel","article_modified_time":"2025-12-23T05:22:46+00:00","twitter_card":"summary_large_image","twitter_misc":{"Szacowany czas czytania":"3 minuty"},"schema":{"@context":"https:\/\/schema.org","@graph":[{"@type":"WebPage","@id":"https:\/\/aquacityhotel.sk\/blue-diamond-bary\/","url":"https:\/\/aquacityhotel.sk\/blue-diamond-bary\/","name":"Blue Diamond bary - Aquacity Hotel","isPartOf":{"@id":"https:\/\/aquacityhotel.sk\/#website"},"datePublished":"2021-02-17T09:22:03+00:00","dateModified":"2025-12-23T05:22:46+00:00","breadcrumb":{"@id":"https:\/\/aquacityhotel.sk\/blue-diamond-bary\/#breadcrumb"},"inLanguage":"pl-PL","potentialAction":[{"@type":"ReadAction","target":["https:\/\/aquacityhotel.sk\/blue-diamond-bary\/"]}]},{"@type":"BreadcrumbList","@id":"https:\/\/aquacityhotel.sk\/blue-diamond-bary\/#breadcrumb","itemListElement":[{"@type":"ListItem","position":1,"name":"Domovsk\u00e1 str\u00e1nka","item":"https:\/\/aquacityhotel.sk\/"},{"@type":"ListItem","position":2,"name":"Blue Diamond bary"}]},{"@type":"WebSite","@id":"https:\/\/aquacityhotel.sk\/#website","url":"https:\/\/aquacityhotel.sk\/","name":"Aquacity Hotel","description":"Ubytovanie Vysok\u00e9 Tatry Slovensko","potentialAction":[{"@type":"SearchAction","target":{"@type":"EntryPoint","urlTemplate":"https:\/\/aquacityhotel.sk\/?s={search_term_string}"},"query-input":{"@type":"PropertyValueSpecification","valueRequired":true,"valueName":"search_term_string"}}],"inLanguage":"pl-PL"}]}},"_links":{"self":[{"href":"https:\/\/aquacityhotel.sk\/pl\/wp-json\/wp\/v2\/pages\/15439","targetHints":{"allow":["GET"]}}],"collection":[{"href":"https:\/\/aquacityhotel.sk\/pl\/wp-json\/wp\/v2\/pages"}],"about":[{"href":"https:\/\/aquacityhotel.sk\/pl\/wp-json\/wp\/v2\/types\/page"}],"author":[{"embeddable":true,"href":"https:\/\/aquacityhotel.sk\/pl\/wp-json\/wp\/v2\/users\/2"}],"replies":[{"embeddable":true,"href":"https:\/\/aquacityhotel.sk\/pl\/wp-json\/wp\/v2\/comments?post=15439"}],"version-history":[{"count":15,"href":"https:\/\/aquacityhotel.sk\/pl\/wp-json\/wp\/v2\/pages\/15439\/revisions"}],"predecessor-version":[{"id":21978,"href":"https:\/\/aquacityhotel.sk\/pl\/wp-json\/wp\/v2\/pages\/15439\/revisions\/21978"}],"wp:attachment":[{"href":"https:\/\/aquacityhotel.sk\/pl\/wp-json\/wp\/v2\/media?parent=15439"}],"curies":[{"name":"wp","href":"https:\/\/api.w.org\/{rel}","templated":true}]}}