
{"id":15427,"date":"2021-04-16T19:34:21","date_gmt":"2021-04-16T17:34:21","guid":{"rendered":"https:\/\/horizontresort.sk\/solarium\/"},"modified":"2022-07-11T21:34:19","modified_gmt":"2022-07-11T19:34:19","slug":"solarium","status":"publish","type":"page","link":"https:\/\/aquacityhotel.sk\/pl\/solarium\/","title":{"rendered":"Solarium"},"content":{"rendered":"<p>[vc_row][vc_column][vc_column_text]<\/p>\n<div class=\"wp-block-column\">\n<div class=\"wp-block-column\">\n<p><strong>Opalanie jest najbardziej naturalnym \u015brodkiem kosmetycznym<\/strong>. Solarium, to miejsce, gdzie mo\u017cesz bezpiecznie opali\u0107 ca\u0142e swoje cia\u0142o. Ju\u017c wi\u0119cej nie musisz si\u0119 przejmowa\u0107 bia\u0142ymi, nieopalonymi miejscami pod kostiumem k\u0105pielowym. Teraz ca\u0142e Twoje cia\u0142o b\u0119dzie atrakcyjne. Opalanie pod kontrol\u0105 i przyjmowanie witaminy D jest najlepsz\u0105 form\u0105 uzyskania ciemniejszego koloru sk\u00f3ry. Witamina D3 jest wa\u017cna przy budowie ko\u015bci i zapobiega powstaniu osteoporozy. R\u00f3wnocze\u015bnie w ko\u015bciach gromadzi si\u0119 wap\u0144 i Tw\u00f3j uk\u0142ad kostny staje si\u0119 silniejszy. Solarium pomaga w zapobieganiu grypie, przy niewydolno\u015bci nerek u dzieci i leczeniu chor\u00f3b sk\u00f3ry oraz ma intensywne dzia\u0142anie kosmetyczne i upi\u0119kszaj\u0105ce.<br \/>\n<strong>Przestronna kabina serii Sunrise jest do opalania wyj\u0105tkowo wygodna \u2013 wysoko\u015b\u0107 208 cm, szeroko\u015b\u0107 86 cm, parametry techniczne 48 x max. 180 W, lampy UV Turbo<\/strong>. Uchwyty w kabinie pomog\u0105 Ci odnale\u017a\u0107 idealn\u0105 pozycj\u0119 cia\u0142a, u\u0142atwiaj\u0105 stanie i zapewniaj\u0105 r\u00f3wnomierne opalanie. Specjalny system ch\u0142odzenia Silent Cooling to wyj\u0105tkowo ciche i efektywne och\u0142adzanie dzi\u0119ki trzem wentylatorom. O\u015bwietlenie Ambient Light tworzy fascynuj\u0105ce efekty i \u015bwietlne show, kt\u00f3re gwarantuj\u0105 odpowiedni\u0105 atmosfer\u0119 podczas opalania. Z muzyk\u0105 ka\u017cda czynno\u015b\u0107 jest przyjemniejsza. System stereo 3D Sound w kabinach sk\u0142ada si\u0119 z dw\u00f3ch g\u0142o\u015bnik\u00f3w, umo\u017cliwia wyb\u00f3r kana\u0142\u00f3w, regulowanie g\u0142o\u015bno\u015bci oraz pod\u0142\u0105czenie s\u0142uchawek.<\/p>\n<\/div>\n<\/div>\n<p>[\/vc_column_text][\/vc_column][\/vc_row][vc_row][vc_column][vc_separator][vc_empty_space][vc_toggle title=&#8221;ZASADY OPALANIA&#8221;]<\/p>\n<div class=\"description\">\n<p>W celu zachowania bezpiecze\u0144stwa podczas opalania w solarium nale\u017cy przestrzega\u0107 nast\u0119puj\u0105cych zasad:<\/p>\n<ul>\n<li>Podczas ka\u017cdego opalania nale\u017cy u\u017cywa\u0107 okular\u00f3w s\u0142onecznych w celu ochrony wzroku<\/li>\n<li>Przed opalaniem nale\u017cy usun\u0105\u0107 makija\u017c oraz wszelkie kosmetyki<\/li>\n<li>Nie nale\u017cy u\u017cywa\u0107 \u017cadnych krem\u00f3w do opalania lub samoopalaczy, ale specjalnych kosmetyk\u00f3w do solarium<\/li>\n<li>Nie mo\u017cna si\u0119 opala\u0107 tego samego dnia w solarium i na s\u0142o\u0144cu<\/li>\n<li>Okres pomi\u0119dzy dwiema sesjami opalania nie mo\u017ce by\u0107 kr\u00f3tszy ni\u017c 48 godzin<\/li>\n<li>W przypadku za\u017cywania lek\u00f3w prosz\u0119 skonsultowa\u0107 si\u0119 z lekarzem<\/li>\n<li>Podczas opalania w solarium prosz\u0119 korzysta\u0107 z zalecanych kosmetyk\u00f3w do solarium. Po zako\u0144czeniu opalania zaleca si\u0119 skorzystanie z kosmetyk\u00f3w do solari\u00f3w po opalaniu, kt\u00f3re swoim sk\u0142adem pozytywnie wp\u0142ywaj\u0105 na sk\u00f3r\u0119 (koj\u0105 j\u0105), dostarczaj\u0105 jej wszystkich niezb\u0119dnych witamin i maj\u0105 dzia\u0142anie regeneruj\u0105ce.<\/li>\n<li>Kosmetyki do solarium i nie tylko mo\u017cna zakupi\u0107 w recepcji Fitness centrum\u00a0\u00a0\u2192<\/li>\n<\/ul>\n<\/div>\n<p>[\/vc_toggle][\/vc_column][\/vc_row][vc_row row_content_width=&#8221;grid&#8221; content_text_aligment=&#8221;center&#8221; css=&#8221;.vc_custom_1493383119559{padding-top: 120px !important;padding-bottom: 85px !important;}&#8221;][vc_column width=&#8221;1\/2&#8243; offset=&#8221;vc_col-lg-3 vc_col-md-6&#8243;]<div class=\"mkdf-iwt clearfix  mkdf-iwt-icon-top mkdf-iwt-icon-medium mkdf-iwt-has-separator\">\n\t<div class=\"mkdf-iwt-icon\">\n\t\t\t\t\t<a itemprop=\"url\" href=\"https:\/\/aquacity.sk\/otvaracie-hodiny\/\" target=\"_blank\">\n\t\t\t\t\t\t\t\t\t    <span class=\"mkdf-icon-shortcode mkdf-normal   mkdf-icon-medium\"  data-hover-color=\"#333132\" data-color=\"#c59d5f\">\n                    <i class=\"mkdf-icon-font-awesome fa fa-clock-o mkdf-icon-element\" style=\"color: #c59d5f;font-size:60px\" ><\/i>            <\/span>\n\t\t\t\t\t\t\t\t<\/a>\n\t\t\t<\/div>\n\t<div class=\"mkdf-iwt-content\" >\n\t\t\t\t\t<h5 class=\"mkdf-iwt-title\" style=\"margin-top:25px\">\n\t\t\t\t\t\t\t\t\t<a itemprop=\"url\" href=\"https:\/\/aquacity.sk\/otvaracie-hodiny\/\" target=\"_blank\">\n\t\t\t\t\t\t\t\t<span class=\"mkdf-iwt-title-text\">Godziny otwarcia<\/span>\n\t\t\t\t\t\t\t\t\t<\/a>\n\t\t\t\t\t\t\t\t\t\t\t<\/h5>\n\t\t\t\t\t\t\t<div class=\"mkdf-iwt-separator\" ><\/div>\n\t\t\t\t\t\t\t<p class=\"mkdf-iwt-text\" >Otwarte codziennie w godzinach Aquaparku<\/p>\n\t\t\t\t\t<\/div>\n<\/div>[vc_empty_space height=&#8221;50px&#8221;][\/vc_column][vc_column width=&#8221;1\/2&#8243; offset=&#8221;vc_col-lg-3 vc_col-md-6&#8243;]<div class=\"mkdf-iwt clearfix  mkdf-iwt-icon-top mkdf-iwt-icon-medium mkdf-iwt-has-separator\">\n\t<div class=\"mkdf-iwt-icon\">\n\t\t\t\t\t\t\t\t\t    <span class=\"mkdf-icon-shortcode mkdf-normal   mkdf-icon-medium\"  data-hover-color=\"#333132\" data-color=\"#c59d5f\">\n                    <i class=\"mkdf-icon-font-awesome fa fa-address-book-o mkdf-icon-element\" style=\"color: #c59d5f;font-size:60px\" ><\/i>            <\/span>\n\t\t\t\t\t\t<\/div>\n\t<div class=\"mkdf-iwt-content\" >\n\t\t\t\t\t<h5 class=\"mkdf-iwt-title\" style=\"margin-top:25px\">\n\t\t\t\t\t\t\t\t<span class=\"mkdf-iwt-title-text\">Informacje kontaktowe<\/span>\n\t\t\t\t\t\t\t\t\t\t\t<\/h5>\n\t\t\t\t\t\t\t<div class=\"mkdf-iwt-separator\" ><\/div>\n\t\t\t\t\t\t\t<p class=\"mkdf-iwt-text\" >Tel.+ 421 910 802 309 Email: recepcia@aquacity.sk<\/p>\n\t\t\t\t\t<\/div>\n<\/div>[vc_empty_space height=&#8221;50px&#8221;][\/vc_column][vc_column width=&#8221;1\/2&#8243; offset=&#8221;vc_col-lg-3 vc_col-md-6&#8243;]<div class=\"mkdf-iwt clearfix  mkdf-iwt-icon-top mkdf-iwt-icon-medium mkdf-iwt-has-separator\">\n\t<div class=\"mkdf-iwt-icon\">\n\t\t\t\t\t<a itemprop=\"url\" href=\"https:\/\/shop.aquacity.sk\/pl\/\" target=\"_blank\">\n\t\t\t\t\t\t\t\t\t    <span class=\"mkdf-icon-shortcode mkdf-normal   mkdf-icon-medium\"  data-hover-color=\"#333132\" data-color=\"#c59d5f\">\n                    <i class=\"mkdf-icon-font-awesome fa fa-gift mkdf-icon-element\" style=\"color: #c59d5f;font-size:60px\" ><\/i>            <\/span>\n\t\t\t\t\t\t\t\t<\/a>\n\t\t\t<\/div>\n\t<div class=\"mkdf-iwt-content\" >\n\t\t\t\t\t<h5 class=\"mkdf-iwt-title\" style=\"margin-top:25px\">\n\t\t\t\t\t\t\t\t\t<a itemprop=\"url\" href=\"https:\/\/shop.aquacity.sk\/pl\/\" target=\"_blank\">\n\t\t\t\t\t\t\t\t<span class=\"mkdf-iwt-title-text\">ZAKUPY ONLINE<\/span>\n\t\t\t\t\t\t\t\t\t<\/a>\n\t\t\t\t\t\t\t\t\t\t\t<\/h5>\n\t\t\t\t\t\t\t<div class=\"mkdf-iwt-separator\" ><\/div>\n\t\t\t\t\t\t\t<p class=\"mkdf-iwt-text\" >Zakup online bon\u00f3w upominkowych do Aquaparku lub Wellness Centrum<\/p>\n\t\t\t\t\t<\/div>\n<\/div>[vc_empty_space height=&#8221;50px&#8221;][\/vc_column][vc_column width=&#8221;1\/2&#8243; offset=&#8221;vc_col-lg-3 vc_col-md-6&#8243;]<div class=\"mkdf-iwt clearfix  mkdf-iwt-icon-top mkdf-iwt-icon-medium mkdf-iwt-has-separator\">\n\t<div class=\"mkdf-iwt-icon\">\n\t\t\t\t\t<a itemprop=\"url\" href=\"https:\/\/aquacityhotel.sk\/aquacity_cennik-solarium-2019\/\" target=\"_blank\">\n\t\t\t\t\t\t\t\t\t    <span class=\"mkdf-icon-shortcode mkdf-normal   mkdf-icon-medium\"  data-hover-color=\"#333132\" data-color=\"#c59d5f\">\n                    <i class=\"mkdf-icon-linea-icon icon-ecommerce-euro mkdf-icon-element\" style=\"color: #c59d5f;font-size:60px\" ><\/i>            <\/span>\n\t\t\t\t\t\t\t\t<\/a>\n\t\t\t<\/div>\n\t<div class=\"mkdf-iwt-content\" >\n\t\t\t\t\t<h5 class=\"mkdf-iwt-title\" style=\"margin-top:25px\">\n\t\t\t\t\t\t\t\t\t<a itemprop=\"url\" href=\"https:\/\/aquacityhotel.sk\/aquacity_cennik-solarium-2019\/\" target=\"_blank\">\n\t\t\t\t\t\t\t\t<span class=\"mkdf-iwt-title-text\">CENNIK DO POBRANIA<\/span>\n\t\t\t\t\t\t\t\t\t<\/a>\n\t\t\t\t\t\t\t\t\t\t\t<\/h5>\n\t\t\t\t\t\t\t<div class=\"mkdf-iwt-separator\" ><\/div>\n\t\t\t\t\t\t\t<p class=\"mkdf-iwt-text\" >Cennik Solarium<\/p>\n\t\t\t\t\t<\/div>\n<\/div>[vc_empty_space height=&#8221;50px&#8221;][\/vc_column][\/vc_row]<\/p>\n","protected":false},"excerpt":{"rendered":"<p>[vc_row][vc_column][vc_column_text] Opalanie jest najbardziej naturalnym \u015brodkiem kosmetycznym. Solarium, to miejsce, gdzie mo\u017cesz bezpiecznie opali\u0107 ca\u0142e swoje cia\u0142o. Ju\u017c wi\u0119cej nie musisz si\u0119 przejmowa\u0107 bia\u0142ymi, nieopalonymi miejscami pod kostiumem k\u0105pielowym. Teraz ca\u0142e Twoje cia\u0142o b\u0119dzie atrakcyjne. Opalanie pod kontrol\u0105 i przyjmowanie [&hellip;]<\/p>\n","protected":false},"author":2,"featured_media":0,"parent":0,"menu_order":0,"comment_status":"closed","ping_status":"closed","template":"","meta":{"inline_featured_image":false,"footnotes":"","_wp_rev_ctl_limit":""},"class_list":["post-15427","page","type-page","status-publish","hentry"],"yoast_head":"<!-- This site is optimized with the Yoast SEO plugin v26.4 - https:\/\/yoast.com\/wordpress\/plugins\/seo\/ -->\n<title>Solarium - Aquacity Hotel<\/title>\n<meta name=\"robots\" content=\"index, follow, max-snippet:-1, max-image-preview:large, max-video-preview:-1\" \/>\n<link rel=\"canonical\" href=\"https:\/\/aquacityhotel.sk\/pl\/solarium\/\" \/>\n<meta property=\"og:locale\" content=\"pl_PL\" \/>\n<meta property=\"og:type\" content=\"article\" \/>\n<meta property=\"og:title\" content=\"Solarium - Aquacity Hotel\" \/>\n<meta property=\"og:description\" content=\"[vc_row][vc_column][vc_column_text] Opalanie jest najbardziej naturalnym \u015brodkiem kosmetycznym. Solarium, to miejsce, gdzie mo\u017cesz bezpiecznie opali\u0107 ca\u0142e swoje cia\u0142o. Ju\u017c wi\u0119cej nie musisz si\u0119 przejmowa\u0107 bia\u0142ymi, nieopalonymi miejscami pod kostiumem k\u0105pielowym. Teraz ca\u0142e Twoje cia\u0142o b\u0119dzie atrakcyjne. Opalanie pod kontrol\u0105 i przyjmowanie [&hellip;]\" \/>\n<meta property=\"og:url\" content=\"https:\/\/aquacityhotel.sk\/pl\/solarium\/\" \/>\n<meta property=\"og:site_name\" content=\"Aquacity Hotel\" \/>\n<meta property=\"article:modified_time\" content=\"2022-07-11T19:34:19+00:00\" \/>\n<meta name=\"twitter:card\" content=\"summary_large_image\" \/>\n<meta name=\"twitter:label1\" content=\"Szacowany czas czytania\" \/>\n\t<meta name=\"twitter:data1\" content=\"4 minuty\" \/>\n<script type=\"application\/ld+json\" class=\"yoast-schema-graph\">{\"@context\":\"https:\/\/schema.org\",\"@graph\":[{\"@type\":\"WebPage\",\"@id\":\"https:\/\/aquacityhotel.sk\/pl\/solarium\/\",\"url\":\"https:\/\/aquacityhotel.sk\/pl\/solarium\/\",\"name\":\"Solarium - Aquacity Hotel\",\"isPartOf\":{\"@id\":\"https:\/\/aquacityhotel.sk\/#website\"},\"datePublished\":\"2021-04-16T17:34:21+00:00\",\"dateModified\":\"2022-07-11T19:34:19+00:00\",\"breadcrumb\":{\"@id\":\"https:\/\/aquacityhotel.sk\/pl\/solarium\/#breadcrumb\"},\"inLanguage\":\"pl-PL\",\"potentialAction\":[{\"@type\":\"ReadAction\",\"target\":[\"https:\/\/aquacityhotel.sk\/pl\/solarium\/\"]}]},{\"@type\":\"BreadcrumbList\",\"@id\":\"https:\/\/aquacityhotel.sk\/pl\/solarium\/#breadcrumb\",\"itemListElement\":[{\"@type\":\"ListItem\",\"position\":1,\"name\":\"Domovsk\u00e1 str\u00e1nka\",\"item\":\"https:\/\/aquacityhotel.sk\/\"},{\"@type\":\"ListItem\",\"position\":2,\"name\":\"Solarium\"}]},{\"@type\":\"WebSite\",\"@id\":\"https:\/\/aquacityhotel.sk\/#website\",\"url\":\"https:\/\/aquacityhotel.sk\/\",\"name\":\"Aquacity Hotel\",\"description\":\"Ubytovanie Vysok\u00e9 Tatry Slovensko\",\"potentialAction\":[{\"@type\":\"SearchAction\",\"target\":{\"@type\":\"EntryPoint\",\"urlTemplate\":\"https:\/\/aquacityhotel.sk\/?s={search_term_string}\"},\"query-input\":{\"@type\":\"PropertyValueSpecification\",\"valueRequired\":true,\"valueName\":\"search_term_string\"}}],\"inLanguage\":\"pl-PL\"}]}<\/script>\n<!-- \/ Yoast SEO plugin. -->","yoast_head_json":{"title":"Solarium - Aquacity Hotel","robots":{"index":"index","follow":"follow","max-snippet":"max-snippet:-1","max-image-preview":"max-image-preview:large","max-video-preview":"max-video-preview:-1"},"canonical":"https:\/\/aquacityhotel.sk\/pl\/solarium\/","og_locale":"pl_PL","og_type":"article","og_title":"Solarium - Aquacity Hotel","og_description":"[vc_row][vc_column][vc_column_text] Opalanie jest najbardziej naturalnym \u015brodkiem kosmetycznym. Solarium, to miejsce, gdzie mo\u017cesz bezpiecznie opali\u0107 ca\u0142e swoje cia\u0142o. Ju\u017c wi\u0119cej nie musisz si\u0119 przejmowa\u0107 bia\u0142ymi, nieopalonymi miejscami pod kostiumem k\u0105pielowym. Teraz ca\u0142e Twoje cia\u0142o b\u0119dzie atrakcyjne. Opalanie pod kontrol\u0105 i przyjmowanie [&hellip;]","og_url":"https:\/\/aquacityhotel.sk\/pl\/solarium\/","og_site_name":"Aquacity Hotel","article_modified_time":"2022-07-11T19:34:19+00:00","twitter_card":"summary_large_image","twitter_misc":{"Szacowany czas czytania":"4 minuty"},"schema":{"@context":"https:\/\/schema.org","@graph":[{"@type":"WebPage","@id":"https:\/\/aquacityhotel.sk\/pl\/solarium\/","url":"https:\/\/aquacityhotel.sk\/pl\/solarium\/","name":"Solarium - Aquacity Hotel","isPartOf":{"@id":"https:\/\/aquacityhotel.sk\/#website"},"datePublished":"2021-04-16T17:34:21+00:00","dateModified":"2022-07-11T19:34:19+00:00","breadcrumb":{"@id":"https:\/\/aquacityhotel.sk\/pl\/solarium\/#breadcrumb"},"inLanguage":"pl-PL","potentialAction":[{"@type":"ReadAction","target":["https:\/\/aquacityhotel.sk\/pl\/solarium\/"]}]},{"@type":"BreadcrumbList","@id":"https:\/\/aquacityhotel.sk\/pl\/solarium\/#breadcrumb","itemListElement":[{"@type":"ListItem","position":1,"name":"Domovsk\u00e1 str\u00e1nka","item":"https:\/\/aquacityhotel.sk\/"},{"@type":"ListItem","position":2,"name":"Solarium"}]},{"@type":"WebSite","@id":"https:\/\/aquacityhotel.sk\/#website","url":"https:\/\/aquacityhotel.sk\/","name":"Aquacity Hotel","description":"Ubytovanie Vysok\u00e9 Tatry Slovensko","potentialAction":[{"@type":"SearchAction","target":{"@type":"EntryPoint","urlTemplate":"https:\/\/aquacityhotel.sk\/?s={search_term_string}"},"query-input":{"@type":"PropertyValueSpecification","valueRequired":true,"valueName":"search_term_string"}}],"inLanguage":"pl-PL"}]}},"_links":{"self":[{"href":"https:\/\/aquacityhotel.sk\/pl\/wp-json\/wp\/v2\/pages\/15427","targetHints":{"allow":["GET"]}}],"collection":[{"href":"https:\/\/aquacityhotel.sk\/pl\/wp-json\/wp\/v2\/pages"}],"about":[{"href":"https:\/\/aquacityhotel.sk\/pl\/wp-json\/wp\/v2\/types\/page"}],"author":[{"embeddable":true,"href":"https:\/\/aquacityhotel.sk\/pl\/wp-json\/wp\/v2\/users\/2"}],"replies":[{"embeddable":true,"href":"https:\/\/aquacityhotel.sk\/pl\/wp-json\/wp\/v2\/comments?post=15427"}],"version-history":[{"count":6,"href":"https:\/\/aquacityhotel.sk\/pl\/wp-json\/wp\/v2\/pages\/15427\/revisions"}],"predecessor-version":[{"id":18948,"href":"https:\/\/aquacityhotel.sk\/pl\/wp-json\/wp\/v2\/pages\/15427\/revisions\/18948"}],"wp:attachment":[{"href":"https:\/\/aquacityhotel.sk\/pl\/wp-json\/wp\/v2\/media?parent=15427"}],"curies":[{"name":"wp","href":"https:\/\/api.w.org\/{rel}","templated":true}]}}