
{"id":15409,"date":"2021-02-11T19:00:16","date_gmt":"2021-02-11T18:00:16","guid":{"rendered":"https:\/\/horizontresort.sk\/pobytove-baliky\/"},"modified":"2026-04-07T06:21:34","modified_gmt":"2026-04-07T04:21:34","slug":"promocje","status":"publish","type":"page","link":"https:\/\/aquacityhotel.sk\/pl\/promocje\/","title":{"rendered":"Promocje"},"content":{"rendered":"<p>[vc_row row_content_width=&#8221;grid&#8221; content_text_aligment=&#8221;center&#8221; css=&#8221;.vc_custom_1495445246145{padding-top: 120px !important;padding-bottom: 90px !important;}&#8221;][vc_column]<div class=\"mkdf-pricing-tables clearfix  mkdf-three-columns mkdf-pt-normal-space\"><div class=\"mkdf-pt-wrapper\"><div class=\"mkdf-price-table \">\n\t<div class=\"mkdf-pt-inner\" style=\"background-color: #faf9f8\">\n\t\t<ul>\n\t\t\t\t\t\t\t<li class=\"mkdf-pt-image\">\n\t\t\t\t\t<img loading=\"lazy\" decoding=\"async\" width=\"1920\" height=\"1080\" src=\"https:\/\/aquacityhotel.sk\/wp-content\/uploads\/2023\/03\/c-Marek-Hajkovsky-foto-AQUACITY-2022_137.jpg\" class=\"attachment-full size-full\" alt=\"\" srcset=\"https:\/\/aquacityhotel.sk\/wp-content\/uploads\/2023\/03\/c-Marek-Hajkovsky-foto-AQUACITY-2022_137.jpg 1920w, https:\/\/aquacityhotel.sk\/wp-content\/uploads\/2023\/03\/c-Marek-Hajkovsky-foto-AQUACITY-2022_137-300x169.jpg 300w, https:\/\/aquacityhotel.sk\/wp-content\/uploads\/2023\/03\/c-Marek-Hajkovsky-foto-AQUACITY-2022_137-1024x576.jpg 1024w, https:\/\/aquacityhotel.sk\/wp-content\/uploads\/2023\/03\/c-Marek-Hajkovsky-foto-AQUACITY-2022_137-768x432.jpg 768w, https:\/\/aquacityhotel.sk\/wp-content\/uploads\/2023\/03\/c-Marek-Hajkovsky-foto-AQUACITY-2022_137-1536x864.jpg 1536w, https:\/\/aquacityhotel.sk\/wp-content\/uploads\/2023\/03\/c-Marek-Hajkovsky-foto-AQUACITY-2022_137-1320x743.jpg 1320w, https:\/\/aquacityhotel.sk\/wp-content\/uploads\/2023\/03\/c-Marek-Hajkovsky-foto-AQUACITY-2022_137-600x338.jpg 600w\" sizes=\"auto, (max-width: 1920px) 100vw, 1920px\" \/>\t\t\t\t<\/li>\n\t\t\t\t\t\t\t\t\t\t<li class=\"mkdf-pt-title-holder\">\n\t\t\t\t\t<h5 class=\"mkdf-pt-title\" >POBYT WELLNESS<\/h5>\n\t\t\t\t<\/li>\n\t\t\t\t\t\t<li class=\"mkdf-pt-content\">\n\t\t\t\t\n<p data-start=\"397\" data-end=\"687\">Zarezerwuj sw\u00f3j pobyt w Tatrach i otrzymaj 3. noc gratis. Zaoszcz\u0119d\u017a\u00a0 i pozw\u00f3l sobie na wi\u0119cej relaksu w korzystnej cenie. Nie przegap idealnej okazji, aby przed\u0142u\u017cy\u0107 sw\u00f3j relaks w AquaCity Poprad.<\/p>\n\t\t\t<\/li>\n\t\t\t<li class=\"mkdf-pt-prices\">\n\t\t\t\t\t\t\t\t\t<sup class=\"mkdf-pt-value\" >Akcja<\/sup>\n\t\t\t\t\t\t\t\t<span class=\"mkdf-pt-price\" >Trzecia noc gratis<\/span>\n\t\t\t\t\t\t\t<\/li>\n\t\t\t\t\t\t\t<li class=\"mkdf-pt-button\">\n\t\t\t\t\t<a itemprop=\"url\" href=\"https:\/\/aquacityhotel.sk\/pl\/promocje\/first-minute\/\" target=\"_self\"  class=\"mkdf-btn mkdf-btn-medium mkdf-btn-outline mkdf-btn-icon\"  >    <span class=\"mkdf-btn-text\">Zobacz wi\u0119cej<\/span>    <i class=\"mkdf-icon-linear-icon lnr lnr-arrow-right \" ><\/i><\/a>\t\t\t\t<\/li>\t\t\t\t\n\t\t\t\t\t<\/ul>\n\t<\/div>\n<\/div><div class=\"mkdf-price-table \">\n\t<div class=\"mkdf-pt-inner\" style=\"background-color: #faf9f8\">\n\t\t<ul>\n\t\t\t\t\t\t\t<li class=\"mkdf-pt-image\">\n\t\t\t\t\t<img loading=\"lazy\" decoding=\"async\" width=\"1919\" height=\"1080\" src=\"https:\/\/aquacityhotel.sk\/wp-content\/uploads\/2025\/02\/AquaCity_Poprad_Leto_MH_web_084-1.jpg\" class=\"attachment-full size-full\" alt=\"\" srcset=\"https:\/\/aquacityhotel.sk\/wp-content\/uploads\/2025\/02\/AquaCity_Poprad_Leto_MH_web_084-1.jpg 1919w, https:\/\/aquacityhotel.sk\/wp-content\/uploads\/2025\/02\/AquaCity_Poprad_Leto_MH_web_084-1-300x169.jpg 300w, https:\/\/aquacityhotel.sk\/wp-content\/uploads\/2025\/02\/AquaCity_Poprad_Leto_MH_web_084-1-1024x576.jpg 1024w, https:\/\/aquacityhotel.sk\/wp-content\/uploads\/2025\/02\/AquaCity_Poprad_Leto_MH_web_084-1-768x432.jpg 768w, https:\/\/aquacityhotel.sk\/wp-content\/uploads\/2025\/02\/AquaCity_Poprad_Leto_MH_web_084-1-1536x864.jpg 1536w, https:\/\/aquacityhotel.sk\/wp-content\/uploads\/2025\/02\/AquaCity_Poprad_Leto_MH_web_084-1-1320x743.jpg 1320w, https:\/\/aquacityhotel.sk\/wp-content\/uploads\/2025\/02\/AquaCity_Poprad_Leto_MH_web_084-1-600x338.jpg 600w\" sizes=\"auto, (max-width: 1919px) 100vw, 1919px\" \/>\t\t\t\t<\/li>\n\t\t\t\t\t\t\t\t\t\t<li class=\"mkdf-pt-title-holder\">\n\t\t\t\t\t<h5 class=\"mkdf-pt-title\" >First Minute letni pobyt<\/h5>\n\t\t\t\t<\/li>\n\t\t\t\t\t\t<li class=\"mkdf-pt-content\">\n\t\t\t\t\n<p data-start=\"397\" data-end=\"687\">First Minute pobyt letni \u2013 zarezerwuj pobyt do 30.04.2026 i skorzystaj z promocji 15% z kodem LETO15<\/p>\n\t\t\t<\/li>\n\t\t\t<li class=\"mkdf-pt-prices\">\n\t\t\t\t\t\t\t\t\t<sup class=\"mkdf-pt-value\" >Zni\u017cka<\/sup>\n\t\t\t\t\t\t\t\t<span class=\"mkdf-pt-price\" >15%<\/span>\n\t\t\t\t\t\t\t<\/li>\n\t\t\t\t\t\t\t<li class=\"mkdf-pt-button\">\n\t\t\t\t\t<a itemprop=\"url\" href=\"https:\/\/aquacityhotel.sk\/pl\/promocje\/first-minute-lato-znizka\/\" target=\"_self\"  class=\"mkdf-btn mkdf-btn-medium mkdf-btn-outline mkdf-btn-icon\"  >    <span class=\"mkdf-btn-text\">Zobacz wi\u0119cej<\/span>    <i class=\"mkdf-icon-linear-icon lnr lnr-arrow-right \" ><\/i><\/a>\t\t\t\t<\/li>\t\t\t\t\n\t\t\t\t\t<\/ul>\n\t<\/div>\n<\/div><div class=\"mkdf-price-table \">\n\t<div class=\"mkdf-pt-inner\" style=\"background-color: #faf9f8\">\n\t\t<ul>\n\t\t\t\t\t\t\t<li class=\"mkdf-pt-image\">\n\t\t\t\t\t<img loading=\"lazy\" decoding=\"async\" width=\"1920\" height=\"1080\" src=\"https:\/\/aquacityhotel.sk\/wp-content\/uploads\/2023\/03\/c-Marek-Hajkovsky-foto-AQUACITY-2022_171.jpg\" class=\"attachment-full size-full\" alt=\"\" srcset=\"https:\/\/aquacityhotel.sk\/wp-content\/uploads\/2023\/03\/c-Marek-Hajkovsky-foto-AQUACITY-2022_171.jpg 1920w, https:\/\/aquacityhotel.sk\/wp-content\/uploads\/2023\/03\/c-Marek-Hajkovsky-foto-AQUACITY-2022_171-300x169.jpg 300w, https:\/\/aquacityhotel.sk\/wp-content\/uploads\/2023\/03\/c-Marek-Hajkovsky-foto-AQUACITY-2022_171-1024x576.jpg 1024w, https:\/\/aquacityhotel.sk\/wp-content\/uploads\/2023\/03\/c-Marek-Hajkovsky-foto-AQUACITY-2022_171-768x432.jpg 768w, https:\/\/aquacityhotel.sk\/wp-content\/uploads\/2023\/03\/c-Marek-Hajkovsky-foto-AQUACITY-2022_171-1536x864.jpg 1536w, https:\/\/aquacityhotel.sk\/wp-content\/uploads\/2023\/03\/c-Marek-Hajkovsky-foto-AQUACITY-2022_171-1320x743.jpg 1320w, https:\/\/aquacityhotel.sk\/wp-content\/uploads\/2023\/03\/c-Marek-Hajkovsky-foto-AQUACITY-2022_171-600x338.jpg 600w\" sizes=\"auto, (max-width: 1920px) 100vw, 1920px\" \/>\t\t\t\t<\/li>\n\t\t\t\t\t\t\t\t\t\t<li class=\"mkdf-pt-title-holder\">\n\t\t\t\t\t<h5 class=\"mkdf-pt-title\" >PROGRAM LOJALNO\u015aCIOWY KLUB AQUACITY<\/h5>\n\t\t\t\t<\/li>\n\t\t\t\t\t\t<li class=\"mkdf-pt-content\">\n\t\t\t\tKupuj w klubowych cenach, korzystaj z\u00a0promocji i\u00a0zni\u017cek. Promocje w Aquaparku, promocje na pakiety hotelowe, zni\u017cki urodzinowe\t\t\t<\/li>\n\t\t\t<li class=\"mkdf-pt-prices\">\n\t\t\t\t\t\t\t\t\t<sup class=\"mkdf-pt-value\" >Zni\u017cka<\/sup>\n\t\t\t\t\t\t\t\t<span class=\"mkdf-pt-price\" >8-20 %<\/span>\n\t\t\t\t\t\t\t<\/li>\n\t\t\t\t\t\t\t<li class=\"mkdf-pt-button\">\n\t\t\t\t\t<a itemprop=\"url\" href=\"https:\/\/aquacityhotel.sk\/pl\/program-lojalnosciowy\/\" target=\"_self\"  class=\"mkdf-btn mkdf-btn-medium mkdf-btn-outline mkdf-btn-icon\"  >    <span class=\"mkdf-btn-text\">Zobacz wi\u0119cej<\/span>    <i class=\"mkdf-icon-linear-icon lnr lnr-arrow-right \" ><\/i><\/a>\t\t\t\t<\/li>\t\t\t\t\n\t\t\t\t\t<\/ul>\n\t<\/div>\n<\/div><\/div><\/div>[\/vc_column][\/vc_row][vc_row row_content_width=&#8221;grid&#8221; content_text_aligment=&#8221;center&#8221; css=&#8221;.vc_custom_1495445246145{padding-top: 120px !important;padding-bottom: 90px !important;}&#8221;][vc_column]<div class=\"mkdf-pricing-tables clearfix  mkdf-three-columns mkdf-pt-normal-space\"><div class=\"mkdf-pt-wrapper\"><\/div><\/div>[\/vc_column][\/vc_row]<\/p>\n","protected":false},"excerpt":{"rendered":"<p>[vc_row row_content_width=&#8221;grid&#8221; content_text_aligment=&#8221;center&#8221; css=&#8221;.vc_custom_1495445246145{padding-top: 120px !important;padding-bottom: 90px !important;}&#8221;][vc_column][\/vc_column][\/vc_row][vc_row row_content_width=&#8221;grid&#8221; content_text_aligment=&#8221;center&#8221; css=&#8221;.vc_custom_1495445246145{padding-top: 120px !important;padding-bottom: 90px !important;}&#8221;][vc_column][\/vc_column][\/vc_row]<\/p>\n","protected":false},"author":7,"featured_media":0,"parent":0,"menu_order":0,"comment_status":"closed","ping_status":"closed","template":"full-width.php","meta":{"inline_featured_image":false,"footnotes":"","_wp_rev_ctl_limit":""},"class_list":["post-15409","page","type-page","status-publish","hentry"],"yoast_head":"<!-- This site is optimized with the Yoast SEO plugin v26.4 - https:\/\/yoast.com\/wordpress\/plugins\/seo\/ -->\n<title>Promocje - Aquacity Hotel<\/title>\n<meta name=\"robots\" content=\"index, follow, max-snippet:-1, max-image-preview:large, max-video-preview:-1\" \/>\n<link rel=\"canonical\" href=\"https:\/\/aquacityhotel.sk\/pl\/promocje\/\" \/>\n<meta property=\"og:locale\" content=\"pl_PL\" \/>\n<meta property=\"og:type\" content=\"article\" \/>\n<meta property=\"og:title\" content=\"Promocje - Aquacity Hotel\" \/>\n<meta property=\"og:description\" content=\"[vc_row row_content_width=&#8221;grid&#8221; content_text_aligment=&#8221;center&#8221; css=&#8221;.vc_custom_1495445246145{padding-top: 120px !important;padding-bottom: 90px !important;}&#8221;][vc_column][\/vc_column][\/vc_row][vc_row row_content_width=&#8221;grid&#8221; content_text_aligment=&#8221;center&#8221; css=&#8221;.vc_custom_1495445246145{padding-top: 120px !important;padding-bottom: 90px !important;}&#8221;][vc_column][\/vc_column][\/vc_row]\" \/>\n<meta property=\"og:url\" content=\"https:\/\/aquacityhotel.sk\/pl\/promocje\/\" \/>\n<meta property=\"og:site_name\" content=\"Aquacity Hotel\" \/>\n<meta property=\"article:modified_time\" content=\"2026-04-07T04:21:34+00:00\" \/>\n<meta name=\"twitter:card\" content=\"summary_large_image\" \/>\n<meta name=\"twitter:label1\" content=\"Szacowany czas czytania\" \/>\n\t<meta name=\"twitter:data1\" content=\"2 minuty\" \/>\n<script type=\"application\/ld+json\" class=\"yoast-schema-graph\">{\"@context\":\"https:\/\/schema.org\",\"@graph\":[{\"@type\":\"WebPage\",\"@id\":\"https:\/\/aquacityhotel.sk\/pl\/promocje\/\",\"url\":\"https:\/\/aquacityhotel.sk\/pl\/promocje\/\",\"name\":\"Promocje - Aquacity Hotel\",\"isPartOf\":{\"@id\":\"https:\/\/aquacityhotel.sk\/#website\"},\"datePublished\":\"2021-02-11T18:00:16+00:00\",\"dateModified\":\"2026-04-07T04:21:34+00:00\",\"breadcrumb\":{\"@id\":\"https:\/\/aquacityhotel.sk\/pl\/promocje\/#breadcrumb\"},\"inLanguage\":\"pl-PL\",\"potentialAction\":[{\"@type\":\"ReadAction\",\"target\":[\"https:\/\/aquacityhotel.sk\/pl\/promocje\/\"]}]},{\"@type\":\"BreadcrumbList\",\"@id\":\"https:\/\/aquacityhotel.sk\/pl\/promocje\/#breadcrumb\",\"itemListElement\":[{\"@type\":\"ListItem\",\"position\":1,\"name\":\"Domovsk\u00e1 str\u00e1nka\",\"item\":\"https:\/\/aquacityhotel.sk\/\"},{\"@type\":\"ListItem\",\"position\":2,\"name\":\"Promocje\"}]},{\"@type\":\"WebSite\",\"@id\":\"https:\/\/aquacityhotel.sk\/#website\",\"url\":\"https:\/\/aquacityhotel.sk\/\",\"name\":\"Aquacity Hotel\",\"description\":\"Ubytovanie Vysok\u00e9 Tatry Slovensko\",\"potentialAction\":[{\"@type\":\"SearchAction\",\"target\":{\"@type\":\"EntryPoint\",\"urlTemplate\":\"https:\/\/aquacityhotel.sk\/?s={search_term_string}\"},\"query-input\":{\"@type\":\"PropertyValueSpecification\",\"valueRequired\":true,\"valueName\":\"search_term_string\"}}],\"inLanguage\":\"pl-PL\"}]}<\/script>\n<!-- \/ Yoast SEO plugin. -->","yoast_head_json":{"title":"Promocje - Aquacity Hotel","robots":{"index":"index","follow":"follow","max-snippet":"max-snippet:-1","max-image-preview":"max-image-preview:large","max-video-preview":"max-video-preview:-1"},"canonical":"https:\/\/aquacityhotel.sk\/pl\/promocje\/","og_locale":"pl_PL","og_type":"article","og_title":"Promocje - Aquacity Hotel","og_description":"[vc_row row_content_width=&#8221;grid&#8221; content_text_aligment=&#8221;center&#8221; css=&#8221;.vc_custom_1495445246145{padding-top: 120px !important;padding-bottom: 90px !important;}&#8221;][vc_column][\/vc_column][\/vc_row][vc_row row_content_width=&#8221;grid&#8221; content_text_aligment=&#8221;center&#8221; css=&#8221;.vc_custom_1495445246145{padding-top: 120px !important;padding-bottom: 90px !important;}&#8221;][vc_column][\/vc_column][\/vc_row]","og_url":"https:\/\/aquacityhotel.sk\/pl\/promocje\/","og_site_name":"Aquacity Hotel","article_modified_time":"2026-04-07T04:21:34+00:00","twitter_card":"summary_large_image","twitter_misc":{"Szacowany czas czytania":"2 minuty"},"schema":{"@context":"https:\/\/schema.org","@graph":[{"@type":"WebPage","@id":"https:\/\/aquacityhotel.sk\/pl\/promocje\/","url":"https:\/\/aquacityhotel.sk\/pl\/promocje\/","name":"Promocje - Aquacity Hotel","isPartOf":{"@id":"https:\/\/aquacityhotel.sk\/#website"},"datePublished":"2021-02-11T18:00:16+00:00","dateModified":"2026-04-07T04:21:34+00:00","breadcrumb":{"@id":"https:\/\/aquacityhotel.sk\/pl\/promocje\/#breadcrumb"},"inLanguage":"pl-PL","potentialAction":[{"@type":"ReadAction","target":["https:\/\/aquacityhotel.sk\/pl\/promocje\/"]}]},{"@type":"BreadcrumbList","@id":"https:\/\/aquacityhotel.sk\/pl\/promocje\/#breadcrumb","itemListElement":[{"@type":"ListItem","position":1,"name":"Domovsk\u00e1 str\u00e1nka","item":"https:\/\/aquacityhotel.sk\/"},{"@type":"ListItem","position":2,"name":"Promocje"}]},{"@type":"WebSite","@id":"https:\/\/aquacityhotel.sk\/#website","url":"https:\/\/aquacityhotel.sk\/","name":"Aquacity Hotel","description":"Ubytovanie Vysok\u00e9 Tatry Slovensko","potentialAction":[{"@type":"SearchAction","target":{"@type":"EntryPoint","urlTemplate":"https:\/\/aquacityhotel.sk\/?s={search_term_string}"},"query-input":{"@type":"PropertyValueSpecification","valueRequired":true,"valueName":"search_term_string"}}],"inLanguage":"pl-PL"}]}},"_links":{"self":[{"href":"https:\/\/aquacityhotel.sk\/pl\/wp-json\/wp\/v2\/pages\/15409","targetHints":{"allow":["GET"]}}],"collection":[{"href":"https:\/\/aquacityhotel.sk\/pl\/wp-json\/wp\/v2\/pages"}],"about":[{"href":"https:\/\/aquacityhotel.sk\/pl\/wp-json\/wp\/v2\/types\/page"}],"author":[{"embeddable":true,"href":"https:\/\/aquacityhotel.sk\/pl\/wp-json\/wp\/v2\/users\/7"}],"replies":[{"embeddable":true,"href":"https:\/\/aquacityhotel.sk\/pl\/wp-json\/wp\/v2\/comments?post=15409"}],"version-history":[{"count":92,"href":"https:\/\/aquacityhotel.sk\/pl\/wp-json\/wp\/v2\/pages\/15409\/revisions"}],"predecessor-version":[{"id":22190,"href":"https:\/\/aquacityhotel.sk\/pl\/wp-json\/wp\/v2\/pages\/15409\/revisions\/22190"}],"wp:attachment":[{"href":"https:\/\/aquacityhotel.sk\/pl\/wp-json\/wp\/v2\/media?parent=15409"}],"curies":[{"name":"wp","href":"https:\/\/api.w.org\/{rel}","templated":true}]}}