
{"id":15379,"date":"2021-02-16T14:29:09","date_gmt":"2021-02-16T13:29:09","guid":{"rendered":"https:\/\/horizontresort.sk\/gastronomia\/"},"modified":"2025-05-25T09:23:51","modified_gmt":"2025-05-25T07:23:51","slug":"gastronomia","status":"publish","type":"page","link":"https:\/\/aquacityhotel.sk\/pl\/gastronomia\/","title":{"rendered":"Gastronomia"},"content":{"rendered":"<p>[vc_row css=&#8221;.vc_custom_1494232319573{padding-bottom: 70px !important;}&#8221;][vc_column]<div class=\"mkdf-elements-holder   mkdf-two-columns  mkdf-responsive-mode-680 \" ><div class=\"mkdf-eh-item    \" style=\"background-color: rgba(197,157,95,0.34)\" data-item-class=\"mkdf-eh-custom-8074\">\n\t<div class=\"mkdf-eh-item-inner\">\n\t\t<div class=\"mkdf-eh-item-content mkdf-eh-custom-8074\" style=\"padding: 30px 16% 50px\">\n\t\t\t<div class=\"mkdf-image-with-text-holder   \">\n    <div class=\"mkdf-iwt-image\">\n                                    <img loading=\"lazy\" decoding=\"async\" src=\"https:\/\/aquacityhotel.sk\/wp-content\/uploads\/2025\/05\/BAR_A_RESTAURACIA_09_web-1920x1080.jpeg\" alt=\"\" width=\"1920\" height=\"1080\" \/>                        <\/div>\n    <div class=\"mkdf-iwt-text-holder\">\n        \n                    <h5 class=\"mkdf-iwt-title\" >RESTAURACJA HIGH TATRAS<\/h5>\n        \n        \n\t\t            <p class=\"mkdf-iwt-text\" >W restauracji High Tatras, szef kuchni przygotowa\u0142 dla Pa\u0144stwa doskona\u0142e menu zgodnie z aktualnymi nowoczesnymi trendami.<\/p>\n            <\/div>\n<\/div>[vc_empty_space height=&#8221;20px&#8221;]<a itemprop=\"url\" href=\"https:\/\/aquacityhotel.sk\/pl\/restauracja-hightatras\/\" target=\"_blank\" style=\"color: #ffffff;border-color: #c59d5f\" class=\"mkdf-btn mkdf-btn-medium mkdf-btn-solid mkdf-btn-custom-hover-bg mkdf-btn-custom-border-hover mkdf-btn-custom-hover-color mkdf-btn-icon\" data-hover-color=\"#ffffff\" data-hover-bg-color=\"#333132\" data-hover-border-color=\"#333132\" >\n    <span class=\"mkdf-btn-text\">Czytaj wi\u0119cej<\/span>\n    <i class=\"mkdf-icon-linear-icon lnr lnr-arrow-right \" ><\/i><\/a>\t\t<\/div>\n\t<\/div>\n<\/div><div class=\"mkdf-eh-item    \" style=\"background-color: rgba(197,157,95,0.18)\" data-item-class=\"mkdf-eh-custom-1987\">\n\t<div class=\"mkdf-eh-item-inner\">\n\t\t<div class=\"mkdf-eh-item-content mkdf-eh-custom-1987\" style=\"padding: 30px 16% 50px\">\n\t\t\t<div class=\"mkdf-image-with-text-holder   \">\n    <div class=\"mkdf-iwt-image\">\n                                    <img loading=\"lazy\" decoding=\"async\" src=\"https:\/\/aquacityhotel.sk\/wp-content\/uploads\/2023\/03\/c-Marek-Hajkovsky-foto-AQUACITY-2022_174-1920x1080.jpg\" alt=\"\" width=\"1920\" height=\"1080\" \/>                        <\/div>\n    <div class=\"mkdf-iwt-text-holder\">\n        \n                    <h5 class=\"mkdf-iwt-title\" >RESTAURACJA LIGHTHOUSE<\/h5>\n        \n        \n\t\t            <p class=\"mkdf-iwt-text\" >Stylowa i nowoczesna restauracja samoobs\u0142ugowa w aquaparku oferuje bogaty asortyment wysokiej jako\u015bci zdrowej \u017cywno\u015bci i napoj\u00f3w.<\/p>\n            <\/div>\n<\/div>[vc_empty_space height=&#8221;20px&#8221;]<a itemprop=\"url\" href=\"https:\/\/aquacityhotel.sk\/pl\/lighthouse-fresh-bar\/\" target=\"_blank\" style=\"color: #ffffff;background-color: #c59d5f;border-color: #c59d5f\" class=\"mkdf-btn mkdf-btn-medium mkdf-btn-solid mkdf-btn-custom-hover-bg mkdf-btn-custom-border-hover mkdf-btn-custom-hover-color mkdf-btn-icon\" data-hover-color=\"#ffffff\" data-hover-bg-color=\"#333132\" data-hover-border-color=\"#333132\" >\n    <span class=\"mkdf-btn-text\">Czytaj wi\u0119cej<\/span>\n    <i class=\"mkdf-icon-linear-icon lnr lnr-arrow-right \" ><\/i><\/a>\t\t<\/div>\n\t<\/div>\n<\/div><\/div><div class=\"mkdf-elements-holder   mkdf-two-columns  mkdf-responsive-mode-680 \" ><div class=\"mkdf-eh-item    \" style=\"background-color: rgba(197,157,95,0.18)\" data-item-class=\"mkdf-eh-custom-3755\">\n\t<div class=\"mkdf-eh-item-inner\">\n\t\t<div class=\"mkdf-eh-item-content mkdf-eh-custom-3755\" style=\"padding: 30px 16% 50px\">\n\t\t\t<div class=\"mkdf-image-with-text-holder   \">\n    <div class=\"mkdf-iwt-image\">\n                                    <img loading=\"lazy\" decoding=\"async\" src=\"https:\/\/aquacityhotel.sk\/wp-content\/uploads\/2025\/05\/riverside_web-1920x1080.jpeg\" alt=\"\" width=\"1920\" height=\"1080\" \/>                        <\/div>\n    <div class=\"mkdf-iwt-text-holder\">\n        \n                    <h5 class=\"mkdf-iwt-title\" >RESTAURACJA RIVERSIDE<\/h5>\n        \n        \n\t\t            <p class=\"mkdf-iwt-text\" >Przyjemna restauracja hotelowa Riverside przeznaczona jest do serwowania \u015bniada\u0144 i kolacji dla go\u015bci zakwaterowanych w hotelu Riverside.<\/p>\n            <\/div>\n<\/div>[vc_empty_space height=&#8221;20px&#8221;]<a itemprop=\"url\" href=\"https:\/\/aquacityhotel.sk\/pl\/restauracja-riverside\/\" target=\"_blank\" style=\"color: #ffffff;background-color: #c59d5f;border-color: #c59d5f\" class=\"mkdf-btn mkdf-btn-medium mkdf-btn-solid mkdf-btn-custom-hover-bg mkdf-btn-custom-border-hover mkdf-btn-custom-hover-color mkdf-btn-icon\" data-hover-color=\"#ffffff\" data-hover-bg-color=\"#333132\" data-hover-border-color=\"#333132\" >\n    <span class=\"mkdf-btn-text\">Czytaj wi\u0119cej<\/span>\n    <i class=\"mkdf-icon-linear-icon lnr lnr-arrow-right \" ><\/i><\/a>\t\t<\/div>\n\t<\/div>\n<\/div><div class=\"mkdf-eh-item    \" style=\"background-color: rgba(197,157,95,0.34)\" data-item-class=\"mkdf-eh-custom-9557\">\n\t<div class=\"mkdf-eh-item-inner\">\n\t\t<div class=\"mkdf-eh-item-content mkdf-eh-custom-9557\" style=\"padding: 30px 16% 50px\">\n\t\t\t<div class=\"mkdf-image-with-text-holder   \">\n    <div class=\"mkdf-iwt-image\">\n                                    <img loading=\"lazy\" decoding=\"async\" src=\"https:\/\/aquacityhotel.sk\/wp-content\/uploads\/2025\/05\/cafe_bar_web-1920x1080.jpeg\" alt=\"\" width=\"1920\" height=\"1080\" \/>                        <\/div>\n    <div class=\"mkdf-iwt-text-holder\">\n        \n                    <h5 class=\"mkdf-iwt-title\" >CAF\u00c9 &amp; WINE BAR<\/h5>\n        \n        \n\t\t            <p class=\"mkdf-iwt-text\" >Wy\u015bmienita kawa, pyszne desery i mi\u0142a atmosfera w naszej kawiarni z winotek\u0105. Oferta baru ucieszy wszystkich mi\u0142o\u015bnik\u00f3w dobrej jako\u015bci wina.<\/p>\n            <\/div>\n<\/div>[vc_empty_space height=&#8221;20px&#8221;]<a itemprop=\"url\" href=\"https:\/\/aquacityhotel.sk\/pl\/cafe-bar\/\" target=\"_blank\" style=\"color: #ffffff;border-color: #c59d5f\" class=\"mkdf-btn mkdf-btn-medium mkdf-btn-solid mkdf-btn-custom-hover-bg mkdf-btn-custom-border-hover mkdf-btn-custom-hover-color mkdf-btn-icon\" data-hover-color=\"#ffffff\" data-hover-bg-color=\"#333132\" data-hover-border-color=\"#333132\" >\n    <span class=\"mkdf-btn-text\">Czytaj wi\u0119cej<\/span>\n    <i class=\"mkdf-icon-linear-icon lnr lnr-arrow-right \" ><\/i><\/a>\t\t<\/div>\n\t<\/div>\n<\/div><\/div><div class=\"mkdf-elements-holder  mkdf-eh-full-height mkdf-two-columns  mkdf-responsive-mode-680 \" ><div class=\"mkdf-eh-item    \" style=\"background-color: rgba(197,157,95,0.34)\" data-item-class=\"mkdf-eh-custom-6815\">\n\t<div class=\"mkdf-eh-item-inner\">\n\t\t<div class=\"mkdf-eh-item-content mkdf-eh-custom-6815\" style=\"padding: 30px 16% 50px\">\n\t\t\t<div class=\"mkdf-image-with-text-holder   \">\n    <div class=\"mkdf-iwt-image\">\n                                    <img loading=\"lazy\" decoding=\"async\" src=\"https:\/\/aquacityhotel.sk\/wp-content\/uploads\/2023\/03\/c-Marek-Hajkovsky-foto-AQUACITY-2022_115-1-1920x1080.jpg\" alt=\"\" width=\"1920\" height=\"1080\" \/>                        <\/div>\n    <div class=\"mkdf-iwt-text-holder\">\n        \n                    <h5 class=\"mkdf-iwt-title\" >WELLNESS BAR<\/h5>\n        \n        \n\t\t            <p class=\"mkdf-iwt-text\" >Podczas pobytu w Fire &amp; Water wellness centrum zapraszamy do wyj\u0105tkowego 14-metrowego baru wellness bar z bogat\u0105 ofert\u0105 koktajli i napoj\u00f3w wellness.<\/p>\n            <\/div>\n<\/div>[vc_empty_space height=&#8221;20px&#8221;]<a itemprop=\"url\" href=\"https:\/\/aquacityhotel.sk\/pl\/wellness-bar\/\" target=\"_blank\" style=\"color: #ffffff;background-color: #c59d5f;border-color: #c59d5f\" class=\"mkdf-btn mkdf-btn-medium mkdf-btn-solid mkdf-btn-custom-hover-bg mkdf-btn-custom-border-hover mkdf-btn-custom-hover-color mkdf-btn-icon\" data-hover-color=\"#ffffff\" data-hover-bg-color=\"#333132\" data-hover-border-color=\"#333132\" >\n    <span class=\"mkdf-btn-text\">Czytaj wi\u0119cej<\/span>\n    <i class=\"mkdf-icon-linear-icon lnr lnr-arrow-right \" ><\/i><\/a>\t\t<\/div>\n\t<\/div>\n<\/div><div class=\"mkdf-eh-item    \" style=\"background-color: rgba(197,157,95,0.18)\" data-item-class=\"mkdf-eh-custom-5521\">\n\t<div class=\"mkdf-eh-item-inner\">\n\t\t<div class=\"mkdf-eh-item-content mkdf-eh-custom-5521\" style=\"padding: 30px 16% 50px\">\n\t\t\t<div class=\"mkdf-image-with-text-holder   \">\n    <div class=\"mkdf-iwt-image\">\n                                    <img loading=\"lazy\" decoding=\"async\" src=\"https:\/\/aquacityhotel.sk\/wp-content\/uploads\/2025\/05\/aquacitylobby_web-1920x1080.jpeg\" alt=\"\" width=\"1920\" height=\"1080\" \/>                        <\/div>\n    <div class=\"mkdf-iwt-text-holder\">\n        \n                    <h5 class=\"mkdf-iwt-title\" >LOBBY BAR<\/h5>\n        \n        \n\t\t            <p class=\"mkdf-iwt-text\" >Hotelowy lobby bar to odpowiednie miejsce na spotkania biznesowe i pogaduchy z przyjaci\u00f3\u0142mi. Lobby bar jest po\u0142\u0105czony z tarasem zewn\u0119trznym i oferuje przyjemny relaks z widokiem na Tatry Wysokie.<\/p>\n            <\/div>\n<\/div>[vc_empty_space height=&#8221;20px&#8221;]<a itemprop=\"url\" href=\"https:\/\/aquacityhotel.sk\/pl\/lobby-bar\/\" target=\"_blank\" style=\"color: #ffffff;border-color: #c59d5f\" class=\"mkdf-btn mkdf-btn-medium mkdf-btn-solid mkdf-btn-custom-hover-bg mkdf-btn-custom-border-hover mkdf-btn-custom-hover-color mkdf-btn-icon\" data-hover-color=\"#ffffff\" data-hover-bg-color=\"#333132\" data-hover-border-color=\"#333132\" >\n    <span class=\"mkdf-btn-text\">Czytaj wi\u0119cej<\/span>\n    <i class=\"mkdf-icon-linear-icon lnr lnr-arrow-right \" ><\/i><\/a>\t\t<\/div>\n\t<\/div>\n<\/div><\/div><div class=\"mkdf-elements-holder  mkdf-eh-full-height mkdf-two-columns  mkdf-responsive-mode-680 \" ><div class=\"mkdf-eh-item    \" style=\"background-color: rgba(197,157,95,0.18)\" data-item-class=\"mkdf-eh-custom-6020\">\n\t<div class=\"mkdf-eh-item-inner\">\n\t\t<div class=\"mkdf-eh-item-content mkdf-eh-custom-6020\" style=\"padding: 30px 16% 50px\">\n\t\t\t<div class=\"mkdf-image-with-text-holder   \">\n    <div class=\"mkdf-iwt-image\">\n                                    <img loading=\"lazy\" decoding=\"async\" src=\"https:\/\/aquacityhotel.sk\/wp-content\/uploads\/2023\/03\/c-Marek-Hajkovsky-foto-AQUACITY-2022_170-1920x1080.jpg\" alt=\"\" width=\"1920\" height=\"1080\" \/>                        <\/div>\n    <div class=\"mkdf-iwt-text-holder\">\n        \n                    <h5 class=\"mkdf-iwt-title\" >BLUE DIAMOND BARY<\/h5>\n        \n        \n\t\t            <p class=\"mkdf-iwt-text\" >Relaksuj si\u0119 z drinkiem w basenach termalnych na wodnych sto\u0142kach barowych. Skosztuj naszych orze\u017awiaj\u0105cych drink\u00f3w w barach Blue Diamond.<\/p>\n            <\/div>\n<\/div>[vc_empty_space height=&#8221;20px&#8221;]<a itemprop=\"url\" href=\"https:\/\/aquacityhotel.sk\/pl\/blue-diamond-bary\/\" target=\"_blank\" style=\"color: #ffffff;border-color: #c59d5f\" class=\"mkdf-btn mkdf-btn-medium mkdf-btn-solid mkdf-btn-custom-hover-bg mkdf-btn-custom-border-hover mkdf-btn-custom-hover-color mkdf-btn-icon\" data-hover-color=\"#ffffff\" data-hover-bg-color=\"#333132\" data-hover-border-color=\"#333132\" >\n    <span class=\"mkdf-btn-text\">Czytaj wi\u0119cej<\/span>\n    <i class=\"mkdf-icon-linear-icon lnr lnr-arrow-right \" ><\/i><\/a>\t\t<\/div>\n\t<\/div>\n<\/div><div class=\"mkdf-eh-item    \" style=\"background-color: rgba(197,157,95,0.34)\" data-item-class=\"mkdf-eh-custom-4530\">\n\t<div class=\"mkdf-eh-item-inner\">\n\t\t<div class=\"mkdf-eh-item-content mkdf-eh-custom-4530\" style=\"padding: 30px 16% 50px\">\n\t\t\t<div class=\"mkdf-image-with-text-holder   \">\n    <div class=\"mkdf-iwt-image\">\n                                    <img loading=\"lazy\" decoding=\"async\" src=\"https:\/\/aquacityhotel.sk\/wp-content\/uploads\/2025\/05\/cocktail_web-1920x1080.jpeg\" alt=\"\" width=\"1920\" height=\"1080\" \/>                        <\/div>\n    <div class=\"mkdf-iwt-text-holder\">\n        \n                    <h5 class=\"mkdf-iwt-title\" >HOLLYWOOD SUITE &amp; COCKTAIL BAR<\/h5>\n        \n        \n\t\t            <p class=\"mkdf-iwt-text\" >Idealny klub nocny z ameryka\u0144skimi legendami, oferuje stylow\u0105 atmosfer\u0119 i jest odpowiedni na prywatne party, ma\u0142\u0105 imprez\u0119 lub dyskotek\u0119.<\/p>\n            <\/div>\n<\/div>[vc_empty_space height=&#8221;20px&#8221;]<a itemprop=\"url\" href=\"https:\/\/aquacityhotel.sk\/pl\/cocktail-bar\/\" target=\"_blank\" style=\"color: #ffffff;background-color: #c59d5f;border-color: #c59d5f\" class=\"mkdf-btn mkdf-btn-medium mkdf-btn-solid mkdf-btn-custom-hover-bg mkdf-btn-custom-border-hover mkdf-btn-custom-hover-color mkdf-btn-icon\" data-hover-color=\"#ffffff\" data-hover-bg-color=\"#333132\" data-hover-border-color=\"#333132\" >\n    <span class=\"mkdf-btn-text\">Czytaj wi\u0119cej<\/span>\n    <i class=\"mkdf-icon-linear-icon lnr lnr-arrow-right \" ><\/i><\/a>\t\t<\/div>\n\t<\/div>\n<\/div><\/div><div class=\"mkdf-elements-holder  mkdf-eh-full-height mkdf-two-columns  mkdf-responsive-mode-680 \" ><div class=\"mkdf-eh-item    \" style=\"background-color: rgba(197,157,95,0.34)\" data-item-class=\"mkdf-eh-custom-6766\">\n\t<div class=\"mkdf-eh-item-inner\">\n\t\t<div class=\"mkdf-eh-item-content mkdf-eh-custom-6766\" style=\"padding: 30px 16% 50px\">\n\t\t\t<div class=\"mkdf-image-with-text-holder   \">\n    <div class=\"mkdf-iwt-image\">\n                                    <img loading=\"lazy\" decoding=\"async\" src=\"https:\/\/aquacityhotel.sk\/wp-content\/uploads\/2024\/03\/AquaCity_Poprad_Leto_MH_web_076-1920x1080.jpg\" alt=\"\" width=\"1920\" height=\"1080\" \/>                        <\/div>\n    <div class=\"mkdf-iwt-text-holder\">\n        \n                    <h5 class=\"mkdf-iwt-title\" >TREASURE ISLAND LETNI BAR<\/h5>\n        \n        \n\t\t            <p class=\"mkdf-iwt-text\" >Ch\u0142odzone napoje, drinki, soki owocowe i koktajle czekaj\u0105 na Ciebie na naszym tarasie Treasure Island. Taras czynny jest w sezonie letnim i mo\u017cna z niego podziwia\u0107 pi\u0119kny widok na kompleks Aquaparku oraz podium, na kt\u00f3rym odbywaj\u0105 si\u0119 wyst\u0119py.<\/p>\n            <\/div>\n<\/div>[vc_empty_space height=&#8221;20px&#8221;]<a itemprop=\"url\" href=\"https:\/\/aquacityhotel.sk\/pl\/taras-treasure-island\/\" target=\"_blank\" style=\"color: #ffffff;background-color: #c59d5f;border-color: #c59d5f\" class=\"mkdf-btn mkdf-btn-medium mkdf-btn-solid mkdf-btn-custom-hover-bg mkdf-btn-custom-border-hover mkdf-btn-custom-hover-color mkdf-btn-icon\" data-hover-color=\"#ffffff\" data-hover-bg-color=\"#333132\" data-hover-border-color=\"#333132\" >\n    <span class=\"mkdf-btn-text\">Czytaj wi\u0119cej<\/span>\n    <i class=\"mkdf-icon-linear-icon lnr lnr-arrow-right \" ><\/i><\/a>\t\t<\/div>\n\t<\/div>\n<\/div><div class=\"mkdf-eh-item    \" style=\"background-color: rgba(197,157,95,0.18)\" data-item-class=\"mkdf-eh-custom-9926\">\n\t<div class=\"mkdf-eh-item-inner\">\n\t\t<div class=\"mkdf-eh-item-content mkdf-eh-custom-9926\" style=\"padding: 30px 16% 50px\">\n\t\t\t<div class=\"mkdf-image-with-text-holder   \">\n    <div class=\"mkdf-iwt-image\">\n                                    <img loading=\"lazy\" decoding=\"async\" src=\"https:\/\/aquacityhotel.sk\/wp-content\/uploads\/2025\/05\/c-Marek-Hajkovsky-foto-AQUACITY-2022_175-1920x1080.jpeg\" alt=\"\" width=\"1920\" height=\"1080\" \/>                        <\/div>\n    <div class=\"mkdf-iwt-text-holder\">\n        \n                    <h5 class=\"mkdf-iwt-title\" >BLUE SAPPHIRE BAR<\/h5>\n        \n        \n\t\t            <p class=\"mkdf-iwt-text\" >W pobli\u017cu basen\u00f3w Blue Sapphire i basenu dzieci\u0119cego Treasure Island \u2013 Wyspa Skarb\u00f3w znajduje si\u0119 bar przypominaj\u0105cy \u0142\u00f3d\u017a podwodn\u0105, kt\u00f3ry zapewnia idealne orze\u017awienie po pobycie w wodzie termalnej.<\/p>\n            <\/div>\n<\/div>[vc_empty_space height=&#8221;20px&#8221;]\t\t<\/div>\n\t<\/div>\n<\/div><\/div>[vc_empty_space height=&#8221;50px&#8221;][\/vc_column][\/vc_row][vc_row css=&#8221;.vc_custom_1494232319573{padding-bottom: 70px !important;}&#8221;][vc_column][vc_empty_space height=&#8221;50px&#8221;][\/vc_column][\/vc_row]<\/p>\n","protected":false},"excerpt":{"rendered":"<p>[vc_row css=&#8221;.vc_custom_1494232319573{padding-bottom: 70px !important;}&#8221;][vc_column][vc_empty_space height=&#8221;50px&#8221;][\/vc_column][\/vc_row][vc_row css=&#8221;.vc_custom_1494232319573{padding-bottom: 70px !important;}&#8221;][vc_column][vc_empty_space height=&#8221;50px&#8221;][\/vc_column][\/vc_row]<\/p>\n","protected":false},"author":7,"featured_media":0,"parent":0,"menu_order":0,"comment_status":"closed","ping_status":"closed","template":"","meta":{"inline_featured_image":false,"footnotes":"","_wp_rev_ctl_limit":""},"class_list":["post-15379","page","type-page","status-publish","hentry"],"yoast_head":"<!-- This site is optimized with the Yoast SEO plugin v26.4 - https:\/\/yoast.com\/wordpress\/plugins\/seo\/ -->\n<title>Gastronomia - Aquacity Hotel<\/title>\n<meta name=\"robots\" content=\"index, follow, max-snippet:-1, max-image-preview:large, max-video-preview:-1\" \/>\n<link rel=\"canonical\" href=\"https:\/\/aquacityhotel.sk\/gastronomia\/\" \/>\n<meta property=\"og:locale\" content=\"pl_PL\" \/>\n<meta property=\"og:type\" content=\"article\" \/>\n<meta property=\"og:title\" content=\"Gastronomia - Aquacity Hotel\" \/>\n<meta property=\"og:description\" content=\"[vc_row css=&#8221;.vc_custom_1494232319573{padding-bottom: 70px !important;}&#8221;][vc_column][vc_empty_space height=&#8221;50px&#8221;][\/vc_column][\/vc_row][vc_row css=&#8221;.vc_custom_1494232319573{padding-bottom: 70px !important;}&#8221;][vc_column][vc_empty_space height=&#8221;50px&#8221;][\/vc_column][\/vc_row]\" \/>\n<meta property=\"og:url\" content=\"https:\/\/aquacityhotel.sk\/gastronomia\/\" \/>\n<meta property=\"og:site_name\" content=\"Aquacity Hotel\" \/>\n<meta property=\"article:modified_time\" content=\"2025-05-25T07:23:51+00:00\" \/>\n<meta name=\"twitter:card\" content=\"summary_large_image\" \/>\n<meta name=\"twitter:label1\" content=\"Szacowany czas czytania\" \/>\n\t<meta name=\"twitter:data1\" content=\"6 minut\" \/>\n<script type=\"application\/ld+json\" class=\"yoast-schema-graph\">{\"@context\":\"https:\/\/schema.org\",\"@graph\":[{\"@type\":\"WebPage\",\"@id\":\"https:\/\/aquacityhotel.sk\/gastronomia\/\",\"url\":\"https:\/\/aquacityhotel.sk\/gastronomia\/\",\"name\":\"Gastronomia - Aquacity Hotel\",\"isPartOf\":{\"@id\":\"https:\/\/aquacityhotel.sk\/#website\"},\"datePublished\":\"2021-02-16T13:29:09+00:00\",\"dateModified\":\"2025-05-25T07:23:51+00:00\",\"breadcrumb\":{\"@id\":\"https:\/\/aquacityhotel.sk\/gastronomia\/#breadcrumb\"},\"inLanguage\":\"pl-PL\",\"potentialAction\":[{\"@type\":\"ReadAction\",\"target\":[\"https:\/\/aquacityhotel.sk\/gastronomia\/\"]}]},{\"@type\":\"BreadcrumbList\",\"@id\":\"https:\/\/aquacityhotel.sk\/gastronomia\/#breadcrumb\",\"itemListElement\":[{\"@type\":\"ListItem\",\"position\":1,\"name\":\"Domovsk\u00e1 str\u00e1nka\",\"item\":\"https:\/\/aquacityhotel.sk\/\"},{\"@type\":\"ListItem\",\"position\":2,\"name\":\"Gastronomia\"}]},{\"@type\":\"WebSite\",\"@id\":\"https:\/\/aquacityhotel.sk\/#website\",\"url\":\"https:\/\/aquacityhotel.sk\/\",\"name\":\"Aquacity Hotel\",\"description\":\"Ubytovanie Vysok\u00e9 Tatry Slovensko\",\"potentialAction\":[{\"@type\":\"SearchAction\",\"target\":{\"@type\":\"EntryPoint\",\"urlTemplate\":\"https:\/\/aquacityhotel.sk\/?s={search_term_string}\"},\"query-input\":{\"@type\":\"PropertyValueSpecification\",\"valueRequired\":true,\"valueName\":\"search_term_string\"}}],\"inLanguage\":\"pl-PL\"}]}<\/script>\n<!-- \/ Yoast SEO plugin. -->","yoast_head_json":{"title":"Gastronomia - Aquacity Hotel","robots":{"index":"index","follow":"follow","max-snippet":"max-snippet:-1","max-image-preview":"max-image-preview:large","max-video-preview":"max-video-preview:-1"},"canonical":"https:\/\/aquacityhotel.sk\/gastronomia\/","og_locale":"pl_PL","og_type":"article","og_title":"Gastronomia - Aquacity Hotel","og_description":"[vc_row css=&#8221;.vc_custom_1494232319573{padding-bottom: 70px !important;}&#8221;][vc_column][vc_empty_space height=&#8221;50px&#8221;][\/vc_column][\/vc_row][vc_row css=&#8221;.vc_custom_1494232319573{padding-bottom: 70px !important;}&#8221;][vc_column][vc_empty_space height=&#8221;50px&#8221;][\/vc_column][\/vc_row]","og_url":"https:\/\/aquacityhotel.sk\/gastronomia\/","og_site_name":"Aquacity Hotel","article_modified_time":"2025-05-25T07:23:51+00:00","twitter_card":"summary_large_image","twitter_misc":{"Szacowany czas czytania":"6 minut"},"schema":{"@context":"https:\/\/schema.org","@graph":[{"@type":"WebPage","@id":"https:\/\/aquacityhotel.sk\/gastronomia\/","url":"https:\/\/aquacityhotel.sk\/gastronomia\/","name":"Gastronomia - Aquacity Hotel","isPartOf":{"@id":"https:\/\/aquacityhotel.sk\/#website"},"datePublished":"2021-02-16T13:29:09+00:00","dateModified":"2025-05-25T07:23:51+00:00","breadcrumb":{"@id":"https:\/\/aquacityhotel.sk\/gastronomia\/#breadcrumb"},"inLanguage":"pl-PL","potentialAction":[{"@type":"ReadAction","target":["https:\/\/aquacityhotel.sk\/gastronomia\/"]}]},{"@type":"BreadcrumbList","@id":"https:\/\/aquacityhotel.sk\/gastronomia\/#breadcrumb","itemListElement":[{"@type":"ListItem","position":1,"name":"Domovsk\u00e1 str\u00e1nka","item":"https:\/\/aquacityhotel.sk\/"},{"@type":"ListItem","position":2,"name":"Gastronomia"}]},{"@type":"WebSite","@id":"https:\/\/aquacityhotel.sk\/#website","url":"https:\/\/aquacityhotel.sk\/","name":"Aquacity Hotel","description":"Ubytovanie Vysok\u00e9 Tatry Slovensko","potentialAction":[{"@type":"SearchAction","target":{"@type":"EntryPoint","urlTemplate":"https:\/\/aquacityhotel.sk\/?s={search_term_string}"},"query-input":{"@type":"PropertyValueSpecification","valueRequired":true,"valueName":"search_term_string"}}],"inLanguage":"pl-PL"}]}},"_links":{"self":[{"href":"https:\/\/aquacityhotel.sk\/pl\/wp-json\/wp\/v2\/pages\/15379","targetHints":{"allow":["GET"]}}],"collection":[{"href":"https:\/\/aquacityhotel.sk\/pl\/wp-json\/wp\/v2\/pages"}],"about":[{"href":"https:\/\/aquacityhotel.sk\/pl\/wp-json\/wp\/v2\/types\/page"}],"author":[{"embeddable":true,"href":"https:\/\/aquacityhotel.sk\/pl\/wp-json\/wp\/v2\/users\/7"}],"replies":[{"embeddable":true,"href":"https:\/\/aquacityhotel.sk\/pl\/wp-json\/wp\/v2\/comments?post=15379"}],"version-history":[{"count":21,"href":"https:\/\/aquacityhotel.sk\/pl\/wp-json\/wp\/v2\/pages\/15379\/revisions"}],"predecessor-version":[{"id":21486,"href":"https:\/\/aquacityhotel.sk\/pl\/wp-json\/wp\/v2\/pages\/15379\/revisions\/21486"}],"wp:attachment":[{"href":"https:\/\/aquacityhotel.sk\/pl\/wp-json\/wp\/v2\/media?parent=15379"}],"curies":[{"name":"wp","href":"https:\/\/api.w.org\/{rel}","templated":true}]}}