
{"id":15375,"date":"2021-02-11T18:59:45","date_gmt":"2021-02-11T17:59:45","guid":{"rendered":"https:\/\/horizontresort.sk\/eventy\/"},"modified":"2021-10-27T06:44:59","modified_gmt":"2021-10-27T04:44:59","slug":"eventy","status":"publish","type":"page","link":"https:\/\/aquacityhotel.sk\/pl\/eventy\/","title":{"rendered":"Eventy"},"content":{"rendered":"<p>[vc_row][vc_column css=&#8221;.vc_custom_1493886957095{padding-right: 13px !important;}&#8221;]<div class=\"mkdf-elements-holder   mkdf-three-columns  mkdf-responsive-mode-768 \" ><div class=\"mkdf-eh-item    \"  data-item-class=\"mkdf-eh-custom-4138\">\n\t<div class=\"mkdf-eh-item-inner\">\n\t\t<div class=\"mkdf-eh-item-content mkdf-eh-custom-4138\" style=\"padding: 0 0 0 0\">\n\t\t\t<div class=\"mkdf-banner-holder  mkdf-visible-on-default mkdf-banner-info-default\">\n    <div class=\"mkdf-banner-image\">\n        <img loading=\"lazy\" decoding=\"async\" width=\"800\" height=\"545\" src=\"https:\/\/aquacityhotel.sk\/wp-content\/uploads\/2021\/04\/Horizont_Resort_800x545_22.jpg\" class=\"attachment-full size-full\" alt=\"\" srcset=\"https:\/\/aquacityhotel.sk\/wp-content\/uploads\/2021\/04\/Horizont_Resort_800x545_22.jpg 800w, https:\/\/aquacityhotel.sk\/wp-content\/uploads\/2021\/04\/Horizont_Resort_800x545_22-300x204.jpg 300w, https:\/\/aquacityhotel.sk\/wp-content\/uploads\/2021\/04\/Horizont_Resort_800x545_22-768x523.jpg 768w, https:\/\/aquacityhotel.sk\/wp-content\/uploads\/2021\/04\/Horizont_Resort_800x545_22-600x409.jpg 600w\" sizes=\"auto, (max-width: 800px) 100vw, 800px\" \/>    <\/div>\n    <div class=\"mkdf-banner-text-holder\" >\n\t    <div class=\"mkdf-banner-text-outer\">\n\t\t    <div class=\"mkdf-banner-text-inner\">\n\t\t        \t\t            <h6 class=\"mkdf-banner-subtitle\" >\n\t\t\t            Imprezy na profesjonalnym poziomie\t\t            <\/h6>\n\t\t        \t\t        \t\t            <h5 class=\"mkdf-banner-title\" >\n\t\t                Szkolenia i kongresy\t                <\/h5>\n\t\t        \t\t\t    \t\t\t\t    <p class=\"mkdf-banner-text\" >Wyj\u0105tkowe pomieszczenia kongresowe do spotka\u0144 biznesowych lub organizacji kongres\u00f3w, szkole\u0144 czy imprez okoliczno\u015bciowych.<\/p>\n\t\t\t\t\t\t\t\t\t\t            <a itemprop=\"url\" href=\"https:\/\/aquacityhotel.sk\/pl\/ponuka\/pomieszczenia-konferencyjne\/\" target=\"_blank\" class=\"mkdf-banner-link-text mkdf-btn mkdf-btn-solid mkdf-btn-medium mkdf-btn-icon\" >\n\t\t\t            <span class=\"mkdf-btn-text\">Wi\u0119cej informacji<\/span>\n\t\t\t            <span class=\"mkdf-btn-icon lnr lnr-arrow-right\"><\/span>\n\t\t            <\/a>\n\t\t        \t\t\t<\/div>\n\t\t<\/div>\n\t<\/div>\n\t        <a itemprop=\"url\" class=\"mkdf-banner-link\" href=\"https:\/\/aquacityhotel.sk\/pl\/ponuka\/pomieszczenia-konferencyjne\/\" target=\"_blank\"><\/a>\n    <\/div>\t\t<\/div>\n\t<\/div>\n<\/div><div class=\"mkdf-eh-item    \"  data-item-class=\"mkdf-eh-custom-4537\">\n\t<div class=\"mkdf-eh-item-inner\">\n\t\t<div class=\"mkdf-eh-item-content mkdf-eh-custom-4537\" style=\"padding: 0 0 0 0\">\n\t\t\t<div class=\"mkdf-banner-holder  mkdf-visible-on-default mkdf-banner-info-default\">\n    <div class=\"mkdf-banner-image\">\n        <img loading=\"lazy\" decoding=\"async\" width=\"800\" height=\"545\" src=\"https:\/\/aquacityhotel.sk\/wp-content\/uploads\/2021\/10\/aquaciy_800x545.jpg\" class=\"attachment-full size-full\" alt=\"\" srcset=\"https:\/\/aquacityhotel.sk\/wp-content\/uploads\/2021\/10\/aquaciy_800x545.jpg 800w, https:\/\/aquacityhotel.sk\/wp-content\/uploads\/2021\/10\/aquaciy_800x545-300x204.jpg 300w, https:\/\/aquacityhotel.sk\/wp-content\/uploads\/2021\/10\/aquaciy_800x545-768x523.jpg 768w, https:\/\/aquacityhotel.sk\/wp-content\/uploads\/2021\/10\/aquaciy_800x545-600x409.jpg 600w\" sizes=\"auto, (max-width: 800px) 100vw, 800px\" \/>    <\/div>\n    <div class=\"mkdf-banner-text-holder\" >\n\t    <div class=\"mkdf-banner-text-outer\">\n\t\t    <div class=\"mkdf-banner-text-inner\">\n\t\t        \t\t            <h6 class=\"mkdf-banner-subtitle\" >\n\t\t\t            Doznania w Tatrach\t\t            <\/h6>\n\t\t        \t\t        \t\t            <h5 class=\"mkdf-banner-title\" >\n\t\t                Zgrupowania sportowe\t                <\/h5>\n\t\t        \t\t\t    \t\t\t\t    <p class=\"mkdf-banner-text\" >AquaCity Poprad to idealne miejsce do organizacji oboz\u00f3w i zgrupowa\u0144 sportowych, podczas kt\u00f3rych mo\u017cna osi\u0105gn\u0105\u0107 najlepsze wyniki. <\/p>\n\t\t\t\t\t\t\t\t\t\t            <a itemprop=\"url\" href=\"https:\/\/aquacityhotel.sk\/pl\/ponuka\/zgrupowania-sportowe\/\" target=\"_blank\" class=\"mkdf-banner-link-text mkdf-btn mkdf-btn-solid mkdf-btn-medium mkdf-btn-icon\" >\n\t\t\t            <span class=\"mkdf-btn-text\">Wi\u0119cej informacji<\/span>\n\t\t\t            <span class=\"mkdf-btn-icon lnr lnr-arrow-right\"><\/span>\n\t\t            <\/a>\n\t\t        \t\t\t<\/div>\n\t\t<\/div>\n\t<\/div>\n\t        <a itemprop=\"url\" class=\"mkdf-banner-link\" href=\"https:\/\/aquacityhotel.sk\/pl\/ponuka\/zgrupowania-sportowe\/\" target=\"_blank\"><\/a>\n    <\/div>\t\t<\/div>\n\t<\/div>\n<\/div><\/div>[\/vc_column][\/vc_row][vc_row][vc_column css=&#8221;.vc_custom_1493886957095{padding-right: 13px !important;}&#8221;]<div class=\"mkdf-elements-holder   mkdf-three-columns  mkdf-responsive-mode-768 \" ><div class=\"mkdf-eh-item    \"  data-item-class=\"mkdf-eh-custom-5287\">\n\t<div class=\"mkdf-eh-item-inner\">\n\t\t<div class=\"mkdf-eh-item-content mkdf-eh-custom-5287\" style=\"padding: 0 0 0 0\">\n\t\t\t<div class=\"mkdf-banner-holder  mkdf-visible-on-default mkdf-banner-info-default\">\n    <div class=\"mkdf-banner-image\">\n        <img loading=\"lazy\" decoding=\"async\" width=\"800\" height=\"545\" src=\"https:\/\/aquacityhotel.sk\/wp-content\/uploads\/2021\/04\/Horizont_Resort_800x545_29.jpg\" class=\"attachment-full size-full\" alt=\"\" srcset=\"https:\/\/aquacityhotel.sk\/wp-content\/uploads\/2021\/04\/Horizont_Resort_800x545_29.jpg 800w, https:\/\/aquacityhotel.sk\/wp-content\/uploads\/2021\/04\/Horizont_Resort_800x545_29-300x204.jpg 300w, https:\/\/aquacityhotel.sk\/wp-content\/uploads\/2021\/04\/Horizont_Resort_800x545_29-768x523.jpg 768w, https:\/\/aquacityhotel.sk\/wp-content\/uploads\/2021\/04\/Horizont_Resort_800x545_29-600x409.jpg 600w\" sizes=\"auto, (max-width: 800px) 100vw, 800px\" \/>    <\/div>\n    <div class=\"mkdf-banner-text-holder\" >\n\t    <div class=\"mkdf-banner-text-outer\">\n\t\t    <div class=\"mkdf-banner-text-inner\">\n\t\t        \t\t            <h6 class=\"mkdf-banner-subtitle\" >\n\t\t\t            Bajkowy pocz\u0105tek wsp\u00f3lnej drogi \u017cycia.\t\t            <\/h6>\n\t\t        \t\t        \t\t            <h5 class=\"mkdf-banner-title\" >\n\t\t                Wesela\t                <\/h5>\n\t\t        \t\t\t    \t\t\t\t    <p class=\"mkdf-banner-text\" >Pi\u0119kne pomieszczenia, doskona\u0142a kuchnia, profesjonalne us\u0142ugi i pomocna obs\u0142uga.<\/p>\n\t\t\t\t\t\t\t\t\t\t            <a itemprop=\"url\" href=\"https:\/\/aquacityhotel.sk\/pl\/ponuka\/wesela\/\" target=\"_blank\" class=\"mkdf-banner-link-text mkdf-btn mkdf-btn-solid mkdf-btn-medium mkdf-btn-icon\" >\n\t\t\t            <span class=\"mkdf-btn-text\">Wi\u0119cej informacji<\/span>\n\t\t\t            <span class=\"mkdf-btn-icon lnr lnr-arrow-right\"><\/span>\n\t\t            <\/a>\n\t\t        \t\t\t<\/div>\n\t\t<\/div>\n\t<\/div>\n\t        <a itemprop=\"url\" class=\"mkdf-banner-link\" href=\"https:\/\/aquacityhotel.sk\/pl\/ponuka\/wesela\/\" target=\"_blank\"><\/a>\n    <\/div>\t\t<\/div>\n\t<\/div>\n<\/div><div class=\"mkdf-eh-item    \"  data-item-class=\"mkdf-eh-custom-7553\">\n\t<div class=\"mkdf-eh-item-inner\">\n\t\t<div class=\"mkdf-eh-item-content mkdf-eh-custom-7553\" style=\"padding: 0 0 0 0\">\n\t\t\t<div class=\"mkdf-banner-holder  mkdf-visible-on-default mkdf-banner-info-default\">\n    <div class=\"mkdf-banner-image\">\n        <img loading=\"lazy\" decoding=\"async\" width=\"800\" height=\"545\" src=\"https:\/\/aquacityhotel.sk\/wp-content\/uploads\/2021\/04\/Horizont_Resort_800x545_09.jpg\" class=\"attachment-full size-full\" alt=\"\" srcset=\"https:\/\/aquacityhotel.sk\/wp-content\/uploads\/2021\/04\/Horizont_Resort_800x545_09.jpg 800w, https:\/\/aquacityhotel.sk\/wp-content\/uploads\/2021\/04\/Horizont_Resort_800x545_09-300x204.jpg 300w, https:\/\/aquacityhotel.sk\/wp-content\/uploads\/2021\/04\/Horizont_Resort_800x545_09-768x523.jpg 768w, https:\/\/aquacityhotel.sk\/wp-content\/uploads\/2021\/04\/Horizont_Resort_800x545_09-600x409.jpg 600w\" sizes=\"auto, (max-width: 800px) 100vw, 800px\" \/>    <\/div>\n    <div class=\"mkdf-banner-text-holder\" >\n\t    <div class=\"mkdf-banner-text-outer\">\n\t\t    <div class=\"mkdf-banner-text-inner\">\n\t\t        \t\t            <h6 class=\"mkdf-banner-subtitle\" >\n\t\t\t            Imprezy tematyczne, wigilie firmowe, imprezy noworoczne\t\t            <\/h6>\n\t\t        \t\t        \t\t            <h5 class=\"mkdf-banner-title\" >\n\t\t                 Imprezy firmowe\t                <\/h5>\n\t\t        \t\t\t    \t\t\t\t    <p class=\"mkdf-banner-text\" >Sp\u0119d\u017acie fantastyczn\u0105 imprez\u0119 firmow\u0105. Zapewnimy idealne pomieszczenia, pierwszorz\u0119dne us\u0142ugi i niezapomniany program.<\/p>\n\t\t\t\t\t\t\t\t\t\t            <a itemprop=\"url\" href=\"https:\/\/aquacityhotel.sk\/pl\/ponuka\/imprezy-firmowe\/\" target=\"_blank\" class=\"mkdf-banner-link-text mkdf-btn mkdf-btn-solid mkdf-btn-medium mkdf-btn-icon\" >\n\t\t\t            <span class=\"mkdf-btn-text\">Wi\u0119cej informacji<\/span>\n\t\t\t            <span class=\"mkdf-btn-icon lnr lnr-arrow-right\"><\/span>\n\t\t            <\/a>\n\t\t        \t\t\t<\/div>\n\t\t<\/div>\n\t<\/div>\n\t        <a itemprop=\"url\" class=\"mkdf-banner-link\" href=\"https:\/\/aquacityhotel.sk\/pl\/ponuka\/imprezy-firmowe\/\" target=\"_blank\"><\/a>\n    <\/div>\t\t<\/div>\n\t<\/div>\n<\/div><\/div>[\/vc_column][\/vc_row]<\/p>\n","protected":false},"excerpt":{"rendered":"<p>[vc_row][vc_column css=&#8221;.vc_custom_1493886957095{padding-right: 13px !important;}&#8221;][\/vc_column][\/vc_row][vc_row][vc_column css=&#8221;.vc_custom_1493886957095{padding-right: 13px !important;}&#8221;][\/vc_column][\/vc_row]<\/p>\n","protected":false},"author":7,"featured_media":0,"parent":0,"menu_order":0,"comment_status":"closed","ping_status":"closed","template":"full-width.php","meta":{"inline_featured_image":false,"footnotes":"","_wp_rev_ctl_limit":""},"class_list":["post-15375","page","type-page","status-publish","hentry"],"yoast_head":"<!-- This site is optimized with the Yoast SEO plugin v26.4 - https:\/\/yoast.com\/wordpress\/plugins\/seo\/ -->\n<title>Eventy - Aquacity Hotel<\/title>\n<meta name=\"robots\" content=\"index, follow, max-snippet:-1, max-image-preview:large, max-video-preview:-1\" \/>\n<link rel=\"canonical\" href=\"https:\/\/aquacityhotel.sk\/pl\/eventy\/\" \/>\n<meta property=\"og:locale\" content=\"pl_PL\" \/>\n<meta property=\"og:type\" content=\"article\" \/>\n<meta property=\"og:title\" content=\"Eventy - Aquacity Hotel\" \/>\n<meta property=\"og:description\" content=\"[vc_row][vc_column css=&#8221;.vc_custom_1493886957095{padding-right: 13px !important;}&#8221;][\/vc_column][\/vc_row][vc_row][vc_column css=&#8221;.vc_custom_1493886957095{padding-right: 13px !important;}&#8221;][\/vc_column][\/vc_row]\" \/>\n<meta property=\"og:url\" content=\"https:\/\/aquacityhotel.sk\/pl\/eventy\/\" \/>\n<meta property=\"og:site_name\" content=\"Aquacity Hotel\" \/>\n<meta property=\"article:modified_time\" content=\"2021-10-27T04:44:59+00:00\" \/>\n<meta name=\"twitter:card\" content=\"summary_large_image\" \/>\n<meta name=\"twitter:label1\" content=\"Szacowany czas czytania\" \/>\n\t<meta name=\"twitter:data1\" content=\"2 minuty\" \/>\n<script type=\"application\/ld+json\" class=\"yoast-schema-graph\">{\"@context\":\"https:\/\/schema.org\",\"@graph\":[{\"@type\":\"WebPage\",\"@id\":\"https:\/\/aquacityhotel.sk\/pl\/eventy\/\",\"url\":\"https:\/\/aquacityhotel.sk\/pl\/eventy\/\",\"name\":\"Eventy - Aquacity Hotel\",\"isPartOf\":{\"@id\":\"https:\/\/aquacityhotel.sk\/#website\"},\"datePublished\":\"2021-02-11T17:59:45+00:00\",\"dateModified\":\"2021-10-27T04:44:59+00:00\",\"breadcrumb\":{\"@id\":\"https:\/\/aquacityhotel.sk\/pl\/eventy\/#breadcrumb\"},\"inLanguage\":\"pl-PL\",\"potentialAction\":[{\"@type\":\"ReadAction\",\"target\":[\"https:\/\/aquacityhotel.sk\/pl\/eventy\/\"]}]},{\"@type\":\"BreadcrumbList\",\"@id\":\"https:\/\/aquacityhotel.sk\/pl\/eventy\/#breadcrumb\",\"itemListElement\":[{\"@type\":\"ListItem\",\"position\":1,\"name\":\"Domovsk\u00e1 str\u00e1nka\",\"item\":\"https:\/\/aquacityhotel.sk\/\"},{\"@type\":\"ListItem\",\"position\":2,\"name\":\"Eventy\"}]},{\"@type\":\"WebSite\",\"@id\":\"https:\/\/aquacityhotel.sk\/#website\",\"url\":\"https:\/\/aquacityhotel.sk\/\",\"name\":\"Aquacity Hotel\",\"description\":\"Ubytovanie Vysok\u00e9 Tatry Slovensko\",\"potentialAction\":[{\"@type\":\"SearchAction\",\"target\":{\"@type\":\"EntryPoint\",\"urlTemplate\":\"https:\/\/aquacityhotel.sk\/?s={search_term_string}\"},\"query-input\":{\"@type\":\"PropertyValueSpecification\",\"valueRequired\":true,\"valueName\":\"search_term_string\"}}],\"inLanguage\":\"pl-PL\"}]}<\/script>\n<!-- \/ Yoast SEO plugin. -->","yoast_head_json":{"title":"Eventy - Aquacity Hotel","robots":{"index":"index","follow":"follow","max-snippet":"max-snippet:-1","max-image-preview":"max-image-preview:large","max-video-preview":"max-video-preview:-1"},"canonical":"https:\/\/aquacityhotel.sk\/pl\/eventy\/","og_locale":"pl_PL","og_type":"article","og_title":"Eventy - Aquacity Hotel","og_description":"[vc_row][vc_column css=&#8221;.vc_custom_1493886957095{padding-right: 13px !important;}&#8221;][\/vc_column][\/vc_row][vc_row][vc_column css=&#8221;.vc_custom_1493886957095{padding-right: 13px !important;}&#8221;][\/vc_column][\/vc_row]","og_url":"https:\/\/aquacityhotel.sk\/pl\/eventy\/","og_site_name":"Aquacity Hotel","article_modified_time":"2021-10-27T04:44:59+00:00","twitter_card":"summary_large_image","twitter_misc":{"Szacowany czas czytania":"2 minuty"},"schema":{"@context":"https:\/\/schema.org","@graph":[{"@type":"WebPage","@id":"https:\/\/aquacityhotel.sk\/pl\/eventy\/","url":"https:\/\/aquacityhotel.sk\/pl\/eventy\/","name":"Eventy - Aquacity Hotel","isPartOf":{"@id":"https:\/\/aquacityhotel.sk\/#website"},"datePublished":"2021-02-11T17:59:45+00:00","dateModified":"2021-10-27T04:44:59+00:00","breadcrumb":{"@id":"https:\/\/aquacityhotel.sk\/pl\/eventy\/#breadcrumb"},"inLanguage":"pl-PL","potentialAction":[{"@type":"ReadAction","target":["https:\/\/aquacityhotel.sk\/pl\/eventy\/"]}]},{"@type":"BreadcrumbList","@id":"https:\/\/aquacityhotel.sk\/pl\/eventy\/#breadcrumb","itemListElement":[{"@type":"ListItem","position":1,"name":"Domovsk\u00e1 str\u00e1nka","item":"https:\/\/aquacityhotel.sk\/"},{"@type":"ListItem","position":2,"name":"Eventy"}]},{"@type":"WebSite","@id":"https:\/\/aquacityhotel.sk\/#website","url":"https:\/\/aquacityhotel.sk\/","name":"Aquacity Hotel","description":"Ubytovanie Vysok\u00e9 Tatry Slovensko","potentialAction":[{"@type":"SearchAction","target":{"@type":"EntryPoint","urlTemplate":"https:\/\/aquacityhotel.sk\/?s={search_term_string}"},"query-input":{"@type":"PropertyValueSpecification","valueRequired":true,"valueName":"search_term_string"}}],"inLanguage":"pl-PL"}]}},"_links":{"self":[{"href":"https:\/\/aquacityhotel.sk\/pl\/wp-json\/wp\/v2\/pages\/15375","targetHints":{"allow":["GET"]}}],"collection":[{"href":"https:\/\/aquacityhotel.sk\/pl\/wp-json\/wp\/v2\/pages"}],"about":[{"href":"https:\/\/aquacityhotel.sk\/pl\/wp-json\/wp\/v2\/types\/page"}],"author":[{"embeddable":true,"href":"https:\/\/aquacityhotel.sk\/pl\/wp-json\/wp\/v2\/users\/7"}],"replies":[{"embeddable":true,"href":"https:\/\/aquacityhotel.sk\/pl\/wp-json\/wp\/v2\/comments?post=15375"}],"version-history":[{"count":9,"href":"https:\/\/aquacityhotel.sk\/pl\/wp-json\/wp\/v2\/pages\/15375\/revisions"}],"predecessor-version":[{"id":18210,"href":"https:\/\/aquacityhotel.sk\/pl\/wp-json\/wp\/v2\/pages\/15375\/revisions\/18210"}],"wp:attachment":[{"href":"https:\/\/aquacityhotel.sk\/pl\/wp-json\/wp\/v2\/media?parent=15375"}],"curies":[{"name":"wp","href":"https:\/\/api.w.org\/{rel}","templated":true}]}}