
{"id":15854,"date":"2021-02-11T18:09:36","date_gmt":"2021-02-11T17:09:36","guid":{"rendered":"https:\/\/horizontresort.sk\/aktivity\/"},"modified":"2025-03-06T09:36:08","modified_gmt":"2025-03-06T08:36:08","slug":"activities-nearby","status":"publish","type":"page","link":"https:\/\/aquacityhotel.sk\/en\/activities-nearby\/","title":{"rendered":"Activities nearby"},"content":{"rendered":"<p>[vc_row css=&#8221;.vc_custom_1493985307534{padding-top: 40px !important;padding-bottom: 42px !important;}&#8221;][vc_column css=&#8221;.vc_custom_1613065139053{padding-top: 0px !important;}&#8221; offset=&#8221;vc_col-lg-6&#8243;]<div class=\"mkdf-elements-holder   mkdf-one-column  mkdf-responsive-mode-768 \" ><div class=\"mkdf-eh-item    \"  data-item-class=\"mkdf-eh-custom-6367\" data-1280-1600=\"37px 0% 0% 0%\" data-1024-1280=\"36px 0% 0% 0%\" data-768-1024=\"34px 0% 0% 0%\">\n\t<div class=\"mkdf-eh-item-inner\">\n\t\t<div class=\"mkdf-eh-item-content mkdf-eh-custom-6367\" style=\"padding: 35px 0% 0% 0%\">\n\t\t\t<div class=\"mkdf-section-title-holder  mkdf-st-standard  mkdf-st-title-left mkdf-st-normal-space \" >\n\t<div class=\"mkdf-st-inner\">\n\t\t\t\t\t<h6 class=\"mkdf-st-subtitle\" >\n\t\t\t\tAQUAPARK, TOURISM, CYCLING, ATTRACTIONS\t\t\t<\/h6>\n\t\t\t\t\t\t\t<h2 class=\"mkdf-st-title\" >\n\t\t\t\tSUMMER ACTIVITIES\t\t\t\t\t\t\t<\/h2>\n\t\t\t\t\t\t\t<div class=\"mkdf-st-separator\" style=\"background-color: #c59d5f\"><\/div>\n\t\t\t\t\t<\/div>\n<\/div>[vc_empty_space height=&#8221;50px&#8221;]<div class=\"mkdf-accordion-holder mkdf-ac-default  mkdf-accordion mkdf-ac-boxed  clearfix\">\n\t<h3 class=\"mkdf-accordion-title\">\n    <span class=\"mkdf-accordion-mark\">\n\t\t<span class=\"mkdf_icon_plus icon_plus\"><\/span>\n\t\t<span class=\"mkdf_icon_minus icon_minus-06\"><\/span>\n\t<\/span>\n\t<span class=\"mkdf-tab-title\">AquaCity Poprad \u2013 Water paradise under the High Tatras<\/span>\n<\/h3>\n<div class=\"mkdf-accordion-content\">\n\t[vc_column_text]<\/p>\n<p class=\"p1\">Throughout the year, you can enjoy perfect relaxation and rest in the most beautiful thermal Aquapark, AquaCity Poprad. Thermal water is pumped from a 1300 m deep borehole and includes 20 different health beneficial minerals. Enjoy great entertainment at 13 outdoor and indoor thermal pools with water temperature 30-38 \u00b0 C. The total water area in the aqua park is 3,500 square meters and the capacity of the entire complex serves up to seven thousand visitors. AquaCity Poprad is exceptional especially its water, which comes from geothermal springs below the water park. Crystal clear water throughout the pool complex maintains its quality thanks to it being cleaned 6 times per day and filtered 2 times a day.<br \/>\nWater. Purification is done using an ultraviolet technique, which in turn uses less chlorine which is better for your skin and also the environment. Water quality and approach to environmental protection is evidenced by the award for AquaCity Poprad \u2013 the most eco-friendly resort in the world. It is possible to relax the whole year round in the outdoor sitting area or relaxing by the pool, where you can find water beads, massage jets, water mushroom, or swinging bell or you can swim in the outdoor reconditioning swimming pool for active athletes with a length of 33 meters. Luxury thermal pools Blue Diamond with beverage bars and many water attractions, whirlpools, massage jets and water jets are the perfect place to relax. Relaxation pools Blue Sapphire are unique not only by the range of services offered, but as well as a contribution to environmental protection. Relaxation pools with water temperature 30-35 \u00b0C offer a variety of water and air massages, water pearl deck chairs and seats, water jets, special lights for chromotherapy \u2013 light therapy, equipment for artificial waves and other attractions.<br \/>\nA great stay at AquaCity Poprad is every evening ended by the exceptional 3D laser show in the Blue Sapphire pools that has no equivalent across Europe. The laser show at AquaCity demonstrates the possibility of using the most technologically advanced laser projector. Live animated 3D images floating in the air creates mysterious theatre and an unforgettable experience. In the complex there are 2 indoor water slides and water paradise Mayan pyramid, open during the summer months, with a rafting tube, 2 fast slides, Kamikaze and wide Family slide.<br \/>\nThe smallest visitors can have fun in seven different playgrounds. A new outdoor summer area offers space for more active visitors, three sand courts are perfect for beach volleyball and football with family and friends and also in the immediate vicinity of the courts is a sandy beach with sun beds and umbrellas and beverage beach bar with a wide selection of soft drinks and mixed drinks. In the sea of entertainment under the Tatras explorers can discover a children\u2019s pool, Treasure Island. In the spirit of one of the most popular works of history, a pool has been built in the style of an exotic bay, which also includes a shipwreck with slides and water slides. A stay in AquaCity Poprad can also be used for relaxation combined with wellness treatments in the Vital world Fire &amp; Water Spa &amp; Wellness Centre. In an area of over 1590 m2 a vital world full of contrasts in the sign of the elements of fire and water can be found. These elements are the symbol of a new wellness centre and divided into a private party zone, where you can find different types of saunas and inhalation rooms, a ceremonial sauna, private zone, rooms for taking a rest on waterbeds and a unique 14 m Vital Bar with a trendy offer of cocktails and meals.[\/vc_column_text]<\/div><h3 class=\"mkdf-accordion-title\">\n    <span class=\"mkdf-accordion-mark\">\n\t\t<span class=\"mkdf_icon_plus icon_plus\"><\/span>\n\t\t<span class=\"mkdf_icon_minus icon_minus-06\"><\/span>\n\t<\/span>\n\t<span class=\"mkdf-tab-title\">TOURISM<\/span>\n<\/h3>\n<div class=\"mkdf-accordion-content\">\n\t[vc_column_text]<\/p>\n<p class=\"p1\">During the summer months the High Tatras region is visited by over 1.3 million visitors who either relax, discover or gain strength in the wonderful region over one or more days. The High Tatras offers holidaymakers many opportunities for active recreation such as easier and more demanding hiking. A unique experience is a trip by cable car to the top of the High Tatras. The best view from our mountains will be enjoyed by all ages. In the territory of TANAP approximately 600 km of marked paths are located that lead you to the most interesting tourist spots in the High Tatras. Hiking paths crossing valleys allows climbing to the Tatras mountain huts, to some difficult or some less difficult to reach the Tatras peaks or as transit through the Tatra valleys. All hiking paths are marked (red, blue, green, yellow) and designed for the movement of visitors in the Tatra National Park.Objavte a spoznajte Vysok\u00e9 Tatry v\u0161etk\u00fdmi zmyslami. Opustite ka\u017edodenn\u00fd stereotyp dne\u0161nej upon\u00e1h\u013eanej doby a nau\u010dte sa znovu objavova\u0165 prirodzenos\u0165 na\u0161ej \u00fachvatnej krajiny. Vysok\u00e9 Tatry s\u00fa jedine\u010dn\u00fdm miestom na zemi s 25-timi \u0161t\u00edtmi vy\u0161\u0161\u00edmi ako 2 500 metrov n. m., unik\u00e1tnymi \u013eadovcov\u00fdmi plesami, chr\u00e1nen\u00fdmi rastlinami a ojedinelou faunou. Na\u0161e tatransk\u00e9 hory dopraj\u00fa v\u00e1\u0161mu telu i mysli tu prav\u00fa harm\u00f3niu s pr\u00edrodou. Po\u010das letn\u00fdch mesiacov nav\u0161t\u00edvi regi\u00f3n Vysok\u00e9 Tatry vy\u0161e 1,3 mili\u00f3na n\u00e1v\u0161tevn\u00edkov, ktor\u00ed oddychuj\u00fa a na\u010derp\u00e1vaj\u00fa sily v n\u00e1dhernom regi\u00f3ne po\u010das jedn\u00e9ho alebo viacer\u00fdch dn\u00ed. Vysok\u00e9 Tatry pon\u00fakaj\u00fa dovolenk\u00e1rom ve\u013ea mo\u017enost\u00ed pre akt\u00edvny odpo\u010dinok ako \u013eah\u0161iu \u010di n\u00e1ro\u010dnej\u0161iu turistiku. Jedine\u010dn\u00fdm z\u00e1\u017eitkom je v\u00fdlet lanovkami na vrcholy Vysok\u00fdch Tatier. Najkraj\u0161\u00ed v\u00fdh\u013ead z na\u0161ich ve\u013eh\u00f4r si u\u017eij\u00fa v\u0161etky vekov\u00e9 kateg\u00f3rie. Na \u00fazem\u00ed TANAPu sa nach\u00e1dza pribli\u017ene 600 km zna\u010dkovan\u00fdch chodn\u00edkov, ktor\u00e9 doved\u00fa turistov k najzauj\u00edmavej\u0161\u00edm miestam Vysok\u00fdch Tatier. Turistick\u00e9 chodn\u00edky prech\u00e1dzaj\u00face dolinami umo\u017e\u0148uj\u00fa v\u00fdstupy na tatransk\u00e9 chaty, niektor\u00e9 n\u00e1ro\u010dn\u00e9 aj menej n\u00e1ro\u010dn\u00e9 tatransk\u00e9 vrcholy ako aj prechody cez tatransk\u00e9 sedl\u00e1. V\u0161etky turistick\u00e9 chodn\u00edky, ur\u010den\u00e9 pre pohyb n\u00e1v\u0161tevn\u00edkov v Tatranskom n\u00e1rodnom parku s\u00fa vyzna\u010den\u00e9 zna\u010dkami (\u010derven\u00e1, modr\u00e1, zelen\u00e1, \u017elt\u00e1).<\/p>\n<p>[\/vc_column_text]<\/div><h3 class=\"mkdf-accordion-title\">\n    <span class=\"mkdf-accordion-mark\">\n\t\t<span class=\"mkdf_icon_plus icon_plus\"><\/span>\n\t\t<span class=\"mkdf_icon_minus icon_minus-06\"><\/span>\n\t<\/span>\n\t<span class=\"mkdf-tab-title\">Cycling<\/span>\n<\/h3>\n<div class=\"mkdf-accordion-content\">\n\t[vc_column_text]Cycle around the Region of the High Tatras around\u00a0over 300 km of marked cycle routes of various difficulty levels\u00a0which are tailored for everybody \u2013\u00a0families with children, lovers of mountain and road cycling, experienced sportsmen as well as cycling beginners.Flat routes at the foothills, steep ascents to the highest peaks, the main cycle route that runs almost around the whole foothills of the High Tatras.[\/vc_column_text]<\/div><h3 class=\"mkdf-accordion-title\">\n    <span class=\"mkdf-accordion-mark\">\n\t\t<span class=\"mkdf_icon_plus icon_plus\"><\/span>\n\t\t<span class=\"mkdf_icon_minus icon_minus-06\"><\/span>\n\t<\/span>\n\t<span class=\"mkdf-tab-title\">ATTRACTIONS<\/span>\n<\/h3>\n<div class=\"mkdf-accordion-content\">\n\t[vc_column_text]<strong>BOATING<\/strong><\/p>\n<p>The tradition of boating on tarns of \u0160trbsk\u00e9 pleso and Nov\u00e9 \u0160trbsk\u00e9 pleso is more than 130 years old.\u00a0 The boating on \u0160trbsk\u00e9 pleso was restored on 5th July 2008, after 25 years. The tarn was \u201cunlocked\u201d and you can thus admire a beautiful view of Mt. Solisko and enjoy the calm surface of this unique tarn. It was even trying to become one of the seven new wonders of the world.<\/p>\n<p>There are 22 stylish rowing boats made of wood and 1 sports rowing boat at disposal, all prepared at a new pier with a beautiful view of the Tatra peaks.<\/p>\n<p><strong>BOBSLEIGH TRACK, MOUNTAIN SCOOTERS, ROPE PARKS, SUMMER TUBING<\/strong>[\/vc_column_text]<\/div><\/div>\t\t<\/div>\n\t<\/div>\n<\/div><\/div>[\/vc_column][vc_column offset=&#8221;vc_col-lg-6&#8243;]<div class=\"mkdf-elements-holder   mkdf-one-column  mkdf-responsive-mode-768 \" ><div class=\"mkdf-eh-item    \"  data-item-class=\"mkdf-eh-custom-1236\" data-1280-1600=\"37px 0% 0% 0%\" data-1024-1280=\"36px 0% 0% 0%\" data-768-1024=\"34px 0% 0% 0%\">\n\t<div class=\"mkdf-eh-item-inner\">\n\t\t<div class=\"mkdf-eh-item-content mkdf-eh-custom-1236\" style=\"padding: 35px 0% 0% 0%\">\n\t\t\t<div class=\"mkdf-section-title-holder  mkdf-st-standard  mkdf-st-title-left mkdf-st-normal-space \" >\n\t<div class=\"mkdf-st-inner\">\n\t\t\t\t\t<h6 class=\"mkdf-st-subtitle\" >\n\t\t\t\tSKIING, CROSS-COUNTRY SKIING, SNOWBOARD, SLEDGING\t\t\t<\/h6>\n\t\t\t\t\t\t\t<h2 class=\"mkdf-st-title\" >\n\t\t\t\tWINTER ACTIVITIES\t\t\t\t\t\t\t<\/h2>\n\t\t\t\t\t\t\t<div class=\"mkdf-st-separator\" style=\"background-color: #c59d5f\"><\/div>\n\t\t\t\t\t<\/div>\n<\/div>[vc_empty_space height=&#8221;50px&#8221;]<div class=\"mkdf-accordion-holder mkdf-ac-default  mkdf-accordion mkdf-ac-boxed  clearfix\">\n\t<h3 class=\"mkdf-accordion-title\">\n    <span class=\"mkdf-accordion-mark\">\n\t\t<span class=\"mkdf_icon_plus icon_plus\"><\/span>\n\t\t<span class=\"mkdf_icon_minus icon_minus-06\"><\/span>\n\t<\/span>\n\t<span class=\"mkdf-tab-title\">Tatransk\u00e1 Lomnica<\/span>\n<\/h3>\n<div class=\"mkdf-accordion-content\">\n\t[vc_column_text]<strong>Tatransk\u00e1 Lomnica Heart of skiers \u2013 Lomnick\u00e9 sedlo<\/strong><br \/>\nEnjoy sunny skiing in Lomnick\u00e9 sedlo, where the starting point begins at the centre of the High Tatras \u2013 Tatransk\u00e1 Lomnica. The highest located and the steepest slope in Lomnick\u00e9 sedlo 2190 m a. m., will satisfy even the most demanding skiers. 1300 meters elevation, 5-months snow guaranteed the most modern chair lifts and cable cars and widened slopes guarantee a great experience on a first-class 6.5 km slope with a width of up to 60 m. The centre also offers nearly 6 km of slopes for less experienced skiers, families with children will especially appreciate it. Lomnick\u00e9 sedlo by its attractiveness attracts not only skiers, but also free riders, adrenaline lovers and individualists.[\/vc_column_text]<\/div><h3 class=\"mkdf-accordion-title\">\n    <span class=\"mkdf-accordion-mark\">\n\t\t<span class=\"mkdf_icon_plus icon_plus\"><\/span>\n\t\t<span class=\"mkdf_icon_minus icon_minus-06\"><\/span>\n\t<\/span>\n\t<span class=\"mkdf-tab-title\">Star\u00fd Smokovec<\/span>\n<\/h3>\n<div class=\"mkdf-accordion-content\">\n\t[vc_column_text]<\/p>\n<p class=\"p1\">Star\u00fd Smokovec \u2013 a comfortable lift to Hrebienok, day and night sledging are among the best winter experience. Jakubkova luka with its easy ski track is a centre optimal for beginner skiers. Hrebienok is the most popular place for winter hiking to Cold Creek Waterfalls or the alpine huts. Inexperienced skiers can be found in the Star\u00fd Smokovec \u2013 Hrebienok centre or Jakubkova l\u00faka. A popular attraction is sledging down the 2.5 km lit tracks from Hrebienok to Stary Smokovec. If you want to learn to ski or teach your children how to ski, a professional team of instructors at the ski school offer lessons even for complete beginners. High Tatras Centre Star\u00fd Smokovec is an ideal start for winter hiking to alpine huts or waterfalls.<\/p>\n<p>[\/vc_column_text]<\/div><h3 class=\"mkdf-accordion-title\">\n    <span class=\"mkdf-accordion-mark\">\n\t\t<span class=\"mkdf_icon_plus icon_plus\"><\/span>\n\t\t<span class=\"mkdf_icon_minus icon_minus-06\"><\/span>\n\t<\/span>\n\t<span class=\"mkdf-tab-title\">\u0160trbsk\u00e9 Pleso<\/span>\n<\/h3>\n<div class=\"mkdf-accordion-content\">\n\t[vc_column_text]<\/p>\n<p class=\"p1\">Highest Tatra village \u0160trbsk\u00e9 Pleso offers on the southern slopes of Predn\u00e9 Solisko 9 km of easy and intermediate ski slopes which are popular especially by families with children and advanced skiers. High Tatras \u2013 \u0160trbsk\u00e9 Pleso allows its visitors to use the ski services, ski and snowboard rentals, and a ski school for beginners. \u0160trbsk\u00e9 Pleso is attractive for its excellent skiing conditions with great slalom runs, downhill or cross-country skiing, with high standard services. Skiers can enjoy this winter season \u2013 9 km of ski slopes and for cross-country skiing trails with a total length of 26.5 km. Do not miss the opportunity for night skiing. Adrenaline lovers can visit the attractive snow park. \u0160trbsk\u00e9 Pleso is the highest located ski resort in Slovakia and it has its magical atmosphere thanks to its rich history.<\/p>\n<p>[\/vc_column_text]<\/div><h3 class=\"mkdf-accordion-title\">\n    <span class=\"mkdf-accordion-mark\">\n\t\t<span class=\"mkdf_icon_plus icon_plus\"><\/span>\n\t\t<span class=\"mkdf_icon_minus icon_minus-06\"><\/span>\n\t<\/span>\n\t<span class=\"mkdf-tab-title\">Cross-country skiing<\/span>\n<\/h3>\n<div class=\"mkdf-accordion-content\">\n\t[vc_column_text]Cross-country skiing is an integral part of winter in the High Tatras, along with alpine skiing and ski touring.\u00a0The biggest cross-country skiing area is in\u00a0<strong>\u0160trbsk\u00e9\u00a0Pleso<\/strong> and offers 8 professional groomed tracks with the length of 0,5 to 5 km. \u00a0Experienced skiers as well as beginners can find here everything they need.\u00a0<strong>The golf area Black Stork<\/strong>\u00a0changes to an ideal cross-country ski area in winter. Circuits\u00a0with the total length of more than 10 km offer sports satisfaction and picturesque\u00a0views of the whole High Tatras\u00a0and the\u00a0<strong>cycle route between\u00a0Spi\u0161sk\u00e1 Bel\u00e1 and Tatransk\u00e1 Kotlina<\/strong>\u00a0can be used as an easy 9 km-long running track in\u00a0winter.[\/vc_column_text]<\/div><h3 class=\"mkdf-accordion-title\">\n    <span class=\"mkdf-accordion-mark\">\n\t\t<span class=\"mkdf_icon_plus icon_plus\"><\/span>\n\t\t<span class=\"mkdf_icon_minus icon_minus-06\"><\/span>\n\t<\/span>\n\t<span class=\"mkdf-tab-title\">SLEDGING<\/span>\n<\/h3>\n<div class=\"mkdf-accordion-content\">\n\t[vc_column_text]Winter fun in the Tatras never ends. Be a child again and jump on a sledge!<br \/>\nHave fun on a groomed and lit 2.5 km-long sledge track leading from Hrebienok down to Star\u00fd Smokovec. Take a funicular up the hill and enjoy comfortable transport with your ski pass until 16:30 free of charge.[\/vc_column_text]<\/div><\/div>\t\t<\/div>\n\t<\/div>\n<\/div><\/div>[\/vc_column][\/vc_row][vc_row][vc_column][vc_empty_space height=&#8221;100px&#8221;][\/vc_column][\/vc_row]<\/p>\n","protected":false},"excerpt":{"rendered":"<p>[vc_row css=&#8221;.vc_custom_1493985307534{padding-top: 40px !important;padding-bottom: 42px !important;}&#8221;][vc_column css=&#8221;.vc_custom_1613065139053{padding-top: 0px !important;}&#8221; offset=&#8221;vc_col-lg-6&#8243;][\/vc_column][vc_column offset=&#8221;vc_col-lg-6&#8243;][\/vc_column][\/vc_row][vc_row][vc_column][vc_empty_space height=&#8221;100px&#8221;][\/vc_column][\/vc_row]<\/p>\n","protected":false},"author":7,"featured_media":0,"parent":0,"menu_order":0,"comment_status":"closed","ping_status":"closed","template":"","meta":{"inline_featured_image":false,"footnotes":"","_wp_rev_ctl_limit":""},"class_list":["post-15854","page","type-page","status-publish","hentry"],"yoast_head":"<!-- This site is optimized with the Yoast SEO plugin v26.4 - https:\/\/yoast.com\/wordpress\/plugins\/seo\/ -->\n<title>Activities nearby - Aquacity Hotel<\/title>\n<meta name=\"robots\" content=\"index, follow, max-snippet:-1, max-image-preview:large, max-video-preview:-1\" \/>\n<link rel=\"canonical\" href=\"https:\/\/aquacityhotel.sk\/aktivity\/\" \/>\n<meta property=\"og:locale\" content=\"en_US\" \/>\n<meta property=\"og:type\" content=\"article\" \/>\n<meta property=\"og:title\" content=\"Activities nearby - Aquacity Hotel\" \/>\n<meta property=\"og:description\" content=\"[vc_row css=&#8221;.vc_custom_1493985307534{padding-top: 40px !important;padding-bottom: 42px !important;}&#8221;][vc_column css=&#8221;.vc_custom_1613065139053{padding-top: 0px !important;}&#8221; offset=&#8221;vc_col-lg-6&#8243;][\/vc_column][vc_column offset=&#8221;vc_col-lg-6&#8243;][\/vc_column][\/vc_row][vc_row][vc_column][vc_empty_space height=&#8221;100px&#8221;][\/vc_column][\/vc_row]\" \/>\n<meta property=\"og:url\" content=\"https:\/\/aquacityhotel.sk\/aktivity\/\" \/>\n<meta property=\"og:site_name\" content=\"Aquacity Hotel\" \/>\n<meta property=\"article:modified_time\" content=\"2025-03-06T08:36:08+00:00\" \/>\n<meta name=\"twitter:card\" content=\"summary_large_image\" \/>\n<meta name=\"twitter:label1\" content=\"Est. reading time\" \/>\n\t<meta name=\"twitter:data1\" content=\"10 minutes\" \/>\n<script type=\"application\/ld+json\" class=\"yoast-schema-graph\">{\"@context\":\"https:\/\/schema.org\",\"@graph\":[{\"@type\":\"WebPage\",\"@id\":\"https:\/\/aquacityhotel.sk\/aktivity\/\",\"url\":\"https:\/\/aquacityhotel.sk\/aktivity\/\",\"name\":\"Activities nearby - Aquacity Hotel\",\"isPartOf\":{\"@id\":\"https:\/\/aquacityhotel.sk\/#website\"},\"datePublished\":\"2021-02-11T17:09:36+00:00\",\"dateModified\":\"2025-03-06T08:36:08+00:00\",\"breadcrumb\":{\"@id\":\"https:\/\/aquacityhotel.sk\/aktivity\/#breadcrumb\"},\"inLanguage\":\"en-US\",\"potentialAction\":[{\"@type\":\"ReadAction\",\"target\":[\"https:\/\/aquacityhotel.sk\/aktivity\/\"]}]},{\"@type\":\"BreadcrumbList\",\"@id\":\"https:\/\/aquacityhotel.sk\/aktivity\/#breadcrumb\",\"itemListElement\":[{\"@type\":\"ListItem\",\"position\":1,\"name\":\"Domovsk\u00e1 str\u00e1nka\",\"item\":\"https:\/\/aquacityhotel.sk\/\"},{\"@type\":\"ListItem\",\"position\":2,\"name\":\"Activities nearby\"}]},{\"@type\":\"WebSite\",\"@id\":\"https:\/\/aquacityhotel.sk\/#website\",\"url\":\"https:\/\/aquacityhotel.sk\/\",\"name\":\"Aquacity Hotel\",\"description\":\"Ubytovanie Vysok\u00e9 Tatry Slovensko\",\"potentialAction\":[{\"@type\":\"SearchAction\",\"target\":{\"@type\":\"EntryPoint\",\"urlTemplate\":\"https:\/\/aquacityhotel.sk\/?s={search_term_string}\"},\"query-input\":{\"@type\":\"PropertyValueSpecification\",\"valueRequired\":true,\"valueName\":\"search_term_string\"}}],\"inLanguage\":\"en-US\"}]}<\/script>\n<!-- \/ Yoast SEO plugin. -->","yoast_head_json":{"title":"Activities nearby - Aquacity Hotel","robots":{"index":"index","follow":"follow","max-snippet":"max-snippet:-1","max-image-preview":"max-image-preview:large","max-video-preview":"max-video-preview:-1"},"canonical":"https:\/\/aquacityhotel.sk\/aktivity\/","og_locale":"en_US","og_type":"article","og_title":"Activities nearby - Aquacity Hotel","og_description":"[vc_row css=&#8221;.vc_custom_1493985307534{padding-top: 40px !important;padding-bottom: 42px !important;}&#8221;][vc_column css=&#8221;.vc_custom_1613065139053{padding-top: 0px !important;}&#8221; offset=&#8221;vc_col-lg-6&#8243;][\/vc_column][vc_column offset=&#8221;vc_col-lg-6&#8243;][\/vc_column][\/vc_row][vc_row][vc_column][vc_empty_space height=&#8221;100px&#8221;][\/vc_column][\/vc_row]","og_url":"https:\/\/aquacityhotel.sk\/aktivity\/","og_site_name":"Aquacity Hotel","article_modified_time":"2025-03-06T08:36:08+00:00","twitter_card":"summary_large_image","twitter_misc":{"Est. reading time":"10 minutes"},"schema":{"@context":"https:\/\/schema.org","@graph":[{"@type":"WebPage","@id":"https:\/\/aquacityhotel.sk\/aktivity\/","url":"https:\/\/aquacityhotel.sk\/aktivity\/","name":"Activities nearby - Aquacity Hotel","isPartOf":{"@id":"https:\/\/aquacityhotel.sk\/#website"},"datePublished":"2021-02-11T17:09:36+00:00","dateModified":"2025-03-06T08:36:08+00:00","breadcrumb":{"@id":"https:\/\/aquacityhotel.sk\/aktivity\/#breadcrumb"},"inLanguage":"en-US","potentialAction":[{"@type":"ReadAction","target":["https:\/\/aquacityhotel.sk\/aktivity\/"]}]},{"@type":"BreadcrumbList","@id":"https:\/\/aquacityhotel.sk\/aktivity\/#breadcrumb","itemListElement":[{"@type":"ListItem","position":1,"name":"Domovsk\u00e1 str\u00e1nka","item":"https:\/\/aquacityhotel.sk\/"},{"@type":"ListItem","position":2,"name":"Activities nearby"}]},{"@type":"WebSite","@id":"https:\/\/aquacityhotel.sk\/#website","url":"https:\/\/aquacityhotel.sk\/","name":"Aquacity Hotel","description":"Ubytovanie Vysok\u00e9 Tatry Slovensko","potentialAction":[{"@type":"SearchAction","target":{"@type":"EntryPoint","urlTemplate":"https:\/\/aquacityhotel.sk\/?s={search_term_string}"},"query-input":{"@type":"PropertyValueSpecification","valueRequired":true,"valueName":"search_term_string"}}],"inLanguage":"en-US"}]}},"_links":{"self":[{"href":"https:\/\/aquacityhotel.sk\/en\/wp-json\/wp\/v2\/pages\/15854","targetHints":{"allow":["GET"]}}],"collection":[{"href":"https:\/\/aquacityhotel.sk\/en\/wp-json\/wp\/v2\/pages"}],"about":[{"href":"https:\/\/aquacityhotel.sk\/en\/wp-json\/wp\/v2\/types\/page"}],"author":[{"embeddable":true,"href":"https:\/\/aquacityhotel.sk\/en\/wp-json\/wp\/v2\/users\/7"}],"replies":[{"embeddable":true,"href":"https:\/\/aquacityhotel.sk\/en\/wp-json\/wp\/v2\/comments?post=15854"}],"version-history":[{"count":7,"href":"https:\/\/aquacityhotel.sk\/en\/wp-json\/wp\/v2\/pages\/15854\/revisions"}],"predecessor-version":[{"id":21241,"href":"https:\/\/aquacityhotel.sk\/en\/wp-json\/wp\/v2\/pages\/15854\/revisions\/21241"}],"wp:attachment":[{"href":"https:\/\/aquacityhotel.sk\/en\/wp-json\/wp\/v2\/media?parent=15854"}],"curies":[{"name":"wp","href":"https:\/\/api.w.org\/{rel}","templated":true}]}}