
{"id":15759,"date":"2021-02-11T18:52:34","date_gmt":"2021-02-11T17:52:34","guid":{"rendered":"https:\/\/horizontresort.sk\/kontakt\/"},"modified":"2021-12-11T19:25:15","modified_gmt":"2021-12-11T18:25:15","slug":"contact","status":"publish","type":"page","link":"https:\/\/aquacityhotel.sk\/en\/contact\/","title":{"rendered":"Contact"},"content":{"rendered":"<p>[vc_row row_content_width=&#8221;grid&#8221; css=&#8221;.vc_custom_1495444795050{padding-top: 80px !important;padding-bottom: 120px !important;}&#8221;][vc_column offset=&#8221;vc_col-lg-6 vc_col-md-12&#8243;][vc_column_text]<\/p>\n<h3>AquaCity Poprad<\/h3>\n<h5>Hotel Seasons****<br \/>\nHotel Mountain View****<br \/>\nHotel Riverside***<\/h5>\n<p>[\/vc_column_text]<div class=\"mkdf-elements-holder   mkdf-one-column  mkdf-responsive-mode-768 \" ><div class=\"mkdf-eh-item    \"  data-item-class=\"mkdf-eh-custom-1007\">\n\t<div class=\"mkdf-eh-item-inner\">\n\t\t<div class=\"mkdf-eh-item-content mkdf-eh-custom-1007\" style=\"padding: 0 25% 0 0\">\n\t\t\t[vc_column_text]<\/p>\n<p class=\"p1\">\u0160portov\u00e1 1397\/1<br \/>\n058 01 Poprad<br \/>\nGPS s\u00faradnice: 49.0605325, 20.307634[\/vc_column_text]\t\t<\/div>\n\t<\/div>\n<\/div><\/div>[vc_empty_space height=&#8221;20px&#8221;]<div class=\"mkdf-elements-holder   mkdf-two-columns  mkdf-responsive-mode-768 \" ><div class=\"mkdf-eh-item    \"  data-item-class=\"mkdf-eh-custom-6465\" data-1024-1280=\"0 12% 0 0\">\n\t<div class=\"mkdf-eh-item-inner\">\n\t\t<div class=\"mkdf-eh-item-content mkdf-eh-custom-6465\" style=\"padding: 0 17% 0 0\">\n\t\t\t[vc_column_text]<\/p>\n<h5>RESERVATION DEPARTMENT<\/h5>\n<p>[\/vc_column_text][vc_column_text]Email: <a href=\"mailto:recepcia@aquacity.sk\">recepcia@aquacity.sk<\/a><\/p>\n<p>Tel.nr.:\u00a0 <a href=\"tel:+421910802309\">+421 910 802 309<\/a><br \/>\nTel.nr.: \u00a0<a href=\"tel:+421910802309\">+421 52 78 51 222<\/a>[\/vc_column_text][vc_empty_space height=&#8221;14px&#8221;]\t\t<\/div>\n\t<\/div>\n<\/div><div class=\"mkdf-eh-item    \"  data-item-class=\"mkdf-eh-custom-6491\" data-1024-1280=\"0 12% 0 0\">\n\t<div class=\"mkdf-eh-item-inner\">\n\t\t<div class=\"mkdf-eh-item-content mkdf-eh-custom-6491\" style=\"padding: 0 25% 0 0\">\n\t\t\t[vc_column_text]<\/p>\n<h5>HOTEL RECEPTION<\/h5>\n<p>[\/vc_column_text][vc_column_text]Email: <a href=\"mailto:recepcia@aquacity.sk\">recepcia@aquacity.sk<\/a><\/p>\n<p>Tel.nr.:\u00a0 <a href=\"tel:+421910802309\">+421 910 802 309<\/a>[\/vc_column_text][vc_empty_space height=&#8221;14px&#8221;]\t\t<\/div>\n\t<\/div>\n<\/div><\/div><div class=\"mkdf-elements-holder   mkdf-two-columns  mkdf-responsive-mode-768 \" ><div class=\"mkdf-eh-item    \"  data-item-class=\"mkdf-eh-custom-4593\" data-1024-1280=\"0 12% 0 0\">\n\t<div class=\"mkdf-eh-item-inner\">\n\t\t<div class=\"mkdf-eh-item-content mkdf-eh-custom-4593\" style=\"padding: 0 17% 0 0\">\n\t\t\t[vc_column_text]<\/p>\n<h5>MARKETING<\/h5>\n<p>[\/vc_column_text][vc_column_text]Email: <a href=\"mailto:marketing@hotelhills.sk\">marketing@aquacity.sk<\/a><\/p>\n<p>Tel.nr.:\u00a0 <a href=\"tel:+421910802309\">+421 910 802 309 <\/a>[\/vc_column_text][vc_empty_space height=&#8221;14px&#8221;]\t\t<\/div>\n\t<\/div>\n<\/div><div class=\"mkdf-eh-item    \"  data-item-class=\"mkdf-eh-custom-7491\" data-1024-1280=\"0 12% 0 0\">\n\t<div class=\"mkdf-eh-item-inner\">\n\t\t<div class=\"mkdf-eh-item-content mkdf-eh-custom-7491\" style=\"padding: 0 25% 0 0\">\n\t\t\t[vc_column_text]<\/p>\n<h5>CONGRESSES, EVENTS &amp; WEDDINGS<\/h5>\n<p>[\/vc_column_text][vc_column_text]Email: <a href=\"mailto:eventy@hotelhills.sk\">kongres@aquacity.sk<\/a><\/p>\n<p>Tel.nr.:\u00a0 <a href=\"tel:+421910802323\">+421 910 802 323<br \/>\n<\/a>\u00a0 \u00a0 \u00a0 \u00a0 \u00a0 \u00a0 <a href=\"tel:+421907833146\">+421 907 833 146<\/a>[\/vc_column_text][vc_empty_space height=&#8221;14px&#8221;]\t\t<\/div>\n\t<\/div>\n<\/div><\/div><div class=\"mkdf-elements-holder   mkdf-two-columns  mkdf-responsive-mode-768 \" ><div class=\"mkdf-eh-item    \"  data-item-class=\"mkdf-eh-custom-5427\" data-1024-1280=\"0 12% 0 0\">\n\t<div class=\"mkdf-eh-item-inner\">\n\t\t<div class=\"mkdf-eh-item-content mkdf-eh-custom-5427\" style=\"padding: 0 17% 0 0\">\n\t\t\t[vc_column_text]<\/p>\n<h5>INVOICING DATA<\/h5>\n<p>[\/vc_column_text][vc_column_text]<strong>Aquapark Poprad s.r.o.<\/strong><br \/>\n\u0160portov\u00e1 1397\/1,<br \/>\n058 01 Poprad<br \/>\nI\u010cO: 36482609<br \/>\nI\u010c DPH: SK2020020486<br \/>\nCompany registered\u00a0 Okresn\u00e9ho s\u00fadu Pre\u0161ov oddiel: Sro, vlo\u017eka \u010d.: 13805\/P[\/vc_column_text][vc_empty_space height=&#8221;14px&#8221;]\t\t<\/div>\n\t<\/div>\n<\/div><\/div>[\/vc_column][vc_column offset=&#8221;vc_col-lg-6 vc_col-md-12&#8243;]<div class=\"mkdf-elements-holder   mkdf-one-column  mkdf-responsive-mode-768 \" ><div class=\"mkdf-eh-item    \"  data-item-class=\"mkdf-eh-custom-9473\" data-1280-1600=\"5% 0% 0 4%\" data-768-1024=\"10% 0 0 0\" data-680-768=\"10% 0 0 0\" data-680=\"5% 0 0 0\">\n\t<div class=\"mkdf-eh-item-inner\">\n\t\t<div class=\"mkdf-eh-item-content mkdf-eh-custom-9473\" style=\"padding: 6% 0% 0 4%\">\n\t\t\t\n<div class=\"wpcf7 no-js\" id=\"wpcf7-f3858-o1\" lang=\"en-US\" dir=\"ltr\" data-wpcf7-id=\"3858\">\n<div class=\"screen-reader-response\"><p role=\"status\" aria-live=\"polite\" aria-atomic=\"true\"><\/p> <ul><\/ul><\/div>\n<form action=\"\/en\/wp-json\/wp\/v2\/pages\/15759#wpcf7-f3858-o1\" method=\"post\" class=\"wpcf7-form init cf7_custom_style_2\" aria-label=\"Contact form\" novalidate=\"novalidate\" data-status=\"init\">\n<fieldset class=\"hidden-fields-container\"><input type=\"hidden\" name=\"_wpcf7\" value=\"3858\" \/><input type=\"hidden\" name=\"_wpcf7_version\" value=\"6.1.3\" \/><input type=\"hidden\" name=\"_wpcf7_locale\" value=\"en_US\" \/><input type=\"hidden\" name=\"_wpcf7_unit_tag\" value=\"wpcf7-f3858-o1\" \/><input type=\"hidden\" name=\"_wpcf7_container_post\" value=\"0\" \/><input type=\"hidden\" name=\"_wpcf7_posted_data_hash\" value=\"\" \/><input type=\"hidden\" name=\"_wpcf7_recaptcha_response\" value=\"\" \/>\n<\/fieldset>\n<div>\n\t<p><span class=\"wpcf7-form-control-wrap\" data-name=\"your-name\"><input size=\"40\" maxlength=\"400\" class=\"wpcf7-form-control wpcf7-text\" aria-invalid=\"false\" placeholder=\"Va\u0161e meno\" value=\"\" type=\"text\" name=\"your-name\" \/><\/span>\n\t<\/p>\n<\/div>\n<div>\n\t<p><span class=\"wpcf7-form-control-wrap\" data-name=\"email\"><input size=\"40\" maxlength=\"400\" class=\"wpcf7-form-control wpcf7-email wpcf7-validates-as-required wpcf7-text wpcf7-validates-as-email\" aria-required=\"true\" aria-invalid=\"false\" placeholder=\"V\u00e1\u0161 Email\" value=\"\" type=\"email\" name=\"email\" \/><\/span>\n\t<\/p>\n<\/div>\n<div>\n\t<p><span class=\"wpcf7-form-control-wrap\" data-name=\"message\"><textarea cols=\"40\" rows=\"7\" maxlength=\"2000\" class=\"wpcf7-form-control wpcf7-textarea wpcf7-validates-as-required\" aria-required=\"true\" aria-invalid=\"false\" placeholder=\"Va\u0161a spr\u00e1va\" name=\"message\"><\/textarea><\/span>\n\t<\/p>\n<\/div>\n<div>\n\t<p><input class=\"wpcf7-form-control wpcf7-submit has-spinner\" type=\"submit\" value=\"ODOSLA\u0164\" \/>\n\t<\/p>\n<\/div><div class=\"wpcf7-response-output\" aria-hidden=\"true\"><\/div>\n<\/form>\n<\/div>\n\t\t<\/div>\n\t<\/div>\n<\/div><\/div>[vc_gmaps link=&#8221;#E-8_JTNDaWZyYW1lJTIwc3JjJTNEJTIyaHR0cHMlM0ElMkYlMkZ3d3cuZ29vZ2xlLmNvbSUyRm1hcHMlMkZlbWJlZCUzRnBiJTNEJTIxMW0xNCUyMTFtOCUyMTFtMyUyMTFkNTIyOC43NDQ3NTYzNjk5NDYlMjEyZDIwLjMwNzYxMSUyMTNkNDkuMDYwNTU2JTIxM20yJTIxMWkxMDI0JTIxMmk3NjglMjE0ZjEzLjElMjEzbTMlMjExbTIlMjExczB4MCUyNTNBMHhiOTM2YWMxYTFiN2Y5ODQ3JTIxMnNBcXVhQ2l0eSUyNTIwUG9wcmFkJTIxNWUwJTIxM20yJTIxMXNlbiUyMTJzc2slMjE0djE2MzIxNTI3NDEyMDklMjE1bTIlMjExc2VuJTIxMnNzayUyMiUyMHdpZHRoJTNEJTIyNjAwJTIyJTIwaGVpZ2h0JTNEJTIyNDUwJTIyJTIwc3R5bGUlM0QlMjJib3JkZXIlM0EwJTNCJTIyJTIwYWxsb3dmdWxsc2NyZWVuJTNEJTIyJTIyJTIwbG9hZGluZyUzRCUyMmxhenklMjIlM0UlM0MlMkZpZnJhbWUlM0U=&#8221; css=&#8221;.vc_custom_1632152757046{margin-top: 40px !important;margin-left: 25px !important;}&#8221;][\/vc_column][\/vc_row][vc_row][vc_column][\/vc_column][\/vc_row][vc_row parallax=&#8221;content-moving&#8221; parallax_speed_bg=&#8221;&#8221; parallax_background_image=&#8221;4074&#8243; css=&#8221;.vc_custom_1494575010936{padding-top: 35px !important;padding-bottom: 80px !important;}&#8221;][vc_column]<div class=\"mkdf-elements-holder   mkdf-one-column  mkdf-responsive-mode-768 \" ><div class=\"mkdf-eh-item   mkdf-horizontal-alignment-center \"  data-item-class=\"mkdf-eh-custom-5767\" data-1280-1600=\"0 22%\" data-1024-1280=\"0 18%\" data-768-1024=\"0 30px\" data-680-768=\"0 40px\" data-680=\"0 10px\">\n\t<div class=\"mkdf-eh-item-inner\">\n\t\t<div class=\"mkdf-eh-item-content mkdf-eh-custom-5767\" style=\"padding: 0 25%\">\n\t\t\t<div class=\"mkdf-section-title-holder  mkdf-st-standard mkdf-st-ha-center mkdf-st-title-left mkdf-st-normal-space \" style=\"text-align: center\">\n\t<div class=\"mkdf-st-inner\">\n\t\t\t\t\t\t\t<h2 class=\"mkdf-st-title\" style=\"color: #ffffff\">\n\t\t\t\tNewsletter\t\t\t\t\t\t\t<\/h2>\n\t\t\t\t\t\t\t\t\t<span class=\"mkdf-st-text\" style=\"color: #ffffff;margin-top:7px\">\n\t\t\t\tZ\u00e1le\u017e\u00ed n\u00e1m na v\u00e1s a chceme aby ste boli informovan\u00ed. o na\u0161ich akci\u00e1ch a novink\u00e1ch. Prihl\u00e1ste sa do n\u00e1\u0161ho newslettra.\t\t\t<\/span>\n\t\t\t<\/div>\n<\/div>[vc_empty_space]\n<div class=\"wpcf7 no-js\" id=\"wpcf7-f4077-o2\" lang=\"en-US\" dir=\"ltr\" data-wpcf7-id=\"4077\">\n<div class=\"screen-reader-response\"><p role=\"status\" aria-live=\"polite\" aria-atomic=\"true\"><\/p> <ul><\/ul><\/div>\n<form action=\"\/en\/wp-json\/wp\/v2\/pages\/15759#wpcf7-f4077-o2\" method=\"post\" class=\"wpcf7-form init cf7_custom_style_3\" aria-label=\"Contact form\" novalidate=\"novalidate\" data-status=\"init\">\n<fieldset class=\"hidden-fields-container\"><input type=\"hidden\" name=\"_wpcf7\" value=\"4077\" \/><input type=\"hidden\" name=\"_wpcf7_version\" value=\"6.1.3\" \/><input type=\"hidden\" name=\"_wpcf7_locale\" value=\"en_US\" \/><input type=\"hidden\" name=\"_wpcf7_unit_tag\" value=\"wpcf7-f4077-o2\" \/><input type=\"hidden\" name=\"_wpcf7_container_post\" value=\"0\" \/><input type=\"hidden\" name=\"_wpcf7_posted_data_hash\" value=\"\" \/><input type=\"hidden\" name=\"_wpcf7_recaptcha_response\" value=\"\" \/>\n<\/fieldset>\n<div class=\"mkdf-two-columns-form-with-space mkdf-with-long-button\">\n\t<div class=\"hidden\">\n\t\t<p>[mailpoetsignup* mailpoetsignup-523 list:3 default:on]\n\t\t<\/p>\n\t<\/div>\n\t<div class=\"mkdf-column-left\">\n\t\t<p><span class=\"wpcf7-form-control-wrap\" data-name=\"e-mail\"><input size=\"40\" maxlength=\"400\" class=\"wpcf7-form-control wpcf7-email wpcf7-validates-as-required wpcf7-text wpcf7-validates-as-email\" aria-required=\"true\" aria-invalid=\"false\" placeholder=\"V\u00e1\u0161 e-mail\" value=\"\" type=\"email\" name=\"e-mail\" \/><\/span><br \/>\n<i class=\"mkdf-icon-linear-icon lnr lnr-envelope mkdf-icon-element\" style=\"\"><\/i>\n\t\t<\/p>\n\t<\/div>\n\t<div class=\"mkdf-column-right mkdf-form-has-icon\">\n\t\t<p><input class=\"wpcf7-form-control wpcf7-submit has-spinner\" type=\"submit\" value=\"Prihl\u00e1si\u0165 k odberu\" \/>\n\t\t<\/p>\n\t<\/div>\n<\/div><div class=\"wpcf7-response-output\" aria-hidden=\"true\"><\/div>\n<\/form>\n<\/div>\n\t\t<\/div>\n\t<\/div>\n<\/div><\/div>[\/vc_column][\/vc_row]<\/p>\n","protected":false},"excerpt":{"rendered":"<p>[vc_row row_content_width=&#8221;grid&#8221; css=&#8221;.vc_custom_1495444795050{padding-top: 80px !important;padding-bottom: 120px !important;}&#8221;][vc_column offset=&#8221;vc_col-lg-6 vc_col-md-12&#8243;][vc_column_text] AquaCity Poprad Hotel Seasons**** Hotel Mountain View**** Hotel Riverside*** [\/vc_column_text][vc_empty_space height=&#8221;20px&#8221;][\/vc_column][vc_column offset=&#8221;vc_col-lg-6 vc_col-md-12&#8243;][vc_gmaps link=&#8221;#E-8_JTNDaWZyYW1lJTIwc3JjJTNEJTIyaHR0cHMlM0ElMkYlMkZ3d3cuZ29vZ2xlLmNvbSUyRm1hcHMlMkZlbWJlZCUzRnBiJTNEJTIxMW0xNCUyMTFtOCUyMTFtMyUyMTFkNTIyOC43NDQ3NTYzNjk5NDYlMjEyZDIwLjMwNzYxMSUyMTNkNDkuMDYwNTU2JTIxM20yJTIxMWkxMDI0JTIxMmk3NjglMjE0ZjEzLjElMjEzbTMlMjExbTIlMjExczB4MCUyNTNBMHhiOTM2YWMxYTFiN2Y5ODQ3JTIxMnNBcXVhQ2l0eSUyNTIwUG9wcmFkJTIxNWUwJTIxM20yJTIxMXNlbiUyMTJzc2slMjE0djE2MzIxNTI3NDEyMDklMjE1bTIlMjExc2VuJTIxMnNzayUyMiUyMHdpZHRoJTNEJTIyNjAwJTIyJTIwaGVpZ2h0JTNEJTIyNDUwJTIyJTIwc3R5bGUlM0QlMjJib3JkZXIlM0EwJTNCJTIyJTIwYWxsb3dmdWxsc2NyZWVuJTNEJTIyJTIyJTIwbG9hZGluZyUzRCUyMmxhenklMjIlM0UlM0MlMkZpZnJhbWUlM0U=&#8221; css=&#8221;.vc_custom_1632152757046{margin-top: 40px !important;margin-left: 25px !important;}&#8221;][\/vc_column][\/vc_row][vc_row][vc_column][\/vc_column][\/vc_row][vc_row parallax=&#8221;content-moving&#8221; parallax_speed_bg=&#8221;&#8221; parallax_background_image=&#8221;4074&#8243; css=&#8221;.vc_custom_1494575010936{padding-top: 35px !important;padding-bottom: 80px !important;}&#8221;][vc_column][\/vc_column][\/vc_row]<\/p>\n","protected":false},"author":7,"featured_media":0,"parent":0,"menu_order":0,"comment_status":"closed","ping_status":"closed","template":"full-width.php","meta":{"inline_featured_image":false,"footnotes":"","_wp_rev_ctl_limit":""},"class_list":["post-15759","page","type-page","status-publish","hentry"],"yoast_head":"<!-- This site is optimized with the Yoast SEO plugin v26.4 - https:\/\/yoast.com\/wordpress\/plugins\/seo\/ -->\n<title>Contact - Aquacity Hotel<\/title>\n<meta name=\"robots\" content=\"index, follow, max-snippet:-1, max-image-preview:large, max-video-preview:-1\" \/>\n<link rel=\"canonical\" href=\"https:\/\/aquacityhotel.sk\/en\/contact\/\" \/>\n<meta property=\"og:locale\" content=\"en_US\" \/>\n<meta property=\"og:type\" content=\"article\" \/>\n<meta property=\"og:title\" content=\"Contact - Aquacity Hotel\" \/>\n<meta property=\"og:description\" content=\"[vc_row row_content_width=&#8221;grid&#8221; css=&#8221;.vc_custom_1495444795050{padding-top: 80px !important;padding-bottom: 120px !important;}&#8221;][vc_column offset=&#8221;vc_col-lg-6 vc_col-md-12&#8243;][vc_column_text] AquaCity Poprad Hotel Seasons**** Hotel Mountain View**** Hotel Riverside*** [\/vc_column_text][vc_empty_space height=&#8221;20px&#8221;][\/vc_column][vc_column offset=&#8221;vc_col-lg-6 vc_col-md-12&#8243;][vc_gmaps link=&#8221;#E-8_JTNDaWZyYW1lJTIwc3JjJTNEJTIyaHR0cHMlM0ElMkYlMkZ3d3cuZ29vZ2xlLmNvbSUyRm1hcHMlMkZlbWJlZCUzRnBiJTNEJTIxMW0xNCUyMTFtOCUyMTFtMyUyMTFkNTIyOC43NDQ3NTYzNjk5NDYlMjEyZDIwLjMwNzYxMSUyMTNkNDkuMDYwNTU2JTIxM20yJTIxMWkxMDI0JTIxMmk3NjglMjE0ZjEzLjElMjEzbTMlMjExbTIlMjExczB4MCUyNTNBMHhiOTM2YWMxYTFiN2Y5ODQ3JTIxMnNBcXVhQ2l0eSUyNTIwUG9wcmFkJTIxNWUwJTIxM20yJTIxMXNlbiUyMTJzc2slMjE0djE2MzIxNTI3NDEyMDklMjE1bTIlMjExc2VuJTIxMnNzayUyMiUyMHdpZHRoJTNEJTIyNjAwJTIyJTIwaGVpZ2h0JTNEJTIyNDUwJTIyJTIwc3R5bGUlM0QlMjJib3JkZXIlM0EwJTNCJTIyJTIwYWxsb3dmdWxsc2NyZWVuJTNEJTIyJTIyJTIwbG9hZGluZyUzRCUyMmxhenklMjIlM0UlM0MlMkZpZnJhbWUlM0U=&#8221; css=&#8221;.vc_custom_1632152757046{margin-top: 40px !important;margin-left: 25px !important;}&#8221;][\/vc_column][\/vc_row][vc_row][vc_column][\/vc_column][\/vc_row][vc_row parallax=&#8221;content-moving&#8221; parallax_speed_bg=&#8221;&#8221; parallax_background_image=&#8221;4074&#8243; css=&#8221;.vc_custom_1494575010936{padding-top: 35px !important;padding-bottom: 80px !important;}&#8221;][vc_column][\/vc_column][\/vc_row]\" \/>\n<meta property=\"og:url\" content=\"https:\/\/aquacityhotel.sk\/en\/contact\/\" \/>\n<meta property=\"og:site_name\" content=\"Aquacity Hotel\" \/>\n<meta property=\"article:modified_time\" content=\"2021-12-11T18:25:15+00:00\" \/>\n<meta name=\"twitter:card\" content=\"summary_large_image\" \/>\n<meta name=\"twitter:label1\" content=\"Est. reading time\" \/>\n\t<meta name=\"twitter:data1\" content=\"3 minutes\" \/>\n<script type=\"application\/ld+json\" class=\"yoast-schema-graph\">{\"@context\":\"https:\/\/schema.org\",\"@graph\":[{\"@type\":\"WebPage\",\"@id\":\"https:\/\/aquacityhotel.sk\/en\/contact\/\",\"url\":\"https:\/\/aquacityhotel.sk\/en\/contact\/\",\"name\":\"Contact - Aquacity Hotel\",\"isPartOf\":{\"@id\":\"https:\/\/aquacityhotel.sk\/#website\"},\"datePublished\":\"2021-02-11T17:52:34+00:00\",\"dateModified\":\"2021-12-11T18:25:15+00:00\",\"breadcrumb\":{\"@id\":\"https:\/\/aquacityhotel.sk\/en\/contact\/#breadcrumb\"},\"inLanguage\":\"en-US\",\"potentialAction\":[{\"@type\":\"ReadAction\",\"target\":[\"https:\/\/aquacityhotel.sk\/en\/contact\/\"]}]},{\"@type\":\"BreadcrumbList\",\"@id\":\"https:\/\/aquacityhotel.sk\/en\/contact\/#breadcrumb\",\"itemListElement\":[{\"@type\":\"ListItem\",\"position\":1,\"name\":\"Domovsk\u00e1 str\u00e1nka\",\"item\":\"https:\/\/aquacityhotel.sk\/\"},{\"@type\":\"ListItem\",\"position\":2,\"name\":\"Contact\"}]},{\"@type\":\"WebSite\",\"@id\":\"https:\/\/aquacityhotel.sk\/#website\",\"url\":\"https:\/\/aquacityhotel.sk\/\",\"name\":\"Aquacity Hotel\",\"description\":\"Ubytovanie Vysok\u00e9 Tatry Slovensko\",\"potentialAction\":[{\"@type\":\"SearchAction\",\"target\":{\"@type\":\"EntryPoint\",\"urlTemplate\":\"https:\/\/aquacityhotel.sk\/?s={search_term_string}\"},\"query-input\":{\"@type\":\"PropertyValueSpecification\",\"valueRequired\":true,\"valueName\":\"search_term_string\"}}],\"inLanguage\":\"en-US\"}]}<\/script>\n<!-- \/ Yoast SEO plugin. -->","yoast_head_json":{"title":"Contact - Aquacity Hotel","robots":{"index":"index","follow":"follow","max-snippet":"max-snippet:-1","max-image-preview":"max-image-preview:large","max-video-preview":"max-video-preview:-1"},"canonical":"https:\/\/aquacityhotel.sk\/en\/contact\/","og_locale":"en_US","og_type":"article","og_title":"Contact - Aquacity Hotel","og_description":"[vc_row row_content_width=&#8221;grid&#8221; css=&#8221;.vc_custom_1495444795050{padding-top: 80px !important;padding-bottom: 120px !important;}&#8221;][vc_column offset=&#8221;vc_col-lg-6 vc_col-md-12&#8243;][vc_column_text] AquaCity Poprad Hotel Seasons**** Hotel Mountain View**** Hotel Riverside*** [\/vc_column_text][vc_empty_space height=&#8221;20px&#8221;][\/vc_column][vc_column offset=&#8221;vc_col-lg-6 vc_col-md-12&#8243;][vc_gmaps link=&#8221;#E-8_JTNDaWZyYW1lJTIwc3JjJTNEJTIyaHR0cHMlM0ElMkYlMkZ3d3cuZ29vZ2xlLmNvbSUyRm1hcHMlMkZlbWJlZCUzRnBiJTNEJTIxMW0xNCUyMTFtOCUyMTFtMyUyMTFkNTIyOC43NDQ3NTYzNjk5NDYlMjEyZDIwLjMwNzYxMSUyMTNkNDkuMDYwNTU2JTIxM20yJTIxMWkxMDI0JTIxMmk3NjglMjE0ZjEzLjElMjEzbTMlMjExbTIlMjExczB4MCUyNTNBMHhiOTM2YWMxYTFiN2Y5ODQ3JTIxMnNBcXVhQ2l0eSUyNTIwUG9wcmFkJTIxNWUwJTIxM20yJTIxMXNlbiUyMTJzc2slMjE0djE2MzIxNTI3NDEyMDklMjE1bTIlMjExc2VuJTIxMnNzayUyMiUyMHdpZHRoJTNEJTIyNjAwJTIyJTIwaGVpZ2h0JTNEJTIyNDUwJTIyJTIwc3R5bGUlM0QlMjJib3JkZXIlM0EwJTNCJTIyJTIwYWxsb3dmdWxsc2NyZWVuJTNEJTIyJTIyJTIwbG9hZGluZyUzRCUyMmxhenklMjIlM0UlM0MlMkZpZnJhbWUlM0U=&#8221; css=&#8221;.vc_custom_1632152757046{margin-top: 40px !important;margin-left: 25px !important;}&#8221;][\/vc_column][\/vc_row][vc_row][vc_column][\/vc_column][\/vc_row][vc_row parallax=&#8221;content-moving&#8221; parallax_speed_bg=&#8221;&#8221; parallax_background_image=&#8221;4074&#8243; css=&#8221;.vc_custom_1494575010936{padding-top: 35px !important;padding-bottom: 80px !important;}&#8221;][vc_column][\/vc_column][\/vc_row]","og_url":"https:\/\/aquacityhotel.sk\/en\/contact\/","og_site_name":"Aquacity Hotel","article_modified_time":"2021-12-11T18:25:15+00:00","twitter_card":"summary_large_image","twitter_misc":{"Est. reading time":"3 minutes"},"schema":{"@context":"https:\/\/schema.org","@graph":[{"@type":"WebPage","@id":"https:\/\/aquacityhotel.sk\/en\/contact\/","url":"https:\/\/aquacityhotel.sk\/en\/contact\/","name":"Contact - Aquacity Hotel","isPartOf":{"@id":"https:\/\/aquacityhotel.sk\/#website"},"datePublished":"2021-02-11T17:52:34+00:00","dateModified":"2021-12-11T18:25:15+00:00","breadcrumb":{"@id":"https:\/\/aquacityhotel.sk\/en\/contact\/#breadcrumb"},"inLanguage":"en-US","potentialAction":[{"@type":"ReadAction","target":["https:\/\/aquacityhotel.sk\/en\/contact\/"]}]},{"@type":"BreadcrumbList","@id":"https:\/\/aquacityhotel.sk\/en\/contact\/#breadcrumb","itemListElement":[{"@type":"ListItem","position":1,"name":"Domovsk\u00e1 str\u00e1nka","item":"https:\/\/aquacityhotel.sk\/"},{"@type":"ListItem","position":2,"name":"Contact"}]},{"@type":"WebSite","@id":"https:\/\/aquacityhotel.sk\/#website","url":"https:\/\/aquacityhotel.sk\/","name":"Aquacity Hotel","description":"Ubytovanie Vysok\u00e9 Tatry Slovensko","potentialAction":[{"@type":"SearchAction","target":{"@type":"EntryPoint","urlTemplate":"https:\/\/aquacityhotel.sk\/?s={search_term_string}"},"query-input":{"@type":"PropertyValueSpecification","valueRequired":true,"valueName":"search_term_string"}}],"inLanguage":"en-US"}]}},"_links":{"self":[{"href":"https:\/\/aquacityhotel.sk\/en\/wp-json\/wp\/v2\/pages\/15759","targetHints":{"allow":["GET"]}}],"collection":[{"href":"https:\/\/aquacityhotel.sk\/en\/wp-json\/wp\/v2\/pages"}],"about":[{"href":"https:\/\/aquacityhotel.sk\/en\/wp-json\/wp\/v2\/types\/page"}],"author":[{"embeddable":true,"href":"https:\/\/aquacityhotel.sk\/en\/wp-json\/wp\/v2\/users\/7"}],"replies":[{"embeddable":true,"href":"https:\/\/aquacityhotel.sk\/en\/wp-json\/wp\/v2\/comments?post=15759"}],"version-history":[{"count":9,"href":"https:\/\/aquacityhotel.sk\/en\/wp-json\/wp\/v2\/pages\/15759\/revisions"}],"predecessor-version":[{"id":18297,"href":"https:\/\/aquacityhotel.sk\/en\/wp-json\/wp\/v2\/pages\/15759\/revisions\/18297"}],"wp:attachment":[{"href":"https:\/\/aquacityhotel.sk\/en\/wp-json\/wp\/v2\/media?parent=15759"}],"curies":[{"name":"wp","href":"https:\/\/api.w.org\/{rel}","templated":true}]}}