
{"id":17875,"date":"2021-10-11T06:59:18","date_gmt":"2021-10-11T04:59:18","guid":{"rendered":"https:\/\/aquacityhotel.sk\/ocenenia\/"},"modified":"2021-10-22T13:11:12","modified_gmt":"2021-10-22T11:11:12","slug":"oceneni","status":"publish","type":"page","link":"https:\/\/aquacityhotel.sk\/cs\/oceneni\/","title":{"rendered":"OCEN\u011aN\u00cd"},"content":{"rendered":"<p>[vc_row][vc_column][vc_column_text][\/vc_column_text][\/vc_column][\/vc_row][vc_row][vc_column][vc_column_text]<\/p>\n<ul>\n<li><strong>GREEN GLOBE<br \/>\n<\/strong>AquaCity je prvn\u00ed organizace v St\u0159edn\u00ed Evrop\u011b, kter\u00e1 z\u00edskala certifik\u00e1t Green Globe. Je to jeden z nejp\u0159\u00edsn\u011bj\u0161\u00edch standard\u016f, kter\u00e9 si organizace mohou osvojit za udr\u017eiteln\u00fd rozvoj v cestovn\u00edm ruchu. Tento certifik\u00e1t zaru\u010duje, \u017ee AquaCity udr\u017euje nejvy\u0161\u0161\u00ed standardy v oblasti \u017eivotn\u00edho prost\u0159ed\u00ed, ale tak\u00e9 podporuje m\u00edstn\u00ed komunitu a ekonomiku. Certifik\u00e1t Green Globe byl ud\u011blen 8. listopadu 2005 v Caf\u00e9 Royal, Piccadilly Circus v Lond\u00fdn\u011b.<\/li>\n<li><strong>GREEN APPLE AWARD<br \/>\n<\/strong>(Zelen\u00e9 jablko) je mezin\u00e1rodn\u00ed kampa\u0148 ocen\u011bn\u00ed prov\u00e1d\u011bn\u00e1 organizac\u00ed The Green Organisation za \u00fa\u010delem hled\u00e1n\u00ed nejzelen\u011bj\u0161\u00edch firem, m\u011bst, komunit a zem\u00ed. \u201eSkv\u011bl\u00e9 na ocen\u011bn\u00ed Green Apple je, \u017ee oce\u0148uje dobr\u00e9 my\u0161lenky na uchov\u00e1n\u00ed na\u0161\u00ed planety a podporuje je pro prosp\u011bch ka\u017ed\u00e9ho. Proto jsme nad\u0161eni, \u017ee jsme v\u00edt\u011bzi a z\u00e1rove\u0148 propagujeme do cel\u00e9ho sv\u011bta Slovensko, Tatry a m\u011bsto Poprad \u201e, vysv\u011btluje Jan Telensky, v\u011bt\u0161inov\u00fd vlastn\u00edk AquaCity.<\/li>\n<li><strong>WORLD TRAVEL AWARD<br \/>\n<\/strong>Ocen\u011bn\u00ed (WTA) se ka\u017edoro\u010dn\u011b ud\u011bluje nejv\u00fdznamn\u011bj\u0161\u00edm sv\u011btov\u00fdm a lok\u00e1ln\u00edm organizac\u00edm v oblasti cestovn\u00edho ruchu. V\u00fdznam cen WTA spo\u010d\u00edv\u00e1 hlavn\u011b v tom, \u017ee o hlasech rozhoduj\u00ed odborn\u00edci v turistick\u00e9m pr\u016fmyslu z cel\u00e9ho sv\u011bta. AquaCity Poprad bylo nominov\u00e1no do t\u0159\u00ed kategori\u00ed- Nejlep\u0161\u00ed m\u00edsto pro rodinn\u00e9 dovolen\u00e9, Nejlep\u0161\u00ed l\u00e1ze\u0148sk\u00e9 centrum a Nejlep\u0161\u00ed ekologick\u00e9 st\u0159edisko. V\u00edce ne\u017e 200 000 odborn\u00edk\u016f ze 190 zem\u00ed ud\u011blilo sv\u011btov\u00e9 ocen\u011bn\u00ed pro AquaCity Poprad a stalo se v\u00edt\u011bzem v mezin\u00e1rodn\u00ed sout\u011b\u017ee World Travel Awards v kategorii \u201eWorlds Leading Green Resort\u201c za roky 2007 a 2008 \u2013 Nejlep\u0161\u00ed ekologick\u00e9 st\u0159edisko na sv\u011bt\u011b.<\/li>\n<li><strong>HOTEL ROKU<br \/>\n<\/strong>Svaz hotel\u016f a restaurac\u00ed Slovensk\u00e9 republiky ocenil Hotel AquaCity Seasons *** v kategorii t\u0159\u00edhv\u011bzdi\u010dkov\u00fdch hotel\u016f za Hotel roku na Slovensku, za kvalitn\u011b poskytovan\u00e9 slu\u017eby v oblasti hotelnictv\u00ed.<br \/>\n<strong>Hotely AquaCity Poprad se podle posudk\u016f nez\u00e1visl\u00fdch hodnotitel\u016f hotel\u016f za\u0159adili mezi TREND TOP HOTELY NA SLOVENSKU<\/strong><\/li>\n<\/ul>\n<p>[\/vc_column_text][\/vc_column][\/vc_row]<\/p>\n","protected":false},"excerpt":{"rendered":"<p>[vc_row][vc_column][vc_column_text][\/vc_column_text][\/vc_column][\/vc_row][vc_row][vc_column][vc_column_text] GREEN GLOBE AquaCity je prvn\u00ed organizace v St\u0159edn\u00ed Evrop\u011b, kter\u00e1 z\u00edskala certifik\u00e1t Green Globe. Je to jeden z nejp\u0159\u00edsn\u011bj\u0161\u00edch standard\u016f, kter\u00e9 si organizace mohou osvojit za udr\u017eiteln\u00fd rozvoj v cestovn\u00edm ruchu. Tento certifik\u00e1t zaru\u010duje, \u017ee AquaCity udr\u017euje nejvy\u0161\u0161\u00ed standardy [&hellip;]<\/p>\n","protected":false},"author":2,"featured_media":0,"parent":0,"menu_order":0,"comment_status":"closed","ping_status":"closed","template":"","meta":{"inline_featured_image":false,"footnotes":"","_wp_rev_ctl_limit":""},"class_list":["post-17875","page","type-page","status-publish","hentry"],"yoast_head":"<!-- This site is optimized with the Yoast SEO plugin v26.4 - https:\/\/yoast.com\/wordpress\/plugins\/seo\/ -->\n<title>OCEN\u011aN\u00cd - Aquacity Hotel<\/title>\n<meta name=\"robots\" content=\"index, follow, max-snippet:-1, max-image-preview:large, max-video-preview:-1\" \/>\n<link rel=\"canonical\" href=\"https:\/\/aquacityhotel.sk\/cs\/oceneni\/\" \/>\n<meta property=\"og:locale\" content=\"cs_CZ\" \/>\n<meta property=\"og:type\" content=\"article\" \/>\n<meta property=\"og:title\" content=\"OCEN\u011aN\u00cd - Aquacity Hotel\" \/>\n<meta property=\"og:description\" content=\"[vc_row][vc_column][vc_column_text][\/vc_column_text][\/vc_column][\/vc_row][vc_row][vc_column][vc_column_text] GREEN GLOBE AquaCity je prvn\u00ed organizace v St\u0159edn\u00ed Evrop\u011b, kter\u00e1 z\u00edskala certifik\u00e1t Green Globe. Je to jeden z nejp\u0159\u00edsn\u011bj\u0161\u00edch standard\u016f, kter\u00e9 si organizace mohou osvojit za udr\u017eiteln\u00fd rozvoj v cestovn\u00edm ruchu. Tento certifik\u00e1t zaru\u010duje, \u017ee AquaCity udr\u017euje nejvy\u0161\u0161\u00ed standardy [&hellip;]\" \/>\n<meta property=\"og:url\" content=\"https:\/\/aquacityhotel.sk\/cs\/oceneni\/\" \/>\n<meta property=\"og:site_name\" content=\"Aquacity Hotel\" \/>\n<meta property=\"article:modified_time\" content=\"2021-10-22T11:11:12+00:00\" \/>\n<meta name=\"twitter:card\" content=\"summary_large_image\" \/>\n<meta name=\"twitter:label1\" content=\"Odhadovan\u00e1 doba \u010dten\u00ed\" \/>\n\t<meta name=\"twitter:data1\" content=\"2 minuty\" \/>\n<script type=\"application\/ld+json\" class=\"yoast-schema-graph\">{\"@context\":\"https:\/\/schema.org\",\"@graph\":[{\"@type\":\"WebPage\",\"@id\":\"https:\/\/aquacityhotel.sk\/cs\/oceneni\/\",\"url\":\"https:\/\/aquacityhotel.sk\/cs\/oceneni\/\",\"name\":\"OCEN\u011aN\u00cd - Aquacity Hotel\",\"isPartOf\":{\"@id\":\"https:\/\/aquacityhotel.sk\/#website\"},\"datePublished\":\"2021-10-11T04:59:18+00:00\",\"dateModified\":\"2021-10-22T11:11:12+00:00\",\"breadcrumb\":{\"@id\":\"https:\/\/aquacityhotel.sk\/cs\/oceneni\/#breadcrumb\"},\"inLanguage\":\"cs\",\"potentialAction\":[{\"@type\":\"ReadAction\",\"target\":[\"https:\/\/aquacityhotel.sk\/cs\/oceneni\/\"]}]},{\"@type\":\"BreadcrumbList\",\"@id\":\"https:\/\/aquacityhotel.sk\/cs\/oceneni\/#breadcrumb\",\"itemListElement\":[{\"@type\":\"ListItem\",\"position\":1,\"name\":\"Domovsk\u00e1 str\u00e1nka\",\"item\":\"https:\/\/aquacityhotel.sk\/\"},{\"@type\":\"ListItem\",\"position\":2,\"name\":\"OCEN\u011aN\u00cd\"}]},{\"@type\":\"WebSite\",\"@id\":\"https:\/\/aquacityhotel.sk\/#website\",\"url\":\"https:\/\/aquacityhotel.sk\/\",\"name\":\"Aquacity Hotel\",\"description\":\"Ubytovanie Vysok\u00e9 Tatry Slovensko\",\"potentialAction\":[{\"@type\":\"SearchAction\",\"target\":{\"@type\":\"EntryPoint\",\"urlTemplate\":\"https:\/\/aquacityhotel.sk\/?s={search_term_string}\"},\"query-input\":{\"@type\":\"PropertyValueSpecification\",\"valueRequired\":true,\"valueName\":\"search_term_string\"}}],\"inLanguage\":\"cs\"}]}<\/script>\n<!-- \/ Yoast SEO plugin. -->","yoast_head_json":{"title":"OCEN\u011aN\u00cd - Aquacity Hotel","robots":{"index":"index","follow":"follow","max-snippet":"max-snippet:-1","max-image-preview":"max-image-preview:large","max-video-preview":"max-video-preview:-1"},"canonical":"https:\/\/aquacityhotel.sk\/cs\/oceneni\/","og_locale":"cs_CZ","og_type":"article","og_title":"OCEN\u011aN\u00cd - Aquacity Hotel","og_description":"[vc_row][vc_column][vc_column_text][\/vc_column_text][\/vc_column][\/vc_row][vc_row][vc_column][vc_column_text] GREEN GLOBE AquaCity je prvn\u00ed organizace v St\u0159edn\u00ed Evrop\u011b, kter\u00e1 z\u00edskala certifik\u00e1t Green Globe. Je to jeden z nejp\u0159\u00edsn\u011bj\u0161\u00edch standard\u016f, kter\u00e9 si organizace mohou osvojit za udr\u017eiteln\u00fd rozvoj v cestovn\u00edm ruchu. Tento certifik\u00e1t zaru\u010duje, \u017ee AquaCity udr\u017euje nejvy\u0161\u0161\u00ed standardy [&hellip;]","og_url":"https:\/\/aquacityhotel.sk\/cs\/oceneni\/","og_site_name":"Aquacity Hotel","article_modified_time":"2021-10-22T11:11:12+00:00","twitter_card":"summary_large_image","twitter_misc":{"Odhadovan\u00e1 doba \u010dten\u00ed":"2 minuty"},"schema":{"@context":"https:\/\/schema.org","@graph":[{"@type":"WebPage","@id":"https:\/\/aquacityhotel.sk\/cs\/oceneni\/","url":"https:\/\/aquacityhotel.sk\/cs\/oceneni\/","name":"OCEN\u011aN\u00cd - Aquacity Hotel","isPartOf":{"@id":"https:\/\/aquacityhotel.sk\/#website"},"datePublished":"2021-10-11T04:59:18+00:00","dateModified":"2021-10-22T11:11:12+00:00","breadcrumb":{"@id":"https:\/\/aquacityhotel.sk\/cs\/oceneni\/#breadcrumb"},"inLanguage":"cs","potentialAction":[{"@type":"ReadAction","target":["https:\/\/aquacityhotel.sk\/cs\/oceneni\/"]}]},{"@type":"BreadcrumbList","@id":"https:\/\/aquacityhotel.sk\/cs\/oceneni\/#breadcrumb","itemListElement":[{"@type":"ListItem","position":1,"name":"Domovsk\u00e1 str\u00e1nka","item":"https:\/\/aquacityhotel.sk\/"},{"@type":"ListItem","position":2,"name":"OCEN\u011aN\u00cd"}]},{"@type":"WebSite","@id":"https:\/\/aquacityhotel.sk\/#website","url":"https:\/\/aquacityhotel.sk\/","name":"Aquacity Hotel","description":"Ubytovanie Vysok\u00e9 Tatry Slovensko","potentialAction":[{"@type":"SearchAction","target":{"@type":"EntryPoint","urlTemplate":"https:\/\/aquacityhotel.sk\/?s={search_term_string}"},"query-input":{"@type":"PropertyValueSpecification","valueRequired":true,"valueName":"search_term_string"}}],"inLanguage":"cs"}]}},"_links":{"self":[{"href":"https:\/\/aquacityhotel.sk\/cs\/wp-json\/wp\/v2\/pages\/17875","targetHints":{"allow":["GET"]}}],"collection":[{"href":"https:\/\/aquacityhotel.sk\/cs\/wp-json\/wp\/v2\/pages"}],"about":[{"href":"https:\/\/aquacityhotel.sk\/cs\/wp-json\/wp\/v2\/types\/page"}],"author":[{"embeddable":true,"href":"https:\/\/aquacityhotel.sk\/cs\/wp-json\/wp\/v2\/users\/2"}],"replies":[{"embeddable":true,"href":"https:\/\/aquacityhotel.sk\/cs\/wp-json\/wp\/v2\/comments?post=17875"}],"version-history":[{"count":2,"href":"https:\/\/aquacityhotel.sk\/cs\/wp-json\/wp\/v2\/pages\/17875\/revisions"}],"predecessor-version":[{"id":18055,"href":"https:\/\/aquacityhotel.sk\/cs\/wp-json\/wp\/v2\/pages\/17875\/revisions\/18055"}],"wp:attachment":[{"href":"https:\/\/aquacityhotel.sk\/cs\/wp-json\/wp\/v2\/media?parent=17875"}],"curies":[{"name":"wp","href":"https:\/\/api.w.org\/{rel}","templated":true}]}}