
{"id":17871,"date":"2021-10-10T07:00:33","date_gmt":"2021-10-10T05:00:33","guid":{"rendered":"https:\/\/aquacityhotel.sk\/ekologia\/"},"modified":"2021-10-17T08:02:10","modified_gmt":"2021-10-17T06:02:10","slug":"ekologie","status":"publish","type":"page","link":"https:\/\/aquacityhotel.sk\/cs\/ekologie\/","title":{"rendered":"Nejekologi\u010dt\u011bj\u0161\u00ed st\u0159edisko na sv\u011bt\u011b"},"content":{"rendered":"<p>[vc_row][vc_column][vc_column_text][\/vc_column_text][\/vc_column][\/vc_row][vc_row][vc_column][vc_column_text]AquaCity Poprad je doslova sob\u011bsta\u010dn\u00e9 a vyu\u017e\u00edv\u00e1n\u00edm geoterm\u00e1ln\u00ed vody a slune\u010dn\u00ed energie se denn\u011b zabr\u00e1n\u00ed tomu, aby se kolem 27 tun oxidu uhli\u010dit\u00e9ho uvolnilo do atmosf\u00e9ry. Svou provozem v\u00fdrazn\u011b sni\u017euje n\u00e1klady na energie. Tepeln\u00e1 energie z\u00edsk\u00e1van\u00e1 z rozs\u00e1hl\u00fdch podzemn\u00edch z\u00e1sob geoterm\u00e1ln\u00ed vody se p\u0159ed\u00e1v\u00e1 ve v\u00fdm\u011bn\u00edc\u00edch tepla a tepeln\u00fdch \u010derpadlech a n\u00e1sledn\u011b se ochlazen\u00e1 term\u00e1ln\u00ed voda vrac\u00ed zp\u011bt do p\u0159\u00edrody. P\u0159\u00edrodn\u00ed cyklus se tak m\u016f\u017ee za\u010d\u00edt znovu. Na zasklen\u00e9 fas\u00e1d\u011b baz\u00e9nov\u00e9ho centra Blue Sapphire se slune\u010dn\u00ed paprsky prost\u0159ednictv\u00edm foto\u010dl\u00e1nk\u016f m\u011bn\u00ed na \u010distou elektrickou energii. Vyu\u017e\u00edv\u00e1n\u00edm p\u0159\u00edrodn\u00edch energetick\u00fdch zdroj\u016f m\u00edsto spalov\u00e1n\u00ed nap\u0159\u00edklad uhl\u00ed AquaCity ro\u010dn\u011b u\u0161et\u0159\u00ed miliony eur na provozn\u00edch n\u00e1kladech. \u00daspory se z\u00e1kazn\u00edk\u016fm vracej\u00ed ve form\u011b kvalitn\u00edho vybaven\u00ed st\u0159ediska, kter\u00e9 by bylo ne\u00fam\u011brn\u011b dra\u017e\u0161\u00ed, kdyby se zde spalovalo uhl\u00ed \u010di plyn v pot\u0159ebn\u00e9m objemu. Dlouholet\u00e9 ekologick\u00e9 sm\u011brov\u00e1n\u00ed se roz\u0161\u00ed\u0159ilo o dal\u0161\u00ed aktivity \u0161et\u0159\u00edc\u00ed p\u0159\u00edrodu. Zavedli jsme eliminaci a separaci odpadu, do kter\u00e9 v\u00fdrazn\u00fdm zp\u016fsobem zapojily klient\u016f a zam\u011bstnanc\u016f. V cel\u00e9m st\u0159edisku vyu\u017e\u00edv\u00e1me \u00fasporn\u00e9 \u017e\u00e1rovky a na chodb\u00e1ch, toalet\u00e1ch jsou um\u00edst\u011bny senzory pohybu. Eliminovali jsme chemick\u00e9 \u010distic\u00ed prost\u0159edky a nahradily jejich ekologick\u00fdmi prost\u0159edky a mechanick\u00fdm \u010di\u0161t\u011bn\u00edm. Na toalet\u00e1ch jsou um\u00edst\u011bna splachovac\u00ed tla\u010d\u00edtka dual-flush pro \u00fasporu vody, 100% recyklovan\u00e9 ekologick\u00e9 toaletn\u00ed pap\u00edry a ve sprch\u00e1ch a umyvadlech je nastaven \u0161etrn\u00fd re\u017eim pr\u016ftoku vody. V provozu Aquaparku jsme nahradili jednor\u00e1zov\u00fd plastov\u00e9 n\u00e1dob\u00ed, ekologick\u00fdm bio plastem, kter\u00fd je v p\u0159\u00edrod\u011b rozlo\u017eiteln\u00fd. Preferujeme lok\u00e1ln\u00edch dodavatel\u016f potravin a nab\u00eddku j\u00eddel b\u011bhem sn\u00eddan\u011b a ve\u010de\u0159\u00ed pro hotelov\u00e9 hosty jsme roz\u0161\u00ed\u0159ili o bio potraviny. V cel\u00e9m st\u0159edisku se pou\u017e\u00edv\u00e1 100% -n\u011b recyklovan\u00fd pap\u00edr a preferujeme hlavn\u011b elektronickou komunikace. V tisk\u00e1rn\u00e1ch m\u00e1me ekologick\u00e9 tonery, nastaveny na \u00fasporn\u00fd re\u017eim a sna\u017e\u00edme se eliminovat spot\u0159ebu toner\u016f. Zav\u00e1d\u00edme elektronickou fakturaci a archivaci dokument\u016f. V hotelech AquaCity Poprad se ji\u017e dlouhodob\u011b pou\u017e\u00edv\u00e1 zelen\u00fd program, kde motivujeme hosty pomoci ve snaze chr\u00e1nit \u017eivotn\u00ed prost\u0159ed\u00ed b\u011bhem jejich pobytu. Ru\u010dn\u00edky a lo\u017en\u00ed pr\u00e1dlo vym\u011b\u0148ujeme na po\u017e\u00e1d\u00e1n\u00ed. Nab\u00edz\u00edme ekologickou koupelnovou kosmetiku a kosmetiku, kter\u00e1 nebyla testov\u00e1na na zv\u00ed\u0159atech. St\u0159edisko je vybaveno i nab\u00edjec\u00edmi stanicemi pro elektromobily. Ochrana \u017eivotn\u00edho prost\u0159ed\u00ed pat\u0159\u00ed k nejd\u016fle\u017eit\u011bj\u0161\u00edm \u00fakol\u016fm t\u00e9to generace a dot\u00fdk\u00e1 se cel\u00e9 spole\u010dnosti. V AquaCity Poprad \u0161et\u0159\u00edme energii, pen\u00edze a sv\u00fdm odpov\u011bdn\u00fdm p\u0159\u00edstupem a sm\u011brov\u00e1n\u00edm hlavn\u011b \u017eivotn\u00ed prost\u0159ed\u00ed.[\/vc_column_text][\/vc_column][\/vc_row]<\/p>\n","protected":false},"excerpt":{"rendered":"<p>[vc_row][vc_column][vc_column_text][\/vc_column_text][\/vc_column][\/vc_row][vc_row][vc_column][vc_column_text]AquaCity Poprad je doslova sob\u011bsta\u010dn\u00e9 a vyu\u017e\u00edv\u00e1n\u00edm geoterm\u00e1ln\u00ed vody a slune\u010dn\u00ed energie se denn\u011b zabr\u00e1n\u00ed tomu, aby se kolem 27 tun oxidu uhli\u010dit\u00e9ho uvolnilo do atmosf\u00e9ry. Svou provozem v\u00fdrazn\u011b sni\u017euje n\u00e1klady na energie. Tepeln\u00e1 energie z\u00edsk\u00e1van\u00e1 z rozs\u00e1hl\u00fdch podzemn\u00edch z\u00e1sob [&hellip;]<\/p>\n","protected":false},"author":2,"featured_media":0,"parent":0,"menu_order":0,"comment_status":"closed","ping_status":"closed","template":"","meta":{"inline_featured_image":false,"footnotes":"","_wp_rev_ctl_limit":""},"class_list":["post-17871","page","type-page","status-publish","hentry"],"yoast_head":"<!-- This site is optimized with the Yoast SEO plugin v26.4 - https:\/\/yoast.com\/wordpress\/plugins\/seo\/ -->\n<title>Nejekologi\u010dt\u011bj\u0161\u00ed st\u0159edisko na sv\u011bt\u011b - Aquacity Hotel<\/title>\n<meta name=\"robots\" content=\"index, follow, max-snippet:-1, max-image-preview:large, max-video-preview:-1\" \/>\n<link rel=\"canonical\" href=\"https:\/\/aquacityhotel.sk\/cs\/ekologie\/\" \/>\n<meta property=\"og:locale\" content=\"cs_CZ\" \/>\n<meta property=\"og:type\" content=\"article\" \/>\n<meta property=\"og:title\" content=\"Nejekologi\u010dt\u011bj\u0161\u00ed st\u0159edisko na sv\u011bt\u011b - Aquacity Hotel\" \/>\n<meta property=\"og:description\" content=\"[vc_row][vc_column][vc_column_text][\/vc_column_text][\/vc_column][\/vc_row][vc_row][vc_column][vc_column_text]AquaCity Poprad je doslova sob\u011bsta\u010dn\u00e9 a vyu\u017e\u00edv\u00e1n\u00edm geoterm\u00e1ln\u00ed vody a slune\u010dn\u00ed energie se denn\u011b zabr\u00e1n\u00ed tomu, aby se kolem 27 tun oxidu uhli\u010dit\u00e9ho uvolnilo do atmosf\u00e9ry. Svou provozem v\u00fdrazn\u011b sni\u017euje n\u00e1klady na energie. Tepeln\u00e1 energie z\u00edsk\u00e1van\u00e1 z rozs\u00e1hl\u00fdch podzemn\u00edch z\u00e1sob [&hellip;]\" \/>\n<meta property=\"og:url\" content=\"https:\/\/aquacityhotel.sk\/cs\/ekologie\/\" \/>\n<meta property=\"og:site_name\" content=\"Aquacity Hotel\" \/>\n<meta property=\"article:modified_time\" content=\"2021-10-17T06:02:10+00:00\" \/>\n<meta name=\"twitter:card\" content=\"summary_large_image\" \/>\n<meta name=\"twitter:label1\" content=\"Odhadovan\u00e1 doba \u010dten\u00ed\" \/>\n\t<meta name=\"twitter:data1\" content=\"2 minuty\" \/>\n<script type=\"application\/ld+json\" class=\"yoast-schema-graph\">{\"@context\":\"https:\/\/schema.org\",\"@graph\":[{\"@type\":\"WebPage\",\"@id\":\"https:\/\/aquacityhotel.sk\/cs\/ekologie\/\",\"url\":\"https:\/\/aquacityhotel.sk\/cs\/ekologie\/\",\"name\":\"Nejekologi\u010dt\u011bj\u0161\u00ed st\u0159edisko na sv\u011bt\u011b - Aquacity Hotel\",\"isPartOf\":{\"@id\":\"https:\/\/aquacityhotel.sk\/#website\"},\"datePublished\":\"2021-10-10T05:00:33+00:00\",\"dateModified\":\"2021-10-17T06:02:10+00:00\",\"breadcrumb\":{\"@id\":\"https:\/\/aquacityhotel.sk\/cs\/ekologie\/#breadcrumb\"},\"inLanguage\":\"cs\",\"potentialAction\":[{\"@type\":\"ReadAction\",\"target\":[\"https:\/\/aquacityhotel.sk\/cs\/ekologie\/\"]}]},{\"@type\":\"BreadcrumbList\",\"@id\":\"https:\/\/aquacityhotel.sk\/cs\/ekologie\/#breadcrumb\",\"itemListElement\":[{\"@type\":\"ListItem\",\"position\":1,\"name\":\"Domovsk\u00e1 str\u00e1nka\",\"item\":\"https:\/\/aquacityhotel.sk\/\"},{\"@type\":\"ListItem\",\"position\":2,\"name\":\"Nejekologi\u010dt\u011bj\u0161\u00ed st\u0159edisko na sv\u011bt\u011b\"}]},{\"@type\":\"WebSite\",\"@id\":\"https:\/\/aquacityhotel.sk\/#website\",\"url\":\"https:\/\/aquacityhotel.sk\/\",\"name\":\"Aquacity Hotel\",\"description\":\"Ubytovanie Vysok\u00e9 Tatry Slovensko\",\"potentialAction\":[{\"@type\":\"SearchAction\",\"target\":{\"@type\":\"EntryPoint\",\"urlTemplate\":\"https:\/\/aquacityhotel.sk\/?s={search_term_string}\"},\"query-input\":{\"@type\":\"PropertyValueSpecification\",\"valueRequired\":true,\"valueName\":\"search_term_string\"}}],\"inLanguage\":\"cs\"}]}<\/script>\n<!-- \/ Yoast SEO plugin. -->","yoast_head_json":{"title":"Nejekologi\u010dt\u011bj\u0161\u00ed st\u0159edisko na sv\u011bt\u011b - Aquacity Hotel","robots":{"index":"index","follow":"follow","max-snippet":"max-snippet:-1","max-image-preview":"max-image-preview:large","max-video-preview":"max-video-preview:-1"},"canonical":"https:\/\/aquacityhotel.sk\/cs\/ekologie\/","og_locale":"cs_CZ","og_type":"article","og_title":"Nejekologi\u010dt\u011bj\u0161\u00ed st\u0159edisko na sv\u011bt\u011b - Aquacity Hotel","og_description":"[vc_row][vc_column][vc_column_text][\/vc_column_text][\/vc_column][\/vc_row][vc_row][vc_column][vc_column_text]AquaCity Poprad je doslova sob\u011bsta\u010dn\u00e9 a vyu\u017e\u00edv\u00e1n\u00edm geoterm\u00e1ln\u00ed vody a slune\u010dn\u00ed energie se denn\u011b zabr\u00e1n\u00ed tomu, aby se kolem 27 tun oxidu uhli\u010dit\u00e9ho uvolnilo do atmosf\u00e9ry. Svou provozem v\u00fdrazn\u011b sni\u017euje n\u00e1klady na energie. Tepeln\u00e1 energie z\u00edsk\u00e1van\u00e1 z rozs\u00e1hl\u00fdch podzemn\u00edch z\u00e1sob [&hellip;]","og_url":"https:\/\/aquacityhotel.sk\/cs\/ekologie\/","og_site_name":"Aquacity Hotel","article_modified_time":"2021-10-17T06:02:10+00:00","twitter_card":"summary_large_image","twitter_misc":{"Odhadovan\u00e1 doba \u010dten\u00ed":"2 minuty"},"schema":{"@context":"https:\/\/schema.org","@graph":[{"@type":"WebPage","@id":"https:\/\/aquacityhotel.sk\/cs\/ekologie\/","url":"https:\/\/aquacityhotel.sk\/cs\/ekologie\/","name":"Nejekologi\u010dt\u011bj\u0161\u00ed st\u0159edisko na sv\u011bt\u011b - Aquacity Hotel","isPartOf":{"@id":"https:\/\/aquacityhotel.sk\/#website"},"datePublished":"2021-10-10T05:00:33+00:00","dateModified":"2021-10-17T06:02:10+00:00","breadcrumb":{"@id":"https:\/\/aquacityhotel.sk\/cs\/ekologie\/#breadcrumb"},"inLanguage":"cs","potentialAction":[{"@type":"ReadAction","target":["https:\/\/aquacityhotel.sk\/cs\/ekologie\/"]}]},{"@type":"BreadcrumbList","@id":"https:\/\/aquacityhotel.sk\/cs\/ekologie\/#breadcrumb","itemListElement":[{"@type":"ListItem","position":1,"name":"Domovsk\u00e1 str\u00e1nka","item":"https:\/\/aquacityhotel.sk\/"},{"@type":"ListItem","position":2,"name":"Nejekologi\u010dt\u011bj\u0161\u00ed st\u0159edisko na sv\u011bt\u011b"}]},{"@type":"WebSite","@id":"https:\/\/aquacityhotel.sk\/#website","url":"https:\/\/aquacityhotel.sk\/","name":"Aquacity Hotel","description":"Ubytovanie Vysok\u00e9 Tatry Slovensko","potentialAction":[{"@type":"SearchAction","target":{"@type":"EntryPoint","urlTemplate":"https:\/\/aquacityhotel.sk\/?s={search_term_string}"},"query-input":{"@type":"PropertyValueSpecification","valueRequired":true,"valueName":"search_term_string"}}],"inLanguage":"cs"}]}},"_links":{"self":[{"href":"https:\/\/aquacityhotel.sk\/cs\/wp-json\/wp\/v2\/pages\/17871","targetHints":{"allow":["GET"]}}],"collection":[{"href":"https:\/\/aquacityhotel.sk\/cs\/wp-json\/wp\/v2\/pages"}],"about":[{"href":"https:\/\/aquacityhotel.sk\/cs\/wp-json\/wp\/v2\/types\/page"}],"author":[{"embeddable":true,"href":"https:\/\/aquacityhotel.sk\/cs\/wp-json\/wp\/v2\/users\/2"}],"replies":[{"embeddable":true,"href":"https:\/\/aquacityhotel.sk\/cs\/wp-json\/wp\/v2\/comments?post=17871"}],"version-history":[{"count":2,"href":"https:\/\/aquacityhotel.sk\/cs\/wp-json\/wp\/v2\/pages\/17871\/revisions"}],"predecessor-version":[{"id":17873,"href":"https:\/\/aquacityhotel.sk\/cs\/wp-json\/wp\/v2\/pages\/17871\/revisions\/17873"}],"wp:attachment":[{"href":"https:\/\/aquacityhotel.sk\/cs\/wp-json\/wp\/v2\/media?parent=17871"}],"curies":[{"name":"wp","href":"https:\/\/api.w.org\/{rel}","templated":true}]}}