
{"id":17741,"date":"2021-10-12T22:34:55","date_gmt":"2021-10-12T20:34:55","guid":{"rendered":"https:\/\/aquacityhotel.sk\/restauracia-riverside\/"},"modified":"2021-10-16T14:11:45","modified_gmt":"2021-10-16T12:11:45","slug":"restaurace-riverside","status":"publish","type":"page","link":"https:\/\/aquacityhotel.sk\/cs\/restaurace-riverside\/","title":{"rendered":"Restaurace Riverside"},"content":{"rendered":"<p>[vc_row css=&#8221;.vc_custom_1514288437790{padding-top: 50px !important;padding-bottom: 50px !important;}&#8221;][vc_column][vc_empty_space]<div class=\"mkdf-section-title-holder  mkdf-st-standard mkdf-st-ha-center mkdf-st-title-left mkdf-st-normal-space \" style=\"text-align: center\">\n\t<div class=\"mkdf-st-inner\">\n\t\t\t\t\t<h6 class=\"mkdf-st-subtitle\" style=\"margin-bottom:0px\">\n\t\t\t\tHotelov\u00e1 restaurace\t\t\t<\/h6>\n\t\t\t\t\t\t\t<h1 class=\"mkdf-st-title\" >\n\t\t\t\tRestaurace Riverside\t\t\t\t\t\t\t<\/h1>\n\t\t\t\t\t\t\t<div class=\"mkdf-st-separator\" style=\"background-color: #c59d5f\"><\/div>\n\t\t\t\t\t<\/div>\n<\/div>[\/vc_column][\/vc_row][vc_row equal_height=&#8221;yes&#8221; css=&#8221;.vc_custom_1493379978370{background-color: #fbf9f9 !important;}&#8221;][vc_column css=&#8221;.vc_custom_1634070989669{padding-top: 28% !important;padding-bottom: 28% !important;background-image: url(https:\/\/aquacityhotel.sk\/wp-content\/uploads\/2021\/10\/AquaCity_web_1000x650_0016.jpg?id=17392) !important;background-position: center !important;background-repeat: no-repeat !important;background-size: cover !important;}&#8221; offset=&#8221;vc_col-lg-offset-0 vc_col-lg-6 vc_col-md-12 vc_col-sm-offset-0&#8243;][\/vc_column][vc_column offset=&#8221;vc_col-lg-offset-0 vc_col-lg-6 vc_col-md-12 vc_col-sm-offset-0&#8243;]<div class=\"mkdf-elements-holder   mkdf-one-column  mkdf-responsive-mode-768 \" ><div class=\"mkdf-eh-item    \"  data-item-class=\"mkdf-eh-custom-3923\" data-1024-1280=\"13% 13% 20% 13%\" data-768-1024=\"5% 15% 0% 12%\" data-680-768=\"5% 16% 0% 9%\" data-680=\"5% 5% 0% 6%\">\n\t<div class=\"mkdf-eh-item-inner\">\n\t\t<div class=\"mkdf-eh-item-content mkdf-eh-custom-3923\" style=\"padding: 15% 17% 19% 18%\">\n\t\t\t<div class=\"mkdf-section-title-holder  mkdf-st-elegant  mkdf-st-title-left mkdf-st-normal-space \" >\n\t<div class=\"mkdf-st-inner\">\n\t\t\t\t\t<h6 class=\"mkdf-st-subtitle\" style=\"margin-bottom:2px\">\n\t\t\t\tRestaurace v hoteli Riverside\t\t\t<\/h6>\n\t\t\t\t\t\t\t<h2 class=\"mkdf-st-title\" >\n\t\t\t\tRestaurace Riverside\t\t\t\t\t\t\t\t\t<span class=\"mkdf-st-e-separator\" ><\/span>\n\t\t\t\t\t\t\t<\/h2>\n\t\t\t\t\t\t\t\t\t<span class=\"mkdf-st-text\" style=\"line-height:30px;margin-top:15px\">\n\t\t\t\tReprezentativn\u00ed a komfortn\u00ed restaurace v Hotelu Riverside je ur\u010dena k pod\u00e1v\u00e1n\u00ed sn\u00eddan\u00ed a ve\u010de\u0159\u00ed pro hosty hotelu Riverside. Modern\u00ed prostor je vhodn\u00fd i na pron\u00e1jem a uspo\u0159\u00e1d\u00e1n\u00ed men\u0161\u00edch rodinn\u00fdch oslav.\t\t\t<\/span>\n\t\t\t<\/div>\n<\/div>[vc_empty_space]\t\t<\/div>\n\t<\/div>\n<\/div><\/div>[\/vc_column][\/vc_row][vc_row equal_height=&#8221;yes&#8221; content_placement=&#8221;top&#8221; enable_arrows_animation=&#8221;no&#8221; css=&#8221;.vc_custom_1493370672472{padding-top: 0px !important;padding-right: 0px !important;padding-bottom: 0px !important;padding-left: 0px !important;background-color: #f9f9f9 !important;}&#8221;][vc_column css=&#8221;.vc_custom_1493370704793{padding-top: 0px !important;padding-bottom: 0px !important;background-color: #f9f9f9 !important;}&#8221; offset=&#8221;vc_col-lg-3 vc_col-md-12&#8243;]<div class=\"mkdf-elements-holder   mkdf-one-column  mkdf-responsive-mode-768 \" ><div class=\"mkdf-eh-item    \"  data-item-class=\"mkdf-eh-custom-2505\" data-1280-1600=\"35px 16px 0 50px\" data-1024-1280=\"28px 14px 0 51px\" data-768-1024=\"30px 89px 42px 134px\" data-680-768=\"20px 90px 40px 87px\" data-680=\"15px 45px 25px 61px\">\n\t<div class=\"mkdf-eh-item-inner\">\n\t\t<div class=\"mkdf-eh-item-content mkdf-eh-custom-2505\" style=\"padding: 122px 70px 0 88px\">\n\t\t\t[vc_column_text]<\/p>\n<h3 style=\"font-size: 24px; font-weight: 600;\">Fotogalerie<\/h3>\n<p>[\/vc_column_text]<div class=\"mkdf-separator-holder clearfix  mkdf-separator-left \">\n\t<div class=\"mkdf-separator\" style=\"border-color: #333132;width: 60px;border-bottom-width: 1px;margin-top: 10px\"><\/div>\n<\/div>\n[vc_column_text]<\/p>\n<p style=\"margin-top: 0px;\">Restaurace v hotelu Riverside<\/p>\n<p>[\/vc_column_text][vc_empty_space height=&#8221;8px&#8221;]<a itemprop=\"url\" href=\"https:\/\/aquacityhotel.sk\/cs\/galerie\/\" target=\"_blank\"  class=\"mkdf-btn mkdf-btn-medium mkdf-btn-simple\"  >\n    <span class=\"mkdf-btn-text\">V\u00edce informac\u00ed<\/span>\n    <\/a>\t\t<\/div>\n\t<\/div>\n<\/div><\/div>[\/vc_column][vc_column css=&#8221;.vc_custom_1493370933032{padding-top: 0px !important;padding-right: 0px !important;padding-bottom: 0px !important;padding-left: 12px !important;}&#8221; offset=&#8221;vc_col-lg-9 vc_col-md-12&#8243;]<div class=\"mkdf-image-gallery  mkdf-ig-carousel-type  mkdf-image-behavior-lightbox \">\n\t<div class=\"mkdf-ig-slider mkdf-owl-slider\" data-number-of-items=\"3\" data-enable-loop=\"yes\" data-enable-autoplay=\"yes\" data-slider-speed=\"5000\" data-slider-speed-animation=\"600\" data-slider-padding=\"no\" data-enable-navigation=\"no\" data-enable-pagination=\"no\">\n\t\t\t\t\t<div class=\"mkdf-ig-image\">\n\t\t\t\t\t\t\t\t\t<a itemprop=\"image\" class=\"mkdf-ig-lightbox mkdf-block-drag-link\" href=\"https:\/\/aquacityhotel.sk\/wp-content\/uploads\/2021\/10\/AquaCity_web_1000x650_0011.jpg\" data-rel=\"prettyPhoto[image_gallery_pretty_photo-641]\" title=\"AquaCity_web_1000x650_0011\">\n\t\t\t\t\t\t\t\t\t<img loading=\"lazy\" decoding=\"async\" width=\"1000\" height=\"650\" src=\"https:\/\/aquacityhotel.sk\/wp-content\/uploads\/2021\/10\/AquaCity_web_1000x650_0011.jpg\" class=\"attachment-full size-full\" alt=\"\" srcset=\"https:\/\/aquacityhotel.sk\/wp-content\/uploads\/2021\/10\/AquaCity_web_1000x650_0011.jpg 1000w, https:\/\/aquacityhotel.sk\/wp-content\/uploads\/2021\/10\/AquaCity_web_1000x650_0011-300x195.jpg 300w, https:\/\/aquacityhotel.sk\/wp-content\/uploads\/2021\/10\/AquaCity_web_1000x650_0011-768x499.jpg 768w, https:\/\/aquacityhotel.sk\/wp-content\/uploads\/2021\/10\/AquaCity_web_1000x650_0011-600x390.jpg 600w\" sizes=\"auto, (max-width: 1000px) 100vw, 1000px\" \/>\t\t\t\t\t\t\t\t\t<\/a>\n\t\t\t\t\t\t\t<\/div>\n\t\t\t\t\t<div class=\"mkdf-ig-image\">\n\t\t\t\t\t\t\t\t\t<a itemprop=\"image\" class=\"mkdf-ig-lightbox mkdf-block-drag-link\" href=\"https:\/\/aquacityhotel.sk\/wp-content\/uploads\/2021\/10\/AquaCity_web_1000x650_0016-1.jpg\" data-rel=\"prettyPhoto[image_gallery_pretty_photo-641]\" title=\"AquaCity_web_1000x650_0016\">\n\t\t\t\t\t\t\t\t\t<img loading=\"lazy\" decoding=\"async\" width=\"1000\" height=\"650\" src=\"https:\/\/aquacityhotel.sk\/wp-content\/uploads\/2021\/10\/AquaCity_web_1000x650_0016-1.jpg\" class=\"attachment-full size-full\" alt=\"\" srcset=\"https:\/\/aquacityhotel.sk\/wp-content\/uploads\/2021\/10\/AquaCity_web_1000x650_0016-1.jpg 1000w, https:\/\/aquacityhotel.sk\/wp-content\/uploads\/2021\/10\/AquaCity_web_1000x650_0016-1-300x195.jpg 300w, https:\/\/aquacityhotel.sk\/wp-content\/uploads\/2021\/10\/AquaCity_web_1000x650_0016-1-768x499.jpg 768w, https:\/\/aquacityhotel.sk\/wp-content\/uploads\/2021\/10\/AquaCity_web_1000x650_0016-1-600x390.jpg 600w\" sizes=\"auto, (max-width: 1000px) 100vw, 1000px\" \/>\t\t\t\t\t\t\t\t\t<\/a>\n\t\t\t\t\t\t\t<\/div>\n\t\t\t\t\t<div class=\"mkdf-ig-image\">\n\t\t\t\t\t\t\t\t\t<a itemprop=\"image\" class=\"mkdf-ig-lightbox mkdf-block-drag-link\" href=\"https:\/\/aquacityhotel.sk\/wp-content\/uploads\/2021\/10\/AquaCity_web_1000x650_0019.jpg\" data-rel=\"prettyPhoto[image_gallery_pretty_photo-641]\" title=\"AquaCity_web_1000x650_0019\">\n\t\t\t\t\t\t\t\t\t<img loading=\"lazy\" decoding=\"async\" width=\"1000\" height=\"650\" src=\"https:\/\/aquacityhotel.sk\/wp-content\/uploads\/2021\/10\/AquaCity_web_1000x650_0019.jpg\" class=\"attachment-full size-full\" alt=\"\" srcset=\"https:\/\/aquacityhotel.sk\/wp-content\/uploads\/2021\/10\/AquaCity_web_1000x650_0019.jpg 1000w, https:\/\/aquacityhotel.sk\/wp-content\/uploads\/2021\/10\/AquaCity_web_1000x650_0019-300x195.jpg 300w, https:\/\/aquacityhotel.sk\/wp-content\/uploads\/2021\/10\/AquaCity_web_1000x650_0019-768x499.jpg 768w, https:\/\/aquacityhotel.sk\/wp-content\/uploads\/2021\/10\/AquaCity_web_1000x650_0019-600x390.jpg 600w\" sizes=\"auto, (max-width: 1000px) 100vw, 1000px\" \/>\t\t\t\t\t\t\t\t\t<\/a>\n\t\t\t\t\t\t\t<\/div>\n\t\t\t\t\t<div class=\"mkdf-ig-image\">\n\t\t\t\t\t\t\t\t\t<a itemprop=\"image\" class=\"mkdf-ig-lightbox mkdf-block-drag-link\" href=\"https:\/\/aquacityhotel.sk\/wp-content\/uploads\/2021\/10\/AquaCity_web_1000x650_0025.jpg\" data-rel=\"prettyPhoto[image_gallery_pretty_photo-641]\" title=\"AquaCity_web_1000x650_0025\">\n\t\t\t\t\t\t\t\t\t<img loading=\"lazy\" decoding=\"async\" width=\"1000\" height=\"650\" src=\"https:\/\/aquacityhotel.sk\/wp-content\/uploads\/2021\/10\/AquaCity_web_1000x650_0025.jpg\" class=\"attachment-full size-full\" alt=\"\" srcset=\"https:\/\/aquacityhotel.sk\/wp-content\/uploads\/2021\/10\/AquaCity_web_1000x650_0025.jpg 1000w, https:\/\/aquacityhotel.sk\/wp-content\/uploads\/2021\/10\/AquaCity_web_1000x650_0025-300x195.jpg 300w, https:\/\/aquacityhotel.sk\/wp-content\/uploads\/2021\/10\/AquaCity_web_1000x650_0025-768x499.jpg 768w, https:\/\/aquacityhotel.sk\/wp-content\/uploads\/2021\/10\/AquaCity_web_1000x650_0025-600x390.jpg 600w\" sizes=\"auto, (max-width: 1000px) 100vw, 1000px\" \/>\t\t\t\t\t\t\t\t\t<\/a>\n\t\t\t\t\t\t\t<\/div>\n\t\t\t<\/div>\n<\/div>[\/vc_column][\/vc_row][vc_row][vc_column][vc_widget_sidebar sidebar_id=&#8221;content-bottom&#8221;][\/vc_column][\/vc_row]<\/p>\n","protected":false},"excerpt":{"rendered":"<p>[vc_row css=&#8221;.vc_custom_1514288437790{padding-top: 50px !important;padding-bottom: 50px !important;}&#8221;][vc_column][vc_empty_space][\/vc_column][\/vc_row][vc_row equal_height=&#8221;yes&#8221; css=&#8221;.vc_custom_1493379978370{background-color: #fbf9f9 !important;}&#8221;][vc_column css=&#8221;.vc_custom_1634070989669{padding-top: 28% !important;padding-bottom: 28% !important;background-image: url(https:\/\/aquacityhotel.sk\/wp-content\/uploads\/2021\/10\/AquaCity_web_1000x650_0016.jpg?id=17392) !important;background-position: center !important;background-repeat: no-repeat !important;background-size: cover !important;}&#8221; offset=&#8221;vc_col-lg-offset-0 vc_col-lg-6 vc_col-md-12 vc_col-sm-offset-0&#8243;][\/vc_column][vc_column offset=&#8221;vc_col-lg-offset-0 vc_col-lg-6 vc_col-md-12 vc_col-sm-offset-0&#8243;][\/vc_column][\/vc_row][vc_row equal_height=&#8221;yes&#8221; content_placement=&#8221;top&#8221; enable_arrows_animation=&#8221;no&#8221; css=&#8221;.vc_custom_1493370672472{padding-top: 0px !important;padding-right: 0px !important;padding-bottom: 0px [&hellip;]<\/p>\n","protected":false},"author":2,"featured_media":0,"parent":0,"menu_order":0,"comment_status":"closed","ping_status":"closed","template":"full-width.php","meta":{"inline_featured_image":false,"footnotes":"","_wp_rev_ctl_limit":""},"class_list":["post-17741","page","type-page","status-publish","hentry"],"yoast_head":"<!-- This site is optimized with the Yoast SEO plugin v26.4 - https:\/\/yoast.com\/wordpress\/plugins\/seo\/ -->\n<title>Restaurace Riverside - Aquacity Hotel<\/title>\n<meta name=\"robots\" content=\"index, follow, max-snippet:-1, max-image-preview:large, max-video-preview:-1\" \/>\n<link rel=\"canonical\" href=\"https:\/\/aquacityhotel.sk\/cs\/restaurace-riverside\/\" \/>\n<meta property=\"og:locale\" content=\"cs_CZ\" \/>\n<meta property=\"og:type\" content=\"article\" \/>\n<meta property=\"og:title\" content=\"Restaurace Riverside - Aquacity Hotel\" \/>\n<meta property=\"og:description\" content=\"[vc_row css=&#8221;.vc_custom_1514288437790{padding-top: 50px !important;padding-bottom: 50px !important;}&#8221;][vc_column][vc_empty_space][\/vc_column][\/vc_row][vc_row equal_height=&#8221;yes&#8221; css=&#8221;.vc_custom_1493379978370{background-color: #fbf9f9 !important;}&#8221;][vc_column css=&#8221;.vc_custom_1634070989669{padding-top: 28% !important;padding-bottom: 28% !important;background-image: url(https:\/\/aquacityhotel.sk\/wp-content\/uploads\/2021\/10\/AquaCity_web_1000x650_0016.jpg?id=17392) !important;background-position: center !important;background-repeat: no-repeat !important;background-size: cover !important;}&#8221; offset=&#8221;vc_col-lg-offset-0 vc_col-lg-6 vc_col-md-12 vc_col-sm-offset-0&#8243;][\/vc_column][vc_column offset=&#8221;vc_col-lg-offset-0 vc_col-lg-6 vc_col-md-12 vc_col-sm-offset-0&#8243;][\/vc_column][\/vc_row][vc_row equal_height=&#8221;yes&#8221; content_placement=&#8221;top&#8221; enable_arrows_animation=&#8221;no&#8221; css=&#8221;.vc_custom_1493370672472{padding-top: 0px !important;padding-right: 0px !important;padding-bottom: 0px [&hellip;]\" \/>\n<meta property=\"og:url\" content=\"https:\/\/aquacityhotel.sk\/cs\/restaurace-riverside\/\" \/>\n<meta property=\"og:site_name\" content=\"Aquacity Hotel\" \/>\n<meta property=\"article:modified_time\" content=\"2021-10-16T12:11:45+00:00\" \/>\n<meta name=\"twitter:card\" content=\"summary_large_image\" \/>\n<meta name=\"twitter:label1\" content=\"Odhadovan\u00e1 doba \u010dten\u00ed\" \/>\n\t<meta name=\"twitter:data1\" content=\"2 minuty\" \/>\n<script type=\"application\/ld+json\" class=\"yoast-schema-graph\">{\"@context\":\"https:\/\/schema.org\",\"@graph\":[{\"@type\":\"WebPage\",\"@id\":\"https:\/\/aquacityhotel.sk\/cs\/restaurace-riverside\/\",\"url\":\"https:\/\/aquacityhotel.sk\/cs\/restaurace-riverside\/\",\"name\":\"Restaurace Riverside - Aquacity Hotel\",\"isPartOf\":{\"@id\":\"https:\/\/aquacityhotel.sk\/#website\"},\"datePublished\":\"2021-10-12T20:34:55+00:00\",\"dateModified\":\"2021-10-16T12:11:45+00:00\",\"breadcrumb\":{\"@id\":\"https:\/\/aquacityhotel.sk\/cs\/restaurace-riverside\/#breadcrumb\"},\"inLanguage\":\"cs\",\"potentialAction\":[{\"@type\":\"ReadAction\",\"target\":[\"https:\/\/aquacityhotel.sk\/cs\/restaurace-riverside\/\"]}]},{\"@type\":\"BreadcrumbList\",\"@id\":\"https:\/\/aquacityhotel.sk\/cs\/restaurace-riverside\/#breadcrumb\",\"itemListElement\":[{\"@type\":\"ListItem\",\"position\":1,\"name\":\"Domovsk\u00e1 str\u00e1nka\",\"item\":\"https:\/\/aquacityhotel.sk\/\"},{\"@type\":\"ListItem\",\"position\":2,\"name\":\"Restaurace Riverside\"}]},{\"@type\":\"WebSite\",\"@id\":\"https:\/\/aquacityhotel.sk\/#website\",\"url\":\"https:\/\/aquacityhotel.sk\/\",\"name\":\"Aquacity Hotel\",\"description\":\"Ubytovanie Vysok\u00e9 Tatry Slovensko\",\"potentialAction\":[{\"@type\":\"SearchAction\",\"target\":{\"@type\":\"EntryPoint\",\"urlTemplate\":\"https:\/\/aquacityhotel.sk\/?s={search_term_string}\"},\"query-input\":{\"@type\":\"PropertyValueSpecification\",\"valueRequired\":true,\"valueName\":\"search_term_string\"}}],\"inLanguage\":\"cs\"}]}<\/script>\n<!-- \/ Yoast SEO plugin. -->","yoast_head_json":{"title":"Restaurace Riverside - Aquacity Hotel","robots":{"index":"index","follow":"follow","max-snippet":"max-snippet:-1","max-image-preview":"max-image-preview:large","max-video-preview":"max-video-preview:-1"},"canonical":"https:\/\/aquacityhotel.sk\/cs\/restaurace-riverside\/","og_locale":"cs_CZ","og_type":"article","og_title":"Restaurace Riverside - Aquacity Hotel","og_description":"[vc_row css=&#8221;.vc_custom_1514288437790{padding-top: 50px !important;padding-bottom: 50px !important;}&#8221;][vc_column][vc_empty_space][\/vc_column][\/vc_row][vc_row equal_height=&#8221;yes&#8221; css=&#8221;.vc_custom_1493379978370{background-color: #fbf9f9 !important;}&#8221;][vc_column css=&#8221;.vc_custom_1634070989669{padding-top: 28% !important;padding-bottom: 28% !important;background-image: url(https:\/\/aquacityhotel.sk\/wp-content\/uploads\/2021\/10\/AquaCity_web_1000x650_0016.jpg?id=17392) !important;background-position: center !important;background-repeat: no-repeat !important;background-size: cover !important;}&#8221; offset=&#8221;vc_col-lg-offset-0 vc_col-lg-6 vc_col-md-12 vc_col-sm-offset-0&#8243;][\/vc_column][vc_column offset=&#8221;vc_col-lg-offset-0 vc_col-lg-6 vc_col-md-12 vc_col-sm-offset-0&#8243;][\/vc_column][\/vc_row][vc_row equal_height=&#8221;yes&#8221; content_placement=&#8221;top&#8221; enable_arrows_animation=&#8221;no&#8221; css=&#8221;.vc_custom_1493370672472{padding-top: 0px !important;padding-right: 0px !important;padding-bottom: 0px [&hellip;]","og_url":"https:\/\/aquacityhotel.sk\/cs\/restaurace-riverside\/","og_site_name":"Aquacity Hotel","article_modified_time":"2021-10-16T12:11:45+00:00","twitter_card":"summary_large_image","twitter_misc":{"Odhadovan\u00e1 doba \u010dten\u00ed":"2 minuty"},"schema":{"@context":"https:\/\/schema.org","@graph":[{"@type":"WebPage","@id":"https:\/\/aquacityhotel.sk\/cs\/restaurace-riverside\/","url":"https:\/\/aquacityhotel.sk\/cs\/restaurace-riverside\/","name":"Restaurace Riverside - Aquacity Hotel","isPartOf":{"@id":"https:\/\/aquacityhotel.sk\/#website"},"datePublished":"2021-10-12T20:34:55+00:00","dateModified":"2021-10-16T12:11:45+00:00","breadcrumb":{"@id":"https:\/\/aquacityhotel.sk\/cs\/restaurace-riverside\/#breadcrumb"},"inLanguage":"cs","potentialAction":[{"@type":"ReadAction","target":["https:\/\/aquacityhotel.sk\/cs\/restaurace-riverside\/"]}]},{"@type":"BreadcrumbList","@id":"https:\/\/aquacityhotel.sk\/cs\/restaurace-riverside\/#breadcrumb","itemListElement":[{"@type":"ListItem","position":1,"name":"Domovsk\u00e1 str\u00e1nka","item":"https:\/\/aquacityhotel.sk\/"},{"@type":"ListItem","position":2,"name":"Restaurace Riverside"}]},{"@type":"WebSite","@id":"https:\/\/aquacityhotel.sk\/#website","url":"https:\/\/aquacityhotel.sk\/","name":"Aquacity Hotel","description":"Ubytovanie Vysok\u00e9 Tatry Slovensko","potentialAction":[{"@type":"SearchAction","target":{"@type":"EntryPoint","urlTemplate":"https:\/\/aquacityhotel.sk\/?s={search_term_string}"},"query-input":{"@type":"PropertyValueSpecification","valueRequired":true,"valueName":"search_term_string"}}],"inLanguage":"cs"}]}},"_links":{"self":[{"href":"https:\/\/aquacityhotel.sk\/cs\/wp-json\/wp\/v2\/pages\/17741","targetHints":{"allow":["GET"]}}],"collection":[{"href":"https:\/\/aquacityhotel.sk\/cs\/wp-json\/wp\/v2\/pages"}],"about":[{"href":"https:\/\/aquacityhotel.sk\/cs\/wp-json\/wp\/v2\/types\/page"}],"author":[{"embeddable":true,"href":"https:\/\/aquacityhotel.sk\/cs\/wp-json\/wp\/v2\/users\/2"}],"replies":[{"embeddable":true,"href":"https:\/\/aquacityhotel.sk\/cs\/wp-json\/wp\/v2\/comments?post=17741"}],"version-history":[{"count":3,"href":"https:\/\/aquacityhotel.sk\/cs\/wp-json\/wp\/v2\/pages\/17741\/revisions"}],"predecessor-version":[{"id":17744,"href":"https:\/\/aquacityhotel.sk\/cs\/wp-json\/wp\/v2\/pages\/17741\/revisions\/17744"}],"wp:attachment":[{"href":"https:\/\/aquacityhotel.sk\/cs\/wp-json\/wp\/v2\/media?parent=17741"}],"curies":[{"name":"wp","href":"https:\/\/api.w.org\/{rel}","templated":true}]}}