
{"id":17696,"date":"2021-03-26T10:09:17","date_gmt":"2021-03-26T09:09:17","guid":{"rendered":"https:\/\/aquacityhotel.sk\/mapa-hotela\/"},"modified":"2021-10-15T14:28:53","modified_gmt":"2021-10-15T12:28:53","slug":"mapa-hotelu","status":"publish","type":"page","link":"https:\/\/aquacityhotel.sk\/cs\/mapa-hotelu\/","title":{"rendered":"Mapa hotelu"},"content":{"rendered":"<p>[vc_row full_width=&#8221;stretch_row&#8221; full_height=&#8221;yes&#8221; css=&#8221;.vc_custom_1617178315046{margin-top: 30px !important;margin-bottom: 30px !important;}&#8221;][vc_column][vc_column_text]<div class=\"leaflet-map WPLeafletMap\" style=\"height:700px; width:100%;\"><\/div><script>\nwindow.WPLeafletMapPlugin = window.WPLeafletMapPlugin || [];\nwindow.WPLeafletMapPlugin.push(function WPLeafletImageShortcode() {\/*<script>*\/\nvar options = L.Util.extend({}, {\n        attributionControl: false\n    }, {\"zoomControl\":true,\"scrollWheelZoom\":false,\"doubleClickZoom\":true,\"fitBounds\":false,\"minZoom\":9,\"maxZoom\":11,\"maxBounds\":null,\"attribution\":\"\"}, {\n        crs: L.CRS.Simple\n    });\nvar image_src = 'https:\/\/aquacityhotel.sk\/wp-content\/uploads\/2021\/09\/mapa_1920.jpg';\nvar img = new Image();\nvar zoom = 10;\nvar map = window.WPLeafletMapPlugin.createImageMap(options).setView([0, 0], zoom);\nimg.onload = function() {\n    var h = img.height,\n        w = img.width,\n        projected_zoom = zoom + 1,\n        southWest = map.unproject([-w, h], projected_zoom),\n        northEast = map.unproject([w, -h], projected_zoom),\n        bounds = new L.LatLngBounds(southWest, northEast);\n    L.imageOverlay( image_src, bounds ).addTo( map );\n    map.setMaxBounds(bounds);\n};\nimg.src = image_src;});<\/script>[fullscreen ][\/vc_column_text][vc_raw_js]JTNDc2NyaXB0JTNFJTBBd2luZG93Lm9ubG9hZCUyMCUzRCUyMGZ1bmN0aW9uJTI4JTI5JTdCJTBBJTIwJTIwc2V0VGltZW91dCUyOGZ1bmN0aW9uJTI4JTI5JTdCJTIwJTBBJTIwJTIwJTIwJTIwZG9jdW1lbnQuZ2V0RWxlbWVudHNCeUNsYXNzTmFtZSUyOCUyMmxlYWZsZXQtY29udHJvbC16b29tLW91dCUyMiUyOSU1QjAlNUQuY2xpY2slMjglMjklM0IlMjAlMEElMjAlMjAlN0QlMkMlMjAxMDAlMjklM0IlMEElN0QlMEElM0MlMkZzY3JpcHQlM0U=[\/vc_raw_js]<a itemprop=\"url\" href=\"https:\/\/aquacityhotel.sk\/wp-content\/uploads\/2021\/09\/mapa_1920.jpg\" target=\"_blank\" style=\"color: #ffffff;background-color: #c59d5f;border-color: #c59d5f\" class=\"mkdf-btn mkdf-btn-medium mkdf-btn-solid mkdf-btn-custom-hover-bg mkdf-btn-custom-border-hover mkdf-btn-custom-hover-color mkdf-btn-icon\" data-hover-color=\"#ffffff\" data-hover-bg-color=\"#333132\" data-hover-border-color=\"#333132\" >\n    <span class=\"mkdf-btn-text\">St\u00e1hnout mapu v PDF<\/span>\n    <i class=\"mkdf-icon-linear-icon lnr lnr-download \" ><\/i><\/a>[vc_empty_space height=&#8221;50px&#8221;][\/vc_column][\/vc_row]<\/p>\n","protected":false},"excerpt":{"rendered":"<p>[vc_row full_width=&#8221;stretch_row&#8221; full_height=&#8221;yes&#8221; css=&#8221;.vc_custom_1617178315046{margin-top: 30px !important;margin-bottom: 30px !important;}&#8221;][vc_column][vc_column_text][\/vc_column_text][vc_raw_js]JTNDc2NyaXB0JTNFJTBBd2luZG93Lm9ubG9hZCUyMCUzRCUyMGZ1bmN0aW9uJTI4JTI5JTdCJTBBJTIwJTIwc2V0VGltZW91dCUyOGZ1bmN0aW9uJTI4JTI5JTdCJTIwJTBBJTIwJTIwJTIwJTIwZG9jdW1lbnQuZ2V0RWxlbWVudHNCeUNsYXNzTmFtZSUyOCUyMmxlYWZsZXQtY29udHJvbC16b29tLW91dCUyMiUyOSU1QjAlNUQuY2xpY2slMjglMjklM0IlMjAlMEElMjAlMjAlN0QlMkMlMjAxMDAlMjklM0IlMEElN0QlMEElM0MlMkZzY3JpcHQlM0U=[\/vc_raw_js][vc_empty_space height=&#8221;50px&#8221;][\/vc_column][\/vc_row]<\/p>\n","protected":false},"author":7,"featured_media":0,"parent":0,"menu_order":0,"comment_status":"closed","ping_status":"closed","template":"","meta":{"inline_featured_image":false,"footnotes":"","_wp_rev_ctl_limit":""},"class_list":["post-17696","page","type-page","status-publish","hentry"],"yoast_head":"<!-- This site is optimized with the Yoast SEO plugin v26.4 - https:\/\/yoast.com\/wordpress\/plugins\/seo\/ -->\n<title>Mapa hotelu - Aquacity Hotel<\/title>\n<meta name=\"robots\" content=\"index, follow, max-snippet:-1, max-image-preview:large, max-video-preview:-1\" \/>\n<link rel=\"canonical\" href=\"https:\/\/aquacityhotel.sk\/cs\/mapa-hotelu\/\" \/>\n<meta property=\"og:locale\" content=\"cs_CZ\" \/>\n<meta property=\"og:type\" content=\"article\" \/>\n<meta property=\"og:title\" content=\"Mapa hotelu - Aquacity Hotel\" \/>\n<meta property=\"og:description\" content=\"[vc_row full_width=&#8221;stretch_row&#8221; full_height=&#8221;yes&#8221; css=&#8221;.vc_custom_1617178315046{margin-top: 30px !important;margin-bottom: 30px !important;}&#8221;][vc_column][vc_column_text][\/vc_column_text][vc_raw_js]JTNDc2NyaXB0JTNFJTBBd2luZG93Lm9ubG9hZCUyMCUzRCUyMGZ1bmN0aW9uJTI4JTI5JTdCJTBBJTIwJTIwc2V0VGltZW91dCUyOGZ1bmN0aW9uJTI4JTI5JTdCJTIwJTBBJTIwJTIwJTIwJTIwZG9jdW1lbnQuZ2V0RWxlbWVudHNCeUNsYXNzTmFtZSUyOCUyMmxlYWZsZXQtY29udHJvbC16b29tLW91dCUyMiUyOSU1QjAlNUQuY2xpY2slMjglMjklM0IlMjAlMEElMjAlMjAlN0QlMkMlMjAxMDAlMjklM0IlMEElN0QlMEElM0MlMkZzY3JpcHQlM0U=[\/vc_raw_js][vc_empty_space height=&#8221;50px&#8221;][\/vc_column][\/vc_row]\" \/>\n<meta property=\"og:url\" content=\"https:\/\/aquacityhotel.sk\/cs\/mapa-hotelu\/\" \/>\n<meta property=\"og:site_name\" content=\"Aquacity Hotel\" \/>\n<meta property=\"article:modified_time\" content=\"2021-10-15T12:28:53+00:00\" \/>\n<meta name=\"twitter:card\" content=\"summary_large_image\" \/>\n<meta name=\"twitter:label1\" content=\"Odhadovan\u00e1 doba \u010dten\u00ed\" \/>\n\t<meta name=\"twitter:data1\" content=\"1 minuta\" \/>\n<script type=\"application\/ld+json\" class=\"yoast-schema-graph\">{\"@context\":\"https:\/\/schema.org\",\"@graph\":[{\"@type\":\"WebPage\",\"@id\":\"https:\/\/aquacityhotel.sk\/cs\/mapa-hotelu\/\",\"url\":\"https:\/\/aquacityhotel.sk\/cs\/mapa-hotelu\/\",\"name\":\"Mapa hotelu - Aquacity Hotel\",\"isPartOf\":{\"@id\":\"https:\/\/aquacityhotel.sk\/#website\"},\"datePublished\":\"2021-03-26T09:09:17+00:00\",\"dateModified\":\"2021-10-15T12:28:53+00:00\",\"breadcrumb\":{\"@id\":\"https:\/\/aquacityhotel.sk\/cs\/mapa-hotelu\/#breadcrumb\"},\"inLanguage\":\"cs\",\"potentialAction\":[{\"@type\":\"ReadAction\",\"target\":[\"https:\/\/aquacityhotel.sk\/cs\/mapa-hotelu\/\"]}]},{\"@type\":\"BreadcrumbList\",\"@id\":\"https:\/\/aquacityhotel.sk\/cs\/mapa-hotelu\/#breadcrumb\",\"itemListElement\":[{\"@type\":\"ListItem\",\"position\":1,\"name\":\"Domovsk\u00e1 str\u00e1nka\",\"item\":\"https:\/\/aquacityhotel.sk\/\"},{\"@type\":\"ListItem\",\"position\":2,\"name\":\"Mapa hotelu\"}]},{\"@type\":\"WebSite\",\"@id\":\"https:\/\/aquacityhotel.sk\/#website\",\"url\":\"https:\/\/aquacityhotel.sk\/\",\"name\":\"Aquacity Hotel\",\"description\":\"Ubytovanie Vysok\u00e9 Tatry Slovensko\",\"potentialAction\":[{\"@type\":\"SearchAction\",\"target\":{\"@type\":\"EntryPoint\",\"urlTemplate\":\"https:\/\/aquacityhotel.sk\/?s={search_term_string}\"},\"query-input\":{\"@type\":\"PropertyValueSpecification\",\"valueRequired\":true,\"valueName\":\"search_term_string\"}}],\"inLanguage\":\"cs\"}]}<\/script>\n<!-- \/ Yoast SEO plugin. -->","yoast_head_json":{"title":"Mapa hotelu - Aquacity Hotel","robots":{"index":"index","follow":"follow","max-snippet":"max-snippet:-1","max-image-preview":"max-image-preview:large","max-video-preview":"max-video-preview:-1"},"canonical":"https:\/\/aquacityhotel.sk\/cs\/mapa-hotelu\/","og_locale":"cs_CZ","og_type":"article","og_title":"Mapa hotelu - Aquacity Hotel","og_description":"[vc_row full_width=&#8221;stretch_row&#8221; full_height=&#8221;yes&#8221; css=&#8221;.vc_custom_1617178315046{margin-top: 30px !important;margin-bottom: 30px !important;}&#8221;][vc_column][vc_column_text][\/vc_column_text][vc_raw_js]JTNDc2NyaXB0JTNFJTBBd2luZG93Lm9ubG9hZCUyMCUzRCUyMGZ1bmN0aW9uJTI4JTI5JTdCJTBBJTIwJTIwc2V0VGltZW91dCUyOGZ1bmN0aW9uJTI4JTI5JTdCJTIwJTBBJTIwJTIwJTIwJTIwZG9jdW1lbnQuZ2V0RWxlbWVudHNCeUNsYXNzTmFtZSUyOCUyMmxlYWZsZXQtY29udHJvbC16b29tLW91dCUyMiUyOSU1QjAlNUQuY2xpY2slMjglMjklM0IlMjAlMEElMjAlMjAlN0QlMkMlMjAxMDAlMjklM0IlMEElN0QlMEElM0MlMkZzY3JpcHQlM0U=[\/vc_raw_js][vc_empty_space height=&#8221;50px&#8221;][\/vc_column][\/vc_row]","og_url":"https:\/\/aquacityhotel.sk\/cs\/mapa-hotelu\/","og_site_name":"Aquacity Hotel","article_modified_time":"2021-10-15T12:28:53+00:00","twitter_card":"summary_large_image","twitter_misc":{"Odhadovan\u00e1 doba \u010dten\u00ed":"1 minuta"},"schema":{"@context":"https:\/\/schema.org","@graph":[{"@type":"WebPage","@id":"https:\/\/aquacityhotel.sk\/cs\/mapa-hotelu\/","url":"https:\/\/aquacityhotel.sk\/cs\/mapa-hotelu\/","name":"Mapa hotelu - Aquacity Hotel","isPartOf":{"@id":"https:\/\/aquacityhotel.sk\/#website"},"datePublished":"2021-03-26T09:09:17+00:00","dateModified":"2021-10-15T12:28:53+00:00","breadcrumb":{"@id":"https:\/\/aquacityhotel.sk\/cs\/mapa-hotelu\/#breadcrumb"},"inLanguage":"cs","potentialAction":[{"@type":"ReadAction","target":["https:\/\/aquacityhotel.sk\/cs\/mapa-hotelu\/"]}]},{"@type":"BreadcrumbList","@id":"https:\/\/aquacityhotel.sk\/cs\/mapa-hotelu\/#breadcrumb","itemListElement":[{"@type":"ListItem","position":1,"name":"Domovsk\u00e1 str\u00e1nka","item":"https:\/\/aquacityhotel.sk\/"},{"@type":"ListItem","position":2,"name":"Mapa hotelu"}]},{"@type":"WebSite","@id":"https:\/\/aquacityhotel.sk\/#website","url":"https:\/\/aquacityhotel.sk\/","name":"Aquacity Hotel","description":"Ubytovanie Vysok\u00e9 Tatry Slovensko","potentialAction":[{"@type":"SearchAction","target":{"@type":"EntryPoint","urlTemplate":"https:\/\/aquacityhotel.sk\/?s={search_term_string}"},"query-input":{"@type":"PropertyValueSpecification","valueRequired":true,"valueName":"search_term_string"}}],"inLanguage":"cs"}]}},"_links":{"self":[{"href":"https:\/\/aquacityhotel.sk\/cs\/wp-json\/wp\/v2\/pages\/17696","targetHints":{"allow":["GET"]}}],"collection":[{"href":"https:\/\/aquacityhotel.sk\/cs\/wp-json\/wp\/v2\/pages"}],"about":[{"href":"https:\/\/aquacityhotel.sk\/cs\/wp-json\/wp\/v2\/types\/page"}],"author":[{"embeddable":true,"href":"https:\/\/aquacityhotel.sk\/cs\/wp-json\/wp\/v2\/users\/7"}],"replies":[{"embeddable":true,"href":"https:\/\/aquacityhotel.sk\/cs\/wp-json\/wp\/v2\/comments?post=17696"}],"version-history":[{"count":2,"href":"https:\/\/aquacityhotel.sk\/cs\/wp-json\/wp\/v2\/pages\/17696\/revisions"}],"predecessor-version":[{"id":17698,"href":"https:\/\/aquacityhotel.sk\/cs\/wp-json\/wp\/v2\/pages\/17696\/revisions\/17698"}],"wp:attachment":[{"href":"https:\/\/aquacityhotel.sk\/cs\/wp-json\/wp\/v2\/media?parent=17696"}],"curies":[{"name":"wp","href":"https:\/\/api.w.org\/{rel}","templated":true}]}}