
{"id":17668,"date":"2021-09-01T20:23:52","date_gmt":"2021-09-01T18:23:52","guid":{"rendered":"https:\/\/aquacityhotel.sk\/fish-therapy\/"},"modified":"2021-10-14T21:37:25","modified_gmt":"2021-10-14T19:37:25","slug":"fish-therapy","status":"publish","type":"page","link":"https:\/\/aquacityhotel.sk\/cs\/fish-therapy\/","title":{"rendered":"Fish Therapy"},"content":{"rendered":"<p>[vc_row][vc_column][vc_column_text]Vyzkou\u0161ejte na\u0161ich nejlep\u0161\u00edch AquaCity pedik\u00e9ry \u2013\u00a0<strong>rybi\u010dky Garra Rufa ve Wellness centru Fire &amp; Water Wellness &amp; Spa. <\/strong>Nab\u00edz\u00edme v\u00e1m BIO pedik\u00faru rybi\u010dkami Garra Rufa, kter\u00e9 poch\u00e1zej\u00ed z \u0159\u00ed\u010dn\u00edch tok\u016f v Turecku. Rybi\u010dky Garra Rufa bezbolestn\u011b sv\u00fdmi neozuben\u00fdch \u010delistmi poko\u017eku obrous\u00ed. Jejich \u00fastn\u00ed dutina produkuje enzym dithranol, kter\u00fd ranku okam\u017eit\u011b dezinfikuje a pom\u00e1h\u00e1 hojit.\u00a0<strong>Zm\u00edr\u0148uj\u00ed a l\u00e9\u010d\u00ed ko\u017en\u00ed choroby jako atopick\u00fd ekz\u00e9m, akn\u00e9, ko\u017en\u00ed pl\u00edsn\u011b a psori\u00e1zu a z\u00e1rove\u0148 v\u00e1m ud\u011blaj\u00ed velmi jemnou a dokonalou pedik\u00faru a peeling.\u00a0<\/strong>[\/vc_column_text][\/vc_column][\/vc_row][vc_row content_text_aligment=&#8221;center&#8221; css=&#8221;.vc_custom_1494232305593{padding-top: 80px !important;padding-bottom: 30px !important;}&#8221;][vc_column width=&#8221;1\/2&#8243; offset=&#8221;vc_col-md-6&#8243;]<div class=\"mkdf-image-with-text-holder   \">\n    <div class=\"mkdf-iwt-image\">\n                                    <img loading=\"lazy\" decoding=\"async\" width=\"1000\" height=\"650\" src=\"https:\/\/aquacityhotel.sk\/wp-content\/uploads\/2021\/10\/AquaCity_1000x650_13.jpg\" class=\"attachment-full size-full\" alt=\"\" srcset=\"https:\/\/aquacityhotel.sk\/wp-content\/uploads\/2021\/10\/AquaCity_1000x650_13.jpg 1000w, https:\/\/aquacityhotel.sk\/wp-content\/uploads\/2021\/10\/AquaCity_1000x650_13-300x195.jpg 300w, https:\/\/aquacityhotel.sk\/wp-content\/uploads\/2021\/10\/AquaCity_1000x650_13-768x499.jpg 768w, https:\/\/aquacityhotel.sk\/wp-content\/uploads\/2021\/10\/AquaCity_1000x650_13-600x390.jpg 600w\" sizes=\"auto, (max-width: 1000px) 100vw, 1000px\" \/>                        <\/div>\n    <div class=\"mkdf-iwt-text-holder\">\n        \n                    <h5 class=\"mkdf-iwt-title\" >\u00da\u010cINKY PROCEDURY GARRA RUFA<\/h5>\n        \n        \n\t\t    <\/div>\n<\/div>[vc_empty_space height=&#8221;40px&#8221;][vc_tta_accordion style=&#8221;flat&#8221; shape=&#8221;square&#8221; active_section=&#8221;&#8221; collapsible_all=&#8221;true&#8221;][vc_tta_section title=&#8221;L\u00c9KA\u0158SK\u00c9  \u00da\u010cINKY&#8221; tab_id=&#8221;1613482204191-fa2a0950-5549&#8243;][vc_column_text]<\/p>\n<ul>\n<li>l\u00e9\u010d\u00ed ko\u017en\u00ed defekty, regeneruje poko\u017eku a p\u016fsob\u00ed preventivn\u011b (psori\u00e1za, ekz\u00e9my, ichty\u00f3za STD.)<br \/>\nhloubkov\u011b \u010dist\u00ed a p\u0159irozen\u011b prokrvuje poko\u017eku (k\u0159e\u010dov\u00e9 \u017e\u00edly)<\/li>\n<li>podporuje krevn\u00ed ob\u011bh (tlum\u00ed bolesti hlavy, upravuje krevn\u00ed tlak)<\/li>\n<li>zabra\u0148uje vzniku ko\u017en\u00ed infekce a odstra\u0148uje bakterie (potla\u010duje z\u00e1pach)<\/li>\n<\/ul>\n<p>[\/vc_column_text][\/vc_tta_section][vc_tta_section title=&#8221;PSYCHICK\u00c9 \u00da\u010cINKY&#8221; tab_id=&#8221;1630520746870-8646e15a-a9f5&#8243;][vc_column_text]<\/p>\n<ul>\n<li>mikromas\u00e1\u017e stimuluje nervov\u00e1 zakon\u010den\u00ed a akupunkturn\u00ed body<\/li>\n<li>uvol\u0148uje organismus a odstra\u0148uje \u00fanavu<\/li>\n<li>p\u016fsob\u00ed relaxa\u010dn\u011b (odpo\u010dinek pro t\u011blo i mysl)<\/li>\n<\/ul>\n<p>[\/vc_column_text][\/vc_tta_section][vc_tta_section title=&#8221;FYZICK\u00c9 \u00da\u010cINKY&#8221; tab_id=&#8221;1630520790827-76dbb928-8299&#8243;][vc_column_text]<\/p>\n<ul>\n<li>p\u0159\u00edrodn\u00ed pedik\u00fara, hloubkov\u011b \u010dist\u00ed poko\u017eku (odstran\u011bn\u00ed \u0161upinat\u00e9, such\u00e9 k\u016f\u017ee a mozol\u016f)<\/li>\n<li>peeling (odstra\u0148uje odum\u0159el\u00e9 \u010d\u00e1sti k\u016f\u017ee)<\/li>\n<li>regenerace poko\u017eky (hlad\u0161\u00ed, zdrav\u011bj\u0161\u00ed a kr\u00e1sn\u011bj\u0161\u00ed poko\u017eka)<br \/>\nRybky Garra Rufa jemn\u00fdm zp\u016fsobem odstra\u0148uj\u00ed jen nemocnou, odum\u0159elou a ztvrdlou poko\u017eku. Krom\u011b toho, \u017ee poko\u017eku zbavuj\u00ed jej\u00ed nemocn\u00fdch a odum\u0159el\u00fdch \u010d\u00e1sti, tak p\u0159itom vylu\u010duj\u00ed enzym zn\u00e1m\u00fd jako dithranol, kter\u00fd je sou\u010d\u00e1st\u00ed kr\u00e9m\u016f medic\u00ednsky pou\u017e\u00edvan\u00fdch p\u0159i l\u00e9\u010db\u011b psori\u00e1zy. Enzym m\u00e1 uklid\u0148uj\u00edc\u00ed a regenera\u010dn\u00ed \u00fa\u010dinky na poko\u017eku.<\/li>\n<\/ul>\n<p>[\/vc_column_text][\/vc_tta_section][\/vc_tta_accordion][\/vc_column][vc_column width=&#8221;1\/2&#8243; offset=&#8221;vc_col-md-6&#8243;]<div class=\"mkdf-image-with-text-holder   \">\n    <div class=\"mkdf-iwt-image\">\n                                    <img loading=\"lazy\" decoding=\"async\" width=\"1000\" height=\"650\" src=\"https:\/\/aquacityhotel.sk\/wp-content\/uploads\/2021\/10\/AquaCity_1000x650_14.jpg\" class=\"attachment-full size-full\" alt=\"\" srcset=\"https:\/\/aquacityhotel.sk\/wp-content\/uploads\/2021\/10\/AquaCity_1000x650_14.jpg 1000w, https:\/\/aquacityhotel.sk\/wp-content\/uploads\/2021\/10\/AquaCity_1000x650_14-300x195.jpg 300w, https:\/\/aquacityhotel.sk\/wp-content\/uploads\/2021\/10\/AquaCity_1000x650_14-768x499.jpg 768w, https:\/\/aquacityhotel.sk\/wp-content\/uploads\/2021\/10\/AquaCity_1000x650_14-600x390.jpg 600w\" sizes=\"auto, (max-width: 1000px) 100vw, 1000px\" \/>                        <\/div>\n    <div class=\"mkdf-iwt-text-holder\">\n        \n                    <h5 class=\"mkdf-iwt-title\" >AKO PREBIEHA PROCED\u00daRA<\/h5>\n        \n        \n\t\t    <\/div>\n<\/div>[vc_empty_space height=&#8221;40px&#8221;][vc_tta_accordion style=&#8221;flat&#8221; shape=&#8221;square&#8221; active_section=&#8221;&#8221; collapsible_all=&#8221;true&#8221;][vc_tta_section title=&#8221;PR\u016eB\u011aH TERAPIE&#8221; tab_id=&#8221;1613483327197-8b29b555-131c&#8221;][vc_message]<\/p>\n<ul>\n<li>z\u00e1kazn\u00edk\u00a0<strong>nesm\u00ed m\u00edt na kon\u010detin\u00e1ch otev\u0159en\u00e9 r\u00e1ny<\/strong>\u00a0a jin\u00e1 po\u0161kozen\u00ed k\u016f\u017ee<\/li>\n<li>v dob\u011b procedury\u00a0<strong>nesm\u00ed pou\u017e\u00edvat kortikoidn\u00ed masti\u00a0<\/strong>(na b\u00e1zi kortistereoidov, nap\u0159. Imazol, Licoid, Lipocream, Derm, Diprosone, Advantan \u2026) a doba od ukon\u010den\u00ed l\u00e9\u010den\u00ed t\u011bmito mastmi nesm\u00ed b\u00fdt krat\u0161\u00ed ne\u017e 7 dn\u00ed \u2013 (hroz\u00ed \u00fahyn rybek)<\/li>\n<li>ka\u017ed\u00fd z\u00e1kazn\u00edk\u00a0<strong>je povinen<\/strong>\u00a0si p\u0159ed procedurou\u00a0<strong>um\u00fdt kon\u010detiny<\/strong><\/li>\n<li><strong>pono\u0159\u00edte kon\u010detiny do tepl\u00e9 l\u00e1zn\u011b 30\u00b0C a\u017e 34\u00b0C<\/strong>, kde plavou rybi\u010dky m\u016f\u017eete poc\u00edtit lecht\u00e1n\u00ed a po chv\u00edli budete poci\u0165ovat pouze p\u0159\u00edjemn\u00e9 pocity, kter\u00e9 v\u00e1m budou p\u0159ipom\u00ednat jemnou mas\u00e1\u017e.<\/li>\n<li><strong>d\u00e9lka pobytu ve vod\u011b je 20 minut<\/strong><\/li>\n<\/ul>\n<p>[\/vc_message][\/vc_tta_section][\/vc_tta_accordion][\/vc_column][\/vc_row]<\/p>\n","protected":false},"excerpt":{"rendered":"<p>[vc_row][vc_column][vc_column_text]Vyzkou\u0161ejte na\u0161ich nejlep\u0161\u00edch AquaCity pedik\u00e9ry \u2013\u00a0rybi\u010dky Garra Rufa ve Wellness centru Fire &amp; Water Wellness &amp; Spa. Nab\u00edz\u00edme v\u00e1m BIO pedik\u00faru rybi\u010dkami Garra Rufa, kter\u00e9 poch\u00e1zej\u00ed z \u0159\u00ed\u010dn\u00edch tok\u016f v Turecku. Rybi\u010dky Garra Rufa bezbolestn\u011b sv\u00fdmi neozuben\u00fdch \u010delistmi poko\u017eku obrous\u00ed. [&hellip;]<\/p>\n","protected":false},"author":2,"featured_media":0,"parent":0,"menu_order":0,"comment_status":"closed","ping_status":"closed","template":"","meta":{"inline_featured_image":false,"footnotes":"","_wp_rev_ctl_limit":""},"class_list":["post-17668","page","type-page","status-publish","hentry"],"yoast_head":"<!-- This site is optimized with the Yoast SEO plugin v26.4 - https:\/\/yoast.com\/wordpress\/plugins\/seo\/ -->\n<title>Fish Therapy - Aquacity Hotel<\/title>\n<meta name=\"robots\" content=\"index, follow, max-snippet:-1, max-image-preview:large, max-video-preview:-1\" \/>\n<link rel=\"canonical\" href=\"https:\/\/aquacityhotel.sk\/cs\/fish-therapy\/\" \/>\n<meta property=\"og:locale\" content=\"cs_CZ\" \/>\n<meta property=\"og:type\" content=\"article\" \/>\n<meta property=\"og:title\" content=\"Fish Therapy - Aquacity Hotel\" \/>\n<meta property=\"og:description\" content=\"[vc_row][vc_column][vc_column_text]Vyzkou\u0161ejte na\u0161ich nejlep\u0161\u00edch AquaCity pedik\u00e9ry \u2013\u00a0rybi\u010dky Garra Rufa ve Wellness centru Fire &amp; Water Wellness &amp; Spa. Nab\u00edz\u00edme v\u00e1m BIO pedik\u00faru rybi\u010dkami Garra Rufa, kter\u00e9 poch\u00e1zej\u00ed z \u0159\u00ed\u010dn\u00edch tok\u016f v Turecku. Rybi\u010dky Garra Rufa bezbolestn\u011b sv\u00fdmi neozuben\u00fdch \u010delistmi poko\u017eku obrous\u00ed. [&hellip;]\" \/>\n<meta property=\"og:url\" content=\"https:\/\/aquacityhotel.sk\/cs\/fish-therapy\/\" \/>\n<meta property=\"og:site_name\" content=\"Aquacity Hotel\" \/>\n<meta property=\"article:modified_time\" content=\"2021-10-14T19:37:25+00:00\" \/>\n<meta name=\"twitter:card\" content=\"summary_large_image\" \/>\n<meta name=\"twitter:label1\" content=\"Odhadovan\u00e1 doba \u010dten\u00ed\" \/>\n\t<meta name=\"twitter:data1\" content=\"3 minuty\" \/>\n<script type=\"application\/ld+json\" class=\"yoast-schema-graph\">{\"@context\":\"https:\/\/schema.org\",\"@graph\":[{\"@type\":\"WebPage\",\"@id\":\"https:\/\/aquacityhotel.sk\/cs\/fish-therapy\/\",\"url\":\"https:\/\/aquacityhotel.sk\/cs\/fish-therapy\/\",\"name\":\"Fish Therapy - Aquacity Hotel\",\"isPartOf\":{\"@id\":\"https:\/\/aquacityhotel.sk\/#website\"},\"datePublished\":\"2021-09-01T18:23:52+00:00\",\"dateModified\":\"2021-10-14T19:37:25+00:00\",\"breadcrumb\":{\"@id\":\"https:\/\/aquacityhotel.sk\/cs\/fish-therapy\/#breadcrumb\"},\"inLanguage\":\"cs\",\"potentialAction\":[{\"@type\":\"ReadAction\",\"target\":[\"https:\/\/aquacityhotel.sk\/cs\/fish-therapy\/\"]}]},{\"@type\":\"BreadcrumbList\",\"@id\":\"https:\/\/aquacityhotel.sk\/cs\/fish-therapy\/#breadcrumb\",\"itemListElement\":[{\"@type\":\"ListItem\",\"position\":1,\"name\":\"Domovsk\u00e1 str\u00e1nka\",\"item\":\"https:\/\/aquacityhotel.sk\/\"},{\"@type\":\"ListItem\",\"position\":2,\"name\":\"Fish Therapy\"}]},{\"@type\":\"WebSite\",\"@id\":\"https:\/\/aquacityhotel.sk\/#website\",\"url\":\"https:\/\/aquacityhotel.sk\/\",\"name\":\"Aquacity Hotel\",\"description\":\"Ubytovanie Vysok\u00e9 Tatry Slovensko\",\"potentialAction\":[{\"@type\":\"SearchAction\",\"target\":{\"@type\":\"EntryPoint\",\"urlTemplate\":\"https:\/\/aquacityhotel.sk\/?s={search_term_string}\"},\"query-input\":{\"@type\":\"PropertyValueSpecification\",\"valueRequired\":true,\"valueName\":\"search_term_string\"}}],\"inLanguage\":\"cs\"}]}<\/script>\n<!-- \/ Yoast SEO plugin. -->","yoast_head_json":{"title":"Fish Therapy - Aquacity Hotel","robots":{"index":"index","follow":"follow","max-snippet":"max-snippet:-1","max-image-preview":"max-image-preview:large","max-video-preview":"max-video-preview:-1"},"canonical":"https:\/\/aquacityhotel.sk\/cs\/fish-therapy\/","og_locale":"cs_CZ","og_type":"article","og_title":"Fish Therapy - Aquacity Hotel","og_description":"[vc_row][vc_column][vc_column_text]Vyzkou\u0161ejte na\u0161ich nejlep\u0161\u00edch AquaCity pedik\u00e9ry \u2013\u00a0rybi\u010dky Garra Rufa ve Wellness centru Fire &amp; Water Wellness &amp; Spa. Nab\u00edz\u00edme v\u00e1m BIO pedik\u00faru rybi\u010dkami Garra Rufa, kter\u00e9 poch\u00e1zej\u00ed z \u0159\u00ed\u010dn\u00edch tok\u016f v Turecku. Rybi\u010dky Garra Rufa bezbolestn\u011b sv\u00fdmi neozuben\u00fdch \u010delistmi poko\u017eku obrous\u00ed. [&hellip;]","og_url":"https:\/\/aquacityhotel.sk\/cs\/fish-therapy\/","og_site_name":"Aquacity Hotel","article_modified_time":"2021-10-14T19:37:25+00:00","twitter_card":"summary_large_image","twitter_misc":{"Odhadovan\u00e1 doba \u010dten\u00ed":"3 minuty"},"schema":{"@context":"https:\/\/schema.org","@graph":[{"@type":"WebPage","@id":"https:\/\/aquacityhotel.sk\/cs\/fish-therapy\/","url":"https:\/\/aquacityhotel.sk\/cs\/fish-therapy\/","name":"Fish Therapy - Aquacity Hotel","isPartOf":{"@id":"https:\/\/aquacityhotel.sk\/#website"},"datePublished":"2021-09-01T18:23:52+00:00","dateModified":"2021-10-14T19:37:25+00:00","breadcrumb":{"@id":"https:\/\/aquacityhotel.sk\/cs\/fish-therapy\/#breadcrumb"},"inLanguage":"cs","potentialAction":[{"@type":"ReadAction","target":["https:\/\/aquacityhotel.sk\/cs\/fish-therapy\/"]}]},{"@type":"BreadcrumbList","@id":"https:\/\/aquacityhotel.sk\/cs\/fish-therapy\/#breadcrumb","itemListElement":[{"@type":"ListItem","position":1,"name":"Domovsk\u00e1 str\u00e1nka","item":"https:\/\/aquacityhotel.sk\/"},{"@type":"ListItem","position":2,"name":"Fish Therapy"}]},{"@type":"WebSite","@id":"https:\/\/aquacityhotel.sk\/#website","url":"https:\/\/aquacityhotel.sk\/","name":"Aquacity Hotel","description":"Ubytovanie Vysok\u00e9 Tatry Slovensko","potentialAction":[{"@type":"SearchAction","target":{"@type":"EntryPoint","urlTemplate":"https:\/\/aquacityhotel.sk\/?s={search_term_string}"},"query-input":{"@type":"PropertyValueSpecification","valueRequired":true,"valueName":"search_term_string"}}],"inLanguage":"cs"}]}},"_links":{"self":[{"href":"https:\/\/aquacityhotel.sk\/cs\/wp-json\/wp\/v2\/pages\/17668","targetHints":{"allow":["GET"]}}],"collection":[{"href":"https:\/\/aquacityhotel.sk\/cs\/wp-json\/wp\/v2\/pages"}],"about":[{"href":"https:\/\/aquacityhotel.sk\/cs\/wp-json\/wp\/v2\/types\/page"}],"author":[{"embeddable":true,"href":"https:\/\/aquacityhotel.sk\/cs\/wp-json\/wp\/v2\/users\/2"}],"replies":[{"embeddable":true,"href":"https:\/\/aquacityhotel.sk\/cs\/wp-json\/wp\/v2\/comments?post=17668"}],"version-history":[{"count":1,"href":"https:\/\/aquacityhotel.sk\/cs\/wp-json\/wp\/v2\/pages\/17668\/revisions"}],"predecessor-version":[{"id":17669,"href":"https:\/\/aquacityhotel.sk\/cs\/wp-json\/wp\/v2\/pages\/17668\/revisions\/17669"}],"wp:attachment":[{"href":"https:\/\/aquacityhotel.sk\/cs\/wp-json\/wp\/v2\/media?parent=17668"}],"curies":[{"name":"wp","href":"https:\/\/api.w.org\/{rel}","templated":true}]}}