
{"id":15716,"date":"2021-02-19T14:00:42","date_gmt":"2021-02-19T13:00:42","guid":{"rendered":"https:\/\/horizontresort.sk\/ubytovaci-poriadok\/"},"modified":"2024-05-22T10:10:27","modified_gmt":"2024-05-22T08:10:27","slug":"ubytovaci-rad","status":"publish","type":"page","link":"https:\/\/aquacityhotel.sk\/cs\/ubytovaci-rad\/","title":{"rendered":"UBYTOVAC\u00cd \u0158\u00c1D"},"content":{"rendered":"<p>[vc_row row_content_width=&#8221;grid&#8221; css=&#8221;.vc_custom_1494240440152{padding-bottom: 40px !important;}&#8221;][vc_column][vc_column_text]<\/p>\n<h5>\n<span class=\"mkdf-highlight\" style=\"color: #ffffff;background-color: #c59d5f\">\n\t UBYTOVAC\u00cd\u00a0 \u0158\u00c1D\u00a0 <\/span><\/h5>\n<p>[\/vc_column_text][vc_column_text]Ubytovac\u00ed \u0159\u00e1d je vydan\u00fd spole\u010dnost\u00ed Aquapark Poprad s.r.o., \u0160portov\u00e1 1397\/1, 058 01 Poprad, I\u010cO: 36482609 I\u010c DPH: SK2020020486. spole\u010dnost zapsan\u00e1 v OR Okr. soudu Pre\u0161ov, odd. Sro, vlo\u017eka \u010d. 13805\/P \/ P (d\u00e1le jen &#8220;provozovatel&#8221;) a vztahuje se na poskytov\u00e1n\u00ed ubytovac\u00edch a s t\u00edm souvisej\u00edc\u00edch slu\u017eeb (d\u00e1le jen &#8220;slu\u017eby&#8221;) v za\u0159\u00edzen\u00ed hotelech AquaCity Poprad (d\u00e1le jen &#8220;hotel&#8221;) a upravuje pr\u00e1va a povinnosti provozovatele a hosty ubytovan\u00e9 v hotelu (d\u00e1le jen &#8220;z\u00e1kazn\u00edk&#8221; nebo &#8220;z\u00e1kazn\u00edci&#8221;) od momentu n\u00e1stupu z\u00e1kazn\u00edka na pobyt v hotelu do jeho ukon\u010den\u00ed.<\/p>\n<ol>\n<li>V AquaCity Poprad m\u016f\u017ee b\u00fdt ubytov\u00e1n pouze host, kter\u00fd se \u0159\u00e1dn\u011b p\u0159ihl\u00e1s\u00ed. Za t\u00edm \u00fa\u010delem p\u0159edlo\u017e\u00ed pracovn\u00edkovi na recepci hotelu sv\u016fj osobn\u00ed doklad o toto\u017enosti, ob\u010dansk\u00fd pr\u016fkaz, platn\u00fd cestovn\u00ed pas nebo jin\u00fd doklad toto\u017enosti. Pracovn\u00edk recepce hostu vyd\u00e1 hned p\u0159i n\u00e1stupu ubytovac\u00ed pr\u016fkaz s uveden\u00edm jeho jm\u00e9na, \u010d\u00edsla pokoje, d\u00e9lky pobytu a p\u0159\u00edstupovou kartu od pokoje. Za ubytovac\u00ed a ostatn\u00ed slu\u017eby je host povinen platit ceny p\u0159edem dohodnut\u00e9 p\u0159i n\u00e1stupu na pobyt. \u00da\u010det je splatn\u00fd p\u0159i p\u0159edlo\u017een\u00ed hostu.<\/li>\n<li>Tento ubytovac\u00ed \u0159\u00e1d je ned\u00edlnou sou\u010d\u00e1st\u00ed smlouvy o ubytov\u00e1n\u00ed ve smyslu \u00a7 754 a n\u00e1sl. z\u00e1kona \u010d. 40\/1964 Sb. Ob\u010dansk\u00e9ho z\u00e1kon\u00edku ve zn\u011bn\u00ed pozd\u011bj\u0161\u00edch p\u0159edpis\u016f (d\u00e1le jen &#8220;ob\u010dansk\u00fd z\u00e1kon\u00edk&#8221;), k jej\u00edmu\u017e uzav\u0159en\u00ed doch\u00e1z\u00ed mezi z\u00e1kazn\u00edkem a provozovatelem. Ubytovac\u00ed \u0159\u00e1d je zve\u0159ejn\u011bn na internetov\u00e9 str\u00e1nce hotelu www.aquacityhotel.sk a um\u00edst\u011bn na recepci hotelu. P\u0159ed n\u00e1stupem na pobyt a vyu\u017e\u00edv\u00e1n\u00edm slu\u017eeb v hotelu z\u00e1kazn\u00edk potvrzuje, \u017ee byl s t\u00edmto ubytovac\u00edm \u0159\u00e1dem sezn\u00e1men a zavazuje se ho dodr\u017eovat.<\/li>\n<li>Recepce hotelu pracuje v re\u017eimu nep\u0159etr\u017eit\u00e9ho provozu &#8211; 24 hodin denn\u011b. Pracovn\u00edk recepce b\u011bhem p\u0159ihla\u0161ov\u00e1n\u00ed k pobytu vysv\u011btl\u00ed z\u00e1kazn\u00edkovi podm\u00ednky ubytov\u00e1n\u00ed a poskytov\u00e1n\u00ed slu\u017eeb, vybaven\u00ed hotelov\u00e9ho pokoje, z\u00e1kladn\u00ed orienta\u010dn\u00ed a bezpe\u010dnostn\u00ed informace o hotelu, podm\u00ednky parkov\u00e1n\u00ed motorov\u00fdch vozidel, \u00faschovy sportovn\u00edho vybaven\u00ed a podobn\u011b.<\/li>\n<li>Pou\u017eit\u00ed hotelu je povoleno pouze osob\u00e1m, kter\u00e9 nejsou posti\u017eeny infek\u010dn\u00edmi onemocn\u011bn\u00edmi. Hotel m\u00e1 pr\u00e1vo odm\u00edtnout ubytovat z\u00e1kazn\u00edka s p\u0159enosnou nemoc\u00ed, parazitickou infekc\u00ed nebo jinou chorobou, kter\u00e1 by mohla p\u0159edstavovat zdravotn\u00ed riziko pro zam\u011bstnance provozovatele nebo jin\u00e9 z\u00e1kazn\u00edky hotelu.<\/li>\n<li>Ubytov\u00e1n\u00ed host\u016f v hotelu v den n\u00e1stupu na pobyt ve smyslu rezervace je v dob\u011b od 14:00 hod. (Check-in), pokud v potvrzen\u00ed rezervace nebyl provozovatelem uveden jin\u00fd \u010das mo\u017enosti n\u00e1stupu na pobyt a podm\u00ednky (v\u010detn\u011b ceny) za v\u010dasn\u00fd n\u00e1stup na pobyt (p\u0159ed 14.00 hod. v den n\u00e1stupu na pobyt) (early check-in). V p\u0159\u00edpad\u011b, \u017ee z\u00e1kazn\u00edk nenastoup\u00ed na pobyt nejpozd\u011bji do 24.00 hod. bez p\u0159edchoz\u00edho informov\u00e1n\u00ed provozovatele o pozd\u011bj\u0161\u00edm n\u00e1stupu na pobyt, je provozovatel opr\u00e1vn\u011bn poskytnout rezervovan\u00fd pokoj \/ pokoje jin\u00fdm z\u00e1kazn\u00edk\u016fm na vyu\u017eit\u00ed. Z\u00e1kazn\u00edkovi nevznik\u00e1 pr\u00e1vo na vr\u00e1cen\u00ed j\u00edm zaplacen\u00e9 ceny pobytu, ani na jinou finan\u010dn\u00ed \u010di nefinan\u010dn\u00ed n\u00e1hradu ani n\u00e1hradn\u00ed pln\u011bn\u00ed \u010di n\u00e1hradu \u0161kody.<\/li>\n<\/ol>\n<ol start=\"6\">\n<li>Hotel m\u016f\u017ee ve zvl\u00e1\u0161tn\u00edch p\u0159\u00edpadech nab\u00eddnout hostu jin\u00e9 ne\u017e dohodnut\u00e9 ubytov\u00e1n\u00ed, pokud se podstatn\u011b neli\u0161\u00ed od ji\u017e potvrzen\u00e9 objedn\u00e1vky.<\/li>\n<li>Poloha podle zvl\u00e1\u0161tn\u00edch p\u0159edpis\u016f bod 18.6 po\u0161tovn\u00edch podm\u00ednek \u2013 Obecn\u00e1 \u010d\u00e1st (vnitrost\u00e1tn\u00ed styk) a bodu 15.5 po\u0161tovn\u00edch podm\u00ednek &#8211; Obecn\u00e1 \u010d\u00e1st (mezin\u00e1rodn\u00ed styk) \u010cesk\u00e9 po\u0161ty, a.s.) p\u0159ij\u00edm\u00e1 z\u00e1silky adresovan\u00e9 ubytovan\u00fdm host\u016fm nebo host\u016fm, kte\u0159\u00ed maj\u00ed ubytovac\u00ed slu\u017eby objednan\u00e9. Tyto z\u00e1silky jsou povinn\u00e9 doru\u010dit adres\u00e1t\u016fm a pokud to nen\u00ed mo\u017en\u00e9, vr\u00e1tit je zp\u011bt.<\/li>\n<li>Hotel zajist\u00ed p\u0159i onemocn\u011bn\u00ed nebo zran\u011bn\u00ed hosta poskytnut\u00ed l\u00e9ka\u0159sk\u00e9 pomoci, p\u0159\u00edp. p\u0159evoz do nemocnice.<\/li>\n<li>Hotel poskytuje ubytovan\u00fdm host\u016fm slu\u017eby v rozsahu stanoven\u00e9m t\u00edmto Ubytovac\u00edm \u0159\u00e1dem, Obchodn\u00edmi podm\u00ednkami a specifikac\u00ed jednotliv\u00e9 slu\u017eby poskytnut\u00e9 ubytovan\u00e9mu hostu p\u0159ed uzav\u0159en\u00edm smlouvy o ubytov\u00e1n\u00ed.<\/li>\n<li>P\u0159i vstupu do hotelov\u00e9ho pokoje si z\u00e1kazn\u00edk ve vlastn\u00edm z\u00e1jmu p\u0159ekontroluje stav hotelov\u00e9ho pokoje a jednotliv\u00fdch za\u0159\u00edzen\u00ed a jejich funk\u010dnost a p\u0159\u00edpadn\u00e9 vady nebo nedostatky ihned ozn\u00e1m\u00ed recepci hotelu. Host pou\u017e\u00edv\u00e1 pokoj po dobu, kterou dohodl s hotelem p\u0159i p\u0159\u00edjezdu.<\/li>\n<li>Hotelov\u00e1 hala a prostory lobby baru jsou ur\u010deny pro p\u0159\u00edjem n\u00e1v\u0161t\u011bv z\u00e1kazn\u00edk\u016f ubytovan\u00fdch v hotelu. V hotelov\u00e9m pokoji sm\u00ed z\u00e1kazn\u00edk p\u0159ij\u00edmat n\u00e1v\u0161t\u011bvy pouze se souhlasem pracovn\u00edka recepce hotelu a po zaps\u00e1n\u00ed do knihy n\u00e1v\u0161t\u011bv a jen v dob\u011b od 8.00 do 22.00 hodiny.<\/li>\n<li>Host vy\u00fa\u010dtuje sv\u016fj pobyt p\u0159i p\u0159\u00edjezdu na recepci hotelu. Host se odhl\u00e1s\u00ed z pobytu nejpozd\u011bji do 10.00 hod v den odjezdu, v t\u00e9\u017ee dob\u011b uvoln\u00ed pokoj. Pokud host tak neu\u010din\u00ed v ur\u010den\u00e9 dob\u011b m\u016f\u017ee mu hotel \u00fa\u010dtovat pobyt i n\u00e1sleduj\u00edc\u00ed den. V p\u0159\u00edpad\u011b z\u00e1jmu o \u010dasn\u00fd Check-in nebo pozdn\u00ed Check-out kontaktujte pros\u00edm recepci hotelu. Poskytnut\u00ed t\u011bchto dopl\u0148kov\u00fdch slu\u017eeb z\u00e1vis\u00ed na aktu\u00e1ln\u00edch provozn\u00edch a kapacitn\u00edch mo\u017enostech hotelu. Poplatek za pozdn\u00ed Check-out do 13:00 hod. \/ 30\u20ac, do 16:00 hod. \/ 50% z ceny pokoje\/1 noc. \u010casn\u00fd Check-in do 10:00 hod. \/ 50% z ceny pokoje\/1 noc, od 10:00 \u2013 14:00 hod. \/ 30\u20ac.<\/li>\n<li>V hotelov\u00e9m pokoji nebo v prostor\u00e1ch hotelu nesm\u00ed host bez souhlasu veden\u00ed hotelu p\u0159em\u00eds\u0165ovat za\u0159\u00edzen\u00ed, prov\u00e1d\u011bt opravy a jak\u00e9koli z\u00e1sahy do elektrick\u00e9 s\u00edt\u011b nebo jin\u00e9 instalace.<\/li>\n<li>Hotelov\u00ed zam\u011bstnanci mohou vstupovat do pokoj\u016f za \u00fa\u010delem \u00faklidu pokoje, dopln\u011bn\u00ed minibaru a pokojov\u00fdch dopl\u0148k\u016f, v p\u0159\u00edpad\u011b, pokud je nezbytn\u00e9 odstranit poruchu, p\u0159\u00edpadn\u011b poskytnout zdravotn\u00ed pomoc, nebo v p\u0159\u00edpad\u011b podez\u0159en\u00ed z poru\u0161ov\u00e1n\u00ed ubytovac\u00edho \u0159\u00e1du \u010di v\u00e1\u017en\u00e9ho ohro\u017een\u00ed majetku hotelu nebo jin\u00fdch z\u00e1kazn\u00edk\u016f nebo ohro\u017een\u00ed \u017eivota nebo zdrav\u00ed osob.<\/li>\n<li>V objektu hotelu, zvl\u00e1\u0161t\u011b v pokoj\u00edch, nen\u00ed host\u016fm povoleno pou\u017e\u00edvat vlastn\u00ed elektrick\u00e9 spot\u0159ebi\u010de s v\u00fdjimkou elektrick\u00fdch spot\u0159ebi\u010d\u016f slou\u017e\u00edc\u00edch k osobn\u00ed hygien\u011b hosta (holic\u00ed, p\u0159\u00edp. mas\u00e1\u017en\u00ed strojky, vysou\u0161e\u010de vlas\u016f apod.).<\/li>\n<li>Host je povinen p\u0159i odchodu z pokoje uzav\u0159\u00edt vodovodn\u00ed uz\u00e1v\u011bry, vypnout v pokoji a p\u0159ilehl\u00fdch prostor\u00e1ch elektrick\u00e9 osv\u011btlen\u00ed a dal\u0161\u00ed spot\u0159ebi\u010de (r\u00e1dio, televize apod.) a uzav\u0159\u00edt dve\u0159e. Po ukon\u010den\u00ed pobytu, v den odjezdu p\u0159i odhl\u00e1\u0161en\u00ed se z hotelu, p\u0159ed\u00e1 host \u010dipovou kartu na recepci. Z\u00e1kazn\u00edk je povinen zanechat hotelov\u00fd pokoj ve stavu, v jak\u00e9m jej p\u0159evzal na za\u010d\u00e1tku pobytu. V p\u0159\u00edpad\u011b zp\u016fsoben\u00ed \u0161kody nebo zm\u011bny stavu hotelov\u00e9ho pokoje je z\u00e1kazn\u00edk povinen p\u0159ed ukon\u010den\u00edm pobytu uv\u00e9st hotelov\u00fd pokoj na vlastn\u00ed n\u00e1klady do p\u016fvodn\u00edho stavu, jinak je povinen nahradit provozovateli ve\u0161ker\u00e9 n\u00e1klady na uveden\u00ed pokoje do p\u016fvodn\u00edho stavu.<\/li>\n<li>Z bezpe\u010dnostn\u00edch d\u016fvod\u016f nen\u00ed povoleno nechat d\u011bti do 10 let bez dozoru dosp\u011bl\u00fdch osob v pokoji a ostatn\u00edch spole\u010densk\u00fdch prostor\u00e1ch hotelu.<\/li>\n<li>Hostu nen\u00ed dovoleno br\u00e1t na pokoj sportovn\u00ed n\u00e1\u0159ad\u00ed a p\u0159edm\u011bty, pro kter\u00e9 je na \u00faschovu vyhrazen\u00e9 m\u00edsto. Ubytov\u00e1n\u00ed se zv\u00ed\u0159etem je povoleno v\u00fdhradn\u011b na z\u00e1klad\u011b povolen\u00ed a uhrazen\u00ed poplatku za pobyt se zv\u00ed\u0159etem.<\/li>\n<\/ol>\n<p>Psi a jin\u00e1 zv\u00ed\u0159ata mohou b\u00fdt ubytov\u00e1na podle zvl\u00e1\u0161tn\u00edch p\u0159edpis\u016f. Cena za um\u00edst\u011bn\u00ed zv\u00ed\u0159at se \u00fa\u010dtuje na z\u00e1klad\u011b dohodnut\u00e9 ceny. Na ubytov\u00e1n\u00ed zv\u00ed\u0159at se vztahuj\u00ed n\u00e1sleduj\u00edc\u00ed opat\u0159en\u00ed:<\/p>\n<p>&#8211; nen\u00ed dovoleno, aby zv\u00ed\u0159ata byla v hotelov\u00fdch prostor\u00e1ch, v\u010detn\u011b hotelov\u00e9ho pokoje, ponech\u00e1na bez dozoru ubytovan\u00e9ho hosta (majitele nebo doprov\u00e1zej\u00edc\u00ed osoby),<\/p>\n<p>&#8211; zv\u00ed\u0159ata se nesm\u00ed nechat odpo\u010d\u00edvat \u2013 le\u017eet na l\u016f\u017eku nebo ostatn\u00edm za\u0159\u00edzen\u00ed, kter\u00e9 slou\u017e\u00ed k odpo\u010dinku hosta. Nen\u00ed dovoleno pou\u017e\u00edvat vany, sprchy nebo umyvadla ke koup\u00e1n\u00ed a myt\u00ed zv\u00ed\u0159at,<\/p>\n<p>&#8211; na krmen\u00ed ps\u016f a jin\u00fdch zv\u00ed\u0159at nesm\u00ed b\u00fdt pou\u017eit invent\u00e1\u0159, kter\u00fd slou\u017e\u00ed k p\u0159\u00edprav\u011b a pod\u00e1v\u00e1n\u00ed pokrmu host\u016fm,<\/p>\n<p>&#8211; odpov\u011bdnost za \u0161kody zp\u016fsoben\u00e9 zv\u00ed\u0159etem na majetku hotelu nese host nebo majitel zv\u00ed\u0159ete.<\/p>\n<ol start=\"19\">\n<li>Na \u00faschovu cenn\u00fdch v\u011bc\u00ed slou\u017e\u00ed host\u016fm trezory, kter\u00e9 se nach\u00e1zej\u00ed na ka\u017ed\u00e9m pokoji.<\/li>\n<li>No\u010dn\u00ed klid v hotelu je od 22:00 hod. do 06:00 hod. B\u011bhem no\u010dn\u00edho klidu nesm\u00ed host ru\u0161it ostatn\u00ed z\u00e1kazn\u00edky. Nen\u00ed vhodn\u00e1 siln\u00e1 hlasitost televize, hlu\u010dn\u00e9 mluven\u00ed, zp\u011bv, hlasit\u00e9 rozhovory v hotelov\u00fdch chodb\u00e1ch, hotelov\u00e9 terase apod.<\/li>\n<li>V hotelu je na viditeln\u00e9m m\u00edst\u011b vyv\u011b\u0161en po\u017e\u00e1rn\u00ed \u0159\u00e1d \u2013 host\u00e9 jsou povinni \u0159\u00eddit se j\u00edm b\u011bhem pobytu.<\/li>\n<li>Kou\u0159en\u00ed je povoleno pouze ve vyhrazen\u00fdch prostor\u00e1ch hotelu. V hotelov\u00fdch pokoj\u00edch a spole\u010densk\u00fdch prostor\u00e1ch hotelu plat\u00ed p\u0159\u00edsn\u00fd z\u00e1kaz kou\u0159en\u00ed. Hotel je opr\u00e1vn\u011bn \u00fa\u010dtovat \u010d\u00e1stku 50, &#8211; EUR za poru\u0161en\u00ed tohoto z\u00e1kazu. Z\u00e1kaz kou\u0159en\u00ed plat\u00ed i pro tzv. elektronick\u00e9 cigarety a jin\u00e9 podobn\u00e9 v\u00fdrobky, kter\u00e9 se u\u017e\u00edvaj\u00ed kou\u0159en\u00edm, i kdy\u017e neobsahuj\u00ed tab\u00e1k. Pro ku\u0159\u00e1ky jsou vyhrazeny prostory, ve kter\u00fdch je povoleno kou\u0159it \u2013 Hollywood Suite &amp; Cocktail bar v AquaCity Poprad, prostory p\u0159ed hotelem se stojanov\u00fdm popeln\u00edkem, terasa hotelu p\u0159i Lobby baru.<\/li>\n<li>Reklama\u010dn\u00ed \u0159\u00e1d \u2013 informace o podm\u00ednk\u00e1ch a zp\u016fsobu uplatn\u011bn\u00ed pr\u00e1v z odpov\u011bdnosti provozovatele za vady (d\u00e1le jen &#8220;reklamace&#8221;) v\u010detn\u011b \u00fadaj\u016f o tom, kde m\u016f\u017ee reklamaci uplatnit a postup p\u0159i uplatn\u011bn\u00ed reklamace poskytovan\u00fdch slu\u017eeb v hotelu jsou upraveny v Reklama\u010dn\u00edm \u0159\u00e1du hotelu, kter\u00fd je zve\u0159ejn\u011bn na internetov\u00e9 str\u00e1nce hotelu www.aquacityhotel.sk a dostupn\u00fd na recepci hotelu.<\/li>\n<li>Provozovatel hotelu odpov\u00edd\u00e1 za \u0161kodu vzniklou z\u00e1kazn\u00edkovi b\u011bhem pobytu v hotelu ve smyslu p\u0159\u00edslu\u0161n\u00fdch ustanoven\u00ed ob\u010dansk\u00e9ho z\u00e1kon\u00edku a ostatn\u00edch obecn\u011b z\u00e1vazn\u00fdch pr\u00e1vn\u00edch p\u0159edpis\u016f platn\u00fdch a \u00fa\u010dinn\u00fdch na \u00fazem\u00ed Slovensk\u00e9 republiky.<\/li>\n<li>Za klenoty, pen\u00edze a jin\u00e9 cennosti provozovatel odpov\u00edd\u00e1 jen do \u010d\u00e1stky 332, &#8211; EUR (souhrnn\u00e1 \u010d\u00e1stka pro v\u0161echny vnesen\u00e9 nebo dolo\u017een\u00e9 cennosti v r\u00e1mci jednoho pobytu v hotelu), leda\u017ee byly p\u0159evzaty provozovatelem do \u00faschovy. Hotel nab\u00edz\u00ed mo\u017enost p\u0159evzet\u00ed klenot\u016f, pen\u011bz a jin\u00fdch cennost\u00ed do \u00faschovy provozovatele a jejich um\u00edst\u011bn\u00ed v trezoru um\u00edst\u011bn\u00e9m na recepci hotelu, pokud to provozn\u00ed mo\u017enosti provozovatele umo\u017e\u0148uj\u00ed. O mo\u017enosti podle p\u0159edchoz\u00ed v\u011bty je z\u00e1kazn\u00edk povinen informovat se na recepci hotelu p\u0159i n\u00e1stupu na pobyt nebo kdykoliv b\u011bhem pobytu. Za \u00faschovu se pro tento \u00fa\u010del nepova\u017euje um\u00edst\u011bn\u00ed klenot\u016f, pen\u011bz a jin\u00fdch cennost\u00ed do trezoru nebo depozitn\u00ed sk\u0159\u00ed\u0148ky v hotelov\u00e9m pokoji.<\/li>\n<li>N\u00e1roky z odpov\u011bdnosti provozovatele za \u0161kodu je z\u00e1kazn\u00edk povinen uplatnit ve lh\u016ft\u00e1ch a zp\u016fsobem stanoven\u00fdmi p\u0159\u00edslu\u0161n\u00fdmi ustanoven\u00edmi ob\u010dansk\u00e9ho z\u00e1kon\u00edku a ostatn\u00edch obecn\u011b z\u00e1vazn\u00fdch pr\u00e1vn\u00edch p\u0159edpis\u016f platn\u00fdch a \u00fa\u010dinn\u00fdch na \u00fazem\u00ed Slovensk\u00e9 republiky.<\/li>\n<li>Zapomenut\u00e9 v\u011bci host\u016f v hotelu jsou evidov\u00e1ny a skladov\u00e1ny po dobu 6 m\u011bs\u00edc\u016f. Zapomenut\u00e9 v\u011bci hotel doru\u010d\u00ed z\u00e1kazn\u00edkovi pouze na z\u00e1klad\u011b jeho po\u017eadavku doru\u010den\u00e9m hotelu v uveden\u00e9 lh\u016ft\u011b na n\u00e1klady z\u00e1kazn\u00edka.<\/li>\n<li>Z\u00e1kazn\u00edk odpov\u00edd\u00e1 za \u0161kodu zp\u016fsobenou j\u00edm nebo osobami, za kter\u00e9 odpov\u00edd\u00e1, na majetku provozovatele a \/ nebo hotelu, jako\u017e i na \u017eivot\u011b, majetku nebo zdrav\u00ed zam\u011bstnanc\u016f provozovatele nebo jin\u00fdch z\u00e1kazn\u00edk\u016f. Takto vzniklou \u0161kodu je z\u00e1kazn\u00edk povinen nahradit po\u0161kozen\u00e9mu (provozovateli nebo z\u00e1kazn\u00edkovi nebo zam\u011bstnanci) ve smyslu p\u0159\u00edslu\u0161n\u00fdch obecn\u011b z\u00e1vazn\u00fdch pr\u00e1vn\u00edch p\u0159edpis\u016f.<\/li>\n<li>Host je povinen podat na recepci hotelu informaci o odchodu na individu\u00e1ln\u00ed t\u00faru a zapsat se do knihy vych\u00e1zek a t\u00far.<\/li>\n<li>Do prostor\u016f hotelu je mo\u017en\u00e9 p\u0159ij\u00ed\u017ed\u011bt motorov\u00fdmi vozidly pouze po p\u0159\u00edstupov\u00fdch cest\u00e1ch a s vozidly parkovat jen na vyhrazen\u00fdch m\u00edstech pro parkov\u00e1n\u00ed ubytovan\u00fdch host\u016f. Parkovac\u00ed plochy hotelu nejsou hl\u00eddan\u00e9 a cena ubytov\u00e1n\u00ed nezahrnuje hl\u00edd\u00e1n\u00ed motorov\u00e9ho vozidla ubytovan\u00e9ho hosta odstaven\u00e9ho na parkovi\u0161ti hotelu, ani jin\u00fd zp\u016fsob jeho ochrany.<\/li>\n<li>St\u00ed\u017enosti hosta a p\u0159\u00edpadn\u00e9 n\u00e1vrhy na zlep\u0161en\u00ed \u010dinnosti hotelu p\u0159ij\u00edm\u00e1 recepce hotelu.<\/li>\n<li>Ubytovan\u00fd host je povinen dodr\u017eovat ustanoven\u00ed ubytovac\u00edho \u0159\u00e1du. V p\u0159\u00edpad\u011b, \u017ee ho poru\u0161\u00ed hrub\u00fdm zp\u016fsobem, hotel podle $ 759 odst. 2 ob\u010dansk\u00e9ho z\u00e1kon\u00edku m\u016f\u017ee od smlouvy o ubytovac\u00edch slu\u017eb\u00e1ch odstoupit je\u0161t\u011b p\u0159ed uplynut\u00edm dohodnut\u00e9ho \u010dasu.<\/li>\n<\/ol>\n<p>Tento ubytovac\u00ed \u0159\u00e1d nab\u00fdv\u00e1 platnosti a \u00fa\u010dinnosti dne 1. 4. 2021.<\/p>\n<p>[\/vc_column_text][\/vc_column][\/vc_row]<\/p>\n","protected":false},"excerpt":{"rendered":"<p>[vc_row row_content_width=&#8221;grid&#8221; css=&#8221;.vc_custom_1494240440152{padding-bottom: 40px !important;}&#8221;][vc_column][vc_column_text] [\/vc_column_text][vc_column_text]Ubytovac\u00ed \u0159\u00e1d je vydan\u00fd spole\u010dnost\u00ed Aquapark Poprad s.r.o., \u0160portov\u00e1 1397\/1, 058 01 Poprad, I\u010cO: 36482609 I\u010c DPH: SK2020020486. spole\u010dnost zapsan\u00e1 v OR Okr. soudu Pre\u0161ov, odd. Sro, vlo\u017eka \u010d. 13805\/P \/ P (d\u00e1le jen &#8220;provozovatel&#8221;) [&hellip;]<\/p>\n","protected":false},"author":7,"featured_media":0,"parent":0,"menu_order":0,"comment_status":"closed","ping_status":"closed","template":"full-width.php","meta":{"inline_featured_image":false,"footnotes":"","_wp_rev_ctl_limit":""},"class_list":["post-15716","page","type-page","status-publish","hentry"],"yoast_head":"<!-- This site is optimized with the Yoast SEO plugin v26.4 - https:\/\/yoast.com\/wordpress\/plugins\/seo\/ -->\n<title>UBYTOVAC\u00cd \u0158\u00c1D - Aquacity Hotel<\/title>\n<meta name=\"robots\" content=\"index, follow, max-snippet:-1, max-image-preview:large, max-video-preview:-1\" \/>\n<link rel=\"canonical\" href=\"https:\/\/aquacityhotel.sk\/cs\/ubytovaci-rad\/\" \/>\n<meta property=\"og:locale\" content=\"cs_CZ\" \/>\n<meta property=\"og:type\" content=\"article\" \/>\n<meta property=\"og:title\" content=\"UBYTOVAC\u00cd \u0158\u00c1D - Aquacity Hotel\" \/>\n<meta property=\"og:description\" content=\"[vc_row row_content_width=&#8221;grid&#8221; css=&#8221;.vc_custom_1494240440152{padding-bottom: 40px !important;}&#8221;][vc_column][vc_column_text] [\/vc_column_text][vc_column_text]Ubytovac\u00ed \u0159\u00e1d je vydan\u00fd spole\u010dnost\u00ed Aquapark Poprad s.r.o., \u0160portov\u00e1 1397\/1, 058 01 Poprad, I\u010cO: 36482609 I\u010c DPH: SK2020020486. spole\u010dnost zapsan\u00e1 v OR Okr. soudu Pre\u0161ov, odd. Sro, vlo\u017eka \u010d. 13805\/P \/ P (d\u00e1le jen &#8220;provozovatel&#8221;) [&hellip;]\" \/>\n<meta property=\"og:url\" content=\"https:\/\/aquacityhotel.sk\/cs\/ubytovaci-rad\/\" \/>\n<meta property=\"og:site_name\" content=\"Aquacity Hotel\" \/>\n<meta property=\"article:modified_time\" content=\"2024-05-22T08:10:27+00:00\" \/>\n<meta name=\"twitter:card\" content=\"summary_large_image\" \/>\n<meta name=\"twitter:label1\" content=\"Odhadovan\u00e1 doba \u010dten\u00ed\" \/>\n\t<meta name=\"twitter:data1\" content=\"10 minut\" \/>\n<script type=\"application\/ld+json\" class=\"yoast-schema-graph\">{\"@context\":\"https:\/\/schema.org\",\"@graph\":[{\"@type\":\"WebPage\",\"@id\":\"https:\/\/aquacityhotel.sk\/cs\/ubytovaci-rad\/\",\"url\":\"https:\/\/aquacityhotel.sk\/cs\/ubytovaci-rad\/\",\"name\":\"UBYTOVAC\u00cd \u0158\u00c1D - Aquacity Hotel\",\"isPartOf\":{\"@id\":\"https:\/\/aquacityhotel.sk\/#website\"},\"datePublished\":\"2021-02-19T13:00:42+00:00\",\"dateModified\":\"2024-05-22T08:10:27+00:00\",\"breadcrumb\":{\"@id\":\"https:\/\/aquacityhotel.sk\/cs\/ubytovaci-rad\/#breadcrumb\"},\"inLanguage\":\"cs\",\"potentialAction\":[{\"@type\":\"ReadAction\",\"target\":[\"https:\/\/aquacityhotel.sk\/cs\/ubytovaci-rad\/\"]}]},{\"@type\":\"BreadcrumbList\",\"@id\":\"https:\/\/aquacityhotel.sk\/cs\/ubytovaci-rad\/#breadcrumb\",\"itemListElement\":[{\"@type\":\"ListItem\",\"position\":1,\"name\":\"Domovsk\u00e1 str\u00e1nka\",\"item\":\"https:\/\/aquacityhotel.sk\/\"},{\"@type\":\"ListItem\",\"position\":2,\"name\":\"UBYTOVAC\u00cd \u0158\u00c1D\"}]},{\"@type\":\"WebSite\",\"@id\":\"https:\/\/aquacityhotel.sk\/#website\",\"url\":\"https:\/\/aquacityhotel.sk\/\",\"name\":\"Aquacity Hotel\",\"description\":\"Ubytovanie Vysok\u00e9 Tatry Slovensko\",\"potentialAction\":[{\"@type\":\"SearchAction\",\"target\":{\"@type\":\"EntryPoint\",\"urlTemplate\":\"https:\/\/aquacityhotel.sk\/?s={search_term_string}\"},\"query-input\":{\"@type\":\"PropertyValueSpecification\",\"valueRequired\":true,\"valueName\":\"search_term_string\"}}],\"inLanguage\":\"cs\"}]}<\/script>\n<!-- \/ Yoast SEO plugin. -->","yoast_head_json":{"title":"UBYTOVAC\u00cd \u0158\u00c1D - Aquacity Hotel","robots":{"index":"index","follow":"follow","max-snippet":"max-snippet:-1","max-image-preview":"max-image-preview:large","max-video-preview":"max-video-preview:-1"},"canonical":"https:\/\/aquacityhotel.sk\/cs\/ubytovaci-rad\/","og_locale":"cs_CZ","og_type":"article","og_title":"UBYTOVAC\u00cd \u0158\u00c1D - Aquacity Hotel","og_description":"[vc_row row_content_width=&#8221;grid&#8221; css=&#8221;.vc_custom_1494240440152{padding-bottom: 40px !important;}&#8221;][vc_column][vc_column_text] [\/vc_column_text][vc_column_text]Ubytovac\u00ed \u0159\u00e1d je vydan\u00fd spole\u010dnost\u00ed Aquapark Poprad s.r.o., \u0160portov\u00e1 1397\/1, 058 01 Poprad, I\u010cO: 36482609 I\u010c DPH: SK2020020486. spole\u010dnost zapsan\u00e1 v OR Okr. soudu Pre\u0161ov, odd. Sro, vlo\u017eka \u010d. 13805\/P \/ P (d\u00e1le jen &#8220;provozovatel&#8221;) [&hellip;]","og_url":"https:\/\/aquacityhotel.sk\/cs\/ubytovaci-rad\/","og_site_name":"Aquacity Hotel","article_modified_time":"2024-05-22T08:10:27+00:00","twitter_card":"summary_large_image","twitter_misc":{"Odhadovan\u00e1 doba \u010dten\u00ed":"10 minut"},"schema":{"@context":"https:\/\/schema.org","@graph":[{"@type":"WebPage","@id":"https:\/\/aquacityhotel.sk\/cs\/ubytovaci-rad\/","url":"https:\/\/aquacityhotel.sk\/cs\/ubytovaci-rad\/","name":"UBYTOVAC\u00cd \u0158\u00c1D - Aquacity Hotel","isPartOf":{"@id":"https:\/\/aquacityhotel.sk\/#website"},"datePublished":"2021-02-19T13:00:42+00:00","dateModified":"2024-05-22T08:10:27+00:00","breadcrumb":{"@id":"https:\/\/aquacityhotel.sk\/cs\/ubytovaci-rad\/#breadcrumb"},"inLanguage":"cs","potentialAction":[{"@type":"ReadAction","target":["https:\/\/aquacityhotel.sk\/cs\/ubytovaci-rad\/"]}]},{"@type":"BreadcrumbList","@id":"https:\/\/aquacityhotel.sk\/cs\/ubytovaci-rad\/#breadcrumb","itemListElement":[{"@type":"ListItem","position":1,"name":"Domovsk\u00e1 str\u00e1nka","item":"https:\/\/aquacityhotel.sk\/"},{"@type":"ListItem","position":2,"name":"UBYTOVAC\u00cd \u0158\u00c1D"}]},{"@type":"WebSite","@id":"https:\/\/aquacityhotel.sk\/#website","url":"https:\/\/aquacityhotel.sk\/","name":"Aquacity Hotel","description":"Ubytovanie Vysok\u00e9 Tatry Slovensko","potentialAction":[{"@type":"SearchAction","target":{"@type":"EntryPoint","urlTemplate":"https:\/\/aquacityhotel.sk\/?s={search_term_string}"},"query-input":{"@type":"PropertyValueSpecification","valueRequired":true,"valueName":"search_term_string"}}],"inLanguage":"cs"}]}},"_links":{"self":[{"href":"https:\/\/aquacityhotel.sk\/cs\/wp-json\/wp\/v2\/pages\/15716","targetHints":{"allow":["GET"]}}],"collection":[{"href":"https:\/\/aquacityhotel.sk\/cs\/wp-json\/wp\/v2\/pages"}],"about":[{"href":"https:\/\/aquacityhotel.sk\/cs\/wp-json\/wp\/v2\/types\/page"}],"author":[{"embeddable":true,"href":"https:\/\/aquacityhotel.sk\/cs\/wp-json\/wp\/v2\/users\/7"}],"replies":[{"embeddable":true,"href":"https:\/\/aquacityhotel.sk\/cs\/wp-json\/wp\/v2\/comments?post=15716"}],"version-history":[{"count":11,"href":"https:\/\/aquacityhotel.sk\/cs\/wp-json\/wp\/v2\/pages\/15716\/revisions"}],"predecessor-version":[{"id":20591,"href":"https:\/\/aquacityhotel.sk\/cs\/wp-json\/wp\/v2\/pages\/15716\/revisions\/20591"}],"wp:attachment":[{"href":"https:\/\/aquacityhotel.sk\/cs\/wp-json\/wp\/v2\/media?parent=15716"}],"curies":[{"name":"wp","href":"https:\/\/api.w.org\/{rel}","templated":true}]}}