
{"id":15702,"date":"2021-04-23T06:36:03","date_gmt":"2021-04-23T04:36:03","guid":{"rendered":"https:\/\/horizontresort.sk\/sportove-aktivity\/"},"modified":"2024-08-04T07:28:55","modified_gmt":"2024-08-04T05:28:55","slug":"sportovni-sluzby","status":"publish","type":"page","link":"https:\/\/aquacityhotel.sk\/cs\/sportovni-sluzby\/","title":{"rendered":"Sportovn\u00ed slu\u017eby"},"content":{"rendered":"<p>[vc_row][vc_column][vc_column_text]V hotelech AquaCity Poprad si krom\u011b mno\u017estv\u00ed wellness atrakc\u00ed m\u016f\u017eete dop\u0159\u00e1t \u0161irokou nab\u00eddku sportovn\u00edch slu\u017eeb.[\/vc_column_text][\/vc_column][\/vc_row][vc_row content_text_aligment=&#8221;center&#8221; css=&#8221;.vc_custom_1494232305593{padding-top: 80px !important;padding-bottom: 30px !important;}&#8221;][vc_column width=&#8221;1\/2&#8243; offset=&#8221;vc_col-md-6&#8243;]<div class=\"mkdf-image-with-text-holder   \">\n    <div class=\"mkdf-iwt-image\">\n                                    <img loading=\"lazy\" decoding=\"async\" src=\"https:\/\/aquacityhotel.sk\/wp-content\/uploads\/2022\/07\/AquaCity_web_2022_00-1920x1080.jpg\" alt=\"\" width=\"1920\" height=\"1080\" \/>                        <\/div>\n    <div class=\"mkdf-iwt-text-holder\">\n        \n                    <h5 class=\"mkdf-iwt-title\" >FITNES CENTRUM<\/h5>\n        \n        \n\t\t            <p class=\"mkdf-iwt-text\" >V na\u0161em fitness centru jsou v\u00e1m k dispozici posilovac\u00ed stroje, kardio stroje, b\u011b\u017eeck\u00e9 p\u00e1sy, veslovac\u00ed trena\u017e\u00e9ry, na kter\u00fdch m\u016f\u017eete procvi\u010dovat v\u0161echny svalov\u00e9 partie. Sady lavi\u010dek, \u010dinek, jednoru\u010dek a stroje s jednoduch\u00fdm ovl\u00e1d\u00e1n\u00edm a modern\u00edm designem spln\u00ed o\u010dek\u00e1v\u00e1n\u00ed ka\u017ed\u00e9ho z\u00e1kazn\u00edka. K dispozici jsou v\u00e1m i na\u0161i zku\u0161en\u00ed instrukto\u0159i a instruktorky, kte\u0159\u00ed v\u00e1m ochotn\u011b pomohou a porad\u00ed p\u0159i va\u0161em tr\u00e9ninku. V AquaCity je snadn\u00e9 skloubit cvi\u010den\u00ed spolu se z\u00e1bavou. D\u00edky na\u0161im investic\u00edm do skv\u011bl\u00e9ho vybaven\u00ed, \u0161kolen\u00e9ho person\u00e1lu, prostorn\u00fdch m\u00edstnost\u00ed fitcenter, pohodln\u00fdch prostor na p\u0159evl\u00e9k\u00e1n\u00ed a \u0161aten bude pro v\u00e1s cvi\u010den\u00ed zaru\u010den\u011b p\u0159\u00edjemn\u00e9 a prosp\u011b\u0161n\u00e9. V \u00fatuln\u00e9m a p\u0159\u00edjemn\u00e9m prost\u0159ed\u00ed si cvi\u010den\u00edm na kardio stroj\u00edch vybudujete, udr\u017e\u00edte a pos\u00edl\u00edte va\u0161i kondici, zdrav\u00ed a sebev\u011bdom\u00ed. Kardio cvi\u010den\u00edm z\u00edsk\u00e1te pos\u00edlen\u00ed kardiovaskul\u00e1rn\u00edho syst\u00e9mu, imunity, odbour\u00e1v\u00e1n\u00ed tuku, zvy\u0161ov\u00e1n\u00ed kondice, a sni\u017eov\u00e1n\u00ed stresu.<\/p>\n            <\/div>\n<\/div>[vc_empty_space height=&#8221;40px&#8221;][\/vc_column][vc_column width=&#8221;1\/2&#8243; offset=&#8221;vc_col-md-6&#8243;]<div class=\"mkdf-image-with-text-holder   \">\n    <div class=\"mkdf-iwt-image\">\n                                    <img loading=\"lazy\" decoding=\"async\" src=\"https:\/\/aquacityhotel.sk\/wp-content\/uploads\/2021\/09\/citybeach02-1920x1080.jpg\" alt=\"\" width=\"1920\" height=\"1080\" \/>                        <\/div>\n    <div class=\"mkdf-iwt-text-holder\">\n        \n                    <h5 class=\"mkdf-iwt-title\" >SPORTOVN\u00cd ARE\u00c1L<\/h5>\n        \n        \n\t\t            <p class=\"mkdf-iwt-text\" >Letn\u00ed z\u00e1bavn\u00fd a sportovn\u00ed are\u00e1l je ide\u00e1ln\u00edm m\u00edstem pro z\u00e1bavu s p\u0159\u00e1teli, po\u0159\u00e1d\u00e1n\u00ed akc\u00ed, festival\u016f, teambuildingov\u00fdch akc\u00ed nebo sportovn\u00edch \u010di firemn\u00edch turnaj\u016f. Nach\u00e1z\u00ed se zde p\u00edse\u010dn\u00e1 pl\u00e1\u017e s mo\u0159sk\u00fdm p\u00edskem, leh\u00e1tky, slune\u010dn\u00edky a pl\u00e1\u017eov\u00fdm barem s exotickou hudbou pro ty, kte\u0159\u00ed si cht\u011bj\u00ed dop\u0159\u00e1t skute\u010dn\u00fd dovolenkov\u00fd relax pod Vysok\u00fdmi Tatrami.&lt;\/p&gt;\n&lt;p&gt;V are\u00e1lu jsou k dispozici h\u0159i\u0161t\u011b a sportovi\u0161t\u011b:&lt;\/p&gt;\n&lt;p&gt;dv\u011b h\u0159i\u0161t\u011b na pl\u00e1\u017eov\u00fd volejbal&lt;br \/&gt;\nh\u0159i\u0161t\u011b na pl\u00e1\u017eov\u00fd fotbal s brankami&lt;br \/&gt;\nnafukovac\u00ed atrakce, pir\u00e1tsk\u00fd baz\u00e9n, skluzavky, sk\u00e1kac\u00ed hrady a trampol\u00edny<\/p>\n            <\/div>\n<\/div>[vc_empty_space height=&#8221;40px&#8221;][\/vc_column][\/vc_row][vc_row equal_height=&#8221;yes&#8221; content_placement=&#8221;top&#8221; enable_arrows_animation=&#8221;no&#8221; css=&#8221;.vc_custom_1614164314443{padding-top: 0px !important;padding-right: 0px !important;padding-bottom: 0px !important;padding-left: 0px !important;}&#8221;][vc_column css=&#8221;.vc_custom_1614164333616{padding-top: 0px !important;padding-bottom: 0px !important;}&#8221; offset=&#8221;vc_col-lg-3 vc_col-md-12&#8243;]<div class=\"mkdf-elements-holder   mkdf-one-column  mkdf-responsive-mode-768 \" ><div class=\"mkdf-eh-item    \"  data-item-class=\"mkdf-eh-custom-9609\" data-1280-1600=\"35px 16px 0 50px\" data-1024-1280=\"28px 14px 0 51px\" data-768-1024=\"30px 89px 42px 134px\" data-680-768=\"20px 90px 40px 87px\" data-680=\"15px 45px 25px 61px\">\n\t<div class=\"mkdf-eh-item-inner\">\n\t\t<div class=\"mkdf-eh-item-content mkdf-eh-custom-9609\" style=\"padding: 122px 70px 0 88px\">\n\t\t\t[vc_column_text]<\/p>\n<h3 style=\"font-size: 24px; font-weight: 600;\">Fotogalerie<\/h3>\n<p>[\/vc_column_text]<div class=\"mkdf-separator-holder clearfix  mkdf-separator-left \">\n\t<div class=\"mkdf-separator\" style=\"border-color: #333132;width: 60px;border-bottom-width: 1px;margin-top: 10px\"><\/div>\n<\/div>\n[vc_column_text]<\/p>\n<p style=\"margin-top: 0px;\">Sportovn\u00ed slu\u017eby v AquaCity Poprad<\/p>\n<p>[\/vc_column_text][vc_empty_space height=&#8221;8px&#8221;]<a itemprop=\"url\" href=\"https:\/\/aquacityhotel.sk\/cs\/galerie\/\" target=\"_blank\"  class=\"mkdf-btn mkdf-btn-medium mkdf-btn-simple\"  >\n    <span class=\"mkdf-btn-text\">V\u00edce informac\u00ed<\/span>\n    <\/a>\t\t<\/div>\n\t<\/div>\n<\/div><\/div>[\/vc_column][vc_column css=&#8221;.vc_custom_1493370933032{padding-top: 0px !important;padding-right: 0px !important;padding-bottom: 0px !important;padding-left: 12px !important;}&#8221; offset=&#8221;vc_col-lg-9 vc_col-md-12&#8243;]<div class=\"mkdf-image-gallery  mkdf-ig-carousel-type  mkdf-image-behavior-lightbox \">\n\t<div class=\"mkdf-ig-slider mkdf-owl-slider\" data-number-of-items=\"3\" data-enable-loop=\"yes\" data-enable-autoplay=\"yes\" data-slider-speed=\"5000\" data-slider-speed-animation=\"600\" data-slider-padding=\"no\" data-enable-navigation=\"no\" data-enable-pagination=\"no\">\n\t\t\t\t\t<div class=\"mkdf-ig-image\">\n\t\t\t\t\t\t\t\t\t<a itemprop=\"image\" class=\"mkdf-ig-lightbox mkdf-block-drag-link\" href=\"https:\/\/aquacityhotel.sk\/wp-content\/uploads\/2022\/07\/AquaCity_web_2022_00-1.jpg\" data-rel=\"prettyPhoto[image_gallery_pretty_photo-545]\" title=\"AquaCity_web_2022_00\">\n\t\t\t\t\t\t\t\t\t<img loading=\"lazy\" decoding=\"async\" width=\"1920\" height=\"1080\" src=\"https:\/\/aquacityhotel.sk\/wp-content\/uploads\/2022\/07\/AquaCity_web_2022_00-1.jpg\" class=\"attachment-full size-full\" alt=\"\" srcset=\"https:\/\/aquacityhotel.sk\/wp-content\/uploads\/2022\/07\/AquaCity_web_2022_00-1.jpg 1920w, https:\/\/aquacityhotel.sk\/wp-content\/uploads\/2022\/07\/AquaCity_web_2022_00-1-300x169.jpg 300w, https:\/\/aquacityhotel.sk\/wp-content\/uploads\/2022\/07\/AquaCity_web_2022_00-1-1024x576.jpg 1024w, https:\/\/aquacityhotel.sk\/wp-content\/uploads\/2022\/07\/AquaCity_web_2022_00-1-768x432.jpg 768w, https:\/\/aquacityhotel.sk\/wp-content\/uploads\/2022\/07\/AquaCity_web_2022_00-1-1536x864.jpg 1536w, https:\/\/aquacityhotel.sk\/wp-content\/uploads\/2022\/07\/AquaCity_web_2022_00-1-1320x743.jpg 1320w, https:\/\/aquacityhotel.sk\/wp-content\/uploads\/2022\/07\/AquaCity_web_2022_00-1-600x338.jpg 600w\" sizes=\"auto, (max-width: 1920px) 100vw, 1920px\" \/>\t\t\t\t\t\t\t\t\t<\/a>\n\t\t\t\t\t\t\t<\/div>\n\t\t\t\t\t<div class=\"mkdf-ig-image\">\n\t\t\t\t\t\t\t\t\t<a itemprop=\"image\" class=\"mkdf-ig-lightbox mkdf-block-drag-link\" href=\"https:\/\/aquacityhotel.sk\/wp-content\/uploads\/2022\/07\/AquaCity_web_2022_01.jpg\" data-rel=\"prettyPhoto[image_gallery_pretty_photo-545]\" title=\"AquaCity_web_2022_01\">\n\t\t\t\t\t\t\t\t\t<img loading=\"lazy\" decoding=\"async\" width=\"1920\" height=\"1080\" src=\"https:\/\/aquacityhotel.sk\/wp-content\/uploads\/2022\/07\/AquaCity_web_2022_01.jpg\" class=\"attachment-full size-full\" alt=\"\" srcset=\"https:\/\/aquacityhotel.sk\/wp-content\/uploads\/2022\/07\/AquaCity_web_2022_01.jpg 1920w, https:\/\/aquacityhotel.sk\/wp-content\/uploads\/2022\/07\/AquaCity_web_2022_01-300x169.jpg 300w, https:\/\/aquacityhotel.sk\/wp-content\/uploads\/2022\/07\/AquaCity_web_2022_01-1024x576.jpg 1024w, https:\/\/aquacityhotel.sk\/wp-content\/uploads\/2022\/07\/AquaCity_web_2022_01-768x432.jpg 768w, https:\/\/aquacityhotel.sk\/wp-content\/uploads\/2022\/07\/AquaCity_web_2022_01-1536x864.jpg 1536w, https:\/\/aquacityhotel.sk\/wp-content\/uploads\/2022\/07\/AquaCity_web_2022_01-1320x743.jpg 1320w, https:\/\/aquacityhotel.sk\/wp-content\/uploads\/2022\/07\/AquaCity_web_2022_01-600x338.jpg 600w\" sizes=\"auto, (max-width: 1920px) 100vw, 1920px\" \/>\t\t\t\t\t\t\t\t\t<\/a>\n\t\t\t\t\t\t\t<\/div>\n\t\t\t\t\t<div class=\"mkdf-ig-image\">\n\t\t\t\t\t\t\t\t\t<a itemprop=\"image\" class=\"mkdf-ig-lightbox mkdf-block-drag-link\" href=\"https:\/\/aquacityhotel.sk\/wp-content\/uploads\/2022\/07\/AquaCity_web_2022_02.jpg\" data-rel=\"prettyPhoto[image_gallery_pretty_photo-545]\" title=\"AquaCity_web_2022_02\">\n\t\t\t\t\t\t\t\t\t<img loading=\"lazy\" decoding=\"async\" width=\"1920\" height=\"1080\" src=\"https:\/\/aquacityhotel.sk\/wp-content\/uploads\/2022\/07\/AquaCity_web_2022_02.jpg\" class=\"attachment-full size-full\" alt=\"\" srcset=\"https:\/\/aquacityhotel.sk\/wp-content\/uploads\/2022\/07\/AquaCity_web_2022_02.jpg 1920w, https:\/\/aquacityhotel.sk\/wp-content\/uploads\/2022\/07\/AquaCity_web_2022_02-300x169.jpg 300w, https:\/\/aquacityhotel.sk\/wp-content\/uploads\/2022\/07\/AquaCity_web_2022_02-1024x576.jpg 1024w, https:\/\/aquacityhotel.sk\/wp-content\/uploads\/2022\/07\/AquaCity_web_2022_02-768x432.jpg 768w, https:\/\/aquacityhotel.sk\/wp-content\/uploads\/2022\/07\/AquaCity_web_2022_02-1536x864.jpg 1536w, https:\/\/aquacityhotel.sk\/wp-content\/uploads\/2022\/07\/AquaCity_web_2022_02-1320x743.jpg 1320w, https:\/\/aquacityhotel.sk\/wp-content\/uploads\/2022\/07\/AquaCity_web_2022_02-600x338.jpg 600w\" sizes=\"auto, (max-width: 1920px) 100vw, 1920px\" \/>\t\t\t\t\t\t\t\t\t<\/a>\n\t\t\t\t\t\t\t<\/div>\n\t\t\t\t\t<div class=\"mkdf-ig-image\">\n\t\t\t\t\t\t\t\t\t<a itemprop=\"image\" class=\"mkdf-ig-lightbox mkdf-block-drag-link\" href=\"https:\/\/aquacityhotel.sk\/wp-content\/uploads\/2022\/07\/AquaCity_web_2022_03.jpg\" data-rel=\"prettyPhoto[image_gallery_pretty_photo-545]\" title=\"AquaCity_web_2022_03\">\n\t\t\t\t\t\t\t\t\t<img loading=\"lazy\" decoding=\"async\" width=\"1920\" height=\"1080\" src=\"https:\/\/aquacityhotel.sk\/wp-content\/uploads\/2022\/07\/AquaCity_web_2022_03.jpg\" class=\"attachment-full size-full\" alt=\"\" srcset=\"https:\/\/aquacityhotel.sk\/wp-content\/uploads\/2022\/07\/AquaCity_web_2022_03.jpg 1920w, https:\/\/aquacityhotel.sk\/wp-content\/uploads\/2022\/07\/AquaCity_web_2022_03-300x169.jpg 300w, https:\/\/aquacityhotel.sk\/wp-content\/uploads\/2022\/07\/AquaCity_web_2022_03-1024x576.jpg 1024w, https:\/\/aquacityhotel.sk\/wp-content\/uploads\/2022\/07\/AquaCity_web_2022_03-768x432.jpg 768w, https:\/\/aquacityhotel.sk\/wp-content\/uploads\/2022\/07\/AquaCity_web_2022_03-1536x864.jpg 1536w, https:\/\/aquacityhotel.sk\/wp-content\/uploads\/2022\/07\/AquaCity_web_2022_03-1320x743.jpg 1320w, https:\/\/aquacityhotel.sk\/wp-content\/uploads\/2022\/07\/AquaCity_web_2022_03-600x338.jpg 600w\" sizes=\"auto, (max-width: 1920px) 100vw, 1920px\" \/>\t\t\t\t\t\t\t\t\t<\/a>\n\t\t\t\t\t\t\t<\/div>\n\t\t\t\t\t<div class=\"mkdf-ig-image\">\n\t\t\t\t\t\t\t\t\t<a itemprop=\"image\" class=\"mkdf-ig-lightbox mkdf-block-drag-link\" href=\"https:\/\/aquacityhotel.sk\/wp-content\/uploads\/2022\/07\/AquaCity_web_2022_04.jpg\" data-rel=\"prettyPhoto[image_gallery_pretty_photo-545]\" title=\"AquaCity_web_2022_04\">\n\t\t\t\t\t\t\t\t\t<img loading=\"lazy\" decoding=\"async\" width=\"1920\" height=\"1080\" src=\"https:\/\/aquacityhotel.sk\/wp-content\/uploads\/2022\/07\/AquaCity_web_2022_04.jpg\" class=\"attachment-full size-full\" alt=\"\" srcset=\"https:\/\/aquacityhotel.sk\/wp-content\/uploads\/2022\/07\/AquaCity_web_2022_04.jpg 1920w, https:\/\/aquacityhotel.sk\/wp-content\/uploads\/2022\/07\/AquaCity_web_2022_04-300x169.jpg 300w, https:\/\/aquacityhotel.sk\/wp-content\/uploads\/2022\/07\/AquaCity_web_2022_04-1024x576.jpg 1024w, https:\/\/aquacityhotel.sk\/wp-content\/uploads\/2022\/07\/AquaCity_web_2022_04-768x432.jpg 768w, https:\/\/aquacityhotel.sk\/wp-content\/uploads\/2022\/07\/AquaCity_web_2022_04-1536x864.jpg 1536w, https:\/\/aquacityhotel.sk\/wp-content\/uploads\/2022\/07\/AquaCity_web_2022_04-1320x743.jpg 1320w, https:\/\/aquacityhotel.sk\/wp-content\/uploads\/2022\/07\/AquaCity_web_2022_04-600x338.jpg 600w\" sizes=\"auto, (max-width: 1920px) 100vw, 1920px\" \/>\t\t\t\t\t\t\t\t\t<\/a>\n\t\t\t\t\t\t\t<\/div>\n\t\t\t\t\t<div class=\"mkdf-ig-image\">\n\t\t\t\t\t\t\t\t\t<a itemprop=\"image\" class=\"mkdf-ig-lightbox mkdf-block-drag-link\" href=\"https:\/\/aquacityhotel.sk\/wp-content\/uploads\/2022\/07\/AquaCity_web_2022_05.jpg\" data-rel=\"prettyPhoto[image_gallery_pretty_photo-545]\" title=\"AquaCity_web_2022_05\">\n\t\t\t\t\t\t\t\t\t<img loading=\"lazy\" decoding=\"async\" width=\"1920\" height=\"1080\" src=\"https:\/\/aquacityhotel.sk\/wp-content\/uploads\/2022\/07\/AquaCity_web_2022_05.jpg\" class=\"attachment-full size-full\" alt=\"\" srcset=\"https:\/\/aquacityhotel.sk\/wp-content\/uploads\/2022\/07\/AquaCity_web_2022_05.jpg 1920w, https:\/\/aquacityhotel.sk\/wp-content\/uploads\/2022\/07\/AquaCity_web_2022_05-300x169.jpg 300w, https:\/\/aquacityhotel.sk\/wp-content\/uploads\/2022\/07\/AquaCity_web_2022_05-1024x576.jpg 1024w, https:\/\/aquacityhotel.sk\/wp-content\/uploads\/2022\/07\/AquaCity_web_2022_05-768x432.jpg 768w, https:\/\/aquacityhotel.sk\/wp-content\/uploads\/2022\/07\/AquaCity_web_2022_05-1536x864.jpg 1536w, https:\/\/aquacityhotel.sk\/wp-content\/uploads\/2022\/07\/AquaCity_web_2022_05-1320x743.jpg 1320w, https:\/\/aquacityhotel.sk\/wp-content\/uploads\/2022\/07\/AquaCity_web_2022_05-600x338.jpg 600w\" sizes=\"auto, (max-width: 1920px) 100vw, 1920px\" \/>\t\t\t\t\t\t\t\t\t<\/a>\n\t\t\t\t\t\t\t<\/div>\n\t\t\t\t\t<div class=\"mkdf-ig-image\">\n\t\t\t\t\t\t\t\t\t<a itemprop=\"image\" class=\"mkdf-ig-lightbox mkdf-block-drag-link\" href=\"https:\/\/aquacityhotel.sk\/wp-content\/uploads\/2022\/07\/AquaCity_web_2022_06-1.jpg\" data-rel=\"prettyPhoto[image_gallery_pretty_photo-545]\" title=\"AquaCity_web_2022_06\">\n\t\t\t\t\t\t\t\t\t<img loading=\"lazy\" decoding=\"async\" width=\"1920\" height=\"1080\" src=\"https:\/\/aquacityhotel.sk\/wp-content\/uploads\/2022\/07\/AquaCity_web_2022_06-1.jpg\" class=\"attachment-full size-full\" alt=\"\" srcset=\"https:\/\/aquacityhotel.sk\/wp-content\/uploads\/2022\/07\/AquaCity_web_2022_06-1.jpg 1920w, https:\/\/aquacityhotel.sk\/wp-content\/uploads\/2022\/07\/AquaCity_web_2022_06-1-300x169.jpg 300w, https:\/\/aquacityhotel.sk\/wp-content\/uploads\/2022\/07\/AquaCity_web_2022_06-1-1024x576.jpg 1024w, https:\/\/aquacityhotel.sk\/wp-content\/uploads\/2022\/07\/AquaCity_web_2022_06-1-768x432.jpg 768w, https:\/\/aquacityhotel.sk\/wp-content\/uploads\/2022\/07\/AquaCity_web_2022_06-1-1536x864.jpg 1536w, https:\/\/aquacityhotel.sk\/wp-content\/uploads\/2022\/07\/AquaCity_web_2022_06-1-1320x743.jpg 1320w, https:\/\/aquacityhotel.sk\/wp-content\/uploads\/2022\/07\/AquaCity_web_2022_06-1-600x338.jpg 600w\" sizes=\"auto, (max-width: 1920px) 100vw, 1920px\" \/>\t\t\t\t\t\t\t\t\t<\/a>\n\t\t\t\t\t\t\t<\/div>\n\t\t\t\t\t<div class=\"mkdf-ig-image\">\n\t\t\t\t\t\t\t\t\t<a itemprop=\"image\" class=\"mkdf-ig-lightbox mkdf-block-drag-link\" href=\"https:\/\/aquacityhotel.sk\/wp-content\/uploads\/2022\/07\/AquaCity_web_2022_07.jpg\" data-rel=\"prettyPhoto[image_gallery_pretty_photo-545]\" title=\"AquaCity_web_2022_07\">\n\t\t\t\t\t\t\t\t\t<img loading=\"lazy\" decoding=\"async\" width=\"1920\" height=\"1080\" src=\"https:\/\/aquacityhotel.sk\/wp-content\/uploads\/2022\/07\/AquaCity_web_2022_07.jpg\" class=\"attachment-full size-full\" alt=\"\" srcset=\"https:\/\/aquacityhotel.sk\/wp-content\/uploads\/2022\/07\/AquaCity_web_2022_07.jpg 1920w, https:\/\/aquacityhotel.sk\/wp-content\/uploads\/2022\/07\/AquaCity_web_2022_07-300x169.jpg 300w, https:\/\/aquacityhotel.sk\/wp-content\/uploads\/2022\/07\/AquaCity_web_2022_07-1024x576.jpg 1024w, https:\/\/aquacityhotel.sk\/wp-content\/uploads\/2022\/07\/AquaCity_web_2022_07-768x432.jpg 768w, https:\/\/aquacityhotel.sk\/wp-content\/uploads\/2022\/07\/AquaCity_web_2022_07-1536x864.jpg 1536w, https:\/\/aquacityhotel.sk\/wp-content\/uploads\/2022\/07\/AquaCity_web_2022_07-1320x743.jpg 1320w, https:\/\/aquacityhotel.sk\/wp-content\/uploads\/2022\/07\/AquaCity_web_2022_07-600x338.jpg 600w\" sizes=\"auto, (max-width: 1920px) 100vw, 1920px\" \/>\t\t\t\t\t\t\t\t\t<\/a>\n\t\t\t\t\t\t\t<\/div>\n\t\t\t<\/div>\n<\/div>[\/vc_column][\/vc_row][vc_row][vc_column][vc_separator][\/vc_column][\/vc_row][vc_row][vc_column][vc_separator][vc_separator][\/vc_column][\/vc_row][vc_row][vc_column][vc_empty_space][\/vc_column][\/vc_row]<\/p>\n","protected":false},"excerpt":{"rendered":"<p>[vc_row][vc_column][vc_column_text]V hotelech AquaCity Poprad si krom\u011b mno\u017estv\u00ed wellness atrakc\u00ed m\u016f\u017eete dop\u0159\u00e1t \u0161irokou nab\u00eddku sportovn\u00edch slu\u017eeb.[\/vc_column_text][\/vc_column][\/vc_row][vc_row content_text_aligment=&#8221;center&#8221; css=&#8221;.vc_custom_1494232305593{padding-top: 80px !important;padding-bottom: 30px !important;}&#8221;][vc_column width=&#8221;1\/2&#8243; offset=&#8221;vc_col-md-6&#8243;][vc_empty_space height=&#8221;40px&#8221;][\/vc_column][vc_column width=&#8221;1\/2&#8243; offset=&#8221;vc_col-md-6&#8243;][vc_empty_space height=&#8221;40px&#8221;][\/vc_column][\/vc_row][vc_row equal_height=&#8221;yes&#8221; content_placement=&#8221;top&#8221; enable_arrows_animation=&#8221;no&#8221; css=&#8221;.vc_custom_1614164314443{padding-top: 0px !important;padding-right: 0px !important;padding-bottom: 0px !important;padding-left: 0px !important;}&#8221;][vc_column css=&#8221;.vc_custom_1614164333616{padding-top: [&hellip;]<\/p>\n","protected":false},"author":2,"featured_media":0,"parent":0,"menu_order":0,"comment_status":"closed","ping_status":"closed","template":"","meta":{"inline_featured_image":false,"footnotes":"","_wp_rev_ctl_limit":""},"class_list":["post-15702","page","type-page","status-publish","hentry"],"yoast_head":"<!-- This site is optimized with the Yoast SEO plugin v26.4 - https:\/\/yoast.com\/wordpress\/plugins\/seo\/ -->\n<title>Sportovn\u00ed slu\u017eby - Aquacity Hotel<\/title>\n<meta name=\"robots\" content=\"index, follow, max-snippet:-1, max-image-preview:large, max-video-preview:-1\" \/>\n<link rel=\"canonical\" href=\"https:\/\/aquacityhotel.sk\/sportove-aktivity\/\" \/>\n<meta property=\"og:locale\" content=\"cs_CZ\" \/>\n<meta property=\"og:type\" content=\"article\" \/>\n<meta property=\"og:title\" content=\"Sportovn\u00ed slu\u017eby - Aquacity Hotel\" \/>\n<meta property=\"og:description\" content=\"[vc_row][vc_column][vc_column_text]V hotelech AquaCity Poprad si krom\u011b mno\u017estv\u00ed wellness atrakc\u00ed m\u016f\u017eete dop\u0159\u00e1t \u0161irokou nab\u00eddku sportovn\u00edch slu\u017eeb.[\/vc_column_text][\/vc_column][\/vc_row][vc_row content_text_aligment=&#8221;center&#8221; css=&#8221;.vc_custom_1494232305593{padding-top: 80px !important;padding-bottom: 30px !important;}&#8221;][vc_column width=&#8221;1\/2&#8243; offset=&#8221;vc_col-md-6&#8243;][vc_empty_space height=&#8221;40px&#8221;][\/vc_column][vc_column width=&#8221;1\/2&#8243; offset=&#8221;vc_col-md-6&#8243;][vc_empty_space height=&#8221;40px&#8221;][\/vc_column][\/vc_row][vc_row equal_height=&#8221;yes&#8221; content_placement=&#8221;top&#8221; enable_arrows_animation=&#8221;no&#8221; css=&#8221;.vc_custom_1614164314443{padding-top: 0px !important;padding-right: 0px !important;padding-bottom: 0px !important;padding-left: 0px !important;}&#8221;][vc_column css=&#8221;.vc_custom_1614164333616{padding-top: [&hellip;]\" \/>\n<meta property=\"og:url\" content=\"https:\/\/aquacityhotel.sk\/sportove-aktivity\/\" \/>\n<meta property=\"og:site_name\" content=\"Aquacity Hotel\" \/>\n<meta property=\"article:modified_time\" content=\"2024-08-04T05:28:55+00:00\" \/>\n<meta name=\"twitter:card\" content=\"summary_large_image\" \/>\n<meta name=\"twitter:label1\" content=\"Odhadovan\u00e1 doba \u010dten\u00ed\" \/>\n\t<meta name=\"twitter:data1\" content=\"3 minuty\" \/>\n<script type=\"application\/ld+json\" class=\"yoast-schema-graph\">{\"@context\":\"https:\/\/schema.org\",\"@graph\":[{\"@type\":\"WebPage\",\"@id\":\"https:\/\/aquacityhotel.sk\/sportove-aktivity\/\",\"url\":\"https:\/\/aquacityhotel.sk\/sportove-aktivity\/\",\"name\":\"Sportovn\u00ed slu\u017eby - Aquacity Hotel\",\"isPartOf\":{\"@id\":\"https:\/\/aquacityhotel.sk\/#website\"},\"datePublished\":\"2021-04-23T04:36:03+00:00\",\"dateModified\":\"2024-08-04T05:28:55+00:00\",\"breadcrumb\":{\"@id\":\"https:\/\/aquacityhotel.sk\/sportove-aktivity\/#breadcrumb\"},\"inLanguage\":\"cs\",\"potentialAction\":[{\"@type\":\"ReadAction\",\"target\":[\"https:\/\/aquacityhotel.sk\/sportove-aktivity\/\"]}]},{\"@type\":\"BreadcrumbList\",\"@id\":\"https:\/\/aquacityhotel.sk\/sportove-aktivity\/#breadcrumb\",\"itemListElement\":[{\"@type\":\"ListItem\",\"position\":1,\"name\":\"Domovsk\u00e1 str\u00e1nka\",\"item\":\"https:\/\/aquacityhotel.sk\/\"},{\"@type\":\"ListItem\",\"position\":2,\"name\":\"Sportovn\u00ed slu\u017eby\"}]},{\"@type\":\"WebSite\",\"@id\":\"https:\/\/aquacityhotel.sk\/#website\",\"url\":\"https:\/\/aquacityhotel.sk\/\",\"name\":\"Aquacity Hotel\",\"description\":\"Ubytovanie Vysok\u00e9 Tatry Slovensko\",\"potentialAction\":[{\"@type\":\"SearchAction\",\"target\":{\"@type\":\"EntryPoint\",\"urlTemplate\":\"https:\/\/aquacityhotel.sk\/?s={search_term_string}\"},\"query-input\":{\"@type\":\"PropertyValueSpecification\",\"valueRequired\":true,\"valueName\":\"search_term_string\"}}],\"inLanguage\":\"cs\"}]}<\/script>\n<!-- \/ Yoast SEO plugin. -->","yoast_head_json":{"title":"Sportovn\u00ed slu\u017eby - Aquacity Hotel","robots":{"index":"index","follow":"follow","max-snippet":"max-snippet:-1","max-image-preview":"max-image-preview:large","max-video-preview":"max-video-preview:-1"},"canonical":"https:\/\/aquacityhotel.sk\/sportove-aktivity\/","og_locale":"cs_CZ","og_type":"article","og_title":"Sportovn\u00ed slu\u017eby - Aquacity Hotel","og_description":"[vc_row][vc_column][vc_column_text]V hotelech AquaCity Poprad si krom\u011b mno\u017estv\u00ed wellness atrakc\u00ed m\u016f\u017eete dop\u0159\u00e1t \u0161irokou nab\u00eddku sportovn\u00edch slu\u017eeb.[\/vc_column_text][\/vc_column][\/vc_row][vc_row content_text_aligment=&#8221;center&#8221; css=&#8221;.vc_custom_1494232305593{padding-top: 80px !important;padding-bottom: 30px !important;}&#8221;][vc_column width=&#8221;1\/2&#8243; offset=&#8221;vc_col-md-6&#8243;][vc_empty_space height=&#8221;40px&#8221;][\/vc_column][vc_column width=&#8221;1\/2&#8243; offset=&#8221;vc_col-md-6&#8243;][vc_empty_space height=&#8221;40px&#8221;][\/vc_column][\/vc_row][vc_row equal_height=&#8221;yes&#8221; content_placement=&#8221;top&#8221; enable_arrows_animation=&#8221;no&#8221; css=&#8221;.vc_custom_1614164314443{padding-top: 0px !important;padding-right: 0px !important;padding-bottom: 0px !important;padding-left: 0px !important;}&#8221;][vc_column css=&#8221;.vc_custom_1614164333616{padding-top: [&hellip;]","og_url":"https:\/\/aquacityhotel.sk\/sportove-aktivity\/","og_site_name":"Aquacity Hotel","article_modified_time":"2024-08-04T05:28:55+00:00","twitter_card":"summary_large_image","twitter_misc":{"Odhadovan\u00e1 doba \u010dten\u00ed":"3 minuty"},"schema":{"@context":"https:\/\/schema.org","@graph":[{"@type":"WebPage","@id":"https:\/\/aquacityhotel.sk\/sportove-aktivity\/","url":"https:\/\/aquacityhotel.sk\/sportove-aktivity\/","name":"Sportovn\u00ed slu\u017eby - Aquacity Hotel","isPartOf":{"@id":"https:\/\/aquacityhotel.sk\/#website"},"datePublished":"2021-04-23T04:36:03+00:00","dateModified":"2024-08-04T05:28:55+00:00","breadcrumb":{"@id":"https:\/\/aquacityhotel.sk\/sportove-aktivity\/#breadcrumb"},"inLanguage":"cs","potentialAction":[{"@type":"ReadAction","target":["https:\/\/aquacityhotel.sk\/sportove-aktivity\/"]}]},{"@type":"BreadcrumbList","@id":"https:\/\/aquacityhotel.sk\/sportove-aktivity\/#breadcrumb","itemListElement":[{"@type":"ListItem","position":1,"name":"Domovsk\u00e1 str\u00e1nka","item":"https:\/\/aquacityhotel.sk\/"},{"@type":"ListItem","position":2,"name":"Sportovn\u00ed slu\u017eby"}]},{"@type":"WebSite","@id":"https:\/\/aquacityhotel.sk\/#website","url":"https:\/\/aquacityhotel.sk\/","name":"Aquacity Hotel","description":"Ubytovanie Vysok\u00e9 Tatry Slovensko","potentialAction":[{"@type":"SearchAction","target":{"@type":"EntryPoint","urlTemplate":"https:\/\/aquacityhotel.sk\/?s={search_term_string}"},"query-input":{"@type":"PropertyValueSpecification","valueRequired":true,"valueName":"search_term_string"}}],"inLanguage":"cs"}]}},"_links":{"self":[{"href":"https:\/\/aquacityhotel.sk\/cs\/wp-json\/wp\/v2\/pages\/15702","targetHints":{"allow":["GET"]}}],"collection":[{"href":"https:\/\/aquacityhotel.sk\/cs\/wp-json\/wp\/v2\/pages"}],"about":[{"href":"https:\/\/aquacityhotel.sk\/cs\/wp-json\/wp\/v2\/types\/page"}],"author":[{"embeddable":true,"href":"https:\/\/aquacityhotel.sk\/cs\/wp-json\/wp\/v2\/users\/2"}],"replies":[{"embeddable":true,"href":"https:\/\/aquacityhotel.sk\/cs\/wp-json\/wp\/v2\/comments?post=15702"}],"version-history":[{"count":12,"href":"https:\/\/aquacityhotel.sk\/cs\/wp-json\/wp\/v2\/pages\/15702\/revisions"}],"predecessor-version":[{"id":20799,"href":"https:\/\/aquacityhotel.sk\/cs\/wp-json\/wp\/v2\/pages\/15702\/revisions\/20799"}],"wp:attachment":[{"href":"https:\/\/aquacityhotel.sk\/cs\/wp-json\/wp\/v2\/media?parent=15702"}],"curies":[{"name":"wp","href":"https:\/\/api.w.org\/{rel}","templated":true}]}}