
{"id":15686,"date":"2021-04-16T21:05:10","date_gmt":"2021-04-16T19:05:10","guid":{"rendered":"https:\/\/horizontresort.sk\/ihrisko\/"},"modified":"2025-10-23T09:31:01","modified_gmt":"2025-10-23T07:31:01","slug":"klinika","status":"publish","type":"page","link":"https:\/\/aquacityhotel.sk\/cs\/klinika\/","title":{"rendered":"Klinika zdrav\u00ed"},"content":{"rendered":"<p>[vc_row content_text_aligment=&#8221;center&#8221; css=&#8221;.vc_custom_1494232305593{padding-top: 80px !important;padding-bottom: 30px !important;}&#8221;][vc_column width=&#8221;1\/2&#8243; offset=&#8221;vc_col-md-6&#8243;]<div class=\"mkdf-image-with-text-holder  mkdf-has-shadow mkdf-image-behavior-zoom\">\n    <div class=\"mkdf-iwt-image\">\n                                    <img loading=\"lazy\" decoding=\"async\" width=\"1000\" height=\"650\" src=\"https:\/\/aquacityhotel.sk\/wp-content\/uploads\/2021\/09\/AquaCity_1000x650_13-2.jpg\" class=\"attachment-full size-full\" alt=\"\" srcset=\"https:\/\/aquacityhotel.sk\/wp-content\/uploads\/2021\/09\/AquaCity_1000x650_13-2.jpg 1000w, https:\/\/aquacityhotel.sk\/wp-content\/uploads\/2021\/09\/AquaCity_1000x650_13-2-300x195.jpg 300w, https:\/\/aquacityhotel.sk\/wp-content\/uploads\/2021\/09\/AquaCity_1000x650_13-2-768x499.jpg 768w, https:\/\/aquacityhotel.sk\/wp-content\/uploads\/2021\/09\/AquaCity_1000x650_13-2-600x390.jpg 600w\" sizes=\"auto, (max-width: 1000px) 100vw, 1000px\" \/>                        <\/div>\n    <div class=\"mkdf-iwt-text-holder\">\n        \n                    <h5 class=\"mkdf-iwt-title\" >KRYOCENTRUM<\/h5>\n        \n        \n\t\t            <p class=\"mkdf-iwt-text\" >L\u00e9\u010debn\u00e1 a rehabilita\u010dn\u00ed metoda, jej\u00ed\u017e d\u011bjiny se datuj\u00ed a\u017e do 70-80t\u00fdch let minul\u00e9ho stolet\u00ed. Procedura zahrnuje maxim\u00e1ln\u011b t\u0159\u00edminutov\u00fd pobyt v komo\u0159e s pr\u016fm\u011brnou teplotou -120 \u00b0 C, za kter\u00fdm n\u00e1sleduje intenzivn\u00ed cvi\u010den\u00ed \u2013 kineziterapie. Pobyt v t\u00e9to komo\u0159e pod l\u00e9ka\u0159sk\u00fdm dohledem stimuluje p\u0159irozenou tvorbu enzym\u016f a hormon\u016f podporuj\u00edc\u00edch uzdraven\u00ed a ve va\u0161em t\u011ble dok\u00e1\u017ee \u201enastartovat\u201c samol\u00e9\u010dbu a regeneraci.<\/p>\n            <\/div>\n<\/div>[vc_tta_accordion style=&#8221;flat&#8221; shape=&#8221;square&#8221; active_section=&#8221;&#8221; collapsible_all=&#8221;true&#8221;][vc_tta_section title=&#8221;Proces kryoterapie&#8221; tab_id=&#8221;1631041411517-cb62851c-5125&#8243;][vc_message]Stimuluje receptory reaguj\u00edc\u00ed pouze na chlad.\u00a0B\u011bhem procedury tak t\u011blesn\u00e1 teplota klesne jen o 0,5 \u00b0 C a teplota poko\u017eky max. o 3 \u00b0 C. P\u016fsoben\u00ed extr\u00e9mn\u00edho chladu na receptory vyvol\u00e1v\u00e1 proces, kter\u00fd pozitivn\u011b ovliv\u0148uje nervov\u00e1 zakon\u010den\u00ed a vyvol\u00e1 v\u00a0t\u011ble reakci, produkci hormon\u016f, zvy\u0161uje l\u00e1tkovou v\u00fdm\u011bnu a sni\u017euje pocit bolesti.\u00a0N\u00e1sledkem vystaven\u00ed se extr\u00e9mn\u00edmu chladu se aktivuj\u00ed hormony, uvol\u0148uj\u00ed v t\u011ble vlastn\u00ed kortikoidy v mno\u017estv\u00ed pot\u0159ebn\u00e9m na eliminaci z\u00e1n\u011btliv\u00fdch proces\u016f, inhibitory bolesti, \u201eendorfiny- hormony \u0161t\u011bst\u00ed\u201c, adrenalin, testosteron a \u0159adu dal\u0161\u00edch, t\u011blu prosp\u011b\u0161n\u00fdch l\u00e1tek.[\/vc_message][vc_icon][\/vc_tta_section][vc_tta_section title=&#8221;Pr\u016fb\u011bh kryoterapie&#8221; tab_id=&#8221;1631041506501-f9a14b7d-27cc&#8221;][vc_message]Po p\u0159\u00edchodu do kryocentra dostanou host\u00e9 such\u00e9 bavln\u011bn\u00e9 tri\u010dko, kr\u00e1tk\u00e9 kalhoty, \u010delenku, rukavice, pono\u017eky, d\u0159ev\u00e1ky a masku na nos a \u00fasta. \u010c\u00e1sti k\u016f\u017ee mus\u00ed b\u00fdt kv\u016fli zm\u00edn\u011bn\u00e9 stimulaci receptor\u016f odkryt\u00e9.\u00a0P\u0159edp\u0159\u00edpravou je vstup do adapta\u010dn\u00ed komory, s teplotou -60 \u00b0 C o d\u00e9lce p\u0159ibli\u017en\u011b 30 sekund. N\u00e1sleduje vstup p\u0159es vnit\u0159n\u00ed p\u0159echodov\u00e9 dve\u0159e do hlavn\u00ed kryokomory, kde teplota dosahuje -120 \u00b0 C a kde jsou klienti po celou dobu v pohybu, bez kontaktu s poko\u017ekou.\u00a0Po dvou, maxim\u00e1ln\u011b t\u0159ech minut\u00e1ch se vych\u00e1z\u00ed ven p\u0159es adapta\u010dn\u00ed komoru, aby se organismus p\u0159izp\u016fsobil zm\u011bn\u011b teploty. Po opu\u0161t\u011bn\u00ed kryokomory se klienti 20 minut v\u011bnuj\u00ed intenzivn\u00edmu cvi\u010den\u00ed.[\/vc_message][vc_icon][\/vc_tta_section][vc_tta_section title=&#8221;\u00da\u010dinky kryoterapie&#8221; tab_id=&#8221;1631041580060-62d18b69-340b&#8221;][vc_message]<strong>V\u011bdeck\u00fd v\u00fdzkum spolu s praktick\u00fdmi zku\u0161enostmi p\u0159inesl vynikaj\u00edc\u00ed v\u00fdsledky p\u0159i t\u011bchto diagn\u00f3z\u00e1ch:<\/strong>\u00a0z\u00e1n\u011btliv\u00e1 onemocn\u011bn\u00ed pohybov\u00e9ho apar\u00e1tu (revmatoidn\u00ed artritida, revmatick\u00e1 hore\u010dka), degenerativn\u00ed onemocn\u011bn\u00ed kloub\u016f a p\u00e1te\u0159e (artr\u00f3zy), onemocn\u011bn\u00ed meziobratlov\u00fdch plot\u00e9nek, bolesti p\u00e1te\u0159e, revmatick\u00e1 onemocn\u011bn\u00ed, dna, roztrou\u0161en\u00e1 skler\u00f3za, zm\u011bny sval\u016f, kloub\u016f a \u0161lach po \u00farazech (kontuze, hematomy a podobn\u011b), obrny, spastick\u00e9 kontraktury v oblasti kon\u010detin, prim\u00e1rn\u00ed a sekund\u00e1rn\u00ed osteopor\u00f3za, artritidy a artr\u00f3zy, fibromyalgie (bolesti m\u011bkk\u00fdch tk\u00e1n\u00ed p\u0159i kloubech), celulitida, obt\u00ed\u017ee p\u0159i menopauze, prvotn\u00ed a druhotn\u00e9 z\u00e1n\u011btliv\u00e9 zm\u011bny, Alzheimerova a Parkinsonova choroba, stavy po mozkov\u00e9 obrn\u011b, degenerativn\u00ed zm\u011bny v d\u016fsledku poruchy motoriky nerv\u016f, psori\u00e1za, dermatitida, ekz\u00e9my, lup\u00e9nka, p\u0159\u00edznaky migr\u00e9ny a deprese, erektiln\u00ed dysfunkce.[\/vc_message][\/vc_tta_section][\/vc_tta_accordion][vc_empty_space height=&#8221;40px&#8221;][\/vc_column][vc_column width=&#8221;1\/2&#8243; offset=&#8221;vc_col-md-6&#8243;]<div class=\"mkdf-image-with-text-holder  mkdf-has-shadow mkdf-image-behavior-zoom\">\n    <div class=\"mkdf-iwt-image\">\n                                    <img loading=\"lazy\" decoding=\"async\" width=\"1000\" height=\"650\" src=\"https:\/\/aquacityhotel.sk\/wp-content\/uploads\/2021\/09\/ocna-klinika.jpg\" class=\"attachment-full size-full\" alt=\"\" srcset=\"https:\/\/aquacityhotel.sk\/wp-content\/uploads\/2021\/09\/ocna-klinika.jpg 1000w, https:\/\/aquacityhotel.sk\/wp-content\/uploads\/2021\/09\/ocna-klinika-300x195.jpg 300w, https:\/\/aquacityhotel.sk\/wp-content\/uploads\/2021\/09\/ocna-klinika-768x499.jpg 768w, https:\/\/aquacityhotel.sk\/wp-content\/uploads\/2021\/09\/ocna-klinika-600x390.jpg 600w\" sizes=\"auto, (max-width: 1000px) 100vw, 1000px\" \/>                        <\/div>\n    <div class=\"mkdf-iwt-text-holder\">\n        \n                    <h5 class=\"mkdf-iwt-title\" >O\u010cN\u00cd KLINIKA<\/h5>\n        \n        \n\t\t            <p class=\"mkdf-iwt-text\" >O\u010dn\u00ed klinika Kulanga. K hlavn\u00edm odborn\u00fdm zam\u011b\u0159en\u00edm kl\u00ednky pat\u0159\u00ed diagnostika a l\u00e9\u010dba. Zam\u011b\u0159uje se na l\u00e9\u010dbu onemocn\u011bn\u00ed s\u00edtnice, zelen\u00e9ho z\u00e1kalu (glaukomu), poruchy o\u010dn\u00edho povrchu, alergie, z\u00e1n\u011bty, nitroo\u010dn\u00ed z\u00e1n\u011bty atd.<\/p>\n            <\/div>\n<\/div>[vc_empty_space height=&#8221;40px&#8221;][vc_tta_accordion][vc_tta_section title=&#8221;V\u00edce informac\u00ed&#8221; tab_id=&#8221;1631041411520-013d65f5-f550&#8243;][vc_message]<\/p>\n<section class=\"elementor-element elementor-element-22ef972 elementor-section-boxed elementor-section-height-default elementor-section-height-default elementor-section elementor-top-section\" data-id=\"22ef972\" data-element_type=\"section\">\n<div class=\"elementor-container elementor-column-gap-default\">\n<div class=\"elementor-row\">\n<div class=\"elementor-element elementor-element-6cda961 elementor-column elementor-col-100 elementor-top-column\" data-id=\"6cda961\" data-element_type=\"column\">\n<div class=\"elementor-column-wrap elementor-element-populated\">\n<div class=\"elementor-widget-wrap\">\n<div class=\"elementor-element elementor-element-9c71aba elementor-widget elementor-widget-text-editor\" data-id=\"9c71aba\" data-element_type=\"widget\" data-widget_type=\"text-editor.default\">\n<div class=\"elementor-widget-container\">\n<div class=\"elementor-text-editor elementor-clearfix\">\n<p>V\u00edce informac\u00ed na <a href=\"https:\/\/www.kulanga.sk\/\" target=\"_blank\" rel=\"noopener\">www.kulanga.sk<\/a><\/div>\n<\/div>\n<\/div>\n<\/div>\n<\/div>\n<\/div>\n<\/div>\n<\/div>\n<\/section>\n<section class=\"elementor-element elementor-element-1f4766e elementor-section-boxed elementor-section-height-default elementor-section-height-default elementor-section elementor-top-section\" data-id=\"1f4766e\" data-element_type=\"section\">\n<div class=\"elementor-container elementor-column-gap-default\">\n<div class=\"elementor-row\">\n<div class=\"elementor-element elementor-element-7259af6 elementor-column elementor-col-100 elementor-top-column\" data-id=\"7259af6\" data-element_type=\"column\">\n<div class=\"elementor-column-wrap elementor-element-populated\">\n<div class=\"elementor-widget-wrap\">\n<div class=\"elementor-element elementor-element-d914b76 elementor-widget elementor-widget-spacer\" data-id=\"d914b76\" data-element_type=\"widget\" data-widget_type=\"spacer.default\">\n<div class=\"elementor-widget-container\">\n<div class=\"elementor-spacer\"><\/div>\n<\/div>\n<\/div>\n<\/div>\n<\/div>\n<\/div>\n<\/div>\n<\/div>\n<\/section>\n<p>[\/vc_message][\/vc_tta_section][\/vc_tta_accordion][\/vc_column][\/vc_row]<\/p>\n","protected":false},"excerpt":{"rendered":"<p>[vc_row content_text_aligment=&#8221;center&#8221; css=&#8221;.vc_custom_1494232305593{padding-top: 80px !important;padding-bottom: 30px !important;}&#8221;][vc_column width=&#8221;1\/2&#8243; offset=&#8221;vc_col-md-6&#8243;][vc_tta_accordion style=&#8221;flat&#8221; shape=&#8221;square&#8221; active_section=&#8221;&#8221; collapsible_all=&#8221;true&#8221;][vc_tta_section title=&#8221;Proces kryoterapie&#8221; tab_id=&#8221;1631041411517-cb62851c-5125&#8243;][vc_message]Stimuluje receptory reaguj\u00edc\u00ed pouze na chlad.\u00a0B\u011bhem procedury tak t\u011blesn\u00e1 teplota klesne jen o 0,5 \u00b0 C a teplota poko\u017eky max. o 3 \u00b0 C. P\u016fsoben\u00ed [&hellip;]<\/p>\n","protected":false},"author":2,"featured_media":0,"parent":0,"menu_order":0,"comment_status":"closed","ping_status":"closed","template":"","meta":{"inline_featured_image":false,"footnotes":"","_wp_rev_ctl_limit":""},"class_list":["post-15686","page","type-page","status-publish","hentry"],"yoast_head":"<!-- This site is optimized with the Yoast SEO plugin v26.4 - https:\/\/yoast.com\/wordpress\/plugins\/seo\/ -->\n<title>Klinika zdrav\u00ed - Aquacity Hotel<\/title>\n<meta name=\"robots\" content=\"index, follow, max-snippet:-1, max-image-preview:large, max-video-preview:-1\" \/>\n<link rel=\"canonical\" href=\"https:\/\/aquacityhotel.sk\/cs\/klinika\/\" \/>\n<meta property=\"og:locale\" content=\"cs_CZ\" \/>\n<meta property=\"og:type\" content=\"article\" \/>\n<meta property=\"og:title\" content=\"Klinika zdrav\u00ed - Aquacity Hotel\" \/>\n<meta property=\"og:description\" content=\"[vc_row content_text_aligment=&#8221;center&#8221; css=&#8221;.vc_custom_1494232305593{padding-top: 80px !important;padding-bottom: 30px !important;}&#8221;][vc_column width=&#8221;1\/2&#8243; offset=&#8221;vc_col-md-6&#8243;][vc_tta_accordion style=&#8221;flat&#8221; shape=&#8221;square&#8221; active_section=&#8221;&#8221; collapsible_all=&#8221;true&#8221;][vc_tta_section title=&#8221;Proces kryoterapie&#8221; tab_id=&#8221;1631041411517-cb62851c-5125&#8243;][vc_message]Stimuluje receptory reaguj\u00edc\u00ed pouze na chlad.\u00a0B\u011bhem procedury tak t\u011blesn\u00e1 teplota klesne jen o 0,5 \u00b0 C a teplota poko\u017eky max. o 3 \u00b0 C. P\u016fsoben\u00ed [&hellip;]\" \/>\n<meta property=\"og:url\" content=\"https:\/\/aquacityhotel.sk\/cs\/klinika\/\" \/>\n<meta property=\"og:site_name\" content=\"Aquacity Hotel\" \/>\n<meta property=\"article:modified_time\" content=\"2025-10-23T07:31:01+00:00\" \/>\n<meta name=\"twitter:card\" content=\"summary_large_image\" \/>\n<meta name=\"twitter:label1\" content=\"Odhadovan\u00e1 doba \u010dten\u00ed\" \/>\n\t<meta name=\"twitter:data1\" content=\"4 minuty\" \/>\n<script type=\"application\/ld+json\" class=\"yoast-schema-graph\">{\"@context\":\"https:\/\/schema.org\",\"@graph\":[{\"@type\":\"WebPage\",\"@id\":\"https:\/\/aquacityhotel.sk\/cs\/klinika\/\",\"url\":\"https:\/\/aquacityhotel.sk\/cs\/klinika\/\",\"name\":\"Klinika zdrav\u00ed - Aquacity Hotel\",\"isPartOf\":{\"@id\":\"https:\/\/aquacityhotel.sk\/#website\"},\"datePublished\":\"2021-04-16T19:05:10+00:00\",\"dateModified\":\"2025-10-23T07:31:01+00:00\",\"breadcrumb\":{\"@id\":\"https:\/\/aquacityhotel.sk\/cs\/klinika\/#breadcrumb\"},\"inLanguage\":\"cs\",\"potentialAction\":[{\"@type\":\"ReadAction\",\"target\":[\"https:\/\/aquacityhotel.sk\/cs\/klinika\/\"]}]},{\"@type\":\"BreadcrumbList\",\"@id\":\"https:\/\/aquacityhotel.sk\/cs\/klinika\/#breadcrumb\",\"itemListElement\":[{\"@type\":\"ListItem\",\"position\":1,\"name\":\"Domovsk\u00e1 str\u00e1nka\",\"item\":\"https:\/\/aquacityhotel.sk\/\"},{\"@type\":\"ListItem\",\"position\":2,\"name\":\"Klinika zdrav\u00ed\"}]},{\"@type\":\"WebSite\",\"@id\":\"https:\/\/aquacityhotel.sk\/#website\",\"url\":\"https:\/\/aquacityhotel.sk\/\",\"name\":\"Aquacity Hotel\",\"description\":\"Ubytovanie Vysok\u00e9 Tatry Slovensko\",\"potentialAction\":[{\"@type\":\"SearchAction\",\"target\":{\"@type\":\"EntryPoint\",\"urlTemplate\":\"https:\/\/aquacityhotel.sk\/?s={search_term_string}\"},\"query-input\":{\"@type\":\"PropertyValueSpecification\",\"valueRequired\":true,\"valueName\":\"search_term_string\"}}],\"inLanguage\":\"cs\"}]}<\/script>\n<!-- \/ Yoast SEO plugin. -->","yoast_head_json":{"title":"Klinika zdrav\u00ed - Aquacity Hotel","robots":{"index":"index","follow":"follow","max-snippet":"max-snippet:-1","max-image-preview":"max-image-preview:large","max-video-preview":"max-video-preview:-1"},"canonical":"https:\/\/aquacityhotel.sk\/cs\/klinika\/","og_locale":"cs_CZ","og_type":"article","og_title":"Klinika zdrav\u00ed - Aquacity Hotel","og_description":"[vc_row content_text_aligment=&#8221;center&#8221; css=&#8221;.vc_custom_1494232305593{padding-top: 80px !important;padding-bottom: 30px !important;}&#8221;][vc_column width=&#8221;1\/2&#8243; offset=&#8221;vc_col-md-6&#8243;][vc_tta_accordion style=&#8221;flat&#8221; shape=&#8221;square&#8221; active_section=&#8221;&#8221; collapsible_all=&#8221;true&#8221;][vc_tta_section title=&#8221;Proces kryoterapie&#8221; tab_id=&#8221;1631041411517-cb62851c-5125&#8243;][vc_message]Stimuluje receptory reaguj\u00edc\u00ed pouze na chlad.\u00a0B\u011bhem procedury tak t\u011blesn\u00e1 teplota klesne jen o 0,5 \u00b0 C a teplota poko\u017eky max. o 3 \u00b0 C. P\u016fsoben\u00ed [&hellip;]","og_url":"https:\/\/aquacityhotel.sk\/cs\/klinika\/","og_site_name":"Aquacity Hotel","article_modified_time":"2025-10-23T07:31:01+00:00","twitter_card":"summary_large_image","twitter_misc":{"Odhadovan\u00e1 doba \u010dten\u00ed":"4 minuty"},"schema":{"@context":"https:\/\/schema.org","@graph":[{"@type":"WebPage","@id":"https:\/\/aquacityhotel.sk\/cs\/klinika\/","url":"https:\/\/aquacityhotel.sk\/cs\/klinika\/","name":"Klinika zdrav\u00ed - Aquacity Hotel","isPartOf":{"@id":"https:\/\/aquacityhotel.sk\/#website"},"datePublished":"2021-04-16T19:05:10+00:00","dateModified":"2025-10-23T07:31:01+00:00","breadcrumb":{"@id":"https:\/\/aquacityhotel.sk\/cs\/klinika\/#breadcrumb"},"inLanguage":"cs","potentialAction":[{"@type":"ReadAction","target":["https:\/\/aquacityhotel.sk\/cs\/klinika\/"]}]},{"@type":"BreadcrumbList","@id":"https:\/\/aquacityhotel.sk\/cs\/klinika\/#breadcrumb","itemListElement":[{"@type":"ListItem","position":1,"name":"Domovsk\u00e1 str\u00e1nka","item":"https:\/\/aquacityhotel.sk\/"},{"@type":"ListItem","position":2,"name":"Klinika zdrav\u00ed"}]},{"@type":"WebSite","@id":"https:\/\/aquacityhotel.sk\/#website","url":"https:\/\/aquacityhotel.sk\/","name":"Aquacity Hotel","description":"Ubytovanie Vysok\u00e9 Tatry Slovensko","potentialAction":[{"@type":"SearchAction","target":{"@type":"EntryPoint","urlTemplate":"https:\/\/aquacityhotel.sk\/?s={search_term_string}"},"query-input":{"@type":"PropertyValueSpecification","valueRequired":true,"valueName":"search_term_string"}}],"inLanguage":"cs"}]}},"_links":{"self":[{"href":"https:\/\/aquacityhotel.sk\/cs\/wp-json\/wp\/v2\/pages\/15686","targetHints":{"allow":["GET"]}}],"collection":[{"href":"https:\/\/aquacityhotel.sk\/cs\/wp-json\/wp\/v2\/pages"}],"about":[{"href":"https:\/\/aquacityhotel.sk\/cs\/wp-json\/wp\/v2\/types\/page"}],"author":[{"embeddable":true,"href":"https:\/\/aquacityhotel.sk\/cs\/wp-json\/wp\/v2\/users\/2"}],"replies":[{"embeddable":true,"href":"https:\/\/aquacityhotel.sk\/cs\/wp-json\/wp\/v2\/comments?post=15686"}],"version-history":[{"count":11,"href":"https:\/\/aquacityhotel.sk\/cs\/wp-json\/wp\/v2\/pages\/15686\/revisions"}],"predecessor-version":[{"id":21775,"href":"https:\/\/aquacityhotel.sk\/cs\/wp-json\/wp\/v2\/pages\/15686\/revisions\/21775"}],"wp:attachment":[{"href":"https:\/\/aquacityhotel.sk\/cs\/wp-json\/wp\/v2\/media?parent=15686"}],"curies":[{"name":"wp","href":"https:\/\/api.w.org\/{rel}","templated":true}]}}