
{"id":15681,"date":"2021-02-24T12:48:01","date_gmt":"2021-02-24T11:48:01","guid":{"rendered":"https:\/\/horizontresort.sk\/akcie\/"},"modified":"2025-12-28T07:36:29","modified_gmt":"2025-12-28T06:36:29","slug":"akce","status":"publish","type":"page","link":"https:\/\/aquacityhotel.sk\/cs\/akce\/","title":{"rendered":"Akce"},"content":{"rendered":"<p>[vc_row][vc_column css=&#8221;.vc_custom_1493886957095{padding-right: 13px !important;}&#8221;]<div class=\"mkdf-elements-holder   mkdf-three-columns  mkdf-responsive-mode-768 \" ><div class=\"mkdf-eh-item    \"  data-item-class=\"mkdf-eh-custom-9988\">\n\t<div class=\"mkdf-eh-item-inner\">\n\t\t<div class=\"mkdf-eh-item-content mkdf-eh-custom-9988\" style=\"padding: 0 0 0 0\">\n\t\t\t<div class=\"mkdf-banner-holder  mkdf-visible-on-default mkdf-banner-info-default\">\n    <div class=\"mkdf-banner-image\">\n        <img loading=\"lazy\" decoding=\"async\" width=\"800\" height=\"523\" src=\"https:\/\/aquacityhotel.sk\/wp-content\/uploads\/2021\/10\/AquaCity_800x523_11.jpg\" class=\"attachment-full size-full\" alt=\"\" srcset=\"https:\/\/aquacityhotel.sk\/wp-content\/uploads\/2021\/10\/AquaCity_800x523_11.jpg 800w, https:\/\/aquacityhotel.sk\/wp-content\/uploads\/2021\/10\/AquaCity_800x523_11-300x196.jpg 300w, https:\/\/aquacityhotel.sk\/wp-content\/uploads\/2021\/10\/AquaCity_800x523_11-768x502.jpg 768w, https:\/\/aquacityhotel.sk\/wp-content\/uploads\/2021\/10\/AquaCity_800x523_11-600x392.jpg 600w\" sizes=\"auto, (max-width: 800px) 100vw, 800px\" \/>    <\/div>\n    <div class=\"mkdf-banner-text-holder\" >\n\t    <div class=\"mkdf-banner-text-outer\">\n\t\t    <div class=\"mkdf-banner-text-inner\">\n\t\t        \t\t            <h6 class=\"mkdf-banner-subtitle\" >\n\t\t\t            Saunov\u00e9 ceremoni\u00e1ly, peelingy ve wellness centru\t\t            <\/h6>\n\t\t        \t\t        \t\t            <h5 class=\"mkdf-banner-title\" >\n\t\t                SAUNOV\u00c9 SHOW\t                <\/h5>\n\t\t        \t\t\t    \t\t\t\t\t\t            <a itemprop=\"url\" href=\"https:\/\/aquacityhotel.sk\/wp-content\/uploads\/2025\/09\/Saunove_SHOW_2025_A4.pdf\" target=\"_blank\" class=\"mkdf-banner-link-text mkdf-btn mkdf-btn-solid mkdf-btn-medium mkdf-btn-icon\" >\n\t\t\t            <span class=\"mkdf-btn-text\">Viz program<\/span>\n\t\t\t            <span class=\"mkdf-btn-icon lnr lnr-arrow-right\"><\/span>\n\t\t            <\/a>\n\t\t        \t\t\t<\/div>\n\t\t<\/div>\n\t<\/div>\n\t        <a itemprop=\"url\" class=\"mkdf-banner-link\" href=\"https:\/\/aquacityhotel.sk\/wp-content\/uploads\/2025\/09\/Saunove_SHOW_2025_A4.pdf\" target=\"_blank\"><\/a>\n    <\/div>\t\t<\/div>\n\t<\/div>\n<\/div><div class=\"mkdf-eh-item    \"  data-item-class=\"mkdf-eh-custom-3345\">\n\t<div class=\"mkdf-eh-item-inner\">\n\t\t<div class=\"mkdf-eh-item-content mkdf-eh-custom-3345\" style=\"padding: 0 0 0 0\">\n\t\t\t<div class=\"mkdf-banner-holder  mkdf-visible-on-default mkdf-banner-info-default\">\n    <div class=\"mkdf-banner-image\">\n        <img loading=\"lazy\" decoding=\"async\" width=\"800\" height=\"523\" src=\"https:\/\/aquacityhotel.sk\/wp-content\/uploads\/2025\/12\/c-Marek-Hajkovsky-foto-AQUACITY-2022_121.jpg\" class=\"attachment-full size-full\" alt=\"\" srcset=\"https:\/\/aquacityhotel.sk\/wp-content\/uploads\/2025\/12\/c-Marek-Hajkovsky-foto-AQUACITY-2022_121.jpg 800w, https:\/\/aquacityhotel.sk\/wp-content\/uploads\/2025\/12\/c-Marek-Hajkovsky-foto-AQUACITY-2022_121-300x196.jpg 300w, https:\/\/aquacityhotel.sk\/wp-content\/uploads\/2025\/12\/c-Marek-Hajkovsky-foto-AQUACITY-2022_121-768x502.jpg 768w, https:\/\/aquacityhotel.sk\/wp-content\/uploads\/2025\/12\/c-Marek-Hajkovsky-foto-AQUACITY-2022_121-600x392.jpg 600w\" sizes=\"auto, (max-width: 800px) 100vw, 800px\" \/>    <\/div>\n    <div class=\"mkdf-banner-text-holder\" >\n\t    <div class=\"mkdf-banner-text-outer\">\n\t\t    <div class=\"mkdf-banner-text-inner\">\n\t\t        \t\t            <h6 class=\"mkdf-banner-subtitle\" >\n\t\t\t            Nejlep\u0161\u00ed d\u00e1rky \u2013 to jsou wellness a relaxa\u010dn\u00ed z\u00e1\u017eitky.\t\t            <\/h6>\n\t\t        \t\t        \t\t            <h5 class=\"mkdf-banner-title\" >\n\t\t                D\u00c1RKOV\u00c9 BAL\u00cd\u010cKY\t                <\/h5>\n\t\t        \t\t\t    \t\t\t\t    <p class=\"mkdf-banner-text\" > Vyberte si z na\u0161\u00ed \u0161irok\u00e9 nab\u00eddky slu\u017eeb a pot\u011b\u0161te skv\u011bl\u00fdm d\u00e1rkem svou rodinu nebo p\u0159\u00e1tele.<\/p>\n\t\t\t\t\t\t\t\t\t\t            <a itemprop=\"url\" href=\"https:\/\/shop.aquacity.sk\/\" target=\"_blank\" class=\"mkdf-banner-link-text mkdf-btn mkdf-btn-solid mkdf-btn-medium mkdf-btn-icon\" >\n\t\t\t            <span class=\"mkdf-btn-text\">V\u00edce informac\u00ed<\/span>\n\t\t\t            <span class=\"mkdf-btn-icon lnr lnr-arrow-right\"><\/span>\n\t\t            <\/a>\n\t\t        \t\t\t<\/div>\n\t\t<\/div>\n\t<\/div>\n\t        <a itemprop=\"url\" class=\"mkdf-banner-link\" href=\"https:\/\/shop.aquacity.sk\/\" target=\"_blank\"><\/a>\n    <\/div>\t\t<\/div>\n\t<\/div>\n<\/div><div class=\"mkdf-eh-item    \"  data-item-class=\"mkdf-eh-custom-4185\">\n\t<div class=\"mkdf-eh-item-inner\">\n\t\t<div class=\"mkdf-eh-item-content mkdf-eh-custom-4185\" style=\"padding: 0 0 0 0\">\n\t\t\t<div class=\"mkdf-banner-holder  mkdf-visible-on-default mkdf-banner-info-default\">\n    <div class=\"mkdf-banner-image\">\n        <img loading=\"lazy\" decoding=\"async\" width=\"800\" height=\"523\" src=\"https:\/\/aquacityhotel.sk\/wp-content\/uploads\/2023\/11\/c-Marek-Hajkovsky-foto-AQUACITY-2022_202.jpg\" class=\"attachment-full size-full\" alt=\"\" srcset=\"https:\/\/aquacityhotel.sk\/wp-content\/uploads\/2023\/11\/c-Marek-Hajkovsky-foto-AQUACITY-2022_202.jpg 800w, https:\/\/aquacityhotel.sk\/wp-content\/uploads\/2023\/11\/c-Marek-Hajkovsky-foto-AQUACITY-2022_202-300x196.jpg 300w, https:\/\/aquacityhotel.sk\/wp-content\/uploads\/2023\/11\/c-Marek-Hajkovsky-foto-AQUACITY-2022_202-768x502.jpg 768w, https:\/\/aquacityhotel.sk\/wp-content\/uploads\/2023\/11\/c-Marek-Hajkovsky-foto-AQUACITY-2022_202-600x392.jpg 600w\" sizes=\"auto, (max-width: 800px) 100vw, 800px\" \/>    <\/div>\n    <div class=\"mkdf-banner-text-holder\" >\n\t    <div class=\"mkdf-banner-text-outer\">\n\t\t    <div class=\"mkdf-banner-text-inner\">\n\t\t        \t\t            <h6 class=\"mkdf-banner-subtitle\" >\n\t\t\t            V\u00edkendov\u00e9 anima\u010dn\u00ed programy\t\t            <\/h6>\n\t\t        \t\t        \t\t            <h5 class=\"mkdf-banner-title\" >\n\t\t                ANIMA\u010cN\u00cd PROGRAM\t                <\/h5>\n\t\t        \t\t\t    \t\t\t\t    <p class=\"mkdf-banner-text\" >O v\u00edkendech se o d\u011bti postaraj\u00ed na\u0161i profesion\u00e1ln\u00ed anim\u00e1to\u0159i a p\u0159iprav\u00ed va\u0161im d\u011btem skv\u011bl\u00fd z\u00e1bavn\u00fd program.<\/p>\n\t\t\t\t\t\t\t\t\t\t            <a itemprop=\"url\" href=\"https:\/\/aquacityhotel.sk\/wp-content\/uploads\/2024\/08\/Hotelove_animacie_2024_ZIMA_A4_SK.pdf\" target=\"_self\" class=\"mkdf-banner-link-text mkdf-btn mkdf-btn-solid mkdf-btn-medium mkdf-btn-icon\" >\n\t\t\t            <span class=\"mkdf-btn-text\">V\u00edce informac\u00ed<\/span>\n\t\t\t            <span class=\"mkdf-btn-icon lnr lnr-arrow-right\"><\/span>\n\t\t            <\/a>\n\t\t        \t\t\t<\/div>\n\t\t<\/div>\n\t<\/div>\n\t        <a itemprop=\"url\" class=\"mkdf-banner-link\" href=\"https:\/\/aquacityhotel.sk\/wp-content\/uploads\/2024\/08\/Hotelove_animacie_2024_ZIMA_A4_SK.pdf\" target=\"_self\"><\/a>\n    <\/div>\t\t<\/div>\n\t<\/div>\n<\/div><\/div>[\/vc_column][\/vc_row]<\/p>\n","protected":false},"excerpt":{"rendered":"<p>[vc_row][vc_column css=&#8221;.vc_custom_1493886957095{padding-right: 13px !important;}&#8221;][\/vc_column][\/vc_row]<\/p>\n","protected":false},"author":7,"featured_media":0,"parent":0,"menu_order":0,"comment_status":"closed","ping_status":"closed","template":"full-width.php","meta":{"inline_featured_image":false,"footnotes":"","_wp_rev_ctl_limit":""},"class_list":["post-15681","page","type-page","status-publish","hentry"],"yoast_head":"<!-- This site is optimized with the Yoast SEO plugin v26.4 - https:\/\/yoast.com\/wordpress\/plugins\/seo\/ -->\n<title>Akce - Aquacity Hotel<\/title>\n<meta name=\"robots\" content=\"index, follow, max-snippet:-1, max-image-preview:large, max-video-preview:-1\" \/>\n<link rel=\"canonical\" href=\"https:\/\/aquacityhotel.sk\/akcie\/\" \/>\n<meta property=\"og:locale\" content=\"cs_CZ\" \/>\n<meta property=\"og:type\" content=\"article\" \/>\n<meta property=\"og:title\" content=\"Akce - Aquacity Hotel\" \/>\n<meta property=\"og:description\" content=\"[vc_row][vc_column css=&#8221;.vc_custom_1493886957095{padding-right: 13px !important;}&#8221;][\/vc_column][\/vc_row]\" \/>\n<meta property=\"og:url\" content=\"https:\/\/aquacityhotel.sk\/akcie\/\" \/>\n<meta property=\"og:site_name\" content=\"Aquacity Hotel\" \/>\n<meta property=\"article:modified_time\" content=\"2025-12-28T06:36:29+00:00\" \/>\n<meta name=\"twitter:card\" content=\"summary_large_image\" \/>\n<meta name=\"twitter:label1\" content=\"Odhadovan\u00e1 doba \u010dten\u00ed\" \/>\n\t<meta name=\"twitter:data1\" content=\"1 minuta\" \/>\n<script type=\"application\/ld+json\" class=\"yoast-schema-graph\">{\"@context\":\"https:\/\/schema.org\",\"@graph\":[{\"@type\":\"WebPage\",\"@id\":\"https:\/\/aquacityhotel.sk\/akcie\/\",\"url\":\"https:\/\/aquacityhotel.sk\/akcie\/\",\"name\":\"Akce - Aquacity Hotel\",\"isPartOf\":{\"@id\":\"https:\/\/aquacityhotel.sk\/#website\"},\"datePublished\":\"2021-02-24T11:48:01+00:00\",\"dateModified\":\"2025-12-28T06:36:29+00:00\",\"breadcrumb\":{\"@id\":\"https:\/\/aquacityhotel.sk\/akcie\/#breadcrumb\"},\"inLanguage\":\"cs\",\"potentialAction\":[{\"@type\":\"ReadAction\",\"target\":[\"https:\/\/aquacityhotel.sk\/akcie\/\"]}]},{\"@type\":\"BreadcrumbList\",\"@id\":\"https:\/\/aquacityhotel.sk\/akcie\/#breadcrumb\",\"itemListElement\":[{\"@type\":\"ListItem\",\"position\":1,\"name\":\"Domovsk\u00e1 str\u00e1nka\",\"item\":\"https:\/\/aquacityhotel.sk\/\"},{\"@type\":\"ListItem\",\"position\":2,\"name\":\"Akce\"}]},{\"@type\":\"WebSite\",\"@id\":\"https:\/\/aquacityhotel.sk\/#website\",\"url\":\"https:\/\/aquacityhotel.sk\/\",\"name\":\"Aquacity Hotel\",\"description\":\"Ubytovanie Vysok\u00e9 Tatry Slovensko\",\"potentialAction\":[{\"@type\":\"SearchAction\",\"target\":{\"@type\":\"EntryPoint\",\"urlTemplate\":\"https:\/\/aquacityhotel.sk\/?s={search_term_string}\"},\"query-input\":{\"@type\":\"PropertyValueSpecification\",\"valueRequired\":true,\"valueName\":\"search_term_string\"}}],\"inLanguage\":\"cs\"}]}<\/script>\n<!-- \/ Yoast SEO plugin. -->","yoast_head_json":{"title":"Akce - Aquacity Hotel","robots":{"index":"index","follow":"follow","max-snippet":"max-snippet:-1","max-image-preview":"max-image-preview:large","max-video-preview":"max-video-preview:-1"},"canonical":"https:\/\/aquacityhotel.sk\/akcie\/","og_locale":"cs_CZ","og_type":"article","og_title":"Akce - Aquacity Hotel","og_description":"[vc_row][vc_column css=&#8221;.vc_custom_1493886957095{padding-right: 13px !important;}&#8221;][\/vc_column][\/vc_row]","og_url":"https:\/\/aquacityhotel.sk\/akcie\/","og_site_name":"Aquacity Hotel","article_modified_time":"2025-12-28T06:36:29+00:00","twitter_card":"summary_large_image","twitter_misc":{"Odhadovan\u00e1 doba \u010dten\u00ed":"1 minuta"},"schema":{"@context":"https:\/\/schema.org","@graph":[{"@type":"WebPage","@id":"https:\/\/aquacityhotel.sk\/akcie\/","url":"https:\/\/aquacityhotel.sk\/akcie\/","name":"Akce - Aquacity Hotel","isPartOf":{"@id":"https:\/\/aquacityhotel.sk\/#website"},"datePublished":"2021-02-24T11:48:01+00:00","dateModified":"2025-12-28T06:36:29+00:00","breadcrumb":{"@id":"https:\/\/aquacityhotel.sk\/akcie\/#breadcrumb"},"inLanguage":"cs","potentialAction":[{"@type":"ReadAction","target":["https:\/\/aquacityhotel.sk\/akcie\/"]}]},{"@type":"BreadcrumbList","@id":"https:\/\/aquacityhotel.sk\/akcie\/#breadcrumb","itemListElement":[{"@type":"ListItem","position":1,"name":"Domovsk\u00e1 str\u00e1nka","item":"https:\/\/aquacityhotel.sk\/"},{"@type":"ListItem","position":2,"name":"Akce"}]},{"@type":"WebSite","@id":"https:\/\/aquacityhotel.sk\/#website","url":"https:\/\/aquacityhotel.sk\/","name":"Aquacity Hotel","description":"Ubytovanie Vysok\u00e9 Tatry Slovensko","potentialAction":[{"@type":"SearchAction","target":{"@type":"EntryPoint","urlTemplate":"https:\/\/aquacityhotel.sk\/?s={search_term_string}"},"query-input":{"@type":"PropertyValueSpecification","valueRequired":true,"valueName":"search_term_string"}}],"inLanguage":"cs"}]}},"_links":{"self":[{"href":"https:\/\/aquacityhotel.sk\/cs\/wp-json\/wp\/v2\/pages\/15681","targetHints":{"allow":["GET"]}}],"collection":[{"href":"https:\/\/aquacityhotel.sk\/cs\/wp-json\/wp\/v2\/pages"}],"about":[{"href":"https:\/\/aquacityhotel.sk\/cs\/wp-json\/wp\/v2\/types\/page"}],"author":[{"embeddable":true,"href":"https:\/\/aquacityhotel.sk\/cs\/wp-json\/wp\/v2\/users\/7"}],"replies":[{"embeddable":true,"href":"https:\/\/aquacityhotel.sk\/cs\/wp-json\/wp\/v2\/comments?post=15681"}],"version-history":[{"count":30,"href":"https:\/\/aquacityhotel.sk\/cs\/wp-json\/wp\/v2\/pages\/15681\/revisions"}],"predecessor-version":[{"id":21992,"href":"https:\/\/aquacityhotel.sk\/cs\/wp-json\/wp\/v2\/pages\/15681\/revisions\/21992"}],"wp:attachment":[{"href":"https:\/\/aquacityhotel.sk\/cs\/wp-json\/wp\/v2\/media?parent=15681"}],"curies":[{"name":"wp","href":"https:\/\/api.w.org\/{rel}","templated":true}]}}