
{"id":15609,"date":"2021-02-09T10:17:59","date_gmt":"2021-02-09T09:17:59","guid":{"rendered":"https:\/\/horizontresort.sk\/vernostny-program\/"},"modified":"2026-02-20T10:55:01","modified_gmt":"2026-02-20T09:55:01","slug":"vernostni-program","status":"publish","type":"page","link":"https:\/\/aquacityhotel.sk\/cs\/vernostni-program\/","title":{"rendered":"V\u011brnostn\u00ed program"},"content":{"rendered":"<p>[vc_row row_content_width=&#8221;grid&#8221; css=&#8221;.vc_custom_1619449480050{padding-top: 110px !important;padding-bottom: 75px !important;}&#8221;][vc_column]<div class=\"mkdf-section-title-holder  mkdf-st-elegant  mkdf-st-title-left mkdf-st-normal-space \" >\n\t<div class=\"mkdf-st-inner\">\n\t\t\t\t\t<h6 class=\"mkdf-st-subtitle\" style=\"margin-bottom:2px\">\n\t\t\t\tV\u011brnostn\u00ed program\t\t\t<\/h6>\n\t\t\t\t\t\t\t<h2 class=\"mkdf-st-title\" style=\"font-weight: 500\">\n\t\t\t\tAquaCity Club\t\t\t\t\t\t\t\t\t<span class=\"mkdf-st-e-separator\" ><\/span>\n\t\t\t\t\t\t\t<\/h2>\n\t\t\t\t\t\t\t\t\t<span class=\"mkdf-st-text\" style=\"line-height:30px;margin-top:15px\">\n\t\t\t\tNakupujte za klubov\u00e9 ceny, vyu\u017eijte exkluzivn\u00ed akce a slevy a nechejte se p\u0159ekvapit atraktivn\u00edmi nab\u00eddkami. V\u00fdhodn\u00fd v\u011brnostn\u00ed program s okam\u017eitou slevou 8 \u2013 20%. Exkluzivn\u00ed nab\u00eddky, zaj\u00edmav\u00e9 akce v Aquaparku, v\u00fdhodn\u00e9 hotelov\u00e9 akce, narozeninov\u00e9 slevy atd. Klubov\u00e9 karty v\u00e1m vystav\u00edme na po\u010dk\u00e1n\u00ed na na\u0161\u00ed Aqua pokladn\u011b za jednor\u00e1zov\u00fd poplatek 5 Euro.\t\t\t<\/span>\n\t\t\t<\/div>\n<\/div>[vc_separator][vc_empty_space height=&#8221;10px&#8221;]<div class=\"mkdf-section-title-holder  mkdf-st-elegant  mkdf-st-title-left mkdf-st-normal-space \" >\n\t<div class=\"mkdf-st-inner\">\n\t\t\t\t\t<h6 class=\"mkdf-st-subtitle\" style=\"margin-bottom:2px\">\n\t\t\t\tJak z\u00edsk\u00e1te kartu?\t\t\t<\/h6>\n\t\t\t\t\t\t\t\t\t\t\t<span class=\"mkdf-st-text\" style=\"line-height:30px;margin-top:15px\">\n\t\t\t\tZaregistrujte se do AquaCity Clubu:<br \/>\n\u2013 osobn\u011b na pokladn\u00e1ch v AquaCity Poprad, nebo online na shop.aquacity.sk.<br \/>\nPo zaplacen\u00ed registra\u010dn\u00edho poplatku 5 \u20ac z\u00edsk\u00e1te vlastn\u00ed elektronickou klubovou kartu (QR k\u00f3d) a m\u016f\u017eete okam\u017eit\u011b za\u010d\u00edt vyu\u017e\u00edvat v\u00fdhody programu.\t\t\t<\/span>\n\t\t\t<\/div>\n<\/div>[vc_btn title=&#8221;Online registrace do AquaCity Club&#8221; size=&#8221;lg&#8221; link=&#8221;url:https%3A%2F%2Fshop.aquacity.sk%2Fprodukt%2Fklubova-karta%2F|target:_blank&#8221;][vc_separator][vc_empty_space height=&#8221;10px&#8221;]<div class=\"mkdf-section-title-holder  mkdf-st-elegant  mkdf-st-title-left mkdf-st-normal-space \" >\n\t<div class=\"mkdf-st-inner\">\n\t\t\t\t\t<h6 class=\"mkdf-st-subtitle\" style=\"margin-bottom:2px\">\n\t\t\t\tV\u00fdhody, vyu\u017e\u00edv\u00e1ni a platnost klubov\u00fd karty\t\t\t<\/h6>\n\t\t\t\t\t\t\t\t\t\t\t<span class=\"mkdf-st-text\" style=\"line-height:30px;margin-top:15px\">\n\t\t\t\tKlubovou kartu m\u016f\u017eete vyu\u017e\u00edvat p\u0159i n\u00e1kupech p\u0159\u00edmo ve st\u0159edisku AquaCity Poprad i p\u0159i online n\u00e1kupech p\u0159es e-shop shop.aquacity.sk, podle typu slu\u017eby.\t\t\t<\/span>\n\t\t\t<\/div>\n<\/div>[vc_column_text]<\/p>\n<ul>\n<li>N\u00e1kup ve st\u0159edisku AquaCity Poprad \u2013 p\u0159i platb\u011b se proka\u017ete QR k\u00f3dem v mobilu na pokladn\u00e1ch nebo na hotelov\u00e9 recepci p\u0159i rezervaci p\u0159es hotelovou recepci \u2013 kartu nen\u00ed nutn\u00e9 tisknout.<\/li>\n<li>N\u00e1kup online: P\u0159i online n\u00e1kupu je nutn\u00e9 se zaregistrovat nebo p\u0159ihl\u00e1sit do e-shopu pomoc\u00ed e-mailov\u00e9 adresy, na kterou byla klubov\u00e1 karta vyd\u00e1na. Slevu lze uplatnit pouze po p\u0159ihl\u00e1\u0161en\u00ed p\u0159es tento e-mail.<\/li>\n<li>Vstupenky do Aquaparku je mo\u017en\u00e9 se slevou zakoupit online i na pokladn\u00e1ch.<\/li>\n<li>Hotelov\u00e9 pobyty \u2013 sleva se neuplat\u0148uje online, plat\u00ed pouze p\u0159i rezervaci p\u0159es recepci.<\/li>\n<li>Klubov\u00e1 karta je nep\u0159enosn\u00e1, s v\u00fdjimkou p\u0159\u00edm\u00fdch rodinn\u00fdch p\u0159\u00edslu\u0161n\u00edk\u016f. Slevu m\u016f\u017ee vyu\u017e\u00edt dr\u017eitel karty a jeho man\u017eel\/man\u017eelka nebo d\u011bti do 18 let.<\/li>\n<\/ul>\n<p>[\/vc_column_text][vc_separator][vc_empty_space height=&#8221;10px&#8221;][vc_empty_space height=&#8221;10px&#8221;]<div class=\"mkdf-section-title-holder  mkdf-st-elegant  mkdf-st-title-left mkdf-st-normal-space \" >\n\t<div class=\"mkdf-st-inner\">\n\t\t\t\t\t<h6 class=\"mkdf-st-subtitle\" style=\"margin-bottom:2px\">\n\t\t\t\tSlevy s klubovou kartou\t\t\t<\/h6>\n\t\t\t\t\t\t\t\t\t<\/div>\n<\/div>[vc_column_text]<\/p>\n<ul>\n<li data-start=\"0\" data-end=\"178\"><strong data-start=\"15\" data-end=\"27\">AQUAPARK<\/strong><br data-start=\"27\" data-end=\"30\" \/>Sleva 2 \u20ac na vstupy: Aquapark Packet, Wellness Packet (celodenn\u00ed \/ 3hodinov\u00fd) a Family Packet. Plat\u00ed i pro kategorie: d\u00edt\u011b, student, d\u016fchodce a ZTP.<\/li>\n<li data-start=\"0\" data-end=\"178\"><strong data-start=\"180\" data-end=\"205\">UBYTOV\u00c1N\u00cd \u2013 sleva 8 %<\/strong><br data-start=\"205\" data-end=\"208\" \/>Hotel Seasons ****, Mountain View ****, Riverside *** (sleva plat\u00ed pouze z pultov\u00fdch cen ubytov\u00e1n\u00ed)<\/li>\n<li data-start=\"0\" data-end=\"178\"><strong data-start=\"309\" data-end=\"332\">GASTRO \u2013 sleva 10 %<\/strong><br data-start=\"332\" data-end=\"335\" \/>J\u00eddla a n\u00e1poje z aktu\u00e1ln\u00edho j\u00eddeln\u00edho a n\u00e1pojov\u00e9ho l\u00edstku (nevztahuje se na tab\u00e1kov\u00e9 v\u00fdrobky, denn\u00ed menu a speci\u00e1ln\u00ed nab\u00eddky). Plat\u00ed pro provozy: Restaurace High Tatras, Lobby Bar, Caf\u00e9 Bar.<\/li>\n<li data-start=\"0\" data-end=\"178\"><strong data-start=\"527\" data-end=\"560\">DOPL\u0147KOV\u00c9 SLU\u017dBY \u2013 sleva 10 %<\/strong><br data-start=\"560\" data-end=\"563\" \/>Mas\u00e1\u017ee a procedury v Relaxa\u010dn\u011b-mas\u00e1\u017en\u00edm centru (uplatn\u011bn\u00ed na pokladn\u00e1ch AquaCity Poprad nebo na recepci hotel\u016f).<\/li>\n<li data-start=\"0\" data-end=\"178\"><strong data-start=\"677\" data-end=\"692\">KRYOCENTRUM<\/strong><br data-start=\"692\" data-end=\"695\" \/>Slevy na vstupy na celot\u011blovou a lok\u00e1ln\u00ed kryoterapii dle aktu\u00e1ln\u011b platn\u00e9ho cen\u00edku slu\u017eeb.<\/li>\n<\/ul>\n<p>[\/vc_column_text][\/vc_column][\/vc_row][vc_row row_content_width=&#8221;grid&#8221; css=&#8221;.vc_custom_1494578016018{padding-top: 95px !important;padding-bottom: 120px !important;}&#8221;][vc_column offset=&#8221;vc_col-lg-6 vc_col-md-12&#8243;][vc_column_text]<\/p>\n<h3>AquaCity Club<\/h3>\n<p>[\/vc_column_text]<div class=\"mkdf-elements-holder   mkdf-one-column  mkdf-responsive-mode-768 \" ><div class=\"mkdf-eh-item    \"  data-item-class=\"mkdf-eh-custom-4242\" data-1024-1280=\"0 8% 0 0\">\n\t<div class=\"mkdf-eh-item-inner\">\n\t\t<div class=\"mkdf-eh-item-content mkdf-eh-custom-4242\" style=\"padding: 0 22% 0 0\">\n\t\t\t<div class=\"mkdf-section-title-holder  mkdf-st-standard  mkdf-st-title-left mkdf-st-normal-space \" >\n\t<div class=\"mkdf-st-inner\">\n\t\t\t\t\t\t\t\t\t\t\t<span class=\"mkdf-st-text\" style=\"margin-top:0px\">\n\t\t\t\tV\u011brnostn\u00ed program AquaCity Club. Exkluzivn\u00ed nab\u00eddky, zaj\u00edmav\u00e9 akce v Aquaparku, v\u00fdhodn\u00e9 hotelov\u00e9 akce, narozeninov\u00e9 slevy atd.\t\t\t<\/span>\n\t\t\t<\/div>\n<\/div>\t\t<\/div>\n\t<\/div>\n<\/div><\/div>[vc_empty_space height=&#8221;20px&#8221;]<div class=\"mkdf-elements-holder   mkdf-two-columns  mkdf-responsive-mode-768 \" ><div class=\"mkdf-eh-item    \"  data-item-class=\"mkdf-eh-custom-3931\" data-1024-1280=\"0 12% 0 0\">\n\t<div class=\"mkdf-eh-item-inner\">\n\t\t<div class=\"mkdf-eh-item-content mkdf-eh-custom-3931\" style=\"padding: 0 17% 0 0\">\n\t\t\t[vc_column_text]<\/p>\n<h5>AquaCity Poprad<\/h5>\n<p>[\/vc_column_text][vc_column_text]Aquapark Poprad s.r.o.,<br \/>\n\u0160portov\u00e1 1397\/1,<br \/>\nPoprad 058 01[\/vc_column_text][vc_empty_space height=&#8221;23px&#8221;][vc_column_text]Email: club@aquacity.sk<br \/>\nTelef\u00f3n: +421 52 7851 111[\/vc_column_text]\t\t<\/div>\n\t<\/div>\n<\/div><div class=\"mkdf-eh-item    \"  data-item-class=\"mkdf-eh-custom-1593\" data-1024-1280=\"0 12% 0 0\">\n\t<div class=\"mkdf-eh-item-inner\">\n\t\t<div class=\"mkdf-eh-item-content mkdf-eh-custom-1593\" style=\"padding: 0 25% 0 0\">\n\t\t\t\t\t<\/div>\n\t<\/div>\n<\/div><\/div>[vc_empty_space height=&#8221;18px&#8221;][vc_empty_space height=&#8221;4px&#8221;][\/vc_column][vc_column offset=&#8221;vc_col-lg-6 vc_col-md-12&#8243;]<div class=\"mkdf-elements-holder   mkdf-one-column  mkdf-responsive-mode-768 \" ><div class=\"mkdf-eh-item    \"  data-item-class=\"mkdf-eh-custom-5101\" data-768-1024=\"10% 0 0 0\" data-680-768=\"10% 0 0 0\" data-680=\"5% 0 0 0\">\n\t<div class=\"mkdf-eh-item-inner\">\n\t\t<div class=\"mkdf-eh-item-content mkdf-eh-custom-5101\" style=\"padding: 5% 0% 0 4%\">\n\t\t\t\n<div class=\"wpcf7 no-js\" id=\"wpcf7-f15904-o1\" lang=\"en-US\" dir=\"ltr\" data-wpcf7-id=\"15904\">\n<div class=\"screen-reader-response\"><p role=\"status\" aria-live=\"polite\" aria-atomic=\"true\"><\/p> <ul><\/ul><\/div>\n<form action=\"\/cs\/wp-json\/wp\/v2\/pages\/15609#wpcf7-f15904-o1\" method=\"post\" class=\"wpcf7-form init cf7_custom_style_2\" aria-label=\"Contact form\" novalidate=\"novalidate\" data-status=\"init\">\n<fieldset class=\"hidden-fields-container\"><input type=\"hidden\" name=\"_wpcf7\" value=\"15904\" \/><input type=\"hidden\" name=\"_wpcf7_version\" value=\"6.1.3\" \/><input type=\"hidden\" name=\"_wpcf7_locale\" value=\"en_US\" \/><input type=\"hidden\" name=\"_wpcf7_unit_tag\" value=\"wpcf7-f15904-o1\" \/><input type=\"hidden\" name=\"_wpcf7_container_post\" value=\"0\" \/><input type=\"hidden\" name=\"_wpcf7_posted_data_hash\" value=\"\" \/><input type=\"hidden\" name=\"_wpcf7_recaptcha_response\" value=\"\" \/>\n<\/fieldset>\n<div>\n\t<p><span class=\"wpcf7-form-control-wrap\" data-name=\"your-name\"><input size=\"40\" maxlength=\"400\" class=\"wpcf7-form-control wpcf7-text\" aria-invalid=\"false\" placeholder=\"Va\u0161e jm\u00e9no\" value=\"\" type=\"text\" name=\"your-name\" \/><\/span>\n\t<\/p>\n<\/div>\n<div>\n\t<p><span class=\"wpcf7-form-control-wrap\" data-name=\"email\"><input size=\"40\" maxlength=\"400\" class=\"wpcf7-form-control wpcf7-email wpcf7-validates-as-required wpcf7-text wpcf7-validates-as-email\" aria-required=\"true\" aria-invalid=\"false\" placeholder=\"V\u00e1\u0161 e-mail\" value=\"\" type=\"email\" name=\"email\" \/><\/span>\n\t<\/p>\n<\/div>\n<div>\n\t<p><span class=\"wpcf7-form-control-wrap\" data-name=\"message\"><textarea cols=\"40\" rows=\"7\" maxlength=\"2000\" class=\"wpcf7-form-control wpcf7-textarea wpcf7-validates-as-required\" aria-required=\"true\" aria-invalid=\"false\" placeholder=\"Va\u0161e zpr\u00e1va\" name=\"message\"><\/textarea><\/span>\n\t<\/p>\n<\/div>\n<div>\n\t<p><input class=\"wpcf7-form-control wpcf7-submit has-spinner\" type=\"submit\" value=\"ODESLAT\" \/>\n\t<\/p>\n<\/div><div class=\"wpcf7-response-output\" aria-hidden=\"true\"><\/div>\n<\/form>\n<\/div>\n\t\t<\/div>\n\t<\/div>\n<\/div><\/div>[\/vc_column][\/vc_row]<\/p>\n","protected":false},"excerpt":{"rendered":"<p>[vc_row row_content_width=&#8221;grid&#8221; css=&#8221;.vc_custom_1619449480050{padding-top: 110px !important;padding-bottom: 75px !important;}&#8221;][vc_column][vc_separator][vc_empty_space height=&#8221;10px&#8221;][vc_btn title=&#8221;Online registrace do AquaCity Club&#8221; size=&#8221;lg&#8221; link=&#8221;url:https%3A%2F%2Fshop.aquacity.sk%2Fprodukt%2Fklubova-karta%2F|target:_blank&#8221;][vc_separator][vc_empty_space height=&#8221;10px&#8221;][vc_column_text] N\u00e1kup ve st\u0159edisku AquaCity Poprad \u2013 p\u0159i platb\u011b se proka\u017ete QR k\u00f3dem v mobilu na pokladn\u00e1ch nebo na hotelov\u00e9 recepci p\u0159i rezervaci p\u0159es hotelovou [&hellip;]<\/p>\n","protected":false},"author":7,"featured_media":0,"parent":0,"menu_order":0,"comment_status":"closed","ping_status":"closed","template":"full-width.php","meta":{"inline_featured_image":false,"footnotes":"","_wp_rev_ctl_limit":""},"class_list":["post-15609","page","type-page","status-publish","hentry"],"yoast_head":"<!-- This site is optimized with the Yoast SEO plugin v26.4 - https:\/\/yoast.com\/wordpress\/plugins\/seo\/ -->\n<title>V\u011brnostn\u00ed program - Aquacity Hotel<\/title>\n<meta name=\"robots\" content=\"index, follow, max-snippet:-1, max-image-preview:large, max-video-preview:-1\" \/>\n<link rel=\"canonical\" href=\"https:\/\/aquacityhotel.sk\/cs\/vernostni-program\/\" \/>\n<meta property=\"og:locale\" content=\"cs_CZ\" \/>\n<meta property=\"og:type\" content=\"article\" \/>\n<meta property=\"og:title\" content=\"V\u011brnostn\u00ed program - Aquacity Hotel\" \/>\n<meta property=\"og:description\" content=\"[vc_row row_content_width=&#8221;grid&#8221; css=&#8221;.vc_custom_1619449480050{padding-top: 110px !important;padding-bottom: 75px !important;}&#8221;][vc_column][vc_separator][vc_empty_space height=&#8221;10px&#8221;][vc_btn title=&#8221;Online registrace do AquaCity Club&#8221; size=&#8221;lg&#8221; link=&#8221;url:https%3A%2F%2Fshop.aquacity.sk%2Fprodukt%2Fklubova-karta%2F|target:_blank&#8221;][vc_separator][vc_empty_space height=&#8221;10px&#8221;][vc_column_text] N\u00e1kup ve st\u0159edisku AquaCity Poprad \u2013 p\u0159i platb\u011b se proka\u017ete QR k\u00f3dem v mobilu na pokladn\u00e1ch nebo na hotelov\u00e9 recepci p\u0159i rezervaci p\u0159es hotelovou [&hellip;]\" \/>\n<meta property=\"og:url\" content=\"https:\/\/aquacityhotel.sk\/cs\/vernostni-program\/\" \/>\n<meta property=\"og:site_name\" content=\"Aquacity Hotel\" \/>\n<meta property=\"article:modified_time\" content=\"2026-02-20T09:55:01+00:00\" \/>\n<meta name=\"twitter:card\" content=\"summary_large_image\" \/>\n<meta name=\"twitter:label1\" content=\"Odhadovan\u00e1 doba \u010dten\u00ed\" \/>\n\t<meta name=\"twitter:data1\" content=\"3 minuty\" \/>\n<script type=\"application\/ld+json\" class=\"yoast-schema-graph\">{\"@context\":\"https:\/\/schema.org\",\"@graph\":[{\"@type\":\"WebPage\",\"@id\":\"https:\/\/aquacityhotel.sk\/cs\/vernostni-program\/\",\"url\":\"https:\/\/aquacityhotel.sk\/cs\/vernostni-program\/\",\"name\":\"V\u011brnostn\u00ed program - Aquacity Hotel\",\"isPartOf\":{\"@id\":\"https:\/\/aquacityhotel.sk\/#website\"},\"datePublished\":\"2021-02-09T09:17:59+00:00\",\"dateModified\":\"2026-02-20T09:55:01+00:00\",\"breadcrumb\":{\"@id\":\"https:\/\/aquacityhotel.sk\/cs\/vernostni-program\/#breadcrumb\"},\"inLanguage\":\"cs\",\"potentialAction\":[{\"@type\":\"ReadAction\",\"target\":[\"https:\/\/aquacityhotel.sk\/cs\/vernostni-program\/\"]}]},{\"@type\":\"BreadcrumbList\",\"@id\":\"https:\/\/aquacityhotel.sk\/cs\/vernostni-program\/#breadcrumb\",\"itemListElement\":[{\"@type\":\"ListItem\",\"position\":1,\"name\":\"Domovsk\u00e1 str\u00e1nka\",\"item\":\"https:\/\/aquacityhotel.sk\/\"},{\"@type\":\"ListItem\",\"position\":2,\"name\":\"V\u011brnostn\u00ed program\"}]},{\"@type\":\"WebSite\",\"@id\":\"https:\/\/aquacityhotel.sk\/#website\",\"url\":\"https:\/\/aquacityhotel.sk\/\",\"name\":\"Aquacity Hotel\",\"description\":\"Ubytovanie Vysok\u00e9 Tatry Slovensko\",\"potentialAction\":[{\"@type\":\"SearchAction\",\"target\":{\"@type\":\"EntryPoint\",\"urlTemplate\":\"https:\/\/aquacityhotel.sk\/?s={search_term_string}\"},\"query-input\":{\"@type\":\"PropertyValueSpecification\",\"valueRequired\":true,\"valueName\":\"search_term_string\"}}],\"inLanguage\":\"cs\"}]}<\/script>\n<!-- \/ Yoast SEO plugin. -->","yoast_head_json":{"title":"V\u011brnostn\u00ed program - Aquacity Hotel","robots":{"index":"index","follow":"follow","max-snippet":"max-snippet:-1","max-image-preview":"max-image-preview:large","max-video-preview":"max-video-preview:-1"},"canonical":"https:\/\/aquacityhotel.sk\/cs\/vernostni-program\/","og_locale":"cs_CZ","og_type":"article","og_title":"V\u011brnostn\u00ed program - Aquacity Hotel","og_description":"[vc_row row_content_width=&#8221;grid&#8221; css=&#8221;.vc_custom_1619449480050{padding-top: 110px !important;padding-bottom: 75px !important;}&#8221;][vc_column][vc_separator][vc_empty_space height=&#8221;10px&#8221;][vc_btn title=&#8221;Online registrace do AquaCity Club&#8221; size=&#8221;lg&#8221; link=&#8221;url:https%3A%2F%2Fshop.aquacity.sk%2Fprodukt%2Fklubova-karta%2F|target:_blank&#8221;][vc_separator][vc_empty_space height=&#8221;10px&#8221;][vc_column_text] N\u00e1kup ve st\u0159edisku AquaCity Poprad \u2013 p\u0159i platb\u011b se proka\u017ete QR k\u00f3dem v mobilu na pokladn\u00e1ch nebo na hotelov\u00e9 recepci p\u0159i rezervaci p\u0159es hotelovou [&hellip;]","og_url":"https:\/\/aquacityhotel.sk\/cs\/vernostni-program\/","og_site_name":"Aquacity Hotel","article_modified_time":"2026-02-20T09:55:01+00:00","twitter_card":"summary_large_image","twitter_misc":{"Odhadovan\u00e1 doba \u010dten\u00ed":"3 minuty"},"schema":{"@context":"https:\/\/schema.org","@graph":[{"@type":"WebPage","@id":"https:\/\/aquacityhotel.sk\/cs\/vernostni-program\/","url":"https:\/\/aquacityhotel.sk\/cs\/vernostni-program\/","name":"V\u011brnostn\u00ed program - Aquacity Hotel","isPartOf":{"@id":"https:\/\/aquacityhotel.sk\/#website"},"datePublished":"2021-02-09T09:17:59+00:00","dateModified":"2026-02-20T09:55:01+00:00","breadcrumb":{"@id":"https:\/\/aquacityhotel.sk\/cs\/vernostni-program\/#breadcrumb"},"inLanguage":"cs","potentialAction":[{"@type":"ReadAction","target":["https:\/\/aquacityhotel.sk\/cs\/vernostni-program\/"]}]},{"@type":"BreadcrumbList","@id":"https:\/\/aquacityhotel.sk\/cs\/vernostni-program\/#breadcrumb","itemListElement":[{"@type":"ListItem","position":1,"name":"Domovsk\u00e1 str\u00e1nka","item":"https:\/\/aquacityhotel.sk\/"},{"@type":"ListItem","position":2,"name":"V\u011brnostn\u00ed program"}]},{"@type":"WebSite","@id":"https:\/\/aquacityhotel.sk\/#website","url":"https:\/\/aquacityhotel.sk\/","name":"Aquacity Hotel","description":"Ubytovanie Vysok\u00e9 Tatry Slovensko","potentialAction":[{"@type":"SearchAction","target":{"@type":"EntryPoint","urlTemplate":"https:\/\/aquacityhotel.sk\/?s={search_term_string}"},"query-input":{"@type":"PropertyValueSpecification","valueRequired":true,"valueName":"search_term_string"}}],"inLanguage":"cs"}]}},"_links":{"self":[{"href":"https:\/\/aquacityhotel.sk\/cs\/wp-json\/wp\/v2\/pages\/15609","targetHints":{"allow":["GET"]}}],"collection":[{"href":"https:\/\/aquacityhotel.sk\/cs\/wp-json\/wp\/v2\/pages"}],"about":[{"href":"https:\/\/aquacityhotel.sk\/cs\/wp-json\/wp\/v2\/types\/page"}],"author":[{"embeddable":true,"href":"https:\/\/aquacityhotel.sk\/cs\/wp-json\/wp\/v2\/users\/7"}],"replies":[{"embeddable":true,"href":"https:\/\/aquacityhotel.sk\/cs\/wp-json\/wp\/v2\/comments?post=15609"}],"version-history":[{"count":20,"href":"https:\/\/aquacityhotel.sk\/cs\/wp-json\/wp\/v2\/pages\/15609\/revisions"}],"predecessor-version":[{"id":22078,"href":"https:\/\/aquacityhotel.sk\/cs\/wp-json\/wp\/v2\/pages\/15609\/revisions\/22078"}],"wp:attachment":[{"href":"https:\/\/aquacityhotel.sk\/cs\/wp-json\/wp\/v2\/media?parent=15609"}],"curies":[{"name":"wp","href":"https:\/\/api.w.org\/{rel}","templated":true}]}}