
{"id":15604,"date":"2021-02-11T16:35:51","date_gmt":"2021-02-11T15:35:51","guid":{"rendered":"https:\/\/horizontresort.sk\/darcekove-poukazky\/"},"modified":"2021-12-11T19:22:43","modified_gmt":"2021-12-11T18:22:43","slug":"darkove-poukazky","status":"publish","type":"page","link":"https:\/\/aquacityhotel.sk\/cs\/darkove-poukazky\/","title":{"rendered":"D\u00e1rkov\u00e9 pouk\u00e1zky"},"content":{"rendered":"<p>[vc_row row_content_width=&#8221;grid&#8221; css=&#8221;.vc_custom_1613057792323{padding-top: 70px !important;padding-bottom: 70px !important;}&#8221;][vc_column][vc_message message_box_style=&#8221;3d&#8221; message_box_color=&#8221;chino&#8221; icon_fontawesome=&#8221;fas fa-shopping-cart&#8221;]<\/p>\n<h5>Pot\u011b\u0161te sv\u00e9 bl\u00edzk\u00e9, p\u0159\u00e1tele a zn\u00e1m\u00e9 d\u00e1rkem. Nab\u00edz\u00edme v\u00e1m d\u00e1rkov\u00e9 pouk\u00e1zky na jak\u00fdkoliv pobyt dle va\u0161eho v\u00fdb\u011bru z na\u0161\u00ed nab\u00eddky.<\/h5>\n<p>Pouk\u00e1zky v\u00e1m za\u0161leme po\u0161tou nebo vystav\u00edme jako elektronick\u00fd voucher.\u00a0Platnost d\u00e1rkov\u00fdch pouk\u00e1zek je 12 m\u011bs\u00edc\u016f od n\u00e1kupu. Vybran\u00e9 typy pobytu si m\u016f\u017eete zakoupit online na shop.aquacity.sk nebe kontaktujte na\u0161e rezerva\u010dn\u00ed odd\u011blen\u00ed emailem na recepcia@aquacity.sk.[\/vc_message][\/vc_column][\/vc_row][vc_row row_content_width=&#8221;grid&#8221; simple_background_color=&#8221;#c59d5f&#8221; css=&#8221;.vc_custom_1513334573397{padding-top: 70px !important;padding-bottom: 70px !important;}&#8221;][vc_column]<div class=\"mkdf-call-to-action-holder  mkdf-normal-layout  mkdf-three-quarters-columns\">\n\t<div class=\"mkdf-cta-inner \">\n\t\t<div class=\"mkdf-cta-text-holder\">\n\t\t\t<div class=\"mkdf-cta-text\"><em><span style=\"color: #ffffff;\">D\u00e1rkov\u00e9 vouchery na ubytov\u00e1n\u00ed na 2 nebo 3 noci<\/span><\/em><\/p>\n<h3><span style=\"color: #ffffff;\">HOTELOV\u00c9 POBYTY<\/span><\/h3>\n<\/div>\n\t\t<\/div>\n\t\t<div class=\"mkdf-cta-button-holder\" >\n\t\t\t<div class=\"mkdf-cta-button\"><a itemprop=\"url\" href=\"https:\/\/shop.aquacity.sk\/kategoria-produktu\/specialne-akcie\/\" target=\"_blank\"  class=\"mkdf-btn mkdf-btn-medium mkdf-btn-solid mkdf-btn-custom-hover-bg mkdf-btn-custom-hover-color mkdf-btn-icon\" data-hover-color=\"#333132\" data-hover-bg-color=\"#ffffff\" >    <span class=\"mkdf-btn-text\">Online n\u00e1kup zde<\/span>    <i class=\"mkdf-icon-linear-icon lnr lnr-arrow-right \" ><\/i><\/a><\/div>\n\t\t<\/div>\n\t<\/div>\n<\/div>[\/vc_column][\/vc_row][vc_row row_content_width=&#8221;grid&#8221; simple_background_color=&#8221;#1e1d1d&#8221; css=&#8221;.vc_custom_1493806656442{padding-top: 70px !important;padding-bottom: 70px !important;}&#8221;][vc_column]<div class=\"mkdf-call-to-action-holder  mkdf-normal-layout  mkdf-three-quarters-columns\">\n\t<div class=\"mkdf-cta-inner \">\n\t\t<div class=\"mkdf-cta-text-holder\">\n\t\t\t<div class=\"mkdf-cta-text\"><em><span style=\"color: #ffffff;\">D\u00e1rkov\u00e9 vouchery do Wellness centra nebo Aquaparku<\/span><\/em><\/p>\n<h3><span style=\"color: #ffffff;\">WELLNESS VOUCHERY<\/span><\/h3>\n<\/div>\n\t\t<\/div>\n\t\t<div class=\"mkdf-cta-button-holder\" >\n\t\t\t<div class=\"mkdf-cta-button\"><a itemprop=\"url\" href=\"https:\/\/shop.aquacity.sk\/kategoria-produktu\/aquapark-wellness\/\" target=\"_blank\" style=\"color: #ffffff;background-color: #be9252;border-color: #be9252\" class=\"mkdf-btn mkdf-btn-medium mkdf-btn-solid mkdf-btn-custom-hover-bg mkdf-btn-custom-border-hover mkdf-btn-custom-hover-color mkdf-btn-icon\" data-hover-color=\"#333132\" data-hover-bg-color=\"#ffffff\" data-hover-border-color=\"#ffffff\" >    <span class=\"mkdf-btn-text\">Online n\u00e1kup zde<\/span>    <i class=\"mkdf-icon-linear-icon lnr lnr-arrow-right \" ><\/i><\/a><\/div>\n\t\t<\/div>\n\t<\/div>\n<\/div>[\/vc_column][\/vc_row][vc_row row_content_width=&#8221;grid&#8221; simple_background_color=&#8221;#f7f5f5&#8243; css=&#8221;.vc_custom_1513334577420{padding-top: 70px !important;padding-bottom: 70px !important;}&#8221;][vc_column]<div class=\"mkdf-call-to-action-holder  mkdf-normal-layout  mkdf-three-quarters-columns\">\n\t<div class=\"mkdf-cta-inner \">\n\t\t<div class=\"mkdf-cta-text-holder\">\n\t\t\t<div class=\"mkdf-cta-text\"><em><span style=\"color: #333132;\">Minim\u00e1ln\u00ed hodnota je 50 EUR<\/span><\/em><\/p>\n<h3><span style=\"color: #333132;\">VOUCHER V HODNOT\u011a<\/span><\/h3>\n<\/div>\n\t\t<\/div>\n\t\t<div class=\"mkdf-cta-button-holder\" >\n\t\t\t<div class=\"mkdf-cta-button\"><a itemprop=\"url\" href=\"https:\/\/aquacityhotel.sk\/wp-admin\/post.php?vc_action=vc_inline&#038;post_id=15604&#038;post_type=page\" target=\"_blank\"  class=\"mkdf-btn mkdf-btn-medium mkdf-btn-solid mkdf-btn-icon\"  >    <span class=\"mkdf-btn-text\">Online n\u00e1kup zde<\/span>    <i class=\"mkdf-icon-linear-icon lnr lnr-arrow-right \" ><\/i><\/a><\/div>\n\t\t<\/div>\n\t<\/div>\n<\/div>[\/vc_column][\/vc_row][vc_row][vc_column][\/vc_column][\/vc_row]<\/p>\n","protected":false},"excerpt":{"rendered":"<p>[vc_row row_content_width=&#8221;grid&#8221; css=&#8221;.vc_custom_1613057792323{padding-top: 70px !important;padding-bottom: 70px !important;}&#8221;][vc_column][vc_message message_box_style=&#8221;3d&#8221; message_box_color=&#8221;chino&#8221; icon_fontawesome=&#8221;fas fa-shopping-cart&#8221;] Pot\u011b\u0161te sv\u00e9 bl\u00edzk\u00e9, p\u0159\u00e1tele a zn\u00e1m\u00e9 d\u00e1rkem. Nab\u00edz\u00edme v\u00e1m d\u00e1rkov\u00e9 pouk\u00e1zky na jak\u00fdkoliv pobyt dle va\u0161eho v\u00fdb\u011bru z na\u0161\u00ed nab\u00eddky. Pouk\u00e1zky v\u00e1m za\u0161leme po\u0161tou nebo vystav\u00edme jako elektronick\u00fd voucher.\u00a0Platnost [&hellip;]<\/p>\n","protected":false},"author":7,"featured_media":0,"parent":0,"menu_order":0,"comment_status":"closed","ping_status":"closed","template":"full-width.php","meta":{"inline_featured_image":false,"footnotes":"","_wp_rev_ctl_limit":""},"class_list":["post-15604","page","type-page","status-publish","hentry"],"yoast_head":"<!-- This site is optimized with the Yoast SEO plugin v26.4 - https:\/\/yoast.com\/wordpress\/plugins\/seo\/ -->\n<title>D\u00e1rkov\u00e9 pouk\u00e1zky - Aquacity Hotel<\/title>\n<meta name=\"robots\" content=\"index, follow, max-snippet:-1, max-image-preview:large, max-video-preview:-1\" \/>\n<link rel=\"canonical\" href=\"https:\/\/aquacityhotel.sk\/cs\/darkove-poukazky\/\" \/>\n<meta property=\"og:locale\" content=\"cs_CZ\" \/>\n<meta property=\"og:type\" content=\"article\" \/>\n<meta property=\"og:title\" content=\"D\u00e1rkov\u00e9 pouk\u00e1zky - Aquacity Hotel\" \/>\n<meta property=\"og:description\" content=\"[vc_row row_content_width=&#8221;grid&#8221; css=&#8221;.vc_custom_1613057792323{padding-top: 70px !important;padding-bottom: 70px !important;}&#8221;][vc_column][vc_message message_box_style=&#8221;3d&#8221; message_box_color=&#8221;chino&#8221; icon_fontawesome=&#8221;fas fa-shopping-cart&#8221;] Pot\u011b\u0161te sv\u00e9 bl\u00edzk\u00e9, p\u0159\u00e1tele a zn\u00e1m\u00e9 d\u00e1rkem. Nab\u00edz\u00edme v\u00e1m d\u00e1rkov\u00e9 pouk\u00e1zky na jak\u00fdkoliv pobyt dle va\u0161eho v\u00fdb\u011bru z na\u0161\u00ed nab\u00eddky. Pouk\u00e1zky v\u00e1m za\u0161leme po\u0161tou nebo vystav\u00edme jako elektronick\u00fd voucher.\u00a0Platnost [&hellip;]\" \/>\n<meta property=\"og:url\" content=\"https:\/\/aquacityhotel.sk\/cs\/darkove-poukazky\/\" \/>\n<meta property=\"og:site_name\" content=\"Aquacity Hotel\" \/>\n<meta property=\"article:modified_time\" content=\"2021-12-11T18:22:43+00:00\" \/>\n<meta name=\"twitter:card\" content=\"summary_large_image\" \/>\n<meta name=\"twitter:label1\" content=\"Odhadovan\u00e1 doba \u010dten\u00ed\" \/>\n\t<meta name=\"twitter:data1\" content=\"1 minuta\" \/>\n<script type=\"application\/ld+json\" class=\"yoast-schema-graph\">{\"@context\":\"https:\/\/schema.org\",\"@graph\":[{\"@type\":\"WebPage\",\"@id\":\"https:\/\/aquacityhotel.sk\/cs\/darkove-poukazky\/\",\"url\":\"https:\/\/aquacityhotel.sk\/cs\/darkove-poukazky\/\",\"name\":\"D\u00e1rkov\u00e9 pouk\u00e1zky - Aquacity Hotel\",\"isPartOf\":{\"@id\":\"https:\/\/aquacityhotel.sk\/#website\"},\"datePublished\":\"2021-02-11T15:35:51+00:00\",\"dateModified\":\"2021-12-11T18:22:43+00:00\",\"breadcrumb\":{\"@id\":\"https:\/\/aquacityhotel.sk\/cs\/darkove-poukazky\/#breadcrumb\"},\"inLanguage\":\"cs\",\"potentialAction\":[{\"@type\":\"ReadAction\",\"target\":[\"https:\/\/aquacityhotel.sk\/cs\/darkove-poukazky\/\"]}]},{\"@type\":\"BreadcrumbList\",\"@id\":\"https:\/\/aquacityhotel.sk\/cs\/darkove-poukazky\/#breadcrumb\",\"itemListElement\":[{\"@type\":\"ListItem\",\"position\":1,\"name\":\"Domovsk\u00e1 str\u00e1nka\",\"item\":\"https:\/\/aquacityhotel.sk\/\"},{\"@type\":\"ListItem\",\"position\":2,\"name\":\"D\u00e1rkov\u00e9 pouk\u00e1zky\"}]},{\"@type\":\"WebSite\",\"@id\":\"https:\/\/aquacityhotel.sk\/#website\",\"url\":\"https:\/\/aquacityhotel.sk\/\",\"name\":\"Aquacity Hotel\",\"description\":\"Ubytovanie Vysok\u00e9 Tatry Slovensko\",\"potentialAction\":[{\"@type\":\"SearchAction\",\"target\":{\"@type\":\"EntryPoint\",\"urlTemplate\":\"https:\/\/aquacityhotel.sk\/?s={search_term_string}\"},\"query-input\":{\"@type\":\"PropertyValueSpecification\",\"valueRequired\":true,\"valueName\":\"search_term_string\"}}],\"inLanguage\":\"cs\"}]}<\/script>\n<!-- \/ Yoast SEO plugin. -->","yoast_head_json":{"title":"D\u00e1rkov\u00e9 pouk\u00e1zky - Aquacity Hotel","robots":{"index":"index","follow":"follow","max-snippet":"max-snippet:-1","max-image-preview":"max-image-preview:large","max-video-preview":"max-video-preview:-1"},"canonical":"https:\/\/aquacityhotel.sk\/cs\/darkove-poukazky\/","og_locale":"cs_CZ","og_type":"article","og_title":"D\u00e1rkov\u00e9 pouk\u00e1zky - Aquacity Hotel","og_description":"[vc_row row_content_width=&#8221;grid&#8221; css=&#8221;.vc_custom_1613057792323{padding-top: 70px !important;padding-bottom: 70px !important;}&#8221;][vc_column][vc_message message_box_style=&#8221;3d&#8221; message_box_color=&#8221;chino&#8221; icon_fontawesome=&#8221;fas fa-shopping-cart&#8221;] Pot\u011b\u0161te sv\u00e9 bl\u00edzk\u00e9, p\u0159\u00e1tele a zn\u00e1m\u00e9 d\u00e1rkem. Nab\u00edz\u00edme v\u00e1m d\u00e1rkov\u00e9 pouk\u00e1zky na jak\u00fdkoliv pobyt dle va\u0161eho v\u00fdb\u011bru z na\u0161\u00ed nab\u00eddky. Pouk\u00e1zky v\u00e1m za\u0161leme po\u0161tou nebo vystav\u00edme jako elektronick\u00fd voucher.\u00a0Platnost [&hellip;]","og_url":"https:\/\/aquacityhotel.sk\/cs\/darkove-poukazky\/","og_site_name":"Aquacity Hotel","article_modified_time":"2021-12-11T18:22:43+00:00","twitter_card":"summary_large_image","twitter_misc":{"Odhadovan\u00e1 doba \u010dten\u00ed":"1 minuta"},"schema":{"@context":"https:\/\/schema.org","@graph":[{"@type":"WebPage","@id":"https:\/\/aquacityhotel.sk\/cs\/darkove-poukazky\/","url":"https:\/\/aquacityhotel.sk\/cs\/darkove-poukazky\/","name":"D\u00e1rkov\u00e9 pouk\u00e1zky - Aquacity Hotel","isPartOf":{"@id":"https:\/\/aquacityhotel.sk\/#website"},"datePublished":"2021-02-11T15:35:51+00:00","dateModified":"2021-12-11T18:22:43+00:00","breadcrumb":{"@id":"https:\/\/aquacityhotel.sk\/cs\/darkove-poukazky\/#breadcrumb"},"inLanguage":"cs","potentialAction":[{"@type":"ReadAction","target":["https:\/\/aquacityhotel.sk\/cs\/darkove-poukazky\/"]}]},{"@type":"BreadcrumbList","@id":"https:\/\/aquacityhotel.sk\/cs\/darkove-poukazky\/#breadcrumb","itemListElement":[{"@type":"ListItem","position":1,"name":"Domovsk\u00e1 str\u00e1nka","item":"https:\/\/aquacityhotel.sk\/"},{"@type":"ListItem","position":2,"name":"D\u00e1rkov\u00e9 pouk\u00e1zky"}]},{"@type":"WebSite","@id":"https:\/\/aquacityhotel.sk\/#website","url":"https:\/\/aquacityhotel.sk\/","name":"Aquacity Hotel","description":"Ubytovanie Vysok\u00e9 Tatry Slovensko","potentialAction":[{"@type":"SearchAction","target":{"@type":"EntryPoint","urlTemplate":"https:\/\/aquacityhotel.sk\/?s={search_term_string}"},"query-input":{"@type":"PropertyValueSpecification","valueRequired":true,"valueName":"search_term_string"}}],"inLanguage":"cs"}]}},"_links":{"self":[{"href":"https:\/\/aquacityhotel.sk\/cs\/wp-json\/wp\/v2\/pages\/15604","targetHints":{"allow":["GET"]}}],"collection":[{"href":"https:\/\/aquacityhotel.sk\/cs\/wp-json\/wp\/v2\/pages"}],"about":[{"href":"https:\/\/aquacityhotel.sk\/cs\/wp-json\/wp\/v2\/types\/page"}],"author":[{"embeddable":true,"href":"https:\/\/aquacityhotel.sk\/cs\/wp-json\/wp\/v2\/users\/7"}],"replies":[{"embeddable":true,"href":"https:\/\/aquacityhotel.sk\/cs\/wp-json\/wp\/v2\/comments?post=15604"}],"version-history":[{"count":8,"href":"https:\/\/aquacityhotel.sk\/cs\/wp-json\/wp\/v2\/pages\/15604\/revisions"}],"predecessor-version":[{"id":18294,"href":"https:\/\/aquacityhotel.sk\/cs\/wp-json\/wp\/v2\/pages\/15604\/revisions\/18294"}],"wp:attachment":[{"href":"https:\/\/aquacityhotel.sk\/cs\/wp-json\/wp\/v2\/media?parent=15604"}],"curies":[{"name":"wp","href":"https:\/\/api.w.org\/{rel}","templated":true}]}}