
{"id":15598,"date":"2021-02-09T10:25:49","date_gmt":"2021-02-09T09:25:49","guid":{"rendered":"https:\/\/horizontresort.sk\/informacie\/"},"modified":"2025-10-16T09:29:38","modified_gmt":"2025-10-16T07:29:38","slug":"informace","status":"publish","type":"page","link":"https:\/\/aquacityhotel.sk\/cs\/informace\/","title":{"rendered":"U\u017eite\u010dn\u00e9 informace"},"content":{"rendered":"<p>[vc_row css=&#8221;.vc_custom_1613060678171{padding-top: 50px !important;padding-bottom: 50px !important;}&#8221;][vc_column][vc_column_text]<\/p>\n<h4><strong>V\u00e1\u017een\u00ed host\u00e9, p\u0159ipravili jsme pro v\u00e1s nejd\u016fle\u017eit\u011bj\u0161\u00ed informace k pobytu v na\u0161em hotelu. V p\u0159\u00edpad\u011b jak\u00fdchkoliv dotaz\u016f kontaktujte na\u0161i hotelovou recepci nebo rezerva\u010dn\u00ed odd\u011blen\u00ed. P\u0159ejeme v\u00e1m p\u0159\u00edjemn\u00fd pobyt.<\/strong><\/h4>\n<p>[\/vc_column_text][vc_column_text][\/vc_column_text][\/vc_column][\/vc_row][vc_row css=&#8221;.vc_custom_1493989002803{padding-top: 80px !important;padding-bottom: 70px !important;}&#8221;][vc_column]<div class=\"mkdf-elements-holder   mkdf-one-column  mkdf-responsive-mode-768 \" ><div class=\"mkdf-eh-item    \"  data-item-class=\"mkdf-eh-custom-2276\">\n\t<div class=\"mkdf-eh-item-inner\">\n\t\t<div class=\"mkdf-eh-item-content mkdf-eh-custom-2276\" style=\"padding: 0px 5% 0px 0%\">\n\t\t\t<div class=\"mkdf-tabs  mkdf-tabs-boxed\">\n\t<ul class=\"mkdf-tabs-nav clearfix\">\n\t\t\t\t\t<li>\n\t\t\t\t\t\t\t\t\t<a href=\"#tab-recepce-i-online-check-in\">RECEPCE I ONLINE CHECK-IN<\/a>\n\t\t\t\t\t\t\t<\/li>\n\t\t\t\t\t<li>\n\t\t\t\t\t\t\t\t\t<a href=\"#tab-internet\">INTERNET<\/a>\n\t\t\t\t\t\t\t<\/li>\n\t\t\t\t\t<li>\n\t\t\t\t\t\t\t\t\t<a href=\"#tab-parkovani\">PARKOV\u00c1N\u00cd<\/a>\n\t\t\t\t\t\t\t<\/li>\n\t\t\t\t\t<li>\n\t\t\t\t\t\t\t\t\t<a href=\"#tab-stravovani\">STRAVOV\u00c1N\u00cd<\/a>\n\t\t\t\t\t\t\t<\/li>\n\t\t\t\t\t<li>\n\t\t\t\t\t\t\t\t\t<a href=\"#tab-hotelove-sluzby\">HOTELOV\u00c9 SLU\u017dBY<\/a>\n\t\t\t\t\t\t\t<\/li>\n\t\t\t\t\t<li>\n\t\t\t\t\t\t\t\t\t<a href=\"#tab-vybaveni-pro-deti\">VYBAVEN\u00cd PRO D\u011aTI<\/a>\n\t\t\t\t\t\t\t<\/li>\n\t\t\t\t\t<li>\n\t\t\t\t\t\t\t\t\t<a href=\"#tab-animacni-program\">ANIMA\u010cN\u00cd PROGRAM<\/a>\n\t\t\t\t\t\t\t<\/li>\n\t\t\t\t\t<li>\n\t\t\t\t\t\t\t\t\t<a href=\"#tab-platebni-karty\">PLATEBN\u00cd KARTY<\/a>\n\t\t\t\t\t\t\t<\/li>\n\t\t\t\t\t<li>\n\t\t\t\t\t\t\t\t\t<a href=\"#tab-imobilni-hoste\">IMOBILN\u00cd HOST\u00c9<\/a>\n\t\t\t\t\t\t\t<\/li>\n\t\t\t\t\t<li>\n\t\t\t\t\t\t\t\t\t<a href=\"#tab-lyzarna\">LY\u017d\u00c1RNA<\/a>\n\t\t\t\t\t\t\t<\/li>\n\t\t\t\t\t<li>\n\t\t\t\t\t\t\t\t\t<a href=\"#tab-pobyt-se-zviraty\">POBYT SE ZV\u00cd\u0158ATY<\/a>\n\t\t\t\t\t\t\t<\/li>\n\t\t\t\t\t<li>\n\t\t\t\t\t\t\t\t\t<a href=\"#tab-koureni\">KOU\u0158EN\u00cd<\/a>\n\t\t\t\t\t\t\t<\/li>\n\t\t\t\t\t<li>\n\t\t\t\t\t\t\t\t\t<a href=\"#tab-wellness-sluzby\">WELLNESS SLU\u017dBY<\/a>\n\t\t\t\t\t\t\t<\/li>\n\t\t\t\t\t<li>\n\t\t\t\t\t\t\t\t\t<a href=\"#tab-oteviraci-doba\">OTEV\u00cdRAC\u00cd DOBA<\/a>\n\t\t\t\t\t\t\t<\/li>\n\t\t\t<\/ul>\n\t<div class=\"mkdf-tab-container\" id=\"tab-recepce-i-online-check-in-38\">[vc_column_text]<\/p>\n<p style=\"font-weight: 400;\"><strong>ONLINE CHECK-IN REGISTRA\u010cN\u00cd FORMUL\u00c1\u0158<\/strong><\/p>\n<p>Abychom v\u00e1m u\u0161et\u0159ili \u010das a zp\u0159\u00edjemnili v\u00e1\u0161 pobyt, zavedli jsme rychl\u00fd online Check-in. Tento n\u00e1stroj v\u00e1m umo\u017en\u00ed rychle a jednodu\u0161e se ubytovat bez zbyte\u010dn\u00e9ho \u010dek\u00e1n\u00ed na recepci.<br \/>\n<strong>Automaticky v\u00e1m po\u0161leme e-mail s v\u00fdzvou k online Check-in 3 dny p\u0159ed va\u0161\u00edm p\u0159\u00edjezdem. Pokud byste zapomn\u011bli, syst\u00e9m v\u00e1s upozorn\u00ed je\u0161t\u011b 1 den p\u0159ed va\u0161\u00edm p\u0159\u00edchodem.<br \/>\n<\/strong>Formul\u00e1\u0159 online Check-in je velmi jednoduch\u00fd a vy\u017eaduje z\u00e1kladn\u00ed osobn\u00ed \u00fadaje jako jm\u00e9no, p\u0159\u00edjmen\u00ed, adresu a \u010d\u00edslo ob\u010dansk\u00e9ho pr\u016fkazu. Vyplnit jej m\u016f\u017eete pohodln\u011b z domu nebo kdekoli, nap\u0159\u00edklad b\u011bhem cesty k n\u00e1m. Tyto \u00fadaje pot\u0159ebujeme pro va\u0161i rezervaci a vypln\u011bn\u00edm formul\u00e1\u0159e n\u00e1m pom\u016f\u017eete zrychlit proces ubytov\u00e1n\u00ed, abyste se vyhnuli \u010dek\u00e1n\u00ed na recepci.<\/p>\n<p><strong>Pros\u00edme v\u00e1s, abyste online Check-in v\u017edy vyplnili. E-mail s formul\u00e1\u0159em obdr\u017e\u00ed ka\u017ed\u00fd host p\u0159i rezervaci pobytu.<\/strong><br \/>\n&nbsp;<br \/>\n<a itemprop=\"url\" href=\"https:\/\/checkin.aquacity.sk\/appv2\/sk\/find\/ce59665b-2ea8-4d7f-a734-fbe1700227c1\" target=\"_self\" style=\"background-color: #be9252\" class=\"mkdf-btn mkdf-btn-medium mkdf-btn-solid\"  >\n    <span class=\"mkdf-btn-text\">ONLINE CHECK-IN<\/span>\n    <i class=\"mkdf-icon-font-awesome fa  \" ><\/i><\/a><br \/>\n&nbsp;<br \/>\nNa\u0161e hotelov\u00e1 recepce je v\u00e1m k dispozici nep\u0159etr\u017eit\u011b 24 hodin. V p\u0159\u00edpad\u011b jak\u00fdchkoliv dotaz\u016f, rezervaci nebo po\u017eadavk\u016f n\u00e1s kdykoliv m\u016f\u017eete kontaktovat. P\u0159ed\u00e1me v\u00e1m v\u0161echny d\u016fle\u017eit\u00e9 informace t\u00fdkaj\u00edc\u00ed se pobytu v na\u0161em hotelu.<\/p>\n<ul>\n<li><strong>CHECK-IN od 14:00 hod.<\/strong><\/li>\n<li><strong>CHECK-OUT do 10:00 hod.<\/strong><\/li>\n<li><strong><strong>LATE CHECK OUT &#8211; <\/strong><\/strong>V p\u0159\u00edpad\u011b z\u00e1jmu o \u010dasn\u00fd Check &#8211; in nebo pozdn\u00ed Check &#8211; out kontaktujte pros\u00edm recepci hotelu. Poskytnut\u00ed t\u011bchto dopl\u0148kov\u00fdch slu\u017eeb z\u00e1vis\u00ed na aktu\u00e1ln\u00edch provozn\u00edch a kapacitn\u00edch mo\u017enostech hotelu.<br \/>\nPoplatek za pozdn\u00ed Check &#8211; out do 13:00 hodin je 30 \u20ac, do 16:00 hodin &#8211; 50% z ceny pokoje\/1 noc<br \/>\n\u010casn\u00fd Check in &#8211; do 10:00 hod. &#8211; 50% z ceny pokoje\/1 noc, od 10:00 &#8211; 14:00 hod. &#8211; 30 \u20ac<\/li>\n<\/ul>\n<p>Registrace host\u016f hotelu Riverside prob\u00edh\u00e1 v hlavn\u00ed budov\u011b AquaCity Poprad, na ulici: Sportovn\u00ed 1, ve 3.pat\u0159e. P\u0159i check inu obdr\u017e\u00edte kl\u00ed\u010de od pokoje a pokyny k va\u0161emu pobytu v hotelu Riverside.[\/vc_column_text]<\/div><div class=\"mkdf-tab-container\" id=\"tab-internet-896\">[vc_column_text]V cel\u00e9m are\u00e1lu je v\u00e1m k dispozici <strong>bezplatn\u00e9 Wi-Fi p\u0159ipojen\u00ed<\/strong> na internet. Pro z\u00edsk\u00e1n\u00ed p\u0159\u00edstupu je nutn\u00e1 registrace do na\u0161\u00ed aplikace.[\/vc_column_text]<\/div><div class=\"mkdf-tab-container\" id=\"tab-parkovani-332\">[vc_column_text]B\u011bhem pobytu je v\u00e1m k dispozici <strong>bezplatn\u00e9 parkov\u00e1n\u00ed<\/strong> na hl\u00eddan\u00e9m hotelov\u00e9m parkovi\u0161ti. Kapacita hotelov\u00e9ho parkovi\u0161t\u011b je pro 32 + 60 m\u00edst.[\/vc_column_text]<\/div><div class=\"mkdf-tab-container\" id=\"tab-stravovani-180\">[vc_column_text]V na\u0161\u00ed v\u00fdjime\u010dn\u00e9 hotelov\u00e9 restauraci pro v\u00e1s \u0161\u00e9fkucha\u0159 p\u0159ipravil menu podle sou\u010dasn\u00fdch modern\u00edch trend\u016f. V cen\u011b pobytu je zahrnuta sn\u00eddan\u011b a ve\u010de\u0159e bez n\u00e1poj\u016f.<\/p>\n<p><strong>Dress code v restauraci<\/strong> &#8211; doporu\u010dujeme v\u00e1m neform\u00e1ln\u00ed oble\u010den\u00ed. Vstup do hotelov\u00e9 restaurace v plavk\u00e1ch, \u017eupanu, kr\u00e1tk\u00fdch kalhot\u00e1ch nebo pantofl\u00edch nen\u00ed dovolen.<\/p>\n<ul>\n<li><strong>sn\u00eddan\u011b<\/strong> jsou pod\u00e1v\u00e1ny v hotelov\u00e9 restauraci vedle hotelov\u00e9 recepce na 1. pat\u0159e v dob\u011b od 7:00 &#8211; 10:00<\/li>\n<li><strong>ve\u010de\u0159e<\/strong> jsou pod\u00e1v\u00e1ny v dob\u011b od 18:00 \u2013 21:00 (v term\u00ednu od 1.4. \u2013 28.9.) a od 17:00 \u2013 20:00 (v term\u00ednu od 29.9. \u2013 31.3.)<\/li>\n<li><strong data-start=\"97\" data-end=\"106\">ob\u011bdy<\/strong> \u2013 Chef\u2019s menu se pod\u00e1v\u00e1 ve v\u0161edn\u00ed dny, od pond\u011bl\u00ed do p\u00e1tku v \u010dase 11:30\u201314:30.V\u00edkendov\u00e9 menu je k dispozici v p\u00e1tek 14:30\u201317:00 a v sobotu a ned\u011bli 11:30\u201317:00.<\/li>\n<li><strong data-start=\"284\" data-end=\"298\">snack menu<\/strong> \u2013 je pod\u00e1v\u00e1no v Caf\u00e9 baru od pond\u011bl\u00ed do ned\u011ble, v \u010dasech 11:30\u201317:00 a 18:00\u201321:00.<\/li>\n<li>na hotelov\u00fdch pokoj\u00edch m\u00e1te k dispozici bezplatn\u00fd set na p\u0159\u00edpravu k\u00e1vy a \u010daje<\/li>\n<\/ul>\n<p>[\/vc_column_text]<\/div><div class=\"mkdf-tab-container\" id=\"tab-hotelove-sluzby-69\">[vc_column_text]<strong>Vybaven\u00ed, kter\u00e9 maj\u00ed na\u0161i host\u00e9 k dispozici<\/strong>: slu\u017eby \u010dist\u00edrny a pr\u00e1delny, \u017eehli\u010dka a \u017eehlic\u00ed prkno k zap\u016fj\u010den\u00ed, prodej suven\u00fdr\u016f, informa\u010dn\u00ed turistick\u00e9 slu\u017eby, trezor na pokoj\u00edch, \u00faschovna zavazadel, transfer host\u016f, sm\u011bn\u00e1rna, p\u016fj\u010dovna audiovizu\u00e1ln\u00ed konferen\u010dn\u00ed techniky (flipchart, dataprojektor, plazmov\u00e1 TV, dle pot\u0159eby &#8230;) kop\u00edrov\u00e1n\u00ed, sekret\u00e1\u0159sk\u00e9 slu\u017eby, tlumo\u010den\u00ed, asistentsk\u00e9 slu\u017eby[\/vc_column_text]<\/div><div class=\"mkdf-tab-container\" id=\"tab-vybaveni-pro-deti-490\">[vc_column_text]<strong>P\u0159i va\u0161\u00ed rezervaci n\u00e1s informujte o pot\u0159eb\u00e1ch pro va\u0161e d\u011b\u0165\u00e1tko.<\/strong> K dispozici a <strong>bezplatn\u011b<\/strong> je na vy\u017e\u00e1d\u00e1n\u00ed d\u011btsk\u00e1 post\u00fdlka, d\u011btsk\u00e9 \u017eidle, d\u011btsk\u00fd stup\u00ednek, d\u011btsk\u00e9 vani\u010dky, no\u010dn\u00edk, oh\u0159\u00edva\u010d lahv\u00ed, d\u011btsk\u00e9 pojistky do z\u00e1suvky, d\u011btsk\u00fd \u017eupan, d\u011btsk\u00e9 menu v restauraci.<\/p>\n<p>Na pokladn\u00e1ch Aquaparku si m\u016f\u017eete zakoupit z\u00e1kladn\u00ed pot\u0159eby pro d\u00edt\u011b: d\u011btsk\u00e9 pleny, pleny do vody, ruk\u00e1vn\u00edky na plav\u00e1n\u00ed nebo plovac\u00ed pot\u0159eby. V restauraci m\u00e1te v nab\u00eddce d\u011btsk\u00e9 menu.[\/vc_column_text]<\/div><div class=\"mkdf-tab-container\" id=\"tab-animacni-program-230\">[vc_column_text]Ka\u017ed\u00fd p\u00e1tek, sobotu a ned\u011bli je v hotelu z\u00e1bavn\u00ed program pro d\u011bti a dosp\u011bl\u00e9, cvi\u010den\u00ed v baz\u00e9nu, sout\u011b\u017ee, d\u011btsk\u00e9 p\u00e1rty, diskot\u00e9ky s maskotem. B\u011bhem pobytu m\u016f\u017eete vyu\u017e\u00edt slu\u017eeb d\u011btsk\u00e9ho koutku vedle Lobby baru nebo nad baz\u00e9ny Blue Sapphire.[\/vc_column_text]<\/div><div class=\"mkdf-tab-container\" id=\"tab-platebni-karty-439\">[vc_column_text]V na\u0161em hotelu akceptujeme n\u00e1sleduj\u00edc\u00ed typy platebn\u00edch karet: Master Card, VISA, VISA Electron, International Maestro, American Express. Hotel si vyhrazuje pr\u00e1vo autorizovat platebn\u00ed karty p\u0159i p\u0159\u00edjezdu.[\/vc_column_text]<\/div><div class=\"mkdf-tab-container\" id=\"tab-imobilni-hoste-667\">[vc_column_text]Hotel Seasons a Riverside m\u00e1 vybran\u00e9 pokoje p\u0159izp\u016fsoben\u00e9 pro imobiln\u00ed hosty.[\/vc_column_text]<\/div><div class=\"mkdf-tab-container\" id=\"tab-lyzarna-441\">[vc_column_text]Hotelov\u00fdm host\u016fm je k dispozici ly\u017e\u00e1rna v hotelov\u00e9m vchodu. B\u011bhem zimn\u00ed sez\u00f3ny od hotelu v pravideln\u00fdch intervalech jezd\u00ed SKI BUS nebo hotelov\u00fd transfer do tatransk\u00fdch st\u0159edisek.[\/vc_column_text]<\/div><div class=\"mkdf-tab-container\" id=\"tab-pobyt-se-zviraty-99\">[vc_column_text]Pobyt s dom\u00e1c\u00edmi mazl\u00ed\u010dky (psi a ko\u010dky) je mo\u017en\u00fd. Nen\u00ed v\u0161ak dovoleno zdr\u017eovat se v prostor\u00e1ch stravov\u00e1n\u00ed restaurace, bar\u016f, wellness centra, d\u011btsk\u00e9ho koutku. V p\u0159\u00edpad\u011b va\u0161eho z\u00e1jmu v\u00e1m r\u00e1di bezplatn\u011b zap\u016fj\u010d\u00edme pel\u00ed\u0161ky, misky na j\u00eddlo a vodu. Poplatek za pobyt je 15 EUR \/ noc.<br \/>\nVe v\u0161ech ve\u0159ejn\u00fdch prostor\u00e1ch mus\u00ed b\u00fdt pes na vod\u00edtku a v doprovodu sv\u00e9ho majitele. Zv\u00ed\u0159ata nesm\u011bj\u00ed b\u00fdt ponech\u00e1na bez dozoru. V p\u0159\u00edpad\u011b po\u0161kozen\u00ed hotelov\u00e9ho majetku je host povinen uhradit vzniklou \u0161kodu v pln\u00e9 v\u00fd\u0161i.[\/vc_column_text]<\/div><div class=\"mkdf-tab-container\" id=\"tab-koureni-743\">[vc_column_text]AquaCity Poprad je neku\u0159\u00e1ck\u00e9 st\u0159edisko. Pro hosty je k dispozici Hollywood Suite &amp; Cocktail bar, nach\u00e1zej\u00edc\u00ed se v 1. pat\u0159e p\u0159i Caf\u00e9 baru a kou\u0159en\u00ed je mo\u017en\u00e9 pouze na vn\u011bj\u0161\u00edch teras\u00e1ch. Kou\u0159en\u00ed je p\u0159\u00edsn\u011b zak\u00e1z\u00e1no na pokoj\u00edch a za poru\u0161en\u00ed bude \u00fa\u010dtov\u00e1na pokuta 50 EUR za vy\u010di\u0161t\u011bn\u00ed.[\/vc_column_text]<\/div><div class=\"mkdf-tab-container\" id=\"tab-wellness-sluzby-454\">[vc_column_text]<strong>HOTEL SEASONS **** a HOTEL MOUNTAIN VIEW ****<br \/>\n<\/strong>Host\u00e9 hotelu Seasons a Mountain View maj\u00ed neomezen\u00fd vstup do aquaparku a wellness centra po celou dobu pobytu i v den odjezdu.<\/p>\n<ul>\n<li>vstup do Wellness centra FIRE &amp; WATER WELLNESS &amp; SPA<br \/>\n8 saun a inhalac\u00ed (ceremoni\u00e1ln\u00ed, soln\u00e1, mentolov\u00e1, parn\u00ed, such\u00e1, infra sauna), relaxa\u010dn\u00ed baz\u00e9n s v\u00ed\u0159ivkami, mas\u00e1\u017en\u00edmi tryskami a z\u00e1tokou l\u00e1sky, v\u00ed\u0159ivka, relaxa\u010dn\u00ed m\u00edstnosti s bio krby, sn\u011b\u017en\u00e1 jeskyn\u011b<\/li>\n<li>vstup do Aquaparku<br \/>\nRELAXA\u010cN\u00cd Z\u00d3NA &#8211; 3 venkovn\u00ed term\u00e1ln\u00ed baz\u00e9ny s vodn\u00edmi atrakcemi, 2 kryt\u00e9 term\u00e1ln\u00ed baz\u00e9ny Blue Diamond s vodn\u00edmi bary, 50m plaveck\u00fd baz\u00e9n, finsk\u00e1 sauna. Z\u00c1BAVN\u00c1 Z\u00d3NA &#8211; kryt\u00e9 relaxa\u010dn\u00ed baz\u00e9ny Blue Sapphire, vnit\u0159n\u00ed d\u011btsk\u00fd sv\u011bt Treasure Island &#8211; Ostrov poklad\u016f, d\u011btsk\u00e9 koutky a h\u0159i\u0161t\u011b<br \/>\nLetn\u00ed provoz &#8211; Maysk\u00e1 pyramida, venkovn\u00ed d\u011btsk\u00fd baz\u00e9n, Fun z\u00f3na &#8211; nafukovac\u00ed vodn\u00ed pir\u00e1tsk\u00fd park<\/li>\n<li>fitness centrum<\/li>\n<\/ul>\n<p><strong>HOTEL RIVERSIDE ***<\/strong><\/p>\n<p>Host\u00e9 hotelu Riverside maj\u00ed neomezen\u00fd vstup do aquaparku po celou dobu pobytu i v den odjezdu.<\/p>\n<ul>\n<li>vstup do Aquaparku<br \/>\nRELAXA\u010cN\u00cd Z\u00d3NA &#8211; 3 venkovn\u00ed term\u00e1ln\u00ed baz\u00e9ny s vodn\u00edmi atrakcemi, 2 kryt\u00e9 term\u00e1ln\u00ed baz\u00e9ny Blue Diamond s vodn\u00edmi bary, 50m plaveck\u00fd baz\u00e9n, finsk\u00e1 sauna. Z\u00c1BAVN\u00c1 Z\u00d3NA &#8211; kryt\u00e9 relaxa\u010dn\u00ed baz\u00e9ny Blue Sapphire, vnit\u0159n\u00ed d\u011btsk\u00fd sv\u011bt Treasure Island &#8211; Ostrov poklad\u016f, d\u011btsk\u00e9 koutky a h\u0159i\u0161t\u011b<br \/>\nLetn\u00ed provoz &#8211; Maysk\u00e1 pyramida, venkovn\u00ed d\u011btsk\u00fd baz\u00e9n, Fun z\u00f3na &#8211; nafukovac\u00ed vodn\u00ed pir\u00e1tsk\u00fd park<\/li>\n<li>VSTUP WELLNESS za 15 \u20ac \/ osoba<br \/>\nBal\u00edk zahrnuje jednor\u00e1zov\u00fd vstup do Fire &amp; Water Wellness &amp; Spa a jednu proceduru celot\u011blov\u00e9 kryoterapie b\u011bhem pobytu.<\/li>\n<\/ul>\n<p>[\/vc_column_text]<\/div><div class=\"mkdf-tab-container\" id=\"tab-oteviraci-doba-738\">[vc_row_inner][vc_column_inner offset=&#8221;vc_col-lg-6&#8243;]<div class=\"mkdf-section-title-holder  mkdf-st-standard mkdf-st-ha-center mkdf-st-title-left mkdf-st-normal-space \" style=\"text-align: center\">\n\t<div class=\"mkdf-st-inner\">\n\t\t\t\t\t\t\t<h3 class=\"mkdf-st-title\" >\n\t\t\t\tOTEV\u00cdRAC\u00cd DOBA\t\t\t\t\t\t\t<\/h3>\n\t\t\t\t\t\t\t<div class=\"mkdf-st-separator\" style=\"background-color: #c59d5f\"><\/div>\n\t\t\t\t\t<\/div>\n<\/div>[vc_empty_space height=&#8221;50px&#8221;]<div class=\"mkdf-section-title-holder  mkdf-st-two-columns  mkdf-st-title-left mkdf-st-normal-space \" >\n\t<div class=\"mkdf-st-inner\">\n\t\t\t\t\t\t\t<h4 class=\"mkdf-st-title\" style=\"color: #c59d5f\">\n\t\t\t\tRestaurace\t\t\t\t\t\t\t<\/h4>\n\t\t\t\t\t\t\t\t\t<h4 class=\"mkdf-st-text\" >\n\t\t\t\t7:00 - 21:00\t\t\t<\/h4>\n\t\t\t<\/div>\n<\/div><div class=\"mkdf-section-title-holder  mkdf-st-two-columns  mkdf-st-title-left mkdf-st-normal-space \" >\n\t<div class=\"mkdf-st-inner\">\n\t\t\t\t\t\t\t<h4 class=\"mkdf-st-title\" style=\"color: #c59d5f\">\n\t\t\t\tCaf\u00e9 bar\t\t\t\t\t\t\t<\/h4>\n\t\t\t\t\t\t\t\t\t<h4 class=\"mkdf-st-text\" >\n\t\t\t\t9:00 - 22:00\t\t\t<\/h4>\n\t\t\t<\/div>\n<\/div>[\/vc_column_inner][\/vc_row_inner]<\/div><\/div>\t\t<\/div>\n\t<\/div>\n<\/div><\/div>[vc_column_text][\/vc_column_text][\/vc_column][\/vc_row][vc_row][vc_column][vc_btn title=&#8221;Informace o otev\u00edrac\u00edch hodin\u00e1ch Aquaparku a Wellness centra AquaCity Poprad naleznete zde&#8221; color=&#8221;primary&#8221; size=&#8221;lg&#8221; link=&#8221;url:https%3A%2F%2Faquacity.sk%2Fcs%2Foteviraci-hodiny%2F|target:_blank&#8221;][\/vc_column][\/vc_row]<\/p>\n","protected":false},"excerpt":{"rendered":"<p>[vc_row css=&#8221;.vc_custom_1613060678171{padding-top: 50px !important;padding-bottom: 50px !important;}&#8221;][vc_column][vc_column_text] V\u00e1\u017een\u00ed host\u00e9, p\u0159ipravili jsme pro v\u00e1s nejd\u016fle\u017eit\u011bj\u0161\u00ed informace k pobytu v na\u0161em hotelu. V p\u0159\u00edpad\u011b jak\u00fdchkoliv dotaz\u016f kontaktujte na\u0161i hotelovou recepci nebo rezerva\u010dn\u00ed odd\u011blen\u00ed. P\u0159ejeme v\u00e1m p\u0159\u00edjemn\u00fd pobyt. [\/vc_column_text][vc_column_text][\/vc_column_text][\/vc_column][\/vc_row][vc_row css=&#8221;.vc_custom_1493989002803{padding-top: 80px !important;padding-bottom: 70px !important;}&#8221;][vc_column][vc_column_text][\/vc_column_text][\/vc_column][\/vc_row][vc_row][vc_column][vc_btn [&hellip;]<\/p>\n","protected":false},"author":7,"featured_media":0,"parent":0,"menu_order":0,"comment_status":"closed","ping_status":"closed","template":"","meta":{"inline_featured_image":false,"footnotes":"","_wp_rev_ctl_limit":""},"class_list":["post-15598","page","type-page","status-publish","hentry"],"yoast_head":"<!-- This site is optimized with the Yoast SEO plugin v26.4 - https:\/\/yoast.com\/wordpress\/plugins\/seo\/ -->\n<title>U\u017eite\u010dn\u00e9 informace - Aquacity Hotel<\/title>\n<meta name=\"robots\" content=\"index, follow, max-snippet:-1, max-image-preview:large, max-video-preview:-1\" \/>\n<link rel=\"canonical\" href=\"https:\/\/aquacityhotel.sk\/informacie\/\" \/>\n<meta property=\"og:locale\" content=\"cs_CZ\" \/>\n<meta property=\"og:type\" content=\"article\" \/>\n<meta property=\"og:title\" content=\"U\u017eite\u010dn\u00e9 informace - Aquacity Hotel\" \/>\n<meta property=\"og:description\" content=\"[vc_row css=&#8221;.vc_custom_1613060678171{padding-top: 50px !important;padding-bottom: 50px !important;}&#8221;][vc_column][vc_column_text] V\u00e1\u017een\u00ed host\u00e9, p\u0159ipravili jsme pro v\u00e1s nejd\u016fle\u017eit\u011bj\u0161\u00ed informace k pobytu v na\u0161em hotelu. V p\u0159\u00edpad\u011b jak\u00fdchkoliv dotaz\u016f kontaktujte na\u0161i hotelovou recepci nebo rezerva\u010dn\u00ed odd\u011blen\u00ed. P\u0159ejeme v\u00e1m p\u0159\u00edjemn\u00fd pobyt. [\/vc_column_text][vc_column_text][\/vc_column_text][\/vc_column][\/vc_row][vc_row css=&#8221;.vc_custom_1493989002803{padding-top: 80px !important;padding-bottom: 70px !important;}&#8221;][vc_column][vc_column_text][\/vc_column_text][\/vc_column][\/vc_row][vc_row][vc_column][vc_btn [&hellip;]\" \/>\n<meta property=\"og:url\" content=\"https:\/\/aquacityhotel.sk\/informacie\/\" \/>\n<meta property=\"og:site_name\" content=\"Aquacity Hotel\" \/>\n<meta property=\"article:modified_time\" content=\"2025-10-16T07:29:38+00:00\" \/>\n<meta name=\"twitter:card\" content=\"summary_large_image\" \/>\n<meta name=\"twitter:label1\" content=\"Odhadovan\u00e1 doba \u010dten\u00ed\" \/>\n\t<meta name=\"twitter:data1\" content=\"6 minut\" \/>\n<script type=\"application\/ld+json\" class=\"yoast-schema-graph\">{\"@context\":\"https:\/\/schema.org\",\"@graph\":[{\"@type\":\"WebPage\",\"@id\":\"https:\/\/aquacityhotel.sk\/informacie\/\",\"url\":\"https:\/\/aquacityhotel.sk\/informacie\/\",\"name\":\"U\u017eite\u010dn\u00e9 informace - Aquacity Hotel\",\"isPartOf\":{\"@id\":\"https:\/\/aquacityhotel.sk\/#website\"},\"datePublished\":\"2021-02-09T09:25:49+00:00\",\"dateModified\":\"2025-10-16T07:29:38+00:00\",\"breadcrumb\":{\"@id\":\"https:\/\/aquacityhotel.sk\/informacie\/#breadcrumb\"},\"inLanguage\":\"cs\",\"potentialAction\":[{\"@type\":\"ReadAction\",\"target\":[\"https:\/\/aquacityhotel.sk\/informacie\/\"]}]},{\"@type\":\"BreadcrumbList\",\"@id\":\"https:\/\/aquacityhotel.sk\/informacie\/#breadcrumb\",\"itemListElement\":[{\"@type\":\"ListItem\",\"position\":1,\"name\":\"Domovsk\u00e1 str\u00e1nka\",\"item\":\"https:\/\/aquacityhotel.sk\/\"},{\"@type\":\"ListItem\",\"position\":2,\"name\":\"U\u017eite\u010dn\u00e9 informace\"}]},{\"@type\":\"WebSite\",\"@id\":\"https:\/\/aquacityhotel.sk\/#website\",\"url\":\"https:\/\/aquacityhotel.sk\/\",\"name\":\"Aquacity Hotel\",\"description\":\"Ubytovanie Vysok\u00e9 Tatry Slovensko\",\"potentialAction\":[{\"@type\":\"SearchAction\",\"target\":{\"@type\":\"EntryPoint\",\"urlTemplate\":\"https:\/\/aquacityhotel.sk\/?s={search_term_string}\"},\"query-input\":{\"@type\":\"PropertyValueSpecification\",\"valueRequired\":true,\"valueName\":\"search_term_string\"}}],\"inLanguage\":\"cs\"}]}<\/script>\n<!-- \/ Yoast SEO plugin. -->","yoast_head_json":{"title":"U\u017eite\u010dn\u00e9 informace - Aquacity Hotel","robots":{"index":"index","follow":"follow","max-snippet":"max-snippet:-1","max-image-preview":"max-image-preview:large","max-video-preview":"max-video-preview:-1"},"canonical":"https:\/\/aquacityhotel.sk\/informacie\/","og_locale":"cs_CZ","og_type":"article","og_title":"U\u017eite\u010dn\u00e9 informace - Aquacity Hotel","og_description":"[vc_row css=&#8221;.vc_custom_1613060678171{padding-top: 50px !important;padding-bottom: 50px !important;}&#8221;][vc_column][vc_column_text] V\u00e1\u017een\u00ed host\u00e9, p\u0159ipravili jsme pro v\u00e1s nejd\u016fle\u017eit\u011bj\u0161\u00ed informace k pobytu v na\u0161em hotelu. V p\u0159\u00edpad\u011b jak\u00fdchkoliv dotaz\u016f kontaktujte na\u0161i hotelovou recepci nebo rezerva\u010dn\u00ed odd\u011blen\u00ed. P\u0159ejeme v\u00e1m p\u0159\u00edjemn\u00fd pobyt. [\/vc_column_text][vc_column_text][\/vc_column_text][\/vc_column][\/vc_row][vc_row css=&#8221;.vc_custom_1493989002803{padding-top: 80px !important;padding-bottom: 70px !important;}&#8221;][vc_column][vc_column_text][\/vc_column_text][\/vc_column][\/vc_row][vc_row][vc_column][vc_btn [&hellip;]","og_url":"https:\/\/aquacityhotel.sk\/informacie\/","og_site_name":"Aquacity Hotel","article_modified_time":"2025-10-16T07:29:38+00:00","twitter_card":"summary_large_image","twitter_misc":{"Odhadovan\u00e1 doba \u010dten\u00ed":"6 minut"},"schema":{"@context":"https:\/\/schema.org","@graph":[{"@type":"WebPage","@id":"https:\/\/aquacityhotel.sk\/informacie\/","url":"https:\/\/aquacityhotel.sk\/informacie\/","name":"U\u017eite\u010dn\u00e9 informace - Aquacity Hotel","isPartOf":{"@id":"https:\/\/aquacityhotel.sk\/#website"},"datePublished":"2021-02-09T09:25:49+00:00","dateModified":"2025-10-16T07:29:38+00:00","breadcrumb":{"@id":"https:\/\/aquacityhotel.sk\/informacie\/#breadcrumb"},"inLanguage":"cs","potentialAction":[{"@type":"ReadAction","target":["https:\/\/aquacityhotel.sk\/informacie\/"]}]},{"@type":"BreadcrumbList","@id":"https:\/\/aquacityhotel.sk\/informacie\/#breadcrumb","itemListElement":[{"@type":"ListItem","position":1,"name":"Domovsk\u00e1 str\u00e1nka","item":"https:\/\/aquacityhotel.sk\/"},{"@type":"ListItem","position":2,"name":"U\u017eite\u010dn\u00e9 informace"}]},{"@type":"WebSite","@id":"https:\/\/aquacityhotel.sk\/#website","url":"https:\/\/aquacityhotel.sk\/","name":"Aquacity Hotel","description":"Ubytovanie Vysok\u00e9 Tatry Slovensko","potentialAction":[{"@type":"SearchAction","target":{"@type":"EntryPoint","urlTemplate":"https:\/\/aquacityhotel.sk\/?s={search_term_string}"},"query-input":{"@type":"PropertyValueSpecification","valueRequired":true,"valueName":"search_term_string"}}],"inLanguage":"cs"}]}},"_links":{"self":[{"href":"https:\/\/aquacityhotel.sk\/cs\/wp-json\/wp\/v2\/pages\/15598","targetHints":{"allow":["GET"]}}],"collection":[{"href":"https:\/\/aquacityhotel.sk\/cs\/wp-json\/wp\/v2\/pages"}],"about":[{"href":"https:\/\/aquacityhotel.sk\/cs\/wp-json\/wp\/v2\/types\/page"}],"author":[{"embeddable":true,"href":"https:\/\/aquacityhotel.sk\/cs\/wp-json\/wp\/v2\/users\/7"}],"replies":[{"embeddable":true,"href":"https:\/\/aquacityhotel.sk\/cs\/wp-json\/wp\/v2\/comments?post=15598"}],"version-history":[{"count":33,"href":"https:\/\/aquacityhotel.sk\/cs\/wp-json\/wp\/v2\/pages\/15598\/revisions"}],"predecessor-version":[{"id":21764,"href":"https:\/\/aquacityhotel.sk\/cs\/wp-json\/wp\/v2\/pages\/15598\/revisions\/21764"}],"wp:attachment":[{"href":"https:\/\/aquacityhotel.sk\/cs\/wp-json\/wp\/v2\/media?parent=15598"}],"curies":[{"name":"wp","href":"https:\/\/api.w.org\/{rel}","templated":true}]}}