
{"id":15331,"date":"2021-03-02T13:51:08","date_gmt":"2021-03-02T12:51:08","guid":{"rendered":"https:\/\/horizontresort.sk\/ubytovanie\/"},"modified":"2021-10-13T22:07:40","modified_gmt":"2021-10-13T20:07:40","slug":"hotel-seasons","status":"publish","type":"page","link":"https:\/\/aquacityhotel.sk\/cs\/hotel-seasons\/","title":{"rendered":"Hotel Seasons ****"},"content":{"rendered":"<p>[vc_row css=&#8221;.vc_custom_1612963086244{padding-bottom: 55px !important;}&#8221;][vc_column]<div class=\"mkdf-hrl-holder mkdf-hrl-divided mkdf-normal-space     mkdf-hrl-one-column mkdf-hrl-pag-infinite-scroll\"  data-type=\"divided\" data-number-of-columns=\"1\" data-space-between-items=\"normal\" data-number-of-items=\"5\" data-image-proportions=\"full\" data-selected-rooms=\"17480, 15630, 15632\" data-enable-filter=\"no\" data-order-by=\"date\" data-order=\"DESC\" data-title-tag=\"h3\" data-enable-excerpt=\"yes\" data-excerpt-length=\"200\" data-pagination-type=\"infinite-scroll\" data-enable-sort=\"no\" data-max-num-pages=\"1\" data-next-page=\"2\">\n\t\t<div class=\"mkdf-grid-row\">\n\t\t<div class=\"mkdf-hrl-items-part\n                        mkdf-grid-col-12\n            \">\n\t\t\t<div class=\"mkdf-hrl-inner mkdf-outer-space clearfix\">\n\t\t\t\t    <article class=\"mkdf-hrl-item mkdf-item-space  post-17480 hotel-room type-hotel-room status-publish has-post-thumbnail hentry extra-service-tag-detska-postielka-bezplatne-cs extra-service-tag-detska-postylka-zdarma extra-service-tag-late-check-out-poplatek-za-pozdejsi-odchod-z-hotelu-do-1300-je-v-cene-20-e-pokoj extra-service-tag-pristylka-poplatek-60-eur-noc amenity-tag-antialergicke-prikryvky amenity-tag-kozmeticky-set-cs amenity-tag-lcd-tv-40 amenity-tag-minibar-cs amenity-tag-ortopedicke-matrace-cs amenity-tag-parkovani-u-hotelu amenity-tag-room-service-rozvoz-jidla-na-pokoj amenity-tag-set-kavy-a-caje amenity-tag-sprcha-wc-fen amenity-tag-telefon-cs amenity-tag-trezor amenity-tag-wi-fi-cs amenity-tag-zupan-cs\">\n        <div class=\"mkdf-hrl-item-inner\">\n\t\t\t<div class=\"mkdf-item-holder\">\n    <div class=\"mkdf-hrl-item-image\">\n\t    <span class=\"mkdf-hrl-price-holder\">\n\t    <span class=\"mkdf-html-price-top\">Starting from<\/span>\n\t\t<span class=\"mkdf-hrl-price\">\n\t        <span class=\"mkdf-hrl-price-currency\">&euro;<\/span><span>100<\/span>\n\t    <\/span>\n\t    <span class=\"mkdf-html-price-night\">night<\/span>\n    <\/span>\n\t<img loading=\"lazy\" decoding=\"async\" width=\"1000\" height=\"650\" src=\"https:\/\/aquacityhotel.sk\/wp-content\/uploads\/2021\/09\/AquaCity_1000x650_158-1.jpg\" class=\"attachment-full size-full wp-post-image\" alt=\"\" srcset=\"https:\/\/aquacityhotel.sk\/wp-content\/uploads\/2021\/09\/AquaCity_1000x650_158-1.jpg 1000w, https:\/\/aquacityhotel.sk\/wp-content\/uploads\/2021\/09\/AquaCity_1000x650_158-1-300x195.jpg 300w, https:\/\/aquacityhotel.sk\/wp-content\/uploads\/2021\/09\/AquaCity_1000x650_158-1-768x499.jpg 768w, https:\/\/aquacityhotel.sk\/wp-content\/uploads\/2021\/09\/AquaCity_1000x650_158-1-600x390.jpg 600w\" sizes=\"auto, (max-width: 1000px) 100vw, 1000px\" \/>    <a itemprop=\"url\" class=\"mkdf-hrl-link mkdf-block-drag-link\" href=\"https:\/\/aquacityhotel.sk\/cs\/hotel-room\/standard-pokoje-seasons\/\" target=\"_self\"><\/a>\n\t<\/div>    <div class=\"mkdf-hrl-item-content\">\n        <div class=\"mkdf-hrl-item-content-holder\">\n            <div class=\"mkdf-hrl-item-content-inner\">\n\t\t\t\t<h3 itemprop=\"name\" class=\"mkdf-hrl-item-title entry-title\">\n<a itemprop=\"url\" href=\"https:\/\/aquacityhotel.sk\/cs\/hotel-room\/standard-pokoje-seasons\/\" target=\"_self\">\n\tHotel Seasons &#8211; Pokoje Standard<\/a>\n<\/h3>\t\t\t\t\t<p itemprop=\"description\" class=\"mkdf-pli-excerpt\">Pokoje Standard s rozlohou 23,6m2 jsou vhodn\u00e9 na ubytov\u00e1n\u00ed pro 2 osoby nebo rodiny s d\u011btmi. Jsou barevn\u011b lad\u011bn\u00e9 podle obdob\u00ed \u2013 l\u00e9to a zima v barv\u00e1ch st\u0159\u00edbrno-modr\u00e1 a zlato-b\u00e9\u017eov\u00e1.<\/p>\n\t\t\t\t\t<div class=\"mkdf-post-read-more-button\">\n\t\t<a itemprop=\"url\" href=\"https:\/\/aquacityhotel.sk\/cs\/hotel-room\/standard-pokoje-seasons\/\" target=\"_self\"  class=\"mkdf-btn mkdf-btn-medium mkdf-btn-simple\"  >    <span class=\"mkdf-btn-text\">Zobrazit podrobnosti<\/span>    <\/a>\t<\/div>\n            <\/div>\n        <\/div>\n    <\/div>\n<\/div>\n        <\/div>\n    <\/article>\n    <article class=\"mkdf-hrl-item mkdf-item-space  post-15630 hotel-room type-hotel-room status-publish has-post-thumbnail hentry extra-service-tag-detska-postylka-na-pokoj-nelze-umistit-postylku extra-service-tag-late-check-out-poplatek-za-pozdejsi-odchod-z-hotelu-do-1300-je-v-cene-20-e-pokoj amenity-tag-kozmeticky-set-cs amenity-tag-minibar-cs amenity-tag-parkovani-u-hotelu amenity-tag-room-service-rozvoz-jidla-na-pokoj amenity-tag-set-kavy-a-caje amenity-tag-sprcha-wc-fen amenity-tag-telefon-cs amenity-tag-trezor amenity-tag-wi-fi-cs amenity-tag-zupan-cs\">\n        <div class=\"mkdf-hrl-item-inner\">\n\t\t\t<div class=\"mkdf-item-holder\">\n    <div class=\"mkdf-hrl-item-image\">\n\t    <span class=\"mkdf-hrl-price-holder\">\n\t    <span class=\"mkdf-html-price-top\">Starting from<\/span>\n\t\t<span class=\"mkdf-hrl-price\">\n\t        <span class=\"mkdf-hrl-price-currency\">&euro;<\/span><span>180<\/span>\n\t    <\/span>\n\t    <span class=\"mkdf-html-price-night\">night<\/span>\n    <\/span>\n\t<img loading=\"lazy\" decoding=\"async\" width=\"1920\" height=\"1440\" src=\"https:\/\/aquacityhotel.sk\/wp-content\/uploads\/2021\/03\/AquaCity_310_mezonet_00.jpg\" class=\"attachment-full size-full wp-post-image\" alt=\"\" srcset=\"https:\/\/aquacityhotel.sk\/wp-content\/uploads\/2021\/03\/AquaCity_310_mezonet_00.jpg 1920w, https:\/\/aquacityhotel.sk\/wp-content\/uploads\/2021\/03\/AquaCity_310_mezonet_00-300x225.jpg 300w, https:\/\/aquacityhotel.sk\/wp-content\/uploads\/2021\/03\/AquaCity_310_mezonet_00-1024x768.jpg 1024w, https:\/\/aquacityhotel.sk\/wp-content\/uploads\/2021\/03\/AquaCity_310_mezonet_00-768x576.jpg 768w, https:\/\/aquacityhotel.sk\/wp-content\/uploads\/2021\/03\/AquaCity_310_mezonet_00-1536x1152.jpg 1536w, https:\/\/aquacityhotel.sk\/wp-content\/uploads\/2021\/03\/AquaCity_310_mezonet_00-1320x990.jpg 1320w, https:\/\/aquacityhotel.sk\/wp-content\/uploads\/2021\/03\/AquaCity_310_mezonet_00-600x450.jpg 600w\" sizes=\"auto, (max-width: 1920px) 100vw, 1920px\" \/>    <a itemprop=\"url\" class=\"mkdf-hrl-link mkdf-block-drag-link\" href=\"https:\/\/aquacityhotel.sk\/cs\/hotel-room\/mezonetove-pokoje-seasons\/\" target=\"_self\"><\/a>\n\t<\/div>    <div class=\"mkdf-hrl-item-content\">\n        <div class=\"mkdf-hrl-item-content-holder\">\n            <div class=\"mkdf-hrl-item-content-inner\">\n\t\t\t\t<h3 itemprop=\"name\" class=\"mkdf-hrl-item-title entry-title\">\n<a itemprop=\"url\" href=\"https:\/\/aquacityhotel.sk\/cs\/hotel-room\/mezonetove-pokoje-seasons\/\" target=\"_self\">\n\tHotel Seasons &#8211; Pokoje Mezonetov\u00e9<\/a>\n<\/h3>\t\t\t\t\t<p itemprop=\"description\" class=\"mkdf-pli-excerpt\">Mezonetov\u00e9 pokoje ve stylu podkrov\u00ed jsou p\u0159izp\u016fsobeny pro rodiny s d\u011btmi. Rozloha pokoj\u016f 35,2 m2 poskytuje dostate\u010dn\u00fd prostor pro v\u00e1\u0161 pobyt.<\/p>\n\t\t\t\t\t<div class=\"mkdf-post-read-more-button\">\n\t\t<a itemprop=\"url\" href=\"https:\/\/aquacityhotel.sk\/cs\/hotel-room\/mezonetove-pokoje-seasons\/\" target=\"_self\"  class=\"mkdf-btn mkdf-btn-medium mkdf-btn-simple\"  >    <span class=\"mkdf-btn-text\">Zobrazit podrobnosti<\/span>    <\/a>\t<\/div>\n            <\/div>\n        <\/div>\n    <\/div>\n<\/div>\n        <\/div>\n    <\/article>\n    <article class=\"mkdf-hrl-item mkdf-item-space  post-15632 hotel-room type-hotel-room status-publish has-post-thumbnail hentry extra-service-tag-detska-postielka-bezplatne-cs extra-service-tag-detska-postylka-zdarma extra-service-tag-late-check-out-poplatek-za-pozdejsi-odchod-z-hotelu-do-1300-je-v-cene-20-e-pokoj amenity-tag-kozmeticky-set-cs amenity-tag-lcd-tv-40 amenity-tag-minibar-cs amenity-tag-pantofle amenity-tag-parkovani-u-hotelu amenity-tag-room-service-rozvoz-jidla-na-pokoj amenity-tag-set-kavy-a-caje amenity-tag-sprcha-wc-fen amenity-tag-telefon-cs amenity-tag-trezor amenity-tag-vana-cs amenity-tag-wi-fi-cs amenity-tag-zupan-cs\">\n        <div class=\"mkdf-hrl-item-inner\">\n\t\t\t<div class=\"mkdf-item-holder\">\n    <div class=\"mkdf-hrl-item-image\">\n\t    <span class=\"mkdf-hrl-price-holder\">\n\t    <span class=\"mkdf-html-price-top\">Starting from<\/span>\n\t\t<span class=\"mkdf-hrl-price\">\n\t        <span class=\"mkdf-hrl-price-currency\">&euro;<\/span><span>240<\/span>\n\t    <\/span>\n\t    <span class=\"mkdf-html-price-night\">night<\/span>\n    <\/span>\n\t<img loading=\"lazy\" decoding=\"async\" width=\"1920\" height=\"1280\" src=\"https:\/\/aquacityhotel.sk\/wp-content\/uploads\/2021\/03\/AquaCity_Poprad_316_1920_03-1.jpg\" class=\"attachment-full size-full wp-post-image\" alt=\"\" srcset=\"https:\/\/aquacityhotel.sk\/wp-content\/uploads\/2021\/03\/AquaCity_Poprad_316_1920_03-1.jpg 1920w, https:\/\/aquacityhotel.sk\/wp-content\/uploads\/2021\/03\/AquaCity_Poprad_316_1920_03-1-300x200.jpg 300w, https:\/\/aquacityhotel.sk\/wp-content\/uploads\/2021\/03\/AquaCity_Poprad_316_1920_03-1-1024x683.jpg 1024w, https:\/\/aquacityhotel.sk\/wp-content\/uploads\/2021\/03\/AquaCity_Poprad_316_1920_03-1-768x512.jpg 768w, https:\/\/aquacityhotel.sk\/wp-content\/uploads\/2021\/03\/AquaCity_Poprad_316_1920_03-1-1536x1024.jpg 1536w, https:\/\/aquacityhotel.sk\/wp-content\/uploads\/2021\/03\/AquaCity_Poprad_316_1920_03-1-1320x880.jpg 1320w, https:\/\/aquacityhotel.sk\/wp-content\/uploads\/2021\/03\/AquaCity_Poprad_316_1920_03-1-600x400.jpg 600w\" sizes=\"auto, (max-width: 1920px) 100vw, 1920px\" \/>    <a itemprop=\"url\" class=\"mkdf-hrl-link mkdf-block-drag-link\" href=\"https:\/\/aquacityhotel.sk\/cs\/hotel-room\/deluxe-apartman-seasons\/\" target=\"_self\"><\/a>\n\t<\/div>    <div class=\"mkdf-hrl-item-content\">\n        <div class=\"mkdf-hrl-item-content-holder\">\n            <div class=\"mkdf-hrl-item-content-inner\">\n\t\t\t\t<h3 itemprop=\"name\" class=\"mkdf-hrl-item-title entry-title\">\n<a itemprop=\"url\" href=\"https:\/\/aquacityhotel.sk\/cs\/hotel-room\/deluxe-apartman-seasons\/\" target=\"_self\">\n\tHotel Seasons &#8211; Apartm\u00e1n De Luxe<\/a>\n<\/h3>\t\t\t\t\t<p itemprop=\"description\" class=\"mkdf-pli-excerpt\">De Luxe apartm\u00e1n s rozlohou 67,7m2 je ide\u00e1ln\u00edm m\u00edstem pro n\u00e1ro\u010dn\u00e9 klienty, kte\u0159\u00ed pot\u0159ebuj\u00ed dostatek prostoru. Je vybaven 2 odd\u011blen\u00fdmi lo\u017enicov\u00fdmi \u010d\u00e1stmi, 2 koupelnami, kuchy\u0148kou.<\/p>\n\t\t\t\t\t<div class=\"mkdf-post-read-more-button\">\n\t\t<a itemprop=\"url\" href=\"https:\/\/aquacityhotel.sk\/cs\/hotel-room\/deluxe-apartman-seasons\/\" target=\"_self\"  class=\"mkdf-btn mkdf-btn-medium mkdf-btn-simple\"  >    <span class=\"mkdf-btn-text\">Zobrazit podrobnosti<\/span>    <\/a>\t<\/div>\n            <\/div>\n        <\/div>\n    <\/div>\n<\/div>\n        <\/div>\n    <\/article>\n\t\t\t<\/div>\n\t\t\t\t\t<\/div>\n\t\t\t<\/div>\n<\/div>[\/vc_column][\/vc_row]<\/p>\n","protected":false},"excerpt":{"rendered":"<p>[vc_row css=&#8221;.vc_custom_1612963086244{padding-bottom: 55px !important;}&#8221;][vc_column][\/vc_column][\/vc_row]<\/p>\n","protected":false},"author":7,"featured_media":0,"parent":0,"menu_order":0,"comment_status":"closed","ping_status":"closed","template":"","meta":{"inline_featured_image":false,"footnotes":"","_wp_rev_ctl_limit":""},"class_list":["post-15331","page","type-page","status-publish","hentry"],"yoast_head":"<!-- This site is optimized with the Yoast SEO plugin v26.4 - https:\/\/yoast.com\/wordpress\/plugins\/seo\/ -->\n<title>Hotel Seasons **** - Aquacity Hotel<\/title>\n<meta name=\"robots\" content=\"index, follow, max-snippet:-1, max-image-preview:large, max-video-preview:-1\" \/>\n<link rel=\"canonical\" href=\"https:\/\/aquacityhotel.sk\/cs\/hotel-seasons\/\" \/>\n<meta property=\"og:locale\" content=\"cs_CZ\" \/>\n<meta property=\"og:type\" content=\"article\" \/>\n<meta property=\"og:title\" content=\"Hotel Seasons **** - Aquacity Hotel\" \/>\n<meta property=\"og:description\" content=\"[vc_row css=&#8221;.vc_custom_1612963086244{padding-bottom: 55px !important;}&#8221;][vc_column][\/vc_column][\/vc_row]\" \/>\n<meta property=\"og:url\" content=\"https:\/\/aquacityhotel.sk\/cs\/hotel-seasons\/\" \/>\n<meta property=\"og:site_name\" content=\"Aquacity Hotel\" \/>\n<meta property=\"article:modified_time\" content=\"2021-10-13T20:07:40+00:00\" \/>\n<meta name=\"twitter:card\" content=\"summary_large_image\" \/>\n<script type=\"application\/ld+json\" class=\"yoast-schema-graph\">{\"@context\":\"https:\/\/schema.org\",\"@graph\":[{\"@type\":\"WebPage\",\"@id\":\"https:\/\/aquacityhotel.sk\/cs\/hotel-seasons\/\",\"url\":\"https:\/\/aquacityhotel.sk\/cs\/hotel-seasons\/\",\"name\":\"Hotel Seasons **** - Aquacity Hotel\",\"isPartOf\":{\"@id\":\"https:\/\/aquacityhotel.sk\/#website\"},\"datePublished\":\"2021-03-02T12:51:08+00:00\",\"dateModified\":\"2021-10-13T20:07:40+00:00\",\"breadcrumb\":{\"@id\":\"https:\/\/aquacityhotel.sk\/cs\/hotel-seasons\/#breadcrumb\"},\"inLanguage\":\"cs\",\"potentialAction\":[{\"@type\":\"ReadAction\",\"target\":[\"https:\/\/aquacityhotel.sk\/cs\/hotel-seasons\/\"]}]},{\"@type\":\"BreadcrumbList\",\"@id\":\"https:\/\/aquacityhotel.sk\/cs\/hotel-seasons\/#breadcrumb\",\"itemListElement\":[{\"@type\":\"ListItem\",\"position\":1,\"name\":\"Domovsk\u00e1 str\u00e1nka\",\"item\":\"https:\/\/aquacityhotel.sk\/\"},{\"@type\":\"ListItem\",\"position\":2,\"name\":\"Hotel Seasons ****\"}]},{\"@type\":\"WebSite\",\"@id\":\"https:\/\/aquacityhotel.sk\/#website\",\"url\":\"https:\/\/aquacityhotel.sk\/\",\"name\":\"Aquacity Hotel\",\"description\":\"Ubytovanie Vysok\u00e9 Tatry Slovensko\",\"potentialAction\":[{\"@type\":\"SearchAction\",\"target\":{\"@type\":\"EntryPoint\",\"urlTemplate\":\"https:\/\/aquacityhotel.sk\/?s={search_term_string}\"},\"query-input\":{\"@type\":\"PropertyValueSpecification\",\"valueRequired\":true,\"valueName\":\"search_term_string\"}}],\"inLanguage\":\"cs\"}]}<\/script>\n<!-- \/ Yoast SEO plugin. -->","yoast_head_json":{"title":"Hotel Seasons **** - Aquacity Hotel","robots":{"index":"index","follow":"follow","max-snippet":"max-snippet:-1","max-image-preview":"max-image-preview:large","max-video-preview":"max-video-preview:-1"},"canonical":"https:\/\/aquacityhotel.sk\/cs\/hotel-seasons\/","og_locale":"cs_CZ","og_type":"article","og_title":"Hotel Seasons **** - Aquacity Hotel","og_description":"[vc_row css=&#8221;.vc_custom_1612963086244{padding-bottom: 55px !important;}&#8221;][vc_column][\/vc_column][\/vc_row]","og_url":"https:\/\/aquacityhotel.sk\/cs\/hotel-seasons\/","og_site_name":"Aquacity Hotel","article_modified_time":"2021-10-13T20:07:40+00:00","twitter_card":"summary_large_image","schema":{"@context":"https:\/\/schema.org","@graph":[{"@type":"WebPage","@id":"https:\/\/aquacityhotel.sk\/cs\/hotel-seasons\/","url":"https:\/\/aquacityhotel.sk\/cs\/hotel-seasons\/","name":"Hotel Seasons **** - Aquacity Hotel","isPartOf":{"@id":"https:\/\/aquacityhotel.sk\/#website"},"datePublished":"2021-03-02T12:51:08+00:00","dateModified":"2021-10-13T20:07:40+00:00","breadcrumb":{"@id":"https:\/\/aquacityhotel.sk\/cs\/hotel-seasons\/#breadcrumb"},"inLanguage":"cs","potentialAction":[{"@type":"ReadAction","target":["https:\/\/aquacityhotel.sk\/cs\/hotel-seasons\/"]}]},{"@type":"BreadcrumbList","@id":"https:\/\/aquacityhotel.sk\/cs\/hotel-seasons\/#breadcrumb","itemListElement":[{"@type":"ListItem","position":1,"name":"Domovsk\u00e1 str\u00e1nka","item":"https:\/\/aquacityhotel.sk\/"},{"@type":"ListItem","position":2,"name":"Hotel Seasons ****"}]},{"@type":"WebSite","@id":"https:\/\/aquacityhotel.sk\/#website","url":"https:\/\/aquacityhotel.sk\/","name":"Aquacity Hotel","description":"Ubytovanie Vysok\u00e9 Tatry Slovensko","potentialAction":[{"@type":"SearchAction","target":{"@type":"EntryPoint","urlTemplate":"https:\/\/aquacityhotel.sk\/?s={search_term_string}"},"query-input":{"@type":"PropertyValueSpecification","valueRequired":true,"valueName":"search_term_string"}}],"inLanguage":"cs"}]}},"_links":{"self":[{"href":"https:\/\/aquacityhotel.sk\/cs\/wp-json\/wp\/v2\/pages\/15331","targetHints":{"allow":["GET"]}}],"collection":[{"href":"https:\/\/aquacityhotel.sk\/cs\/wp-json\/wp\/v2\/pages"}],"about":[{"href":"https:\/\/aquacityhotel.sk\/cs\/wp-json\/wp\/v2\/types\/page"}],"author":[{"embeddable":true,"href":"https:\/\/aquacityhotel.sk\/cs\/wp-json\/wp\/v2\/users\/7"}],"replies":[{"embeddable":true,"href":"https:\/\/aquacityhotel.sk\/cs\/wp-json\/wp\/v2\/comments?post=15331"}],"version-history":[{"count":7,"href":"https:\/\/aquacityhotel.sk\/cs\/wp-json\/wp\/v2\/pages\/15331\/revisions"}],"predecessor-version":[{"id":17555,"href":"https:\/\/aquacityhotel.sk\/cs\/wp-json\/wp\/v2\/pages\/15331\/revisions\/17555"}],"wp:attachment":[{"href":"https:\/\/aquacityhotel.sk\/cs\/wp-json\/wp\/v2\/media?parent=15331"}],"curies":[{"name":"wp","href":"https:\/\/api.w.org\/{rel}","templated":true}]}}