
{"id":15303,"date":"2021-02-11T18:09:36","date_gmt":"2021-02-11T17:09:36","guid":{"rendered":"https:\/\/horizontresort.sk\/aktivity\/"},"modified":"2025-03-06T09:33:41","modified_gmt":"2025-03-06T08:33:41","slug":"aktivity","status":"publish","type":"page","link":"https:\/\/aquacityhotel.sk\/cs\/aktivity\/","title":{"rendered":"Aktivity v okol\u00ed"},"content":{"rendered":"<p>[vc_row css=&#8221;.vc_custom_1493985307534{padding-top: 40px !important;padding-bottom: 42px !important;}&#8221;][vc_column css=&#8221;.vc_custom_1613065139053{padding-top: 0px !important;}&#8221; offset=&#8221;vc_col-lg-6&#8243;]<div class=\"mkdf-elements-holder   mkdf-one-column  mkdf-responsive-mode-768 \" ><div class=\"mkdf-eh-item    \"  data-item-class=\"mkdf-eh-custom-9294\" data-1280-1600=\"37px 0% 0% 0%\" data-1024-1280=\"36px 0% 0% 0%\" data-768-1024=\"34px 0% 0% 0%\">\n\t<div class=\"mkdf-eh-item-inner\">\n\t\t<div class=\"mkdf-eh-item-content mkdf-eh-custom-9294\" style=\"padding: 35px 0% 0% 0%\">\n\t\t\t<div class=\"mkdf-section-title-holder  mkdf-st-standard  mkdf-st-title-left mkdf-st-normal-space \" >\n\t<div class=\"mkdf-st-inner\">\n\t\t\t\t\t<h6 class=\"mkdf-st-subtitle\" >\n\t\t\t\tAQUAPARK, TURISTIKA, CYKLISTIKA, ATRAKCE\t\t\t<\/h6>\n\t\t\t\t\t\t\t<h2 class=\"mkdf-st-title\" >\n\t\t\t\tLetn\u00ed aktivity\t\t\t\t\t\t\t<\/h2>\n\t\t\t\t\t\t\t<div class=\"mkdf-st-separator\" style=\"background-color: #c59d5f\"><\/div>\n\t\t\t\t\t<\/div>\n<\/div>[vc_empty_space height=&#8221;50px&#8221;]<div class=\"mkdf-accordion-holder mkdf-ac-default  mkdf-accordion mkdf-ac-boxed  clearfix\">\n\t<h3 class=\"mkdf-accordion-title\">\n    <span class=\"mkdf-accordion-mark\">\n\t\t<span class=\"mkdf_icon_plus icon_plus\"><\/span>\n\t\t<span class=\"mkdf_icon_minus icon_minus-06\"><\/span>\n\t<\/span>\n\t<span class=\"mkdf-tab-title\">AquaCity Poprad \u2013 Vodn\u00ed r\u00e1j pod Tatrami<\/span>\n<\/h3>\n<div class=\"mkdf-accordion-content\">\n\t[vc_column_text]B\u011bhem cel\u00e9ho roku si m\u016f\u017eete dop\u0159\u00e1t dokonal\u00fd relax a odpo\u010dinek v nejkr\u00e1sn\u011bj\u0161\u00edm term\u00e1ln\u00edm Aquaparku AquaCity Poprad. Term\u00e1ln\u00ed vodu \u010derp\u00e1me z 1300 m hlubok\u00e9ho vrtu, kter\u00fd obsahuje 20 r\u016fzn\u00fdch zdrav\u00ed prosp\u011b\u0161n\u00fdch miner\u00e1l\u016f. U\u017eijte si skv\u011blou z\u00e1bavu v 13 vn\u011bj\u0161\u00edch a vnit\u0159n\u00edch term\u00e1ln\u00edch baz\u00e9nech s teplotou vody od 30 \u2013 38 \u00b0 C. Celkov\u00e1 vodn\u00ed plocha v aquaparku p\u0159edstavuje 3500m2 a kapacita cel\u00e9ho are\u00e1lu poslou\u017e\u00ed a\u017e sedmi tis\u00edc\u016fm n\u00e1v\u0161t\u011bvn\u00edk\u016f. St\u0159edisko AquaCity Poprad je v\u00fdjime\u010dn\u00e9 zejm\u00e9na vodou, kter\u00e1 poch\u00e1z\u00ed z geoterm\u00e1ln\u00edho pramene pod aquaparkem. K\u0159i\u0161\u0165\u00e1lov\u011b \u010dist\u00e1 voda v cel\u00e9m komplexu baz\u00e9n\u016f si udr\u017euje svou kvalitu d\u00edky \u010di\u0161t\u011bn\u00ed 6x za den a filtrov\u00e1n\u00ed 2x za den. Voda. Na \u010di\u0161t\u011bn\u00ed vody je pou\u017eita ultrafialov\u00e1 technika, kter\u00e1 n\u00e1sledn\u011b umo\u017e\u0148uje pou\u017eit\u00ed men\u0161\u00edho mno\u017estv\u00ed chloru, co\u017e je lep\u0161\u00ed pro Va\u0161i poko\u017eku i pro \u017eivotn\u00ed prost\u0159ed\u00ed. O kvalit\u00e1ch vody a p\u0159\u00edstupu k ochran\u011b \u017eivotn\u00edho prost\u0159ed\u00ed sv\u011bd\u010d\u00ed i ocen\u011bn\u00ed pro AquaCity Poprad \u2013 nejekologi\u010dt\u011bj\u0161\u00ed st\u0159edisko na sv\u011bt\u011b.<\/p>\n<p>Ve venkovn\u00edm are\u00e1lu si m\u016f\u017eete odpo\u010dinout v celoro\u010dn\u00edm sedac\u00edm nebo relaxa\u010dn\u00edm baz\u00e9nu, kde najdete vodn\u00ed perli\u010dky, mas\u00e1\u017en\u00ed trysky, vodn\u00ed h\u0159ib \u010di houpac\u00ed zvon, nebo si m\u016f\u017eete zaplavat ve venkovn\u00edm rekondi\u010dn\u00edm plaveck\u00e9m baz\u00e9nu pro aktivn\u00ed sportovce s d\u00e9lkou 33m. Luxusn\u00ed term\u00e1ln\u00ed baz\u00e9ny Blue Diamond s n\u00e1pojov\u00fdmi bary a mno\u017estv\u00edm vodn\u00edch atrakc\u00ed, v\u00ed\u0159ivek, mas\u00e1\u017en\u00edch trysek a vodn\u00edch proud\u016f jsou m\u00edstem pro dokonal\u00fd relax. Relaxa\u010dn\u00ed baz\u00e9ny Blue Sapphire jsou unik\u00e1tn\u00ed nejen nab\u00edzen\u00fdm rozsahem slu\u017eeb, ale i p\u0159\u00ednosem p\u0159i ochran\u011b \u017eivotn\u00edho prost\u0159ed\u00ed. Relaxa\u010dn\u00ed baz\u00e9ny s teplotou vody 30 \u2013 35 \u00b0 C, kter\u00e9 nab\u00edzej\u00ed celou \u0161k\u00e1lu vodn\u00edch a vzduchov\u00fdch mas\u00e1\u017e\u00ed, vodn\u00edch perli\u010dkov\u00fdch leh\u00e1tek a sedadel, vodn\u00ed clony a trysky, speci\u00e1ln\u00ed sv\u011btla pro chromoterapii \u2013 l\u00e9\u010dbu sv\u011btlem, za\u0159\u00edzen\u00ed na um\u011bl\u00e9 vlnobit\u00ed a dal\u0161\u00ed atrakce. Skv\u011bl\u00fd pobyt v AquaCity Poprad je ka\u017ed\u00fd ve\u010der ukon\u010den v\u00fdjime\u010dnou 3D laserovou show v baz\u00e9nech Blue Sapphire, kter\u00e1 nem\u00e1 obdoby v cel\u00e9 Evrop\u011b. Laserov\u00e1 show v AquaCity je uk\u00e1zkou mo\u017enost\u00ed vyu\u017eit\u00ed technologicky nejvysp\u011blej\u0161\u00edch laserov\u00fdch projektor\u016f. \u017div\u00e9 animovan\u00e9 3D obrazy, vzn\u00e1\u0161ej\u00edc\u00ed se ve vzduchu vytv\u00e1\u0159ej\u00ed mysteri\u00f3zn\u00ed divadlo a nezapomenuteln\u00fd z\u00e1\u017eitek.<\/p>\n<p>V are\u00e1lu se nach\u00e1zej\u00ed 2 kryt\u00e9 tobog\u00e1ny a vodn\u00ed r\u00e1j Maysk\u00e1 pyramida, otev\u0159en\u00fd b\u011bhem letn\u00edch m\u011bs\u00edc\u016f s\u00a0raftovac\u00edm tobog\u00e1nem, 2 rychl\u00fdmi skluzavkami Kamikadze a \u0161irokou skluzavkou Family slide. Nejmen\u0161\u00ed n\u00e1v\u0161t\u011bvn\u00edci se mohou pobavit a\u017e na sedmi r\u016fzn\u00fdch d\u011btsk\u00fdch h\u0159i\u0161t\u00edch a v d\u011btsk\u00fdch koutc\u00edch. Nov\u00fd vn\u011bj\u0161\u00ed letn\u00ed are\u00e1l nab\u00edz\u00ed prostor pro aktivn\u011bj\u0161\u00ed n\u00e1v\u0161t\u011bvn\u00edky, t\u0159i p\u00edskov\u00e1 h\u0159i\u0161t\u011b jsou ide\u00e1ln\u00ed pro pl\u00e1\u017eov\u00fd volejbal nebo fotbal s rodinou \u010di p\u0159\u00e1teli a v bezprost\u0159edn\u00ed bl\u00edzkosti h\u0159i\u0161\u0165 je i p\u00edse\u010dn\u00e1 pl\u00e1\u017e s leh\u00e1tky a slune\u010dn\u00edky \u010di n\u00e1pojov\u00fd pl\u00e1\u017eov\u00fd bar s \u0161irokou nab\u00eddkou osv\u011b\u017euj\u00edc\u00edch n\u00e1poj\u016f a m\u00edchan\u00fdch drink\u016f. V mo\u0159i z\u00e1bavy pod Tatrami objev\u00ed cestovatel\u00e9 d\u011btsk\u00fd baz\u00e9n Treasure Island \u2013 Ostrov poklad\u016f. V duchu jednoho z nejpopul\u00e1rn\u011bj\u0161\u00edch d\u011bl historie, jsme vybudovali baz\u00e9n ve stylu exotick\u00e9ho z\u00e1livu se slanou vodou, ve kter\u00e9m nechyb\u00ed ztroskotan\u00e1 lo\u010f se skluzavkami.<\/p>\n<p>Pobyt u vody je mo\u017en\u00e9 v AquaCity Poprad vyu\u017e\u00edt i na relax a odpo\u010dinek spojen\u00fd s wellness procedurami ve Vit\u00e1ln\u00edm sv\u011bt\u011b Fire &amp; Water Wellness &amp; Spa centru. Na plo\u0161e v\u00edce ne\u017e 1590 m2 najdete vit\u00e1ln\u00ed sv\u011bt pln\u00fd kontrast\u016f ve znamen\u00ed \u017eivl\u016f ohn\u011b a vody. Tyto \u017eivly jsou nov\u00fdm symbolem wellness centra rozd\u011blen\u00e9ho na priv\u00e1tn\u00ed a party z\u00f3nu, ve kter\u00fdch najdete r\u016fzn\u00e9 druhy saun a inhala\u010dn\u00edch m\u00edstnost\u00ed, ceremoni\u00e1ln\u00ed saunu, priv\u00e1tn\u00ed z\u00f3nu a unik\u00e1tn\u00ed 14 m Vital Bar s trendovou nab\u00eddkou koktejl\u016f a j\u00eddel.[\/vc_column_text]<\/div><h3 class=\"mkdf-accordion-title\">\n    <span class=\"mkdf-accordion-mark\">\n\t\t<span class=\"mkdf_icon_plus icon_plus\"><\/span>\n\t\t<span class=\"mkdf_icon_minus icon_minus-06\"><\/span>\n\t<\/span>\n\t<span class=\"mkdf-tab-title\">TURISTIKA<\/span>\n<\/h3>\n<div class=\"mkdf-accordion-content\">\n\t[vc_column_text]<\/p>\n<p class=\"p1\">Objevte a poznejte Vysok\u00e9 Tatry v\u0161emi smysly. Opus\u0165te ka\u017edodenn\u00ed stereotyp dne\u0161n\u00ed usp\u011bchan\u00e9 doby a nau\u010dte se znovu objevovat p\u0159irozenost na\u0161\u00ed \u00fachvatn\u00e9 krajiny. Vysok\u00e9 Tatry jsou jedine\u010dn\u00fdm m\u00edstem na zemi s 25-ti \u0161t\u00edty vy\u0161\u0161\u00edmi ne\u017e 2 500 metr\u016f n. m., unik\u00e1tn\u00edmi ledovcov\u00fdmi plesy, chr\u00e1n\u011bn\u00fdmi rostlinami a ojedin\u011blou faunou. Na\u0161e tatransk\u00e9 hory dop\u0159ej\u00ed va\u0161emu t\u011blu i mysli tu pravou harmonii s p\u0159\u00edrodou. B\u011bhem letn\u00edch m\u011bs\u00edc\u016f nav\u0161t\u00edv\u00ed region Vysok\u00e9 Tatry p\u0159es 1,3 milionu n\u00e1v\u0161t\u011bvn\u00edk\u016f, kte\u0159\u00ed odpo\u010d\u00edvaj\u00ed a na\u010derp\u00e1vaj\u00ed s\u00edly v n\u00e1dhern\u00e9m regionu b\u011bhem jednoho nebo v\u00edce dn\u00ed. Vysok\u00e9 Tatry nab\u00edzej\u00ed turist\u016fm mnoho mo\u017enost\u00ed pro aktivn\u00ed odpo\u010dinek jako leh\u010d\u00ed \u010di n\u00e1ro\u010dn\u011bj\u0161\u00ed turistiku. Jedine\u010dn\u00fdm z\u00e1\u017eitkem je v\u00fdlet lanovkami na vrcholy Vysok\u00fdch Tater. Nejhez\u010d\u00ed v\u00fdhled z na\u0161ich velehor si u\u017eij\u00ed v\u0161echny v\u011bkov\u00e9 kategorie. Na \u00fazem\u00ed TANAPu se nach\u00e1z\u00ed p\u0159ibli\u017en\u011b 600 km zna\u010dkovan\u00fdch chodn\u00edk\u016f, kter\u00e9 dovedou turisty k nejzaj\u00edmav\u011bj\u0161\u00edm m\u00edst\u016fm Vysok\u00fdch Tater. Turistick\u00e9 stezky proch\u00e1zej\u00edc\u00ed dolinami umo\u017e\u0148uj\u00ed v\u00fdstupy na tatransk\u00e9 chaty, n\u011bkter\u00e9 n\u00e1ro\u010dn\u00e9 i m\u00e9n\u011b n\u00e1ro\u010dn\u00e9 tatransk\u00e9 vrcholy jako\u017e i p\u0159echody p\u0159es tatransk\u00e9 sedla. V\u0161echny turistick\u00e9 stezky, ur\u010den\u00e9 pro pohyb n\u00e1v\u0161t\u011bvn\u00edk\u016f v Tatransk\u00e9m n\u00e1rodn\u00edm parku jsou vyzna\u010deny zna\u010dkami (\u010derven\u00e1, modr\u00e1, zelen\u00e1, \u017elut\u00e1).<\/p>\n<p>[\/vc_column_text]<\/div><h3 class=\"mkdf-accordion-title\">\n    <span class=\"mkdf-accordion-mark\">\n\t\t<span class=\"mkdf_icon_plus icon_plus\"><\/span>\n\t\t<span class=\"mkdf_icon_minus icon_minus-06\"><\/span>\n\t<\/span>\n\t<span class=\"mkdf-tab-title\">CYKLISTIKA<\/span>\n<\/h3>\n<div class=\"mkdf-accordion-content\">\n\t[vc_column_text]V\u00edce ne\u017e 300 km zna\u010den\u00fdch cyklostezek r\u016fzn\u00fdch obt\u00ed\u017enost\u00ed, ur\u010den\u00fdch pro v\u0161echny &#8211; rodinky s d\u011btmi, milovn\u00edky horsk\u00e9 a silni\u010dn\u00ed cyklistiky, sportovce i za\u010d\u00ednaj\u00edc\u00ed cyklisty. Rovinat\u00e9 trat\u011b v podh\u016f\u0159\u00ed, exponovan\u00e9 v\u00fdstupy a\u017e pod nejvy\u0161\u0161\u00ed \u0161t\u00edty Tater, cyklomagistr\u00e1la vedouc\u00ed t\u00e9m\u011b\u0159 kolem cel\u00e9ho poho\u0159\u00ed Vysok\u00fdch Tater. Cykloturistika je vynikaj\u00edc\u00ed p\u0159\u00edle\u017eitost\u00ed jak spojit sportovn\u00ed pohyb s bezprost\u0159edn\u00edm z\u00e1\u017eitkem z p\u0159\u00edrody.[\/vc_column_text]<\/div><h3 class=\"mkdf-accordion-title\">\n    <span class=\"mkdf-accordion-mark\">\n\t\t<span class=\"mkdf_icon_plus icon_plus\"><\/span>\n\t\t<span class=\"mkdf_icon_minus icon_minus-06\"><\/span>\n\t<\/span>\n\t<span class=\"mkdf-tab-title\">ATRAKCE<\/span>\n<\/h3>\n<div class=\"mkdf-accordion-content\">\n\t[vc_column_text]<strong>VESLOV\u00c1N\u00cd<\/strong><br \/>\nTradice \u010dlunkov\u00e1n\u00ed na \u0160trbsk\u00e9m plese a na Nov\u00e9m \u0160trbsk\u00e9m plese m\u00e1 v\u00edce ne\u017e 130-letou historii. 5. \u010dervence 2008 se \u010dlunkov\u00e1n\u00ed na \u0160trbsk\u00e9m plese op\u011bt po 25 letech obnovilo. Jezero se &#8220;odemklo&#8221; a vy se z n\u011bj m\u016f\u017eete kochat n\u00e1dhern\u00fdm pohledem na Solisko a u\u017e\u00edvat si klidnou hladinu tohoto v\u00fdjime\u010dn\u00e9ho unik\u00e1tu, kter\u00fd bojoval io jeden ze sedmi div\u016f sv\u011bta. K dispozici je 22 lod\u011bk, kter\u00e9 jsou p\u0159istaveny v nov\u011b vybudovan\u00e9m molu s p\u0159ekr\u00e1sn\u00fdm v\u00fdhledem na tatransk\u00e9 vrcholky.<\/p>\n<p><strong>BOBOV\u00c1 DR\u00c1HA, KOLOB\u011a\u017dKY, LANOV\u00c9 PARKY, SUMMER TUBING<\/strong>[\/vc_column_text]<\/div><\/div>\t\t<\/div>\n\t<\/div>\n<\/div><\/div>[\/vc_column][vc_column offset=&#8221;vc_col-lg-6&#8243;]<div class=\"mkdf-elements-holder   mkdf-one-column  mkdf-responsive-mode-768 \" ><div class=\"mkdf-eh-item    \"  data-item-class=\"mkdf-eh-custom-6129\" data-1280-1600=\"37px 0% 0% 0%\" data-1024-1280=\"36px 0% 0% 0%\" data-768-1024=\"34px 0% 0% 0%\">\n\t<div class=\"mkdf-eh-item-inner\">\n\t\t<div class=\"mkdf-eh-item-content mkdf-eh-custom-6129\" style=\"padding: 35px 0% 0% 0%\">\n\t\t\t<div class=\"mkdf-section-title-holder  mkdf-st-standard  mkdf-st-title-left mkdf-st-normal-space \" >\n\t<div class=\"mkdf-st-inner\">\n\t\t\t\t\t<h6 class=\"mkdf-st-subtitle\" >\n\t\t\t\tLY\u017dOV\u00c1N\u00cd, B\u011a\u017dECK\u00c9 LY\u017dOV\u00c1N\u00cd, S\u00c1\u0147KOV\u00c1N\u00cd, KLUZI\u0160T\u011a\t\t\t<\/h6>\n\t\t\t\t\t\t\t<h2 class=\"mkdf-st-title\" >\n\t\t\t\tZimn\u00ed aktivity\t\t\t\t\t\t\t<\/h2>\n\t\t\t\t\t\t\t<div class=\"mkdf-st-separator\" style=\"background-color: #c59d5f\"><\/div>\n\t\t\t\t\t<\/div>\n<\/div>[vc_empty_space height=&#8221;50px&#8221;]<div class=\"mkdf-accordion-holder mkdf-ac-default  mkdf-accordion mkdf-ac-boxed  clearfix\">\n\t<h3 class=\"mkdf-accordion-title\">\n    <span class=\"mkdf-accordion-mark\">\n\t\t<span class=\"mkdf_icon_plus icon_plus\"><\/span>\n\t\t<span class=\"mkdf_icon_minus icon_minus-06\"><\/span>\n\t<\/span>\n\t<span class=\"mkdf-tab-title\">Tatransk\u00e1 Lomnica<\/span>\n<\/h3>\n<div class=\"mkdf-accordion-content\">\n\t[vc_column_text]U\u017eijte si slune\u010dn\u00ed ly\u017eova\u010dku v Lomnick\u00e9m sedle, jej\u00ed\u017e v\u00fdchoz\u00ed bod za\u010d\u00edn\u00e1 ve st\u0159edisku Vysok\u00e9 Tatry &#8211; Tatransk\u00e1 Lomnica. Nejv\u00fd\u0161e polo\u017een\u00e1 a nejstrm\u011bj\u0161\u00ed sjezdovka z Lomnick\u00e9ho Sedla 2 190 m n. m., uspokoj\u00ed i nejn\u00e1ro\u010dn\u011bj\u0161\u00ed ly\u017ea\u0159e. 1 300 metrov\u00e9 p\u0159ev\u00fd\u0161en\u00ed, 5-m\u011bs\u00ed\u010dn\u00ed garance sn\u011bhu, nejmodern\u011bj\u0161\u00ed seda\u010dkov\u00e9 a kabinov\u00e9 lanovky a roz\u0161\u00ed\u0159en\u00e9 sjezdovky jsou z\u00e1rukou skv\u011bl\u00e9ho z\u00e1\u017eitku na prvot\u0159\u00eddn\u00ed carvingov\u00e9 6,5 kilometrov\u00e9 trati s \u0161\u00ed\u0159kou a\u017e do 60 m. St\u0159edisko z\u00e1rove\u0148 nab\u00edz\u00ed t\u00e9m\u011b\u0159 6 km m\u00e9n\u011b n\u00e1ro\u010dn\u00fdch sjezdovek, co\u017e ocen\u00ed zejm\u00e9na rodiny s d\u011btmi. Lomnick\u00e9 sedlo svou atraktivitou p\u0159itahuje krom\u011b b\u011b\u017en\u00fdch ly\u017ea\u0159e, freeridery, milovn\u00edky adrenalinu i individualisty.[\/vc_column_text]<\/div><h3 class=\"mkdf-accordion-title\">\n    <span class=\"mkdf-accordion-mark\">\n\t\t<span class=\"mkdf_icon_plus icon_plus\"><\/span>\n\t\t<span class=\"mkdf_icon_minus icon_minus-06\"><\/span>\n\t<\/span>\n\t<span class=\"mkdf-tab-title\">Star\u00fd Smokovec<\/span>\n<\/h3>\n<div class=\"mkdf-accordion-content\">\n\t[vc_column_text]Star\u00fd Smokovec \u2013 pohodln\u00e1 lanovka na Hrebienok, denn\u00ed a no\u010dn\u00ed s\u00e1\u0148kov\u00e1n\u00ed pat\u0159\u00ed k nejlep\u0161\u00edm zimn\u00edm z\u00e1\u017eitk\u016fm. Jakubkova louka s lehkou sjezdovou trat\u00ed je st\u0159ediskem optim\u00e1ln\u00edm pro ly\u017ea\u0159e za\u010d\u00e1te\u010dn\u00edky. Hrebienok je nejobl\u00edben\u011bj\u0161\u00ed m\u00edsto k zimn\u00edm turistick\u00fdm vych\u00e1zk\u00e1m, k vodop\u00e1d\u016fm studen\u00e9ho potoka \u010di k vysokohorsk\u00fdm chat\u00e1m.<\/p>\n<p>Nen\u00e1ro\u010dn\u00ed ly\u017ea\u0159i se najdou pr\u00e1v\u011b ve st\u0159edisku Star\u00fd Smokovec \u2013 Hrebienok nebo Jakubkova louka. Popul\u00e1rn\u00ed atrakc\u00ed je s\u00e1\u0148kov\u00e1n\u00ed po 2,5 kilometrov\u00e9 osv\u011btlen\u00e9 trati z H\u0159eb\u00ednku do Star\u00e9ho Smokovce. Pokud se chcete nau\u010dit ly\u017eovat, nebo p\u0159iv\u00e9st k ly\u017eov\u00e1n\u00ed sv\u00e9 d\u011bti, profesion\u00e1ln\u00ed t\u00fdm instruktor\u016f ly\u017ea\u0159sk\u00e9 \u0161koly nab\u00edz\u00ed lekce i pro \u00fapln\u00e9 za\u010d\u00e1te\u010dn\u00edky. St\u0159edisko Vysok\u00e9 Tatry Star\u00fd Smokovec je ide\u00e1ln\u00edm startem pro zimn\u00ed turistiku k vysokohorsk\u00fdm chat\u00e1m a vodop\u00e1d\u016fm.[\/vc_column_text]<\/div><h3 class=\"mkdf-accordion-title\">\n    <span class=\"mkdf-accordion-mark\">\n\t\t<span class=\"mkdf_icon_plus icon_plus\"><\/span>\n\t\t<span class=\"mkdf_icon_minus icon_minus-06\"><\/span>\n\t<\/span>\n\t<span class=\"mkdf-tab-title\">\u0160trbsk\u00e9 Pleso<\/span>\n<\/h3>\n<div class=\"mkdf-accordion-content\">\n\t[vc_column_text]<\/p>\n<p class=\"p1\">Nejv\u00fd\u0161e polo\u017een\u00e1 tatransk\u00e1 osada \u0160trbsk\u00e9 Pleso nab\u00edz\u00ed na ji\u017en\u00edch svaz\u00edch P\u0159edn\u00edho Soliska 9 kilometr\u016f lehk\u00fdch a st\u0159edn\u011b t\u011b\u017ek\u00fdch sjezdov\u00fdch trat\u00ed, kter\u00e9 s oblibou vyu\u017e\u00edvaj\u00ed rodiny s d\u011btmi a pokro\u010dil\u00ed ly\u017ea\u0159i. Vysok\u00e9 Tatry \u2013 \u0160trbsk\u00e9 Pleso umo\u017e\u0148uje sv\u00fdm n\u00e1v\u0161t\u011bvn\u00edk\u016fm vyu\u017e\u00edvat slu\u017eeb p\u016fj\u010doven ly\u017e\u00ed, snowboard\u016f, ski \u2013 servis\u016f a ly\u017ea\u0159sk\u00fdch \u0161kol pro za\u010d\u00e1te\u010dn\u00edky. \u0160trbsk\u00e9 Pleso l\u00e1k\u00e1 vynikaj\u00edc\u00edmi ly\u017ea\u0159sk\u00fdmi podm\u00ednkami se skv\u011bl\u00fdmi trat\u011bmi na slalom, sjezdy \u010di b\u011b\u017eeck\u00fdm ly\u017eov\u00e1n\u00edm, se slu\u017ebami s nejvy\u0161\u0161\u00edm standardem. Ly\u017ea\u0159i si tuto zimn\u00ed sez\u00f3nu vychutnaj\u00ed 9 km zasn\u011b\u017eovan\u00fdch sjezdovek, pro b\u011b\u017eka\u0159e jsou k dispozici b\u011b\u017eeck\u00e9 trat\u011b v celkov\u00e9 d\u00e9lce a\u017e 26,5 km. Ur\u010dit\u011b nevynechejte p\u0159\u00edle\u017eitost pro no\u010dn\u00ed ly\u017eova\u010dku. Milovn\u00edci adrenalinu mohou nav\u0161t\u00edvit atraktivn\u00ed snowpark. \u0160trbsk\u00e9 Pleso je nejv\u00fd\u0161e polo\u017een\u00fdm ly\u017ea\u0159sk\u00fdm st\u0159ediskem na Slovensku a jeho kouzeln\u00e1 atmosf\u00e9ra je zde i d\u00edky bohat\u00e9 historii.<\/p>\n<p>[\/vc_column_text]<\/div><h3 class=\"mkdf-accordion-title\">\n    <span class=\"mkdf-accordion-mark\">\n\t\t<span class=\"mkdf_icon_plus icon_plus\"><\/span>\n\t\t<span class=\"mkdf_icon_minus icon_minus-06\"><\/span>\n\t<\/span>\n\t<span class=\"mkdf-tab-title\">BE\u017dECK\u00c9 LY\u017dOVANIE<\/span>\n<\/h3>\n<div class=\"mkdf-accordion-content\">\n\t[vc_column_text]<\/p>\n<p class=\"p1\">V regionu Vysok\u00e9 Tatry si p\u0159ijdou na sv\u00e9 i p\u0159\u00edznivci b\u011b\u017eeck\u00e9ho ly\u017eov\u00e1n\u00ed. Are\u00e1l \u0160trbsk\u00e9 Pleso nab\u00edz\u00ed n\u011bkolik okruh\u016f s r\u016fznou obt\u00ed\u017enost\u00ed v celkov\u00e9 d\u00e9lce 25 km. B\u011b\u017eeck\u00e9 trat\u011b najdete tak\u00e9 v Tatransk\u00e9 Lomnici, Star\u00e9m Smokovci, ale i v podh\u016f\u0159\u00ed. Golfov\u00fd are\u00e1l Black Stork ve Velk\u00e9 Lomnici se v zim\u011b m\u011bn\u00ed na n\u011bkolik b\u011b\u017eeck\u00fdch okruh\u016f v celkov\u00e9 d\u00e9lce v\u00edce ne\u017e 10 km.<\/p>\n<p>[\/vc_column_text]<\/div><h3 class=\"mkdf-accordion-title\">\n    <span class=\"mkdf-accordion-mark\">\n\t\t<span class=\"mkdf_icon_plus icon_plus\"><\/span>\n\t\t<span class=\"mkdf_icon_minus icon_minus-06\"><\/span>\n\t<\/span>\n\t<span class=\"mkdf-tab-title\">S\u00c1\u0147KOVA\u010cKA<\/span>\n<\/h3>\n<div class=\"mkdf-accordion-content\">\n\t[vc_column_text]Zimn\u00e1 z\u00e1bava v Tatr\u00e1ch nekon\u010d\u00ed. Vr\u00e1\u0165te sa do detsk\u00fdch \u010dias a nasko\u010dte na s\u00e1nky.<br \/>\nVybl\u00e1znite sa na upravovanej a osvetlenej 2,5 km dlhej s\u00e1nkarskej dr\u00e1he z Hrebienka do Star\u00e9ho Smokovca. Vyviez\u0165 sa m\u00f4\u017eete pohodlne pozemnou lanovkou a s\u00e1nky s\u00fa k dispoz\u00edcii v po\u017ei\u010dovni pri \u00fadolnej stanici pozemnej lanovky. Za\u017ei\u0165 ve\u010der pln\u00fd z\u00e1bavy a dobrodru\u017estva m\u00f4\u017eete po\u010das no\u010dnej s\u00e1nkova\u010dky.[\/vc_column_text]<\/div><\/div>\t\t<\/div>\n\t<\/div>\n<\/div><\/div>[\/vc_column][\/vc_row][vc_row][vc_column][vc_empty_space height=&#8221;100px&#8221;][\/vc_column][\/vc_row]<\/p>\n","protected":false},"excerpt":{"rendered":"<p>[vc_row css=&#8221;.vc_custom_1493985307534{padding-top: 40px !important;padding-bottom: 42px !important;}&#8221;][vc_column css=&#8221;.vc_custom_1613065139053{padding-top: 0px !important;}&#8221; offset=&#8221;vc_col-lg-6&#8243;][\/vc_column][vc_column offset=&#8221;vc_col-lg-6&#8243;][\/vc_column][\/vc_row][vc_row][vc_column][vc_empty_space height=&#8221;100px&#8221;][\/vc_column][\/vc_row]<\/p>\n","protected":false},"author":7,"featured_media":0,"parent":0,"menu_order":0,"comment_status":"closed","ping_status":"closed","template":"","meta":{"inline_featured_image":false,"footnotes":"","_wp_rev_ctl_limit":""},"class_list":["post-15303","page","type-page","status-publish","hentry"],"yoast_head":"<!-- This site is optimized with the Yoast SEO plugin v26.4 - https:\/\/yoast.com\/wordpress\/plugins\/seo\/ -->\n<title>Aktivity v okol\u00ed - Aquacity Hotel<\/title>\n<meta name=\"robots\" content=\"index, follow, max-snippet:-1, max-image-preview:large, max-video-preview:-1\" \/>\n<link rel=\"canonical\" href=\"https:\/\/aquacityhotel.sk\/aktivity\/\" \/>\n<meta property=\"og:locale\" content=\"cs_CZ\" \/>\n<meta property=\"og:type\" content=\"article\" \/>\n<meta property=\"og:title\" content=\"Aktivity v okol\u00ed - Aquacity Hotel\" \/>\n<meta property=\"og:description\" content=\"[vc_row css=&#8221;.vc_custom_1493985307534{padding-top: 40px !important;padding-bottom: 42px !important;}&#8221;][vc_column css=&#8221;.vc_custom_1613065139053{padding-top: 0px !important;}&#8221; offset=&#8221;vc_col-lg-6&#8243;][\/vc_column][vc_column offset=&#8221;vc_col-lg-6&#8243;][\/vc_column][\/vc_row][vc_row][vc_column][vc_empty_space height=&#8221;100px&#8221;][\/vc_column][\/vc_row]\" \/>\n<meta property=\"og:url\" content=\"https:\/\/aquacityhotel.sk\/aktivity\/\" \/>\n<meta property=\"og:site_name\" content=\"Aquacity Hotel\" \/>\n<meta property=\"article:modified_time\" content=\"2025-03-06T08:33:41+00:00\" \/>\n<meta name=\"twitter:card\" content=\"summary_large_image\" \/>\n<meta name=\"twitter:label1\" content=\"Odhadovan\u00e1 doba \u010dten\u00ed\" \/>\n\t<meta name=\"twitter:data1\" content=\"11 minut\" \/>\n<script type=\"application\/ld+json\" class=\"yoast-schema-graph\">{\"@context\":\"https:\/\/schema.org\",\"@graph\":[{\"@type\":\"WebPage\",\"@id\":\"https:\/\/aquacityhotel.sk\/aktivity\/\",\"url\":\"https:\/\/aquacityhotel.sk\/aktivity\/\",\"name\":\"Aktivity v okol\u00ed - Aquacity Hotel\",\"isPartOf\":{\"@id\":\"https:\/\/aquacityhotel.sk\/#website\"},\"datePublished\":\"2021-02-11T17:09:36+00:00\",\"dateModified\":\"2025-03-06T08:33:41+00:00\",\"breadcrumb\":{\"@id\":\"https:\/\/aquacityhotel.sk\/aktivity\/#breadcrumb\"},\"inLanguage\":\"cs\",\"potentialAction\":[{\"@type\":\"ReadAction\",\"target\":[\"https:\/\/aquacityhotel.sk\/aktivity\/\"]}]},{\"@type\":\"BreadcrumbList\",\"@id\":\"https:\/\/aquacityhotel.sk\/aktivity\/#breadcrumb\",\"itemListElement\":[{\"@type\":\"ListItem\",\"position\":1,\"name\":\"Domovsk\u00e1 str\u00e1nka\",\"item\":\"https:\/\/aquacityhotel.sk\/\"},{\"@type\":\"ListItem\",\"position\":2,\"name\":\"Aktivity v okol\u00ed\"}]},{\"@type\":\"WebSite\",\"@id\":\"https:\/\/aquacityhotel.sk\/#website\",\"url\":\"https:\/\/aquacityhotel.sk\/\",\"name\":\"Aquacity Hotel\",\"description\":\"Ubytovanie Vysok\u00e9 Tatry Slovensko\",\"potentialAction\":[{\"@type\":\"SearchAction\",\"target\":{\"@type\":\"EntryPoint\",\"urlTemplate\":\"https:\/\/aquacityhotel.sk\/?s={search_term_string}\"},\"query-input\":{\"@type\":\"PropertyValueSpecification\",\"valueRequired\":true,\"valueName\":\"search_term_string\"}}],\"inLanguage\":\"cs\"}]}<\/script>\n<!-- \/ Yoast SEO plugin. -->","yoast_head_json":{"title":"Aktivity v okol\u00ed - Aquacity Hotel","robots":{"index":"index","follow":"follow","max-snippet":"max-snippet:-1","max-image-preview":"max-image-preview:large","max-video-preview":"max-video-preview:-1"},"canonical":"https:\/\/aquacityhotel.sk\/aktivity\/","og_locale":"cs_CZ","og_type":"article","og_title":"Aktivity v okol\u00ed - Aquacity Hotel","og_description":"[vc_row css=&#8221;.vc_custom_1493985307534{padding-top: 40px !important;padding-bottom: 42px !important;}&#8221;][vc_column css=&#8221;.vc_custom_1613065139053{padding-top: 0px !important;}&#8221; offset=&#8221;vc_col-lg-6&#8243;][\/vc_column][vc_column offset=&#8221;vc_col-lg-6&#8243;][\/vc_column][\/vc_row][vc_row][vc_column][vc_empty_space height=&#8221;100px&#8221;][\/vc_column][\/vc_row]","og_url":"https:\/\/aquacityhotel.sk\/aktivity\/","og_site_name":"Aquacity Hotel","article_modified_time":"2025-03-06T08:33:41+00:00","twitter_card":"summary_large_image","twitter_misc":{"Odhadovan\u00e1 doba \u010dten\u00ed":"11 minut"},"schema":{"@context":"https:\/\/schema.org","@graph":[{"@type":"WebPage","@id":"https:\/\/aquacityhotel.sk\/aktivity\/","url":"https:\/\/aquacityhotel.sk\/aktivity\/","name":"Aktivity v okol\u00ed - Aquacity Hotel","isPartOf":{"@id":"https:\/\/aquacityhotel.sk\/#website"},"datePublished":"2021-02-11T17:09:36+00:00","dateModified":"2025-03-06T08:33:41+00:00","breadcrumb":{"@id":"https:\/\/aquacityhotel.sk\/aktivity\/#breadcrumb"},"inLanguage":"cs","potentialAction":[{"@type":"ReadAction","target":["https:\/\/aquacityhotel.sk\/aktivity\/"]}]},{"@type":"BreadcrumbList","@id":"https:\/\/aquacityhotel.sk\/aktivity\/#breadcrumb","itemListElement":[{"@type":"ListItem","position":1,"name":"Domovsk\u00e1 str\u00e1nka","item":"https:\/\/aquacityhotel.sk\/"},{"@type":"ListItem","position":2,"name":"Aktivity v okol\u00ed"}]},{"@type":"WebSite","@id":"https:\/\/aquacityhotel.sk\/#website","url":"https:\/\/aquacityhotel.sk\/","name":"Aquacity Hotel","description":"Ubytovanie Vysok\u00e9 Tatry Slovensko","potentialAction":[{"@type":"SearchAction","target":{"@type":"EntryPoint","urlTemplate":"https:\/\/aquacityhotel.sk\/?s={search_term_string}"},"query-input":{"@type":"PropertyValueSpecification","valueRequired":true,"valueName":"search_term_string"}}],"inLanguage":"cs"}]}},"_links":{"self":[{"href":"https:\/\/aquacityhotel.sk\/cs\/wp-json\/wp\/v2\/pages\/15303","targetHints":{"allow":["GET"]}}],"collection":[{"href":"https:\/\/aquacityhotel.sk\/cs\/wp-json\/wp\/v2\/pages"}],"about":[{"href":"https:\/\/aquacityhotel.sk\/cs\/wp-json\/wp\/v2\/types\/page"}],"author":[{"embeddable":true,"href":"https:\/\/aquacityhotel.sk\/cs\/wp-json\/wp\/v2\/users\/7"}],"replies":[{"embeddable":true,"href":"https:\/\/aquacityhotel.sk\/cs\/wp-json\/wp\/v2\/comments?post=15303"}],"version-history":[{"count":6,"href":"https:\/\/aquacityhotel.sk\/cs\/wp-json\/wp\/v2\/pages\/15303\/revisions"}],"predecessor-version":[{"id":21240,"href":"https:\/\/aquacityhotel.sk\/cs\/wp-json\/wp\/v2\/pages\/15303\/revisions\/21240"}],"wp:attachment":[{"href":"https:\/\/aquacityhotel.sk\/cs\/wp-json\/wp\/v2\/media?parent=15303"}],"curies":[{"name":"wp","href":"https:\/\/api.w.org\/{rel}","templated":true}]}}