
{"id":15293,"date":"2021-04-16T19:34:21","date_gmt":"2021-04-16T17:34:21","guid":{"rendered":"https:\/\/horizontresort.sk\/solarium\/"},"modified":"2022-07-11T21:52:20","modified_gmt":"2022-07-11T19:52:20","slug":"solarium","status":"publish","type":"page","link":"https:\/\/aquacityhotel.sk\/cs\/solarium\/","title":{"rendered":"Sol\u00e1rium"},"content":{"rendered":"<p>[vc_row][vc_column][vc_column_text]<\/p>\n<div class=\"wp-block-column\">\n<div class=\"wp-block-column\">\n<div class=\"wp-block-column\">\n<p><strong>Op\u00e1len\u00ed je na\u0161\u00ed nejp\u0159irozen\u011bj\u0161\u00ed kosmetikou.\u00a0<\/strong>Sol\u00e1rium je m\u00edsto, kde m\u016f\u017eete bezpe\u010dn\u011b op\u00e1lit cel\u00e9 sv\u00e9 t\u011blo. U\u017e v\u00e1s v\u00edce nemus\u00ed tr\u00e1pit b\u00edl\u00e9 neop\u00e1len\u00e1 m\u00edsta pod plavkami. Nyn\u00ed m\u016f\u017eete m\u00edt p\u0159ita\u017eliv\u00e9 cel\u00e9 t\u011blo. Kontrolovan\u00e9 opalov\u00e1n\u00ed a p\u0159ij\u00edm\u00e1n\u00ed vitaminu D je nejlep\u0161\u00ed formou, kterou z\u00edsk\u00e1v\u00e1te tmav\u0161\u00ed pigment. Vitamin D3 je d\u016fle\u017eit\u00fd p\u0159i stavb\u011b kost\u00ed a zabra\u0148uje vzniku osteopor\u00f3zy. Z\u00e1rove\u0148 se v kostech ukl\u00e1d\u00e1 v\u00e1pn\u00edk a v\u00e1\u0161 kostn\u00ed syst\u00e9m je pevn\u011bj\u0161\u00ed. Sol\u00e1rium pom\u00e1h\u00e1 p\u0159i prevenci p\u0159ed ch\u0159ipkou, p\u0159i ledvinovou nedostate\u010dnosti d\u011bt\u00ed a l\u00e9\u010db\u011b ko\u017en\u00edch chorob a m\u00e1 intenzivn\u00ed kosmetick\u00fd a zkr\u00e1\u0161luj\u00edc\u00ed \u00fa\u010dinek.<\/p>\n<\/div>\n<div class=\"wp-block-column\">\n<p><strong>Prostorn\u00e1 opalovac\u00ed kabina s\u00e9rie Sunrise je mimo\u0159\u00e1dn\u011b pohodln\u00e1 na opalov\u00e1n\u00ed \u2013 208 cm na v\u00fd\u0161ku a 86 cm na \u0161\u00ed\u0159ku s technickou specifikac\u00ed 48 x max. 180 W UV trubice Turbo.\u00a0<\/strong>Madla v sol\u00e1ri\u00edch V\u00e1m pomohou naj\u00edt ide\u00e1ln\u00ed pozici t\u011bla, usnad\u0148uj\u00ed st\u00e1n\u00ed a zaji\u0161\u0165uje rovnom\u011brn\u00e9 op\u00e1len\u00ed.\u00a0<strong>Speci\u00e1ln\u00ed chlazen\u00ed Silent Cooling, v\u00e1m zajist\u00ed mimo\u0159\u00e1dn\u011b tich\u00e9 a \u00fa\u010dinn\u00e9 chlazen\u00ed d\u00edky t\u0159em ventil\u00e1tor\u016fm.<\/strong>\u00a0Osv\u011btlen\u00ed Ambient Light vytv\u00e1\u0159\u00ed fascinuj\u00edc\u00ed efekty a sv\u011btelnou show, kter\u00e9 zaru\u010d\u00ed tu spr\u00e1vnou atmosf\u00e9ru b\u011bhem va\u0161eho opalov\u00e1n\u00ed. S hudbou je ka\u017ed\u00e1 \u010dinnost p\u0159\u00edjemn\u011bj\u0161\u00ed. Stereo 3D Sound syst\u00e9m v sol\u00e1ri\u00edch je vybaven dv\u011bma reproduktory, v\u00fdb\u011brem kan\u00e1l\u016f, nastaven\u00edm hlasitosti a mo\u017enost\u00ed p\u0159ipojen\u00ed sluch\u00e1tek.<\/p>\n<\/div>\n<\/div>\n<\/div>\n<p>[\/vc_column_text][\/vc_column][\/vc_row][vc_row][vc_column][vc_separator][vc_empty_space][vc_toggle title=&#8221;PRAVIDLA OPALOV\u00c1N\u00cd&#8221;]<\/p>\n<div class=\"description\">\n<p>Pro bezpe\u010dn\u00e9 opalov\u00e1n\u00ed v sol\u00e1riu je t\u0159eba dodr\u017eovat tato pravidla:<\/p>\n<ul>\n<li>p\u0159i ka\u017ed\u00e9m opalov\u00e1n\u00ed pou\u017eijte br\u00fdle na ochranu zraku<\/li>\n<li>p\u0159ed opalov\u00e1n\u00edm odstra\u0148te z poko\u017eky make-up a kosmetiku<\/li>\n<li>nepou\u017e\u00edvejte r\u016fzn\u00e9 opalovac\u00ed nebo samoopalovac\u00ed kr\u00e9my, ale speci\u00e1ln\u00ed sol\u00e1rn\u00ed kosmetiku<\/li>\n<li>nesm\u00edte se opalovat v ten sam\u00fd den v sol\u00e1riu i na slunci<\/li>\n<li>doba mezi dv\u011bma opalov\u00e1n\u00ed nem\u00e1 b\u00fdt krat\u0161\u00ed ne\u017e 48 hodin<\/li>\n<li>p\u0159i u\u017e\u00edv\u00e1n\u00ed l\u00e9k\u016f se pora\u010fte se sv\u00fdm l\u00e9ka\u0159em<\/li>\n<li>B\u011bhem opalov\u00e1n\u00ed v sol\u00e1riu pou\u017e\u00edvejte doporu\u010denou sol\u00e1rn\u00ed kosmetiku. Po skon\u010den\u00ed opalovac\u00ed procedury v sol\u00e1riu se doporu\u010duje pou\u017e\u00edt sol\u00e1rn\u00ed kosmetiku po opalov\u00e1n\u00ed, kter\u00e1 sv\u00fdm slo\u017een\u00edm p\u0159\u00edzniv\u011b ovliv\u0148uje poko\u017eku (zklid\u0148uje ji) a dod\u00e1 j\u00ed v\u0161echny pot\u0159ebn\u00e9 vitam\u00edny a m\u00e1 regenera\u010dn\u00ed \u00fa\u010dinky.<\/li>\n<li>kosmetick\u00e9 p\u0159\u00edpravky a sol\u00e1rn\u00ed kosmetiku si m\u016f\u017eete zakoupit na recepci Fitness centra<\/li>\n<li style=\"list-style-type: none;\"><\/li>\n<\/ul>\n<\/div>\n<p>[\/vc_toggle][\/vc_column][\/vc_row][vc_row row_content_width=&#8221;grid&#8221; content_text_aligment=&#8221;center&#8221; css=&#8221;.vc_custom_1493383119559{padding-top: 120px !important;padding-bottom: 85px !important;}&#8221;][vc_column width=&#8221;1\/2&#8243; offset=&#8221;vc_col-lg-3 vc_col-md-6&#8243;]<div class=\"mkdf-iwt clearfix  mkdf-iwt-icon-top mkdf-iwt-icon-medium mkdf-iwt-has-separator\">\n\t<div class=\"mkdf-iwt-icon\">\n\t\t\t\t\t<a itemprop=\"url\" href=\"https:\/\/aquacity.sk\/cs\/info\/oteviraci-hodiny\/\" target=\"_blank\">\n\t\t\t\t\t\t\t\t\t    <span class=\"mkdf-icon-shortcode mkdf-normal   mkdf-icon-medium\"  data-hover-color=\"#333132\" data-color=\"#c59d5f\">\n                    <i class=\"mkdf-icon-font-awesome fa fa-clock-o mkdf-icon-element\" style=\"color: #c59d5f;font-size:60px\" ><\/i>            <\/span>\n\t\t\t\t\t\t\t\t<\/a>\n\t\t\t<\/div>\n\t<div class=\"mkdf-iwt-content\" >\n\t\t\t\t\t<h5 class=\"mkdf-iwt-title\" style=\"margin-top:25px\">\n\t\t\t\t\t\t\t\t\t<a itemprop=\"url\" href=\"https:\/\/aquacity.sk\/cs\/info\/oteviraci-hodiny\/\" target=\"_blank\">\n\t\t\t\t\t\t\t\t<span class=\"mkdf-iwt-title-text\">Otev\u00edrac\u00ed hodiny<\/span>\n\t\t\t\t\t\t\t\t\t<\/a>\n\t\t\t\t\t\t\t\t\t\t\t<\/h5>\n\t\t\t\t\t\t\t<div class=\"mkdf-iwt-separator\" ><\/div>\n\t\t\t\t\t\t\t<p class=\"mkdf-iwt-text\" >Otev\u0159eno denn\u011b v r\u00e1mci hodin Aquaparku <\/p>\n\t\t\t\t\t<\/div>\n<\/div>[vc_empty_space height=&#8221;50px&#8221;][\/vc_column][vc_column width=&#8221;1\/2&#8243; offset=&#8221;vc_col-lg-3 vc_col-md-6&#8243;]<div class=\"mkdf-iwt clearfix  mkdf-iwt-icon-top mkdf-iwt-icon-medium mkdf-iwt-has-separator\">\n\t<div class=\"mkdf-iwt-icon\">\n\t\t\t\t\t\t\t\t\t    <span class=\"mkdf-icon-shortcode mkdf-normal   mkdf-icon-medium\"  data-hover-color=\"#333132\" data-color=\"#c59d5f\">\n                    <i class=\"mkdf-icon-font-awesome fa fa-address-book-o mkdf-icon-element\" style=\"color: #c59d5f;font-size:60px\" ><\/i>            <\/span>\n\t\t\t\t\t\t<\/div>\n\t<div class=\"mkdf-iwt-content\" >\n\t\t\t\t\t<h5 class=\"mkdf-iwt-title\" style=\"margin-top:25px\">\n\t\t\t\t\t\t\t\t<span class=\"mkdf-iwt-title-text\">Kontaktn\u00ed \u00fadaje<\/span>\n\t\t\t\t\t\t\t\t\t\t\t<\/h5>\n\t\t\t\t\t\t\t<div class=\"mkdf-iwt-separator\" ><\/div>\n\t\t\t\t\t\t\t<p class=\"mkdf-iwt-text\" >Tel.\u010d.+ 421 910 802 309 Email: recepcia@aquacity.sk<\/p>\n\t\t\t\t\t<\/div>\n<\/div>[vc_empty_space height=&#8221;50px&#8221;][\/vc_column][vc_column width=&#8221;1\/2&#8243; offset=&#8221;vc_col-lg-3 vc_col-md-6&#8243;]<div class=\"mkdf-iwt clearfix  mkdf-iwt-icon-top mkdf-iwt-icon-medium mkdf-iwt-has-separator\">\n\t<div class=\"mkdf-iwt-icon\">\n\t\t\t\t\t<a itemprop=\"url\" href=\"https:\/\/shop.aquacity.sk\/\" target=\"_blank\">\n\t\t\t\t\t\t\t\t\t    <span class=\"mkdf-icon-shortcode mkdf-normal   mkdf-icon-medium\"  data-hover-color=\"#333132\" data-color=\"#c59d5f\">\n                    <i class=\"mkdf-icon-font-awesome fa fa-gift mkdf-icon-element\" style=\"color: #c59d5f;font-size:60px\" ><\/i>            <\/span>\n\t\t\t\t\t\t\t\t<\/a>\n\t\t\t<\/div>\n\t<div class=\"mkdf-iwt-content\" >\n\t\t\t\t\t<h5 class=\"mkdf-iwt-title\" style=\"margin-top:25px\">\n\t\t\t\t\t\t\t\t\t<a itemprop=\"url\" href=\"https:\/\/shop.aquacity.sk\/\" target=\"_blank\">\n\t\t\t\t\t\t\t\t<span class=\"mkdf-iwt-title-text\">ONLINE N\u00c1KUP<\/span>\n\t\t\t\t\t\t\t\t\t<\/a>\n\t\t\t\t\t\t\t\t\t\t\t<\/h5>\n\t\t\t\t\t\t\t<div class=\"mkdf-iwt-separator\" ><\/div>\n\t\t\t\t\t\t\t<p class=\"mkdf-iwt-text\" >Online n\u00e1kup d\u00e1rkov\u00fdch voucher\u016f do Aquaparku, Wellness centra a hotelov\u00fdch pobyt\u016f<\/p>\n\t\t\t\t\t<\/div>\n<\/div>[vc_empty_space height=&#8221;50px&#8221;][\/vc_column][vc_column width=&#8221;1\/2&#8243; offset=&#8221;vc_col-lg-3 vc_col-md-6&#8243;]<div class=\"mkdf-iwt clearfix  mkdf-iwt-icon-top mkdf-iwt-icon-medium mkdf-iwt-has-separator\">\n\t<div class=\"mkdf-iwt-icon\">\n\t\t\t\t\t<a itemprop=\"url\" href=\"https:\/\/aquacityhotel.sk\/aquacity_cennik-solarium-2019\/\" target=\"_blank\">\n\t\t\t\t\t\t\t\t\t    <span class=\"mkdf-icon-shortcode mkdf-normal   mkdf-icon-medium\"  data-hover-color=\"#333132\" data-color=\"#c59d5f\">\n                    <i class=\"mkdf-icon-linea-icon icon-ecommerce-euro mkdf-icon-element\" style=\"color: #c59d5f;font-size:60px\" ><\/i>            <\/span>\n\t\t\t\t\t\t\t\t<\/a>\n\t\t\t<\/div>\n\t<div class=\"mkdf-iwt-content\" >\n\t\t\t\t\t<h5 class=\"mkdf-iwt-title\" style=\"margin-top:25px\">\n\t\t\t\t\t\t\t\t\t<a itemprop=\"url\" href=\"https:\/\/aquacityhotel.sk\/aquacity_cennik-solarium-2019\/\" target=\"_blank\">\n\t\t\t\t\t\t\t\t<span class=\"mkdf-iwt-title-text\">Cen\u00edk<\/span>\n\t\t\t\t\t\t\t\t\t<\/a>\n\t\t\t\t\t\t\t\t\t\t\t<\/h5>\n\t\t\t\t\t\t\t<div class=\"mkdf-iwt-separator\" ><\/div>\n\t\t\t\t\t\t\t<p class=\"mkdf-iwt-text\" >Cen\u00edk sol\u00e1rium<\/p>\n\t\t\t\t\t<\/div>\n<\/div>[vc_empty_space height=&#8221;50px&#8221;][\/vc_column][\/vc_row]<\/p>\n","protected":false},"excerpt":{"rendered":"<p>[vc_row][vc_column][vc_column_text] Op\u00e1len\u00ed je na\u0161\u00ed nejp\u0159irozen\u011bj\u0161\u00ed kosmetikou.\u00a0Sol\u00e1rium je m\u00edsto, kde m\u016f\u017eete bezpe\u010dn\u011b op\u00e1lit cel\u00e9 sv\u00e9 t\u011blo. U\u017e v\u00e1s v\u00edce nemus\u00ed tr\u00e1pit b\u00edl\u00e9 neop\u00e1len\u00e1 m\u00edsta pod plavkami. Nyn\u00ed m\u016f\u017eete m\u00edt p\u0159ita\u017eliv\u00e9 cel\u00e9 t\u011blo. Kontrolovan\u00e9 opalov\u00e1n\u00ed a p\u0159ij\u00edm\u00e1n\u00ed vitaminu D je nejlep\u0161\u00ed formou, [&hellip;]<\/p>\n","protected":false},"author":2,"featured_media":0,"parent":0,"menu_order":0,"comment_status":"closed","ping_status":"closed","template":"","meta":{"inline_featured_image":false,"footnotes":"","_wp_rev_ctl_limit":""},"class_list":["post-15293","page","type-page","status-publish","hentry"],"yoast_head":"<!-- This site is optimized with the Yoast SEO plugin v26.4 - https:\/\/yoast.com\/wordpress\/plugins\/seo\/ -->\n<title>Sol\u00e1rium - Aquacity Hotel<\/title>\n<meta name=\"robots\" content=\"index, follow, max-snippet:-1, max-image-preview:large, max-video-preview:-1\" \/>\n<link rel=\"canonical\" href=\"https:\/\/aquacityhotel.sk\/cs\/solarium\/\" \/>\n<meta property=\"og:locale\" content=\"cs_CZ\" \/>\n<meta property=\"og:type\" content=\"article\" \/>\n<meta property=\"og:title\" content=\"Sol\u00e1rium - Aquacity Hotel\" \/>\n<meta property=\"og:description\" content=\"[vc_row][vc_column][vc_column_text] Op\u00e1len\u00ed je na\u0161\u00ed nejp\u0159irozen\u011bj\u0161\u00ed kosmetikou.\u00a0Sol\u00e1rium je m\u00edsto, kde m\u016f\u017eete bezpe\u010dn\u011b op\u00e1lit cel\u00e9 sv\u00e9 t\u011blo. U\u017e v\u00e1s v\u00edce nemus\u00ed tr\u00e1pit b\u00edl\u00e9 neop\u00e1len\u00e1 m\u00edsta pod plavkami. Nyn\u00ed m\u016f\u017eete m\u00edt p\u0159ita\u017eliv\u00e9 cel\u00e9 t\u011blo. Kontrolovan\u00e9 opalov\u00e1n\u00ed a p\u0159ij\u00edm\u00e1n\u00ed vitaminu D je nejlep\u0161\u00ed formou, [&hellip;]\" \/>\n<meta property=\"og:url\" content=\"https:\/\/aquacityhotel.sk\/cs\/solarium\/\" \/>\n<meta property=\"og:site_name\" content=\"Aquacity Hotel\" \/>\n<meta property=\"article:modified_time\" content=\"2022-07-11T19:52:20+00:00\" \/>\n<meta name=\"twitter:card\" content=\"summary_large_image\" \/>\n<meta name=\"twitter:label1\" content=\"Odhadovan\u00e1 doba \u010dten\u00ed\" \/>\n\t<meta name=\"twitter:data1\" content=\"4 minuty\" \/>\n<script type=\"application\/ld+json\" class=\"yoast-schema-graph\">{\"@context\":\"https:\/\/schema.org\",\"@graph\":[{\"@type\":\"WebPage\",\"@id\":\"https:\/\/aquacityhotel.sk\/cs\/solarium\/\",\"url\":\"https:\/\/aquacityhotel.sk\/cs\/solarium\/\",\"name\":\"Sol\u00e1rium - Aquacity Hotel\",\"isPartOf\":{\"@id\":\"https:\/\/aquacityhotel.sk\/#website\"},\"datePublished\":\"2021-04-16T17:34:21+00:00\",\"dateModified\":\"2022-07-11T19:52:20+00:00\",\"breadcrumb\":{\"@id\":\"https:\/\/aquacityhotel.sk\/cs\/solarium\/#breadcrumb\"},\"inLanguage\":\"cs\",\"potentialAction\":[{\"@type\":\"ReadAction\",\"target\":[\"https:\/\/aquacityhotel.sk\/cs\/solarium\/\"]}]},{\"@type\":\"BreadcrumbList\",\"@id\":\"https:\/\/aquacityhotel.sk\/cs\/solarium\/#breadcrumb\",\"itemListElement\":[{\"@type\":\"ListItem\",\"position\":1,\"name\":\"Domovsk\u00e1 str\u00e1nka\",\"item\":\"https:\/\/aquacityhotel.sk\/\"},{\"@type\":\"ListItem\",\"position\":2,\"name\":\"Sol\u00e1rium\"}]},{\"@type\":\"WebSite\",\"@id\":\"https:\/\/aquacityhotel.sk\/#website\",\"url\":\"https:\/\/aquacityhotel.sk\/\",\"name\":\"Aquacity Hotel\",\"description\":\"Ubytovanie Vysok\u00e9 Tatry Slovensko\",\"potentialAction\":[{\"@type\":\"SearchAction\",\"target\":{\"@type\":\"EntryPoint\",\"urlTemplate\":\"https:\/\/aquacityhotel.sk\/?s={search_term_string}\"},\"query-input\":{\"@type\":\"PropertyValueSpecification\",\"valueRequired\":true,\"valueName\":\"search_term_string\"}}],\"inLanguage\":\"cs\"}]}<\/script>\n<!-- \/ Yoast SEO plugin. -->","yoast_head_json":{"title":"Sol\u00e1rium - Aquacity Hotel","robots":{"index":"index","follow":"follow","max-snippet":"max-snippet:-1","max-image-preview":"max-image-preview:large","max-video-preview":"max-video-preview:-1"},"canonical":"https:\/\/aquacityhotel.sk\/cs\/solarium\/","og_locale":"cs_CZ","og_type":"article","og_title":"Sol\u00e1rium - Aquacity Hotel","og_description":"[vc_row][vc_column][vc_column_text] Op\u00e1len\u00ed je na\u0161\u00ed nejp\u0159irozen\u011bj\u0161\u00ed kosmetikou.\u00a0Sol\u00e1rium je m\u00edsto, kde m\u016f\u017eete bezpe\u010dn\u011b op\u00e1lit cel\u00e9 sv\u00e9 t\u011blo. U\u017e v\u00e1s v\u00edce nemus\u00ed tr\u00e1pit b\u00edl\u00e9 neop\u00e1len\u00e1 m\u00edsta pod plavkami. Nyn\u00ed m\u016f\u017eete m\u00edt p\u0159ita\u017eliv\u00e9 cel\u00e9 t\u011blo. Kontrolovan\u00e9 opalov\u00e1n\u00ed a p\u0159ij\u00edm\u00e1n\u00ed vitaminu D je nejlep\u0161\u00ed formou, [&hellip;]","og_url":"https:\/\/aquacityhotel.sk\/cs\/solarium\/","og_site_name":"Aquacity Hotel","article_modified_time":"2022-07-11T19:52:20+00:00","twitter_card":"summary_large_image","twitter_misc":{"Odhadovan\u00e1 doba \u010dten\u00ed":"4 minuty"},"schema":{"@context":"https:\/\/schema.org","@graph":[{"@type":"WebPage","@id":"https:\/\/aquacityhotel.sk\/cs\/solarium\/","url":"https:\/\/aquacityhotel.sk\/cs\/solarium\/","name":"Sol\u00e1rium - Aquacity Hotel","isPartOf":{"@id":"https:\/\/aquacityhotel.sk\/#website"},"datePublished":"2021-04-16T17:34:21+00:00","dateModified":"2022-07-11T19:52:20+00:00","breadcrumb":{"@id":"https:\/\/aquacityhotel.sk\/cs\/solarium\/#breadcrumb"},"inLanguage":"cs","potentialAction":[{"@type":"ReadAction","target":["https:\/\/aquacityhotel.sk\/cs\/solarium\/"]}]},{"@type":"BreadcrumbList","@id":"https:\/\/aquacityhotel.sk\/cs\/solarium\/#breadcrumb","itemListElement":[{"@type":"ListItem","position":1,"name":"Domovsk\u00e1 str\u00e1nka","item":"https:\/\/aquacityhotel.sk\/"},{"@type":"ListItem","position":2,"name":"Sol\u00e1rium"}]},{"@type":"WebSite","@id":"https:\/\/aquacityhotel.sk\/#website","url":"https:\/\/aquacityhotel.sk\/","name":"Aquacity Hotel","description":"Ubytovanie Vysok\u00e9 Tatry Slovensko","potentialAction":[{"@type":"SearchAction","target":{"@type":"EntryPoint","urlTemplate":"https:\/\/aquacityhotel.sk\/?s={search_term_string}"},"query-input":{"@type":"PropertyValueSpecification","valueRequired":true,"valueName":"search_term_string"}}],"inLanguage":"cs"}]}},"_links":{"self":[{"href":"https:\/\/aquacityhotel.sk\/cs\/wp-json\/wp\/v2\/pages\/15293","targetHints":{"allow":["GET"]}}],"collection":[{"href":"https:\/\/aquacityhotel.sk\/cs\/wp-json\/wp\/v2\/pages"}],"about":[{"href":"https:\/\/aquacityhotel.sk\/cs\/wp-json\/wp\/v2\/types\/page"}],"author":[{"embeddable":true,"href":"https:\/\/aquacityhotel.sk\/cs\/wp-json\/wp\/v2\/users\/2"}],"replies":[{"embeddable":true,"href":"https:\/\/aquacityhotel.sk\/cs\/wp-json\/wp\/v2\/comments?post=15293"}],"version-history":[{"count":12,"href":"https:\/\/aquacityhotel.sk\/cs\/wp-json\/wp\/v2\/pages\/15293\/revisions"}],"predecessor-version":[{"id":18955,"href":"https:\/\/aquacityhotel.sk\/cs\/wp-json\/wp\/v2\/pages\/15293\/revisions\/18955"}],"wp:attachment":[{"href":"https:\/\/aquacityhotel.sk\/cs\/wp-json\/wp\/v2\/media?parent=15293"}],"curies":[{"name":"wp","href":"https:\/\/api.w.org\/{rel}","templated":true}]}}