
{"id":15242,"date":"2021-02-17T10:04:30","date_gmt":"2021-02-17T09:04:30","guid":{"rendered":"https:\/\/horizontresort.sk\/lobby-bar\/"},"modified":"2025-12-23T06:09:45","modified_gmt":"2025-12-23T05:09:45","slug":"lighthouse-fresh-bar","status":"publish","type":"page","link":"https:\/\/aquacityhotel.sk\/cs\/lighthouse-fresh-bar\/","title":{"rendered":"Lighthouse Restaurant"},"content":{"rendered":"<p>[vc_row css=&#8221;.vc_custom_1514288437790{padding-top: 50px !important;padding-bottom: 50px !important;}&#8221;][vc_column][vc_empty_space]<div class=\"mkdf-section-title-holder  mkdf-st-standard mkdf-st-ha-center mkdf-st-title-left mkdf-st-normal-space \" style=\"text-align: center\">\n\t<div class=\"mkdf-st-inner\">\n\t\t\t\t\t<h6 class=\"mkdf-st-subtitle\" style=\"margin-bottom:0px\">\n\t\t\t\tRestaurace v Aquaparku\t\t\t<\/h6>\n\t\t\t\t\t\t\t<h1 class=\"mkdf-st-title\" >\n\t\t\t\tLighthouse Restaurant\t\t\t\t\t\t\t<\/h1>\n\t\t\t\t\t\t\t<div class=\"mkdf-st-separator\" style=\"background-color: #c59d5f\"><\/div>\n\t\t\t\t\t<\/div>\n<\/div>[\/vc_column][\/vc_row][vc_row equal_height=&#8221;yes&#8221; css=&#8221;.vc_custom_1493379978370{background-color: #fbf9f9 !important;}&#8221;][vc_column css=&#8221;.vc_custom_1634069631972{padding-top: 28% !important;padding-bottom: 28% !important;background-image: url(https:\/\/aquacityhotel.sk\/wp-content\/uploads\/2021\/10\/AquaCity_web_1000x650_0024-1.jpg?id=17379) !important;background-position: center !important;background-repeat: no-repeat !important;background-size: cover !important;}&#8221; offset=&#8221;vc_col-lg-offset-0 vc_col-lg-6 vc_col-md-12 vc_col-sm-offset-0&#8243;][\/vc_column][vc_column offset=&#8221;vc_col-lg-offset-0 vc_col-lg-6 vc_col-md-12 vc_col-sm-offset-0&#8243;]<div class=\"mkdf-elements-holder   mkdf-one-column  mkdf-responsive-mode-768 \" ><div class=\"mkdf-eh-item    \"  data-item-class=\"mkdf-eh-custom-3215\" data-1024-1280=\"13% 13% 20% 13%\" data-768-1024=\"5% 15% 0% 12%\" data-680-768=\"5% 16% 0% 9%\" data-680=\"5% 5% 0% 6%\">\n\t<div class=\"mkdf-eh-item-inner\">\n\t\t<div class=\"mkdf-eh-item-content mkdf-eh-custom-3215\" style=\"padding: 15% 17% 19% 18%\">\n\t\t\t<div class=\"mkdf-section-title-holder  mkdf-st-elegant  mkdf-st-title-left mkdf-st-normal-space \" >\n\t<div class=\"mkdf-st-inner\">\n\t\t\t\t\t<h6 class=\"mkdf-st-subtitle\" style=\"margin-bottom:2px\">\n\t\t\t\tRestaurace v Aquaparku\t\t\t<\/h6>\n\t\t\t\t\t\t\t<h2 class=\"mkdf-st-title\" >\n\t\t\t\tLighthouse Restaurant\t\t\t\t\t\t\t\t\t<span class=\"mkdf-st-e-separator\" ><\/span>\n\t\t\t\t\t\t\t<\/h2>\n\t\t\t\t\t\t\t\t\t<span class=\"mkdf-st-text\" style=\"line-height:30px;margin-top:15px\">\n\t\t\t\tStylov\u00e1 a modern\u00ed samoobslu\u017en\u00e1 restaurace v aquaparku nab\u00edz\u00ed bohat\u00fd sortiment kvalitn\u00edch a zdrav\u00fdch j\u00eddel a n\u00e1poj\u016f, dom\u00e1c\u00ed j\u00eddla, italskou pizzu, dezerty a jin\u00e9. Cel\u00fd prostor restaurace je ve stylu p\u0159\u00edmo\u0159sk\u00e9 atmosf\u00e9ry, kde symbolem restaurace je maj\u00e1k, ve kter\u00e9m se nach\u00e1z\u00ed vynikaj\u00edc\u00ed sal\u00e1tov\u00fd bar.\t\t\t<\/span>\n\t\t\t<\/div>\n<\/div>[vc_empty_space]<a itemprop=\"url\" href=\"https:\/\/aquacity.sk\/menulighthouse\/\" target=\"_blank\" style=\"background-color: #c59d5f\" class=\"mkdf-btn mkdf-btn-medium mkdf-btn-solid\"  >\n    <span class=\"mkdf-btn-text\">Menu<\/span>\n    <i class=\"mkdf-icon-linear-icon lnr  \" ><\/i><\/a>\t\t<\/div>\n\t<\/div>\n<\/div><\/div>[\/vc_column][\/vc_row][vc_row row_content_width=&#8221;grid&#8221; content_text_aligment=&#8221;center&#8221; css=&#8221;.vc_custom_1493383119559{padding-top: 120px !important;padding-bottom: 85px !important;}&#8221;][vc_column width=&#8221;1\/2&#8243; offset=&#8221;vc_col-lg-3 vc_col-md-6&#8243;]<div class=\"mkdf-iwt clearfix  mkdf-iwt-icon-top mkdf-iwt-icon-medium mkdf-iwt-has-separator\">\n\t<div class=\"mkdf-iwt-icon\">\n\t\t\t\t\t\t\t\t\t    <span class=\"mkdf-icon-shortcode mkdf-normal   mkdf-icon-medium\"  data-hover-color=\"#333132\" data-color=\"#c59d5f\">\n                    <i class=\"mkdf-icon-linea-icon icon-basic-rss mkdf-icon-element\" style=\"color: #c59d5f;font-size:60px\" ><\/i>            <\/span>\n\t\t\t\t\t\t<\/div>\n\t<div class=\"mkdf-iwt-content\" >\n\t\t\t\t\t<h5 class=\"mkdf-iwt-title\" style=\"margin-top:25px\">\n\t\t\t\t\t\t\t\t<span class=\"mkdf-iwt-title-text\">Wifi<\/span>\n\t\t\t\t\t\t\t\t\t\t\t<\/h5>\n\t\t\t\t\t\t\t<div class=\"mkdf-iwt-separator\" ><\/div>\n\t\t\t\t\t\t\t<p class=\"mkdf-iwt-text\" >Bezplatn\u00e9 Wi-Fi p\u0159ipojen\u00ed<\/p>\n\t\t\t\t\t<\/div>\n<\/div>[vc_empty_space height=&#8221;50px&#8221;][\/vc_column][vc_column width=&#8221;1\/2&#8243; offset=&#8221;vc_col-lg-3 vc_col-md-6&#8243;]<div class=\"mkdf-iwt clearfix  mkdf-iwt-icon-top mkdf-iwt-icon-medium mkdf-iwt-has-separator\">\n\t<div class=\"mkdf-iwt-icon\">\n\t\t\t\t\t<a itemprop=\"url\" href=\"https:\/\/aquacity.sk\/cs\/info\/oteviraci-hodiny\/\" target=\"_blank\">\n\t\t\t\t\t\t\t\t\t    <span class=\"mkdf-icon-shortcode mkdf-normal   mkdf-icon-medium\"  data-hover-color=\"#333132\" data-color=\"#c59d5f\">\n                    <i class=\"mkdf-icon-linea-icon icon-basic-clock mkdf-icon-element\" style=\"color: #c59d5f;font-size:60px\" ><\/i>            <\/span>\n\t\t\t\t\t\t\t\t<\/a>\n\t\t\t<\/div>\n\t<div class=\"mkdf-iwt-content\" >\n\t\t\t\t\t<h5 class=\"mkdf-iwt-title\" style=\"margin-top:25px\">\n\t\t\t\t\t\t\t\t\t<a itemprop=\"url\" href=\"https:\/\/aquacity.sk\/cs\/info\/oteviraci-hodiny\/\" target=\"_blank\">\n\t\t\t\t\t\t\t\t<span class=\"mkdf-iwt-title-text\">Otev\u00edrac\u00ed hodiny<\/span>\n\t\t\t\t\t\t\t\t\t<\/a>\n\t\t\t\t\t\t\t\t\t\t\t<\/h5>\n\t\t\t\t\t\t\t<div class=\"mkdf-iwt-separator\" ><\/div>\n\t\t\t\t\t\t\t<p class=\"mkdf-iwt-text\" >Otev\u0159eno denn\u011b v r\u00e1mci otv\u00edrac\u00edch hodin Aquaparku<\/p>\n\t\t\t\t\t<\/div>\n<\/div>[vc_empty_space height=&#8221;50px&#8221;][\/vc_column][vc_column width=&#8221;1\/2&#8243; offset=&#8221;vc_col-lg-3 vc_col-md-6&#8243;]<div class=\"mkdf-iwt clearfix  mkdf-iwt-icon-top mkdf-iwt-icon-medium mkdf-iwt-has-separator\">\n\t<div class=\"mkdf-iwt-icon\">\n\t\t\t\t\t\t\t\t\t    <span class=\"mkdf-icon-shortcode mkdf-normal   mkdf-icon-medium\"  data-hover-color=\"#333132\" data-color=\"#c59d5f\">\n                    <i class=\"mkdf-icon-linea-icon icon-basic-star mkdf-icon-element\" style=\"color: #c59d5f;font-size:60px\" ><\/i>            <\/span>\n\t\t\t\t\t\t<\/div>\n\t<div class=\"mkdf-iwt-content\" >\n\t\t\t\t\t<h5 class=\"mkdf-iwt-title\" style=\"margin-top:25px\">\n\t\t\t\t\t\t\t\t<span class=\"mkdf-iwt-title-text\">Nab\u00eddka<\/span>\n\t\t\t\t\t\t\t\t\t\t\t<\/h5>\n\t\t\t\t\t\t\t<div class=\"mkdf-iwt-separator\" ><\/div>\n\t\t\t\t\t\t\t<p class=\"mkdf-iwt-text\" >\u0160irok\u00e1 nab\u00eddka zdrav\u00fdch j\u00eddel a n\u00e1poj\u016f, dezert\u016f, rychl\u00e9ho ob\u010derstven\u00ed.<\/p>\n\t\t\t\t\t<\/div>\n<\/div>[vc_empty_space height=&#8221;50px&#8221;][\/vc_column][vc_column width=&#8221;1\/2&#8243; offset=&#8221;vc_col-lg-3 vc_col-md-6&#8243;]<div class=\"mkdf-iwt clearfix  mkdf-iwt-icon-top mkdf-iwt-icon-medium mkdf-iwt-has-separator\">\n\t<div class=\"mkdf-iwt-icon\">\n\t\t\t\t\t\t\t\t\t    <span class=\"mkdf-icon-shortcode mkdf-normal   mkdf-icon-medium\"  data-hover-color=\"#333132\" data-color=\"#c59d5f\">\n                    <i class=\"mkdf-icon-linear-icon lnr lnr-coffee-cup mkdf-icon-element\" style=\"color: #c59d5f;font-size:60px\" ><\/i>            <\/span>\n\t\t\t\t\t\t<\/div>\n\t<div class=\"mkdf-iwt-content\" >\n\t\t\t\t\t<h5 class=\"mkdf-iwt-title\" style=\"margin-top:25px\">\n\t\t\t\t\t\t\t\t<span class=\"mkdf-iwt-title-text\">Snack menu<\/span>\n\t\t\t\t\t\t\t\t\t\t\t<\/h5>\n\t\t\t\t\t\t\t<div class=\"mkdf-iwt-separator\" ><\/div>\n\t\t\t\t\t\t\t<p class=\"mkdf-iwt-text\" >B\u011bhem letn\u00ed sez\u00f3ny jsou ve venkovn\u00edm are\u00e1lu otev\u0159en\u00e9 letn\u00ed st\u00e1nky s nab\u00eddkou j\u00eddel a n\u00e1poj\u016f<\/p>\n\t\t\t\t\t<\/div>\n<\/div>[vc_empty_space height=&#8221;50px&#8221;][\/vc_column][\/vc_row][vc_row equal_height=&#8221;yes&#8221; content_placement=&#8221;top&#8221; enable_arrows_animation=&#8221;no&#8221; css=&#8221;.vc_custom_1493370672472{padding-top: 0px !important;padding-right: 0px !important;padding-bottom: 0px !important;padding-left: 0px !important;background-color: #f9f9f9 !important;}&#8221;][vc_column css=&#8221;.vc_custom_1493370704793{padding-top: 0px !important;padding-bottom: 0px !important;background-color: #f9f9f9 !important;}&#8221; offset=&#8221;vc_col-lg-3 vc_col-md-12&#8243;]<div class=\"mkdf-elements-holder   mkdf-one-column  mkdf-responsive-mode-768 \" ><div class=\"mkdf-eh-item    \"  data-item-class=\"mkdf-eh-custom-7554\" data-1280-1600=\"35px 16px 0 50px\" data-1024-1280=\"28px 14px 0 51px\" data-768-1024=\"30px 89px 42px 134px\" data-680-768=\"20px 90px 40px 87px\" data-680=\"15px 45px 25px 61px\">\n\t<div class=\"mkdf-eh-item-inner\">\n\t\t<div class=\"mkdf-eh-item-content mkdf-eh-custom-7554\" style=\"padding: 122px 70px 0 88px\">\n\t\t\t[vc_column_text]<\/p>\n<h3 style=\"font-size: 24px; font-weight: 600;\">Fotogalerie<\/h3>\n<p>[\/vc_column_text]<div class=\"mkdf-separator-holder clearfix  mkdf-separator-left \">\n\t<div class=\"mkdf-separator\" style=\"border-color: #333132;width: 60px;border-bottom-width: 1px;margin-top: 10px\"><\/div>\n<\/div>\n[vc_column_text]<\/p>\n<p style=\"margin-top: 0px;\">Samoobslu\u017en\u00e1 restaurace v Aquaparku<\/p>\n<p>[\/vc_column_text][vc_empty_space height=&#8221;8px&#8221;]<a itemprop=\"url\" href=\"https:\/\/aquacityhotel.sk\/cs\/galerie\/\" target=\"_blank\"  class=\"mkdf-btn mkdf-btn-medium mkdf-btn-simple\"  >\n    <span class=\"mkdf-btn-text\">V\u00edce informac\u00ed<\/span>\n    <\/a>\t\t<\/div>\n\t<\/div>\n<\/div><\/div>[\/vc_column][vc_column css=&#8221;.vc_custom_1493370933032{padding-top: 0px !important;padding-right: 0px !important;padding-bottom: 0px !important;padding-left: 12px !important;}&#8221; offset=&#8221;vc_col-lg-9 vc_col-md-12&#8243;]<div class=\"mkdf-image-gallery  mkdf-ig-carousel-type  mkdf-image-behavior-lightbox \">\n\t<div class=\"mkdf-ig-slider mkdf-owl-slider\" data-number-of-items=\"3\" data-enable-loop=\"yes\" data-enable-autoplay=\"yes\" data-slider-speed=\"5000\" data-slider-speed-animation=\"600\" data-slider-padding=\"no\" data-enable-navigation=\"no\" data-enable-pagination=\"no\">\n\t\t\t\t\t<div class=\"mkdf-ig-image\">\n\t\t\t\t\t\t\t\t\t<a itemprop=\"image\" class=\"mkdf-ig-lightbox mkdf-block-drag-link\" href=\"https:\/\/aquacityhotel.sk\/wp-content\/uploads\/2021\/10\/AquaCity_web_1000x650_0007.jpg\" data-rel=\"prettyPhoto[image_gallery_pretty_photo-439]\" title=\"AquaCity_web_1000x650_0007\">\n\t\t\t\t\t\t\t\t\t<img loading=\"lazy\" decoding=\"async\" width=\"1000\" height=\"650\" src=\"https:\/\/aquacityhotel.sk\/wp-content\/uploads\/2021\/10\/AquaCity_web_1000x650_0007.jpg\" class=\"attachment-full size-full\" alt=\"\" srcset=\"https:\/\/aquacityhotel.sk\/wp-content\/uploads\/2021\/10\/AquaCity_web_1000x650_0007.jpg 1000w, https:\/\/aquacityhotel.sk\/wp-content\/uploads\/2021\/10\/AquaCity_web_1000x650_0007-300x195.jpg 300w, https:\/\/aquacityhotel.sk\/wp-content\/uploads\/2021\/10\/AquaCity_web_1000x650_0007-768x499.jpg 768w, https:\/\/aquacityhotel.sk\/wp-content\/uploads\/2021\/10\/AquaCity_web_1000x650_0007-600x390.jpg 600w\" sizes=\"auto, (max-width: 1000px) 100vw, 1000px\" \/>\t\t\t\t\t\t\t\t\t<\/a>\n\t\t\t\t\t\t\t<\/div>\n\t\t\t\t\t<div class=\"mkdf-ig-image\">\n\t\t\t\t\t\t\t\t\t<a itemprop=\"image\" class=\"mkdf-ig-lightbox mkdf-block-drag-link\" href=\"https:\/\/aquacityhotel.sk\/wp-content\/uploads\/2021\/10\/AquaCity_web_1000x650_0015.jpg\" data-rel=\"prettyPhoto[image_gallery_pretty_photo-439]\" title=\"AquaCity_web_1000x650_0015\">\n\t\t\t\t\t\t\t\t\t<img loading=\"lazy\" decoding=\"async\" width=\"1000\" height=\"650\" src=\"https:\/\/aquacityhotel.sk\/wp-content\/uploads\/2021\/10\/AquaCity_web_1000x650_0015.jpg\" class=\"attachment-full size-full\" alt=\"\" srcset=\"https:\/\/aquacityhotel.sk\/wp-content\/uploads\/2021\/10\/AquaCity_web_1000x650_0015.jpg 1000w, https:\/\/aquacityhotel.sk\/wp-content\/uploads\/2021\/10\/AquaCity_web_1000x650_0015-300x195.jpg 300w, https:\/\/aquacityhotel.sk\/wp-content\/uploads\/2021\/10\/AquaCity_web_1000x650_0015-768x499.jpg 768w, https:\/\/aquacityhotel.sk\/wp-content\/uploads\/2021\/10\/AquaCity_web_1000x650_0015-600x390.jpg 600w\" sizes=\"auto, (max-width: 1000px) 100vw, 1000px\" \/>\t\t\t\t\t\t\t\t\t<\/a>\n\t\t\t\t\t\t\t<\/div>\n\t\t\t\t\t<div class=\"mkdf-ig-image\">\n\t\t\t\t\t\t\t\t\t<a itemprop=\"image\" class=\"mkdf-ig-lightbox mkdf-block-drag-link\" href=\"https:\/\/aquacityhotel.sk\/wp-content\/uploads\/2021\/10\/AquaCity_web_1000x650_0021.jpg\" data-rel=\"prettyPhoto[image_gallery_pretty_photo-439]\" title=\"AquaCity_web_1000x650_0021\">\n\t\t\t\t\t\t\t\t\t<img loading=\"lazy\" decoding=\"async\" width=\"1000\" height=\"650\" src=\"https:\/\/aquacityhotel.sk\/wp-content\/uploads\/2021\/10\/AquaCity_web_1000x650_0021.jpg\" class=\"attachment-full size-full\" alt=\"\" srcset=\"https:\/\/aquacityhotel.sk\/wp-content\/uploads\/2021\/10\/AquaCity_web_1000x650_0021.jpg 1000w, https:\/\/aquacityhotel.sk\/wp-content\/uploads\/2021\/10\/AquaCity_web_1000x650_0021-300x195.jpg 300w, https:\/\/aquacityhotel.sk\/wp-content\/uploads\/2021\/10\/AquaCity_web_1000x650_0021-768x499.jpg 768w, https:\/\/aquacityhotel.sk\/wp-content\/uploads\/2021\/10\/AquaCity_web_1000x650_0021-600x390.jpg 600w\" sizes=\"auto, (max-width: 1000px) 100vw, 1000px\" \/>\t\t\t\t\t\t\t\t\t<\/a>\n\t\t\t\t\t\t\t<\/div>\n\t\t\t\t\t<div class=\"mkdf-ig-image\">\n\t\t\t\t\t\t\t\t\t<a itemprop=\"image\" class=\"mkdf-ig-lightbox mkdf-block-drag-link\" href=\"https:\/\/aquacityhotel.sk\/wp-content\/uploads\/2021\/10\/AquaCity_web_1000x650_0023.jpg\" data-rel=\"prettyPhoto[image_gallery_pretty_photo-439]\" title=\"AquaCity_web_1000x650_0023\">\n\t\t\t\t\t\t\t\t\t<img loading=\"lazy\" decoding=\"async\" width=\"1000\" height=\"650\" src=\"https:\/\/aquacityhotel.sk\/wp-content\/uploads\/2021\/10\/AquaCity_web_1000x650_0023.jpg\" class=\"attachment-full size-full\" alt=\"\" srcset=\"https:\/\/aquacityhotel.sk\/wp-content\/uploads\/2021\/10\/AquaCity_web_1000x650_0023.jpg 1000w, https:\/\/aquacityhotel.sk\/wp-content\/uploads\/2021\/10\/AquaCity_web_1000x650_0023-300x195.jpg 300w, https:\/\/aquacityhotel.sk\/wp-content\/uploads\/2021\/10\/AquaCity_web_1000x650_0023-768x499.jpg 768w, https:\/\/aquacityhotel.sk\/wp-content\/uploads\/2021\/10\/AquaCity_web_1000x650_0023-600x390.jpg 600w\" sizes=\"auto, (max-width: 1000px) 100vw, 1000px\" \/>\t\t\t\t\t\t\t\t\t<\/a>\n\t\t\t\t\t\t\t<\/div>\n\t\t\t\t\t<div class=\"mkdf-ig-image\">\n\t\t\t\t\t\t\t\t\t<a itemprop=\"image\" class=\"mkdf-ig-lightbox mkdf-block-drag-link\" href=\"https:\/\/aquacityhotel.sk\/wp-content\/uploads\/2021\/10\/AquaCity_web_1000x650_0024.jpg\" data-rel=\"prettyPhoto[image_gallery_pretty_photo-439]\" title=\"AquaCity_web_1000x650_0024\">\n\t\t\t\t\t\t\t\t\t<img loading=\"lazy\" decoding=\"async\" width=\"1000\" height=\"650\" src=\"https:\/\/aquacityhotel.sk\/wp-content\/uploads\/2021\/10\/AquaCity_web_1000x650_0024.jpg\" class=\"attachment-full size-full\" alt=\"\" srcset=\"https:\/\/aquacityhotel.sk\/wp-content\/uploads\/2021\/10\/AquaCity_web_1000x650_0024.jpg 1000w, https:\/\/aquacityhotel.sk\/wp-content\/uploads\/2021\/10\/AquaCity_web_1000x650_0024-300x195.jpg 300w, https:\/\/aquacityhotel.sk\/wp-content\/uploads\/2021\/10\/AquaCity_web_1000x650_0024-768x499.jpg 768w, https:\/\/aquacityhotel.sk\/wp-content\/uploads\/2021\/10\/AquaCity_web_1000x650_0024-600x390.jpg 600w\" sizes=\"auto, (max-width: 1000px) 100vw, 1000px\" \/>\t\t\t\t\t\t\t\t\t<\/a>\n\t\t\t\t\t\t\t<\/div>\n\t\t\t\t\t<div class=\"mkdf-ig-image\">\n\t\t\t\t\t\t\t\t\t<a itemprop=\"image\" class=\"mkdf-ig-lightbox mkdf-block-drag-link\" href=\"https:\/\/aquacityhotel.sk\/wp-content\/uploads\/2021\/10\/AquaCity_web_1000x650_0026.jpg\" data-rel=\"prettyPhoto[image_gallery_pretty_photo-439]\" title=\"AquaCity_web_1000x650_0026\">\n\t\t\t\t\t\t\t\t\t<img loading=\"lazy\" decoding=\"async\" width=\"1000\" height=\"650\" src=\"https:\/\/aquacityhotel.sk\/wp-content\/uploads\/2021\/10\/AquaCity_web_1000x650_0026.jpg\" class=\"attachment-full size-full\" alt=\"\" srcset=\"https:\/\/aquacityhotel.sk\/wp-content\/uploads\/2021\/10\/AquaCity_web_1000x650_0026.jpg 1000w, https:\/\/aquacityhotel.sk\/wp-content\/uploads\/2021\/10\/AquaCity_web_1000x650_0026-300x195.jpg 300w, https:\/\/aquacityhotel.sk\/wp-content\/uploads\/2021\/10\/AquaCity_web_1000x650_0026-768x499.jpg 768w, https:\/\/aquacityhotel.sk\/wp-content\/uploads\/2021\/10\/AquaCity_web_1000x650_0026-600x390.jpg 600w\" sizes=\"auto, (max-width: 1000px) 100vw, 1000px\" \/>\t\t\t\t\t\t\t\t\t<\/a>\n\t\t\t\t\t\t\t<\/div>\n\t\t\t\t\t<div class=\"mkdf-ig-image\">\n\t\t\t\t\t\t\t\t\t<a itemprop=\"image\" class=\"mkdf-ig-lightbox mkdf-block-drag-link\" href=\"https:\/\/aquacityhotel.sk\/wp-content\/uploads\/2021\/10\/AquaCity_web_1000x650_0027.jpg\" data-rel=\"prettyPhoto[image_gallery_pretty_photo-439]\" title=\"AquaCity_web_1000x650_0027\">\n\t\t\t\t\t\t\t\t\t<img loading=\"lazy\" decoding=\"async\" width=\"1000\" height=\"650\" src=\"https:\/\/aquacityhotel.sk\/wp-content\/uploads\/2021\/10\/AquaCity_web_1000x650_0027.jpg\" class=\"attachment-full size-full\" alt=\"\" srcset=\"https:\/\/aquacityhotel.sk\/wp-content\/uploads\/2021\/10\/AquaCity_web_1000x650_0027.jpg 1000w, https:\/\/aquacityhotel.sk\/wp-content\/uploads\/2021\/10\/AquaCity_web_1000x650_0027-300x195.jpg 300w, https:\/\/aquacityhotel.sk\/wp-content\/uploads\/2021\/10\/AquaCity_web_1000x650_0027-768x499.jpg 768w, https:\/\/aquacityhotel.sk\/wp-content\/uploads\/2021\/10\/AquaCity_web_1000x650_0027-600x390.jpg 600w\" sizes=\"auto, (max-width: 1000px) 100vw, 1000px\" \/>\t\t\t\t\t\t\t\t\t<\/a>\n\t\t\t\t\t\t\t<\/div>\n\t\t\t<\/div>\n<\/div>[\/vc_column][\/vc_row][vc_row][vc_column][vc_widget_sidebar sidebar_id=&#8221;content-bottom&#8221;][\/vc_column][\/vc_row]<\/p>\n","protected":false},"excerpt":{"rendered":"<p>[vc_row css=&#8221;.vc_custom_1514288437790{padding-top: 50px !important;padding-bottom: 50px !important;}&#8221;][vc_column][vc_empty_space][\/vc_column][\/vc_row][vc_row equal_height=&#8221;yes&#8221; css=&#8221;.vc_custom_1493379978370{background-color: #fbf9f9 !important;}&#8221;][vc_column css=&#8221;.vc_custom_1634069631972{padding-top: 28% !important;padding-bottom: 28% !important;background-image: url(https:\/\/aquacityhotel.sk\/wp-content\/uploads\/2021\/10\/AquaCity_web_1000x650_0024-1.jpg?id=17379) !important;background-position: center !important;background-repeat: no-repeat !important;background-size: cover !important;}&#8221; offset=&#8221;vc_col-lg-offset-0 vc_col-lg-6 vc_col-md-12 vc_col-sm-offset-0&#8243;][\/vc_column][vc_column offset=&#8221;vc_col-lg-offset-0 vc_col-lg-6 vc_col-md-12 vc_col-sm-offset-0&#8243;][\/vc_column][\/vc_row][vc_row row_content_width=&#8221;grid&#8221; content_text_aligment=&#8221;center&#8221; css=&#8221;.vc_custom_1493383119559{padding-top: 120px !important;padding-bottom: 85px !important;}&#8221;][vc_column width=&#8221;1\/2&#8243; offset=&#8221;vc_col-lg-3 [&hellip;]<\/p>\n","protected":false},"author":2,"featured_media":0,"parent":0,"menu_order":0,"comment_status":"closed","ping_status":"closed","template":"full-width.php","meta":{"inline_featured_image":false,"footnotes":"","_wp_rev_ctl_limit":""},"class_list":["post-15242","page","type-page","status-publish","hentry"],"yoast_head":"<!-- This site is optimized with the Yoast SEO plugin v26.4 - https:\/\/yoast.com\/wordpress\/plugins\/seo\/ -->\n<title>Lighthouse Restaurant - Aquacity Hotel<\/title>\n<meta name=\"robots\" content=\"index, follow, max-snippet:-1, max-image-preview:large, max-video-preview:-1\" \/>\n<link rel=\"canonical\" href=\"https:\/\/aquacityhotel.sk\/lighthouse-fresh-bar\/\" \/>\n<meta property=\"og:locale\" content=\"cs_CZ\" \/>\n<meta property=\"og:type\" content=\"article\" \/>\n<meta property=\"og:title\" content=\"Lighthouse Restaurant - Aquacity Hotel\" \/>\n<meta property=\"og:description\" content=\"[vc_row css=&#8221;.vc_custom_1514288437790{padding-top: 50px !important;padding-bottom: 50px !important;}&#8221;][vc_column][vc_empty_space][\/vc_column][\/vc_row][vc_row equal_height=&#8221;yes&#8221; css=&#8221;.vc_custom_1493379978370{background-color: #fbf9f9 !important;}&#8221;][vc_column css=&#8221;.vc_custom_1634069631972{padding-top: 28% !important;padding-bottom: 28% !important;background-image: url(https:\/\/aquacityhotel.sk\/wp-content\/uploads\/2021\/10\/AquaCity_web_1000x650_0024-1.jpg?id=17379) !important;background-position: center !important;background-repeat: no-repeat !important;background-size: cover !important;}&#8221; offset=&#8221;vc_col-lg-offset-0 vc_col-lg-6 vc_col-md-12 vc_col-sm-offset-0&#8243;][\/vc_column][vc_column offset=&#8221;vc_col-lg-offset-0 vc_col-lg-6 vc_col-md-12 vc_col-sm-offset-0&#8243;][\/vc_column][\/vc_row][vc_row row_content_width=&#8221;grid&#8221; content_text_aligment=&#8221;center&#8221; css=&#8221;.vc_custom_1493383119559{padding-top: 120px !important;padding-bottom: 85px !important;}&#8221;][vc_column width=&#8221;1\/2&#8243; offset=&#8221;vc_col-lg-3 [&hellip;]\" \/>\n<meta property=\"og:url\" content=\"https:\/\/aquacityhotel.sk\/lighthouse-fresh-bar\/\" \/>\n<meta property=\"og:site_name\" content=\"Aquacity Hotel\" \/>\n<meta property=\"article:modified_time\" content=\"2025-12-23T05:09:45+00:00\" \/>\n<meta name=\"twitter:card\" content=\"summary_large_image\" \/>\n<meta name=\"twitter:label1\" content=\"Odhadovan\u00e1 doba \u010dten\u00ed\" \/>\n\t<meta name=\"twitter:data1\" content=\"4 minuty\" \/>\n<script type=\"application\/ld+json\" class=\"yoast-schema-graph\">{\"@context\":\"https:\/\/schema.org\",\"@graph\":[{\"@type\":\"WebPage\",\"@id\":\"https:\/\/aquacityhotel.sk\/lighthouse-fresh-bar\/\",\"url\":\"https:\/\/aquacityhotel.sk\/lighthouse-fresh-bar\/\",\"name\":\"Lighthouse Restaurant - Aquacity Hotel\",\"isPartOf\":{\"@id\":\"https:\/\/aquacityhotel.sk\/#website\"},\"datePublished\":\"2021-02-17T09:04:30+00:00\",\"dateModified\":\"2025-12-23T05:09:45+00:00\",\"breadcrumb\":{\"@id\":\"https:\/\/aquacityhotel.sk\/lighthouse-fresh-bar\/#breadcrumb\"},\"inLanguage\":\"cs\",\"potentialAction\":[{\"@type\":\"ReadAction\",\"target\":[\"https:\/\/aquacityhotel.sk\/lighthouse-fresh-bar\/\"]}]},{\"@type\":\"BreadcrumbList\",\"@id\":\"https:\/\/aquacityhotel.sk\/lighthouse-fresh-bar\/#breadcrumb\",\"itemListElement\":[{\"@type\":\"ListItem\",\"position\":1,\"name\":\"Domovsk\u00e1 str\u00e1nka\",\"item\":\"https:\/\/aquacityhotel.sk\/\"},{\"@type\":\"ListItem\",\"position\":2,\"name\":\"Lighthouse Restaurant\"}]},{\"@type\":\"WebSite\",\"@id\":\"https:\/\/aquacityhotel.sk\/#website\",\"url\":\"https:\/\/aquacityhotel.sk\/\",\"name\":\"Aquacity Hotel\",\"description\":\"Ubytovanie Vysok\u00e9 Tatry Slovensko\",\"potentialAction\":[{\"@type\":\"SearchAction\",\"target\":{\"@type\":\"EntryPoint\",\"urlTemplate\":\"https:\/\/aquacityhotel.sk\/?s={search_term_string}\"},\"query-input\":{\"@type\":\"PropertyValueSpecification\",\"valueRequired\":true,\"valueName\":\"search_term_string\"}}],\"inLanguage\":\"cs\"}]}<\/script>\n<!-- \/ Yoast SEO plugin. -->","yoast_head_json":{"title":"Lighthouse Restaurant - Aquacity Hotel","robots":{"index":"index","follow":"follow","max-snippet":"max-snippet:-1","max-image-preview":"max-image-preview:large","max-video-preview":"max-video-preview:-1"},"canonical":"https:\/\/aquacityhotel.sk\/lighthouse-fresh-bar\/","og_locale":"cs_CZ","og_type":"article","og_title":"Lighthouse Restaurant - Aquacity Hotel","og_description":"[vc_row css=&#8221;.vc_custom_1514288437790{padding-top: 50px !important;padding-bottom: 50px !important;}&#8221;][vc_column][vc_empty_space][\/vc_column][\/vc_row][vc_row equal_height=&#8221;yes&#8221; css=&#8221;.vc_custom_1493379978370{background-color: #fbf9f9 !important;}&#8221;][vc_column css=&#8221;.vc_custom_1634069631972{padding-top: 28% !important;padding-bottom: 28% !important;background-image: url(https:\/\/aquacityhotel.sk\/wp-content\/uploads\/2021\/10\/AquaCity_web_1000x650_0024-1.jpg?id=17379) !important;background-position: center !important;background-repeat: no-repeat !important;background-size: cover !important;}&#8221; offset=&#8221;vc_col-lg-offset-0 vc_col-lg-6 vc_col-md-12 vc_col-sm-offset-0&#8243;][\/vc_column][vc_column offset=&#8221;vc_col-lg-offset-0 vc_col-lg-6 vc_col-md-12 vc_col-sm-offset-0&#8243;][\/vc_column][\/vc_row][vc_row row_content_width=&#8221;grid&#8221; content_text_aligment=&#8221;center&#8221; css=&#8221;.vc_custom_1493383119559{padding-top: 120px !important;padding-bottom: 85px !important;}&#8221;][vc_column width=&#8221;1\/2&#8243; offset=&#8221;vc_col-lg-3 [&hellip;]","og_url":"https:\/\/aquacityhotel.sk\/lighthouse-fresh-bar\/","og_site_name":"Aquacity Hotel","article_modified_time":"2025-12-23T05:09:45+00:00","twitter_card":"summary_large_image","twitter_misc":{"Odhadovan\u00e1 doba \u010dten\u00ed":"4 minuty"},"schema":{"@context":"https:\/\/schema.org","@graph":[{"@type":"WebPage","@id":"https:\/\/aquacityhotel.sk\/lighthouse-fresh-bar\/","url":"https:\/\/aquacityhotel.sk\/lighthouse-fresh-bar\/","name":"Lighthouse Restaurant - Aquacity Hotel","isPartOf":{"@id":"https:\/\/aquacityhotel.sk\/#website"},"datePublished":"2021-02-17T09:04:30+00:00","dateModified":"2025-12-23T05:09:45+00:00","breadcrumb":{"@id":"https:\/\/aquacityhotel.sk\/lighthouse-fresh-bar\/#breadcrumb"},"inLanguage":"cs","potentialAction":[{"@type":"ReadAction","target":["https:\/\/aquacityhotel.sk\/lighthouse-fresh-bar\/"]}]},{"@type":"BreadcrumbList","@id":"https:\/\/aquacityhotel.sk\/lighthouse-fresh-bar\/#breadcrumb","itemListElement":[{"@type":"ListItem","position":1,"name":"Domovsk\u00e1 str\u00e1nka","item":"https:\/\/aquacityhotel.sk\/"},{"@type":"ListItem","position":2,"name":"Lighthouse Restaurant"}]},{"@type":"WebSite","@id":"https:\/\/aquacityhotel.sk\/#website","url":"https:\/\/aquacityhotel.sk\/","name":"Aquacity Hotel","description":"Ubytovanie Vysok\u00e9 Tatry Slovensko","potentialAction":[{"@type":"SearchAction","target":{"@type":"EntryPoint","urlTemplate":"https:\/\/aquacityhotel.sk\/?s={search_term_string}"},"query-input":{"@type":"PropertyValueSpecification","valueRequired":true,"valueName":"search_term_string"}}],"inLanguage":"cs"}]}},"_links":{"self":[{"href":"https:\/\/aquacityhotel.sk\/cs\/wp-json\/wp\/v2\/pages\/15242","targetHints":{"allow":["GET"]}}],"collection":[{"href":"https:\/\/aquacityhotel.sk\/cs\/wp-json\/wp\/v2\/pages"}],"about":[{"href":"https:\/\/aquacityhotel.sk\/cs\/wp-json\/wp\/v2\/types\/page"}],"author":[{"embeddable":true,"href":"https:\/\/aquacityhotel.sk\/cs\/wp-json\/wp\/v2\/users\/2"}],"replies":[{"embeddable":true,"href":"https:\/\/aquacityhotel.sk\/cs\/wp-json\/wp\/v2\/comments?post=15242"}],"version-history":[{"count":11,"href":"https:\/\/aquacityhotel.sk\/cs\/wp-json\/wp\/v2\/pages\/15242\/revisions"}],"predecessor-version":[{"id":21956,"href":"https:\/\/aquacityhotel.sk\/cs\/wp-json\/wp\/v2\/pages\/15242\/revisions\/21956"}],"wp:attachment":[{"href":"https:\/\/aquacityhotel.sk\/cs\/wp-json\/wp\/v2\/media?parent=15242"}],"curies":[{"name":"wp","href":"https:\/\/api.w.org\/{rel}","templated":true}]}}