
{"id":15238,"date":"2021-02-16T14:29:09","date_gmt":"2021-02-16T13:29:09","guid":{"rendered":"https:\/\/horizontresort.sk\/gastronomia\/"},"modified":"2025-05-25T09:14:58","modified_gmt":"2025-05-25T07:14:58","slug":"gastronomie","status":"publish","type":"page","link":"https:\/\/aquacityhotel.sk\/cs\/gastronomie\/","title":{"rendered":"Gastronomie"},"content":{"rendered":"<p>[vc_row css=&#8221;.vc_custom_1494232319573{padding-bottom: 70px !important;}&#8221;][vc_column]<div class=\"mkdf-elements-holder   mkdf-two-columns  mkdf-responsive-mode-680 \" ><div class=\"mkdf-eh-item    \" style=\"background-color: rgba(197,157,95,0.34)\" data-item-class=\"mkdf-eh-custom-8760\">\n\t<div class=\"mkdf-eh-item-inner\">\n\t\t<div class=\"mkdf-eh-item-content mkdf-eh-custom-8760\" style=\"padding: 30px 16% 50px\">\n\t\t\t<div class=\"mkdf-image-with-text-holder   \">\n    <div class=\"mkdf-iwt-image\">\n                                    <img loading=\"lazy\" decoding=\"async\" src=\"https:\/\/aquacityhotel.sk\/wp-content\/uploads\/2025\/05\/BAR_A_RESTAURACIA_09_web-1920x1080.jpeg\" alt=\"\" width=\"1920\" height=\"1080\" \/>                        <\/div>\n    <div class=\"mkdf-iwt-text-holder\">\n        \n                    <h5 class=\"mkdf-iwt-title\" >RESTAURACE HIGH TATRAS<\/h5>\n        \n        \n\t\t            <p class=\"mkdf-iwt-text\" >V restauraci High Tatras pro v\u00e1s \u0161\u00e9fkucha\u0159 p\u0159ipravil vynikaj\u00edc\u00ed menu podle sou\u010dasn\u00fdch modern\u00edch trend\u016f.<\/p>\n            <\/div>\n<\/div>[vc_empty_space height=&#8221;20px&#8221;]<a itemprop=\"url\" href=\"https:\/\/aquacityhotel.sk\/cs\/restauracia-hightatras\/\" target=\"_blank\" style=\"color: #ffffff;border-color: #c59d5f\" class=\"mkdf-btn mkdf-btn-medium mkdf-btn-solid mkdf-btn-custom-hover-bg mkdf-btn-custom-border-hover mkdf-btn-custom-hover-color mkdf-btn-icon\" data-hover-color=\"#ffffff\" data-hover-bg-color=\"#333132\" data-hover-border-color=\"#333132\" >\n    <span class=\"mkdf-btn-text\">\u010cti v\u00edce<\/span>\n    <i class=\"mkdf-icon-linear-icon lnr lnr-arrow-right \" ><\/i><\/a>\t\t<\/div>\n\t<\/div>\n<\/div><div class=\"mkdf-eh-item    \" style=\"background-color: rgba(197,157,95,0.18)\" data-item-class=\"mkdf-eh-custom-7129\">\n\t<div class=\"mkdf-eh-item-inner\">\n\t\t<div class=\"mkdf-eh-item-content mkdf-eh-custom-7129\" style=\"padding: 30px 16% 50px\">\n\t\t\t<div class=\"mkdf-image-with-text-holder   \">\n    <div class=\"mkdf-iwt-image\">\n                                    <img loading=\"lazy\" decoding=\"async\" src=\"https:\/\/aquacityhotel.sk\/wp-content\/uploads\/2023\/03\/c-Marek-Hajkovsky-foto-AQUACITY-2022_174-1920x1080.jpg\" alt=\"\" width=\"1920\" height=\"1080\" \/>                        <\/div>\n    <div class=\"mkdf-iwt-text-holder\">\n        \n                    <h5 class=\"mkdf-iwt-title\" >LIGHTHOUSE RESTAURANT<\/h5>\n        \n        \n\t\t            <p class=\"mkdf-iwt-text\" >Stylov\u00e1 a modern\u00ed samoobslu\u017en\u00e1 restaurace v aquaparku nab\u00edz\u00ed bohat\u00fd sortiment kvalitn\u00edch a zdrav\u00fdch j\u00eddel a n\u00e1poj\u016f.<\/p>\n            <\/div>\n<\/div>[vc_empty_space height=&#8221;20px&#8221;]<a itemprop=\"url\" href=\"https:\/\/aquacityhotel.sk\/cs\/lighthouse-fresh-bar\/\" target=\"_blank\" style=\"color: #ffffff;background-color: #c59d5f;border-color: #c59d5f\" class=\"mkdf-btn mkdf-btn-medium mkdf-btn-solid mkdf-btn-custom-hover-bg mkdf-btn-custom-border-hover mkdf-btn-custom-hover-color mkdf-btn-icon\" data-hover-color=\"#ffffff\" data-hover-bg-color=\"#333132\" data-hover-border-color=\"#333132\" >\n    <span class=\"mkdf-btn-text\">\u010cti v\u00edce<\/span>\n    <i class=\"mkdf-icon-linear-icon lnr lnr-arrow-right \" ><\/i><\/a>\t\t<\/div>\n\t<\/div>\n<\/div><\/div><div class=\"mkdf-elements-holder   mkdf-two-columns  mkdf-responsive-mode-680 \" ><div class=\"mkdf-eh-item    \" style=\"background-color: rgba(197,157,95,0.18)\" data-item-class=\"mkdf-eh-custom-8502\">\n\t<div class=\"mkdf-eh-item-inner\">\n\t\t<div class=\"mkdf-eh-item-content mkdf-eh-custom-8502\" style=\"padding: 30px 16% 50px\">\n\t\t\t<div class=\"mkdf-image-with-text-holder   \">\n    <div class=\"mkdf-iwt-image\">\n                                    <img loading=\"lazy\" decoding=\"async\" src=\"https:\/\/aquacityhotel.sk\/wp-content\/uploads\/2025\/05\/riverside_web-1920x1080.jpeg\" alt=\"\" width=\"1920\" height=\"1080\" \/>                        <\/div>\n    <div class=\"mkdf-iwt-text-holder\">\n        \n                    <h5 class=\"mkdf-iwt-title\" >RESTAURACE RIVERSIDE<\/h5>\n        \n        \n\t\t            <p class=\"mkdf-iwt-text\" >Komfortn\u00ed hotelov\u00e1 restaurace Riverside je ur\u010dena k pod\u00e1v\u00e1n\u00ed sn\u00eddan\u00ed a ve\u010de\u0159\u00ed pro hosty ubytovan\u00e9 v hotelu Riverside.<\/p>\n            <\/div>\n<\/div>[vc_empty_space height=&#8221;20px&#8221;]<a itemprop=\"url\" href=\"https:\/\/aquacityhotel.sk\/cs\/restaurace-riverside\/\" target=\"_blank\" style=\"color: #ffffff;background-color: #c59d5f;border-color: #c59d5f\" class=\"mkdf-btn mkdf-btn-medium mkdf-btn-solid mkdf-btn-custom-hover-bg mkdf-btn-custom-border-hover mkdf-btn-custom-hover-color mkdf-btn-icon\" data-hover-color=\"#ffffff\" data-hover-bg-color=\"#333132\" data-hover-border-color=\"#333132\" >\n    <span class=\"mkdf-btn-text\">\u010cti v\u00edce<\/span>\n    <i class=\"mkdf-icon-linear-icon lnr lnr-arrow-right \" ><\/i><\/a>\t\t<\/div>\n\t<\/div>\n<\/div><div class=\"mkdf-eh-item    \" style=\"background-color: rgba(197,157,95,0.34)\" data-item-class=\"mkdf-eh-custom-4748\">\n\t<div class=\"mkdf-eh-item-inner\">\n\t\t<div class=\"mkdf-eh-item-content mkdf-eh-custom-4748\" style=\"padding: 30px 16% 50px\">\n\t\t\t<div class=\"mkdf-image-with-text-holder   \">\n    <div class=\"mkdf-iwt-image\">\n                                    <img loading=\"lazy\" decoding=\"async\" src=\"https:\/\/aquacityhotel.sk\/wp-content\/uploads\/2025\/05\/cafe_bar_web-1920x1080.jpeg\" alt=\"\" width=\"1920\" height=\"1080\" \/>                        <\/div>\n    <div class=\"mkdf-iwt-text-holder\">\n        \n                    <h5 class=\"mkdf-iwt-title\" >CAF\u00c9 &amp; WINE BAR<\/h5>\n        \n        \n\t\t            <p class=\"mkdf-iwt-text\" >Lahodn\u00e1 k\u00e1va, v\u00fdborn\u00e9 dezerty a p\u0159\u00edjemn\u00e1 atmosf\u00e9ra v na\u0161\u00ed kav\u00e1rn\u011b s vinot\u00e9kou. \u010cek\u00e1 na v\u00e1s nab\u00eddka, kter\u00fd lahod\u00ed v\u0161em milovn\u00edk\u016fm dobr\u00e9ho a kvalitn\u00edho v\u00edna.<\/p>\n            <\/div>\n<\/div>[vc_empty_space height=&#8221;20px&#8221;]<a itemprop=\"url\" href=\"https:\/\/aquacityhotel.sk\/cs\/cafe-bar\/\" target=\"_blank\" style=\"color: #ffffff;border-color: #c59d5f\" class=\"mkdf-btn mkdf-btn-medium mkdf-btn-solid mkdf-btn-custom-hover-bg mkdf-btn-custom-border-hover mkdf-btn-custom-hover-color mkdf-btn-icon\" data-hover-color=\"#ffffff\" data-hover-bg-color=\"#333132\" data-hover-border-color=\"#333132\" >\n    <span class=\"mkdf-btn-text\">\u010cti v\u00edce<\/span>\n    <i class=\"mkdf-icon-linear-icon lnr lnr-arrow-right \" ><\/i><\/a>\t\t<\/div>\n\t<\/div>\n<\/div><\/div><div class=\"mkdf-elements-holder  mkdf-eh-full-height mkdf-two-columns  mkdf-responsive-mode-680 \" ><div class=\"mkdf-eh-item    \" style=\"background-color: rgba(197,157,95,0.34)\" data-item-class=\"mkdf-eh-custom-6331\">\n\t<div class=\"mkdf-eh-item-inner\">\n\t\t<div class=\"mkdf-eh-item-content mkdf-eh-custom-6331\" style=\"padding: 30px 16% 50px\">\n\t\t\t<div class=\"mkdf-image-with-text-holder   \">\n    <div class=\"mkdf-iwt-image\">\n                                    <img loading=\"lazy\" decoding=\"async\" src=\"https:\/\/aquacityhotel.sk\/wp-content\/uploads\/2023\/03\/c-Marek-Hajkovsky-foto-AQUACITY-2022_115-1-1920x1080.jpg\" alt=\"\" width=\"1920\" height=\"1080\" \/>                        <\/div>\n    <div class=\"mkdf-iwt-text-holder\">\n        \n                    <h5 class=\"mkdf-iwt-title\" >WELLNESS BAR<\/h5>\n        \n        \n\t\t            <p class=\"mkdf-iwt-text\" >B\u011bhem pobytu ve Fire &amp; Water wellness centru nav\u0161tivte i n\u00e1\u0161 unik\u00e1tn\u00ed 14metrov\u00fd Wellness bar s trendovou nab\u00eddkou koktejl\u016f a zdrav\u00fdch wellness n\u00e1poj\u016f.<\/p>\n            <\/div>\n<\/div>[vc_empty_space height=&#8221;20px&#8221;]<a itemprop=\"url\" href=\"https:\/\/aquacityhotel.sk\/cs\/wellness-bar\/\" target=\"_blank\" style=\"color: #ffffff;background-color: #c59d5f;border-color: #c59d5f\" class=\"mkdf-btn mkdf-btn-medium mkdf-btn-solid mkdf-btn-custom-hover-bg mkdf-btn-custom-border-hover mkdf-btn-custom-hover-color mkdf-btn-icon\" data-hover-color=\"#ffffff\" data-hover-bg-color=\"#333132\" data-hover-border-color=\"#333132\" >\n    <span class=\"mkdf-btn-text\">\u010cti v\u00edce<\/span>\n    <i class=\"mkdf-icon-linear-icon lnr lnr-arrow-right \" ><\/i><\/a>\t\t<\/div>\n\t<\/div>\n<\/div><div class=\"mkdf-eh-item    \" style=\"background-color: rgba(197,157,95,0.18)\" data-item-class=\"mkdf-eh-custom-1400\">\n\t<div class=\"mkdf-eh-item-inner\">\n\t\t<div class=\"mkdf-eh-item-content mkdf-eh-custom-1400\" style=\"padding: 30px 16% 50px\">\n\t\t\t<div class=\"mkdf-image-with-text-holder   \">\n    <div class=\"mkdf-iwt-image\">\n                                    <img loading=\"lazy\" decoding=\"async\" src=\"https:\/\/aquacityhotel.sk\/wp-content\/uploads\/2025\/05\/aquacitylobby_web-1920x1080.jpeg\" alt=\"\" width=\"1920\" height=\"1080\" \/>                        <\/div>\n    <div class=\"mkdf-iwt-text-holder\">\n        \n                    <h5 class=\"mkdf-iwt-title\" >LOBBY BAR<\/h5>\n        \n        \n\t\t            <p class=\"mkdf-iwt-text\" >Hotelov\u00fd lobby bar je vhodn\u00fdm prostorem pro obchodn\u00ed sch\u016fzky a posezen\u00ed s p\u0159\u00e1teli. Lobby bar je propojen s venkovn\u00ed terasou, kde si krom\u011b oddechu m\u016f\u017eete dop\u0159\u00e1t n\u00e1dhern\u00e9 v\u00fdhledy na Vysok\u00e9 Tatry.<\/p>\n            <\/div>\n<\/div>[vc_empty_space height=&#8221;20px&#8221;]<a itemprop=\"url\" href=\"https:\/\/aquacityhotel.sk\/cs\/lobby-bar\/\" target=\"_blank\" style=\"color: #ffffff;border-color: #c59d5f\" class=\"mkdf-btn mkdf-btn-medium mkdf-btn-solid mkdf-btn-custom-hover-bg mkdf-btn-custom-border-hover mkdf-btn-custom-hover-color mkdf-btn-icon\" data-hover-color=\"#ffffff\" data-hover-bg-color=\"#333132\" data-hover-border-color=\"#333132\" >\n    <span class=\"mkdf-btn-text\">\u010cti v\u00edce<\/span>\n    <i class=\"mkdf-icon-linear-icon lnr lnr-arrow-right \" ><\/i><\/a>\t\t<\/div>\n\t<\/div>\n<\/div><\/div><div class=\"mkdf-elements-holder  mkdf-eh-full-height mkdf-two-columns  mkdf-responsive-mode-680 \" ><div class=\"mkdf-eh-item    \" style=\"background-color: rgba(197,157,95,0.18)\" data-item-class=\"mkdf-eh-custom-9750\">\n\t<div class=\"mkdf-eh-item-inner\">\n\t\t<div class=\"mkdf-eh-item-content mkdf-eh-custom-9750\" style=\"padding: 30px 16% 50px\">\n\t\t\t<div class=\"mkdf-image-with-text-holder   \">\n    <div class=\"mkdf-iwt-image\">\n                                    <img loading=\"lazy\" decoding=\"async\" src=\"https:\/\/aquacityhotel.sk\/wp-content\/uploads\/2023\/03\/c-Marek-Hajkovsky-foto-AQUACITY-2022_170-1920x1080.jpg\" alt=\"\" width=\"1920\" height=\"1080\" \/>                        <\/div>\n    <div class=\"mkdf-iwt-text-holder\">\n        \n                    <h5 class=\"mkdf-iwt-title\" >BLUE DIAMOND BARY<\/h5>\n        \n        \n\t\t            <p class=\"mkdf-iwt-text\" >Nejlep\u0161\u00ed relax si vychutn\u00e1te s drinkem v term\u00e1ln\u00edch baz\u00e9nech na vodn\u00edch barov\u00fdch \u017eidl\u00edch. Vyzkou\u0161ejte na\u0161e osv\u011b\u017euj\u00edc\u00ed m\u00edchan\u00e9 n\u00e1poje v Blue Diamond barech.<\/p>\n            <\/div>\n<\/div>[vc_empty_space height=&#8221;20px&#8221;]<a itemprop=\"url\" href=\"https:\/\/aquacityhotel.sk\/cs\/blue-diamond-bary\/\" target=\"_blank\" style=\"color: #ffffff;border-color: #c59d5f\" class=\"mkdf-btn mkdf-btn-medium mkdf-btn-solid mkdf-btn-custom-hover-bg mkdf-btn-custom-border-hover mkdf-btn-custom-hover-color mkdf-btn-icon\" data-hover-color=\"#ffffff\" data-hover-bg-color=\"#333132\" data-hover-border-color=\"#333132\" >\n    <span class=\"mkdf-btn-text\">\u010cti v\u00edce<\/span>\n    <i class=\"mkdf-icon-linear-icon lnr lnr-arrow-right \" ><\/i><\/a>\t\t<\/div>\n\t<\/div>\n<\/div><div class=\"mkdf-eh-item    \" style=\"background-color: rgba(197,157,95,0.34)\" data-item-class=\"mkdf-eh-custom-9508\">\n\t<div class=\"mkdf-eh-item-inner\">\n\t\t<div class=\"mkdf-eh-item-content mkdf-eh-custom-9508\" style=\"padding: 30px 16% 50px\">\n\t\t\t<div class=\"mkdf-image-with-text-holder   \">\n    <div class=\"mkdf-iwt-image\">\n                                    <img loading=\"lazy\" decoding=\"async\" src=\"https:\/\/aquacityhotel.sk\/wp-content\/uploads\/2025\/05\/cocktail_web-1920x1080.jpeg\" alt=\"\" width=\"1920\" height=\"1080\" \/>                        <\/div>\n    <div class=\"mkdf-iwt-text-holder\">\n        \n                    <h5 class=\"mkdf-iwt-title\" >HOLLYWOOD SUITE &amp; COCKTAIL BAR<\/h5>\n        \n        \n\t\t            <p class=\"mkdf-iwt-text\" >Ide\u00e1ln\u00ed no\u010dn\u00ed klub se slavn\u00fdmi americk\u00fdmi legendami ve stylov\u00e9 atmosf\u00e9\u0159e, vhodn\u00fd pro soukrom\u00e9 p\u00e1rty, oslavy a diskot\u00e9ky.<\/p>\n            <\/div>\n<\/div>[vc_empty_space height=&#8221;20px&#8221;]<a itemprop=\"url\" href=\"https:\/\/aquacityhotel.sk\/cs\/cocktail-bar\/\" target=\"_blank\" style=\"color: #ffffff;background-color: #c59d5f;border-color: #c59d5f\" class=\"mkdf-btn mkdf-btn-medium mkdf-btn-solid mkdf-btn-custom-hover-bg mkdf-btn-custom-border-hover mkdf-btn-custom-hover-color mkdf-btn-icon\" data-hover-color=\"#ffffff\" data-hover-bg-color=\"#333132\" data-hover-border-color=\"#333132\" >\n    <span class=\"mkdf-btn-text\">\u010cti v\u00edce<\/span>\n    <i class=\"mkdf-icon-linear-icon lnr lnr-arrow-right \" ><\/i><\/a>\t\t<\/div>\n\t<\/div>\n<\/div><\/div><div class=\"mkdf-elements-holder  mkdf-eh-full-height mkdf-two-columns  mkdf-responsive-mode-680 \" ><div class=\"mkdf-eh-item    \" style=\"background-color: rgba(197,157,95,0.34)\" data-item-class=\"mkdf-eh-custom-9771\">\n\t<div class=\"mkdf-eh-item-inner\">\n\t\t<div class=\"mkdf-eh-item-content mkdf-eh-custom-9771\" style=\"padding: 30px 16% 50px\">\n\t\t\t<div class=\"mkdf-image-with-text-holder   \">\n    <div class=\"mkdf-iwt-image\">\n                                    <img loading=\"lazy\" decoding=\"async\" src=\"https:\/\/aquacityhotel.sk\/wp-content\/uploads\/2024\/03\/AquaCity_Poprad_Leto_MH_web_076-1920x1080.jpg\" alt=\"\" width=\"1920\" height=\"1080\" \/>                        <\/div>\n    <div class=\"mkdf-iwt-text-holder\">\n        \n                    <h5 class=\"mkdf-iwt-title\" >TREASURE ISLAND LETN\u00cd BAR<\/h5>\n        \n        \n\t\t            <p class=\"mkdf-iwt-text\" >Letn\u00ed osv\u011b\u017een\u00ed, m\u00edchan\u00e9 drinky, ovocn\u00e9 \u0161\u0165\u00e1vy, smoothies si dop\u0159ejte na na\u0161\u00ed Treasure Island terase. Otev\u0159en\u00e1 je b\u011bhem letn\u00ed sez\u00f3ny a m\u016f\u017eete si z n\u00ed vychutnat kr\u00e1sn\u00fd v\u00fdhled na are\u00e1l Aquaparku a p\u00f3dium s programem.<\/p>\n            <\/div>\n<\/div>[vc_empty_space height=&#8221;20px&#8221;]<a itemprop=\"url\" href=\"https:\/\/aquacityhotel.sk\/cs\/treasure-island-terasa\/\" target=\"_blank\" style=\"color: #ffffff;background-color: #c59d5f;border-color: #c59d5f\" class=\"mkdf-btn mkdf-btn-medium mkdf-btn-solid mkdf-btn-custom-hover-bg mkdf-btn-custom-border-hover mkdf-btn-custom-hover-color mkdf-btn-icon\" data-hover-color=\"#ffffff\" data-hover-bg-color=\"#333132\" data-hover-border-color=\"#333132\" >\n    <span class=\"mkdf-btn-text\">\u010cti v\u00edce<\/span>\n    <i class=\"mkdf-icon-linear-icon lnr lnr-arrow-right \" ><\/i><\/a>\t\t<\/div>\n\t<\/div>\n<\/div><div class=\"mkdf-eh-item    \" style=\"background-color: rgba(197,157,95,0.18)\" data-item-class=\"mkdf-eh-custom-3668\">\n\t<div class=\"mkdf-eh-item-inner\">\n\t\t<div class=\"mkdf-eh-item-content mkdf-eh-custom-3668\" style=\"padding: 30px 16% 50px\">\n\t\t\t<div class=\"mkdf-image-with-text-holder   \">\n    <div class=\"mkdf-iwt-image\">\n                                    <img loading=\"lazy\" decoding=\"async\" src=\"https:\/\/aquacityhotel.sk\/wp-content\/uploads\/2025\/05\/c-Marek-Hajkovsky-foto-AQUACITY-2022_175-1920x1080.jpeg\" alt=\"\" width=\"1920\" height=\"1080\" \/>                        <\/div>\n    <div class=\"mkdf-iwt-text-holder\">\n        \n                    <h5 class=\"mkdf-iwt-title\" >BLUE SAPPHIRE BAR<\/h5>\n        \n        \n\t\t            <p class=\"mkdf-iwt-text\" >V bl\u00edzkosti baz\u00e9n\u016f Blue Sapphire a d\u011btsk\u00e9ho baz\u00e9nu Treasure Island \u2013 Ostrov poklad\u016f se nach\u00e1z\u00ed bar s origin\u00e1ln\u00edm designem ponorky, kter\u00fd v\u00e1m dop\u0159eje zaru\u010den\u00e9 osv\u011b\u017een\u00ed po pobytu v term\u00e1ln\u00ed vod\u011b.<\/p>\n            <\/div>\n<\/div>[vc_empty_space height=&#8221;20px&#8221;]\t\t<\/div>\n\t<\/div>\n<\/div><\/div>[vc_empty_space height=&#8221;50px&#8221;][\/vc_column][\/vc_row][vc_row css=&#8221;.vc_custom_1494232319573{padding-bottom: 70px !important;}&#8221;][vc_column][vc_empty_space height=&#8221;50px&#8221;][\/vc_column][\/vc_row]<\/p>\n","protected":false},"excerpt":{"rendered":"<p>[vc_row css=&#8221;.vc_custom_1494232319573{padding-bottom: 70px !important;}&#8221;][vc_column][vc_empty_space height=&#8221;50px&#8221;][\/vc_column][\/vc_row][vc_row css=&#8221;.vc_custom_1494232319573{padding-bottom: 70px !important;}&#8221;][vc_column][vc_empty_space height=&#8221;50px&#8221;][\/vc_column][\/vc_row]<\/p>\n","protected":false},"author":7,"featured_media":0,"parent":0,"menu_order":0,"comment_status":"closed","ping_status":"closed","template":"","meta":{"inline_featured_image":false,"footnotes":"","_wp_rev_ctl_limit":""},"class_list":["post-15238","page","type-page","status-publish","hentry"],"yoast_head":"<!-- This site is optimized with the Yoast SEO plugin v26.4 - https:\/\/yoast.com\/wordpress\/plugins\/seo\/ -->\n<title>Gastronomie - Aquacity Hotel<\/title>\n<meta name=\"robots\" content=\"index, follow, max-snippet:-1, max-image-preview:large, max-video-preview:-1\" \/>\n<link rel=\"canonical\" href=\"https:\/\/aquacityhotel.sk\/gastronomia\/\" \/>\n<meta property=\"og:locale\" content=\"cs_CZ\" \/>\n<meta property=\"og:type\" content=\"article\" \/>\n<meta property=\"og:title\" content=\"Gastronomie - Aquacity Hotel\" \/>\n<meta property=\"og:description\" content=\"[vc_row css=&#8221;.vc_custom_1494232319573{padding-bottom: 70px !important;}&#8221;][vc_column][vc_empty_space height=&#8221;50px&#8221;][\/vc_column][\/vc_row][vc_row css=&#8221;.vc_custom_1494232319573{padding-bottom: 70px !important;}&#8221;][vc_column][vc_empty_space height=&#8221;50px&#8221;][\/vc_column][\/vc_row]\" \/>\n<meta property=\"og:url\" content=\"https:\/\/aquacityhotel.sk\/gastronomia\/\" \/>\n<meta property=\"og:site_name\" content=\"Aquacity Hotel\" \/>\n<meta property=\"article:modified_time\" content=\"2025-05-25T07:14:58+00:00\" \/>\n<meta name=\"twitter:card\" content=\"summary_large_image\" \/>\n<meta name=\"twitter:label1\" content=\"Odhadovan\u00e1 doba \u010dten\u00ed\" \/>\n\t<meta name=\"twitter:data1\" content=\"7 minut\" \/>\n<script type=\"application\/ld+json\" class=\"yoast-schema-graph\">{\"@context\":\"https:\/\/schema.org\",\"@graph\":[{\"@type\":\"WebPage\",\"@id\":\"https:\/\/aquacityhotel.sk\/gastronomia\/\",\"url\":\"https:\/\/aquacityhotel.sk\/gastronomia\/\",\"name\":\"Gastronomie - Aquacity Hotel\",\"isPartOf\":{\"@id\":\"https:\/\/aquacityhotel.sk\/#website\"},\"datePublished\":\"2021-02-16T13:29:09+00:00\",\"dateModified\":\"2025-05-25T07:14:58+00:00\",\"breadcrumb\":{\"@id\":\"https:\/\/aquacityhotel.sk\/gastronomia\/#breadcrumb\"},\"inLanguage\":\"cs\",\"potentialAction\":[{\"@type\":\"ReadAction\",\"target\":[\"https:\/\/aquacityhotel.sk\/gastronomia\/\"]}]},{\"@type\":\"BreadcrumbList\",\"@id\":\"https:\/\/aquacityhotel.sk\/gastronomia\/#breadcrumb\",\"itemListElement\":[{\"@type\":\"ListItem\",\"position\":1,\"name\":\"Domovsk\u00e1 str\u00e1nka\",\"item\":\"https:\/\/aquacityhotel.sk\/\"},{\"@type\":\"ListItem\",\"position\":2,\"name\":\"Gastronomie\"}]},{\"@type\":\"WebSite\",\"@id\":\"https:\/\/aquacityhotel.sk\/#website\",\"url\":\"https:\/\/aquacityhotel.sk\/\",\"name\":\"Aquacity Hotel\",\"description\":\"Ubytovanie Vysok\u00e9 Tatry Slovensko\",\"potentialAction\":[{\"@type\":\"SearchAction\",\"target\":{\"@type\":\"EntryPoint\",\"urlTemplate\":\"https:\/\/aquacityhotel.sk\/?s={search_term_string}\"},\"query-input\":{\"@type\":\"PropertyValueSpecification\",\"valueRequired\":true,\"valueName\":\"search_term_string\"}}],\"inLanguage\":\"cs\"}]}<\/script>\n<!-- \/ Yoast SEO plugin. -->","yoast_head_json":{"title":"Gastronomie - Aquacity Hotel","robots":{"index":"index","follow":"follow","max-snippet":"max-snippet:-1","max-image-preview":"max-image-preview:large","max-video-preview":"max-video-preview:-1"},"canonical":"https:\/\/aquacityhotel.sk\/gastronomia\/","og_locale":"cs_CZ","og_type":"article","og_title":"Gastronomie - Aquacity Hotel","og_description":"[vc_row css=&#8221;.vc_custom_1494232319573{padding-bottom: 70px !important;}&#8221;][vc_column][vc_empty_space height=&#8221;50px&#8221;][\/vc_column][\/vc_row][vc_row css=&#8221;.vc_custom_1494232319573{padding-bottom: 70px !important;}&#8221;][vc_column][vc_empty_space height=&#8221;50px&#8221;][\/vc_column][\/vc_row]","og_url":"https:\/\/aquacityhotel.sk\/gastronomia\/","og_site_name":"Aquacity Hotel","article_modified_time":"2025-05-25T07:14:58+00:00","twitter_card":"summary_large_image","twitter_misc":{"Odhadovan\u00e1 doba \u010dten\u00ed":"7 minut"},"schema":{"@context":"https:\/\/schema.org","@graph":[{"@type":"WebPage","@id":"https:\/\/aquacityhotel.sk\/gastronomia\/","url":"https:\/\/aquacityhotel.sk\/gastronomia\/","name":"Gastronomie - Aquacity Hotel","isPartOf":{"@id":"https:\/\/aquacityhotel.sk\/#website"},"datePublished":"2021-02-16T13:29:09+00:00","dateModified":"2025-05-25T07:14:58+00:00","breadcrumb":{"@id":"https:\/\/aquacityhotel.sk\/gastronomia\/#breadcrumb"},"inLanguage":"cs","potentialAction":[{"@type":"ReadAction","target":["https:\/\/aquacityhotel.sk\/gastronomia\/"]}]},{"@type":"BreadcrumbList","@id":"https:\/\/aquacityhotel.sk\/gastronomia\/#breadcrumb","itemListElement":[{"@type":"ListItem","position":1,"name":"Domovsk\u00e1 str\u00e1nka","item":"https:\/\/aquacityhotel.sk\/"},{"@type":"ListItem","position":2,"name":"Gastronomie"}]},{"@type":"WebSite","@id":"https:\/\/aquacityhotel.sk\/#website","url":"https:\/\/aquacityhotel.sk\/","name":"Aquacity Hotel","description":"Ubytovanie Vysok\u00e9 Tatry Slovensko","potentialAction":[{"@type":"SearchAction","target":{"@type":"EntryPoint","urlTemplate":"https:\/\/aquacityhotel.sk\/?s={search_term_string}"},"query-input":{"@type":"PropertyValueSpecification","valueRequired":true,"valueName":"search_term_string"}}],"inLanguage":"cs"}]}},"_links":{"self":[{"href":"https:\/\/aquacityhotel.sk\/cs\/wp-json\/wp\/v2\/pages\/15238","targetHints":{"allow":["GET"]}}],"collection":[{"href":"https:\/\/aquacityhotel.sk\/cs\/wp-json\/wp\/v2\/pages"}],"about":[{"href":"https:\/\/aquacityhotel.sk\/cs\/wp-json\/wp\/v2\/types\/page"}],"author":[{"embeddable":true,"href":"https:\/\/aquacityhotel.sk\/cs\/wp-json\/wp\/v2\/users\/7"}],"replies":[{"embeddable":true,"href":"https:\/\/aquacityhotel.sk\/cs\/wp-json\/wp\/v2\/comments?post=15238"}],"version-history":[{"count":21,"href":"https:\/\/aquacityhotel.sk\/cs\/wp-json\/wp\/v2\/pages\/15238\/revisions"}],"predecessor-version":[{"id":21484,"href":"https:\/\/aquacityhotel.sk\/cs\/wp-json\/wp\/v2\/pages\/15238\/revisions\/21484"}],"wp:attachment":[{"href":"https:\/\/aquacityhotel.sk\/cs\/wp-json\/wp\/v2\/media?parent=15238"}],"curies":[{"name":"wp","href":"https:\/\/api.w.org\/{rel}","templated":true}]}}